{"id":12838,"date":"2026-02-14T18:43:35","date_gmt":"2026-02-14T17:43:35","guid":{"rendered":"https:\/\/lechappeeclose.it\/boutique\/non class\u00e9\/marie-antoinette\/"},"modified":"2026-02-14T18:43:35","modified_gmt":"2026-02-14T17:43:35","slug":"marie-antoinette","status":"publish","type":"product","link":"http:\/\/lechappeeclose.it\/it\/boutique\/livres\/jeunesse\/elementaire\/marie-antoinette\/","title":{"rendered":"Marie-Antoinette"},"content":{"rendered":"<p>Qui n&#8217;a jamais r\u00eav\u00e9 de s&#8217;immerger dans l&#8217;intimit\u00e9 de Marie-Antoinette, archiduchesse d&#8217;Autriche, derni\u00e8re reine de France et de Navarre, femme c\u00e9l\u00e8bre et controvers\u00e9e devenue un v\u00e9ritable mythe ? Sous la forme d&#8217;une nouvelle \u00e9dition \u00e0 la fabrication extr\u00eamement soign\u00e9e, nous vous proposons de d\u00e9couvrir son journal intime. Port\u00e9 par Benjamin Lacombe, accompagn\u00e9 par le regard de C\u00e9cile Berly, historienne, sp\u00e9cialiste de Marie-Antoinette, ce carnet d&#8217;une richesse graphique inou\u00efe (peintures, aquarelles, crayonn\u00e9s) m\u00eale certaines des lettres authentiques de Marie-Antoinette, \u00e0 celles, fictives, du Comte Fersen avec lequel elle entretenait une relation privil\u00e9gi\u00e9e.<\/p>","protected":false},"excerpt":{"rendered":"<p>Qui n&#8217;a jamais r\u00eav\u00e9 de s&#8217;immerger dans l&#8217;intimit\u00e9 de Marie-Antoinette, archiduchesse d&#8217;Autriche, derni\u00e8re reine de France et de Navarre, femme c\u00e9l\u00e8bre et controvers\u00e9e devenue un v\u00e9ritable mythe ? Sous la forme d&#8217;une nouvelle \u00e9dition \u00e0 la fabrication extr\u00eamement soign\u00e9e, nous vous proposons de d\u00e9couvrir son journal intime. Port\u00e9 par Benjamin Lacombe, accompagn\u00e9 par le regard [&hellip;]<\/p>","protected":false},"featured_media":12837,"comment_status":"open","ping_status":"closed","template":"","meta":[],"product_brand":[],"product_cat":[53],"product_tag":[],"class_list":{"0":"post-12838","1":"product","2":"type-product","3":"status-publish","4":"has-post-thumbnail","6":"product_cat-elementaire","8":"first","9":"instock","10":"taxable","11":"shipping-taxable","12":"purchasable","13":"product-type-simple"},"yoast_head":"<!-- This site is optimized with the Yoast SEO plugin v27.4 - https:\/\/yoast.com\/product\/yoast-seo-wordpress\/ -->\n<title>Marie-Antoinette - l&#039;\u00e9chapp\u00e9e close<\/title>\n<meta name=\"robots\" content=\"index, follow, max-snippet:-1, max-image-preview:large, max-video-preview:-1\" \/>\n<link rel=\"canonical\" href=\"http:\/\/lechappeeclose.it\/it\/boutique\/livres\/jeunesse\/elementaire\/marie-antoinette\/\" \/>\n<meta property=\"og:locale\" content=\"it_IT\" \/>\n<meta property=\"og:type\" content=\"article\" \/>\n<meta property=\"og:title\" content=\"Marie-Antoinette - l&#039;\u00e9chapp\u00e9e close\" \/>\n<meta property=\"og:description\" content=\"Qui n&#8217;a jamais r\u00eav\u00e9 de s&#8217;immerger dans l&#8217;intimit\u00e9 de Marie-Antoinette, archiduchesse d&#8217;Autriche, derni\u00e8re reine de France et de Navarre, femme c\u00e9l\u00e8bre et controvers\u00e9e devenue un v\u00e9ritable mythe ? Sous la forme d&#8217;une nouvelle \u00e9dition \u00e0 la fabrication extr\u00eamement soign\u00e9e, nous vous proposons de d\u00e9couvrir son journal intime. Port\u00e9 par Benjamin Lacombe, accompagn\u00e9 par le regard [&hellip;]\" \/>\n<meta property=\"og:url\" content=\"http:\/\/lechappeeclose.it\/it\/boutique\/livres\/jeunesse\/elementaire\/marie-antoinette\/\" \/>\n<meta property=\"og:site_name\" content=\"l&#039;\u00e9chapp\u00e9e close\" \/>\n<meta property=\"og:image\" content=\"http:\/\/lechappeeclose.it\/wp-content\/uploads\/2026\/02\/Marie-Antoinette.jpeg\" \/>\n\t<meta property=\"og:image:width\" content=\"423\" \/>\n\t<meta property=\"og:image:height\" content=\"500\" \/>\n\t<meta property=\"og:image:type\" content=\"image\/jpeg\" \/>\n<meta name=\"twitter:card\" content=\"summary_large_image\" \/>\n<meta name=\"twitter:label1\" content=\"Tempo di lettura stimato\" \/>\n\t<meta name=\"twitter:data1\" content=\"1 minuto\" \/>\n<script type=\"application\/ld+json\" class=\"yoast-schema-graph\">{\"@context\":\"https:\\\/\\\/schema.org\",\"@graph\":[{\"@type\":\"WebPage\",\"@id\":\"http:\\\/\\\/lechappeeclose.it\\\/boutique\\\/livres\\\/jeunesse\\\/elementaire\\\/marie-antoinette\\\/\",\"url\":\"http:\\\/\\\/lechappeeclose.it\\\/boutique\\\/livres\\\/jeunesse\\\/elementaire\\\/marie-antoinette\\\/\",\"name\":\"Marie-Antoinette - l&#039;\u00e9chapp\u00e9e close\",\"isPartOf\":{\"@id\":\"http:\\\/\\\/lechappeeclose.it\\\/#website\"},\"primaryImageOfPage\":{\"@id\":\"http:\\\/\\\/lechappeeclose.it\\\/boutique\\\/livres\\\/jeunesse\\\/elementaire\\\/marie-antoinette\\\/#primaryimage\"},\"image\":{\"@id\":\"http:\\\/\\\/lechappeeclose.it\\\/boutique\\\/livres\\\/jeunesse\\\/elementaire\\\/marie-antoinette\\\/#primaryimage\"},\"thumbnailUrl\":\"http:\\\/\\\/lechappeeclose.it\\\/wp-content\\\/uploads\\\/2026\\\/02\\\/Marie-Antoinette.jpeg\",\"datePublished\":\"2026-02-14T17:43:35+00:00\",\"breadcrumb\":{\"@id\":\"http:\\\/\\\/lechappeeclose.it\\\/boutique\\\/livres\\\/jeunesse\\\/elementaire\\\/marie-antoinette\\\/#breadcrumb\"},\"inLanguage\":\"it-IT\",\"potentialAction\":[{\"@type\":\"ReadAction\",\"target\":[\"http:\\\/\\\/lechappeeclose.it\\\/boutique\\\/livres\\\/jeunesse\\\/elementaire\\\/marie-antoinette\\\/\"]}]},{\"@type\":\"ImageObject\",\"inLanguage\":\"it-IT\",\"@id\":\"http:\\\/\\\/lechappeeclose.it\\\/boutique\\\/livres\\\/jeunesse\\\/elementaire\\\/marie-antoinette\\\/#primaryimage\",\"url\":\"http:\\\/\\\/lechappeeclose.it\\\/wp-content\\\/uploads\\\/2026\\\/02\\\/Marie-Antoinette.jpeg\",\"contentUrl\":\"http:\\\/\\\/lechappeeclose.it\\\/wp-content\\\/uploads\\\/2026\\\/02\\\/Marie-Antoinette.jpeg\",\"width\":423,\"height\":500},{\"@type\":\"BreadcrumbList\",\"@id\":\"http:\\\/\\\/lechappeeclose.it\\\/boutique\\\/livres\\\/jeunesse\\\/elementaire\\\/marie-antoinette\\\/#breadcrumb\",\"itemListElement\":[{\"@type\":\"ListItem\",\"position\":1,\"name\":\"Accueil\",\"item\":\"http:\\\/\\\/lechappeeclose.it\\\/\"},{\"@type\":\"ListItem\",\"position\":2,\"name\":\"Boutique\",\"item\":\"http:\\\/\\\/lechappeeclose.it\\\/it\\\/boutique\\\/\"},{\"@type\":\"ListItem\",\"position\":3,\"name\":\"Marie-Antoinette\"}]},{\"@type\":\"WebSite\",\"@id\":\"http:\\\/\\\/lechappeeclose.it\\\/#website\",\"url\":\"http:\\\/\\\/lechappeeclose.it\\\/\",\"name\":\"l&#039;\u00e9chapp\u00e9e close\",\"description\":\"la librairie fran\u00e7aise de Milan\",\"publisher\":{\"@id\":\"http:\\\/\\\/lechappeeclose.it\\\/#organization\"},\"alternateName\":\"La librairie fran\u00e7aise de Milan\",\"potentialAction\":[{\"@type\":\"SearchAction\",\"target\":{\"@type\":\"EntryPoint\",\"urlTemplate\":\"http:\\\/\\\/lechappeeclose.it\\\/?s={search_term_string}\"},\"query-input\":{\"@type\":\"PropertyValueSpecification\",\"valueRequired\":true,\"valueName\":\"search_term_string\"}}],\"inLanguage\":\"it-IT\"},{\"@type\":\"Organization\",\"@id\":\"http:\\\/\\\/lechappeeclose.it\\\/#organization\",\"name\":\"l&#039;\u00e9chapp\u00e9e close\",\"url\":\"http:\\\/\\\/lechappeeclose.it\\\/\",\"logo\":{\"@type\":\"ImageObject\",\"inLanguage\":\"it-IT\",\"@id\":\"http:\\\/\\\/lechappeeclose.it\\\/#\\\/schema\\\/logo\\\/image\\\/\",\"url\":\"http:\\\/\\\/lechappeeclose.it\\\/wp-content\\\/uploads\\\/2025\\\/02\\\/cropped-logo-rond.png\",\"contentUrl\":\"http:\\\/\\\/lechappeeclose.it\\\/wp-content\\\/uploads\\\/2025\\\/02\\\/cropped-logo-rond.png\",\"width\":1080,\"height\":1080,\"caption\":\"l&#039;\u00e9chapp\u00e9e close\"},\"image\":{\"@id\":\"http:\\\/\\\/lechappeeclose.it\\\/#\\\/schema\\\/logo\\\/image\\\/\"},\"sameAs\":[\"https:\\\/\\\/www.instagram.com\\\/lechappeeclose\\\/\"]}]}<\/script>\n<!-- \/ Yoast SEO plugin. -->","yoast_head_json":{"title":"Marie-Antoinette - l&#039;\u00e9chapp\u00e9e close","robots":{"index":"index","follow":"follow","max-snippet":"max-snippet:-1","max-image-preview":"max-image-preview:large","max-video-preview":"max-video-preview:-1"},"canonical":"http:\/\/lechappeeclose.it\/it\/boutique\/livres\/jeunesse\/elementaire\/marie-antoinette\/","og_locale":"it_IT","og_type":"article","og_title":"Marie-Antoinette - l&#039;\u00e9chapp\u00e9e close","og_description":"Qui n&#8217;a jamais r\u00eav\u00e9 de s&#8217;immerger dans l&#8217;intimit\u00e9 de Marie-Antoinette, archiduchesse d&#8217;Autriche, derni\u00e8re reine de France et de Navarre, femme c\u00e9l\u00e8bre et controvers\u00e9e devenue un v\u00e9ritable mythe ? Sous la forme d&#8217;une nouvelle \u00e9dition \u00e0 la fabrication extr\u00eamement soign\u00e9e, nous vous proposons de d\u00e9couvrir son journal intime. Port\u00e9 par Benjamin Lacombe, accompagn\u00e9 par le regard [&hellip;]","og_url":"http:\/\/lechappeeclose.it\/it\/boutique\/livres\/jeunesse\/elementaire\/marie-antoinette\/","og_site_name":"l&#039;\u00e9chapp\u00e9e close","og_image":[{"width":423,"height":500,"url":"http:\/\/lechappeeclose.it\/wp-content\/uploads\/2026\/02\/Marie-Antoinette.jpeg","type":"image\/jpeg"}],"twitter_card":"summary_large_image","twitter_misc":{"Tempo di lettura stimato":"1 minuto"},"schema":{"@context":"https:\/\/schema.org","@graph":[{"@type":"WebPage","@id":"http:\/\/lechappeeclose.it\/boutique\/livres\/jeunesse\/elementaire\/marie-antoinette\/","url":"http:\/\/lechappeeclose.it\/boutique\/livres\/jeunesse\/elementaire\/marie-antoinette\/","name":"Marie-Antoinette - l&#039;\u00e9chapp\u00e9e close","isPartOf":{"@id":"http:\/\/lechappeeclose.it\/#website"},"primaryImageOfPage":{"@id":"http:\/\/lechappeeclose.it\/boutique\/livres\/jeunesse\/elementaire\/marie-antoinette\/#primaryimage"},"image":{"@id":"http:\/\/lechappeeclose.it\/boutique\/livres\/jeunesse\/elementaire\/marie-antoinette\/#primaryimage"},"thumbnailUrl":"http:\/\/lechappeeclose.it\/wp-content\/uploads\/2026\/02\/Marie-Antoinette.jpeg","datePublished":"2026-02-14T17:43:35+00:00","breadcrumb":{"@id":"http:\/\/lechappeeclose.it\/boutique\/livres\/jeunesse\/elementaire\/marie-antoinette\/#breadcrumb"},"inLanguage":"it-IT","potentialAction":[{"@type":"ReadAction","target":["http:\/\/lechappeeclose.it\/boutique\/livres\/jeunesse\/elementaire\/marie-antoinette\/"]}]},{"@type":"ImageObject","inLanguage":"it-IT","@id":"http:\/\/lechappeeclose.it\/boutique\/livres\/jeunesse\/elementaire\/marie-antoinette\/#primaryimage","url":"http:\/\/lechappeeclose.it\/wp-content\/uploads\/2026\/02\/Marie-Antoinette.jpeg","contentUrl":"http:\/\/lechappeeclose.it\/wp-content\/uploads\/2026\/02\/Marie-Antoinette.jpeg","width":423,"height":500},{"@type":"BreadcrumbList","@id":"http:\/\/lechappeeclose.it\/boutique\/livres\/jeunesse\/elementaire\/marie-antoinette\/#breadcrumb","itemListElement":[{"@type":"ListItem","position":1,"name":"Accueil","item":"http:\/\/lechappeeclose.it\/"},{"@type":"ListItem","position":2,"name":"Boutique","item":"http:\/\/lechappeeclose.it\/it\/boutique\/"},{"@type":"ListItem","position":3,"name":"Marie-Antoinette"}]},{"@type":"WebSite","@id":"http:\/\/lechappeeclose.it\/#website","url":"http:\/\/lechappeeclose.it\/","name":"l&#039;\u00e9chapp\u00e9e close","description":"La libreria francese di Milano","publisher":{"@id":"http:\/\/lechappeeclose.it\/#organization"},"alternateName":"La librairie fran\u00e7aise de Milan","potentialAction":[{"@type":"SearchAction","target":{"@type":"EntryPoint","urlTemplate":"http:\/\/lechappeeclose.it\/?s={search_term_string}"},"query-input":{"@type":"PropertyValueSpecification","valueRequired":true,"valueName":"search_term_string"}}],"inLanguage":"it-IT"},{"@type":"Organization","@id":"http:\/\/lechappeeclose.it\/#organization","name":"l&#039;\u00e9chapp\u00e9e close","url":"http:\/\/lechappeeclose.it\/","logo":{"@type":"ImageObject","inLanguage":"it-IT","@id":"http:\/\/lechappeeclose.it\/#\/schema\/logo\/image\/","url":"http:\/\/lechappeeclose.it\/wp-content\/uploads\/2025\/02\/cropped-logo-rond.png","contentUrl":"http:\/\/lechappeeclose.it\/wp-content\/uploads\/2025\/02\/cropped-logo-rond.png","width":1080,"height":1080,"caption":"l&#039;\u00e9chapp\u00e9e close"},"image":{"@id":"http:\/\/lechappeeclose.it\/#\/schema\/logo\/image\/"},"sameAs":["https:\/\/www.instagram.com\/lechappeeclose\/"]}]}},"_links":{"self":[{"href":"http:\/\/lechappeeclose.it\/it\/wp-json\/wp\/v2\/product\/12838","targetHints":{"allow":["GET"]}}],"collection":[{"href":"http:\/\/lechappeeclose.it\/it\/wp-json\/wp\/v2\/product"}],"about":[{"href":"http:\/\/lechappeeclose.it\/it\/wp-json\/wp\/v2\/types\/product"}],"replies":[{"embeddable":true,"href":"http:\/\/lechappeeclose.it\/it\/wp-json\/wp\/v2\/comments?post=12838"}],"wp:featuredmedia":[{"embeddable":true,"href":"http:\/\/lechappeeclose.it\/it\/wp-json\/wp\/v2\/media\/12837"}],"wp:attachment":[{"href":"http:\/\/lechappeeclose.it\/it\/wp-json\/wp\/v2\/media?parent=12838"}],"wp:term":[{"taxonomy":"product_brand","embeddable":true,"href":"http:\/\/lechappeeclose.it\/it\/wp-json\/wp\/v2\/product_brand?post=12838"},{"taxonomy":"product_cat","embeddable":true,"href":"http:\/\/lechappeeclose.it\/it\/wp-json\/wp\/v2\/product_cat?post=12838"},{"taxonomy":"product_tag","embeddable":true,"href":"http:\/\/lechappeeclose.it\/it\/wp-json\/wp\/v2\/product_tag?post=12838"}],"curies":[{"name":"wp","href":"https:\/\/api.w.org\/{rel}","templated":true}]}}