{"id":12828,"date":"2026-02-14T18:37:25","date_gmt":"2026-02-14T17:37:25","guid":{"rendered":"https:\/\/lechappeeclose.it\/boutique\/non class\u00e9\/les-monuments-de-paris-a-dessiner\/"},"modified":"2026-02-14T18:37:25","modified_gmt":"2026-02-14T17:37:25","slug":"les-monuments-de-paris-a-dessiner","status":"publish","type":"product","link":"http:\/\/lechappeeclose.it\/it\/boutique\/livres\/jeunesse\/jouets\/les-monuments-de-paris-a-dessiner\/","title":{"rendered":"Les monuments de Paris \u00e0 dessiner"},"content":{"rendered":"<p>22 monuments de paris \u00e0 d\u00e9couvrir et \u00e0 dessiner en points \u00e0 relier !<br \/>\nLa Tour Eiffel, l&#8217;Arc de Triomphe, Notre-Dame, les Invalides&#8230; Amuse-toi \u00e0 dessiner 22 monuments en points \u00e0 relier ! Pour chaque monument, deux niveaux de difficult\u00e9 sont propos\u00e9s afin de permettre aux plus jeunes de s&#8217;exercer ! Chaque dessin est accompagn\u00e9 d&#8217;une devinette dont les solutions sont propos\u00e9es \u00e0 la fin du livre. Ce titre offre une combinaison attrayante de cr\u00e9ativit\u00e9, d&#8217;apprentissage culturel, de divertissement en famille, et de d\u00e9veloppement des comp\u00e9tences, tout en mettant en avant des monuments c\u00e9l\u00e8bres qui suscitent la curiosit\u00e9 de tous. <\/p>","protected":false},"excerpt":{"rendered":"<p>22 monuments de paris \u00e0 d\u00e9couvrir et \u00e0 dessiner en points \u00e0 relier ! La Tour Eiffel, l&#8217;Arc de Triomphe, Notre-Dame, les Invalides&#8230; Amuse-toi \u00e0 dessiner 22 monuments en points \u00e0 relier ! Pour chaque monument, deux niveaux de difficult\u00e9 sont propos\u00e9s afin de permettre aux plus jeunes de s&#8217;exercer ! Chaque dessin est accompagn\u00e9 [&hellip;]<\/p>","protected":false},"featured_media":12827,"comment_status":"open","ping_status":"closed","template":"","meta":[],"product_brand":[],"product_cat":[54],"product_tag":[],"class_list":{"0":"post-12828","1":"product","2":"type-product","3":"status-publish","4":"has-post-thumbnail","6":"product_cat-jouets","8":"first","9":"instock","10":"taxable","11":"shipping-taxable","12":"purchasable","13":"product-type-simple"},"yoast_head":"<!-- This site is optimized with the Yoast SEO plugin v27.4 - https:\/\/yoast.com\/product\/yoast-seo-wordpress\/ -->\n<title>Les monuments de Paris \u00e0 dessiner - l&#039;\u00e9chapp\u00e9e close<\/title>\n<meta name=\"robots\" content=\"index, follow, max-snippet:-1, max-image-preview:large, max-video-preview:-1\" \/>\n<link rel=\"canonical\" href=\"http:\/\/lechappeeclose.it\/it\/boutique\/livres\/jeunesse\/jouets\/les-monuments-de-paris-a-dessiner\/\" \/>\n<meta property=\"og:locale\" content=\"it_IT\" \/>\n<meta property=\"og:type\" content=\"article\" \/>\n<meta property=\"og:title\" content=\"Les monuments de Paris \u00e0 dessiner - l&#039;\u00e9chapp\u00e9e close\" \/>\n<meta property=\"og:description\" content=\"22 monuments de paris \u00e0 d\u00e9couvrir et \u00e0 dessiner en points \u00e0 relier ! La Tour Eiffel, l&#8217;Arc de Triomphe, Notre-Dame, les Invalides&#8230; Amuse-toi \u00e0 dessiner 22 monuments en points \u00e0 relier ! Pour chaque monument, deux niveaux de difficult\u00e9 sont propos\u00e9s afin de permettre aux plus jeunes de s&#8217;exercer ! Chaque dessin est accompagn\u00e9 [&hellip;]\" \/>\n<meta property=\"og:url\" content=\"http:\/\/lechappeeclose.it\/it\/boutique\/livres\/jeunesse\/jouets\/les-monuments-de-paris-a-dessiner\/\" \/>\n<meta property=\"og:site_name\" content=\"l&#039;\u00e9chapp\u00e9e close\" \/>\n<meta property=\"og:image\" content=\"http:\/\/lechappeeclose.it\/wp-content\/uploads\/2026\/02\/Les-monuments-de-Paris-a-dessiner.jpeg\" \/>\n\t<meta property=\"og:image:width\" content=\"354\" \/>\n\t<meta property=\"og:image:height\" content=\"500\" \/>\n\t<meta property=\"og:image:type\" content=\"image\/jpeg\" \/>\n<meta name=\"twitter:card\" content=\"summary_large_image\" \/>\n<script type=\"application\/ld+json\" class=\"yoast-schema-graph\">{\"@context\":\"https:\\\/\\\/schema.org\",\"@graph\":[{\"@type\":\"WebPage\",\"@id\":\"http:\\\/\\\/lechappeeclose.it\\\/boutique\\\/livres\\\/jeunesse\\\/jouets\\\/les-monuments-de-paris-a-dessiner\\\/\",\"url\":\"http:\\\/\\\/lechappeeclose.it\\\/boutique\\\/livres\\\/jeunesse\\\/jouets\\\/les-monuments-de-paris-a-dessiner\\\/\",\"name\":\"Les monuments de Paris \u00e0 dessiner - l&#039;\u00e9chapp\u00e9e close\",\"isPartOf\":{\"@id\":\"http:\\\/\\\/lechappeeclose.it\\\/#website\"},\"primaryImageOfPage\":{\"@id\":\"http:\\\/\\\/lechappeeclose.it\\\/boutique\\\/livres\\\/jeunesse\\\/jouets\\\/les-monuments-de-paris-a-dessiner\\\/#primaryimage\"},\"image\":{\"@id\":\"http:\\\/\\\/lechappeeclose.it\\\/boutique\\\/livres\\\/jeunesse\\\/jouets\\\/les-monuments-de-paris-a-dessiner\\\/#primaryimage\"},\"thumbnailUrl\":\"http:\\\/\\\/lechappeeclose.it\\\/wp-content\\\/uploads\\\/2026\\\/02\\\/Les-monuments-de-Paris-a-dessiner.jpeg\",\"datePublished\":\"2026-02-14T17:37:25+00:00\",\"breadcrumb\":{\"@id\":\"http:\\\/\\\/lechappeeclose.it\\\/boutique\\\/livres\\\/jeunesse\\\/jouets\\\/les-monuments-de-paris-a-dessiner\\\/#breadcrumb\"},\"inLanguage\":\"it-IT\",\"potentialAction\":[{\"@type\":\"ReadAction\",\"target\":[\"http:\\\/\\\/lechappeeclose.it\\\/boutique\\\/livres\\\/jeunesse\\\/jouets\\\/les-monuments-de-paris-a-dessiner\\\/\"]}]},{\"@type\":\"ImageObject\",\"inLanguage\":\"it-IT\",\"@id\":\"http:\\\/\\\/lechappeeclose.it\\\/boutique\\\/livres\\\/jeunesse\\\/jouets\\\/les-monuments-de-paris-a-dessiner\\\/#primaryimage\",\"url\":\"http:\\\/\\\/lechappeeclose.it\\\/wp-content\\\/uploads\\\/2026\\\/02\\\/Les-monuments-de-Paris-a-dessiner.jpeg\",\"contentUrl\":\"http:\\\/\\\/lechappeeclose.it\\\/wp-content\\\/uploads\\\/2026\\\/02\\\/Les-monuments-de-Paris-a-dessiner.jpeg\",\"width\":354,\"height\":500},{\"@type\":\"BreadcrumbList\",\"@id\":\"http:\\\/\\\/lechappeeclose.it\\\/boutique\\\/livres\\\/jeunesse\\\/jouets\\\/les-monuments-de-paris-a-dessiner\\\/#breadcrumb\",\"itemListElement\":[{\"@type\":\"ListItem\",\"position\":1,\"name\":\"Accueil\",\"item\":\"http:\\\/\\\/lechappeeclose.it\\\/\"},{\"@type\":\"ListItem\",\"position\":2,\"name\":\"Boutique\",\"item\":\"http:\\\/\\\/lechappeeclose.it\\\/it\\\/boutique\\\/\"},{\"@type\":\"ListItem\",\"position\":3,\"name\":\"Les monuments de Paris \u00e0 dessiner\"}]},{\"@type\":\"WebSite\",\"@id\":\"http:\\\/\\\/lechappeeclose.it\\\/#website\",\"url\":\"http:\\\/\\\/lechappeeclose.it\\\/\",\"name\":\"l&#039;\u00e9chapp\u00e9e close\",\"description\":\"la librairie fran\u00e7aise de Milan\",\"publisher\":{\"@id\":\"http:\\\/\\\/lechappeeclose.it\\\/#organization\"},\"alternateName\":\"La librairie fran\u00e7aise de Milan\",\"potentialAction\":[{\"@type\":\"SearchAction\",\"target\":{\"@type\":\"EntryPoint\",\"urlTemplate\":\"http:\\\/\\\/lechappeeclose.it\\\/?s={search_term_string}\"},\"query-input\":{\"@type\":\"PropertyValueSpecification\",\"valueRequired\":true,\"valueName\":\"search_term_string\"}}],\"inLanguage\":\"it-IT\"},{\"@type\":\"Organization\",\"@id\":\"http:\\\/\\\/lechappeeclose.it\\\/#organization\",\"name\":\"l&#039;\u00e9chapp\u00e9e close\",\"url\":\"http:\\\/\\\/lechappeeclose.it\\\/\",\"logo\":{\"@type\":\"ImageObject\",\"inLanguage\":\"it-IT\",\"@id\":\"http:\\\/\\\/lechappeeclose.it\\\/#\\\/schema\\\/logo\\\/image\\\/\",\"url\":\"http:\\\/\\\/lechappeeclose.it\\\/wp-content\\\/uploads\\\/2025\\\/02\\\/cropped-logo-rond.png\",\"contentUrl\":\"http:\\\/\\\/lechappeeclose.it\\\/wp-content\\\/uploads\\\/2025\\\/02\\\/cropped-logo-rond.png\",\"width\":1080,\"height\":1080,\"caption\":\"l&#039;\u00e9chapp\u00e9e close\"},\"image\":{\"@id\":\"http:\\\/\\\/lechappeeclose.it\\\/#\\\/schema\\\/logo\\\/image\\\/\"},\"sameAs\":[\"https:\\\/\\\/www.instagram.com\\\/lechappeeclose\\\/\"]}]}<\/script>\n<!-- \/ Yoast SEO plugin. -->","yoast_head_json":{"title":"Les monuments de Paris \u00e0 dessiner - l&#039;\u00e9chapp\u00e9e close","robots":{"index":"index","follow":"follow","max-snippet":"max-snippet:-1","max-image-preview":"max-image-preview:large","max-video-preview":"max-video-preview:-1"},"canonical":"http:\/\/lechappeeclose.it\/it\/boutique\/livres\/jeunesse\/jouets\/les-monuments-de-paris-a-dessiner\/","og_locale":"it_IT","og_type":"article","og_title":"Les monuments de Paris \u00e0 dessiner - l&#039;\u00e9chapp\u00e9e close","og_description":"22 monuments de paris \u00e0 d\u00e9couvrir et \u00e0 dessiner en points \u00e0 relier ! La Tour Eiffel, l&#8217;Arc de Triomphe, Notre-Dame, les Invalides&#8230; Amuse-toi \u00e0 dessiner 22 monuments en points \u00e0 relier ! Pour chaque monument, deux niveaux de difficult\u00e9 sont propos\u00e9s afin de permettre aux plus jeunes de s&#8217;exercer ! Chaque dessin est accompagn\u00e9 [&hellip;]","og_url":"http:\/\/lechappeeclose.it\/it\/boutique\/livres\/jeunesse\/jouets\/les-monuments-de-paris-a-dessiner\/","og_site_name":"l&#039;\u00e9chapp\u00e9e close","og_image":[{"width":354,"height":500,"url":"http:\/\/lechappeeclose.it\/wp-content\/uploads\/2026\/02\/Les-monuments-de-Paris-a-dessiner.jpeg","type":"image\/jpeg"}],"twitter_card":"summary_large_image","schema":{"@context":"https:\/\/schema.org","@graph":[{"@type":"WebPage","@id":"http:\/\/lechappeeclose.it\/boutique\/livres\/jeunesse\/jouets\/les-monuments-de-paris-a-dessiner\/","url":"http:\/\/lechappeeclose.it\/boutique\/livres\/jeunesse\/jouets\/les-monuments-de-paris-a-dessiner\/","name":"Les monuments de Paris \u00e0 dessiner - l&#039;\u00e9chapp\u00e9e close","isPartOf":{"@id":"http:\/\/lechappeeclose.it\/#website"},"primaryImageOfPage":{"@id":"http:\/\/lechappeeclose.it\/boutique\/livres\/jeunesse\/jouets\/les-monuments-de-paris-a-dessiner\/#primaryimage"},"image":{"@id":"http:\/\/lechappeeclose.it\/boutique\/livres\/jeunesse\/jouets\/les-monuments-de-paris-a-dessiner\/#primaryimage"},"thumbnailUrl":"http:\/\/lechappeeclose.it\/wp-content\/uploads\/2026\/02\/Les-monuments-de-Paris-a-dessiner.jpeg","datePublished":"2026-02-14T17:37:25+00:00","breadcrumb":{"@id":"http:\/\/lechappeeclose.it\/boutique\/livres\/jeunesse\/jouets\/les-monuments-de-paris-a-dessiner\/#breadcrumb"},"inLanguage":"it-IT","potentialAction":[{"@type":"ReadAction","target":["http:\/\/lechappeeclose.it\/boutique\/livres\/jeunesse\/jouets\/les-monuments-de-paris-a-dessiner\/"]}]},{"@type":"ImageObject","inLanguage":"it-IT","@id":"http:\/\/lechappeeclose.it\/boutique\/livres\/jeunesse\/jouets\/les-monuments-de-paris-a-dessiner\/#primaryimage","url":"http:\/\/lechappeeclose.it\/wp-content\/uploads\/2026\/02\/Les-monuments-de-Paris-a-dessiner.jpeg","contentUrl":"http:\/\/lechappeeclose.it\/wp-content\/uploads\/2026\/02\/Les-monuments-de-Paris-a-dessiner.jpeg","width":354,"height":500},{"@type":"BreadcrumbList","@id":"http:\/\/lechappeeclose.it\/boutique\/livres\/jeunesse\/jouets\/les-monuments-de-paris-a-dessiner\/#breadcrumb","itemListElement":[{"@type":"ListItem","position":1,"name":"Accueil","item":"http:\/\/lechappeeclose.it\/"},{"@type":"ListItem","position":2,"name":"Boutique","item":"http:\/\/lechappeeclose.it\/it\/boutique\/"},{"@type":"ListItem","position":3,"name":"Les monuments de Paris \u00e0 dessiner"}]},{"@type":"WebSite","@id":"http:\/\/lechappeeclose.it\/#website","url":"http:\/\/lechappeeclose.it\/","name":"l&#039;\u00e9chapp\u00e9e close","description":"La libreria francese di Milano","publisher":{"@id":"http:\/\/lechappeeclose.it\/#organization"},"alternateName":"La librairie fran\u00e7aise de Milan","potentialAction":[{"@type":"SearchAction","target":{"@type":"EntryPoint","urlTemplate":"http:\/\/lechappeeclose.it\/?s={search_term_string}"},"query-input":{"@type":"PropertyValueSpecification","valueRequired":true,"valueName":"search_term_string"}}],"inLanguage":"it-IT"},{"@type":"Organization","@id":"http:\/\/lechappeeclose.it\/#organization","name":"l&#039;\u00e9chapp\u00e9e close","url":"http:\/\/lechappeeclose.it\/","logo":{"@type":"ImageObject","inLanguage":"it-IT","@id":"http:\/\/lechappeeclose.it\/#\/schema\/logo\/image\/","url":"http:\/\/lechappeeclose.it\/wp-content\/uploads\/2025\/02\/cropped-logo-rond.png","contentUrl":"http:\/\/lechappeeclose.it\/wp-content\/uploads\/2025\/02\/cropped-logo-rond.png","width":1080,"height":1080,"caption":"l&#039;\u00e9chapp\u00e9e close"},"image":{"@id":"http:\/\/lechappeeclose.it\/#\/schema\/logo\/image\/"},"sameAs":["https:\/\/www.instagram.com\/lechappeeclose\/"]}]}},"_links":{"self":[{"href":"http:\/\/lechappeeclose.it\/it\/wp-json\/wp\/v2\/product\/12828","targetHints":{"allow":["GET"]}}],"collection":[{"href":"http:\/\/lechappeeclose.it\/it\/wp-json\/wp\/v2\/product"}],"about":[{"href":"http:\/\/lechappeeclose.it\/it\/wp-json\/wp\/v2\/types\/product"}],"replies":[{"embeddable":true,"href":"http:\/\/lechappeeclose.it\/it\/wp-json\/wp\/v2\/comments?post=12828"}],"wp:featuredmedia":[{"embeddable":true,"href":"http:\/\/lechappeeclose.it\/it\/wp-json\/wp\/v2\/media\/12827"}],"wp:attachment":[{"href":"http:\/\/lechappeeclose.it\/it\/wp-json\/wp\/v2\/media?parent=12828"}],"wp:term":[{"taxonomy":"product_brand","embeddable":true,"href":"http:\/\/lechappeeclose.it\/it\/wp-json\/wp\/v2\/product_brand?post=12828"},{"taxonomy":"product_cat","embeddable":true,"href":"http:\/\/lechappeeclose.it\/it\/wp-json\/wp\/v2\/product_cat?post=12828"},{"taxonomy":"product_tag","embeddable":true,"href":"http:\/\/lechappeeclose.it\/it\/wp-json\/wp\/v2\/product_tag?post=12828"}],"curies":[{"name":"wp","href":"https:\/\/api.w.org\/{rel}","templated":true}]}}