{"id":12826,"date":"2026-02-14T18:36:34","date_gmt":"2026-02-14T17:36:34","guid":{"rendered":"https:\/\/lechappeeclose.it\/boutique\/non class\u00e9\/comptines-et-berceuses-du-baobab\/"},"modified":"2026-02-14T18:36:34","modified_gmt":"2026-02-14T17:36:34","slug":"comptines-et-berceuses-du-baobab","status":"publish","type":"product","link":"http:\/\/lechappeeclose.it\/it\/boutique\/livres\/jeunesse\/prescolaire\/comptines-et-berceuses-du-baobab\/","title":{"rendered":"Comptines et berceuses du baobab"},"content":{"rendered":"<p>Voici le r\u00e9pertoire entra\u00eenant des enfants d&#8217;Afrique de l&#8217;Ouest ou centrale r\u00e9uni ici pour la premi\u00e8re fois sur un livre et sur un CD. 30 berceuses, chants de mariage ou de travail, danses et jeux chant\u00e9s, collect\u00e9s par Chantal Grosl\u00e9ziat, musicienne et p\u00e9dagogue. 10 pays et 11 langues (wolof, bambara, peul, lingala, susu, etc.) sont repr\u00e9sent\u00e9s. Les paroles sont transcrites et toutes sont traduites en fran\u00e7ais. En annexe, l&#8217;auteur a r\u00e9uni une mine d&#8217;informations sur l&#8217;origine, le contexte culturel, la gestuelle et l&#8217;instrumentation de chaque comptine. Le CD audio, r\u00e9alis\u00e9 sous la direction de Paul Mindy et arrang\u00e9 par Xavier Desandre-Navarre, Jean-Christophe Hoarau et Paul Mindy, propose un univers musical riche et vari\u00e9, respectueux de la tradition, mais ouvert \u00e0 la modernit\u00e9, aux saveurs et aux styles multiples. On y retrouve les voix de nombreux chanteurs, adultes et enfants, hommes et femmes. L&#8217;instrumentation associe la kora, le piano \u00e0 pouces, le bala, la fl\u00fbte&#8230; au rythme de nombreuses percussions.<\/p>","protected":false},"excerpt":{"rendered":"<p>Voici le r\u00e9pertoire entra\u00eenant des enfants d&#8217;Afrique de l&#8217;Ouest ou centrale r\u00e9uni ici pour la premi\u00e8re fois sur un livre et sur un CD. 30 berceuses, chants de mariage ou de travail, danses et jeux chant\u00e9s, collect\u00e9s par Chantal Grosl\u00e9ziat, musicienne et p\u00e9dagogue. 10 pays et 11 langues (wolof, bambara, peul, lingala, susu, etc.) sont [&hellip;]<\/p>","protected":false},"featured_media":12824,"comment_status":"open","ping_status":"closed","template":"","meta":[],"product_brand":[],"product_cat":[52],"product_tag":[],"class_list":{"0":"post-12826","1":"product","2":"type-product","3":"status-publish","4":"has-post-thumbnail","6":"product_cat-prescolaire","8":"first","9":"instock","10":"taxable","11":"shipping-taxable","12":"purchasable","13":"product-type-simple"},"yoast_head":"<!-- This site is optimized with the Yoast SEO plugin v27.4 - https:\/\/yoast.com\/product\/yoast-seo-wordpress\/ -->\n<title>Comptines et berceuses du baobab - l&#039;\u00e9chapp\u00e9e close<\/title>\n<meta name=\"robots\" content=\"index, follow, max-snippet:-1, max-image-preview:large, max-video-preview:-1\" \/>\n<link rel=\"canonical\" href=\"http:\/\/lechappeeclose.it\/it\/boutique\/livres\/jeunesse\/prescolaire\/comptines-et-berceuses-du-baobab\/\" \/>\n<meta property=\"og:locale\" content=\"it_IT\" \/>\n<meta property=\"og:type\" content=\"article\" \/>\n<meta property=\"og:title\" content=\"Comptines et berceuses du baobab - l&#039;\u00e9chapp\u00e9e close\" \/>\n<meta property=\"og:description\" content=\"Voici le r\u00e9pertoire entra\u00eenant des enfants d&#8217;Afrique de l&#8217;Ouest ou centrale r\u00e9uni ici pour la premi\u00e8re fois sur un livre et sur un CD. 30 berceuses, chants de mariage ou de travail, danses et jeux chant\u00e9s, collect\u00e9s par Chantal Grosl\u00e9ziat, musicienne et p\u00e9dagogue. 10 pays et 11 langues (wolof, bambara, peul, lingala, susu, etc.) sont [&hellip;]\" \/>\n<meta property=\"og:url\" content=\"http:\/\/lechappeeclose.it\/it\/boutique\/livres\/jeunesse\/prescolaire\/comptines-et-berceuses-du-baobab\/\" \/>\n<meta property=\"og:site_name\" content=\"l&#039;\u00e9chapp\u00e9e close\" \/>\n<meta property=\"og:image\" content=\"http:\/\/lechappeeclose.it\/wp-content\/uploads\/2026\/02\/Comptines-et-berceuses-du-baobab.jpeg\" \/>\n\t<meta property=\"og:image:width\" content=\"475\" \/>\n\t<meta property=\"og:image:height\" content=\"475\" \/>\n\t<meta property=\"og:image:type\" content=\"image\/jpeg\" \/>\n<meta name=\"twitter:card\" content=\"summary_large_image\" \/>\n<meta name=\"twitter:label1\" content=\"Tempo di lettura stimato\" \/>\n\t<meta name=\"twitter:data1\" content=\"1 minuto\" \/>\n<script type=\"application\/ld+json\" class=\"yoast-schema-graph\">{\"@context\":\"https:\\\/\\\/schema.org\",\"@graph\":[{\"@type\":\"WebPage\",\"@id\":\"http:\\\/\\\/lechappeeclose.it\\\/boutique\\\/livres\\\/jeunesse\\\/prescolaire\\\/comptines-et-berceuses-du-baobab\\\/\",\"url\":\"http:\\\/\\\/lechappeeclose.it\\\/boutique\\\/livres\\\/jeunesse\\\/prescolaire\\\/comptines-et-berceuses-du-baobab\\\/\",\"name\":\"Comptines et berceuses du baobab - l&#039;\u00e9chapp\u00e9e close\",\"isPartOf\":{\"@id\":\"http:\\\/\\\/lechappeeclose.it\\\/#website\"},\"primaryImageOfPage\":{\"@id\":\"http:\\\/\\\/lechappeeclose.it\\\/boutique\\\/livres\\\/jeunesse\\\/prescolaire\\\/comptines-et-berceuses-du-baobab\\\/#primaryimage\"},\"image\":{\"@id\":\"http:\\\/\\\/lechappeeclose.it\\\/boutique\\\/livres\\\/jeunesse\\\/prescolaire\\\/comptines-et-berceuses-du-baobab\\\/#primaryimage\"},\"thumbnailUrl\":\"http:\\\/\\\/lechappeeclose.it\\\/wp-content\\\/uploads\\\/2026\\\/02\\\/Comptines-et-berceuses-du-baobab.jpeg\",\"datePublished\":\"2026-02-14T17:36:34+00:00\",\"breadcrumb\":{\"@id\":\"http:\\\/\\\/lechappeeclose.it\\\/boutique\\\/livres\\\/jeunesse\\\/prescolaire\\\/comptines-et-berceuses-du-baobab\\\/#breadcrumb\"},\"inLanguage\":\"it-IT\",\"potentialAction\":[{\"@type\":\"ReadAction\",\"target\":[\"http:\\\/\\\/lechappeeclose.it\\\/boutique\\\/livres\\\/jeunesse\\\/prescolaire\\\/comptines-et-berceuses-du-baobab\\\/\"]}]},{\"@type\":\"ImageObject\",\"inLanguage\":\"it-IT\",\"@id\":\"http:\\\/\\\/lechappeeclose.it\\\/boutique\\\/livres\\\/jeunesse\\\/prescolaire\\\/comptines-et-berceuses-du-baobab\\\/#primaryimage\",\"url\":\"http:\\\/\\\/lechappeeclose.it\\\/wp-content\\\/uploads\\\/2026\\\/02\\\/Comptines-et-berceuses-du-baobab.jpeg\",\"contentUrl\":\"http:\\\/\\\/lechappeeclose.it\\\/wp-content\\\/uploads\\\/2026\\\/02\\\/Comptines-et-berceuses-du-baobab.jpeg\",\"width\":475,\"height\":475},{\"@type\":\"BreadcrumbList\",\"@id\":\"http:\\\/\\\/lechappeeclose.it\\\/boutique\\\/livres\\\/jeunesse\\\/prescolaire\\\/comptines-et-berceuses-du-baobab\\\/#breadcrumb\",\"itemListElement\":[{\"@type\":\"ListItem\",\"position\":1,\"name\":\"Accueil\",\"item\":\"http:\\\/\\\/lechappeeclose.it\\\/\"},{\"@type\":\"ListItem\",\"position\":2,\"name\":\"Boutique\",\"item\":\"http:\\\/\\\/lechappeeclose.it\\\/it\\\/boutique\\\/\"},{\"@type\":\"ListItem\",\"position\":3,\"name\":\"Comptines et berceuses du baobab\"}]},{\"@type\":\"WebSite\",\"@id\":\"http:\\\/\\\/lechappeeclose.it\\\/#website\",\"url\":\"http:\\\/\\\/lechappeeclose.it\\\/\",\"name\":\"l&#039;\u00e9chapp\u00e9e close\",\"description\":\"la librairie fran\u00e7aise de Milan\",\"publisher\":{\"@id\":\"http:\\\/\\\/lechappeeclose.it\\\/#organization\"},\"alternateName\":\"La librairie fran\u00e7aise de Milan\",\"potentialAction\":[{\"@type\":\"SearchAction\",\"target\":{\"@type\":\"EntryPoint\",\"urlTemplate\":\"http:\\\/\\\/lechappeeclose.it\\\/?s={search_term_string}\"},\"query-input\":{\"@type\":\"PropertyValueSpecification\",\"valueRequired\":true,\"valueName\":\"search_term_string\"}}],\"inLanguage\":\"it-IT\"},{\"@type\":\"Organization\",\"@id\":\"http:\\\/\\\/lechappeeclose.it\\\/#organization\",\"name\":\"l&#039;\u00e9chapp\u00e9e close\",\"url\":\"http:\\\/\\\/lechappeeclose.it\\\/\",\"logo\":{\"@type\":\"ImageObject\",\"inLanguage\":\"it-IT\",\"@id\":\"http:\\\/\\\/lechappeeclose.it\\\/#\\\/schema\\\/logo\\\/image\\\/\",\"url\":\"http:\\\/\\\/lechappeeclose.it\\\/wp-content\\\/uploads\\\/2025\\\/02\\\/cropped-logo-rond.png\",\"contentUrl\":\"http:\\\/\\\/lechappeeclose.it\\\/wp-content\\\/uploads\\\/2025\\\/02\\\/cropped-logo-rond.png\",\"width\":1080,\"height\":1080,\"caption\":\"l&#039;\u00e9chapp\u00e9e close\"},\"image\":{\"@id\":\"http:\\\/\\\/lechappeeclose.it\\\/#\\\/schema\\\/logo\\\/image\\\/\"},\"sameAs\":[\"https:\\\/\\\/www.instagram.com\\\/lechappeeclose\\\/\"]}]}<\/script>\n<!-- \/ Yoast SEO plugin. -->","yoast_head_json":{"title":"Comptines et berceuses du baobab - l&#039;\u00e9chapp\u00e9e close","robots":{"index":"index","follow":"follow","max-snippet":"max-snippet:-1","max-image-preview":"max-image-preview:large","max-video-preview":"max-video-preview:-1"},"canonical":"http:\/\/lechappeeclose.it\/it\/boutique\/livres\/jeunesse\/prescolaire\/comptines-et-berceuses-du-baobab\/","og_locale":"it_IT","og_type":"article","og_title":"Comptines et berceuses du baobab - l&#039;\u00e9chapp\u00e9e close","og_description":"Voici le r\u00e9pertoire entra\u00eenant des enfants d&#8217;Afrique de l&#8217;Ouest ou centrale r\u00e9uni ici pour la premi\u00e8re fois sur un livre et sur un CD. 30 berceuses, chants de mariage ou de travail, danses et jeux chant\u00e9s, collect\u00e9s par Chantal Grosl\u00e9ziat, musicienne et p\u00e9dagogue. 10 pays et 11 langues (wolof, bambara, peul, lingala, susu, etc.) sont [&hellip;]","og_url":"http:\/\/lechappeeclose.it\/it\/boutique\/livres\/jeunesse\/prescolaire\/comptines-et-berceuses-du-baobab\/","og_site_name":"l&#039;\u00e9chapp\u00e9e close","og_image":[{"width":475,"height":475,"url":"http:\/\/lechappeeclose.it\/wp-content\/uploads\/2026\/02\/Comptines-et-berceuses-du-baobab.jpeg","type":"image\/jpeg"}],"twitter_card":"summary_large_image","twitter_misc":{"Tempo di lettura stimato":"1 minuto"},"schema":{"@context":"https:\/\/schema.org","@graph":[{"@type":"WebPage","@id":"http:\/\/lechappeeclose.it\/boutique\/livres\/jeunesse\/prescolaire\/comptines-et-berceuses-du-baobab\/","url":"http:\/\/lechappeeclose.it\/boutique\/livres\/jeunesse\/prescolaire\/comptines-et-berceuses-du-baobab\/","name":"Comptines et berceuses du baobab - l&#039;\u00e9chapp\u00e9e close","isPartOf":{"@id":"http:\/\/lechappeeclose.it\/#website"},"primaryImageOfPage":{"@id":"http:\/\/lechappeeclose.it\/boutique\/livres\/jeunesse\/prescolaire\/comptines-et-berceuses-du-baobab\/#primaryimage"},"image":{"@id":"http:\/\/lechappeeclose.it\/boutique\/livres\/jeunesse\/prescolaire\/comptines-et-berceuses-du-baobab\/#primaryimage"},"thumbnailUrl":"http:\/\/lechappeeclose.it\/wp-content\/uploads\/2026\/02\/Comptines-et-berceuses-du-baobab.jpeg","datePublished":"2026-02-14T17:36:34+00:00","breadcrumb":{"@id":"http:\/\/lechappeeclose.it\/boutique\/livres\/jeunesse\/prescolaire\/comptines-et-berceuses-du-baobab\/#breadcrumb"},"inLanguage":"it-IT","potentialAction":[{"@type":"ReadAction","target":["http:\/\/lechappeeclose.it\/boutique\/livres\/jeunesse\/prescolaire\/comptines-et-berceuses-du-baobab\/"]}]},{"@type":"ImageObject","inLanguage":"it-IT","@id":"http:\/\/lechappeeclose.it\/boutique\/livres\/jeunesse\/prescolaire\/comptines-et-berceuses-du-baobab\/#primaryimage","url":"http:\/\/lechappeeclose.it\/wp-content\/uploads\/2026\/02\/Comptines-et-berceuses-du-baobab.jpeg","contentUrl":"http:\/\/lechappeeclose.it\/wp-content\/uploads\/2026\/02\/Comptines-et-berceuses-du-baobab.jpeg","width":475,"height":475},{"@type":"BreadcrumbList","@id":"http:\/\/lechappeeclose.it\/boutique\/livres\/jeunesse\/prescolaire\/comptines-et-berceuses-du-baobab\/#breadcrumb","itemListElement":[{"@type":"ListItem","position":1,"name":"Accueil","item":"http:\/\/lechappeeclose.it\/"},{"@type":"ListItem","position":2,"name":"Boutique","item":"http:\/\/lechappeeclose.it\/it\/boutique\/"},{"@type":"ListItem","position":3,"name":"Comptines et berceuses du baobab"}]},{"@type":"WebSite","@id":"http:\/\/lechappeeclose.it\/#website","url":"http:\/\/lechappeeclose.it\/","name":"l&#039;\u00e9chapp\u00e9e close","description":"La libreria francese di Milano","publisher":{"@id":"http:\/\/lechappeeclose.it\/#organization"},"alternateName":"La librairie fran\u00e7aise de Milan","potentialAction":[{"@type":"SearchAction","target":{"@type":"EntryPoint","urlTemplate":"http:\/\/lechappeeclose.it\/?s={search_term_string}"},"query-input":{"@type":"PropertyValueSpecification","valueRequired":true,"valueName":"search_term_string"}}],"inLanguage":"it-IT"},{"@type":"Organization","@id":"http:\/\/lechappeeclose.it\/#organization","name":"l&#039;\u00e9chapp\u00e9e close","url":"http:\/\/lechappeeclose.it\/","logo":{"@type":"ImageObject","inLanguage":"it-IT","@id":"http:\/\/lechappeeclose.it\/#\/schema\/logo\/image\/","url":"http:\/\/lechappeeclose.it\/wp-content\/uploads\/2025\/02\/cropped-logo-rond.png","contentUrl":"http:\/\/lechappeeclose.it\/wp-content\/uploads\/2025\/02\/cropped-logo-rond.png","width":1080,"height":1080,"caption":"l&#039;\u00e9chapp\u00e9e close"},"image":{"@id":"http:\/\/lechappeeclose.it\/#\/schema\/logo\/image\/"},"sameAs":["https:\/\/www.instagram.com\/lechappeeclose\/"]}]}},"_links":{"self":[{"href":"http:\/\/lechappeeclose.it\/it\/wp-json\/wp\/v2\/product\/12826","targetHints":{"allow":["GET"]}}],"collection":[{"href":"http:\/\/lechappeeclose.it\/it\/wp-json\/wp\/v2\/product"}],"about":[{"href":"http:\/\/lechappeeclose.it\/it\/wp-json\/wp\/v2\/types\/product"}],"replies":[{"embeddable":true,"href":"http:\/\/lechappeeclose.it\/it\/wp-json\/wp\/v2\/comments?post=12826"}],"wp:featuredmedia":[{"embeddable":true,"href":"http:\/\/lechappeeclose.it\/it\/wp-json\/wp\/v2\/media\/12824"}],"wp:attachment":[{"href":"http:\/\/lechappeeclose.it\/it\/wp-json\/wp\/v2\/media?parent=12826"}],"wp:term":[{"taxonomy":"product_brand","embeddable":true,"href":"http:\/\/lechappeeclose.it\/it\/wp-json\/wp\/v2\/product_brand?post=12826"},{"taxonomy":"product_cat","embeddable":true,"href":"http:\/\/lechappeeclose.it\/it\/wp-json\/wp\/v2\/product_cat?post=12826"},{"taxonomy":"product_tag","embeddable":true,"href":"http:\/\/lechappeeclose.it\/it\/wp-json\/wp\/v2\/product_tag?post=12826"}],"curies":[{"name":"wp","href":"https:\/\/api.w.org\/{rel}","templated":true}]}}