{"id":12786,"date":"2026-02-14T17:53:44","date_gmt":"2026-02-14T16:53:44","guid":{"rendered":"https:\/\/lechappeeclose.it\/boutique\/non class\u00e9\/a-qui-sont-ces-queues-danimaux\/"},"modified":"2026-02-14T17:53:44","modified_gmt":"2026-02-14T16:53:44","slug":"a-qui-sont-ces-queues-danimaux","status":"publish","type":"product","link":"http:\/\/lechappeeclose.it\/it\/boutique\/livres\/jeunesse\/prescolaire\/a-qui-sont-ces-queues-danimaux\/","title":{"rendered":"A qui sont ces queues d&#8217;animaux ?"},"content":{"rendered":"<p>4 queues et 1 paire d&#8217;oreilles d&#8217;animal d\u00e9passent de ce livre anim\u00e9 en carte \u00e9paisse. Qui se cache l\u00e0 ? Tirer sur la queue d&#8217;un animal fait \u00ab sortir \u00bb l&#8217;animal et d\u00e9clenche un son : le cri de l&#8217;animal correspondant. Dans ce jeu de coucou-cach\u00e9, le dernier animal se pr\u00e9sente dans une posture rigolote. Il faut tirer sur le haut de sa t\u00eate pour d\u00e9couvrir une grenouille stup\u00e9faite&#8230; la t\u00eate en haut ! Un livre anim\u00e9 solide, une th\u00e9matique passion pour les plus petits, le fondamental jeu du coucou-cach\u00e9, des surprises sonores et visuelles et un dernier animal encore plus rigolo que les pr\u00e9c\u00e9dents : le combo parfait pour les plus petits !<\/p>","protected":false},"excerpt":{"rendered":"<p>4 queues et 1 paire d&#8217;oreilles d&#8217;animal d\u00e9passent de ce livre anim\u00e9 en carte \u00e9paisse. Qui se cache l\u00e0 ? Tirer sur la queue d&#8217;un animal fait \u00ab sortir \u00bb l&#8217;animal et d\u00e9clenche un son : le cri de l&#8217;animal correspondant. Dans ce jeu de coucou-cach\u00e9, le dernier animal se pr\u00e9sente dans une posture rigolote. [&hellip;]<\/p>","protected":false},"featured_media":12785,"comment_status":"open","ping_status":"closed","template":"","meta":[],"product_brand":[],"product_cat":[52],"product_tag":[],"class_list":{"0":"post-12786","1":"product","2":"type-product","3":"status-publish","4":"has-post-thumbnail","6":"product_cat-prescolaire","8":"first","9":"instock","10":"taxable","11":"shipping-taxable","12":"purchasable","13":"product-type-simple"},"yoast_head":"<!-- This site is optimized with the Yoast SEO plugin v27.4 - https:\/\/yoast.com\/product\/yoast-seo-wordpress\/ -->\n<title>A qui sont ces queues d&#039;animaux ? - l&#039;\u00e9chapp\u00e9e close<\/title>\n<meta name=\"robots\" content=\"index, follow, max-snippet:-1, max-image-preview:large, max-video-preview:-1\" \/>\n<link rel=\"canonical\" href=\"http:\/\/lechappeeclose.it\/it\/boutique\/livres\/jeunesse\/prescolaire\/a-qui-sont-ces-queues-danimaux\/\" \/>\n<meta property=\"og:locale\" content=\"it_IT\" \/>\n<meta property=\"og:type\" content=\"article\" \/>\n<meta property=\"og:title\" content=\"A qui sont ces queues d&#039;animaux ? - l&#039;\u00e9chapp\u00e9e close\" \/>\n<meta property=\"og:description\" content=\"4 queues et 1 paire d&#8217;oreilles d&#8217;animal d\u00e9passent de ce livre anim\u00e9 en carte \u00e9paisse. Qui se cache l\u00e0 ? Tirer sur la queue d&#8217;un animal fait \u00ab sortir \u00bb l&#8217;animal et d\u00e9clenche un son : le cri de l&#8217;animal correspondant. Dans ce jeu de coucou-cach\u00e9, le dernier animal se pr\u00e9sente dans une posture rigolote. [&hellip;]\" \/>\n<meta property=\"og:url\" content=\"http:\/\/lechappeeclose.it\/it\/boutique\/livres\/jeunesse\/prescolaire\/a-qui-sont-ces-queues-danimaux\/\" \/>\n<meta property=\"og:site_name\" content=\"l&#039;\u00e9chapp\u00e9e close\" \/>\n<meta property=\"og:image\" content=\"http:\/\/lechappeeclose.it\/wp-content\/uploads\/2026\/02\/A-qui-sont-ces-queues-danimaux.jpeg\" \/>\n\t<meta property=\"og:image:width\" content=\"294\" \/>\n\t<meta property=\"og:image:height\" content=\"500\" \/>\n\t<meta property=\"og:image:type\" content=\"image\/jpeg\" \/>\n<meta name=\"twitter:card\" content=\"summary_large_image\" \/>\n<meta name=\"twitter:label1\" content=\"Tempo di lettura stimato\" \/>\n\t<meta name=\"twitter:data1\" content=\"1 minuto\" \/>\n<script type=\"application\/ld+json\" class=\"yoast-schema-graph\">{\"@context\":\"https:\\\/\\\/schema.org\",\"@graph\":[{\"@type\":\"WebPage\",\"@id\":\"http:\\\/\\\/lechappeeclose.it\\\/boutique\\\/livres\\\/jeunesse\\\/prescolaire\\\/a-qui-sont-ces-queues-danimaux\\\/\",\"url\":\"http:\\\/\\\/lechappeeclose.it\\\/boutique\\\/livres\\\/jeunesse\\\/prescolaire\\\/a-qui-sont-ces-queues-danimaux\\\/\",\"name\":\"A qui sont ces queues d'animaux ? - l&#039;\u00e9chapp\u00e9e close\",\"isPartOf\":{\"@id\":\"http:\\\/\\\/lechappeeclose.it\\\/#website\"},\"primaryImageOfPage\":{\"@id\":\"http:\\\/\\\/lechappeeclose.it\\\/boutique\\\/livres\\\/jeunesse\\\/prescolaire\\\/a-qui-sont-ces-queues-danimaux\\\/#primaryimage\"},\"image\":{\"@id\":\"http:\\\/\\\/lechappeeclose.it\\\/boutique\\\/livres\\\/jeunesse\\\/prescolaire\\\/a-qui-sont-ces-queues-danimaux\\\/#primaryimage\"},\"thumbnailUrl\":\"http:\\\/\\\/lechappeeclose.it\\\/wp-content\\\/uploads\\\/2026\\\/02\\\/A-qui-sont-ces-queues-danimaux.jpeg\",\"datePublished\":\"2026-02-14T16:53:44+00:00\",\"breadcrumb\":{\"@id\":\"http:\\\/\\\/lechappeeclose.it\\\/boutique\\\/livres\\\/jeunesse\\\/prescolaire\\\/a-qui-sont-ces-queues-danimaux\\\/#breadcrumb\"},\"inLanguage\":\"it-IT\",\"potentialAction\":[{\"@type\":\"ReadAction\",\"target\":[\"http:\\\/\\\/lechappeeclose.it\\\/boutique\\\/livres\\\/jeunesse\\\/prescolaire\\\/a-qui-sont-ces-queues-danimaux\\\/\"]}]},{\"@type\":\"ImageObject\",\"inLanguage\":\"it-IT\",\"@id\":\"http:\\\/\\\/lechappeeclose.it\\\/boutique\\\/livres\\\/jeunesse\\\/prescolaire\\\/a-qui-sont-ces-queues-danimaux\\\/#primaryimage\",\"url\":\"http:\\\/\\\/lechappeeclose.it\\\/wp-content\\\/uploads\\\/2026\\\/02\\\/A-qui-sont-ces-queues-danimaux.jpeg\",\"contentUrl\":\"http:\\\/\\\/lechappeeclose.it\\\/wp-content\\\/uploads\\\/2026\\\/02\\\/A-qui-sont-ces-queues-danimaux.jpeg\",\"width\":294,\"height\":500},{\"@type\":\"BreadcrumbList\",\"@id\":\"http:\\\/\\\/lechappeeclose.it\\\/boutique\\\/livres\\\/jeunesse\\\/prescolaire\\\/a-qui-sont-ces-queues-danimaux\\\/#breadcrumb\",\"itemListElement\":[{\"@type\":\"ListItem\",\"position\":1,\"name\":\"Accueil\",\"item\":\"http:\\\/\\\/lechappeeclose.it\\\/\"},{\"@type\":\"ListItem\",\"position\":2,\"name\":\"Boutique\",\"item\":\"http:\\\/\\\/lechappeeclose.it\\\/it\\\/boutique\\\/\"},{\"@type\":\"ListItem\",\"position\":3,\"name\":\"A qui sont ces queues d&#8217;animaux ?\"}]},{\"@type\":\"WebSite\",\"@id\":\"http:\\\/\\\/lechappeeclose.it\\\/#website\",\"url\":\"http:\\\/\\\/lechappeeclose.it\\\/\",\"name\":\"l&#039;\u00e9chapp\u00e9e close\",\"description\":\"la librairie fran\u00e7aise de Milan\",\"publisher\":{\"@id\":\"http:\\\/\\\/lechappeeclose.it\\\/#organization\"},\"alternateName\":\"La librairie fran\u00e7aise de Milan\",\"potentialAction\":[{\"@type\":\"SearchAction\",\"target\":{\"@type\":\"EntryPoint\",\"urlTemplate\":\"http:\\\/\\\/lechappeeclose.it\\\/?s={search_term_string}\"},\"query-input\":{\"@type\":\"PropertyValueSpecification\",\"valueRequired\":true,\"valueName\":\"search_term_string\"}}],\"inLanguage\":\"it-IT\"},{\"@type\":\"Organization\",\"@id\":\"http:\\\/\\\/lechappeeclose.it\\\/#organization\",\"name\":\"l&#039;\u00e9chapp\u00e9e close\",\"url\":\"http:\\\/\\\/lechappeeclose.it\\\/\",\"logo\":{\"@type\":\"ImageObject\",\"inLanguage\":\"it-IT\",\"@id\":\"http:\\\/\\\/lechappeeclose.it\\\/#\\\/schema\\\/logo\\\/image\\\/\",\"url\":\"http:\\\/\\\/lechappeeclose.it\\\/wp-content\\\/uploads\\\/2025\\\/02\\\/cropped-logo-rond.png\",\"contentUrl\":\"http:\\\/\\\/lechappeeclose.it\\\/wp-content\\\/uploads\\\/2025\\\/02\\\/cropped-logo-rond.png\",\"width\":1080,\"height\":1080,\"caption\":\"l&#039;\u00e9chapp\u00e9e close\"},\"image\":{\"@id\":\"http:\\\/\\\/lechappeeclose.it\\\/#\\\/schema\\\/logo\\\/image\\\/\"},\"sameAs\":[\"https:\\\/\\\/www.instagram.com\\\/lechappeeclose\\\/\"]}]}<\/script>\n<!-- \/ Yoast SEO plugin. -->","yoast_head_json":{"title":"A qui sont ces queues d'animaux ? - l&#039;\u00e9chapp\u00e9e close","robots":{"index":"index","follow":"follow","max-snippet":"max-snippet:-1","max-image-preview":"max-image-preview:large","max-video-preview":"max-video-preview:-1"},"canonical":"http:\/\/lechappeeclose.it\/it\/boutique\/livres\/jeunesse\/prescolaire\/a-qui-sont-ces-queues-danimaux\/","og_locale":"it_IT","og_type":"article","og_title":"A qui sont ces queues d'animaux ? - l&#039;\u00e9chapp\u00e9e close","og_description":"4 queues et 1 paire d&#8217;oreilles d&#8217;animal d\u00e9passent de ce livre anim\u00e9 en carte \u00e9paisse. Qui se cache l\u00e0 ? Tirer sur la queue d&#8217;un animal fait \u00ab sortir \u00bb l&#8217;animal et d\u00e9clenche un son : le cri de l&#8217;animal correspondant. Dans ce jeu de coucou-cach\u00e9, le dernier animal se pr\u00e9sente dans une posture rigolote. [&hellip;]","og_url":"http:\/\/lechappeeclose.it\/it\/boutique\/livres\/jeunesse\/prescolaire\/a-qui-sont-ces-queues-danimaux\/","og_site_name":"l&#039;\u00e9chapp\u00e9e close","og_image":[{"width":294,"height":500,"url":"http:\/\/lechappeeclose.it\/wp-content\/uploads\/2026\/02\/A-qui-sont-ces-queues-danimaux.jpeg","type":"image\/jpeg"}],"twitter_card":"summary_large_image","twitter_misc":{"Tempo di lettura stimato":"1 minuto"},"schema":{"@context":"https:\/\/schema.org","@graph":[{"@type":"WebPage","@id":"http:\/\/lechappeeclose.it\/boutique\/livres\/jeunesse\/prescolaire\/a-qui-sont-ces-queues-danimaux\/","url":"http:\/\/lechappeeclose.it\/boutique\/livres\/jeunesse\/prescolaire\/a-qui-sont-ces-queues-danimaux\/","name":"A qui sont ces queues d'animaux ? - l&#039;\u00e9chapp\u00e9e close","isPartOf":{"@id":"http:\/\/lechappeeclose.it\/#website"},"primaryImageOfPage":{"@id":"http:\/\/lechappeeclose.it\/boutique\/livres\/jeunesse\/prescolaire\/a-qui-sont-ces-queues-danimaux\/#primaryimage"},"image":{"@id":"http:\/\/lechappeeclose.it\/boutique\/livres\/jeunesse\/prescolaire\/a-qui-sont-ces-queues-danimaux\/#primaryimage"},"thumbnailUrl":"http:\/\/lechappeeclose.it\/wp-content\/uploads\/2026\/02\/A-qui-sont-ces-queues-danimaux.jpeg","datePublished":"2026-02-14T16:53:44+00:00","breadcrumb":{"@id":"http:\/\/lechappeeclose.it\/boutique\/livres\/jeunesse\/prescolaire\/a-qui-sont-ces-queues-danimaux\/#breadcrumb"},"inLanguage":"it-IT","potentialAction":[{"@type":"ReadAction","target":["http:\/\/lechappeeclose.it\/boutique\/livres\/jeunesse\/prescolaire\/a-qui-sont-ces-queues-danimaux\/"]}]},{"@type":"ImageObject","inLanguage":"it-IT","@id":"http:\/\/lechappeeclose.it\/boutique\/livres\/jeunesse\/prescolaire\/a-qui-sont-ces-queues-danimaux\/#primaryimage","url":"http:\/\/lechappeeclose.it\/wp-content\/uploads\/2026\/02\/A-qui-sont-ces-queues-danimaux.jpeg","contentUrl":"http:\/\/lechappeeclose.it\/wp-content\/uploads\/2026\/02\/A-qui-sont-ces-queues-danimaux.jpeg","width":294,"height":500},{"@type":"BreadcrumbList","@id":"http:\/\/lechappeeclose.it\/boutique\/livres\/jeunesse\/prescolaire\/a-qui-sont-ces-queues-danimaux\/#breadcrumb","itemListElement":[{"@type":"ListItem","position":1,"name":"Accueil","item":"http:\/\/lechappeeclose.it\/"},{"@type":"ListItem","position":2,"name":"Boutique","item":"http:\/\/lechappeeclose.it\/it\/boutique\/"},{"@type":"ListItem","position":3,"name":"A qui sont ces queues d&#8217;animaux ?"}]},{"@type":"WebSite","@id":"http:\/\/lechappeeclose.it\/#website","url":"http:\/\/lechappeeclose.it\/","name":"l&#039;\u00e9chapp\u00e9e close","description":"La libreria francese di Milano","publisher":{"@id":"http:\/\/lechappeeclose.it\/#organization"},"alternateName":"La librairie fran\u00e7aise de Milan","potentialAction":[{"@type":"SearchAction","target":{"@type":"EntryPoint","urlTemplate":"http:\/\/lechappeeclose.it\/?s={search_term_string}"},"query-input":{"@type":"PropertyValueSpecification","valueRequired":true,"valueName":"search_term_string"}}],"inLanguage":"it-IT"},{"@type":"Organization","@id":"http:\/\/lechappeeclose.it\/#organization","name":"l&#039;\u00e9chapp\u00e9e close","url":"http:\/\/lechappeeclose.it\/","logo":{"@type":"ImageObject","inLanguage":"it-IT","@id":"http:\/\/lechappeeclose.it\/#\/schema\/logo\/image\/","url":"http:\/\/lechappeeclose.it\/wp-content\/uploads\/2025\/02\/cropped-logo-rond.png","contentUrl":"http:\/\/lechappeeclose.it\/wp-content\/uploads\/2025\/02\/cropped-logo-rond.png","width":1080,"height":1080,"caption":"l&#039;\u00e9chapp\u00e9e close"},"image":{"@id":"http:\/\/lechappeeclose.it\/#\/schema\/logo\/image\/"},"sameAs":["https:\/\/www.instagram.com\/lechappeeclose\/"]}]}},"_links":{"self":[{"href":"http:\/\/lechappeeclose.it\/it\/wp-json\/wp\/v2\/product\/12786","targetHints":{"allow":["GET"]}}],"collection":[{"href":"http:\/\/lechappeeclose.it\/it\/wp-json\/wp\/v2\/product"}],"about":[{"href":"http:\/\/lechappeeclose.it\/it\/wp-json\/wp\/v2\/types\/product"}],"replies":[{"embeddable":true,"href":"http:\/\/lechappeeclose.it\/it\/wp-json\/wp\/v2\/comments?post=12786"}],"wp:featuredmedia":[{"embeddable":true,"href":"http:\/\/lechappeeclose.it\/it\/wp-json\/wp\/v2\/media\/12785"}],"wp:attachment":[{"href":"http:\/\/lechappeeclose.it\/it\/wp-json\/wp\/v2\/media?parent=12786"}],"wp:term":[{"taxonomy":"product_brand","embeddable":true,"href":"http:\/\/lechappeeclose.it\/it\/wp-json\/wp\/v2\/product_brand?post=12786"},{"taxonomy":"product_cat","embeddable":true,"href":"http:\/\/lechappeeclose.it\/it\/wp-json\/wp\/v2\/product_cat?post=12786"},{"taxonomy":"product_tag","embeddable":true,"href":"http:\/\/lechappeeclose.it\/it\/wp-json\/wp\/v2\/product_tag?post=12786"}],"curies":[{"name":"wp","href":"https:\/\/api.w.org\/{rel}","templated":true}]}}