{"id":12773,"date":"2026-02-06T17:24:41","date_gmt":"2026-02-06T16:24:41","guid":{"rendered":"https:\/\/lechappeeclose.it\/boutique\/non class\u00e9\/the-what-the-fuck\/"},"modified":"2026-02-06T17:24:41","modified_gmt":"2026-02-06T16:24:41","slug":"the-what-the-fuck","status":"publish","type":"product","link":"http:\/\/lechappeeclose.it\/it\/boutique\/livres\/arts\/photographie\/the-what-the-fuck\/","title":{"rendered":"The What The Fuck !"},"content":{"rendered":"<p>Apr\u00e8s avoir r\u00e9\u00e9dit\u00e9 les trois volumes de WHAT THE FUCK!, Le Monte-en-l&#8217;air se r\u00e9jouit de publier un volume in\u00e9dit, rien qu&#8217;\u00e0 lui.WHAT THE GIGA SUPER FUCK! propose une nouvelle s\u00e9lection de photographies en provenance du monde entier et collect\u00e9es au fil de p\u00e9r\u00e9grinations sur la Toile. Et c&#8217;est toujours aussi ahurissant.Ce quatri\u00e8me volume regorge d&#8217;images tout \u00e0 la fois d\u00e9sopilantes et d\u00e9solantes. M\u00e9dus\u00e9s, vous irez jusqu&#8217;au bout de ces 360 pages, bien contents de vous r\u00e9fugier dans ces territoires \u00e0 la limite de ce qu&#8217;un esprit est capable de concevoir.<\/p>","protected":false},"excerpt":{"rendered":"<p>Apr\u00e8s avoir r\u00e9\u00e9dit\u00e9 les trois volumes de WHAT THE FUCK!, Le Monte-en-l&#8217;air se r\u00e9jouit de publier un volume in\u00e9dit, rien qu&#8217;\u00e0 lui.WHAT THE GIGA SUPER FUCK! propose une nouvelle s\u00e9lection de photographies en provenance du monde entier et collect\u00e9es au fil de p\u00e9r\u00e9grinations sur la Toile. Et c&#8217;est toujours aussi ahurissant.Ce quatri\u00e8me volume regorge d&#8217;images [&hellip;]<\/p>","protected":false},"featured_media":12772,"comment_status":"open","ping_status":"closed","template":"","meta":[],"product_brand":[],"product_cat":[39],"product_tag":[],"class_list":{"0":"post-12773","1":"product","2":"type-product","3":"status-publish","4":"has-post-thumbnail","6":"product_cat-photographie","8":"first","9":"instock","10":"taxable","11":"shipping-taxable","12":"purchasable","13":"product-type-simple"},"yoast_head":"<!-- This site is optimized with the Yoast SEO plugin v27.4 - https:\/\/yoast.com\/product\/yoast-seo-wordpress\/ -->\n<title>The What The Fuck ! - l&#039;\u00e9chapp\u00e9e close<\/title>\n<meta name=\"robots\" content=\"index, follow, max-snippet:-1, max-image-preview:large, max-video-preview:-1\" \/>\n<link rel=\"canonical\" href=\"http:\/\/lechappeeclose.it\/it\/boutique\/livres\/arts\/photographie\/the-what-the-fuck\/\" \/>\n<meta property=\"og:locale\" content=\"it_IT\" \/>\n<meta property=\"og:type\" content=\"article\" \/>\n<meta property=\"og:title\" content=\"The What The Fuck ! - l&#039;\u00e9chapp\u00e9e close\" \/>\n<meta property=\"og:description\" content=\"Apr\u00e8s avoir r\u00e9\u00e9dit\u00e9 les trois volumes de WHAT THE FUCK!, Le Monte-en-l&#8217;air se r\u00e9jouit de publier un volume in\u00e9dit, rien qu&#8217;\u00e0 lui.WHAT THE GIGA SUPER FUCK! propose une nouvelle s\u00e9lection de photographies en provenance du monde entier et collect\u00e9es au fil de p\u00e9r\u00e9grinations sur la Toile. Et c&#8217;est toujours aussi ahurissant.Ce quatri\u00e8me volume regorge d&#8217;images [&hellip;]\" \/>\n<meta property=\"og:url\" content=\"http:\/\/lechappeeclose.it\/it\/boutique\/livres\/arts\/photographie\/the-what-the-fuck\/\" \/>\n<meta property=\"og:site_name\" content=\"l&#039;\u00e9chapp\u00e9e close\" \/>\n<meta property=\"og:image\" content=\"http:\/\/lechappeeclose.it\/wp-content\/uploads\/2026\/02\/The-What-The-Fuck.jpeg\" \/>\n\t<meta property=\"og:image:width\" content=\"500\" \/>\n\t<meta property=\"og:image:height\" content=\"368\" \/>\n\t<meta property=\"og:image:type\" content=\"image\/jpeg\" \/>\n<meta name=\"twitter:card\" content=\"summary_large_image\" \/>\n<meta name=\"twitter:label1\" content=\"Tempo di lettura stimato\" \/>\n\t<meta name=\"twitter:data1\" content=\"1 minuto\" \/>\n<script type=\"application\/ld+json\" class=\"yoast-schema-graph\">{\"@context\":\"https:\\\/\\\/schema.org\",\"@graph\":[{\"@type\":\"WebPage\",\"@id\":\"http:\\\/\\\/lechappeeclose.it\\\/it\\\/boutique\\\/livres\\\/arts\\\/photographie\\\/the-what-the-fuck\\\/\",\"url\":\"http:\\\/\\\/lechappeeclose.it\\\/it\\\/boutique\\\/livres\\\/arts\\\/photographie\\\/the-what-the-fuck\\\/\",\"name\":\"The What The Fuck ! - l&#039;\u00e9chapp\u00e9e close\",\"isPartOf\":{\"@id\":\"http:\\\/\\\/lechappeeclose.it\\\/#website\"},\"primaryImageOfPage\":{\"@id\":\"http:\\\/\\\/lechappeeclose.it\\\/it\\\/boutique\\\/livres\\\/arts\\\/photographie\\\/the-what-the-fuck\\\/#primaryimage\"},\"image\":{\"@id\":\"http:\\\/\\\/lechappeeclose.it\\\/it\\\/boutique\\\/livres\\\/arts\\\/photographie\\\/the-what-the-fuck\\\/#primaryimage\"},\"thumbnailUrl\":\"http:\\\/\\\/lechappeeclose.it\\\/wp-content\\\/uploads\\\/2026\\\/02\\\/The-What-The-Fuck.jpeg\",\"datePublished\":\"2026-02-06T16:24:41+00:00\",\"breadcrumb\":{\"@id\":\"http:\\\/\\\/lechappeeclose.it\\\/it\\\/boutique\\\/livres\\\/arts\\\/photographie\\\/the-what-the-fuck\\\/#breadcrumb\"},\"inLanguage\":\"it-IT\",\"potentialAction\":[{\"@type\":\"ReadAction\",\"target\":[\"http:\\\/\\\/lechappeeclose.it\\\/it\\\/boutique\\\/livres\\\/arts\\\/photographie\\\/the-what-the-fuck\\\/\"]}]},{\"@type\":\"ImageObject\",\"inLanguage\":\"it-IT\",\"@id\":\"http:\\\/\\\/lechappeeclose.it\\\/it\\\/boutique\\\/livres\\\/arts\\\/photographie\\\/the-what-the-fuck\\\/#primaryimage\",\"url\":\"http:\\\/\\\/lechappeeclose.it\\\/wp-content\\\/uploads\\\/2026\\\/02\\\/The-What-The-Fuck.jpeg\",\"contentUrl\":\"http:\\\/\\\/lechappeeclose.it\\\/wp-content\\\/uploads\\\/2026\\\/02\\\/The-What-The-Fuck.jpeg\",\"width\":500,\"height\":368},{\"@type\":\"BreadcrumbList\",\"@id\":\"http:\\\/\\\/lechappeeclose.it\\\/it\\\/boutique\\\/livres\\\/arts\\\/photographie\\\/the-what-the-fuck\\\/#breadcrumb\",\"itemListElement\":[{\"@type\":\"ListItem\",\"position\":1,\"name\":\"Accueil\",\"item\":\"http:\\\/\\\/lechappeeclose.it\\\/\"},{\"@type\":\"ListItem\",\"position\":2,\"name\":\"Boutique\",\"item\":\"http:\\\/\\\/lechappeeclose.it\\\/it\\\/boutique\\\/\"},{\"@type\":\"ListItem\",\"position\":3,\"name\":\"The What The Fuck !\"}]},{\"@type\":\"WebSite\",\"@id\":\"http:\\\/\\\/lechappeeclose.it\\\/#website\",\"url\":\"http:\\\/\\\/lechappeeclose.it\\\/\",\"name\":\"l&#039;\u00e9chapp\u00e9e close\",\"description\":\"la librairie fran\u00e7aise de Milan\",\"publisher\":{\"@id\":\"http:\\\/\\\/lechappeeclose.it\\\/#organization\"},\"alternateName\":\"La librairie fran\u00e7aise de Milan\",\"potentialAction\":[{\"@type\":\"SearchAction\",\"target\":{\"@type\":\"EntryPoint\",\"urlTemplate\":\"http:\\\/\\\/lechappeeclose.it\\\/?s={search_term_string}\"},\"query-input\":{\"@type\":\"PropertyValueSpecification\",\"valueRequired\":true,\"valueName\":\"search_term_string\"}}],\"inLanguage\":\"it-IT\"},{\"@type\":\"Organization\",\"@id\":\"http:\\\/\\\/lechappeeclose.it\\\/#organization\",\"name\":\"l&#039;\u00e9chapp\u00e9e close\",\"url\":\"http:\\\/\\\/lechappeeclose.it\\\/\",\"logo\":{\"@type\":\"ImageObject\",\"inLanguage\":\"it-IT\",\"@id\":\"http:\\\/\\\/lechappeeclose.it\\\/#\\\/schema\\\/logo\\\/image\\\/\",\"url\":\"http:\\\/\\\/lechappeeclose.it\\\/wp-content\\\/uploads\\\/2025\\\/02\\\/cropped-logo-rond.png\",\"contentUrl\":\"http:\\\/\\\/lechappeeclose.it\\\/wp-content\\\/uploads\\\/2025\\\/02\\\/cropped-logo-rond.png\",\"width\":1080,\"height\":1080,\"caption\":\"l&#039;\u00e9chapp\u00e9e close\"},\"image\":{\"@id\":\"http:\\\/\\\/lechappeeclose.it\\\/#\\\/schema\\\/logo\\\/image\\\/\"},\"sameAs\":[\"https:\\\/\\\/www.instagram.com\\\/lechappeeclose\\\/\"]}]}<\/script>\n<!-- \/ Yoast SEO plugin. -->","yoast_head_json":{"title":"The What The Fuck ! - l&#039;\u00e9chapp\u00e9e close","robots":{"index":"index","follow":"follow","max-snippet":"max-snippet:-1","max-image-preview":"max-image-preview:large","max-video-preview":"max-video-preview:-1"},"canonical":"http:\/\/lechappeeclose.it\/it\/boutique\/livres\/arts\/photographie\/the-what-the-fuck\/","og_locale":"it_IT","og_type":"article","og_title":"The What The Fuck ! - l&#039;\u00e9chapp\u00e9e close","og_description":"Apr\u00e8s avoir r\u00e9\u00e9dit\u00e9 les trois volumes de WHAT THE FUCK!, Le Monte-en-l&#8217;air se r\u00e9jouit de publier un volume in\u00e9dit, rien qu&#8217;\u00e0 lui.WHAT THE GIGA SUPER FUCK! propose une nouvelle s\u00e9lection de photographies en provenance du monde entier et collect\u00e9es au fil de p\u00e9r\u00e9grinations sur la Toile. Et c&#8217;est toujours aussi ahurissant.Ce quatri\u00e8me volume regorge d&#8217;images [&hellip;]","og_url":"http:\/\/lechappeeclose.it\/it\/boutique\/livres\/arts\/photographie\/the-what-the-fuck\/","og_site_name":"l&#039;\u00e9chapp\u00e9e close","og_image":[{"width":500,"height":368,"url":"http:\/\/lechappeeclose.it\/wp-content\/uploads\/2026\/02\/The-What-The-Fuck.jpeg","type":"image\/jpeg"}],"twitter_card":"summary_large_image","twitter_misc":{"Tempo di lettura stimato":"1 minuto"},"schema":{"@context":"https:\/\/schema.org","@graph":[{"@type":"WebPage","@id":"http:\/\/lechappeeclose.it\/it\/boutique\/livres\/arts\/photographie\/the-what-the-fuck\/","url":"http:\/\/lechappeeclose.it\/it\/boutique\/livres\/arts\/photographie\/the-what-the-fuck\/","name":"The What The Fuck ! - l&#039;\u00e9chapp\u00e9e close","isPartOf":{"@id":"http:\/\/lechappeeclose.it\/#website"},"primaryImageOfPage":{"@id":"http:\/\/lechappeeclose.it\/it\/boutique\/livres\/arts\/photographie\/the-what-the-fuck\/#primaryimage"},"image":{"@id":"http:\/\/lechappeeclose.it\/it\/boutique\/livres\/arts\/photographie\/the-what-the-fuck\/#primaryimage"},"thumbnailUrl":"http:\/\/lechappeeclose.it\/wp-content\/uploads\/2026\/02\/The-What-The-Fuck.jpeg","datePublished":"2026-02-06T16:24:41+00:00","breadcrumb":{"@id":"http:\/\/lechappeeclose.it\/it\/boutique\/livres\/arts\/photographie\/the-what-the-fuck\/#breadcrumb"},"inLanguage":"it-IT","potentialAction":[{"@type":"ReadAction","target":["http:\/\/lechappeeclose.it\/it\/boutique\/livres\/arts\/photographie\/the-what-the-fuck\/"]}]},{"@type":"ImageObject","inLanguage":"it-IT","@id":"http:\/\/lechappeeclose.it\/it\/boutique\/livres\/arts\/photographie\/the-what-the-fuck\/#primaryimage","url":"http:\/\/lechappeeclose.it\/wp-content\/uploads\/2026\/02\/The-What-The-Fuck.jpeg","contentUrl":"http:\/\/lechappeeclose.it\/wp-content\/uploads\/2026\/02\/The-What-The-Fuck.jpeg","width":500,"height":368},{"@type":"BreadcrumbList","@id":"http:\/\/lechappeeclose.it\/it\/boutique\/livres\/arts\/photographie\/the-what-the-fuck\/#breadcrumb","itemListElement":[{"@type":"ListItem","position":1,"name":"Accueil","item":"http:\/\/lechappeeclose.it\/"},{"@type":"ListItem","position":2,"name":"Boutique","item":"http:\/\/lechappeeclose.it\/it\/boutique\/"},{"@type":"ListItem","position":3,"name":"The What The Fuck !"}]},{"@type":"WebSite","@id":"http:\/\/lechappeeclose.it\/#website","url":"http:\/\/lechappeeclose.it\/","name":"l&#039;\u00e9chapp\u00e9e close","description":"La libreria francese di Milano","publisher":{"@id":"http:\/\/lechappeeclose.it\/#organization"},"alternateName":"La librairie fran\u00e7aise de Milan","potentialAction":[{"@type":"SearchAction","target":{"@type":"EntryPoint","urlTemplate":"http:\/\/lechappeeclose.it\/?s={search_term_string}"},"query-input":{"@type":"PropertyValueSpecification","valueRequired":true,"valueName":"search_term_string"}}],"inLanguage":"it-IT"},{"@type":"Organization","@id":"http:\/\/lechappeeclose.it\/#organization","name":"l&#039;\u00e9chapp\u00e9e close","url":"http:\/\/lechappeeclose.it\/","logo":{"@type":"ImageObject","inLanguage":"it-IT","@id":"http:\/\/lechappeeclose.it\/#\/schema\/logo\/image\/","url":"http:\/\/lechappeeclose.it\/wp-content\/uploads\/2025\/02\/cropped-logo-rond.png","contentUrl":"http:\/\/lechappeeclose.it\/wp-content\/uploads\/2025\/02\/cropped-logo-rond.png","width":1080,"height":1080,"caption":"l&#039;\u00e9chapp\u00e9e close"},"image":{"@id":"http:\/\/lechappeeclose.it\/#\/schema\/logo\/image\/"},"sameAs":["https:\/\/www.instagram.com\/lechappeeclose\/"]}]}},"_links":{"self":[{"href":"http:\/\/lechappeeclose.it\/it\/wp-json\/wp\/v2\/product\/12773","targetHints":{"allow":["GET"]}}],"collection":[{"href":"http:\/\/lechappeeclose.it\/it\/wp-json\/wp\/v2\/product"}],"about":[{"href":"http:\/\/lechappeeclose.it\/it\/wp-json\/wp\/v2\/types\/product"}],"replies":[{"embeddable":true,"href":"http:\/\/lechappeeclose.it\/it\/wp-json\/wp\/v2\/comments?post=12773"}],"wp:featuredmedia":[{"embeddable":true,"href":"http:\/\/lechappeeclose.it\/it\/wp-json\/wp\/v2\/media\/12772"}],"wp:attachment":[{"href":"http:\/\/lechappeeclose.it\/it\/wp-json\/wp\/v2\/media?parent=12773"}],"wp:term":[{"taxonomy":"product_brand","embeddable":true,"href":"http:\/\/lechappeeclose.it\/it\/wp-json\/wp\/v2\/product_brand?post=12773"},{"taxonomy":"product_cat","embeddable":true,"href":"http:\/\/lechappeeclose.it\/it\/wp-json\/wp\/v2\/product_cat?post=12773"},{"taxonomy":"product_tag","embeddable":true,"href":"http:\/\/lechappeeclose.it\/it\/wp-json\/wp\/v2\/product_tag?post=12773"}],"curies":[{"name":"wp","href":"https:\/\/api.w.org\/{rel}","templated":true}]}}