{"id":12769,"date":"2026-02-06T17:23:15","date_gmt":"2026-02-06T16:23:15","guid":{"rendered":"https:\/\/lechappeeclose.it\/boutique\/non class\u00e9\/jean-louis-avril\/"},"modified":"2026-02-06T17:23:15","modified_gmt":"2026-02-06T16:23:15","slug":"jean-louis-avril","status":"publish","type":"product","link":"http:\/\/lechappeeclose.it\/it\/boutique\/livres\/arts\/design\/jean-louis-avril\/","title":{"rendered":"Jean Louis Avril"},"content":{"rendered":"<p>N\u00e9 en 1935 en France, Jean-Louis Avril \u00e9tudie l&#8217;architecture \u00e0 l&#8217;\u00e9cole nationale sup\u00e9rieure des Beaux-Arts. La technique est au centre de son processus de construction. Dans ces ann\u00e9es 60, il participe \u00e0 la contestation avec une g\u00e9n\u00e9ration d&#8217;\u00e9tudiants et de jeunes professionnels dont le groupe AJS A\u00e9rolande, Roland Castro et de nombreux artistes contemporains. Il se passionne pour le jazz et s&#8217;int\u00e9resse \u00e0 l&#8217;art minimal am\u00e9ricain en particulier \u00e0 l&#8217;oeuvre de Donald Judd.<br \/>\nCette monographie retrace son parcours et se concentre sur son mobilier, qui repr\u00e9sente le go\u00fbt et les aspirations d&#8217;une g\u00e9n\u00e9ration de baby-boomers. Il imagine une collection de son temps, d\u00e9mocratique et recyclable. Le choix du Celloderm, un d\u00e9riv\u00e9 du carton, permet un langage simple et juste sur le plan du design. Les solutions affichent des id\u00e9es fortes : une belle forme, une fonction pratique, un prix accessible. Ses cr\u00e9ations connaissent un grand succ\u00e8s. S\u00e9lectionn\u00e9 dans des expositions historiques : \u00ab L&#8217;Univers des jeunes \u00bb en 1967, \u00ab Les Assises du si\u00e8ge contemporain \u00bb en 1968, la Triennale de Milan en 1968, il connait une reconnaissance m\u00e9diatique, avec de nombreuses parutions presse. Avec la cr\u00e9ation de la soci\u00e9t\u00e9 Marty-Lac (Les applications du carton) en 1967 associ\u00e9 avec son beau-p\u00e8re, il rencontre un succ\u00e8s commercial en d\u00e9veloppant de nombreux mod\u00e8les de meubles, assises, tables, lits, \u00e9tag\u00e8res et luminaires. Ils proposent une strat\u00e9gie, un catalogue, des points de vente et une exportation en Angleterre avec Hull traders. Il con\u00e7oit m\u00eame un magasin exp\u00e9rimental \u00e0 Saint-Tropez avec Andr\u00e9e Putman. Fid\u00e8le \u00e0 son engagement d&#8217;architecte, il imagine aussi des espaces int\u00e9rieurs d&#8217;une grande efficacit\u00e9 spatiale<\/p>","protected":false},"excerpt":{"rendered":"<p>N\u00e9 en 1935 en France, Jean-Louis Avril \u00e9tudie l&#8217;architecture \u00e0 l&#8217;\u00e9cole nationale sup\u00e9rieure des Beaux-Arts. La technique est au centre de son processus de construction. Dans ces ann\u00e9es 60, il participe \u00e0 la contestation avec une g\u00e9n\u00e9ration d&#8217;\u00e9tudiants et de jeunes professionnels dont le groupe AJS A\u00e9rolande, Roland Castro et de nombreux artistes contemporains. Il [&hellip;]<\/p>","protected":false},"featured_media":12768,"comment_status":"open","ping_status":"closed","template":"","meta":[],"product_brand":[],"product_cat":[38],"product_tag":[],"class_list":{"0":"post-12769","1":"product","2":"type-product","3":"status-publish","4":"has-post-thumbnail","6":"product_cat-design","8":"first","9":"instock","10":"taxable","11":"shipping-taxable","12":"purchasable","13":"product-type-simple"},"yoast_head":"<!-- This site is optimized with the Yoast SEO plugin v27.4 - https:\/\/yoast.com\/product\/yoast-seo-wordpress\/ -->\n<title>Jean Louis Avril - l&#039;\u00e9chapp\u00e9e close<\/title>\n<meta name=\"robots\" content=\"index, follow, max-snippet:-1, max-image-preview:large, max-video-preview:-1\" \/>\n<link rel=\"canonical\" href=\"https:\/\/lechappeeclose.it\/it\/boutique\/livres\/arts\/design\/jean-louis-avril\/\" \/>\n<meta property=\"og:locale\" content=\"it_IT\" \/>\n<meta property=\"og:type\" content=\"article\" \/>\n<meta property=\"og:title\" content=\"Jean Louis Avril - l&#039;\u00e9chapp\u00e9e close\" \/>\n<meta property=\"og:description\" content=\"N\u00e9 en 1935 en France, Jean-Louis Avril \u00e9tudie l&#8217;architecture \u00e0 l&#8217;\u00e9cole nationale sup\u00e9rieure des Beaux-Arts. La technique est au centre de son processus de construction. Dans ces ann\u00e9es 60, il participe \u00e0 la contestation avec une g\u00e9n\u00e9ration d&#8217;\u00e9tudiants et de jeunes professionnels dont le groupe AJS A\u00e9rolande, Roland Castro et de nombreux artistes contemporains. Il [&hellip;]\" \/>\n<meta property=\"og:url\" content=\"https:\/\/lechappeeclose.it\/it\/boutique\/livres\/arts\/design\/jean-louis-avril\/\" \/>\n<meta property=\"og:site_name\" content=\"l&#039;\u00e9chapp\u00e9e close\" \/>\n<meta property=\"og:image\" content=\"https:\/\/lechappeeclose.it\/wp-content\/uploads\/2026\/02\/Jean-Louis-Avril.jpeg\" \/>\n\t<meta property=\"og:image:width\" content=\"800\" \/>\n\t<meta property=\"og:image:height\" content=\"995\" \/>\n\t<meta property=\"og:image:type\" content=\"image\/jpeg\" \/>\n<meta name=\"twitter:card\" content=\"summary_large_image\" \/>\n<meta name=\"twitter:label1\" content=\"Tempo di lettura stimato\" \/>\n\t<meta name=\"twitter:data1\" content=\"1 minuto\" \/>\n<script type=\"application\/ld+json\" class=\"yoast-schema-graph\">{\"@context\":\"https:\\\/\\\/schema.org\",\"@graph\":[{\"@type\":\"WebPage\",\"@id\":\"https:\\\/\\\/lechappeeclose.it\\\/boutique\\\/livres\\\/arts\\\/design\\\/jean-louis-avril\\\/\",\"url\":\"https:\\\/\\\/lechappeeclose.it\\\/boutique\\\/livres\\\/arts\\\/design\\\/jean-louis-avril\\\/\",\"name\":\"Jean Louis Avril - l&#039;\u00e9chapp\u00e9e close\",\"isPartOf\":{\"@id\":\"http:\\\/\\\/lechappeeclose.it\\\/#website\"},\"primaryImageOfPage\":{\"@id\":\"https:\\\/\\\/lechappeeclose.it\\\/boutique\\\/livres\\\/arts\\\/design\\\/jean-louis-avril\\\/#primaryimage\"},\"image\":{\"@id\":\"https:\\\/\\\/lechappeeclose.it\\\/boutique\\\/livres\\\/arts\\\/design\\\/jean-louis-avril\\\/#primaryimage\"},\"thumbnailUrl\":\"http:\\\/\\\/lechappeeclose.it\\\/wp-content\\\/uploads\\\/2026\\\/02\\\/Jean-Louis-Avril.jpeg\",\"datePublished\":\"2026-02-06T16:23:15+00:00\",\"breadcrumb\":{\"@id\":\"https:\\\/\\\/lechappeeclose.it\\\/boutique\\\/livres\\\/arts\\\/design\\\/jean-louis-avril\\\/#breadcrumb\"},\"inLanguage\":\"it-IT\",\"potentialAction\":[{\"@type\":\"ReadAction\",\"target\":[\"https:\\\/\\\/lechappeeclose.it\\\/boutique\\\/livres\\\/arts\\\/design\\\/jean-louis-avril\\\/\"]}]},{\"@type\":\"ImageObject\",\"inLanguage\":\"it-IT\",\"@id\":\"https:\\\/\\\/lechappeeclose.it\\\/boutique\\\/livres\\\/arts\\\/design\\\/jean-louis-avril\\\/#primaryimage\",\"url\":\"http:\\\/\\\/lechappeeclose.it\\\/wp-content\\\/uploads\\\/2026\\\/02\\\/Jean-Louis-Avril.jpeg\",\"contentUrl\":\"http:\\\/\\\/lechappeeclose.it\\\/wp-content\\\/uploads\\\/2026\\\/02\\\/Jean-Louis-Avril.jpeg\",\"width\":800,\"height\":995},{\"@type\":\"BreadcrumbList\",\"@id\":\"https:\\\/\\\/lechappeeclose.it\\\/boutique\\\/livres\\\/arts\\\/design\\\/jean-louis-avril\\\/#breadcrumb\",\"itemListElement\":[{\"@type\":\"ListItem\",\"position\":1,\"name\":\"Accueil\",\"item\":\"http:\\\/\\\/lechappeeclose.it\\\/\"},{\"@type\":\"ListItem\",\"position\":2,\"name\":\"Boutique\",\"item\":\"http:\\\/\\\/lechappeeclose.it\\\/boutique\\\/\"},{\"@type\":\"ListItem\",\"position\":3,\"name\":\"Jean Louis Avril\"}]},{\"@type\":\"WebSite\",\"@id\":\"http:\\\/\\\/lechappeeclose.it\\\/#website\",\"url\":\"http:\\\/\\\/lechappeeclose.it\\\/\",\"name\":\"l&#039;\u00e9chapp\u00e9e close\",\"description\":\"la librairie fran\u00e7aise de Milan\",\"publisher\":{\"@id\":\"http:\\\/\\\/lechappeeclose.it\\\/#organization\"},\"alternateName\":\"La librairie fran\u00e7aise de Milan\",\"potentialAction\":[{\"@type\":\"SearchAction\",\"target\":{\"@type\":\"EntryPoint\",\"urlTemplate\":\"http:\\\/\\\/lechappeeclose.it\\\/?s={search_term_string}\"},\"query-input\":{\"@type\":\"PropertyValueSpecification\",\"valueRequired\":true,\"valueName\":\"search_term_string\"}}],\"inLanguage\":\"it-IT\"},{\"@type\":\"Organization\",\"@id\":\"http:\\\/\\\/lechappeeclose.it\\\/#organization\",\"name\":\"l&#039;\u00e9chapp\u00e9e close\",\"url\":\"http:\\\/\\\/lechappeeclose.it\\\/\",\"logo\":{\"@type\":\"ImageObject\",\"inLanguage\":\"it-IT\",\"@id\":\"http:\\\/\\\/lechappeeclose.it\\\/#\\\/schema\\\/logo\\\/image\\\/\",\"url\":\"http:\\\/\\\/lechappeeclose.it\\\/wp-content\\\/uploads\\\/2025\\\/02\\\/cropped-logo-rond.png\",\"contentUrl\":\"http:\\\/\\\/lechappeeclose.it\\\/wp-content\\\/uploads\\\/2025\\\/02\\\/cropped-logo-rond.png\",\"width\":1080,\"height\":1080,\"caption\":\"l&#039;\u00e9chapp\u00e9e close\"},\"image\":{\"@id\":\"http:\\\/\\\/lechappeeclose.it\\\/#\\\/schema\\\/logo\\\/image\\\/\"},\"sameAs\":[\"https:\\\/\\\/www.instagram.com\\\/lechappeeclose\\\/\"]}]}<\/script>\n<!-- \/ Yoast SEO plugin. -->","yoast_head_json":{"title":"Jean Louis Avril - l&#039;\u00e9chapp\u00e9e close","robots":{"index":"index","follow":"follow","max-snippet":"max-snippet:-1","max-image-preview":"max-image-preview:large","max-video-preview":"max-video-preview:-1"},"canonical":"https:\/\/lechappeeclose.it\/it\/boutique\/livres\/arts\/design\/jean-louis-avril\/","og_locale":"it_IT","og_type":"article","og_title":"Jean Louis Avril - l&#039;\u00e9chapp\u00e9e close","og_description":"N\u00e9 en 1935 en France, Jean-Louis Avril \u00e9tudie l&#8217;architecture \u00e0 l&#8217;\u00e9cole nationale sup\u00e9rieure des Beaux-Arts. La technique est au centre de son processus de construction. Dans ces ann\u00e9es 60, il participe \u00e0 la contestation avec une g\u00e9n\u00e9ration d&#8217;\u00e9tudiants et de jeunes professionnels dont le groupe AJS A\u00e9rolande, Roland Castro et de nombreux artistes contemporains. Il [&hellip;]","og_url":"https:\/\/lechappeeclose.it\/it\/boutique\/livres\/arts\/design\/jean-louis-avril\/","og_site_name":"l&#039;\u00e9chapp\u00e9e close","og_image":[{"width":800,"height":995,"url":"https:\/\/lechappeeclose.it\/wp-content\/uploads\/2026\/02\/Jean-Louis-Avril.jpeg","type":"image\/jpeg"}],"twitter_card":"summary_large_image","twitter_misc":{"Tempo di lettura stimato":"1 minuto"},"schema":{"@context":"https:\/\/schema.org","@graph":[{"@type":"WebPage","@id":"https:\/\/lechappeeclose.it\/boutique\/livres\/arts\/design\/jean-louis-avril\/","url":"https:\/\/lechappeeclose.it\/boutique\/livres\/arts\/design\/jean-louis-avril\/","name":"Jean Louis Avril - l&#039;\u00e9chapp\u00e9e close","isPartOf":{"@id":"http:\/\/lechappeeclose.it\/#website"},"primaryImageOfPage":{"@id":"https:\/\/lechappeeclose.it\/boutique\/livres\/arts\/design\/jean-louis-avril\/#primaryimage"},"image":{"@id":"https:\/\/lechappeeclose.it\/boutique\/livres\/arts\/design\/jean-louis-avril\/#primaryimage"},"thumbnailUrl":"http:\/\/lechappeeclose.it\/wp-content\/uploads\/2026\/02\/Jean-Louis-Avril.jpeg","datePublished":"2026-02-06T16:23:15+00:00","breadcrumb":{"@id":"https:\/\/lechappeeclose.it\/boutique\/livres\/arts\/design\/jean-louis-avril\/#breadcrumb"},"inLanguage":"it-IT","potentialAction":[{"@type":"ReadAction","target":["https:\/\/lechappeeclose.it\/boutique\/livres\/arts\/design\/jean-louis-avril\/"]}]},{"@type":"ImageObject","inLanguage":"it-IT","@id":"https:\/\/lechappeeclose.it\/boutique\/livres\/arts\/design\/jean-louis-avril\/#primaryimage","url":"http:\/\/lechappeeclose.it\/wp-content\/uploads\/2026\/02\/Jean-Louis-Avril.jpeg","contentUrl":"http:\/\/lechappeeclose.it\/wp-content\/uploads\/2026\/02\/Jean-Louis-Avril.jpeg","width":800,"height":995},{"@type":"BreadcrumbList","@id":"https:\/\/lechappeeclose.it\/boutique\/livres\/arts\/design\/jean-louis-avril\/#breadcrumb","itemListElement":[{"@type":"ListItem","position":1,"name":"Accueil","item":"http:\/\/lechappeeclose.it\/"},{"@type":"ListItem","position":2,"name":"Boutique","item":"http:\/\/lechappeeclose.it\/boutique\/"},{"@type":"ListItem","position":3,"name":"Jean Louis Avril"}]},{"@type":"WebSite","@id":"http:\/\/lechappeeclose.it\/#website","url":"http:\/\/lechappeeclose.it\/","name":"l&#039;\u00e9chapp\u00e9e close","description":"La libreria francese di Milano","publisher":{"@id":"http:\/\/lechappeeclose.it\/#organization"},"alternateName":"La librairie fran\u00e7aise de Milan","potentialAction":[{"@type":"SearchAction","target":{"@type":"EntryPoint","urlTemplate":"http:\/\/lechappeeclose.it\/?s={search_term_string}"},"query-input":{"@type":"PropertyValueSpecification","valueRequired":true,"valueName":"search_term_string"}}],"inLanguage":"it-IT"},{"@type":"Organization","@id":"http:\/\/lechappeeclose.it\/#organization","name":"l&#039;\u00e9chapp\u00e9e close","url":"http:\/\/lechappeeclose.it\/","logo":{"@type":"ImageObject","inLanguage":"it-IT","@id":"http:\/\/lechappeeclose.it\/#\/schema\/logo\/image\/","url":"http:\/\/lechappeeclose.it\/wp-content\/uploads\/2025\/02\/cropped-logo-rond.png","contentUrl":"http:\/\/lechappeeclose.it\/wp-content\/uploads\/2025\/02\/cropped-logo-rond.png","width":1080,"height":1080,"caption":"l&#039;\u00e9chapp\u00e9e close"},"image":{"@id":"http:\/\/lechappeeclose.it\/#\/schema\/logo\/image\/"},"sameAs":["https:\/\/www.instagram.com\/lechappeeclose\/"]}]}},"_links":{"self":[{"href":"http:\/\/lechappeeclose.it\/it\/wp-json\/wp\/v2\/product\/12769","targetHints":{"allow":["GET"]}}],"collection":[{"href":"http:\/\/lechappeeclose.it\/it\/wp-json\/wp\/v2\/product"}],"about":[{"href":"http:\/\/lechappeeclose.it\/it\/wp-json\/wp\/v2\/types\/product"}],"replies":[{"embeddable":true,"href":"http:\/\/lechappeeclose.it\/it\/wp-json\/wp\/v2\/comments?post=12769"}],"wp:featuredmedia":[{"embeddable":true,"href":"http:\/\/lechappeeclose.it\/it\/wp-json\/wp\/v2\/media\/12768"}],"wp:attachment":[{"href":"http:\/\/lechappeeclose.it\/it\/wp-json\/wp\/v2\/media?parent=12769"}],"wp:term":[{"taxonomy":"product_brand","embeddable":true,"href":"http:\/\/lechappeeclose.it\/it\/wp-json\/wp\/v2\/product_brand?post=12769"},{"taxonomy":"product_cat","embeddable":true,"href":"http:\/\/lechappeeclose.it\/it\/wp-json\/wp\/v2\/product_cat?post=12769"},{"taxonomy":"product_tag","embeddable":true,"href":"http:\/\/lechappeeclose.it\/it\/wp-json\/wp\/v2\/product_tag?post=12769"}],"curies":[{"name":"wp","href":"https:\/\/api.w.org\/{rel}","templated":true}]}}