{"id":12763,"date":"2026-02-04T17:17:28","date_gmt":"2026-02-04T16:17:28","guid":{"rendered":"https:\/\/lechappeeclose.it\/boutique\/non class\u00e9\/le-panettone-dix-facons-de-le-preparer\/"},"modified":"2026-02-04T17:17:28","modified_gmt":"2026-02-04T16:17:28","slug":"le-panettone-dix-facons-de-le-preparer","status":"publish","type":"product","link":"http:\/\/lechappeeclose.it\/it\/boutique\/livres\/arts\/art-culinaire\/le-panettone-dix-facons-de-le-preparer\/","title":{"rendered":"Le panettone, dix fa\u00e7ons de le pr\u00e9parer"},"content":{"rendered":"<p>Brioch\u00e9, riche, moelleux, g\u00e9n\u00e9reux, enveloppant dans ses effluves de beurre, de fruits confits et de raisins secs\u00a0: c\u2019est une exaltation de parfums et de saveurs, une consistance l\u00e9g\u00e8re et alv\u00e9ol\u00e9e sous forme d\u2019un grand pain sucr\u00e9.\u00a0C\u2019est avec une tranche de panettone que les familles italiennes \u00e9changent leurs v\u0153ux de No\u00ebl. Entre histoire et l\u00e9gende, une tradition charg\u00e9e de mythes et de symboles, on ne sait pas vraiment si ce g\u00e2teau est n\u00e9 d\u2019une grave erreur ou d\u2019un grand amour. La v\u00e9rit\u00e9 historique lui attribue son origine au Moyen \u00c2ge, o\u00f9, pour c\u00e9l\u00e9brer dignement No\u00ebl, la coutume \u00e9tait de garnir le pain quotidien au froment de miel, de zestes d\u2019agrumes, de fruits secs et de beurre. Mais seul le pain milanais s\u2019est transform\u00e9 en panettone, avant de se r\u00e9pandre dans toutes les provinces d\u2019Italie et bien au-del\u00e0.RecettesPanettone (recette rapide et facile)Cro\u00fbte de panettone, bresaola et l\u00e9gumes en saladeMillefeuille de panettone et foie grasBruschetta de panettone, c\u00e9leri rave, c\u00e8pes, ch\u00e2taignesPanettone \u00e0 la saucisseGnocchi de panettone, sauce au safran et raisins secsP\u00e2tes \u00e0 l\u2019\u00e9peautre, panettone, rougets et coquilles Saint-JacquesRisotto au panettoneVelout\u00e9 de courge et cro\u00fbtons de panettoneBouch\u00e9es de Panettone au chocolat.Tarte aux pommes de Panettone<\/p>","protected":false},"excerpt":{"rendered":"<p>Brioch\u00e9, riche, moelleux, g\u00e9n\u00e9reux, enveloppant dans ses effluves de beurre, de fruits confits et de raisins secs\u00a0: c\u2019est une exaltation de parfums et de saveurs, une consistance l\u00e9g\u00e8re et alv\u00e9ol\u00e9e sous forme d\u2019un grand pain sucr\u00e9.\u00a0C\u2019est avec une tranche de panettone que les familles italiennes \u00e9changent leurs v\u0153ux de No\u00ebl. Entre histoire et l\u00e9gende, une [&hellip;]<\/p>","protected":false},"featured_media":12762,"comment_status":"open","ping_status":"closed","template":"","meta":[],"product_brand":[],"product_cat":[44],"product_tag":[],"class_list":{"0":"post-12763","1":"product","2":"type-product","3":"status-publish","4":"has-post-thumbnail","6":"product_cat-art-culinaire","8":"first","9":"instock","10":"taxable","11":"shipping-taxable","12":"purchasable","13":"product-type-simple"},"yoast_head":"<!-- This site is optimized with the Yoast SEO plugin v27.4 - https:\/\/yoast.com\/product\/yoast-seo-wordpress\/ -->\n<title>Le panettone, dix fa\u00e7ons de le pr\u00e9parer - l&#039;\u00e9chapp\u00e9e close<\/title>\n<meta name=\"robots\" content=\"index, follow, max-snippet:-1, max-image-preview:large, max-video-preview:-1\" \/>\n<link rel=\"canonical\" href=\"http:\/\/lechappeeclose.it\/it\/boutique\/livres\/arts\/art-culinaire\/le-panettone-dix-facons-de-le-preparer\/\" \/>\n<meta property=\"og:locale\" content=\"it_IT\" \/>\n<meta property=\"og:type\" content=\"article\" \/>\n<meta property=\"og:title\" content=\"Le panettone, dix fa\u00e7ons de le pr\u00e9parer - l&#039;\u00e9chapp\u00e9e close\" \/>\n<meta property=\"og:description\" content=\"Brioch\u00e9, riche, moelleux, g\u00e9n\u00e9reux, enveloppant dans ses effluves de beurre, de fruits confits et de raisins secs\u00a0: c\u2019est une exaltation de parfums et de saveurs, une consistance l\u00e9g\u00e8re et alv\u00e9ol\u00e9e sous forme d\u2019un grand pain sucr\u00e9.\u00a0C\u2019est avec une tranche de panettone que les familles italiennes \u00e9changent leurs v\u0153ux de No\u00ebl. Entre histoire et l\u00e9gende, une [&hellip;]\" \/>\n<meta property=\"og:url\" content=\"http:\/\/lechappeeclose.it\/it\/boutique\/livres\/arts\/art-culinaire\/le-panettone-dix-facons-de-le-preparer\/\" \/>\n<meta property=\"og:site_name\" content=\"l&#039;\u00e9chapp\u00e9e close\" \/>\n<meta property=\"og:image\" content=\"http:\/\/lechappeeclose.it\/wp-content\/uploads\/2026\/02\/Le-panettone-dix-facons-de-le-preparer.jpeg\" \/>\n\t<meta property=\"og:image:width\" content=\"1000\" \/>\n\t<meta property=\"og:image:height\" content=\"1741\" \/>\n\t<meta property=\"og:image:type\" content=\"image\/jpeg\" \/>\n<meta name=\"twitter:card\" content=\"summary_large_image\" \/>\n<meta name=\"twitter:label1\" content=\"Tempo di lettura stimato\" \/>\n\t<meta name=\"twitter:data1\" content=\"1 minuto\" \/>\n<script type=\"application\/ld+json\" class=\"yoast-schema-graph\">{\"@context\":\"https:\\\/\\\/schema.org\",\"@graph\":[{\"@type\":\"WebPage\",\"@id\":\"http:\\\/\\\/lechappeeclose.it\\\/boutique\\\/livres\\\/arts\\\/art-culinaire\\\/le-panettone-dix-facons-de-le-preparer\\\/\",\"url\":\"http:\\\/\\\/lechappeeclose.it\\\/boutique\\\/livres\\\/arts\\\/art-culinaire\\\/le-panettone-dix-facons-de-le-preparer\\\/\",\"name\":\"Le panettone, dix fa\u00e7ons de le pr\u00e9parer - l&#039;\u00e9chapp\u00e9e close\",\"isPartOf\":{\"@id\":\"http:\\\/\\\/lechappeeclose.it\\\/#website\"},\"primaryImageOfPage\":{\"@id\":\"http:\\\/\\\/lechappeeclose.it\\\/boutique\\\/livres\\\/arts\\\/art-culinaire\\\/le-panettone-dix-facons-de-le-preparer\\\/#primaryimage\"},\"image\":{\"@id\":\"http:\\\/\\\/lechappeeclose.it\\\/boutique\\\/livres\\\/arts\\\/art-culinaire\\\/le-panettone-dix-facons-de-le-preparer\\\/#primaryimage\"},\"thumbnailUrl\":\"http:\\\/\\\/lechappeeclose.it\\\/wp-content\\\/uploads\\\/2026\\\/02\\\/Le-panettone-dix-facons-de-le-preparer.jpeg\",\"datePublished\":\"2026-02-04T16:17:28+00:00\",\"breadcrumb\":{\"@id\":\"http:\\\/\\\/lechappeeclose.it\\\/boutique\\\/livres\\\/arts\\\/art-culinaire\\\/le-panettone-dix-facons-de-le-preparer\\\/#breadcrumb\"},\"inLanguage\":\"it-IT\",\"potentialAction\":[{\"@type\":\"ReadAction\",\"target\":[\"http:\\\/\\\/lechappeeclose.it\\\/boutique\\\/livres\\\/arts\\\/art-culinaire\\\/le-panettone-dix-facons-de-le-preparer\\\/\"]}]},{\"@type\":\"ImageObject\",\"inLanguage\":\"it-IT\",\"@id\":\"http:\\\/\\\/lechappeeclose.it\\\/boutique\\\/livres\\\/arts\\\/art-culinaire\\\/le-panettone-dix-facons-de-le-preparer\\\/#primaryimage\",\"url\":\"http:\\\/\\\/lechappeeclose.it\\\/wp-content\\\/uploads\\\/2026\\\/02\\\/Le-panettone-dix-facons-de-le-preparer.jpeg\",\"contentUrl\":\"http:\\\/\\\/lechappeeclose.it\\\/wp-content\\\/uploads\\\/2026\\\/02\\\/Le-panettone-dix-facons-de-le-preparer.jpeg\",\"width\":1000,\"height\":1741},{\"@type\":\"BreadcrumbList\",\"@id\":\"http:\\\/\\\/lechappeeclose.it\\\/boutique\\\/livres\\\/arts\\\/art-culinaire\\\/le-panettone-dix-facons-de-le-preparer\\\/#breadcrumb\",\"itemListElement\":[{\"@type\":\"ListItem\",\"position\":1,\"name\":\"Accueil\",\"item\":\"http:\\\/\\\/lechappeeclose.it\\\/\"},{\"@type\":\"ListItem\",\"position\":2,\"name\":\"Boutique\",\"item\":\"http:\\\/\\\/lechappeeclose.it\\\/it\\\/boutique\\\/\"},{\"@type\":\"ListItem\",\"position\":3,\"name\":\"Le panettone, dix fa\u00e7ons de le pr\u00e9parer\"}]},{\"@type\":\"WebSite\",\"@id\":\"http:\\\/\\\/lechappeeclose.it\\\/#website\",\"url\":\"http:\\\/\\\/lechappeeclose.it\\\/\",\"name\":\"l&#039;\u00e9chapp\u00e9e close\",\"description\":\"la librairie fran\u00e7aise de Milan\",\"publisher\":{\"@id\":\"http:\\\/\\\/lechappeeclose.it\\\/#organization\"},\"alternateName\":\"La librairie fran\u00e7aise de Milan\",\"potentialAction\":[{\"@type\":\"SearchAction\",\"target\":{\"@type\":\"EntryPoint\",\"urlTemplate\":\"http:\\\/\\\/lechappeeclose.it\\\/?s={search_term_string}\"},\"query-input\":{\"@type\":\"PropertyValueSpecification\",\"valueRequired\":true,\"valueName\":\"search_term_string\"}}],\"inLanguage\":\"it-IT\"},{\"@type\":\"Organization\",\"@id\":\"http:\\\/\\\/lechappeeclose.it\\\/#organization\",\"name\":\"l&#039;\u00e9chapp\u00e9e close\",\"url\":\"http:\\\/\\\/lechappeeclose.it\\\/\",\"logo\":{\"@type\":\"ImageObject\",\"inLanguage\":\"it-IT\",\"@id\":\"http:\\\/\\\/lechappeeclose.it\\\/#\\\/schema\\\/logo\\\/image\\\/\",\"url\":\"http:\\\/\\\/lechappeeclose.it\\\/wp-content\\\/uploads\\\/2025\\\/02\\\/cropped-logo-rond.png\",\"contentUrl\":\"http:\\\/\\\/lechappeeclose.it\\\/wp-content\\\/uploads\\\/2025\\\/02\\\/cropped-logo-rond.png\",\"width\":1080,\"height\":1080,\"caption\":\"l&#039;\u00e9chapp\u00e9e close\"},\"image\":{\"@id\":\"http:\\\/\\\/lechappeeclose.it\\\/#\\\/schema\\\/logo\\\/image\\\/\"},\"sameAs\":[\"https:\\\/\\\/www.instagram.com\\\/lechappeeclose\\\/\"]}]}<\/script>\n<!-- \/ Yoast SEO plugin. -->","yoast_head_json":{"title":"Le panettone, dix fa\u00e7ons de le pr\u00e9parer - l&#039;\u00e9chapp\u00e9e close","robots":{"index":"index","follow":"follow","max-snippet":"max-snippet:-1","max-image-preview":"max-image-preview:large","max-video-preview":"max-video-preview:-1"},"canonical":"http:\/\/lechappeeclose.it\/it\/boutique\/livres\/arts\/art-culinaire\/le-panettone-dix-facons-de-le-preparer\/","og_locale":"it_IT","og_type":"article","og_title":"Le panettone, dix fa\u00e7ons de le pr\u00e9parer - l&#039;\u00e9chapp\u00e9e close","og_description":"Brioch\u00e9, riche, moelleux, g\u00e9n\u00e9reux, enveloppant dans ses effluves de beurre, de fruits confits et de raisins secs\u00a0: c\u2019est une exaltation de parfums et de saveurs, une consistance l\u00e9g\u00e8re et alv\u00e9ol\u00e9e sous forme d\u2019un grand pain sucr\u00e9.\u00a0C\u2019est avec une tranche de panettone que les familles italiennes \u00e9changent leurs v\u0153ux de No\u00ebl. Entre histoire et l\u00e9gende, une [&hellip;]","og_url":"http:\/\/lechappeeclose.it\/it\/boutique\/livres\/arts\/art-culinaire\/le-panettone-dix-facons-de-le-preparer\/","og_site_name":"l&#039;\u00e9chapp\u00e9e close","og_image":[{"width":1000,"height":1741,"url":"http:\/\/lechappeeclose.it\/wp-content\/uploads\/2026\/02\/Le-panettone-dix-facons-de-le-preparer.jpeg","type":"image\/jpeg"}],"twitter_card":"summary_large_image","twitter_misc":{"Tempo di lettura stimato":"1 minuto"},"schema":{"@context":"https:\/\/schema.org","@graph":[{"@type":"WebPage","@id":"http:\/\/lechappeeclose.it\/boutique\/livres\/arts\/art-culinaire\/le-panettone-dix-facons-de-le-preparer\/","url":"http:\/\/lechappeeclose.it\/boutique\/livres\/arts\/art-culinaire\/le-panettone-dix-facons-de-le-preparer\/","name":"Le panettone, dix fa\u00e7ons de le pr\u00e9parer - l&#039;\u00e9chapp\u00e9e close","isPartOf":{"@id":"http:\/\/lechappeeclose.it\/#website"},"primaryImageOfPage":{"@id":"http:\/\/lechappeeclose.it\/boutique\/livres\/arts\/art-culinaire\/le-panettone-dix-facons-de-le-preparer\/#primaryimage"},"image":{"@id":"http:\/\/lechappeeclose.it\/boutique\/livres\/arts\/art-culinaire\/le-panettone-dix-facons-de-le-preparer\/#primaryimage"},"thumbnailUrl":"http:\/\/lechappeeclose.it\/wp-content\/uploads\/2026\/02\/Le-panettone-dix-facons-de-le-preparer.jpeg","datePublished":"2026-02-04T16:17:28+00:00","breadcrumb":{"@id":"http:\/\/lechappeeclose.it\/boutique\/livres\/arts\/art-culinaire\/le-panettone-dix-facons-de-le-preparer\/#breadcrumb"},"inLanguage":"it-IT","potentialAction":[{"@type":"ReadAction","target":["http:\/\/lechappeeclose.it\/boutique\/livres\/arts\/art-culinaire\/le-panettone-dix-facons-de-le-preparer\/"]}]},{"@type":"ImageObject","inLanguage":"it-IT","@id":"http:\/\/lechappeeclose.it\/boutique\/livres\/arts\/art-culinaire\/le-panettone-dix-facons-de-le-preparer\/#primaryimage","url":"http:\/\/lechappeeclose.it\/wp-content\/uploads\/2026\/02\/Le-panettone-dix-facons-de-le-preparer.jpeg","contentUrl":"http:\/\/lechappeeclose.it\/wp-content\/uploads\/2026\/02\/Le-panettone-dix-facons-de-le-preparer.jpeg","width":1000,"height":1741},{"@type":"BreadcrumbList","@id":"http:\/\/lechappeeclose.it\/boutique\/livres\/arts\/art-culinaire\/le-panettone-dix-facons-de-le-preparer\/#breadcrumb","itemListElement":[{"@type":"ListItem","position":1,"name":"Accueil","item":"http:\/\/lechappeeclose.it\/"},{"@type":"ListItem","position":2,"name":"Boutique","item":"http:\/\/lechappeeclose.it\/it\/boutique\/"},{"@type":"ListItem","position":3,"name":"Le panettone, dix fa\u00e7ons de le pr\u00e9parer"}]},{"@type":"WebSite","@id":"http:\/\/lechappeeclose.it\/#website","url":"http:\/\/lechappeeclose.it\/","name":"l&#039;\u00e9chapp\u00e9e close","description":"La libreria francese di Milano","publisher":{"@id":"http:\/\/lechappeeclose.it\/#organization"},"alternateName":"La librairie fran\u00e7aise de Milan","potentialAction":[{"@type":"SearchAction","target":{"@type":"EntryPoint","urlTemplate":"http:\/\/lechappeeclose.it\/?s={search_term_string}"},"query-input":{"@type":"PropertyValueSpecification","valueRequired":true,"valueName":"search_term_string"}}],"inLanguage":"it-IT"},{"@type":"Organization","@id":"http:\/\/lechappeeclose.it\/#organization","name":"l&#039;\u00e9chapp\u00e9e close","url":"http:\/\/lechappeeclose.it\/","logo":{"@type":"ImageObject","inLanguage":"it-IT","@id":"http:\/\/lechappeeclose.it\/#\/schema\/logo\/image\/","url":"http:\/\/lechappeeclose.it\/wp-content\/uploads\/2025\/02\/cropped-logo-rond.png","contentUrl":"http:\/\/lechappeeclose.it\/wp-content\/uploads\/2025\/02\/cropped-logo-rond.png","width":1080,"height":1080,"caption":"l&#039;\u00e9chapp\u00e9e close"},"image":{"@id":"http:\/\/lechappeeclose.it\/#\/schema\/logo\/image\/"},"sameAs":["https:\/\/www.instagram.com\/lechappeeclose\/"]}]}},"_links":{"self":[{"href":"http:\/\/lechappeeclose.it\/it\/wp-json\/wp\/v2\/product\/12763","targetHints":{"allow":["GET"]}}],"collection":[{"href":"http:\/\/lechappeeclose.it\/it\/wp-json\/wp\/v2\/product"}],"about":[{"href":"http:\/\/lechappeeclose.it\/it\/wp-json\/wp\/v2\/types\/product"}],"replies":[{"embeddable":true,"href":"http:\/\/lechappeeclose.it\/it\/wp-json\/wp\/v2\/comments?post=12763"}],"wp:featuredmedia":[{"embeddable":true,"href":"http:\/\/lechappeeclose.it\/it\/wp-json\/wp\/v2\/media\/12762"}],"wp:attachment":[{"href":"http:\/\/lechappeeclose.it\/it\/wp-json\/wp\/v2\/media?parent=12763"}],"wp:term":[{"taxonomy":"product_brand","embeddable":true,"href":"http:\/\/lechappeeclose.it\/it\/wp-json\/wp\/v2\/product_brand?post=12763"},{"taxonomy":"product_cat","embeddable":true,"href":"http:\/\/lechappeeclose.it\/it\/wp-json\/wp\/v2\/product_cat?post=12763"},{"taxonomy":"product_tag","embeddable":true,"href":"http:\/\/lechappeeclose.it\/it\/wp-json\/wp\/v2\/product_tag?post=12763"}],"curies":[{"name":"wp","href":"https:\/\/api.w.org\/{rel}","templated":true}]}}