{"id":12759,"date":"2026-02-04T17:16:31","date_gmt":"2026-02-04T16:16:31","guid":{"rendered":"https:\/\/lechappeeclose.it\/boutique\/non class\u00e9\/10-facons-de-preparer-les-poissons-deau-douce\/"},"modified":"2026-02-04T17:16:31","modified_gmt":"2026-02-04T16:16:31","slug":"10-facons-de-preparer-les-poissons-deau-douce","status":"publish","type":"product","link":"http:\/\/lechappeeclose.it\/it\/boutique\/livres\/arts\/art-culinaire\/10-facons-de-preparer-les-poissons-deau-douce\/","title":{"rendered":"10 fa\u00e7ons de pr\u00e9parer les poissons d&#8217;eau douce"},"content":{"rendered":"<p>Maki Manoukian et Marc-Amaury Legrand nous embarquent dans le monde savoureux des poissons d&#8217;eau douce, une ressource culinaire souvent m\u00e9connue mais riche en saveurs et en bienfaits pour notre palais exigeant. Alors que les mers et les oc\u00e9ans occupent le devant de la sc\u00e8ne gastronomique, les tr\u00e9sors aquatiques des lacs, des rivi\u00e8res, des fleuves et des \u00e9tangs sont souvent n\u00e9glig\u00e9s. C&#8217;est avec passion et cr\u00e9ativit\u00e9 qu&#8217;ils explorent dans ce \u00ab dix fa\u00e7ons \u00bb, une aventure humaine et gustative qui r\u00e9v\u00e8le la diversit\u00e9 de ces joyaux aquatiques. Ces poissons, souvent pr\u00e9sents dans nos eaux douces locales, offrent une palette de saveurs et de textures vari\u00e9es qui m\u00e9ritent d&#8217;\u00eatre explor\u00e9es.<\/p>","protected":false},"excerpt":{"rendered":"<p>Maki Manoukian et Marc-Amaury Legrand nous embarquent dans le monde savoureux des poissons d&#8217;eau douce, une ressource culinaire souvent m\u00e9connue mais riche en saveurs et en bienfaits pour notre palais exigeant. Alors que les mers et les oc\u00e9ans occupent le devant de la sc\u00e8ne gastronomique, les tr\u00e9sors aquatiques des lacs, des rivi\u00e8res, des fleuves et [&hellip;]<\/p>","protected":false},"featured_media":12758,"comment_status":"open","ping_status":"closed","template":"","meta":[],"product_brand":[],"product_cat":[44],"product_tag":[],"class_list":{"0":"post-12759","1":"product","2":"type-product","3":"status-publish","4":"has-post-thumbnail","6":"product_cat-art-culinaire","8":"first","9":"instock","10":"taxable","11":"shipping-taxable","12":"purchasable","13":"product-type-simple"},"yoast_head":"<!-- This site is optimized with the Yoast SEO plugin v27.3 - https:\/\/yoast.com\/product\/yoast-seo-wordpress\/ -->\n<title>10 fa\u00e7ons de pr\u00e9parer les poissons d&#039;eau douce - l&#039;\u00e9chapp\u00e9e close<\/title>\n<meta name=\"robots\" content=\"index, follow, max-snippet:-1, max-image-preview:large, max-video-preview:-1\" \/>\n<link rel=\"canonical\" href=\"https:\/\/lechappeeclose.it\/it\/boutique\/livres\/arts\/art-culinaire\/10-facons-de-preparer-les-poissons-deau-douce\/\" \/>\n<meta property=\"og:locale\" content=\"it_IT\" \/>\n<meta property=\"og:type\" content=\"article\" \/>\n<meta property=\"og:title\" content=\"10 fa\u00e7ons de pr\u00e9parer les poissons d&#039;eau douce - l&#039;\u00e9chapp\u00e9e close\" \/>\n<meta property=\"og:description\" content=\"Maki Manoukian et Marc-Amaury Legrand nous embarquent dans le monde savoureux des poissons d&#8217;eau douce, une ressource culinaire souvent m\u00e9connue mais riche en saveurs et en bienfaits pour notre palais exigeant. Alors que les mers et les oc\u00e9ans occupent le devant de la sc\u00e8ne gastronomique, les tr\u00e9sors aquatiques des lacs, des rivi\u00e8res, des fleuves et [&hellip;]\" \/>\n<meta property=\"og:url\" content=\"https:\/\/lechappeeclose.it\/it\/boutique\/livres\/arts\/art-culinaire\/10-facons-de-preparer-les-poissons-deau-douce\/\" \/>\n<meta property=\"og:site_name\" content=\"l&#039;\u00e9chapp\u00e9e close\" \/>\n<meta property=\"og:image\" content=\"https:\/\/lechappeeclose.it\/wp-content\/uploads\/2026\/02\/10-facons-de-preparer-les-poissons-deau-douce.jpeg\" \/>\n\t<meta property=\"og:image:width\" content=\"322\" \/>\n\t<meta property=\"og:image:height\" content=\"527\" \/>\n\t<meta property=\"og:image:type\" content=\"image\/jpeg\" \/>\n<meta name=\"twitter:card\" content=\"summary_large_image\" \/>\n<meta name=\"twitter:label1\" content=\"Tempo di lettura stimato\" \/>\n\t<meta name=\"twitter:data1\" content=\"1 minuto\" \/>\n<script type=\"application\/ld+json\" class=\"yoast-schema-graph\">{\"@context\":\"https:\\\/\\\/schema.org\",\"@graph\":[{\"@type\":\"WebPage\",\"@id\":\"https:\\\/\\\/lechappeeclose.it\\\/boutique\\\/livres\\\/arts\\\/art-culinaire\\\/10-facons-de-preparer-les-poissons-deau-douce\\\/\",\"url\":\"https:\\\/\\\/lechappeeclose.it\\\/boutique\\\/livres\\\/arts\\\/art-culinaire\\\/10-facons-de-preparer-les-poissons-deau-douce\\\/\",\"name\":\"10 fa\u00e7ons de pr\u00e9parer les poissons d'eau douce - l&#039;\u00e9chapp\u00e9e close\",\"isPartOf\":{\"@id\":\"http:\\\/\\\/lechappeeclose.it\\\/#website\"},\"primaryImageOfPage\":{\"@id\":\"https:\\\/\\\/lechappeeclose.it\\\/boutique\\\/livres\\\/arts\\\/art-culinaire\\\/10-facons-de-preparer-les-poissons-deau-douce\\\/#primaryimage\"},\"image\":{\"@id\":\"https:\\\/\\\/lechappeeclose.it\\\/boutique\\\/livres\\\/arts\\\/art-culinaire\\\/10-facons-de-preparer-les-poissons-deau-douce\\\/#primaryimage\"},\"thumbnailUrl\":\"http:\\\/\\\/lechappeeclose.it\\\/wp-content\\\/uploads\\\/2026\\\/02\\\/10-facons-de-preparer-les-poissons-deau-douce.jpeg\",\"datePublished\":\"2026-02-04T16:16:31+00:00\",\"breadcrumb\":{\"@id\":\"https:\\\/\\\/lechappeeclose.it\\\/boutique\\\/livres\\\/arts\\\/art-culinaire\\\/10-facons-de-preparer-les-poissons-deau-douce\\\/#breadcrumb\"},\"inLanguage\":\"it-IT\",\"potentialAction\":[{\"@type\":\"ReadAction\",\"target\":[\"https:\\\/\\\/lechappeeclose.it\\\/boutique\\\/livres\\\/arts\\\/art-culinaire\\\/10-facons-de-preparer-les-poissons-deau-douce\\\/\"]}]},{\"@type\":\"ImageObject\",\"inLanguage\":\"it-IT\",\"@id\":\"https:\\\/\\\/lechappeeclose.it\\\/boutique\\\/livres\\\/arts\\\/art-culinaire\\\/10-facons-de-preparer-les-poissons-deau-douce\\\/#primaryimage\",\"url\":\"http:\\\/\\\/lechappeeclose.it\\\/wp-content\\\/uploads\\\/2026\\\/02\\\/10-facons-de-preparer-les-poissons-deau-douce.jpeg\",\"contentUrl\":\"http:\\\/\\\/lechappeeclose.it\\\/wp-content\\\/uploads\\\/2026\\\/02\\\/10-facons-de-preparer-les-poissons-deau-douce.jpeg\",\"width\":322,\"height\":527},{\"@type\":\"BreadcrumbList\",\"@id\":\"https:\\\/\\\/lechappeeclose.it\\\/boutique\\\/livres\\\/arts\\\/art-culinaire\\\/10-facons-de-preparer-les-poissons-deau-douce\\\/#breadcrumb\",\"itemListElement\":[{\"@type\":\"ListItem\",\"position\":1,\"name\":\"Accueil\",\"item\":\"http:\\\/\\\/lechappeeclose.it\\\/\"},{\"@type\":\"ListItem\",\"position\":2,\"name\":\"Boutique\",\"item\":\"https:\\\/\\\/lechappeeclose.it\\\/boutique\\\/\"},{\"@type\":\"ListItem\",\"position\":3,\"name\":\"10 fa\u00e7ons de pr\u00e9parer les poissons d&#8217;eau douce\"}]},{\"@type\":\"WebSite\",\"@id\":\"http:\\\/\\\/lechappeeclose.it\\\/#website\",\"url\":\"http:\\\/\\\/lechappeeclose.it\\\/\",\"name\":\"l&#039;\u00e9chapp\u00e9e close\",\"description\":\"la librairie fran\u00e7aise de Milan\",\"publisher\":{\"@id\":\"http:\\\/\\\/lechappeeclose.it\\\/#organization\"},\"alternateName\":\"La librairie fran\u00e7aise de Milan\",\"potentialAction\":[{\"@type\":\"SearchAction\",\"target\":{\"@type\":\"EntryPoint\",\"urlTemplate\":\"http:\\\/\\\/lechappeeclose.it\\\/?s={search_term_string}\"},\"query-input\":{\"@type\":\"PropertyValueSpecification\",\"valueRequired\":true,\"valueName\":\"search_term_string\"}}],\"inLanguage\":\"it-IT\"},{\"@type\":\"Organization\",\"@id\":\"http:\\\/\\\/lechappeeclose.it\\\/#organization\",\"name\":\"l&#039;\u00e9chapp\u00e9e close\",\"url\":\"http:\\\/\\\/lechappeeclose.it\\\/\",\"logo\":{\"@type\":\"ImageObject\",\"inLanguage\":\"it-IT\",\"@id\":\"http:\\\/\\\/lechappeeclose.it\\\/#\\\/schema\\\/logo\\\/image\\\/\",\"url\":\"http:\\\/\\\/lechappeeclose.it\\\/wp-content\\\/uploads\\\/2025\\\/02\\\/cropped-logo-rond.png\",\"contentUrl\":\"http:\\\/\\\/lechappeeclose.it\\\/wp-content\\\/uploads\\\/2025\\\/02\\\/cropped-logo-rond.png\",\"width\":1080,\"height\":1080,\"caption\":\"l&#039;\u00e9chapp\u00e9e close\"},\"image\":{\"@id\":\"http:\\\/\\\/lechappeeclose.it\\\/#\\\/schema\\\/logo\\\/image\\\/\"},\"sameAs\":[\"https:\\\/\\\/www.instagram.com\\\/lechappeeclose\\\/\"]}]}<\/script>\n<!-- \/ Yoast SEO plugin. -->","yoast_head_json":{"title":"10 fa\u00e7ons de pr\u00e9parer les poissons d'eau douce - l&#039;\u00e9chapp\u00e9e close","robots":{"index":"index","follow":"follow","max-snippet":"max-snippet:-1","max-image-preview":"max-image-preview:large","max-video-preview":"max-video-preview:-1"},"canonical":"https:\/\/lechappeeclose.it\/it\/boutique\/livres\/arts\/art-culinaire\/10-facons-de-preparer-les-poissons-deau-douce\/","og_locale":"it_IT","og_type":"article","og_title":"10 fa\u00e7ons de pr\u00e9parer les poissons d'eau douce - l&#039;\u00e9chapp\u00e9e close","og_description":"Maki Manoukian et Marc-Amaury Legrand nous embarquent dans le monde savoureux des poissons d&#8217;eau douce, une ressource culinaire souvent m\u00e9connue mais riche en saveurs et en bienfaits pour notre palais exigeant. Alors que les mers et les oc\u00e9ans occupent le devant de la sc\u00e8ne gastronomique, les tr\u00e9sors aquatiques des lacs, des rivi\u00e8res, des fleuves et [&hellip;]","og_url":"https:\/\/lechappeeclose.it\/it\/boutique\/livres\/arts\/art-culinaire\/10-facons-de-preparer-les-poissons-deau-douce\/","og_site_name":"l&#039;\u00e9chapp\u00e9e close","og_image":[{"width":322,"height":527,"url":"https:\/\/lechappeeclose.it\/wp-content\/uploads\/2026\/02\/10-facons-de-preparer-les-poissons-deau-douce.jpeg","type":"image\/jpeg"}],"twitter_card":"summary_large_image","twitter_misc":{"Tempo di lettura stimato":"1 minuto"},"schema":{"@context":"https:\/\/schema.org","@graph":[{"@type":"WebPage","@id":"https:\/\/lechappeeclose.it\/boutique\/livres\/arts\/art-culinaire\/10-facons-de-preparer-les-poissons-deau-douce\/","url":"https:\/\/lechappeeclose.it\/boutique\/livres\/arts\/art-culinaire\/10-facons-de-preparer-les-poissons-deau-douce\/","name":"10 fa\u00e7ons de pr\u00e9parer les poissons d'eau douce - l&#039;\u00e9chapp\u00e9e close","isPartOf":{"@id":"http:\/\/lechappeeclose.it\/#website"},"primaryImageOfPage":{"@id":"https:\/\/lechappeeclose.it\/boutique\/livres\/arts\/art-culinaire\/10-facons-de-preparer-les-poissons-deau-douce\/#primaryimage"},"image":{"@id":"https:\/\/lechappeeclose.it\/boutique\/livres\/arts\/art-culinaire\/10-facons-de-preparer-les-poissons-deau-douce\/#primaryimage"},"thumbnailUrl":"http:\/\/lechappeeclose.it\/wp-content\/uploads\/2026\/02\/10-facons-de-preparer-les-poissons-deau-douce.jpeg","datePublished":"2026-02-04T16:16:31+00:00","breadcrumb":{"@id":"https:\/\/lechappeeclose.it\/boutique\/livres\/arts\/art-culinaire\/10-facons-de-preparer-les-poissons-deau-douce\/#breadcrumb"},"inLanguage":"it-IT","potentialAction":[{"@type":"ReadAction","target":["https:\/\/lechappeeclose.it\/boutique\/livres\/arts\/art-culinaire\/10-facons-de-preparer-les-poissons-deau-douce\/"]}]},{"@type":"ImageObject","inLanguage":"it-IT","@id":"https:\/\/lechappeeclose.it\/boutique\/livres\/arts\/art-culinaire\/10-facons-de-preparer-les-poissons-deau-douce\/#primaryimage","url":"http:\/\/lechappeeclose.it\/wp-content\/uploads\/2026\/02\/10-facons-de-preparer-les-poissons-deau-douce.jpeg","contentUrl":"http:\/\/lechappeeclose.it\/wp-content\/uploads\/2026\/02\/10-facons-de-preparer-les-poissons-deau-douce.jpeg","width":322,"height":527},{"@type":"BreadcrumbList","@id":"https:\/\/lechappeeclose.it\/boutique\/livres\/arts\/art-culinaire\/10-facons-de-preparer-les-poissons-deau-douce\/#breadcrumb","itemListElement":[{"@type":"ListItem","position":1,"name":"Accueil","item":"http:\/\/lechappeeclose.it\/"},{"@type":"ListItem","position":2,"name":"Boutique","item":"https:\/\/lechappeeclose.it\/boutique\/"},{"@type":"ListItem","position":3,"name":"10 fa\u00e7ons de pr\u00e9parer les poissons d&#8217;eau douce"}]},{"@type":"WebSite","@id":"http:\/\/lechappeeclose.it\/#website","url":"http:\/\/lechappeeclose.it\/","name":"l&#039;\u00e9chapp\u00e9e close","description":"La libreria francese di Milano","publisher":{"@id":"http:\/\/lechappeeclose.it\/#organization"},"alternateName":"La librairie fran\u00e7aise de Milan","potentialAction":[{"@type":"SearchAction","target":{"@type":"EntryPoint","urlTemplate":"http:\/\/lechappeeclose.it\/?s={search_term_string}"},"query-input":{"@type":"PropertyValueSpecification","valueRequired":true,"valueName":"search_term_string"}}],"inLanguage":"it-IT"},{"@type":"Organization","@id":"http:\/\/lechappeeclose.it\/#organization","name":"l&#039;\u00e9chapp\u00e9e close","url":"http:\/\/lechappeeclose.it\/","logo":{"@type":"ImageObject","inLanguage":"it-IT","@id":"http:\/\/lechappeeclose.it\/#\/schema\/logo\/image\/","url":"http:\/\/lechappeeclose.it\/wp-content\/uploads\/2025\/02\/cropped-logo-rond.png","contentUrl":"http:\/\/lechappeeclose.it\/wp-content\/uploads\/2025\/02\/cropped-logo-rond.png","width":1080,"height":1080,"caption":"l&#039;\u00e9chapp\u00e9e close"},"image":{"@id":"http:\/\/lechappeeclose.it\/#\/schema\/logo\/image\/"},"sameAs":["https:\/\/www.instagram.com\/lechappeeclose\/"]}]}},"_links":{"self":[{"href":"http:\/\/lechappeeclose.it\/it\/wp-json\/wp\/v2\/product\/12759","targetHints":{"allow":["GET"]}}],"collection":[{"href":"http:\/\/lechappeeclose.it\/it\/wp-json\/wp\/v2\/product"}],"about":[{"href":"http:\/\/lechappeeclose.it\/it\/wp-json\/wp\/v2\/types\/product"}],"replies":[{"embeddable":true,"href":"http:\/\/lechappeeclose.it\/it\/wp-json\/wp\/v2\/comments?post=12759"}],"wp:featuredmedia":[{"embeddable":true,"href":"http:\/\/lechappeeclose.it\/it\/wp-json\/wp\/v2\/media\/12758"}],"wp:attachment":[{"href":"http:\/\/lechappeeclose.it\/it\/wp-json\/wp\/v2\/media?parent=12759"}],"wp:term":[{"taxonomy":"product_brand","embeddable":true,"href":"http:\/\/lechappeeclose.it\/it\/wp-json\/wp\/v2\/product_brand?post=12759"},{"taxonomy":"product_cat","embeddable":true,"href":"http:\/\/lechappeeclose.it\/it\/wp-json\/wp\/v2\/product_cat?post=12759"},{"taxonomy":"product_tag","embeddable":true,"href":"http:\/\/lechappeeclose.it\/it\/wp-json\/wp\/v2\/product_tag?post=12759"}],"curies":[{"name":"wp","href":"https:\/\/api.w.org\/{rel}","templated":true}]}}