{"id":12749,"date":"2026-02-04T17:10:16","date_gmt":"2026-02-04T16:10:16","guid":{"rendered":"https:\/\/lechappeeclose.it\/boutique\/non class\u00e9\/claude-parent\/"},"modified":"2026-02-04T17:10:16","modified_gmt":"2026-02-04T16:10:16","slug":"claude-parent","status":"publish","type":"product","link":"http:\/\/lechappeeclose.it\/it\/boutique\/livres\/arts\/architecture\/claude-parent\/","title":{"rendered":"Claude Parent"},"content":{"rendered":"<p>Dans ce dialogue p\u00e9tillant, Claude Parent parle de sa carri\u00e8re, de ses r\u00e9alisations, des obstacles qu&#8217;il a rencontr\u00e9, de l&#8217;incompr\u00e9hension que ses positions esth\u00e9tiques et intellectuelles engag\u00e9es ont suscit\u00e9. Mais surtout, il parle de ses rencontres, de ses amiti\u00e9s d\u00e9terminantes pour son cheminement. Le Corbusier tout d&#8217;abord, avec qui il a fait son apprentissage. Le sculpteur Andr\u00e9 Bloc, qui l&#8217;a introduit dans le Groupe Espace o\u00f9 il c\u00f4toie notamment Fernand L\u00e9ger, Jean Prouv\u00e9 et Vasareli. Jean Tinguely et Yves Klein, \u00e0 l&#8217;\u00e9poque o\u00f9 il travaillait sur l&#8217;architecture de l&#8217;air. Le philosophe Paul Virilio, avec qui il fonde le groupe Architecture Principe et d\u00e9veloppe la th\u00e9orie de la Fonction oblique. Et plus tard, Jean Nouvel, qui contribuera \u00e0 le faire red\u00e9couvrir gr\u00e2ce \u00e0 l&#8217;exposition qui lui a \u00e9t\u00e9 consacr\u00e9e \u00e0 la Cit\u00e9 de l&#8217;Architecture. On d\u00e9couvre un homme en avance sur son temps qui s&#8217;est toujours rebell\u00e9 contre l&#8217;ordre \u00e9tabli et la pens\u00e9e pr\u00e9-fabriqu\u00e9e. Un humaniste qui a voulu changer le monde. Son oeuvre construite et graphique est enfin reconnue tant en France qu&#8217;internationalement, au point que de nombreux artistes et architectes contemporains revendiquent son influence. Autant de facteurs qui ont sans doute contribu\u00e9 \u00e0 l&#8217;inscription du centre commercial de Sens \u00e0 l&#8217;inventaire des monuments historiques.<\/p>","protected":false},"excerpt":{"rendered":"<p>Dans ce dialogue p\u00e9tillant, Claude Parent parle de sa carri\u00e8re, de ses r\u00e9alisations, des obstacles qu&#8217;il a rencontr\u00e9, de l&#8217;incompr\u00e9hension que ses positions esth\u00e9tiques et intellectuelles engag\u00e9es ont suscit\u00e9. Mais surtout, il parle de ses rencontres, de ses amiti\u00e9s d\u00e9terminantes pour son cheminement. Le Corbusier tout d&#8217;abord, avec qui il a fait son apprentissage. Le [&hellip;]<\/p>","protected":false},"featured_media":12748,"comment_status":"open","ping_status":"closed","template":"","meta":[],"product_brand":[],"product_cat":[37],"product_tag":[],"class_list":{"0":"post-12749","1":"product","2":"type-product","3":"status-publish","4":"has-post-thumbnail","6":"product_cat-architecture","8":"first","9":"instock","10":"taxable","11":"shipping-taxable","12":"purchasable","13":"product-type-simple"},"yoast_head":"<!-- This site is optimized with the Yoast SEO plugin v27.3 - https:\/\/yoast.com\/product\/yoast-seo-wordpress\/ -->\n<title>Claude Parent - l&#039;\u00e9chapp\u00e9e close<\/title>\n<meta name=\"robots\" content=\"index, follow, max-snippet:-1, max-image-preview:large, max-video-preview:-1\" \/>\n<link rel=\"canonical\" href=\"http:\/\/lechappeeclose.it\/it\/boutique\/livres\/arts\/architecture\/claude-parent\/\" \/>\n<meta property=\"og:locale\" content=\"it_IT\" \/>\n<meta property=\"og:type\" content=\"article\" \/>\n<meta property=\"og:title\" content=\"Claude Parent - l&#039;\u00e9chapp\u00e9e close\" \/>\n<meta property=\"og:description\" content=\"Dans ce dialogue p\u00e9tillant, Claude Parent parle de sa carri\u00e8re, de ses r\u00e9alisations, des obstacles qu&#8217;il a rencontr\u00e9, de l&#8217;incompr\u00e9hension que ses positions esth\u00e9tiques et intellectuelles engag\u00e9es ont suscit\u00e9. Mais surtout, il parle de ses rencontres, de ses amiti\u00e9s d\u00e9terminantes pour son cheminement. Le Corbusier tout d&#8217;abord, avec qui il a fait son apprentissage. Le [&hellip;]\" \/>\n<meta property=\"og:url\" content=\"http:\/\/lechappeeclose.it\/it\/boutique\/livres\/arts\/architecture\/claude-parent\/\" \/>\n<meta property=\"og:site_name\" content=\"l&#039;\u00e9chapp\u00e9e close\" \/>\n<meta property=\"og:image\" content=\"http:\/\/lechappeeclose.it\/wp-content\/uploads\/2026\/02\/Claude-Parent.jpeg\" \/>\n\t<meta property=\"og:image:width\" content=\"319\" \/>\n\t<meta property=\"og:image:height\" content=\"500\" \/>\n\t<meta property=\"og:image:type\" content=\"image\/jpeg\" \/>\n<meta name=\"twitter:card\" content=\"summary_large_image\" \/>\n<meta name=\"twitter:label1\" content=\"Tempo di lettura stimato\" \/>\n\t<meta name=\"twitter:data1\" content=\"1 minuto\" \/>\n<script type=\"application\/ld+json\" class=\"yoast-schema-graph\">{\"@context\":\"https:\\\/\\\/schema.org\",\"@graph\":[{\"@type\":\"WebPage\",\"@id\":\"http:\\\/\\\/lechappeeclose.it\\\/boutique\\\/livres\\\/arts\\\/architecture\\\/claude-parent\\\/\",\"url\":\"http:\\\/\\\/lechappeeclose.it\\\/boutique\\\/livres\\\/arts\\\/architecture\\\/claude-parent\\\/\",\"name\":\"Claude Parent - l&#039;\u00e9chapp\u00e9e close\",\"isPartOf\":{\"@id\":\"https:\\\/\\\/lechappeeclose.it\\\/it\\\/#website\"},\"primaryImageOfPage\":{\"@id\":\"http:\\\/\\\/lechappeeclose.it\\\/boutique\\\/livres\\\/arts\\\/architecture\\\/claude-parent\\\/#primaryimage\"},\"image\":{\"@id\":\"http:\\\/\\\/lechappeeclose.it\\\/boutique\\\/livres\\\/arts\\\/architecture\\\/claude-parent\\\/#primaryimage\"},\"thumbnailUrl\":\"http:\\\/\\\/lechappeeclose.it\\\/wp-content\\\/uploads\\\/2026\\\/02\\\/Claude-Parent.jpeg\",\"datePublished\":\"2026-02-04T16:10:16+00:00\",\"breadcrumb\":{\"@id\":\"http:\\\/\\\/lechappeeclose.it\\\/boutique\\\/livres\\\/arts\\\/architecture\\\/claude-parent\\\/#breadcrumb\"},\"inLanguage\":\"it-IT\",\"potentialAction\":[{\"@type\":\"ReadAction\",\"target\":[\"http:\\\/\\\/lechappeeclose.it\\\/boutique\\\/livres\\\/arts\\\/architecture\\\/claude-parent\\\/\"]}]},{\"@type\":\"ImageObject\",\"inLanguage\":\"it-IT\",\"@id\":\"http:\\\/\\\/lechappeeclose.it\\\/boutique\\\/livres\\\/arts\\\/architecture\\\/claude-parent\\\/#primaryimage\",\"url\":\"http:\\\/\\\/lechappeeclose.it\\\/wp-content\\\/uploads\\\/2026\\\/02\\\/Claude-Parent.jpeg\",\"contentUrl\":\"http:\\\/\\\/lechappeeclose.it\\\/wp-content\\\/uploads\\\/2026\\\/02\\\/Claude-Parent.jpeg\",\"width\":319,\"height\":500},{\"@type\":\"BreadcrumbList\",\"@id\":\"http:\\\/\\\/lechappeeclose.it\\\/boutique\\\/livres\\\/arts\\\/architecture\\\/claude-parent\\\/#breadcrumb\",\"itemListElement\":[{\"@type\":\"ListItem\",\"position\":1,\"name\":\"Accueil\",\"item\":\"https:\\\/\\\/lechappeeclose.it\\\/it\\\/\"},{\"@type\":\"ListItem\",\"position\":2,\"name\":\"Boutique\",\"item\":\"https:\\\/\\\/lechappeeclose.it\\\/it\\\/boutique\\\/\"},{\"@type\":\"ListItem\",\"position\":3,\"name\":\"Claude Parent\"}]},{\"@type\":\"WebSite\",\"@id\":\"https:\\\/\\\/lechappeeclose.it\\\/it\\\/#website\",\"url\":\"https:\\\/\\\/lechappeeclose.it\\\/it\\\/\",\"name\":\"l&#039;\u00e9chapp\u00e9e close\",\"description\":\"la librairie fran\u00e7aise de Milan\",\"publisher\":{\"@id\":\"https:\\\/\\\/lechappeeclose.it\\\/it\\\/#organization\"},\"alternateName\":\"La librairie fran\u00e7aise de Milan\",\"potentialAction\":[{\"@type\":\"SearchAction\",\"target\":{\"@type\":\"EntryPoint\",\"urlTemplate\":\"https:\\\/\\\/lechappeeclose.it\\\/it\\\/?s={search_term_string}\"},\"query-input\":{\"@type\":\"PropertyValueSpecification\",\"valueRequired\":true,\"valueName\":\"search_term_string\"}}],\"inLanguage\":\"it-IT\"},{\"@type\":\"Organization\",\"@id\":\"https:\\\/\\\/lechappeeclose.it\\\/it\\\/#organization\",\"name\":\"l&#039;\u00e9chapp\u00e9e close\",\"url\":\"https:\\\/\\\/lechappeeclose.it\\\/it\\\/\",\"logo\":{\"@type\":\"ImageObject\",\"inLanguage\":\"it-IT\",\"@id\":\"https:\\\/\\\/lechappeeclose.it\\\/it\\\/#\\\/schema\\\/logo\\\/image\\\/\",\"url\":\"http:\\\/\\\/lechappeeclose.it\\\/wp-content\\\/uploads\\\/2025\\\/02\\\/cropped-logo-rond.png\",\"contentUrl\":\"http:\\\/\\\/lechappeeclose.it\\\/wp-content\\\/uploads\\\/2025\\\/02\\\/cropped-logo-rond.png\",\"width\":1080,\"height\":1080,\"caption\":\"l&#039;\u00e9chapp\u00e9e close\"},\"image\":{\"@id\":\"https:\\\/\\\/lechappeeclose.it\\\/it\\\/#\\\/schema\\\/logo\\\/image\\\/\"},\"sameAs\":[\"https:\\\/\\\/www.instagram.com\\\/lechappeeclose\\\/\"]}]}<\/script>\n<!-- \/ Yoast SEO plugin. -->","yoast_head_json":{"title":"Claude Parent - l&#039;\u00e9chapp\u00e9e close","robots":{"index":"index","follow":"follow","max-snippet":"max-snippet:-1","max-image-preview":"max-image-preview:large","max-video-preview":"max-video-preview:-1"},"canonical":"http:\/\/lechappeeclose.it\/it\/boutique\/livres\/arts\/architecture\/claude-parent\/","og_locale":"it_IT","og_type":"article","og_title":"Claude Parent - l&#039;\u00e9chapp\u00e9e close","og_description":"Dans ce dialogue p\u00e9tillant, Claude Parent parle de sa carri\u00e8re, de ses r\u00e9alisations, des obstacles qu&#8217;il a rencontr\u00e9, de l&#8217;incompr\u00e9hension que ses positions esth\u00e9tiques et intellectuelles engag\u00e9es ont suscit\u00e9. Mais surtout, il parle de ses rencontres, de ses amiti\u00e9s d\u00e9terminantes pour son cheminement. Le Corbusier tout d&#8217;abord, avec qui il a fait son apprentissage. Le [&hellip;]","og_url":"http:\/\/lechappeeclose.it\/it\/boutique\/livres\/arts\/architecture\/claude-parent\/","og_site_name":"l&#039;\u00e9chapp\u00e9e close","og_image":[{"width":319,"height":500,"url":"http:\/\/lechappeeclose.it\/wp-content\/uploads\/2026\/02\/Claude-Parent.jpeg","type":"image\/jpeg"}],"twitter_card":"summary_large_image","twitter_misc":{"Tempo di lettura stimato":"1 minuto"},"schema":{"@context":"https:\/\/schema.org","@graph":[{"@type":"WebPage","@id":"http:\/\/lechappeeclose.it\/boutique\/livres\/arts\/architecture\/claude-parent\/","url":"http:\/\/lechappeeclose.it\/boutique\/livres\/arts\/architecture\/claude-parent\/","name":"Claude Parent - l&#039;\u00e9chapp\u00e9e close","isPartOf":{"@id":"https:\/\/lechappeeclose.it\/it\/#website"},"primaryImageOfPage":{"@id":"http:\/\/lechappeeclose.it\/boutique\/livres\/arts\/architecture\/claude-parent\/#primaryimage"},"image":{"@id":"http:\/\/lechappeeclose.it\/boutique\/livres\/arts\/architecture\/claude-parent\/#primaryimage"},"thumbnailUrl":"http:\/\/lechappeeclose.it\/wp-content\/uploads\/2026\/02\/Claude-Parent.jpeg","datePublished":"2026-02-04T16:10:16+00:00","breadcrumb":{"@id":"http:\/\/lechappeeclose.it\/boutique\/livres\/arts\/architecture\/claude-parent\/#breadcrumb"},"inLanguage":"it-IT","potentialAction":[{"@type":"ReadAction","target":["http:\/\/lechappeeclose.it\/boutique\/livres\/arts\/architecture\/claude-parent\/"]}]},{"@type":"ImageObject","inLanguage":"it-IT","@id":"http:\/\/lechappeeclose.it\/boutique\/livres\/arts\/architecture\/claude-parent\/#primaryimage","url":"http:\/\/lechappeeclose.it\/wp-content\/uploads\/2026\/02\/Claude-Parent.jpeg","contentUrl":"http:\/\/lechappeeclose.it\/wp-content\/uploads\/2026\/02\/Claude-Parent.jpeg","width":319,"height":500},{"@type":"BreadcrumbList","@id":"http:\/\/lechappeeclose.it\/boutique\/livres\/arts\/architecture\/claude-parent\/#breadcrumb","itemListElement":[{"@type":"ListItem","position":1,"name":"Accueil","item":"https:\/\/lechappeeclose.it\/it\/"},{"@type":"ListItem","position":2,"name":"Boutique","item":"https:\/\/lechappeeclose.it\/it\/boutique\/"},{"@type":"ListItem","position":3,"name":"Claude Parent"}]},{"@type":"WebSite","@id":"https:\/\/lechappeeclose.it\/it\/#website","url":"https:\/\/lechappeeclose.it\/it\/","name":"l&#039;\u00e9chapp\u00e9e close","description":"La libreria francese di Milano","publisher":{"@id":"https:\/\/lechappeeclose.it\/it\/#organization"},"alternateName":"La librairie fran\u00e7aise de Milan","potentialAction":[{"@type":"SearchAction","target":{"@type":"EntryPoint","urlTemplate":"https:\/\/lechappeeclose.it\/it\/?s={search_term_string}"},"query-input":{"@type":"PropertyValueSpecification","valueRequired":true,"valueName":"search_term_string"}}],"inLanguage":"it-IT"},{"@type":"Organization","@id":"https:\/\/lechappeeclose.it\/it\/#organization","name":"l&#039;\u00e9chapp\u00e9e close","url":"https:\/\/lechappeeclose.it\/it\/","logo":{"@type":"ImageObject","inLanguage":"it-IT","@id":"https:\/\/lechappeeclose.it\/it\/#\/schema\/logo\/image\/","url":"http:\/\/lechappeeclose.it\/wp-content\/uploads\/2025\/02\/cropped-logo-rond.png","contentUrl":"http:\/\/lechappeeclose.it\/wp-content\/uploads\/2025\/02\/cropped-logo-rond.png","width":1080,"height":1080,"caption":"l&#039;\u00e9chapp\u00e9e close"},"image":{"@id":"https:\/\/lechappeeclose.it\/it\/#\/schema\/logo\/image\/"},"sameAs":["https:\/\/www.instagram.com\/lechappeeclose\/"]}]}},"_links":{"self":[{"href":"http:\/\/lechappeeclose.it\/it\/wp-json\/wp\/v2\/product\/12749","targetHints":{"allow":["GET"]}}],"collection":[{"href":"http:\/\/lechappeeclose.it\/it\/wp-json\/wp\/v2\/product"}],"about":[{"href":"http:\/\/lechappeeclose.it\/it\/wp-json\/wp\/v2\/types\/product"}],"replies":[{"embeddable":true,"href":"http:\/\/lechappeeclose.it\/it\/wp-json\/wp\/v2\/comments?post=12749"}],"wp:featuredmedia":[{"embeddable":true,"href":"http:\/\/lechappeeclose.it\/it\/wp-json\/wp\/v2\/media\/12748"}],"wp:attachment":[{"href":"http:\/\/lechappeeclose.it\/it\/wp-json\/wp\/v2\/media?parent=12749"}],"wp:term":[{"taxonomy":"product_brand","embeddable":true,"href":"http:\/\/lechappeeclose.it\/it\/wp-json\/wp\/v2\/product_brand?post=12749"},{"taxonomy":"product_cat","embeddable":true,"href":"http:\/\/lechappeeclose.it\/it\/wp-json\/wp\/v2\/product_cat?post=12749"},{"taxonomy":"product_tag","embeddable":true,"href":"http:\/\/lechappeeclose.it\/it\/wp-json\/wp\/v2\/product_tag?post=12749"}],"curies":[{"name":"wp","href":"https:\/\/api.w.org\/{rel}","templated":true}]}}