{"id":12654,"date":"2026-01-21T17:58:02","date_gmt":"2026-01-21T16:58:02","guid":{"rendered":"https:\/\/lechappeeclose.it\/boutique\/non class\u00e9\/paris-vu-et-vecu-par-les-ecrivains\/"},"modified":"2026-01-21T17:58:02","modified_gmt":"2026-01-21T16:58:02","slug":"paris-vu-et-vecu-par-les-ecrivains","status":"publish","type":"product","link":"http:\/\/lechappeeclose.it\/it\/boutique\/livres\/arts\/paris\/paris-vu-et-vecu-par-les-ecrivains\/","title":{"rendered":"Paris vu et vecu par les ecrivains"},"content":{"rendered":"<p>Balzac \u00e0 Passy, Proust \u00e0 la plaine Monceau, Colette au Palais-Royal, Hemingway \u00e0 Montparnasse, Sartre et Beauvoir \u00e0 Saint-Germain-des-Pr\u00e9s&#8230; au fil des si\u00e8cles, dix, cent ou mille mains se sont relay\u00e9es pour tresser la l\u00e9gende de la capitale. La ville de chair et de pierre, la ville de jour et de nuit, la ville comme un monde \u00e0 d\u00e9couvrir&#8230; s&#8217;offre en une source d&#8217;inspiration in\u00e9puisable. De Hugo \u00e0 Modiano, myst\u00e9rieux, po\u00e9tique ou tourment\u00e9, Paris est un roman ! Honor\u00e9 de Balzac \/ Victor Hugo \/ G\u00e9rard de Nerval \/ Charles Baudelaire \/ Guy de Maupassant \/ Emile Zola \/ Joris-Karl Huysmans \/ Guillaume Apollinaire \/ Marcel Proust \/ L\u00e9on-Paul Fargue \/ Colette \/ Jules Romains \/ Louis-Ferdinand C\u00e9line \/ Henri Calet \/ Georges Simenon \/ Louis Aragon \/ Ernest Hemingway \/ Simone de Beauvoir &#038; Jean-Paul Sartre \/ Jacques Pr\u00e9vert \/ Patrick Modiano<\/p>","protected":false},"excerpt":{"rendered":"<p>Balzac \u00e0 Passy, Proust \u00e0 la plaine Monceau, Colette au Palais-Royal, Hemingway \u00e0 Montparnasse, Sartre et Beauvoir \u00e0 Saint-Germain-des-Pr\u00e9s&#8230; au fil des si\u00e8cles, dix, cent ou mille mains se sont relay\u00e9es pour tresser la l\u00e9gende de la capitale. La ville de chair et de pierre, la ville de jour et de nuit, la ville comme [&hellip;]<\/p>","protected":false},"featured_media":12653,"comment_status":"open","ping_status":"closed","template":"","meta":[],"product_brand":[],"product_cat":[42],"product_tag":[],"class_list":{"0":"post-12654","1":"product","2":"type-product","3":"status-publish","4":"has-post-thumbnail","6":"product_cat-paris","8":"first","9":"instock","10":"taxable","11":"shipping-taxable","12":"purchasable","13":"product-type-simple"},"yoast_head":"<!-- This site is optimized with the Yoast SEO plugin v27.4 - https:\/\/yoast.com\/product\/yoast-seo-wordpress\/ -->\n<title>Paris vu et vecu par les ecrivains - l&#039;\u00e9chapp\u00e9e close<\/title>\n<meta name=\"robots\" content=\"index, follow, max-snippet:-1, max-image-preview:large, max-video-preview:-1\" \/>\n<link rel=\"canonical\" href=\"http:\/\/lechappeeclose.it\/it\/boutique\/livres\/arts\/paris\/paris-vu-et-vecu-par-les-ecrivains\/\" \/>\n<meta property=\"og:locale\" content=\"it_IT\" \/>\n<meta property=\"og:type\" content=\"article\" \/>\n<meta property=\"og:title\" content=\"Paris vu et vecu par les ecrivains - l&#039;\u00e9chapp\u00e9e close\" \/>\n<meta property=\"og:description\" content=\"Balzac \u00e0 Passy, Proust \u00e0 la plaine Monceau, Colette au Palais-Royal, Hemingway \u00e0 Montparnasse, Sartre et Beauvoir \u00e0 Saint-Germain-des-Pr\u00e9s&#8230; au fil des si\u00e8cles, dix, cent ou mille mains se sont relay\u00e9es pour tresser la l\u00e9gende de la capitale. La ville de chair et de pierre, la ville de jour et de nuit, la ville comme [&hellip;]\" \/>\n<meta property=\"og:url\" content=\"http:\/\/lechappeeclose.it\/it\/boutique\/livres\/arts\/paris\/paris-vu-et-vecu-par-les-ecrivains\/\" \/>\n<meta property=\"og:site_name\" content=\"l&#039;\u00e9chapp\u00e9e close\" \/>\n<meta property=\"og:image\" content=\"http:\/\/lechappeeclose.it\/wp-content\/uploads\/2026\/01\/Paris-vu-et-vecu-par-les-ecrivains.jpeg\" \/>\n\t<meta property=\"og:image:width\" content=\"358\" \/>\n\t<meta property=\"og:image:height\" content=\"500\" \/>\n\t<meta property=\"og:image:type\" content=\"image\/jpeg\" \/>\n<meta name=\"twitter:card\" content=\"summary_large_image\" \/>\n<meta name=\"twitter:label1\" content=\"Tempo di lettura stimato\" \/>\n\t<meta name=\"twitter:data1\" content=\"1 minuto\" \/>\n<script type=\"application\/ld+json\" class=\"yoast-schema-graph\">{\"@context\":\"https:\\\/\\\/schema.org\",\"@graph\":[{\"@type\":\"WebPage\",\"@id\":\"http:\\\/\\\/lechappeeclose.it\\\/it\\\/boutique\\\/livres\\\/arts\\\/paris\\\/paris-vu-et-vecu-par-les-ecrivains\\\/\",\"url\":\"http:\\\/\\\/lechappeeclose.it\\\/it\\\/boutique\\\/livres\\\/arts\\\/paris\\\/paris-vu-et-vecu-par-les-ecrivains\\\/\",\"name\":\"Paris vu et vecu par les ecrivains - l&#039;\u00e9chapp\u00e9e close\",\"isPartOf\":{\"@id\":\"http:\\\/\\\/lechappeeclose.it\\\/#website\"},\"primaryImageOfPage\":{\"@id\":\"http:\\\/\\\/lechappeeclose.it\\\/it\\\/boutique\\\/livres\\\/arts\\\/paris\\\/paris-vu-et-vecu-par-les-ecrivains\\\/#primaryimage\"},\"image\":{\"@id\":\"http:\\\/\\\/lechappeeclose.it\\\/it\\\/boutique\\\/livres\\\/arts\\\/paris\\\/paris-vu-et-vecu-par-les-ecrivains\\\/#primaryimage\"},\"thumbnailUrl\":\"http:\\\/\\\/lechappeeclose.it\\\/wp-content\\\/uploads\\\/2026\\\/01\\\/Paris-vu-et-vecu-par-les-ecrivains.jpeg\",\"datePublished\":\"2026-01-21T16:58:02+00:00\",\"breadcrumb\":{\"@id\":\"http:\\\/\\\/lechappeeclose.it\\\/it\\\/boutique\\\/livres\\\/arts\\\/paris\\\/paris-vu-et-vecu-par-les-ecrivains\\\/#breadcrumb\"},\"inLanguage\":\"it-IT\",\"potentialAction\":[{\"@type\":\"ReadAction\",\"target\":[\"http:\\\/\\\/lechappeeclose.it\\\/it\\\/boutique\\\/livres\\\/arts\\\/paris\\\/paris-vu-et-vecu-par-les-ecrivains\\\/\"]}]},{\"@type\":\"ImageObject\",\"inLanguage\":\"it-IT\",\"@id\":\"http:\\\/\\\/lechappeeclose.it\\\/it\\\/boutique\\\/livres\\\/arts\\\/paris\\\/paris-vu-et-vecu-par-les-ecrivains\\\/#primaryimage\",\"url\":\"http:\\\/\\\/lechappeeclose.it\\\/wp-content\\\/uploads\\\/2026\\\/01\\\/Paris-vu-et-vecu-par-les-ecrivains.jpeg\",\"contentUrl\":\"http:\\\/\\\/lechappeeclose.it\\\/wp-content\\\/uploads\\\/2026\\\/01\\\/Paris-vu-et-vecu-par-les-ecrivains.jpeg\",\"width\":358,\"height\":500},{\"@type\":\"BreadcrumbList\",\"@id\":\"http:\\\/\\\/lechappeeclose.it\\\/it\\\/boutique\\\/livres\\\/arts\\\/paris\\\/paris-vu-et-vecu-par-les-ecrivains\\\/#breadcrumb\",\"itemListElement\":[{\"@type\":\"ListItem\",\"position\":1,\"name\":\"Accueil\",\"item\":\"http:\\\/\\\/lechappeeclose.it\\\/\"},{\"@type\":\"ListItem\",\"position\":2,\"name\":\"Boutique\",\"item\":\"http:\\\/\\\/lechappeeclose.it\\\/it\\\/boutique\\\/\"},{\"@type\":\"ListItem\",\"position\":3,\"name\":\"Paris vu et vecu par les ecrivains\"}]},{\"@type\":\"WebSite\",\"@id\":\"http:\\\/\\\/lechappeeclose.it\\\/#website\",\"url\":\"http:\\\/\\\/lechappeeclose.it\\\/\",\"name\":\"l&#039;\u00e9chapp\u00e9e close\",\"description\":\"la librairie fran\u00e7aise de Milan\",\"publisher\":{\"@id\":\"http:\\\/\\\/lechappeeclose.it\\\/#organization\"},\"alternateName\":\"La librairie fran\u00e7aise de Milan\",\"potentialAction\":[{\"@type\":\"SearchAction\",\"target\":{\"@type\":\"EntryPoint\",\"urlTemplate\":\"http:\\\/\\\/lechappeeclose.it\\\/?s={search_term_string}\"},\"query-input\":{\"@type\":\"PropertyValueSpecification\",\"valueRequired\":true,\"valueName\":\"search_term_string\"}}],\"inLanguage\":\"it-IT\"},{\"@type\":\"Organization\",\"@id\":\"http:\\\/\\\/lechappeeclose.it\\\/#organization\",\"name\":\"l&#039;\u00e9chapp\u00e9e close\",\"url\":\"http:\\\/\\\/lechappeeclose.it\\\/\",\"logo\":{\"@type\":\"ImageObject\",\"inLanguage\":\"it-IT\",\"@id\":\"http:\\\/\\\/lechappeeclose.it\\\/#\\\/schema\\\/logo\\\/image\\\/\",\"url\":\"http:\\\/\\\/lechappeeclose.it\\\/wp-content\\\/uploads\\\/2025\\\/02\\\/cropped-logo-rond.png\",\"contentUrl\":\"http:\\\/\\\/lechappeeclose.it\\\/wp-content\\\/uploads\\\/2025\\\/02\\\/cropped-logo-rond.png\",\"width\":1080,\"height\":1080,\"caption\":\"l&#039;\u00e9chapp\u00e9e close\"},\"image\":{\"@id\":\"http:\\\/\\\/lechappeeclose.it\\\/#\\\/schema\\\/logo\\\/image\\\/\"},\"sameAs\":[\"https:\\\/\\\/www.instagram.com\\\/lechappeeclose\\\/\"]}]}<\/script>\n<!-- \/ Yoast SEO plugin. -->","yoast_head_json":{"title":"Paris vu et vecu par les ecrivains - l&#039;\u00e9chapp\u00e9e close","robots":{"index":"index","follow":"follow","max-snippet":"max-snippet:-1","max-image-preview":"max-image-preview:large","max-video-preview":"max-video-preview:-1"},"canonical":"http:\/\/lechappeeclose.it\/it\/boutique\/livres\/arts\/paris\/paris-vu-et-vecu-par-les-ecrivains\/","og_locale":"it_IT","og_type":"article","og_title":"Paris vu et vecu par les ecrivains - l&#039;\u00e9chapp\u00e9e close","og_description":"Balzac \u00e0 Passy, Proust \u00e0 la plaine Monceau, Colette au Palais-Royal, Hemingway \u00e0 Montparnasse, Sartre et Beauvoir \u00e0 Saint-Germain-des-Pr\u00e9s&#8230; au fil des si\u00e8cles, dix, cent ou mille mains se sont relay\u00e9es pour tresser la l\u00e9gende de la capitale. La ville de chair et de pierre, la ville de jour et de nuit, la ville comme [&hellip;]","og_url":"http:\/\/lechappeeclose.it\/it\/boutique\/livres\/arts\/paris\/paris-vu-et-vecu-par-les-ecrivains\/","og_site_name":"l&#039;\u00e9chapp\u00e9e close","og_image":[{"width":358,"height":500,"url":"http:\/\/lechappeeclose.it\/wp-content\/uploads\/2026\/01\/Paris-vu-et-vecu-par-les-ecrivains.jpeg","type":"image\/jpeg"}],"twitter_card":"summary_large_image","twitter_misc":{"Tempo di lettura stimato":"1 minuto"},"schema":{"@context":"https:\/\/schema.org","@graph":[{"@type":"WebPage","@id":"http:\/\/lechappeeclose.it\/it\/boutique\/livres\/arts\/paris\/paris-vu-et-vecu-par-les-ecrivains\/","url":"http:\/\/lechappeeclose.it\/it\/boutique\/livres\/arts\/paris\/paris-vu-et-vecu-par-les-ecrivains\/","name":"Paris vu et vecu par les ecrivains - l&#039;\u00e9chapp\u00e9e close","isPartOf":{"@id":"http:\/\/lechappeeclose.it\/#website"},"primaryImageOfPage":{"@id":"http:\/\/lechappeeclose.it\/it\/boutique\/livres\/arts\/paris\/paris-vu-et-vecu-par-les-ecrivains\/#primaryimage"},"image":{"@id":"http:\/\/lechappeeclose.it\/it\/boutique\/livres\/arts\/paris\/paris-vu-et-vecu-par-les-ecrivains\/#primaryimage"},"thumbnailUrl":"http:\/\/lechappeeclose.it\/wp-content\/uploads\/2026\/01\/Paris-vu-et-vecu-par-les-ecrivains.jpeg","datePublished":"2026-01-21T16:58:02+00:00","breadcrumb":{"@id":"http:\/\/lechappeeclose.it\/it\/boutique\/livres\/arts\/paris\/paris-vu-et-vecu-par-les-ecrivains\/#breadcrumb"},"inLanguage":"it-IT","potentialAction":[{"@type":"ReadAction","target":["http:\/\/lechappeeclose.it\/it\/boutique\/livres\/arts\/paris\/paris-vu-et-vecu-par-les-ecrivains\/"]}]},{"@type":"ImageObject","inLanguage":"it-IT","@id":"http:\/\/lechappeeclose.it\/it\/boutique\/livres\/arts\/paris\/paris-vu-et-vecu-par-les-ecrivains\/#primaryimage","url":"http:\/\/lechappeeclose.it\/wp-content\/uploads\/2026\/01\/Paris-vu-et-vecu-par-les-ecrivains.jpeg","contentUrl":"http:\/\/lechappeeclose.it\/wp-content\/uploads\/2026\/01\/Paris-vu-et-vecu-par-les-ecrivains.jpeg","width":358,"height":500},{"@type":"BreadcrumbList","@id":"http:\/\/lechappeeclose.it\/it\/boutique\/livres\/arts\/paris\/paris-vu-et-vecu-par-les-ecrivains\/#breadcrumb","itemListElement":[{"@type":"ListItem","position":1,"name":"Accueil","item":"http:\/\/lechappeeclose.it\/"},{"@type":"ListItem","position":2,"name":"Boutique","item":"http:\/\/lechappeeclose.it\/it\/boutique\/"},{"@type":"ListItem","position":3,"name":"Paris vu et vecu par les ecrivains"}]},{"@type":"WebSite","@id":"http:\/\/lechappeeclose.it\/#website","url":"http:\/\/lechappeeclose.it\/","name":"l&#039;\u00e9chapp\u00e9e close","description":"La libreria francese di Milano","publisher":{"@id":"http:\/\/lechappeeclose.it\/#organization"},"alternateName":"La librairie fran\u00e7aise de Milan","potentialAction":[{"@type":"SearchAction","target":{"@type":"EntryPoint","urlTemplate":"http:\/\/lechappeeclose.it\/?s={search_term_string}"},"query-input":{"@type":"PropertyValueSpecification","valueRequired":true,"valueName":"search_term_string"}}],"inLanguage":"it-IT"},{"@type":"Organization","@id":"http:\/\/lechappeeclose.it\/#organization","name":"l&#039;\u00e9chapp\u00e9e close","url":"http:\/\/lechappeeclose.it\/","logo":{"@type":"ImageObject","inLanguage":"it-IT","@id":"http:\/\/lechappeeclose.it\/#\/schema\/logo\/image\/","url":"http:\/\/lechappeeclose.it\/wp-content\/uploads\/2025\/02\/cropped-logo-rond.png","contentUrl":"http:\/\/lechappeeclose.it\/wp-content\/uploads\/2025\/02\/cropped-logo-rond.png","width":1080,"height":1080,"caption":"l&#039;\u00e9chapp\u00e9e close"},"image":{"@id":"http:\/\/lechappeeclose.it\/#\/schema\/logo\/image\/"},"sameAs":["https:\/\/www.instagram.com\/lechappeeclose\/"]}]}},"_links":{"self":[{"href":"http:\/\/lechappeeclose.it\/it\/wp-json\/wp\/v2\/product\/12654","targetHints":{"allow":["GET"]}}],"collection":[{"href":"http:\/\/lechappeeclose.it\/it\/wp-json\/wp\/v2\/product"}],"about":[{"href":"http:\/\/lechappeeclose.it\/it\/wp-json\/wp\/v2\/types\/product"}],"replies":[{"embeddable":true,"href":"http:\/\/lechappeeclose.it\/it\/wp-json\/wp\/v2\/comments?post=12654"}],"wp:featuredmedia":[{"embeddable":true,"href":"http:\/\/lechappeeclose.it\/it\/wp-json\/wp\/v2\/media\/12653"}],"wp:attachment":[{"href":"http:\/\/lechappeeclose.it\/it\/wp-json\/wp\/v2\/media?parent=12654"}],"wp:term":[{"taxonomy":"product_brand","embeddable":true,"href":"http:\/\/lechappeeclose.it\/it\/wp-json\/wp\/v2\/product_brand?post=12654"},{"taxonomy":"product_cat","embeddable":true,"href":"http:\/\/lechappeeclose.it\/it\/wp-json\/wp\/v2\/product_cat?post=12654"},{"taxonomy":"product_tag","embeddable":true,"href":"http:\/\/lechappeeclose.it\/it\/wp-json\/wp\/v2\/product_tag?post=12654"}],"curies":[{"name":"wp","href":"https:\/\/api.w.org\/{rel}","templated":true}]}}