{"id":12650,"date":"2026-01-21T17:55:48","date_gmt":"2026-01-21T16:55:48","guid":{"rendered":"https:\/\/lechappeeclose.it\/boutique\/non class\u00e9\/giuseppe-penone\/"},"modified":"2026-01-21T17:55:48","modified_gmt":"2026-01-21T16:55:48","slug":"giuseppe-penone","status":"publish","type":"product","link":"http:\/\/lechappeeclose.it\/it\/boutique\/livres\/arts\/beaux-arts\/giuseppe-penone\/","title":{"rendered":"Giuseppe Penone"},"content":{"rendered":"<p>Ce catalogue d&#8217;exposition propose une immersion dans l&#8217;univers de Giuseppe Penone.Son \u0153uvre phare, S\u00e8ve et pens\u00e9e, est pr\u00e9sent\u00e9e pour la premi\u00e8re fois : une installation monumentale r\u00e9alis\u00e9e \u00e0 partir d&#8217;un tronc d&#8217;acacia de trente m\u00e8tres de long, fruit de 50 ans de r\u00e9flexions et de cr\u00e9ation autour de sujets chers \u00e0 l&#8217;artiste : la nature, la m\u00e9moire et le livre. N\u00e9 en 1947 \u00e0 Garessio en Italie, Penone est associ\u00e9 au mouvement de l&#8217;arte povera . Son \u0153uvre d\u00e9veloppe depuis ses d\u00e9buts une r\u00e9flexion sur la relation entre nature et culture.L&#8217;exposition con\u00e7ue par la BnF et le catalogue qui l&#8217;accompagne restituent la richesse de ses explorations conceptuelles \u2013 notamment autour de la m\u00e9moire, l&#8217;empreinte et le livre \u2013 comme la diversit\u00e9 des techniques utilis\u00e9es : sculpture, installations, peinture, po\u00e9sie&#8230;S\u00e8ve et pens\u00e9e\u0152uvre in\u00e9dite et magistrale, S\u00e8ve et pens\u00e9e est une spectaculaire installation form\u00e9e des deux segments du frottage, sur fine toile de lin, du tronc d&#8217;un acacia de trente m\u00e8tres de long. Inscrit de part et d&#8217;autre du frottage se d\u00e9ploie un texte po\u00e9tique, v\u00e9ritable &#8221; flux de conscience &#8221; de l&#8217;artiste, r\u00e9flexions sur l&#8217;art, la nature, le temps, la m\u00e9moire, le cycle de la vie et de la mort.\u00c0 partir de S\u00e8ve et pens\u00e9e se d\u00e9voile un r\u00e9seau de filiations avec des \u0153uvres chronologiquement \u00e9loign\u00e9es de Giuseppe Penone, des Alberi libro (Arbres-livre) , poutres \u00e9corc\u00e9es et creus\u00e9es jusqu&#8217;\u00e0 la r\u00e9v\u00e9lation de l&#8217;arbre originel, \u00e0 la s\u00e9rie in\u00e9dite Leaves of grass , grandes peintures qui seraient comme la &#8221; fossilisation &#8221; des premi\u00e8res empreintes laiss\u00e9es sur la couverture du livre par l&#8217;auteur et les lecteurs successifs.L&#8217;exposition pr\u00e9sentera \u00e9galement au public la formidable donation de gravures faite par l&#8217;artiste \u00e0 la BnF. Ces \u0153uvres r\u00e9centes, r\u00e9alis\u00e9es pour certaines pendant le confinement du printemps 2020, se pr\u00e9sentent comme des notes intimes qui accompagnent le travail de cr\u00e9ation.Empreinte et lecture tactileL&#8217;historien de l&#8217;art Francesco Guzzetti explore dans son essai la notion d&#8217;identit\u00e9 dans l&#8217;\u0153uvre de Penone \u00e0 travers le motif de l&#8217;empreinte, qu&#8217;elle soit humaine, v\u00e9g\u00e9tale ou \u00e9crite.Le livre, en tant qu&#8217;objet est &#8221; empreinte &#8221; : ses pages portent celles des mains qui les ont \u00e9crites, celles des lecteurs qui les ont touch\u00e9es, parcourues.<\/p>","protected":false},"excerpt":{"rendered":"<p>Ce catalogue d&#8217;exposition propose une immersion dans l&#8217;univers de Giuseppe Penone.Son \u0153uvre phare, S\u00e8ve et pens\u00e9e, est pr\u00e9sent\u00e9e pour la premi\u00e8re fois : une installation monumentale r\u00e9alis\u00e9e \u00e0 partir d&#8217;un tronc d&#8217;acacia de trente m\u00e8tres de long, fruit de 50 ans de r\u00e9flexions et de cr\u00e9ation autour de sujets chers \u00e0 l&#8217;artiste : la nature, [&hellip;]<\/p>","protected":false},"featured_media":12649,"comment_status":"open","ping_status":"closed","template":"","meta":[],"product_brand":[],"product_cat":[41],"product_tag":[],"class_list":{"0":"post-12650","1":"product","2":"type-product","3":"status-publish","4":"has-post-thumbnail","6":"product_cat-beaux-arts","8":"first","9":"instock","10":"taxable","11":"shipping-taxable","12":"purchasable","13":"product-type-simple"},"yoast_head":"<!-- This site is optimized with the Yoast SEO plugin v27.4 - https:\/\/yoast.com\/product\/yoast-seo-wordpress\/ -->\n<title>Giuseppe Penone - l&#039;\u00e9chapp\u00e9e close<\/title>\n<meta name=\"robots\" content=\"index, follow, max-snippet:-1, max-image-preview:large, max-video-preview:-1\" \/>\n<link rel=\"canonical\" href=\"http:\/\/lechappeeclose.it\/it\/boutique\/livres\/arts\/beaux-arts\/giuseppe-penone\/\" \/>\n<meta property=\"og:locale\" content=\"it_IT\" \/>\n<meta property=\"og:type\" content=\"article\" \/>\n<meta property=\"og:title\" content=\"Giuseppe Penone - l&#039;\u00e9chapp\u00e9e close\" \/>\n<meta property=\"og:description\" content=\"Ce catalogue d&#8217;exposition propose une immersion dans l&#8217;univers de Giuseppe Penone.Son \u0153uvre phare, S\u00e8ve et pens\u00e9e, est pr\u00e9sent\u00e9e pour la premi\u00e8re fois : une installation monumentale r\u00e9alis\u00e9e \u00e0 partir d&#8217;un tronc d&#8217;acacia de trente m\u00e8tres de long, fruit de 50 ans de r\u00e9flexions et de cr\u00e9ation autour de sujets chers \u00e0 l&#8217;artiste : la nature, [&hellip;]\" \/>\n<meta property=\"og:url\" content=\"http:\/\/lechappeeclose.it\/it\/boutique\/livres\/arts\/beaux-arts\/giuseppe-penone\/\" \/>\n<meta property=\"og:site_name\" content=\"l&#039;\u00e9chapp\u00e9e close\" \/>\n<meta property=\"og:image\" content=\"http:\/\/lechappeeclose.it\/wp-content\/uploads\/2026\/01\/Giuseppe-Penone.jpeg\" \/>\n\t<meta property=\"og:image:width\" content=\"400\" \/>\n\t<meta property=\"og:image:height\" content=\"500\" \/>\n\t<meta property=\"og:image:type\" content=\"image\/jpeg\" \/>\n<meta name=\"twitter:card\" content=\"summary_large_image\" \/>\n<meta name=\"twitter:label1\" content=\"Tempo di lettura stimato\" \/>\n\t<meta name=\"twitter:data1\" content=\"2 minuti\" \/>\n<script type=\"application\/ld+json\" class=\"yoast-schema-graph\">{\"@context\":\"https:\\\/\\\/schema.org\",\"@graph\":[{\"@type\":\"WebPage\",\"@id\":\"http:\\\/\\\/lechappeeclose.it\\\/boutique\\\/livres\\\/arts\\\/beaux-arts\\\/giuseppe-penone\\\/\",\"url\":\"http:\\\/\\\/lechappeeclose.it\\\/boutique\\\/livres\\\/arts\\\/beaux-arts\\\/giuseppe-penone\\\/\",\"name\":\"Giuseppe Penone - l&#039;\u00e9chapp\u00e9e close\",\"isPartOf\":{\"@id\":\"http:\\\/\\\/lechappeeclose.it\\\/#website\"},\"primaryImageOfPage\":{\"@id\":\"http:\\\/\\\/lechappeeclose.it\\\/boutique\\\/livres\\\/arts\\\/beaux-arts\\\/giuseppe-penone\\\/#primaryimage\"},\"image\":{\"@id\":\"http:\\\/\\\/lechappeeclose.it\\\/boutique\\\/livres\\\/arts\\\/beaux-arts\\\/giuseppe-penone\\\/#primaryimage\"},\"thumbnailUrl\":\"http:\\\/\\\/lechappeeclose.it\\\/wp-content\\\/uploads\\\/2026\\\/01\\\/Giuseppe-Penone.jpeg\",\"datePublished\":\"2026-01-21T16:55:48+00:00\",\"breadcrumb\":{\"@id\":\"http:\\\/\\\/lechappeeclose.it\\\/boutique\\\/livres\\\/arts\\\/beaux-arts\\\/giuseppe-penone\\\/#breadcrumb\"},\"inLanguage\":\"it-IT\",\"potentialAction\":[{\"@type\":\"ReadAction\",\"target\":[\"http:\\\/\\\/lechappeeclose.it\\\/boutique\\\/livres\\\/arts\\\/beaux-arts\\\/giuseppe-penone\\\/\"]}]},{\"@type\":\"ImageObject\",\"inLanguage\":\"it-IT\",\"@id\":\"http:\\\/\\\/lechappeeclose.it\\\/boutique\\\/livres\\\/arts\\\/beaux-arts\\\/giuseppe-penone\\\/#primaryimage\",\"url\":\"http:\\\/\\\/lechappeeclose.it\\\/wp-content\\\/uploads\\\/2026\\\/01\\\/Giuseppe-Penone.jpeg\",\"contentUrl\":\"http:\\\/\\\/lechappeeclose.it\\\/wp-content\\\/uploads\\\/2026\\\/01\\\/Giuseppe-Penone.jpeg\",\"width\":400,\"height\":500},{\"@type\":\"BreadcrumbList\",\"@id\":\"http:\\\/\\\/lechappeeclose.it\\\/boutique\\\/livres\\\/arts\\\/beaux-arts\\\/giuseppe-penone\\\/#breadcrumb\",\"itemListElement\":[{\"@type\":\"ListItem\",\"position\":1,\"name\":\"Accueil\",\"item\":\"http:\\\/\\\/lechappeeclose.it\\\/\"},{\"@type\":\"ListItem\",\"position\":2,\"name\":\"Boutique\",\"item\":\"http:\\\/\\\/lechappeeclose.it\\\/it\\\/boutique\\\/\"},{\"@type\":\"ListItem\",\"position\":3,\"name\":\"Giuseppe Penone\"}]},{\"@type\":\"WebSite\",\"@id\":\"http:\\\/\\\/lechappeeclose.it\\\/#website\",\"url\":\"http:\\\/\\\/lechappeeclose.it\\\/\",\"name\":\"l&#039;\u00e9chapp\u00e9e close\",\"description\":\"la librairie fran\u00e7aise de Milan\",\"publisher\":{\"@id\":\"http:\\\/\\\/lechappeeclose.it\\\/#organization\"},\"alternateName\":\"La librairie fran\u00e7aise de Milan\",\"potentialAction\":[{\"@type\":\"SearchAction\",\"target\":{\"@type\":\"EntryPoint\",\"urlTemplate\":\"http:\\\/\\\/lechappeeclose.it\\\/?s={search_term_string}\"},\"query-input\":{\"@type\":\"PropertyValueSpecification\",\"valueRequired\":true,\"valueName\":\"search_term_string\"}}],\"inLanguage\":\"it-IT\"},{\"@type\":\"Organization\",\"@id\":\"http:\\\/\\\/lechappeeclose.it\\\/#organization\",\"name\":\"l&#039;\u00e9chapp\u00e9e close\",\"url\":\"http:\\\/\\\/lechappeeclose.it\\\/\",\"logo\":{\"@type\":\"ImageObject\",\"inLanguage\":\"it-IT\",\"@id\":\"http:\\\/\\\/lechappeeclose.it\\\/#\\\/schema\\\/logo\\\/image\\\/\",\"url\":\"http:\\\/\\\/lechappeeclose.it\\\/wp-content\\\/uploads\\\/2025\\\/02\\\/cropped-logo-rond.png\",\"contentUrl\":\"http:\\\/\\\/lechappeeclose.it\\\/wp-content\\\/uploads\\\/2025\\\/02\\\/cropped-logo-rond.png\",\"width\":1080,\"height\":1080,\"caption\":\"l&#039;\u00e9chapp\u00e9e close\"},\"image\":{\"@id\":\"http:\\\/\\\/lechappeeclose.it\\\/#\\\/schema\\\/logo\\\/image\\\/\"},\"sameAs\":[\"https:\\\/\\\/www.instagram.com\\\/lechappeeclose\\\/\"]}]}<\/script>\n<!-- \/ Yoast SEO plugin. -->","yoast_head_json":{"title":"Giuseppe Penone - l&#039;\u00e9chapp\u00e9e close","robots":{"index":"index","follow":"follow","max-snippet":"max-snippet:-1","max-image-preview":"max-image-preview:large","max-video-preview":"max-video-preview:-1"},"canonical":"http:\/\/lechappeeclose.it\/it\/boutique\/livres\/arts\/beaux-arts\/giuseppe-penone\/","og_locale":"it_IT","og_type":"article","og_title":"Giuseppe Penone - l&#039;\u00e9chapp\u00e9e close","og_description":"Ce catalogue d&#8217;exposition propose une immersion dans l&#8217;univers de Giuseppe Penone.Son \u0153uvre phare, S\u00e8ve et pens\u00e9e, est pr\u00e9sent\u00e9e pour la premi\u00e8re fois : une installation monumentale r\u00e9alis\u00e9e \u00e0 partir d&#8217;un tronc d&#8217;acacia de trente m\u00e8tres de long, fruit de 50 ans de r\u00e9flexions et de cr\u00e9ation autour de sujets chers \u00e0 l&#8217;artiste : la nature, [&hellip;]","og_url":"http:\/\/lechappeeclose.it\/it\/boutique\/livres\/arts\/beaux-arts\/giuseppe-penone\/","og_site_name":"l&#039;\u00e9chapp\u00e9e close","og_image":[{"width":400,"height":500,"url":"http:\/\/lechappeeclose.it\/wp-content\/uploads\/2026\/01\/Giuseppe-Penone.jpeg","type":"image\/jpeg"}],"twitter_card":"summary_large_image","twitter_misc":{"Tempo di lettura stimato":"2 minuti"},"schema":{"@context":"https:\/\/schema.org","@graph":[{"@type":"WebPage","@id":"http:\/\/lechappeeclose.it\/boutique\/livres\/arts\/beaux-arts\/giuseppe-penone\/","url":"http:\/\/lechappeeclose.it\/boutique\/livres\/arts\/beaux-arts\/giuseppe-penone\/","name":"Giuseppe Penone - l&#039;\u00e9chapp\u00e9e close","isPartOf":{"@id":"http:\/\/lechappeeclose.it\/#website"},"primaryImageOfPage":{"@id":"http:\/\/lechappeeclose.it\/boutique\/livres\/arts\/beaux-arts\/giuseppe-penone\/#primaryimage"},"image":{"@id":"http:\/\/lechappeeclose.it\/boutique\/livres\/arts\/beaux-arts\/giuseppe-penone\/#primaryimage"},"thumbnailUrl":"http:\/\/lechappeeclose.it\/wp-content\/uploads\/2026\/01\/Giuseppe-Penone.jpeg","datePublished":"2026-01-21T16:55:48+00:00","breadcrumb":{"@id":"http:\/\/lechappeeclose.it\/boutique\/livres\/arts\/beaux-arts\/giuseppe-penone\/#breadcrumb"},"inLanguage":"it-IT","potentialAction":[{"@type":"ReadAction","target":["http:\/\/lechappeeclose.it\/boutique\/livres\/arts\/beaux-arts\/giuseppe-penone\/"]}]},{"@type":"ImageObject","inLanguage":"it-IT","@id":"http:\/\/lechappeeclose.it\/boutique\/livres\/arts\/beaux-arts\/giuseppe-penone\/#primaryimage","url":"http:\/\/lechappeeclose.it\/wp-content\/uploads\/2026\/01\/Giuseppe-Penone.jpeg","contentUrl":"http:\/\/lechappeeclose.it\/wp-content\/uploads\/2026\/01\/Giuseppe-Penone.jpeg","width":400,"height":500},{"@type":"BreadcrumbList","@id":"http:\/\/lechappeeclose.it\/boutique\/livres\/arts\/beaux-arts\/giuseppe-penone\/#breadcrumb","itemListElement":[{"@type":"ListItem","position":1,"name":"Accueil","item":"http:\/\/lechappeeclose.it\/"},{"@type":"ListItem","position":2,"name":"Boutique","item":"http:\/\/lechappeeclose.it\/it\/boutique\/"},{"@type":"ListItem","position":3,"name":"Giuseppe Penone"}]},{"@type":"WebSite","@id":"http:\/\/lechappeeclose.it\/#website","url":"http:\/\/lechappeeclose.it\/","name":"l&#039;\u00e9chapp\u00e9e close","description":"La libreria francese di Milano","publisher":{"@id":"http:\/\/lechappeeclose.it\/#organization"},"alternateName":"La librairie fran\u00e7aise de Milan","potentialAction":[{"@type":"SearchAction","target":{"@type":"EntryPoint","urlTemplate":"http:\/\/lechappeeclose.it\/?s={search_term_string}"},"query-input":{"@type":"PropertyValueSpecification","valueRequired":true,"valueName":"search_term_string"}}],"inLanguage":"it-IT"},{"@type":"Organization","@id":"http:\/\/lechappeeclose.it\/#organization","name":"l&#039;\u00e9chapp\u00e9e close","url":"http:\/\/lechappeeclose.it\/","logo":{"@type":"ImageObject","inLanguage":"it-IT","@id":"http:\/\/lechappeeclose.it\/#\/schema\/logo\/image\/","url":"http:\/\/lechappeeclose.it\/wp-content\/uploads\/2025\/02\/cropped-logo-rond.png","contentUrl":"http:\/\/lechappeeclose.it\/wp-content\/uploads\/2025\/02\/cropped-logo-rond.png","width":1080,"height":1080,"caption":"l&#039;\u00e9chapp\u00e9e close"},"image":{"@id":"http:\/\/lechappeeclose.it\/#\/schema\/logo\/image\/"},"sameAs":["https:\/\/www.instagram.com\/lechappeeclose\/"]}]}},"_links":{"self":[{"href":"http:\/\/lechappeeclose.it\/it\/wp-json\/wp\/v2\/product\/12650","targetHints":{"allow":["GET"]}}],"collection":[{"href":"http:\/\/lechappeeclose.it\/it\/wp-json\/wp\/v2\/product"}],"about":[{"href":"http:\/\/lechappeeclose.it\/it\/wp-json\/wp\/v2\/types\/product"}],"replies":[{"embeddable":true,"href":"http:\/\/lechappeeclose.it\/it\/wp-json\/wp\/v2\/comments?post=12650"}],"wp:featuredmedia":[{"embeddable":true,"href":"http:\/\/lechappeeclose.it\/it\/wp-json\/wp\/v2\/media\/12649"}],"wp:attachment":[{"href":"http:\/\/lechappeeclose.it\/it\/wp-json\/wp\/v2\/media?parent=12650"}],"wp:term":[{"taxonomy":"product_brand","embeddable":true,"href":"http:\/\/lechappeeclose.it\/it\/wp-json\/wp\/v2\/product_brand?post=12650"},{"taxonomy":"product_cat","embeddable":true,"href":"http:\/\/lechappeeclose.it\/it\/wp-json\/wp\/v2\/product_cat?post=12650"},{"taxonomy":"product_tag","embeddable":true,"href":"http:\/\/lechappeeclose.it\/it\/wp-json\/wp\/v2\/product_tag?post=12650"}],"curies":[{"name":"wp","href":"https:\/\/api.w.org\/{rel}","templated":true}]}}