{"id":12617,"date":"2026-01-14T16:34:13","date_gmt":"2026-01-14T15:34:13","guid":{"rendered":"https:\/\/lechappeeclose.it\/boutique\/non class\u00e9\/harlem-tome-1\/"},"modified":"2026-01-14T16:34:13","modified_gmt":"2026-01-14T15:34:13","slug":"harlem-tome-1","status":"publish","type":"product","link":"http:\/\/lechappeeclose.it\/it\/boutique\/livres\/roman-graphique-bd\/biographies\/harlem-tome-1\/","title":{"rendered":"Harlem Tome 1"},"content":{"rendered":"<p>Harlem, 1931. Au coeur de la Grande D\u00e9pression, l&#8217;inventivit\u00e9 est m\u00e8re de suret\u00e9 pour joindre les deux bouts. St\u00e9phanie St. Clair, dite Queenie, l&#8217;avait d\u00e9j\u00e0 bien compris en d\u00e9barquant \u00e0 New York il y a maintenant presque vingt ans. L&#8217;inventivit\u00e9 quand on est une femme et que l&#8217;on est noire, c&#8217;est bien plus qu&#8217;une n\u00e9cessit\u00e9. C&#8217;est une question de survie. En quelques ann\u00e9es, cette jeune servante antillaise immigr\u00e9e s&#8217;est affranchie du poids de la servitude ancestrale. Mieux encore, elle a cr\u00e9\u00e9 son propre r\u00eave am\u00e9ricain : la loterie clandestine d&#8217;Harlem. Une ascension qui fait grincer des dents, tant du c\u00f4t\u00e9 des autorit\u00e9s locales que de la mafia blanche. Dutch Schultz, dit le Hollandais, un mafieux sans scrupule, compte bien faire main basse sur le royaume de la \u00ab Frenchy \u00bb. Mais c&#8217;est sans compter la d\u00e9termination et l&#8217;imp\u00e9tuosit\u00e9 de Queenie, dont le lourd pass\u00e9 continue de guider les pas&#8230; Apr\u00e8s Giant et Bootblack, Mika\u00ebl nous emm\u00e8ne dans le Harlem de la prohibition pour un nouveau diptyque new-yorkais en clair-obscur, \u00e0 la rencontre d&#8217;une femme aussi forte qu&#8217;\u00e9nigmatique.<br \/>\nUn r\u00e9cit en deux tomes.<\/p>","protected":false},"excerpt":{"rendered":"<p>Harlem, 1931. Au coeur de la Grande D\u00e9pression, l&#8217;inventivit\u00e9 est m\u00e8re de suret\u00e9 pour joindre les deux bouts. St\u00e9phanie St. Clair, dite Queenie, l&#8217;avait d\u00e9j\u00e0 bien compris en d\u00e9barquant \u00e0 New York il y a maintenant presque vingt ans. L&#8217;inventivit\u00e9 quand on est une femme et que l&#8217;on est noire, c&#8217;est bien plus qu&#8217;une n\u00e9cessit\u00e9. [&hellip;]<\/p>","protected":false},"featured_media":12616,"comment_status":"open","ping_status":"closed","template":"","meta":[],"product_brand":[],"product_cat":[55],"product_tag":[],"class_list":{"0":"post-12617","1":"product","2":"type-product","3":"status-publish","4":"has-post-thumbnail","6":"product_cat-biographies","8":"first","9":"instock","10":"taxable","11":"shipping-taxable","12":"purchasable","13":"product-type-simple"},"yoast_head":"<!-- This site is optimized with the Yoast SEO plugin v27.4 - https:\/\/yoast.com\/product\/yoast-seo-wordpress\/ -->\n<title>Harlem Tome 1 - l&#039;\u00e9chapp\u00e9e close<\/title>\n<meta name=\"robots\" content=\"index, follow, max-snippet:-1, max-image-preview:large, max-video-preview:-1\" \/>\n<link rel=\"canonical\" href=\"http:\/\/lechappeeclose.it\/it\/boutique\/livres\/roman-graphique-bd\/biographies\/harlem-tome-1\/\" \/>\n<meta property=\"og:locale\" content=\"it_IT\" \/>\n<meta property=\"og:type\" content=\"article\" \/>\n<meta property=\"og:title\" content=\"Harlem Tome 1 - l&#039;\u00e9chapp\u00e9e close\" \/>\n<meta property=\"og:description\" content=\"Harlem, 1931. Au coeur de la Grande D\u00e9pression, l&#8217;inventivit\u00e9 est m\u00e8re de suret\u00e9 pour joindre les deux bouts. St\u00e9phanie St. Clair, dite Queenie, l&#8217;avait d\u00e9j\u00e0 bien compris en d\u00e9barquant \u00e0 New York il y a maintenant presque vingt ans. L&#8217;inventivit\u00e9 quand on est une femme et que l&#8217;on est noire, c&#8217;est bien plus qu&#8217;une n\u00e9cessit\u00e9. [&hellip;]\" \/>\n<meta property=\"og:url\" content=\"http:\/\/lechappeeclose.it\/it\/boutique\/livres\/roman-graphique-bd\/biographies\/harlem-tome-1\/\" \/>\n<meta property=\"og:site_name\" content=\"l&#039;\u00e9chapp\u00e9e close\" \/>\n<meta property=\"og:image\" content=\"http:\/\/lechappeeclose.it\/wp-content\/uploads\/2026\/01\/Harlem-Tome-1.jpeg\" \/>\n\t<meta property=\"og:image:width\" content=\"379\" \/>\n\t<meta property=\"og:image:height\" content=\"500\" \/>\n\t<meta property=\"og:image:type\" content=\"image\/jpeg\" \/>\n<meta name=\"twitter:card\" content=\"summary_large_image\" \/>\n<meta name=\"twitter:label1\" content=\"Tempo di lettura stimato\" \/>\n\t<meta name=\"twitter:data1\" content=\"1 minuto\" \/>\n<script type=\"application\/ld+json\" class=\"yoast-schema-graph\">{\"@context\":\"https:\\\/\\\/schema.org\",\"@graph\":[{\"@type\":\"WebPage\",\"@id\":\"http:\\\/\\\/lechappeeclose.it\\\/boutique\\\/livres\\\/roman-graphique-bd\\\/biographies\\\/harlem-tome-1\\\/\",\"url\":\"http:\\\/\\\/lechappeeclose.it\\\/boutique\\\/livres\\\/roman-graphique-bd\\\/biographies\\\/harlem-tome-1\\\/\",\"name\":\"Harlem Tome 1 - l&#039;\u00e9chapp\u00e9e close\",\"isPartOf\":{\"@id\":\"http:\\\/\\\/lechappeeclose.it\\\/#website\"},\"primaryImageOfPage\":{\"@id\":\"http:\\\/\\\/lechappeeclose.it\\\/boutique\\\/livres\\\/roman-graphique-bd\\\/biographies\\\/harlem-tome-1\\\/#primaryimage\"},\"image\":{\"@id\":\"http:\\\/\\\/lechappeeclose.it\\\/boutique\\\/livres\\\/roman-graphique-bd\\\/biographies\\\/harlem-tome-1\\\/#primaryimage\"},\"thumbnailUrl\":\"http:\\\/\\\/lechappeeclose.it\\\/wp-content\\\/uploads\\\/2026\\\/01\\\/Harlem-Tome-1.jpeg\",\"datePublished\":\"2026-01-14T15:34:13+00:00\",\"breadcrumb\":{\"@id\":\"http:\\\/\\\/lechappeeclose.it\\\/boutique\\\/livres\\\/roman-graphique-bd\\\/biographies\\\/harlem-tome-1\\\/#breadcrumb\"},\"inLanguage\":\"it-IT\",\"potentialAction\":[{\"@type\":\"ReadAction\",\"target\":[\"http:\\\/\\\/lechappeeclose.it\\\/boutique\\\/livres\\\/roman-graphique-bd\\\/biographies\\\/harlem-tome-1\\\/\"]}]},{\"@type\":\"ImageObject\",\"inLanguage\":\"it-IT\",\"@id\":\"http:\\\/\\\/lechappeeclose.it\\\/boutique\\\/livres\\\/roman-graphique-bd\\\/biographies\\\/harlem-tome-1\\\/#primaryimage\",\"url\":\"http:\\\/\\\/lechappeeclose.it\\\/wp-content\\\/uploads\\\/2026\\\/01\\\/Harlem-Tome-1.jpeg\",\"contentUrl\":\"http:\\\/\\\/lechappeeclose.it\\\/wp-content\\\/uploads\\\/2026\\\/01\\\/Harlem-Tome-1.jpeg\",\"width\":379,\"height\":500},{\"@type\":\"BreadcrumbList\",\"@id\":\"http:\\\/\\\/lechappeeclose.it\\\/boutique\\\/livres\\\/roman-graphique-bd\\\/biographies\\\/harlem-tome-1\\\/#breadcrumb\",\"itemListElement\":[{\"@type\":\"ListItem\",\"position\":1,\"name\":\"Accueil\",\"item\":\"http:\\\/\\\/lechappeeclose.it\\\/\"},{\"@type\":\"ListItem\",\"position\":2,\"name\":\"Boutique\",\"item\":\"http:\\\/\\\/lechappeeclose.it\\\/it\\\/boutique\\\/\"},{\"@type\":\"ListItem\",\"position\":3,\"name\":\"Harlem Tome 1\"}]},{\"@type\":\"WebSite\",\"@id\":\"http:\\\/\\\/lechappeeclose.it\\\/#website\",\"url\":\"http:\\\/\\\/lechappeeclose.it\\\/\",\"name\":\"l&#039;\u00e9chapp\u00e9e close\",\"description\":\"la librairie fran\u00e7aise de Milan\",\"publisher\":{\"@id\":\"http:\\\/\\\/lechappeeclose.it\\\/#organization\"},\"alternateName\":\"La librairie fran\u00e7aise de Milan\",\"potentialAction\":[{\"@type\":\"SearchAction\",\"target\":{\"@type\":\"EntryPoint\",\"urlTemplate\":\"http:\\\/\\\/lechappeeclose.it\\\/?s={search_term_string}\"},\"query-input\":{\"@type\":\"PropertyValueSpecification\",\"valueRequired\":true,\"valueName\":\"search_term_string\"}}],\"inLanguage\":\"it-IT\"},{\"@type\":\"Organization\",\"@id\":\"http:\\\/\\\/lechappeeclose.it\\\/#organization\",\"name\":\"l&#039;\u00e9chapp\u00e9e close\",\"url\":\"http:\\\/\\\/lechappeeclose.it\\\/\",\"logo\":{\"@type\":\"ImageObject\",\"inLanguage\":\"it-IT\",\"@id\":\"http:\\\/\\\/lechappeeclose.it\\\/#\\\/schema\\\/logo\\\/image\\\/\",\"url\":\"http:\\\/\\\/lechappeeclose.it\\\/wp-content\\\/uploads\\\/2025\\\/02\\\/cropped-logo-rond.png\",\"contentUrl\":\"http:\\\/\\\/lechappeeclose.it\\\/wp-content\\\/uploads\\\/2025\\\/02\\\/cropped-logo-rond.png\",\"width\":1080,\"height\":1080,\"caption\":\"l&#039;\u00e9chapp\u00e9e close\"},\"image\":{\"@id\":\"http:\\\/\\\/lechappeeclose.it\\\/#\\\/schema\\\/logo\\\/image\\\/\"},\"sameAs\":[\"https:\\\/\\\/www.instagram.com\\\/lechappeeclose\\\/\"]}]}<\/script>\n<!-- \/ Yoast SEO plugin. -->","yoast_head_json":{"title":"Harlem Tome 1 - l&#039;\u00e9chapp\u00e9e close","robots":{"index":"index","follow":"follow","max-snippet":"max-snippet:-1","max-image-preview":"max-image-preview:large","max-video-preview":"max-video-preview:-1"},"canonical":"http:\/\/lechappeeclose.it\/it\/boutique\/livres\/roman-graphique-bd\/biographies\/harlem-tome-1\/","og_locale":"it_IT","og_type":"article","og_title":"Harlem Tome 1 - l&#039;\u00e9chapp\u00e9e close","og_description":"Harlem, 1931. Au coeur de la Grande D\u00e9pression, l&#8217;inventivit\u00e9 est m\u00e8re de suret\u00e9 pour joindre les deux bouts. St\u00e9phanie St. Clair, dite Queenie, l&#8217;avait d\u00e9j\u00e0 bien compris en d\u00e9barquant \u00e0 New York il y a maintenant presque vingt ans. L&#8217;inventivit\u00e9 quand on est une femme et que l&#8217;on est noire, c&#8217;est bien plus qu&#8217;une n\u00e9cessit\u00e9. [&hellip;]","og_url":"http:\/\/lechappeeclose.it\/it\/boutique\/livres\/roman-graphique-bd\/biographies\/harlem-tome-1\/","og_site_name":"l&#039;\u00e9chapp\u00e9e close","og_image":[{"width":379,"height":500,"url":"http:\/\/lechappeeclose.it\/wp-content\/uploads\/2026\/01\/Harlem-Tome-1.jpeg","type":"image\/jpeg"}],"twitter_card":"summary_large_image","twitter_misc":{"Tempo di lettura stimato":"1 minuto"},"schema":{"@context":"https:\/\/schema.org","@graph":[{"@type":"WebPage","@id":"http:\/\/lechappeeclose.it\/boutique\/livres\/roman-graphique-bd\/biographies\/harlem-tome-1\/","url":"http:\/\/lechappeeclose.it\/boutique\/livres\/roman-graphique-bd\/biographies\/harlem-tome-1\/","name":"Harlem Tome 1 - l&#039;\u00e9chapp\u00e9e close","isPartOf":{"@id":"http:\/\/lechappeeclose.it\/#website"},"primaryImageOfPage":{"@id":"http:\/\/lechappeeclose.it\/boutique\/livres\/roman-graphique-bd\/biographies\/harlem-tome-1\/#primaryimage"},"image":{"@id":"http:\/\/lechappeeclose.it\/boutique\/livres\/roman-graphique-bd\/biographies\/harlem-tome-1\/#primaryimage"},"thumbnailUrl":"http:\/\/lechappeeclose.it\/wp-content\/uploads\/2026\/01\/Harlem-Tome-1.jpeg","datePublished":"2026-01-14T15:34:13+00:00","breadcrumb":{"@id":"http:\/\/lechappeeclose.it\/boutique\/livres\/roman-graphique-bd\/biographies\/harlem-tome-1\/#breadcrumb"},"inLanguage":"it-IT","potentialAction":[{"@type":"ReadAction","target":["http:\/\/lechappeeclose.it\/boutique\/livres\/roman-graphique-bd\/biographies\/harlem-tome-1\/"]}]},{"@type":"ImageObject","inLanguage":"it-IT","@id":"http:\/\/lechappeeclose.it\/boutique\/livres\/roman-graphique-bd\/biographies\/harlem-tome-1\/#primaryimage","url":"http:\/\/lechappeeclose.it\/wp-content\/uploads\/2026\/01\/Harlem-Tome-1.jpeg","contentUrl":"http:\/\/lechappeeclose.it\/wp-content\/uploads\/2026\/01\/Harlem-Tome-1.jpeg","width":379,"height":500},{"@type":"BreadcrumbList","@id":"http:\/\/lechappeeclose.it\/boutique\/livres\/roman-graphique-bd\/biographies\/harlem-tome-1\/#breadcrumb","itemListElement":[{"@type":"ListItem","position":1,"name":"Accueil","item":"http:\/\/lechappeeclose.it\/"},{"@type":"ListItem","position":2,"name":"Boutique","item":"http:\/\/lechappeeclose.it\/it\/boutique\/"},{"@type":"ListItem","position":3,"name":"Harlem Tome 1"}]},{"@type":"WebSite","@id":"http:\/\/lechappeeclose.it\/#website","url":"http:\/\/lechappeeclose.it\/","name":"l&#039;\u00e9chapp\u00e9e close","description":"La libreria francese di Milano","publisher":{"@id":"http:\/\/lechappeeclose.it\/#organization"},"alternateName":"La librairie fran\u00e7aise de Milan","potentialAction":[{"@type":"SearchAction","target":{"@type":"EntryPoint","urlTemplate":"http:\/\/lechappeeclose.it\/?s={search_term_string}"},"query-input":{"@type":"PropertyValueSpecification","valueRequired":true,"valueName":"search_term_string"}}],"inLanguage":"it-IT"},{"@type":"Organization","@id":"http:\/\/lechappeeclose.it\/#organization","name":"l&#039;\u00e9chapp\u00e9e close","url":"http:\/\/lechappeeclose.it\/","logo":{"@type":"ImageObject","inLanguage":"it-IT","@id":"http:\/\/lechappeeclose.it\/#\/schema\/logo\/image\/","url":"http:\/\/lechappeeclose.it\/wp-content\/uploads\/2025\/02\/cropped-logo-rond.png","contentUrl":"http:\/\/lechappeeclose.it\/wp-content\/uploads\/2025\/02\/cropped-logo-rond.png","width":1080,"height":1080,"caption":"l&#039;\u00e9chapp\u00e9e close"},"image":{"@id":"http:\/\/lechappeeclose.it\/#\/schema\/logo\/image\/"},"sameAs":["https:\/\/www.instagram.com\/lechappeeclose\/"]}]}},"_links":{"self":[{"href":"http:\/\/lechappeeclose.it\/it\/wp-json\/wp\/v2\/product\/12617","targetHints":{"allow":["GET"]}}],"collection":[{"href":"http:\/\/lechappeeclose.it\/it\/wp-json\/wp\/v2\/product"}],"about":[{"href":"http:\/\/lechappeeclose.it\/it\/wp-json\/wp\/v2\/types\/product"}],"replies":[{"embeddable":true,"href":"http:\/\/lechappeeclose.it\/it\/wp-json\/wp\/v2\/comments?post=12617"}],"wp:featuredmedia":[{"embeddable":true,"href":"http:\/\/lechappeeclose.it\/it\/wp-json\/wp\/v2\/media\/12616"}],"wp:attachment":[{"href":"http:\/\/lechappeeclose.it\/it\/wp-json\/wp\/v2\/media?parent=12617"}],"wp:term":[{"taxonomy":"product_brand","embeddable":true,"href":"http:\/\/lechappeeclose.it\/it\/wp-json\/wp\/v2\/product_brand?post=12617"},{"taxonomy":"product_cat","embeddable":true,"href":"http:\/\/lechappeeclose.it\/it\/wp-json\/wp\/v2\/product_cat?post=12617"},{"taxonomy":"product_tag","embeddable":true,"href":"http:\/\/lechappeeclose.it\/it\/wp-json\/wp\/v2\/product_tag?post=12617"}],"curies":[{"name":"wp","href":"https:\/\/api.w.org\/{rel}","templated":true}]}}