{"id":12575,"date":"2026-01-10T17:22:58","date_gmt":"2026-01-10T16:22:58","guid":{"rendered":"https:\/\/lechappeeclose.it\/boutique\/non class\u00e9\/la-ou-tu-vas\/"},"modified":"2026-01-10T17:22:58","modified_gmt":"2026-01-10T16:22:58","slug":"la-ou-tu-vas","status":"publish","type":"product","link":"http:\/\/lechappeeclose.it\/it\/boutique\/livres\/roman-graphique-bd\/roman-graphique\/la-ou-tu-vas\/","title":{"rendered":"L\u00e0 o\u00f9 tu vas"},"content":{"rendered":"<p>Fran\u00e7oise Roy accompagne les personnes atteintes d&#8217;Alzheimer et leurs proches au quotidien. Etienne Davodeau, son compagnon de longue date, fascin\u00e9 par son travail, lui demande de partager ces moments intimes o\u00f9 chaque instant compte. Gr\u00e2ce \u00e0 son exp\u00e9rience, il d\u00e9peint avec pudeur ces vies marqu\u00e9es par la perte de m\u00e9moire.<\/p>","protected":false},"excerpt":{"rendered":"<p>Fran\u00e7oise Roy accompagne les personnes atteintes d&#8217;Alzheimer et leurs proches au quotidien. Etienne Davodeau, son compagnon de longue date, fascin\u00e9 par son travail, lui demande de partager ces moments intimes o\u00f9 chaque instant compte. Gr\u00e2ce \u00e0 son exp\u00e9rience, il d\u00e9peint avec pudeur ces vies marqu\u00e9es par la perte de m\u00e9moire.<\/p>","protected":false},"featured_media":12574,"comment_status":"open","ping_status":"closed","template":"","meta":[],"product_brand":[],"product_cat":[61],"product_tag":[],"class_list":{"0":"post-12575","1":"product","2":"type-product","3":"status-publish","4":"has-post-thumbnail","6":"product_cat-roman-graphique","8":"first","9":"instock","10":"taxable","11":"shipping-taxable","12":"purchasable","13":"product-type-simple"},"yoast_head":"<!-- This site is optimized with the Yoast SEO plugin v27.4 - https:\/\/yoast.com\/product\/yoast-seo-wordpress\/ -->\n<title>L\u00e0 o\u00f9 tu vas - l&#039;\u00e9chapp\u00e9e close<\/title>\n<meta name=\"robots\" content=\"index, follow, max-snippet:-1, max-image-preview:large, max-video-preview:-1\" \/>\n<link rel=\"canonical\" href=\"https:\/\/lechappeeclose.it\/it\/boutique\/livres\/roman-graphique-bd\/roman-graphique\/la-ou-tu-vas\/\" \/>\n<meta property=\"og:locale\" content=\"it_IT\" \/>\n<meta property=\"og:type\" content=\"article\" \/>\n<meta property=\"og:title\" content=\"L\u00e0 o\u00f9 tu vas - l&#039;\u00e9chapp\u00e9e close\" \/>\n<meta property=\"og:description\" content=\"Fran\u00e7oise Roy accompagne les personnes atteintes d&#8217;Alzheimer et leurs proches au quotidien. Etienne Davodeau, son compagnon de longue date, fascin\u00e9 par son travail, lui demande de partager ces moments intimes o\u00f9 chaque instant compte. Gr\u00e2ce \u00e0 son exp\u00e9rience, il d\u00e9peint avec pudeur ces vies marqu\u00e9es par la perte de m\u00e9moire.\" \/>\n<meta property=\"og:url\" content=\"https:\/\/lechappeeclose.it\/it\/boutique\/livres\/roman-graphique-bd\/roman-graphique\/la-ou-tu-vas\/\" \/>\n<meta property=\"og:site_name\" content=\"l&#039;\u00e9chapp\u00e9e close\" \/>\n<meta property=\"og:image\" content=\"https:\/\/lechappeeclose.it\/wp-content\/uploads\/2026\/01\/La-ou-tu-vas.jpeg\" \/>\n\t<meta property=\"og:image:width\" content=\"365\" \/>\n\t<meta property=\"og:image:height\" content=\"500\" \/>\n\t<meta property=\"og:image:type\" content=\"image\/jpeg\" \/>\n<meta name=\"twitter:card\" content=\"summary_large_image\" \/>\n<script type=\"application\/ld+json\" class=\"yoast-schema-graph\">{\"@context\":\"https:\\\/\\\/schema.org\",\"@graph\":[{\"@type\":\"WebPage\",\"@id\":\"https:\\\/\\\/lechappeeclose.it\\\/it\\\/boutique\\\/livres\\\/roman-graphique-bd\\\/roman-graphique\\\/la-ou-tu-vas\\\/\",\"url\":\"https:\\\/\\\/lechappeeclose.it\\\/it\\\/boutique\\\/livres\\\/roman-graphique-bd\\\/roman-graphique\\\/la-ou-tu-vas\\\/\",\"name\":\"L\u00e0 o\u00f9 tu vas - l&#039;\u00e9chapp\u00e9e close\",\"isPartOf\":{\"@id\":\"http:\\\/\\\/lechappeeclose.it\\\/#website\"},\"primaryImageOfPage\":{\"@id\":\"https:\\\/\\\/lechappeeclose.it\\\/it\\\/boutique\\\/livres\\\/roman-graphique-bd\\\/roman-graphique\\\/la-ou-tu-vas\\\/#primaryimage\"},\"image\":{\"@id\":\"https:\\\/\\\/lechappeeclose.it\\\/it\\\/boutique\\\/livres\\\/roman-graphique-bd\\\/roman-graphique\\\/la-ou-tu-vas\\\/#primaryimage\"},\"thumbnailUrl\":\"http:\\\/\\\/lechappeeclose.it\\\/wp-content\\\/uploads\\\/2026\\\/01\\\/La-ou-tu-vas.jpeg\",\"datePublished\":\"2026-01-10T16:22:58+00:00\",\"breadcrumb\":{\"@id\":\"https:\\\/\\\/lechappeeclose.it\\\/it\\\/boutique\\\/livres\\\/roman-graphique-bd\\\/roman-graphique\\\/la-ou-tu-vas\\\/#breadcrumb\"},\"inLanguage\":\"it-IT\",\"potentialAction\":[{\"@type\":\"ReadAction\",\"target\":[\"https:\\\/\\\/lechappeeclose.it\\\/it\\\/boutique\\\/livres\\\/roman-graphique-bd\\\/roman-graphique\\\/la-ou-tu-vas\\\/\"]}]},{\"@type\":\"ImageObject\",\"inLanguage\":\"it-IT\",\"@id\":\"https:\\\/\\\/lechappeeclose.it\\\/it\\\/boutique\\\/livres\\\/roman-graphique-bd\\\/roman-graphique\\\/la-ou-tu-vas\\\/#primaryimage\",\"url\":\"http:\\\/\\\/lechappeeclose.it\\\/wp-content\\\/uploads\\\/2026\\\/01\\\/La-ou-tu-vas.jpeg\",\"contentUrl\":\"http:\\\/\\\/lechappeeclose.it\\\/wp-content\\\/uploads\\\/2026\\\/01\\\/La-ou-tu-vas.jpeg\",\"width\":365,\"height\":500},{\"@type\":\"BreadcrumbList\",\"@id\":\"https:\\\/\\\/lechappeeclose.it\\\/it\\\/boutique\\\/livres\\\/roman-graphique-bd\\\/roman-graphique\\\/la-ou-tu-vas\\\/#breadcrumb\",\"itemListElement\":[{\"@type\":\"ListItem\",\"position\":1,\"name\":\"Accueil\",\"item\":\"http:\\\/\\\/lechappeeclose.it\\\/\"},{\"@type\":\"ListItem\",\"position\":2,\"name\":\"Boutique\",\"item\":\"http:\\\/\\\/lechappeeclose.it\\\/it\\\/boutique\\\/\"},{\"@type\":\"ListItem\",\"position\":3,\"name\":\"L\u00e0 o\u00f9 tu vas\"}]},{\"@type\":\"WebSite\",\"@id\":\"http:\\\/\\\/lechappeeclose.it\\\/#website\",\"url\":\"http:\\\/\\\/lechappeeclose.it\\\/\",\"name\":\"l&#039;\u00e9chapp\u00e9e close\",\"description\":\"la librairie fran\u00e7aise de Milan\",\"publisher\":{\"@id\":\"http:\\\/\\\/lechappeeclose.it\\\/#organization\"},\"alternateName\":\"La librairie fran\u00e7aise de Milan\",\"potentialAction\":[{\"@type\":\"SearchAction\",\"target\":{\"@type\":\"EntryPoint\",\"urlTemplate\":\"http:\\\/\\\/lechappeeclose.it\\\/?s={search_term_string}\"},\"query-input\":{\"@type\":\"PropertyValueSpecification\",\"valueRequired\":true,\"valueName\":\"search_term_string\"}}],\"inLanguage\":\"it-IT\"},{\"@type\":\"Organization\",\"@id\":\"http:\\\/\\\/lechappeeclose.it\\\/#organization\",\"name\":\"l&#039;\u00e9chapp\u00e9e close\",\"url\":\"http:\\\/\\\/lechappeeclose.it\\\/\",\"logo\":{\"@type\":\"ImageObject\",\"inLanguage\":\"it-IT\",\"@id\":\"http:\\\/\\\/lechappeeclose.it\\\/#\\\/schema\\\/logo\\\/image\\\/\",\"url\":\"http:\\\/\\\/lechappeeclose.it\\\/wp-content\\\/uploads\\\/2025\\\/02\\\/cropped-logo-rond.png\",\"contentUrl\":\"http:\\\/\\\/lechappeeclose.it\\\/wp-content\\\/uploads\\\/2025\\\/02\\\/cropped-logo-rond.png\",\"width\":1080,\"height\":1080,\"caption\":\"l&#039;\u00e9chapp\u00e9e close\"},\"image\":{\"@id\":\"http:\\\/\\\/lechappeeclose.it\\\/#\\\/schema\\\/logo\\\/image\\\/\"},\"sameAs\":[\"https:\\\/\\\/www.instagram.com\\\/lechappeeclose\\\/\"]}]}<\/script>\n<!-- \/ Yoast SEO plugin. -->","yoast_head_json":{"title":"L\u00e0 o\u00f9 tu vas - l&#039;\u00e9chapp\u00e9e close","robots":{"index":"index","follow":"follow","max-snippet":"max-snippet:-1","max-image-preview":"max-image-preview:large","max-video-preview":"max-video-preview:-1"},"canonical":"https:\/\/lechappeeclose.it\/it\/boutique\/livres\/roman-graphique-bd\/roman-graphique\/la-ou-tu-vas\/","og_locale":"it_IT","og_type":"article","og_title":"L\u00e0 o\u00f9 tu vas - l&#039;\u00e9chapp\u00e9e close","og_description":"Fran\u00e7oise Roy accompagne les personnes atteintes d&#8217;Alzheimer et leurs proches au quotidien. Etienne Davodeau, son compagnon de longue date, fascin\u00e9 par son travail, lui demande de partager ces moments intimes o\u00f9 chaque instant compte. Gr\u00e2ce \u00e0 son exp\u00e9rience, il d\u00e9peint avec pudeur ces vies marqu\u00e9es par la perte de m\u00e9moire.","og_url":"https:\/\/lechappeeclose.it\/it\/boutique\/livres\/roman-graphique-bd\/roman-graphique\/la-ou-tu-vas\/","og_site_name":"l&#039;\u00e9chapp\u00e9e close","og_image":[{"width":365,"height":500,"url":"https:\/\/lechappeeclose.it\/wp-content\/uploads\/2026\/01\/La-ou-tu-vas.jpeg","type":"image\/jpeg"}],"twitter_card":"summary_large_image","schema":{"@context":"https:\/\/schema.org","@graph":[{"@type":"WebPage","@id":"https:\/\/lechappeeclose.it\/it\/boutique\/livres\/roman-graphique-bd\/roman-graphique\/la-ou-tu-vas\/","url":"https:\/\/lechappeeclose.it\/it\/boutique\/livres\/roman-graphique-bd\/roman-graphique\/la-ou-tu-vas\/","name":"L\u00e0 o\u00f9 tu vas - l&#039;\u00e9chapp\u00e9e close","isPartOf":{"@id":"http:\/\/lechappeeclose.it\/#website"},"primaryImageOfPage":{"@id":"https:\/\/lechappeeclose.it\/it\/boutique\/livres\/roman-graphique-bd\/roman-graphique\/la-ou-tu-vas\/#primaryimage"},"image":{"@id":"https:\/\/lechappeeclose.it\/it\/boutique\/livres\/roman-graphique-bd\/roman-graphique\/la-ou-tu-vas\/#primaryimage"},"thumbnailUrl":"http:\/\/lechappeeclose.it\/wp-content\/uploads\/2026\/01\/La-ou-tu-vas.jpeg","datePublished":"2026-01-10T16:22:58+00:00","breadcrumb":{"@id":"https:\/\/lechappeeclose.it\/it\/boutique\/livres\/roman-graphique-bd\/roman-graphique\/la-ou-tu-vas\/#breadcrumb"},"inLanguage":"it-IT","potentialAction":[{"@type":"ReadAction","target":["https:\/\/lechappeeclose.it\/it\/boutique\/livres\/roman-graphique-bd\/roman-graphique\/la-ou-tu-vas\/"]}]},{"@type":"ImageObject","inLanguage":"it-IT","@id":"https:\/\/lechappeeclose.it\/it\/boutique\/livres\/roman-graphique-bd\/roman-graphique\/la-ou-tu-vas\/#primaryimage","url":"http:\/\/lechappeeclose.it\/wp-content\/uploads\/2026\/01\/La-ou-tu-vas.jpeg","contentUrl":"http:\/\/lechappeeclose.it\/wp-content\/uploads\/2026\/01\/La-ou-tu-vas.jpeg","width":365,"height":500},{"@type":"BreadcrumbList","@id":"https:\/\/lechappeeclose.it\/it\/boutique\/livres\/roman-graphique-bd\/roman-graphique\/la-ou-tu-vas\/#breadcrumb","itemListElement":[{"@type":"ListItem","position":1,"name":"Accueil","item":"http:\/\/lechappeeclose.it\/"},{"@type":"ListItem","position":2,"name":"Boutique","item":"http:\/\/lechappeeclose.it\/it\/boutique\/"},{"@type":"ListItem","position":3,"name":"L\u00e0 o\u00f9 tu vas"}]},{"@type":"WebSite","@id":"http:\/\/lechappeeclose.it\/#website","url":"http:\/\/lechappeeclose.it\/","name":"l&#039;\u00e9chapp\u00e9e close","description":"La libreria francese di Milano","publisher":{"@id":"http:\/\/lechappeeclose.it\/#organization"},"alternateName":"La librairie fran\u00e7aise de Milan","potentialAction":[{"@type":"SearchAction","target":{"@type":"EntryPoint","urlTemplate":"http:\/\/lechappeeclose.it\/?s={search_term_string}"},"query-input":{"@type":"PropertyValueSpecification","valueRequired":true,"valueName":"search_term_string"}}],"inLanguage":"it-IT"},{"@type":"Organization","@id":"http:\/\/lechappeeclose.it\/#organization","name":"l&#039;\u00e9chapp\u00e9e close","url":"http:\/\/lechappeeclose.it\/","logo":{"@type":"ImageObject","inLanguage":"it-IT","@id":"http:\/\/lechappeeclose.it\/#\/schema\/logo\/image\/","url":"http:\/\/lechappeeclose.it\/wp-content\/uploads\/2025\/02\/cropped-logo-rond.png","contentUrl":"http:\/\/lechappeeclose.it\/wp-content\/uploads\/2025\/02\/cropped-logo-rond.png","width":1080,"height":1080,"caption":"l&#039;\u00e9chapp\u00e9e close"},"image":{"@id":"http:\/\/lechappeeclose.it\/#\/schema\/logo\/image\/"},"sameAs":["https:\/\/www.instagram.com\/lechappeeclose\/"]}]}},"_links":{"self":[{"href":"http:\/\/lechappeeclose.it\/it\/wp-json\/wp\/v2\/product\/12575","targetHints":{"allow":["GET"]}}],"collection":[{"href":"http:\/\/lechappeeclose.it\/it\/wp-json\/wp\/v2\/product"}],"about":[{"href":"http:\/\/lechappeeclose.it\/it\/wp-json\/wp\/v2\/types\/product"}],"replies":[{"embeddable":true,"href":"http:\/\/lechappeeclose.it\/it\/wp-json\/wp\/v2\/comments?post=12575"}],"wp:featuredmedia":[{"embeddable":true,"href":"http:\/\/lechappeeclose.it\/it\/wp-json\/wp\/v2\/media\/12574"}],"wp:attachment":[{"href":"http:\/\/lechappeeclose.it\/it\/wp-json\/wp\/v2\/media?parent=12575"}],"wp:term":[{"taxonomy":"product_brand","embeddable":true,"href":"http:\/\/lechappeeclose.it\/it\/wp-json\/wp\/v2\/product_brand?post=12575"},{"taxonomy":"product_cat","embeddable":true,"href":"http:\/\/lechappeeclose.it\/it\/wp-json\/wp\/v2\/product_cat?post=12575"},{"taxonomy":"product_tag","embeddable":true,"href":"http:\/\/lechappeeclose.it\/it\/wp-json\/wp\/v2\/product_tag?post=12575"}],"curies":[{"name":"wp","href":"https:\/\/api.w.org\/{rel}","templated":true}]}}