{"id":12450,"date":"2025-11-14T12:25:11","date_gmt":"2025-11-14T11:25:11","guid":{"rendered":"https:\/\/lechappeeclose.it\/boutique\/non%20class\u00e9\/passageres-de-nuit\/"},"modified":"2026-03-06T15:05:09","modified_gmt":"2026-03-06T14:05:09","slug":"passageres-de-nuit","status":"publish","type":"product","link":"http:\/\/lechappeeclose.it\/it\/boutique\/livres\/litterature\/romans\/passageres-de-nuit\/","title":{"rendered":"Passag\u00e8res de nuit"},"content":{"rendered":"<p>Toujours avancer sans se retourner, c&#8217;est ce que murmurent \u00e0 Yanick Lahens les femmes de sa propre lign\u00e9e dans ce puissant roman des origines, comme arrach\u00e9 \u00e0 son quotidien \u00e0 Port-au-Prince. N\u00e9e en 1818 \u00e0 La Nouvelle-Orl\u00e9ans, \u00c9lizabeth n&#8217;a pas recul\u00e9 quand, victime de deux tentatives de viol, elle a frein\u00e9 les \u00e9lans pr\u00e9dateurs d&#8217;un ami de son p\u00e8re. Sa grand-m\u00e8re, ancienne esclave arriv\u00e9e d&#8217;Ha\u00efti au d\u00e9but du si\u00e8cle dans le sillage du ma\u00eetre qui l&#8217;avait affranchie, lui a donn\u00e9 un exemple de r\u00e9sistance silencieuse : devenue une commer\u00e7ante prosp\u00e8re, elle n&#8217;a plus jamais accept\u00e9 de se soumettre au d\u00e9sir d&#8217;un homme. Confiante dans la force qu&#8217;elle a t\u00f4t transmise \u00e0 sa petite-fille en l&#8217;invitant dans la ronde myst\u00e9rieuse des divinit\u00e9s vaudou, elle n&#8217;h\u00e9site pas \u00e0 couvrir sa fuite : \u00c9lizabeth embarque pour Port-au-Prince, o\u00f9 nous la retrouverons bien des ann\u00e9es plus tard, aux commandes de sa vie, m\u00e8re d&#8217;un homme qui traverse la ville en lib\u00e9rateur. En cette ann\u00e9e 1867, rien ne destinait R\u00e9gina, n\u00e9e pauvre parmi les pauvres, \u00e0 rencontrer le g\u00e9n\u00e9ral L\u00e9onard Corvaseau. C&#8217;est pourtant \u00e0 son c\u00f4t\u00e9 que va se poursuivre sa trajectoire d&#8217;\u00e9mancipation. Avec ce portrait en miroir de deux femmes, ses lointaines grands-m\u00e8res, qui reconnaissent chacune en l&#8217;autre &#8221; une semblable, une s\u0153ur \u00e9chapp\u00e9e \u00e0 la rudesse des conventions &#8220;, la grande romanci\u00e8re ha\u00eftienne nous offre un magnifique hommage \u00e0 toutes les Passag\u00e8res de nuit (\u00e0 commencer par celles des bateaux n\u00e9griers), ces vaincues de l&#8217;histoire dont la t\u00e9nacit\u00e9 et la connivence secr\u00e8te opposent \u00e0 la violence du monde une lumineuse vaillance.<\/p>","protected":false},"excerpt":{"rendered":"<p>Toujours avancer sans se retourner, c&#8217;est ce que murmurent \u00e0 Yanick Lahens les femmes de sa propre lign\u00e9e dans ce puissant roman des origines, comme arrach\u00e9 \u00e0 son quotidien \u00e0 Port-au-Prince. N\u00e9e en 1818 \u00e0 La Nouvelle-Orl\u00e9ans, \u00c9lizabeth n&#8217;a pas recul\u00e9 quand, victime de deux tentatives de viol, elle a frein\u00e9 les \u00e9lans pr\u00e9dateurs d&#8217;un [&hellip;]<\/p>","protected":false},"featured_media":12449,"comment_status":"open","ping_status":"closed","template":"","meta":[],"product_brand":[],"product_cat":[46],"product_tag":[],"class_list":{"0":"post-12450","1":"product","2":"type-product","3":"status-publish","4":"has-post-thumbnail","6":"product_cat-romans","8":"first","9":"instock","10":"taxable","11":"shipping-taxable","12":"purchasable","13":"product-type-simple"},"yoast_head":"<!-- This site is optimized with the Yoast SEO plugin v27.3 - https:\/\/yoast.com\/product\/yoast-seo-wordpress\/ -->\n<title>Passag\u00e8res de nuit - l&#039;\u00e9chapp\u00e9e close<\/title>\n<meta name=\"robots\" content=\"index, follow, max-snippet:-1, max-image-preview:large, max-video-preview:-1\" \/>\n<link rel=\"canonical\" href=\"https:\/\/lechappeeclose.it\/it\/boutique\/livres\/litterature\/romans\/passageres-de-nuit\/\" \/>\n<meta property=\"og:locale\" content=\"it_IT\" \/>\n<meta property=\"og:type\" content=\"article\" \/>\n<meta property=\"og:title\" content=\"Passag\u00e8res de nuit - l&#039;\u00e9chapp\u00e9e close\" \/>\n<meta property=\"og:description\" content=\"Toujours avancer sans se retourner, c&#8217;est ce que murmurent \u00e0 Yanick Lahens les femmes de sa propre lign\u00e9e dans ce puissant roman des origines, comme arrach\u00e9 \u00e0 son quotidien \u00e0 Port-au-Prince. N\u00e9e en 1818 \u00e0 La Nouvelle-Orl\u00e9ans, \u00c9lizabeth n&#8217;a pas recul\u00e9 quand, victime de deux tentatives de viol, elle a frein\u00e9 les \u00e9lans pr\u00e9dateurs d&#8217;un [&hellip;]\" \/>\n<meta property=\"og:url\" content=\"https:\/\/lechappeeclose.it\/it\/boutique\/livres\/litterature\/romans\/passageres-de-nuit\/\" \/>\n<meta property=\"og:site_name\" content=\"l&#039;\u00e9chapp\u00e9e close\" \/>\n<meta property=\"article:modified_time\" content=\"2026-03-06T14:05:09+00:00\" \/>\n<meta property=\"og:image\" content=\"https:\/\/lechappeeclose.it\/wp-content\/uploads\/2025\/11\/Passageres-de-nuit.jpeg\" \/>\n\t<meta property=\"og:image:width\" content=\"383\" \/>\n\t<meta property=\"og:image:height\" content=\"500\" \/>\n\t<meta property=\"og:image:type\" content=\"image\/jpeg\" \/>\n<meta name=\"twitter:card\" content=\"summary_large_image\" \/>\n<meta name=\"twitter:label1\" content=\"Tempo di lettura stimato\" \/>\n\t<meta name=\"twitter:data1\" content=\"1 minuto\" \/>\n<script type=\"application\/ld+json\" class=\"yoast-schema-graph\">{\"@context\":\"https:\\\/\\\/schema.org\",\"@graph\":[{\"@type\":\"WebPage\",\"@id\":\"https:\\\/\\\/lechappeeclose.it\\\/boutique\\\/livres\\\/litterature\\\/romans\\\/passageres-de-nuit\\\/\",\"url\":\"https:\\\/\\\/lechappeeclose.it\\\/boutique\\\/livres\\\/litterature\\\/romans\\\/passageres-de-nuit\\\/\",\"name\":\"Passag\u00e8res de nuit - l&#039;\u00e9chapp\u00e9e close\",\"isPartOf\":{\"@id\":\"https:\\\/\\\/lechappeeclose.it\\\/it\\\/#website\"},\"primaryImageOfPage\":{\"@id\":\"https:\\\/\\\/lechappeeclose.it\\\/boutique\\\/livres\\\/litterature\\\/romans\\\/passageres-de-nuit\\\/#primaryimage\"},\"image\":{\"@id\":\"https:\\\/\\\/lechappeeclose.it\\\/boutique\\\/livres\\\/litterature\\\/romans\\\/passageres-de-nuit\\\/#primaryimage\"},\"thumbnailUrl\":\"http:\\\/\\\/lechappeeclose.it\\\/wp-content\\\/uploads\\\/2025\\\/11\\\/Passageres-de-nuit.jpeg\",\"datePublished\":\"2025-11-14T11:25:11+00:00\",\"dateModified\":\"2026-03-06T14:05:09+00:00\",\"breadcrumb\":{\"@id\":\"https:\\\/\\\/lechappeeclose.it\\\/boutique\\\/livres\\\/litterature\\\/romans\\\/passageres-de-nuit\\\/#breadcrumb\"},\"inLanguage\":\"it-IT\",\"potentialAction\":[{\"@type\":\"ReadAction\",\"target\":[\"https:\\\/\\\/lechappeeclose.it\\\/boutique\\\/livres\\\/litterature\\\/romans\\\/passageres-de-nuit\\\/\"]}]},{\"@type\":\"ImageObject\",\"inLanguage\":\"it-IT\",\"@id\":\"https:\\\/\\\/lechappeeclose.it\\\/boutique\\\/livres\\\/litterature\\\/romans\\\/passageres-de-nuit\\\/#primaryimage\",\"url\":\"http:\\\/\\\/lechappeeclose.it\\\/wp-content\\\/uploads\\\/2025\\\/11\\\/Passageres-de-nuit.jpeg\",\"contentUrl\":\"http:\\\/\\\/lechappeeclose.it\\\/wp-content\\\/uploads\\\/2025\\\/11\\\/Passageres-de-nuit.jpeg\",\"width\":383,\"height\":500},{\"@type\":\"BreadcrumbList\",\"@id\":\"https:\\\/\\\/lechappeeclose.it\\\/boutique\\\/livres\\\/litterature\\\/romans\\\/passageres-de-nuit\\\/#breadcrumb\",\"itemListElement\":[{\"@type\":\"ListItem\",\"position\":1,\"name\":\"Accueil\",\"item\":\"https:\\\/\\\/lechappeeclose.it\\\/it\\\/\"},{\"@type\":\"ListItem\",\"position\":2,\"name\":\"Boutique\",\"item\":\"https:\\\/\\\/lechappeeclose.it\\\/it\\\/boutique\\\/\"},{\"@type\":\"ListItem\",\"position\":3,\"name\":\"Passag\u00e8res de nuit\"}]},{\"@type\":\"WebSite\",\"@id\":\"https:\\\/\\\/lechappeeclose.it\\\/it\\\/#website\",\"url\":\"https:\\\/\\\/lechappeeclose.it\\\/it\\\/\",\"name\":\"l&#039;\u00e9chapp\u00e9e close\",\"description\":\"la librairie fran\u00e7aise de Milan\",\"publisher\":{\"@id\":\"https:\\\/\\\/lechappeeclose.it\\\/it\\\/#organization\"},\"alternateName\":\"La librairie fran\u00e7aise de Milan\",\"potentialAction\":[{\"@type\":\"SearchAction\",\"target\":{\"@type\":\"EntryPoint\",\"urlTemplate\":\"https:\\\/\\\/lechappeeclose.it\\\/it\\\/?s={search_term_string}\"},\"query-input\":{\"@type\":\"PropertyValueSpecification\",\"valueRequired\":true,\"valueName\":\"search_term_string\"}}],\"inLanguage\":\"it-IT\"},{\"@type\":\"Organization\",\"@id\":\"https:\\\/\\\/lechappeeclose.it\\\/it\\\/#organization\",\"name\":\"l&#039;\u00e9chapp\u00e9e close\",\"url\":\"https:\\\/\\\/lechappeeclose.it\\\/it\\\/\",\"logo\":{\"@type\":\"ImageObject\",\"inLanguage\":\"it-IT\",\"@id\":\"https:\\\/\\\/lechappeeclose.it\\\/it\\\/#\\\/schema\\\/logo\\\/image\\\/\",\"url\":\"http:\\\/\\\/lechappeeclose.it\\\/wp-content\\\/uploads\\\/2025\\\/02\\\/cropped-logo-rond.png\",\"contentUrl\":\"http:\\\/\\\/lechappeeclose.it\\\/wp-content\\\/uploads\\\/2025\\\/02\\\/cropped-logo-rond.png\",\"width\":1080,\"height\":1080,\"caption\":\"l&#039;\u00e9chapp\u00e9e close\"},\"image\":{\"@id\":\"https:\\\/\\\/lechappeeclose.it\\\/it\\\/#\\\/schema\\\/logo\\\/image\\\/\"},\"sameAs\":[\"https:\\\/\\\/www.instagram.com\\\/lechappeeclose\\\/\"]}]}<\/script>\n<!-- \/ Yoast SEO plugin. -->","yoast_head_json":{"title":"Passag\u00e8res de nuit - l&#039;\u00e9chapp\u00e9e close","robots":{"index":"index","follow":"follow","max-snippet":"max-snippet:-1","max-image-preview":"max-image-preview:large","max-video-preview":"max-video-preview:-1"},"canonical":"https:\/\/lechappeeclose.it\/it\/boutique\/livres\/litterature\/romans\/passageres-de-nuit\/","og_locale":"it_IT","og_type":"article","og_title":"Passag\u00e8res de nuit - l&#039;\u00e9chapp\u00e9e close","og_description":"Toujours avancer sans se retourner, c&#8217;est ce que murmurent \u00e0 Yanick Lahens les femmes de sa propre lign\u00e9e dans ce puissant roman des origines, comme arrach\u00e9 \u00e0 son quotidien \u00e0 Port-au-Prince. N\u00e9e en 1818 \u00e0 La Nouvelle-Orl\u00e9ans, \u00c9lizabeth n&#8217;a pas recul\u00e9 quand, victime de deux tentatives de viol, elle a frein\u00e9 les \u00e9lans pr\u00e9dateurs d&#8217;un [&hellip;]","og_url":"https:\/\/lechappeeclose.it\/it\/boutique\/livres\/litterature\/romans\/passageres-de-nuit\/","og_site_name":"l&#039;\u00e9chapp\u00e9e close","article_modified_time":"2026-03-06T14:05:09+00:00","og_image":[{"width":383,"height":500,"url":"https:\/\/lechappeeclose.it\/wp-content\/uploads\/2025\/11\/Passageres-de-nuit.jpeg","type":"image\/jpeg"}],"twitter_card":"summary_large_image","twitter_misc":{"Tempo di lettura stimato":"1 minuto"},"schema":{"@context":"https:\/\/schema.org","@graph":[{"@type":"WebPage","@id":"https:\/\/lechappeeclose.it\/boutique\/livres\/litterature\/romans\/passageres-de-nuit\/","url":"https:\/\/lechappeeclose.it\/boutique\/livres\/litterature\/romans\/passageres-de-nuit\/","name":"Passag\u00e8res de nuit - l&#039;\u00e9chapp\u00e9e close","isPartOf":{"@id":"https:\/\/lechappeeclose.it\/it\/#website"},"primaryImageOfPage":{"@id":"https:\/\/lechappeeclose.it\/boutique\/livres\/litterature\/romans\/passageres-de-nuit\/#primaryimage"},"image":{"@id":"https:\/\/lechappeeclose.it\/boutique\/livres\/litterature\/romans\/passageres-de-nuit\/#primaryimage"},"thumbnailUrl":"http:\/\/lechappeeclose.it\/wp-content\/uploads\/2025\/11\/Passageres-de-nuit.jpeg","datePublished":"2025-11-14T11:25:11+00:00","dateModified":"2026-03-06T14:05:09+00:00","breadcrumb":{"@id":"https:\/\/lechappeeclose.it\/boutique\/livres\/litterature\/romans\/passageres-de-nuit\/#breadcrumb"},"inLanguage":"it-IT","potentialAction":[{"@type":"ReadAction","target":["https:\/\/lechappeeclose.it\/boutique\/livres\/litterature\/romans\/passageres-de-nuit\/"]}]},{"@type":"ImageObject","inLanguage":"it-IT","@id":"https:\/\/lechappeeclose.it\/boutique\/livres\/litterature\/romans\/passageres-de-nuit\/#primaryimage","url":"http:\/\/lechappeeclose.it\/wp-content\/uploads\/2025\/11\/Passageres-de-nuit.jpeg","contentUrl":"http:\/\/lechappeeclose.it\/wp-content\/uploads\/2025\/11\/Passageres-de-nuit.jpeg","width":383,"height":500},{"@type":"BreadcrumbList","@id":"https:\/\/lechappeeclose.it\/boutique\/livres\/litterature\/romans\/passageres-de-nuit\/#breadcrumb","itemListElement":[{"@type":"ListItem","position":1,"name":"Accueil","item":"https:\/\/lechappeeclose.it\/it\/"},{"@type":"ListItem","position":2,"name":"Boutique","item":"https:\/\/lechappeeclose.it\/it\/boutique\/"},{"@type":"ListItem","position":3,"name":"Passag\u00e8res de nuit"}]},{"@type":"WebSite","@id":"https:\/\/lechappeeclose.it\/it\/#website","url":"https:\/\/lechappeeclose.it\/it\/","name":"l&#039;\u00e9chapp\u00e9e close","description":"La libreria francese di Milano","publisher":{"@id":"https:\/\/lechappeeclose.it\/it\/#organization"},"alternateName":"La librairie fran\u00e7aise de Milan","potentialAction":[{"@type":"SearchAction","target":{"@type":"EntryPoint","urlTemplate":"https:\/\/lechappeeclose.it\/it\/?s={search_term_string}"},"query-input":{"@type":"PropertyValueSpecification","valueRequired":true,"valueName":"search_term_string"}}],"inLanguage":"it-IT"},{"@type":"Organization","@id":"https:\/\/lechappeeclose.it\/it\/#organization","name":"l&#039;\u00e9chapp\u00e9e close","url":"https:\/\/lechappeeclose.it\/it\/","logo":{"@type":"ImageObject","inLanguage":"it-IT","@id":"https:\/\/lechappeeclose.it\/it\/#\/schema\/logo\/image\/","url":"http:\/\/lechappeeclose.it\/wp-content\/uploads\/2025\/02\/cropped-logo-rond.png","contentUrl":"http:\/\/lechappeeclose.it\/wp-content\/uploads\/2025\/02\/cropped-logo-rond.png","width":1080,"height":1080,"caption":"l&#039;\u00e9chapp\u00e9e close"},"image":{"@id":"https:\/\/lechappeeclose.it\/it\/#\/schema\/logo\/image\/"},"sameAs":["https:\/\/www.instagram.com\/lechappeeclose\/"]}]}},"_links":{"self":[{"href":"http:\/\/lechappeeclose.it\/it\/wp-json\/wp\/v2\/product\/12450","targetHints":{"allow":["GET"]}}],"collection":[{"href":"http:\/\/lechappeeclose.it\/it\/wp-json\/wp\/v2\/product"}],"about":[{"href":"http:\/\/lechappeeclose.it\/it\/wp-json\/wp\/v2\/types\/product"}],"replies":[{"embeddable":true,"href":"http:\/\/lechappeeclose.it\/it\/wp-json\/wp\/v2\/comments?post=12450"}],"wp:featuredmedia":[{"embeddable":true,"href":"http:\/\/lechappeeclose.it\/it\/wp-json\/wp\/v2\/media\/12449"}],"wp:attachment":[{"href":"http:\/\/lechappeeclose.it\/it\/wp-json\/wp\/v2\/media?parent=12450"}],"wp:term":[{"taxonomy":"product_brand","embeddable":true,"href":"http:\/\/lechappeeclose.it\/it\/wp-json\/wp\/v2\/product_brand?post=12450"},{"taxonomy":"product_cat","embeddable":true,"href":"http:\/\/lechappeeclose.it\/it\/wp-json\/wp\/v2\/product_cat?post=12450"},{"taxonomy":"product_tag","embeddable":true,"href":"http:\/\/lechappeeclose.it\/it\/wp-json\/wp\/v2\/product_tag?post=12450"}],"curies":[{"name":"wp","href":"https:\/\/api.w.org\/{rel}","templated":true}]}}