{"id":12421,"date":"2025-11-08T17:38:03","date_gmt":"2025-11-08T16:38:03","guid":{"rendered":"https:\/\/lechappeeclose.it\/boutique\/non class\u00e9\/les-annees-cahiers\/"},"modified":"2025-11-08T17:38:03","modified_gmt":"2025-11-08T16:38:03","slug":"les-annees-cahiers","status":"publish","type":"product","link":"http:\/\/lechappeeclose.it\/it\/boutique\/livres\/arts\/cinema\/les-annees-cahiers\/","title":{"rendered":"Les ann\u00e9es Cahiers"},"content":{"rendered":"<p>Durant ses \u00e9tudes d&#8217;anthropologie \u00e0 la Sorbonne, Jean-Luc Godard fr\u00e9quente assid\u00fbment les cin\u00e9-clubs de la capitale. Il noue des relations d&#8217;amiti\u00e9 avec Andr\u00e9 Bazin, Claude Chabrol, Fran\u00e7ois Truffaut, Jacques Rivette et Eric Rohmer. Godard est l&#8217;une des premi\u00e8res signatures du magazine la Gazette du cin\u00e9ma fond\u00e9e par Rohmer. Lorsque Andr\u00e9 Bazin fonde les cahiers du cin\u00e9ma en 1951, Godard, Rivette et Rohmer sont parmi les premiers \u00e0 y \u00e9crire. Les Cahiers du cin\u00e9ma dans les ann\u00e9es 50, &#8221; c&#8217;\u00e9tait notre seul foyer, affirmait Godard, et moi j&#8217;y \u00e9tai presque plus que les autres. A partir de deux heures on allait aux cahiers, puis au cin\u00e9ma, et on revenait le soir. Pendant tr\u00e8s longtemps, j&#8217;ai fait des paquets d&#8217;exp\u00e9dition aux abonn\u00e9s&#8230; &#8220;. De 1950 \u00e0 1959, Jean-Luc Godard \u00e9crit dans les Cahiers du cin\u00e9ma, apprenant \u00e0 aimer et faisant aimer de nombreux cin\u00e9astes, de Bergman \u00e0 Nicholas Ray. La notion de cin\u00e9ma d&#8217;auteur \u00e9tait n\u00e9e. En 1959, Godard tournait A bout de souffle, son premier long-m\u00e9trage. Ce livre regroupe la plupart de ces articles, pour certains de v\u00e9ritables manifestes de la &#8221; Nouvelle Vague &#8220;.<\/p>","protected":false},"excerpt":{"rendered":"<p>Durant ses \u00e9tudes d&#8217;anthropologie \u00e0 la Sorbonne, Jean-Luc Godard fr\u00e9quente assid\u00fbment les cin\u00e9-clubs de la capitale. Il noue des relations d&#8217;amiti\u00e9 avec Andr\u00e9 Bazin, Claude Chabrol, Fran\u00e7ois Truffaut, Jacques Rivette et Eric Rohmer. Godard est l&#8217;une des premi\u00e8res signatures du magazine la Gazette du cin\u00e9ma fond\u00e9e par Rohmer. Lorsque Andr\u00e9 Bazin fonde les cahiers du [&hellip;]<\/p>","protected":false},"featured_media":12419,"comment_status":"open","ping_status":"closed","template":"","meta":[],"product_brand":[],"product_cat":[40],"product_tag":[],"class_list":{"0":"post-12421","1":"product","2":"type-product","3":"status-publish","4":"has-post-thumbnail","6":"product_cat-cinema","8":"first","9":"instock","10":"taxable","11":"shipping-taxable","12":"purchasable","13":"product-type-simple"},"yoast_head":"<!-- This site is optimized with the Yoast SEO plugin v27.4 - https:\/\/yoast.com\/product\/yoast-seo-wordpress\/ -->\n<title>Les ann\u00e9es Cahiers - l&#039;\u00e9chapp\u00e9e close<\/title>\n<meta name=\"robots\" content=\"index, follow, max-snippet:-1, max-image-preview:large, max-video-preview:-1\" \/>\n<link rel=\"canonical\" href=\"http:\/\/lechappeeclose.it\/it\/boutique\/livres\/arts\/cinema\/les-annees-cahiers\/\" \/>\n<meta property=\"og:locale\" content=\"it_IT\" \/>\n<meta property=\"og:type\" content=\"article\" \/>\n<meta property=\"og:title\" content=\"Les ann\u00e9es Cahiers - l&#039;\u00e9chapp\u00e9e close\" \/>\n<meta property=\"og:description\" content=\"Durant ses \u00e9tudes d&#8217;anthropologie \u00e0 la Sorbonne, Jean-Luc Godard fr\u00e9quente assid\u00fbment les cin\u00e9-clubs de la capitale. Il noue des relations d&#8217;amiti\u00e9 avec Andr\u00e9 Bazin, Claude Chabrol, Fran\u00e7ois Truffaut, Jacques Rivette et Eric Rohmer. Godard est l&#8217;une des premi\u00e8res signatures du magazine la Gazette du cin\u00e9ma fond\u00e9e par Rohmer. Lorsque Andr\u00e9 Bazin fonde les cahiers du [&hellip;]\" \/>\n<meta property=\"og:url\" content=\"http:\/\/lechappeeclose.it\/it\/boutique\/livres\/arts\/cinema\/les-annees-cahiers\/\" \/>\n<meta property=\"og:site_name\" content=\"l&#039;\u00e9chapp\u00e9e close\" \/>\n<meta property=\"og:image\" content=\"http:\/\/lechappeeclose.it\/wp-content\/uploads\/2025\/11\/Les-annees-Cahiers.jpeg\" \/>\n\t<meta property=\"og:image:width\" content=\"304\" \/>\n\t<meta property=\"og:image:height\" content=\"500\" \/>\n\t<meta property=\"og:image:type\" content=\"image\/jpeg\" \/>\n<meta name=\"twitter:card\" content=\"summary_large_image\" \/>\n<meta name=\"twitter:label1\" content=\"Tempo di lettura stimato\" \/>\n\t<meta name=\"twitter:data1\" content=\"1 minuto\" \/>\n<script type=\"application\/ld+json\" class=\"yoast-schema-graph\">{\"@context\":\"https:\\\/\\\/schema.org\",\"@graph\":[{\"@type\":\"WebPage\",\"@id\":\"http:\\\/\\\/lechappeeclose.it\\\/boutique\\\/livres\\\/arts\\\/cinema\\\/les-annees-cahiers\\\/\",\"url\":\"http:\\\/\\\/lechappeeclose.it\\\/boutique\\\/livres\\\/arts\\\/cinema\\\/les-annees-cahiers\\\/\",\"name\":\"Les ann\u00e9es Cahiers - l&#039;\u00e9chapp\u00e9e close\",\"isPartOf\":{\"@id\":\"http:\\\/\\\/lechappeeclose.it\\\/#website\"},\"primaryImageOfPage\":{\"@id\":\"http:\\\/\\\/lechappeeclose.it\\\/boutique\\\/livres\\\/arts\\\/cinema\\\/les-annees-cahiers\\\/#primaryimage\"},\"image\":{\"@id\":\"http:\\\/\\\/lechappeeclose.it\\\/boutique\\\/livres\\\/arts\\\/cinema\\\/les-annees-cahiers\\\/#primaryimage\"},\"thumbnailUrl\":\"http:\\\/\\\/lechappeeclose.it\\\/wp-content\\\/uploads\\\/2025\\\/11\\\/Les-annees-Cahiers.jpeg\",\"datePublished\":\"2025-11-08T16:38:03+00:00\",\"breadcrumb\":{\"@id\":\"http:\\\/\\\/lechappeeclose.it\\\/boutique\\\/livres\\\/arts\\\/cinema\\\/les-annees-cahiers\\\/#breadcrumb\"},\"inLanguage\":\"it-IT\",\"potentialAction\":[{\"@type\":\"ReadAction\",\"target\":[\"http:\\\/\\\/lechappeeclose.it\\\/boutique\\\/livres\\\/arts\\\/cinema\\\/les-annees-cahiers\\\/\"]}]},{\"@type\":\"ImageObject\",\"inLanguage\":\"it-IT\",\"@id\":\"http:\\\/\\\/lechappeeclose.it\\\/boutique\\\/livres\\\/arts\\\/cinema\\\/les-annees-cahiers\\\/#primaryimage\",\"url\":\"http:\\\/\\\/lechappeeclose.it\\\/wp-content\\\/uploads\\\/2025\\\/11\\\/Les-annees-Cahiers.jpeg\",\"contentUrl\":\"http:\\\/\\\/lechappeeclose.it\\\/wp-content\\\/uploads\\\/2025\\\/11\\\/Les-annees-Cahiers.jpeg\",\"width\":304,\"height\":500},{\"@type\":\"BreadcrumbList\",\"@id\":\"http:\\\/\\\/lechappeeclose.it\\\/boutique\\\/livres\\\/arts\\\/cinema\\\/les-annees-cahiers\\\/#breadcrumb\",\"itemListElement\":[{\"@type\":\"ListItem\",\"position\":1,\"name\":\"Accueil\",\"item\":\"http:\\\/\\\/lechappeeclose.it\\\/\"},{\"@type\":\"ListItem\",\"position\":2,\"name\":\"Boutique\",\"item\":\"http:\\\/\\\/lechappeeclose.it\\\/it\\\/boutique\\\/\"},{\"@type\":\"ListItem\",\"position\":3,\"name\":\"Les ann\u00e9es Cahiers\"}]},{\"@type\":\"WebSite\",\"@id\":\"http:\\\/\\\/lechappeeclose.it\\\/#website\",\"url\":\"http:\\\/\\\/lechappeeclose.it\\\/\",\"name\":\"l&#039;\u00e9chapp\u00e9e close\",\"description\":\"la librairie fran\u00e7aise de Milan\",\"publisher\":{\"@id\":\"http:\\\/\\\/lechappeeclose.it\\\/#organization\"},\"alternateName\":\"La librairie fran\u00e7aise de Milan\",\"potentialAction\":[{\"@type\":\"SearchAction\",\"target\":{\"@type\":\"EntryPoint\",\"urlTemplate\":\"http:\\\/\\\/lechappeeclose.it\\\/?s={search_term_string}\"},\"query-input\":{\"@type\":\"PropertyValueSpecification\",\"valueRequired\":true,\"valueName\":\"search_term_string\"}}],\"inLanguage\":\"it-IT\"},{\"@type\":\"Organization\",\"@id\":\"http:\\\/\\\/lechappeeclose.it\\\/#organization\",\"name\":\"l&#039;\u00e9chapp\u00e9e close\",\"url\":\"http:\\\/\\\/lechappeeclose.it\\\/\",\"logo\":{\"@type\":\"ImageObject\",\"inLanguage\":\"it-IT\",\"@id\":\"http:\\\/\\\/lechappeeclose.it\\\/#\\\/schema\\\/logo\\\/image\\\/\",\"url\":\"http:\\\/\\\/lechappeeclose.it\\\/wp-content\\\/uploads\\\/2025\\\/02\\\/cropped-logo-rond.png\",\"contentUrl\":\"http:\\\/\\\/lechappeeclose.it\\\/wp-content\\\/uploads\\\/2025\\\/02\\\/cropped-logo-rond.png\",\"width\":1080,\"height\":1080,\"caption\":\"l&#039;\u00e9chapp\u00e9e close\"},\"image\":{\"@id\":\"http:\\\/\\\/lechappeeclose.it\\\/#\\\/schema\\\/logo\\\/image\\\/\"},\"sameAs\":[\"https:\\\/\\\/www.instagram.com\\\/lechappeeclose\\\/\"]}]}<\/script>\n<!-- \/ Yoast SEO plugin. -->","yoast_head_json":{"title":"Les ann\u00e9es Cahiers - l&#039;\u00e9chapp\u00e9e close","robots":{"index":"index","follow":"follow","max-snippet":"max-snippet:-1","max-image-preview":"max-image-preview:large","max-video-preview":"max-video-preview:-1"},"canonical":"http:\/\/lechappeeclose.it\/it\/boutique\/livres\/arts\/cinema\/les-annees-cahiers\/","og_locale":"it_IT","og_type":"article","og_title":"Les ann\u00e9es Cahiers - l&#039;\u00e9chapp\u00e9e close","og_description":"Durant ses \u00e9tudes d&#8217;anthropologie \u00e0 la Sorbonne, Jean-Luc Godard fr\u00e9quente assid\u00fbment les cin\u00e9-clubs de la capitale. Il noue des relations d&#8217;amiti\u00e9 avec Andr\u00e9 Bazin, Claude Chabrol, Fran\u00e7ois Truffaut, Jacques Rivette et Eric Rohmer. Godard est l&#8217;une des premi\u00e8res signatures du magazine la Gazette du cin\u00e9ma fond\u00e9e par Rohmer. Lorsque Andr\u00e9 Bazin fonde les cahiers du [&hellip;]","og_url":"http:\/\/lechappeeclose.it\/it\/boutique\/livres\/arts\/cinema\/les-annees-cahiers\/","og_site_name":"l&#039;\u00e9chapp\u00e9e close","og_image":[{"width":304,"height":500,"url":"http:\/\/lechappeeclose.it\/wp-content\/uploads\/2025\/11\/Les-annees-Cahiers.jpeg","type":"image\/jpeg"}],"twitter_card":"summary_large_image","twitter_misc":{"Tempo di lettura stimato":"1 minuto"},"schema":{"@context":"https:\/\/schema.org","@graph":[{"@type":"WebPage","@id":"http:\/\/lechappeeclose.it\/boutique\/livres\/arts\/cinema\/les-annees-cahiers\/","url":"http:\/\/lechappeeclose.it\/boutique\/livres\/arts\/cinema\/les-annees-cahiers\/","name":"Les ann\u00e9es Cahiers - l&#039;\u00e9chapp\u00e9e close","isPartOf":{"@id":"http:\/\/lechappeeclose.it\/#website"},"primaryImageOfPage":{"@id":"http:\/\/lechappeeclose.it\/boutique\/livres\/arts\/cinema\/les-annees-cahiers\/#primaryimage"},"image":{"@id":"http:\/\/lechappeeclose.it\/boutique\/livres\/arts\/cinema\/les-annees-cahiers\/#primaryimage"},"thumbnailUrl":"http:\/\/lechappeeclose.it\/wp-content\/uploads\/2025\/11\/Les-annees-Cahiers.jpeg","datePublished":"2025-11-08T16:38:03+00:00","breadcrumb":{"@id":"http:\/\/lechappeeclose.it\/boutique\/livres\/arts\/cinema\/les-annees-cahiers\/#breadcrumb"},"inLanguage":"it-IT","potentialAction":[{"@type":"ReadAction","target":["http:\/\/lechappeeclose.it\/boutique\/livres\/arts\/cinema\/les-annees-cahiers\/"]}]},{"@type":"ImageObject","inLanguage":"it-IT","@id":"http:\/\/lechappeeclose.it\/boutique\/livres\/arts\/cinema\/les-annees-cahiers\/#primaryimage","url":"http:\/\/lechappeeclose.it\/wp-content\/uploads\/2025\/11\/Les-annees-Cahiers.jpeg","contentUrl":"http:\/\/lechappeeclose.it\/wp-content\/uploads\/2025\/11\/Les-annees-Cahiers.jpeg","width":304,"height":500},{"@type":"BreadcrumbList","@id":"http:\/\/lechappeeclose.it\/boutique\/livres\/arts\/cinema\/les-annees-cahiers\/#breadcrumb","itemListElement":[{"@type":"ListItem","position":1,"name":"Accueil","item":"http:\/\/lechappeeclose.it\/"},{"@type":"ListItem","position":2,"name":"Boutique","item":"http:\/\/lechappeeclose.it\/it\/boutique\/"},{"@type":"ListItem","position":3,"name":"Les ann\u00e9es Cahiers"}]},{"@type":"WebSite","@id":"http:\/\/lechappeeclose.it\/#website","url":"http:\/\/lechappeeclose.it\/","name":"l&#039;\u00e9chapp\u00e9e close","description":"La libreria francese di Milano","publisher":{"@id":"http:\/\/lechappeeclose.it\/#organization"},"alternateName":"La librairie fran\u00e7aise de Milan","potentialAction":[{"@type":"SearchAction","target":{"@type":"EntryPoint","urlTemplate":"http:\/\/lechappeeclose.it\/?s={search_term_string}"},"query-input":{"@type":"PropertyValueSpecification","valueRequired":true,"valueName":"search_term_string"}}],"inLanguage":"it-IT"},{"@type":"Organization","@id":"http:\/\/lechappeeclose.it\/#organization","name":"l&#039;\u00e9chapp\u00e9e close","url":"http:\/\/lechappeeclose.it\/","logo":{"@type":"ImageObject","inLanguage":"it-IT","@id":"http:\/\/lechappeeclose.it\/#\/schema\/logo\/image\/","url":"http:\/\/lechappeeclose.it\/wp-content\/uploads\/2025\/02\/cropped-logo-rond.png","contentUrl":"http:\/\/lechappeeclose.it\/wp-content\/uploads\/2025\/02\/cropped-logo-rond.png","width":1080,"height":1080,"caption":"l&#039;\u00e9chapp\u00e9e close"},"image":{"@id":"http:\/\/lechappeeclose.it\/#\/schema\/logo\/image\/"},"sameAs":["https:\/\/www.instagram.com\/lechappeeclose\/"]}]}},"_links":{"self":[{"href":"http:\/\/lechappeeclose.it\/it\/wp-json\/wp\/v2\/product\/12421","targetHints":{"allow":["GET"]}}],"collection":[{"href":"http:\/\/lechappeeclose.it\/it\/wp-json\/wp\/v2\/product"}],"about":[{"href":"http:\/\/lechappeeclose.it\/it\/wp-json\/wp\/v2\/types\/product"}],"replies":[{"embeddable":true,"href":"http:\/\/lechappeeclose.it\/it\/wp-json\/wp\/v2\/comments?post=12421"}],"wp:featuredmedia":[{"embeddable":true,"href":"http:\/\/lechappeeclose.it\/it\/wp-json\/wp\/v2\/media\/12419"}],"wp:attachment":[{"href":"http:\/\/lechappeeclose.it\/it\/wp-json\/wp\/v2\/media?parent=12421"}],"wp:term":[{"taxonomy":"product_brand","embeddable":true,"href":"http:\/\/lechappeeclose.it\/it\/wp-json\/wp\/v2\/product_brand?post=12421"},{"taxonomy":"product_cat","embeddable":true,"href":"http:\/\/lechappeeclose.it\/it\/wp-json\/wp\/v2\/product_cat?post=12421"},{"taxonomy":"product_tag","embeddable":true,"href":"http:\/\/lechappeeclose.it\/it\/wp-json\/wp\/v2\/product_tag?post=12421"}],"curies":[{"name":"wp","href":"https:\/\/api.w.org\/{rel}","templated":true}]}}