{"id":12410,"date":"2025-11-07T17:53:00","date_gmt":"2025-11-07T16:53:00","guid":{"rendered":"https:\/\/lechappeeclose.it\/boutique\/non%20class\u00e9\/toulouse-lautrec\/"},"modified":"2026-01-16T16:42:28","modified_gmt":"2026-01-16T15:42:28","slug":"toulouse-lautrec","status":"publish","type":"product","link":"http:\/\/lechappeeclose.it\/it\/boutique\/livres\/arts\/beaux-arts\/toulouse-lautrec\/","title":{"rendered":"Toulouse-Lautrec"},"content":{"rendered":"<p>Certaines rencontres repr\u00e9sentent un acte fondateur de la carri\u00e8re d&#8217;un artiste?; c&#8217;est le cas de celle entre Pierre Bonnard et Toulouse-Lautrec. C&#8217;est en effet le premier, par sa p\u00e9tillante affiche France-Champagne, r\u00e9alis\u00e9e au printemps 1891, qui guidera le second sur la voie d&#8217;une \u00e9ternelle c\u00e9l\u00e9brit\u00e9 pour ses oeuvres lithographiques. Inventeur de l&#8217;affiche moderne apr\u00e8s Bonnard, c&#8217;est bien Toulouse-Lautrec qui, gr\u00e2ce \u00e0 ses recherches acharn\u00e9es sur les nouvelles potentialit\u00e9s offertes par cette technique et ses nombreuses heures pass\u00e9es aupr\u00e8s des ouvriers lithographes, en demeure aujourd&#8217;hui encore le ma\u00eetre incontest\u00e9?; en t\u00e9moignent ses affiches iconiques d&#8217;un Paris fin-de-si\u00e8cle, telles que Moulin Rouge &#8211; La Goulue, Divan Japonais, Jane Avril, Lo\u00efe Fuller ou Aux Ambassadeurs, sans oublier toutes celles li\u00e9es au personnage d&#8217;Aristide Bruant. Tout au long de sa vie d&#8217;artiste, Lautrec se posera en marge des impressionnistes et collaborera avec les auteurs les plus en vue ou les plus d\u00e9cri\u00e9s de son temps, publiant de nombreux albums contenant des tirages sp\u00e9ciaux.<br \/>\nL&#8217;exposition, sous la direction de V\u00e9ronique Serrano et Gilles Genty, s&#8217;inscrit dans le cadre des c\u00e9l\u00e9brations du 150e anniversaire de l&#8217;Impressionnisme avec le pr\u00eat exceptionnel de deux chefs-d&#8217;oeuvre du mus\u00e9e d&#8217;Orsay qui viennent parfaire la s\u00e9lection des 80 lithographies, \u00e9preuves et tirages rares expos\u00e9s, provenant d&#8217;un des fonds les plus riches conserv\u00e9s en main priv\u00e9e.<br \/>\nLe catalogue abondamment illustr\u00e9 et comment\u00e9 constitue un outil essentiel pour l&#8217;\u00e9tude de l&#8217;oeuvre lithographique de l&#8217;artiste.<\/p>","protected":false},"excerpt":{"rendered":"<p>Certaines rencontres repr\u00e9sentent un acte fondateur de la carri\u00e8re d&#8217;un artiste?; c&#8217;est le cas de celle entre Pierre Bonnard et Toulouse-Lautrec. C&#8217;est en effet le premier, par sa p\u00e9tillante affiche France-Champagne, r\u00e9alis\u00e9e au printemps 1891, qui guidera le second sur la voie d&#8217;une \u00e9ternelle c\u00e9l\u00e9brit\u00e9 pour ses oeuvres lithographiques. Inventeur de l&#8217;affiche moderne apr\u00e8s Bonnard, [&hellip;]<\/p>","protected":false},"featured_media":12409,"comment_status":"open","ping_status":"closed","template":"","meta":[],"product_brand":[],"product_cat":[41],"product_tag":[],"class_list":{"0":"post-12410","1":"product","2":"type-product","3":"status-publish","4":"has-post-thumbnail","6":"product_cat-beaux-arts","8":"first","9":"onbackorder","10":"taxable","11":"shipping-taxable","12":"purchasable","13":"product-type-simple"},"yoast_head":"<!-- This site is optimized with the Yoast SEO plugin v27.4 - https:\/\/yoast.com\/product\/yoast-seo-wordpress\/ -->\n<title>Toulouse-Lautrec - l&#039;\u00e9chapp\u00e9e close<\/title>\n<meta name=\"robots\" content=\"index, follow, max-snippet:-1, max-image-preview:large, max-video-preview:-1\" \/>\n<link rel=\"canonical\" href=\"http:\/\/lechappeeclose.it\/it\/boutique\/livres\/arts\/beaux-arts\/toulouse-lautrec\/\" \/>\n<meta property=\"og:locale\" content=\"it_IT\" \/>\n<meta property=\"og:type\" content=\"article\" \/>\n<meta property=\"og:title\" content=\"Toulouse-Lautrec - l&#039;\u00e9chapp\u00e9e close\" \/>\n<meta property=\"og:description\" content=\"Certaines rencontres repr\u00e9sentent un acte fondateur de la carri\u00e8re d&#8217;un artiste?; c&#8217;est le cas de celle entre Pierre Bonnard et Toulouse-Lautrec. C&#8217;est en effet le premier, par sa p\u00e9tillante affiche France-Champagne, r\u00e9alis\u00e9e au printemps 1891, qui guidera le second sur la voie d&#8217;une \u00e9ternelle c\u00e9l\u00e9brit\u00e9 pour ses oeuvres lithographiques. Inventeur de l&#8217;affiche moderne apr\u00e8s Bonnard, [&hellip;]\" \/>\n<meta property=\"og:url\" content=\"http:\/\/lechappeeclose.it\/it\/boutique\/livres\/arts\/beaux-arts\/toulouse-lautrec\/\" \/>\n<meta property=\"og:site_name\" content=\"l&#039;\u00e9chapp\u00e9e close\" \/>\n<meta property=\"article:modified_time\" content=\"2026-01-16T15:42:28+00:00\" \/>\n<meta property=\"og:image\" content=\"http:\/\/lechappeeclose.it\/wp-content\/uploads\/2025\/11\/Toulouse-Lautrec.jpeg\" \/>\n\t<meta property=\"og:image:width\" content=\"407\" \/>\n\t<meta property=\"og:image:height\" content=\"500\" \/>\n\t<meta property=\"og:image:type\" content=\"image\/jpeg\" \/>\n<meta name=\"twitter:card\" content=\"summary_large_image\" \/>\n<meta name=\"twitter:label1\" content=\"Tempo di lettura stimato\" \/>\n\t<meta name=\"twitter:data1\" content=\"1 minuto\" \/>\n<script type=\"application\/ld+json\" class=\"yoast-schema-graph\">{\"@context\":\"https:\\\/\\\/schema.org\",\"@graph\":[{\"@type\":\"WebPage\",\"@id\":\"http:\\\/\\\/lechappeeclose.it\\\/boutique\\\/livres\\\/arts\\\/beaux-arts\\\/toulouse-lautrec\\\/\",\"url\":\"http:\\\/\\\/lechappeeclose.it\\\/boutique\\\/livres\\\/arts\\\/beaux-arts\\\/toulouse-lautrec\\\/\",\"name\":\"Toulouse-Lautrec - l&#039;\u00e9chapp\u00e9e close\",\"isPartOf\":{\"@id\":\"http:\\\/\\\/lechappeeclose.it\\\/#website\"},\"primaryImageOfPage\":{\"@id\":\"http:\\\/\\\/lechappeeclose.it\\\/boutique\\\/livres\\\/arts\\\/beaux-arts\\\/toulouse-lautrec\\\/#primaryimage\"},\"image\":{\"@id\":\"http:\\\/\\\/lechappeeclose.it\\\/boutique\\\/livres\\\/arts\\\/beaux-arts\\\/toulouse-lautrec\\\/#primaryimage\"},\"thumbnailUrl\":\"http:\\\/\\\/lechappeeclose.it\\\/wp-content\\\/uploads\\\/2025\\\/11\\\/Toulouse-Lautrec.jpeg\",\"datePublished\":\"2025-11-07T16:53:00+00:00\",\"dateModified\":\"2026-01-16T15:42:28+00:00\",\"breadcrumb\":{\"@id\":\"http:\\\/\\\/lechappeeclose.it\\\/boutique\\\/livres\\\/arts\\\/beaux-arts\\\/toulouse-lautrec\\\/#breadcrumb\"},\"inLanguage\":\"it-IT\",\"potentialAction\":[{\"@type\":\"ReadAction\",\"target\":[\"http:\\\/\\\/lechappeeclose.it\\\/boutique\\\/livres\\\/arts\\\/beaux-arts\\\/toulouse-lautrec\\\/\"]}]},{\"@type\":\"ImageObject\",\"inLanguage\":\"it-IT\",\"@id\":\"http:\\\/\\\/lechappeeclose.it\\\/boutique\\\/livres\\\/arts\\\/beaux-arts\\\/toulouse-lautrec\\\/#primaryimage\",\"url\":\"http:\\\/\\\/lechappeeclose.it\\\/wp-content\\\/uploads\\\/2025\\\/11\\\/Toulouse-Lautrec.jpeg\",\"contentUrl\":\"http:\\\/\\\/lechappeeclose.it\\\/wp-content\\\/uploads\\\/2025\\\/11\\\/Toulouse-Lautrec.jpeg\",\"width\":407,\"height\":500},{\"@type\":\"BreadcrumbList\",\"@id\":\"http:\\\/\\\/lechappeeclose.it\\\/boutique\\\/livres\\\/arts\\\/beaux-arts\\\/toulouse-lautrec\\\/#breadcrumb\",\"itemListElement\":[{\"@type\":\"ListItem\",\"position\":1,\"name\":\"Accueil\",\"item\":\"http:\\\/\\\/lechappeeclose.it\\\/\"},{\"@type\":\"ListItem\",\"position\":2,\"name\":\"Boutique\",\"item\":\"http:\\\/\\\/lechappeeclose.it\\\/it\\\/boutique\\\/\"},{\"@type\":\"ListItem\",\"position\":3,\"name\":\"Toulouse-Lautrec\"}]},{\"@type\":\"WebSite\",\"@id\":\"http:\\\/\\\/lechappeeclose.it\\\/#website\",\"url\":\"http:\\\/\\\/lechappeeclose.it\\\/\",\"name\":\"l&#039;\u00e9chapp\u00e9e close\",\"description\":\"la librairie fran\u00e7aise de Milan\",\"publisher\":{\"@id\":\"http:\\\/\\\/lechappeeclose.it\\\/#organization\"},\"alternateName\":\"La librairie fran\u00e7aise de Milan\",\"potentialAction\":[{\"@type\":\"SearchAction\",\"target\":{\"@type\":\"EntryPoint\",\"urlTemplate\":\"http:\\\/\\\/lechappeeclose.it\\\/?s={search_term_string}\"},\"query-input\":{\"@type\":\"PropertyValueSpecification\",\"valueRequired\":true,\"valueName\":\"search_term_string\"}}],\"inLanguage\":\"it-IT\"},{\"@type\":\"Organization\",\"@id\":\"http:\\\/\\\/lechappeeclose.it\\\/#organization\",\"name\":\"l&#039;\u00e9chapp\u00e9e close\",\"url\":\"http:\\\/\\\/lechappeeclose.it\\\/\",\"logo\":{\"@type\":\"ImageObject\",\"inLanguage\":\"it-IT\",\"@id\":\"http:\\\/\\\/lechappeeclose.it\\\/#\\\/schema\\\/logo\\\/image\\\/\",\"url\":\"http:\\\/\\\/lechappeeclose.it\\\/wp-content\\\/uploads\\\/2025\\\/02\\\/cropped-logo-rond.png\",\"contentUrl\":\"http:\\\/\\\/lechappeeclose.it\\\/wp-content\\\/uploads\\\/2025\\\/02\\\/cropped-logo-rond.png\",\"width\":1080,\"height\":1080,\"caption\":\"l&#039;\u00e9chapp\u00e9e close\"},\"image\":{\"@id\":\"http:\\\/\\\/lechappeeclose.it\\\/#\\\/schema\\\/logo\\\/image\\\/\"},\"sameAs\":[\"https:\\\/\\\/www.instagram.com\\\/lechappeeclose\\\/\"]}]}<\/script>\n<!-- \/ Yoast SEO plugin. -->","yoast_head_json":{"title":"Toulouse-Lautrec - l&#039;\u00e9chapp\u00e9e close","robots":{"index":"index","follow":"follow","max-snippet":"max-snippet:-1","max-image-preview":"max-image-preview:large","max-video-preview":"max-video-preview:-1"},"canonical":"http:\/\/lechappeeclose.it\/it\/boutique\/livres\/arts\/beaux-arts\/toulouse-lautrec\/","og_locale":"it_IT","og_type":"article","og_title":"Toulouse-Lautrec - l&#039;\u00e9chapp\u00e9e close","og_description":"Certaines rencontres repr\u00e9sentent un acte fondateur de la carri\u00e8re d&#8217;un artiste?; c&#8217;est le cas de celle entre Pierre Bonnard et Toulouse-Lautrec. C&#8217;est en effet le premier, par sa p\u00e9tillante affiche France-Champagne, r\u00e9alis\u00e9e au printemps 1891, qui guidera le second sur la voie d&#8217;une \u00e9ternelle c\u00e9l\u00e9brit\u00e9 pour ses oeuvres lithographiques. Inventeur de l&#8217;affiche moderne apr\u00e8s Bonnard, [&hellip;]","og_url":"http:\/\/lechappeeclose.it\/it\/boutique\/livres\/arts\/beaux-arts\/toulouse-lautrec\/","og_site_name":"l&#039;\u00e9chapp\u00e9e close","article_modified_time":"2026-01-16T15:42:28+00:00","og_image":[{"width":407,"height":500,"url":"http:\/\/lechappeeclose.it\/wp-content\/uploads\/2025\/11\/Toulouse-Lautrec.jpeg","type":"image\/jpeg"}],"twitter_card":"summary_large_image","twitter_misc":{"Tempo di lettura stimato":"1 minuto"},"schema":{"@context":"https:\/\/schema.org","@graph":[{"@type":"WebPage","@id":"http:\/\/lechappeeclose.it\/boutique\/livres\/arts\/beaux-arts\/toulouse-lautrec\/","url":"http:\/\/lechappeeclose.it\/boutique\/livres\/arts\/beaux-arts\/toulouse-lautrec\/","name":"Toulouse-Lautrec - l&#039;\u00e9chapp\u00e9e close","isPartOf":{"@id":"http:\/\/lechappeeclose.it\/#website"},"primaryImageOfPage":{"@id":"http:\/\/lechappeeclose.it\/boutique\/livres\/arts\/beaux-arts\/toulouse-lautrec\/#primaryimage"},"image":{"@id":"http:\/\/lechappeeclose.it\/boutique\/livres\/arts\/beaux-arts\/toulouse-lautrec\/#primaryimage"},"thumbnailUrl":"http:\/\/lechappeeclose.it\/wp-content\/uploads\/2025\/11\/Toulouse-Lautrec.jpeg","datePublished":"2025-11-07T16:53:00+00:00","dateModified":"2026-01-16T15:42:28+00:00","breadcrumb":{"@id":"http:\/\/lechappeeclose.it\/boutique\/livres\/arts\/beaux-arts\/toulouse-lautrec\/#breadcrumb"},"inLanguage":"it-IT","potentialAction":[{"@type":"ReadAction","target":["http:\/\/lechappeeclose.it\/boutique\/livres\/arts\/beaux-arts\/toulouse-lautrec\/"]}]},{"@type":"ImageObject","inLanguage":"it-IT","@id":"http:\/\/lechappeeclose.it\/boutique\/livres\/arts\/beaux-arts\/toulouse-lautrec\/#primaryimage","url":"http:\/\/lechappeeclose.it\/wp-content\/uploads\/2025\/11\/Toulouse-Lautrec.jpeg","contentUrl":"http:\/\/lechappeeclose.it\/wp-content\/uploads\/2025\/11\/Toulouse-Lautrec.jpeg","width":407,"height":500},{"@type":"BreadcrumbList","@id":"http:\/\/lechappeeclose.it\/boutique\/livres\/arts\/beaux-arts\/toulouse-lautrec\/#breadcrumb","itemListElement":[{"@type":"ListItem","position":1,"name":"Accueil","item":"http:\/\/lechappeeclose.it\/"},{"@type":"ListItem","position":2,"name":"Boutique","item":"http:\/\/lechappeeclose.it\/it\/boutique\/"},{"@type":"ListItem","position":3,"name":"Toulouse-Lautrec"}]},{"@type":"WebSite","@id":"http:\/\/lechappeeclose.it\/#website","url":"http:\/\/lechappeeclose.it\/","name":"l&#039;\u00e9chapp\u00e9e close","description":"La libreria francese di Milano","publisher":{"@id":"http:\/\/lechappeeclose.it\/#organization"},"alternateName":"La librairie fran\u00e7aise de Milan","potentialAction":[{"@type":"SearchAction","target":{"@type":"EntryPoint","urlTemplate":"http:\/\/lechappeeclose.it\/?s={search_term_string}"},"query-input":{"@type":"PropertyValueSpecification","valueRequired":true,"valueName":"search_term_string"}}],"inLanguage":"it-IT"},{"@type":"Organization","@id":"http:\/\/lechappeeclose.it\/#organization","name":"l&#039;\u00e9chapp\u00e9e close","url":"http:\/\/lechappeeclose.it\/","logo":{"@type":"ImageObject","inLanguage":"it-IT","@id":"http:\/\/lechappeeclose.it\/#\/schema\/logo\/image\/","url":"http:\/\/lechappeeclose.it\/wp-content\/uploads\/2025\/02\/cropped-logo-rond.png","contentUrl":"http:\/\/lechappeeclose.it\/wp-content\/uploads\/2025\/02\/cropped-logo-rond.png","width":1080,"height":1080,"caption":"l&#039;\u00e9chapp\u00e9e close"},"image":{"@id":"http:\/\/lechappeeclose.it\/#\/schema\/logo\/image\/"},"sameAs":["https:\/\/www.instagram.com\/lechappeeclose\/"]}]}},"_links":{"self":[{"href":"http:\/\/lechappeeclose.it\/it\/wp-json\/wp\/v2\/product\/12410","targetHints":{"allow":["GET"]}}],"collection":[{"href":"http:\/\/lechappeeclose.it\/it\/wp-json\/wp\/v2\/product"}],"about":[{"href":"http:\/\/lechappeeclose.it\/it\/wp-json\/wp\/v2\/types\/product"}],"replies":[{"embeddable":true,"href":"http:\/\/lechappeeclose.it\/it\/wp-json\/wp\/v2\/comments?post=12410"}],"wp:featuredmedia":[{"embeddable":true,"href":"http:\/\/lechappeeclose.it\/it\/wp-json\/wp\/v2\/media\/12409"}],"wp:attachment":[{"href":"http:\/\/lechappeeclose.it\/it\/wp-json\/wp\/v2\/media?parent=12410"}],"wp:term":[{"taxonomy":"product_brand","embeddable":true,"href":"http:\/\/lechappeeclose.it\/it\/wp-json\/wp\/v2\/product_brand?post=12410"},{"taxonomy":"product_cat","embeddable":true,"href":"http:\/\/lechappeeclose.it\/it\/wp-json\/wp\/v2\/product_cat?post=12410"},{"taxonomy":"product_tag","embeddable":true,"href":"http:\/\/lechappeeclose.it\/it\/wp-json\/wp\/v2\/product_tag?post=12410"}],"curies":[{"name":"wp","href":"https:\/\/api.w.org\/{rel}","templated":true}]}}