{"id":12352,"date":"2025-10-24T16:21:05","date_gmt":"2025-10-24T14:21:05","guid":{"rendered":"https:\/\/lechappeeclose.it\/boutique\/non%20class\u00e9\/le-paris-dagnes-varda-de-ci-de-la\/"},"modified":"2026-03-06T15:05:57","modified_gmt":"2026-03-06T14:05:57","slug":"le-paris-dagnes-varda-de-ci-de-la","status":"publish","type":"product","link":"http:\/\/lechappeeclose.it\/it\/boutique\/livres\/arts\/photographie\/le-paris-dagnes-varda-de-ci-de-la\/","title":{"rendered":"Le Paris d&#8217;Agn\u00e8s Varda, de-ci, de-l\u00e0"},"content":{"rendered":"<p>L&#8217;exposition Le Paris d&#8217;Agn\u00e8s Varda, de-ci, de-l\u00e0 aborde l&#8217;\u0153uvre d&#8217;Agn\u00e8s Varda (1928-2019) sous un angle in\u00e9dit.<br \/>\nElle met en valeur l&#8217;\u0153uvre photographique encore m\u00e9connue de l&#8217;artiste et r\u00e9v\u00e8le la place primordiale de la cour-atelier de la rue Daguerre (Paris 14e), lieu de vie et de cr\u00e9ation, de 1951 \u00e0 2019. Plus g\u00e9n\u00e9ralement, elle montre l&#8217;importance de Paris dans une \u0153uvre libre et foisonnante qui ne c\u00e8de jamais \u00e0 la facilit\u00e9 et fait merveilleusement dialoguer documentaire et fiction.<\/p>","protected":false},"excerpt":{"rendered":"<p>L&#8217;exposition Le Paris d&#8217;Agn\u00e8s Varda, de-ci, de-l\u00e0 aborde l&#8217;\u0153uvre d&#8217;Agn\u00e8s Varda (1928-2019) sous un angle in\u00e9dit. Elle met en valeur l&#8217;\u0153uvre photographique encore m\u00e9connue de l&#8217;artiste et r\u00e9v\u00e8le la place primordiale de la cour-atelier de la rue Daguerre (Paris 14e), lieu de vie et de cr\u00e9ation, de 1951 \u00e0 2019. Plus g\u00e9n\u00e9ralement, elle montre l&#8217;importance [&hellip;]<\/p>","protected":false},"featured_media":12351,"comment_status":"open","ping_status":"closed","template":"","meta":[],"product_brand":[],"product_cat":[39],"product_tag":[],"class_list":{"0":"post-12352","1":"product","2":"type-product","3":"status-publish","4":"has-post-thumbnail","6":"product_cat-photographie","8":"first","9":"instock","10":"taxable","11":"shipping-taxable","12":"purchasable","13":"product-type-simple"},"yoast_head":"<!-- This site is optimized with the Yoast SEO plugin v27.3 - https:\/\/yoast.com\/product\/yoast-seo-wordpress\/ -->\n<title>Le Paris d&#039;Agn\u00e8s Varda, de-ci, de-l\u00e0 - l&#039;\u00e9chapp\u00e9e close<\/title>\n<meta name=\"robots\" content=\"index, follow, max-snippet:-1, max-image-preview:large, max-video-preview:-1\" \/>\n<link rel=\"canonical\" href=\"http:\/\/lechappeeclose.it\/it\/boutique\/livres\/arts\/photographie\/le-paris-dagnes-varda-de-ci-de-la\/\" \/>\n<meta property=\"og:locale\" content=\"it_IT\" \/>\n<meta property=\"og:type\" content=\"article\" \/>\n<meta property=\"og:title\" content=\"Le Paris d&#039;Agn\u00e8s Varda, de-ci, de-l\u00e0 - l&#039;\u00e9chapp\u00e9e close\" \/>\n<meta property=\"og:description\" content=\"L&#8217;exposition Le Paris d&#8217;Agn\u00e8s Varda, de-ci, de-l\u00e0 aborde l&#8217;\u0153uvre d&#8217;Agn\u00e8s Varda (1928-2019) sous un angle in\u00e9dit. Elle met en valeur l&#8217;\u0153uvre photographique encore m\u00e9connue de l&#8217;artiste et r\u00e9v\u00e8le la place primordiale de la cour-atelier de la rue Daguerre (Paris 14e), lieu de vie et de cr\u00e9ation, de 1951 \u00e0 2019. Plus g\u00e9n\u00e9ralement, elle montre l&#8217;importance [&hellip;]\" \/>\n<meta property=\"og:url\" content=\"http:\/\/lechappeeclose.it\/it\/boutique\/livres\/arts\/photographie\/le-paris-dagnes-varda-de-ci-de-la\/\" \/>\n<meta property=\"og:site_name\" content=\"l&#039;\u00e9chapp\u00e9e close\" \/>\n<meta property=\"article:modified_time\" content=\"2026-03-06T14:05:57+00:00\" \/>\n<meta property=\"og:image\" content=\"http:\/\/lechappeeclose.it\/wp-content\/uploads\/2025\/10\/Le-Paris-dAgnes-Varda-de-ci-de-la.jpeg\" \/>\n\t<meta property=\"og:image:width\" content=\"370\" \/>\n\t<meta property=\"og:image:height\" content=\"500\" \/>\n\t<meta property=\"og:image:type\" content=\"image\/jpeg\" \/>\n<meta name=\"twitter:card\" content=\"summary_large_image\" \/>\n<script type=\"application\/ld+json\" class=\"yoast-schema-graph\">{\"@context\":\"https:\\\/\\\/schema.org\",\"@graph\":[{\"@type\":\"WebPage\",\"@id\":\"http:\\\/\\\/lechappeeclose.it\\\/it\\\/boutique\\\/livres\\\/arts\\\/photographie\\\/le-paris-dagnes-varda-de-ci-de-la\\\/\",\"url\":\"http:\\\/\\\/lechappeeclose.it\\\/it\\\/boutique\\\/livres\\\/arts\\\/photographie\\\/le-paris-dagnes-varda-de-ci-de-la\\\/\",\"name\":\"Le Paris d'Agn\u00e8s Varda, de-ci, de-l\u00e0 - l&#039;\u00e9chapp\u00e9e close\",\"isPartOf\":{\"@id\":\"https:\\\/\\\/lechappeeclose.it\\\/it\\\/#website\"},\"primaryImageOfPage\":{\"@id\":\"http:\\\/\\\/lechappeeclose.it\\\/it\\\/boutique\\\/livres\\\/arts\\\/photographie\\\/le-paris-dagnes-varda-de-ci-de-la\\\/#primaryimage\"},\"image\":{\"@id\":\"http:\\\/\\\/lechappeeclose.it\\\/it\\\/boutique\\\/livres\\\/arts\\\/photographie\\\/le-paris-dagnes-varda-de-ci-de-la\\\/#primaryimage\"},\"thumbnailUrl\":\"http:\\\/\\\/lechappeeclose.it\\\/wp-content\\\/uploads\\\/2025\\\/10\\\/Le-Paris-dAgnes-Varda-de-ci-de-la.jpeg\",\"datePublished\":\"2025-10-24T14:21:05+00:00\",\"dateModified\":\"2026-03-06T14:05:57+00:00\",\"breadcrumb\":{\"@id\":\"http:\\\/\\\/lechappeeclose.it\\\/it\\\/boutique\\\/livres\\\/arts\\\/photographie\\\/le-paris-dagnes-varda-de-ci-de-la\\\/#breadcrumb\"},\"inLanguage\":\"it-IT\",\"potentialAction\":[{\"@type\":\"ReadAction\",\"target\":[\"http:\\\/\\\/lechappeeclose.it\\\/it\\\/boutique\\\/livres\\\/arts\\\/photographie\\\/le-paris-dagnes-varda-de-ci-de-la\\\/\"]}]},{\"@type\":\"ImageObject\",\"inLanguage\":\"it-IT\",\"@id\":\"http:\\\/\\\/lechappeeclose.it\\\/it\\\/boutique\\\/livres\\\/arts\\\/photographie\\\/le-paris-dagnes-varda-de-ci-de-la\\\/#primaryimage\",\"url\":\"http:\\\/\\\/lechappeeclose.it\\\/wp-content\\\/uploads\\\/2025\\\/10\\\/Le-Paris-dAgnes-Varda-de-ci-de-la.jpeg\",\"contentUrl\":\"http:\\\/\\\/lechappeeclose.it\\\/wp-content\\\/uploads\\\/2025\\\/10\\\/Le-Paris-dAgnes-Varda-de-ci-de-la.jpeg\",\"width\":370,\"height\":500},{\"@type\":\"BreadcrumbList\",\"@id\":\"http:\\\/\\\/lechappeeclose.it\\\/it\\\/boutique\\\/livres\\\/arts\\\/photographie\\\/le-paris-dagnes-varda-de-ci-de-la\\\/#breadcrumb\",\"itemListElement\":[{\"@type\":\"ListItem\",\"position\":1,\"name\":\"Accueil\",\"item\":\"https:\\\/\\\/lechappeeclose.it\\\/it\\\/\"},{\"@type\":\"ListItem\",\"position\":2,\"name\":\"Boutique\",\"item\":\"https:\\\/\\\/lechappeeclose.it\\\/it\\\/boutique\\\/\"},{\"@type\":\"ListItem\",\"position\":3,\"name\":\"Le Paris d&#8217;Agn\u00e8s Varda, de-ci, de-l\u00e0\"}]},{\"@type\":\"WebSite\",\"@id\":\"https:\\\/\\\/lechappeeclose.it\\\/it\\\/#website\",\"url\":\"https:\\\/\\\/lechappeeclose.it\\\/it\\\/\",\"name\":\"l&#039;\u00e9chapp\u00e9e close\",\"description\":\"la librairie fran\u00e7aise de Milan\",\"publisher\":{\"@id\":\"https:\\\/\\\/lechappeeclose.it\\\/it\\\/#organization\"},\"alternateName\":\"La librairie fran\u00e7aise de Milan\",\"potentialAction\":[{\"@type\":\"SearchAction\",\"target\":{\"@type\":\"EntryPoint\",\"urlTemplate\":\"https:\\\/\\\/lechappeeclose.it\\\/it\\\/?s={search_term_string}\"},\"query-input\":{\"@type\":\"PropertyValueSpecification\",\"valueRequired\":true,\"valueName\":\"search_term_string\"}}],\"inLanguage\":\"it-IT\"},{\"@type\":\"Organization\",\"@id\":\"https:\\\/\\\/lechappeeclose.it\\\/it\\\/#organization\",\"name\":\"l&#039;\u00e9chapp\u00e9e close\",\"url\":\"https:\\\/\\\/lechappeeclose.it\\\/it\\\/\",\"logo\":{\"@type\":\"ImageObject\",\"inLanguage\":\"it-IT\",\"@id\":\"https:\\\/\\\/lechappeeclose.it\\\/it\\\/#\\\/schema\\\/logo\\\/image\\\/\",\"url\":\"http:\\\/\\\/lechappeeclose.it\\\/wp-content\\\/uploads\\\/2025\\\/02\\\/cropped-logo-rond.png\",\"contentUrl\":\"http:\\\/\\\/lechappeeclose.it\\\/wp-content\\\/uploads\\\/2025\\\/02\\\/cropped-logo-rond.png\",\"width\":1080,\"height\":1080,\"caption\":\"l&#039;\u00e9chapp\u00e9e close\"},\"image\":{\"@id\":\"https:\\\/\\\/lechappeeclose.it\\\/it\\\/#\\\/schema\\\/logo\\\/image\\\/\"},\"sameAs\":[\"https:\\\/\\\/www.instagram.com\\\/lechappeeclose\\\/\"]}]}<\/script>\n<!-- \/ Yoast SEO plugin. -->","yoast_head_json":{"title":"Le Paris d'Agn\u00e8s Varda, de-ci, de-l\u00e0 - l&#039;\u00e9chapp\u00e9e close","robots":{"index":"index","follow":"follow","max-snippet":"max-snippet:-1","max-image-preview":"max-image-preview:large","max-video-preview":"max-video-preview:-1"},"canonical":"http:\/\/lechappeeclose.it\/it\/boutique\/livres\/arts\/photographie\/le-paris-dagnes-varda-de-ci-de-la\/","og_locale":"it_IT","og_type":"article","og_title":"Le Paris d'Agn\u00e8s Varda, de-ci, de-l\u00e0 - l&#039;\u00e9chapp\u00e9e close","og_description":"L&#8217;exposition Le Paris d&#8217;Agn\u00e8s Varda, de-ci, de-l\u00e0 aborde l&#8217;\u0153uvre d&#8217;Agn\u00e8s Varda (1928-2019) sous un angle in\u00e9dit. Elle met en valeur l&#8217;\u0153uvre photographique encore m\u00e9connue de l&#8217;artiste et r\u00e9v\u00e8le la place primordiale de la cour-atelier de la rue Daguerre (Paris 14e), lieu de vie et de cr\u00e9ation, de 1951 \u00e0 2019. Plus g\u00e9n\u00e9ralement, elle montre l&#8217;importance [&hellip;]","og_url":"http:\/\/lechappeeclose.it\/it\/boutique\/livres\/arts\/photographie\/le-paris-dagnes-varda-de-ci-de-la\/","og_site_name":"l&#039;\u00e9chapp\u00e9e close","article_modified_time":"2026-03-06T14:05:57+00:00","og_image":[{"width":370,"height":500,"url":"http:\/\/lechappeeclose.it\/wp-content\/uploads\/2025\/10\/Le-Paris-dAgnes-Varda-de-ci-de-la.jpeg","type":"image\/jpeg"}],"twitter_card":"summary_large_image","schema":{"@context":"https:\/\/schema.org","@graph":[{"@type":"WebPage","@id":"http:\/\/lechappeeclose.it\/it\/boutique\/livres\/arts\/photographie\/le-paris-dagnes-varda-de-ci-de-la\/","url":"http:\/\/lechappeeclose.it\/it\/boutique\/livres\/arts\/photographie\/le-paris-dagnes-varda-de-ci-de-la\/","name":"Le Paris d'Agn\u00e8s Varda, de-ci, de-l\u00e0 - l&#039;\u00e9chapp\u00e9e close","isPartOf":{"@id":"https:\/\/lechappeeclose.it\/it\/#website"},"primaryImageOfPage":{"@id":"http:\/\/lechappeeclose.it\/it\/boutique\/livres\/arts\/photographie\/le-paris-dagnes-varda-de-ci-de-la\/#primaryimage"},"image":{"@id":"http:\/\/lechappeeclose.it\/it\/boutique\/livres\/arts\/photographie\/le-paris-dagnes-varda-de-ci-de-la\/#primaryimage"},"thumbnailUrl":"http:\/\/lechappeeclose.it\/wp-content\/uploads\/2025\/10\/Le-Paris-dAgnes-Varda-de-ci-de-la.jpeg","datePublished":"2025-10-24T14:21:05+00:00","dateModified":"2026-03-06T14:05:57+00:00","breadcrumb":{"@id":"http:\/\/lechappeeclose.it\/it\/boutique\/livres\/arts\/photographie\/le-paris-dagnes-varda-de-ci-de-la\/#breadcrumb"},"inLanguage":"it-IT","potentialAction":[{"@type":"ReadAction","target":["http:\/\/lechappeeclose.it\/it\/boutique\/livres\/arts\/photographie\/le-paris-dagnes-varda-de-ci-de-la\/"]}]},{"@type":"ImageObject","inLanguage":"it-IT","@id":"http:\/\/lechappeeclose.it\/it\/boutique\/livres\/arts\/photographie\/le-paris-dagnes-varda-de-ci-de-la\/#primaryimage","url":"http:\/\/lechappeeclose.it\/wp-content\/uploads\/2025\/10\/Le-Paris-dAgnes-Varda-de-ci-de-la.jpeg","contentUrl":"http:\/\/lechappeeclose.it\/wp-content\/uploads\/2025\/10\/Le-Paris-dAgnes-Varda-de-ci-de-la.jpeg","width":370,"height":500},{"@type":"BreadcrumbList","@id":"http:\/\/lechappeeclose.it\/it\/boutique\/livres\/arts\/photographie\/le-paris-dagnes-varda-de-ci-de-la\/#breadcrumb","itemListElement":[{"@type":"ListItem","position":1,"name":"Accueil","item":"https:\/\/lechappeeclose.it\/it\/"},{"@type":"ListItem","position":2,"name":"Boutique","item":"https:\/\/lechappeeclose.it\/it\/boutique\/"},{"@type":"ListItem","position":3,"name":"Le Paris d&#8217;Agn\u00e8s Varda, de-ci, de-l\u00e0"}]},{"@type":"WebSite","@id":"https:\/\/lechappeeclose.it\/it\/#website","url":"https:\/\/lechappeeclose.it\/it\/","name":"l&#039;\u00e9chapp\u00e9e close","description":"La libreria francese di Milano","publisher":{"@id":"https:\/\/lechappeeclose.it\/it\/#organization"},"alternateName":"La librairie fran\u00e7aise de Milan","potentialAction":[{"@type":"SearchAction","target":{"@type":"EntryPoint","urlTemplate":"https:\/\/lechappeeclose.it\/it\/?s={search_term_string}"},"query-input":{"@type":"PropertyValueSpecification","valueRequired":true,"valueName":"search_term_string"}}],"inLanguage":"it-IT"},{"@type":"Organization","@id":"https:\/\/lechappeeclose.it\/it\/#organization","name":"l&#039;\u00e9chapp\u00e9e close","url":"https:\/\/lechappeeclose.it\/it\/","logo":{"@type":"ImageObject","inLanguage":"it-IT","@id":"https:\/\/lechappeeclose.it\/it\/#\/schema\/logo\/image\/","url":"http:\/\/lechappeeclose.it\/wp-content\/uploads\/2025\/02\/cropped-logo-rond.png","contentUrl":"http:\/\/lechappeeclose.it\/wp-content\/uploads\/2025\/02\/cropped-logo-rond.png","width":1080,"height":1080,"caption":"l&#039;\u00e9chapp\u00e9e close"},"image":{"@id":"https:\/\/lechappeeclose.it\/it\/#\/schema\/logo\/image\/"},"sameAs":["https:\/\/www.instagram.com\/lechappeeclose\/"]}]}},"_links":{"self":[{"href":"http:\/\/lechappeeclose.it\/it\/wp-json\/wp\/v2\/product\/12352","targetHints":{"allow":["GET"]}}],"collection":[{"href":"http:\/\/lechappeeclose.it\/it\/wp-json\/wp\/v2\/product"}],"about":[{"href":"http:\/\/lechappeeclose.it\/it\/wp-json\/wp\/v2\/types\/product"}],"replies":[{"embeddable":true,"href":"http:\/\/lechappeeclose.it\/it\/wp-json\/wp\/v2\/comments?post=12352"}],"wp:featuredmedia":[{"embeddable":true,"href":"http:\/\/lechappeeclose.it\/it\/wp-json\/wp\/v2\/media\/12351"}],"wp:attachment":[{"href":"http:\/\/lechappeeclose.it\/it\/wp-json\/wp\/v2\/media?parent=12352"}],"wp:term":[{"taxonomy":"product_brand","embeddable":true,"href":"http:\/\/lechappeeclose.it\/it\/wp-json\/wp\/v2\/product_brand?post=12352"},{"taxonomy":"product_cat","embeddable":true,"href":"http:\/\/lechappeeclose.it\/it\/wp-json\/wp\/v2\/product_cat?post=12352"},{"taxonomy":"product_tag","embeddable":true,"href":"http:\/\/lechappeeclose.it\/it\/wp-json\/wp\/v2\/product_tag?post=12352"}],"curies":[{"name":"wp","href":"https:\/\/api.w.org\/{rel}","templated":true}]}}