{"id":12324,"date":"2025-10-15T14:45:46","date_gmt":"2025-10-15T12:45:46","guid":{"rendered":"https:\/\/lechappeeclose.it\/boutique\/non class\u00e9\/atlas-de-poche-des-plantes-des-champs-des-prairies-et-des-bois\/"},"modified":"2025-10-15T14:45:46","modified_gmt":"2025-10-15T12:45:46","slug":"atlas-de-poche-des-plantes-des-champs-des-prairies-et-des-bois","status":"publish","type":"product","link":"http:\/\/lechappeeclose.it\/it\/boutique\/livres\/arts\/design\/atlas-de-poche-des-plantes-des-champs-des-prairies-et-des-bois\/","title":{"rendered":"Atlas de poche des plantes des champs, des prairies et des bois"},"content":{"rendered":"<p>Cet ouvrage de 1910 nous invite \u00e0 admirer 128 superbes planches imprim\u00e9es \u00e0 l&#8217;\u00e9poque en chromolithographie, proc\u00e9d\u00e9 aujourd&#8217;hui disparu. Elles repr\u00e9sentent 181 plantes et arbres communs de France et sont accompagn\u00e9es d&#8217;indications sur les principaux lieux o\u00f9 trouver la plante, l&#8217;\u00e9poque de floraison ou de fructification&#8230;, r\u00e9dig\u00e9es par un sp\u00e9cialiste de son temps, R Si\u00e9lain. Chacun de ces v\u00e9g\u00e9taux &#8220;sauvages&#8221;, d\u00e9crit avec ses caract\u00e9ristiques se retrouve, \u00e0 la fin de l&#8217;ouvrage, dans une table sp\u00e9ciale par famille et esp\u00e8ce. Ce volume s\u00e9duisant, premier tome d&#8217;une s\u00e9rie de trois, ravira les randonneurs curieux, les botanistes amateurs comme les fins connaisseurs.<\/p>","protected":false},"excerpt":{"rendered":"<p>Cet ouvrage de 1910 nous invite \u00e0 admirer 128 superbes planches imprim\u00e9es \u00e0 l&#8217;\u00e9poque en chromolithographie, proc\u00e9d\u00e9 aujourd&#8217;hui disparu. Elles repr\u00e9sentent 181 plantes et arbres communs de France et sont accompagn\u00e9es d&#8217;indications sur les principaux lieux o\u00f9 trouver la plante, l&#8217;\u00e9poque de floraison ou de fructification&#8230;, r\u00e9dig\u00e9es par un sp\u00e9cialiste de son temps, R Si\u00e9lain. [&hellip;]<\/p>","protected":false},"featured_media":12323,"comment_status":"open","ping_status":"closed","template":"","meta":[],"product_brand":[],"product_cat":[38],"product_tag":[],"class_list":{"0":"post-12324","1":"product","2":"type-product","3":"status-publish","4":"has-post-thumbnail","6":"product_cat-design","8":"first","9":"instock","10":"taxable","11":"shipping-taxable","12":"purchasable","13":"product-type-simple"},"yoast_head":"<!-- This site is optimized with the Yoast SEO plugin v27.4 - https:\/\/yoast.com\/product\/yoast-seo-wordpress\/ -->\n<title>Atlas de poche des plantes des champs, des prairies et des bois - l&#039;\u00e9chapp\u00e9e close<\/title>\n<meta name=\"robots\" content=\"index, follow, max-snippet:-1, max-image-preview:large, max-video-preview:-1\" \/>\n<link rel=\"canonical\" href=\"http:\/\/lechappeeclose.it\/it\/boutique\/livres\/arts\/design\/atlas-de-poche-des-plantes-des-champs-des-prairies-et-des-bois\/\" \/>\n<meta property=\"og:locale\" content=\"it_IT\" \/>\n<meta property=\"og:type\" content=\"article\" \/>\n<meta property=\"og:title\" content=\"Atlas de poche des plantes des champs, des prairies et des bois - l&#039;\u00e9chapp\u00e9e close\" \/>\n<meta property=\"og:description\" content=\"Cet ouvrage de 1910 nous invite \u00e0 admirer 128 superbes planches imprim\u00e9es \u00e0 l&#8217;\u00e9poque en chromolithographie, proc\u00e9d\u00e9 aujourd&#8217;hui disparu. Elles repr\u00e9sentent 181 plantes et arbres communs de France et sont accompagn\u00e9es d&#8217;indications sur les principaux lieux o\u00f9 trouver la plante, l&#8217;\u00e9poque de floraison ou de fructification&#8230;, r\u00e9dig\u00e9es par un sp\u00e9cialiste de son temps, R Si\u00e9lain. [&hellip;]\" \/>\n<meta property=\"og:url\" content=\"http:\/\/lechappeeclose.it\/it\/boutique\/livres\/arts\/design\/atlas-de-poche-des-plantes-des-champs-des-prairies-et-des-bois\/\" \/>\n<meta property=\"og:site_name\" content=\"l&#039;\u00e9chapp\u00e9e close\" \/>\n<meta property=\"og:image\" content=\"http:\/\/lechappeeclose.it\/wp-content\/uploads\/2025\/10\/Atlas-de-poche-des-plantes-des-champs-des-prairies-et-des-bois.jpeg\" \/>\n\t<meta property=\"og:image:width\" content=\"704\" \/>\n\t<meta property=\"og:image:height\" content=\"1000\" \/>\n\t<meta property=\"og:image:type\" content=\"image\/jpeg\" \/>\n<meta name=\"twitter:card\" content=\"summary_large_image\" \/>\n<meta name=\"twitter:label1\" content=\"Tempo di lettura stimato\" \/>\n\t<meta name=\"twitter:data1\" content=\"1 minuto\" \/>\n<script type=\"application\/ld+json\" class=\"yoast-schema-graph\">{\"@context\":\"https:\\\/\\\/schema.org\",\"@graph\":[{\"@type\":\"WebPage\",\"@id\":\"http:\\\/\\\/lechappeeclose.it\\\/boutique\\\/livres\\\/arts\\\/design\\\/atlas-de-poche-des-plantes-des-champs-des-prairies-et-des-bois\\\/\",\"url\":\"http:\\\/\\\/lechappeeclose.it\\\/boutique\\\/livres\\\/arts\\\/design\\\/atlas-de-poche-des-plantes-des-champs-des-prairies-et-des-bois\\\/\",\"name\":\"Atlas de poche des plantes des champs, des prairies et des bois - l&#039;\u00e9chapp\u00e9e close\",\"isPartOf\":{\"@id\":\"http:\\\/\\\/lechappeeclose.it\\\/#website\"},\"primaryImageOfPage\":{\"@id\":\"http:\\\/\\\/lechappeeclose.it\\\/boutique\\\/livres\\\/arts\\\/design\\\/atlas-de-poche-des-plantes-des-champs-des-prairies-et-des-bois\\\/#primaryimage\"},\"image\":{\"@id\":\"http:\\\/\\\/lechappeeclose.it\\\/boutique\\\/livres\\\/arts\\\/design\\\/atlas-de-poche-des-plantes-des-champs-des-prairies-et-des-bois\\\/#primaryimage\"},\"thumbnailUrl\":\"http:\\\/\\\/lechappeeclose.it\\\/wp-content\\\/uploads\\\/2025\\\/10\\\/Atlas-de-poche-des-plantes-des-champs-des-prairies-et-des-bois.jpeg\",\"datePublished\":\"2025-10-15T12:45:46+00:00\",\"breadcrumb\":{\"@id\":\"http:\\\/\\\/lechappeeclose.it\\\/boutique\\\/livres\\\/arts\\\/design\\\/atlas-de-poche-des-plantes-des-champs-des-prairies-et-des-bois\\\/#breadcrumb\"},\"inLanguage\":\"it-IT\",\"potentialAction\":[{\"@type\":\"ReadAction\",\"target\":[\"http:\\\/\\\/lechappeeclose.it\\\/boutique\\\/livres\\\/arts\\\/design\\\/atlas-de-poche-des-plantes-des-champs-des-prairies-et-des-bois\\\/\"]}]},{\"@type\":\"ImageObject\",\"inLanguage\":\"it-IT\",\"@id\":\"http:\\\/\\\/lechappeeclose.it\\\/boutique\\\/livres\\\/arts\\\/design\\\/atlas-de-poche-des-plantes-des-champs-des-prairies-et-des-bois\\\/#primaryimage\",\"url\":\"http:\\\/\\\/lechappeeclose.it\\\/wp-content\\\/uploads\\\/2025\\\/10\\\/Atlas-de-poche-des-plantes-des-champs-des-prairies-et-des-bois.jpeg\",\"contentUrl\":\"http:\\\/\\\/lechappeeclose.it\\\/wp-content\\\/uploads\\\/2025\\\/10\\\/Atlas-de-poche-des-plantes-des-champs-des-prairies-et-des-bois.jpeg\",\"width\":704,\"height\":1000},{\"@type\":\"BreadcrumbList\",\"@id\":\"http:\\\/\\\/lechappeeclose.it\\\/boutique\\\/livres\\\/arts\\\/design\\\/atlas-de-poche-des-plantes-des-champs-des-prairies-et-des-bois\\\/#breadcrumb\",\"itemListElement\":[{\"@type\":\"ListItem\",\"position\":1,\"name\":\"Accueil\",\"item\":\"http:\\\/\\\/lechappeeclose.it\\\/\"},{\"@type\":\"ListItem\",\"position\":2,\"name\":\"Boutique\",\"item\":\"http:\\\/\\\/lechappeeclose.it\\\/it\\\/boutique\\\/\"},{\"@type\":\"ListItem\",\"position\":3,\"name\":\"Atlas de poche des plantes des champs, des prairies et des bois\"}]},{\"@type\":\"WebSite\",\"@id\":\"http:\\\/\\\/lechappeeclose.it\\\/#website\",\"url\":\"http:\\\/\\\/lechappeeclose.it\\\/\",\"name\":\"l&#039;\u00e9chapp\u00e9e close\",\"description\":\"la librairie fran\u00e7aise de Milan\",\"publisher\":{\"@id\":\"http:\\\/\\\/lechappeeclose.it\\\/#organization\"},\"alternateName\":\"La librairie fran\u00e7aise de Milan\",\"potentialAction\":[{\"@type\":\"SearchAction\",\"target\":{\"@type\":\"EntryPoint\",\"urlTemplate\":\"http:\\\/\\\/lechappeeclose.it\\\/?s={search_term_string}\"},\"query-input\":{\"@type\":\"PropertyValueSpecification\",\"valueRequired\":true,\"valueName\":\"search_term_string\"}}],\"inLanguage\":\"it-IT\"},{\"@type\":\"Organization\",\"@id\":\"http:\\\/\\\/lechappeeclose.it\\\/#organization\",\"name\":\"l&#039;\u00e9chapp\u00e9e close\",\"url\":\"http:\\\/\\\/lechappeeclose.it\\\/\",\"logo\":{\"@type\":\"ImageObject\",\"inLanguage\":\"it-IT\",\"@id\":\"http:\\\/\\\/lechappeeclose.it\\\/#\\\/schema\\\/logo\\\/image\\\/\",\"url\":\"http:\\\/\\\/lechappeeclose.it\\\/wp-content\\\/uploads\\\/2025\\\/02\\\/cropped-logo-rond.png\",\"contentUrl\":\"http:\\\/\\\/lechappeeclose.it\\\/wp-content\\\/uploads\\\/2025\\\/02\\\/cropped-logo-rond.png\",\"width\":1080,\"height\":1080,\"caption\":\"l&#039;\u00e9chapp\u00e9e close\"},\"image\":{\"@id\":\"http:\\\/\\\/lechappeeclose.it\\\/#\\\/schema\\\/logo\\\/image\\\/\"},\"sameAs\":[\"https:\\\/\\\/www.instagram.com\\\/lechappeeclose\\\/\"]}]}<\/script>\n<!-- \/ Yoast SEO plugin. -->","yoast_head_json":{"title":"Atlas de poche des plantes des champs, des prairies et des bois - l&#039;\u00e9chapp\u00e9e close","robots":{"index":"index","follow":"follow","max-snippet":"max-snippet:-1","max-image-preview":"max-image-preview:large","max-video-preview":"max-video-preview:-1"},"canonical":"http:\/\/lechappeeclose.it\/it\/boutique\/livres\/arts\/design\/atlas-de-poche-des-plantes-des-champs-des-prairies-et-des-bois\/","og_locale":"it_IT","og_type":"article","og_title":"Atlas de poche des plantes des champs, des prairies et des bois - l&#039;\u00e9chapp\u00e9e close","og_description":"Cet ouvrage de 1910 nous invite \u00e0 admirer 128 superbes planches imprim\u00e9es \u00e0 l&#8217;\u00e9poque en chromolithographie, proc\u00e9d\u00e9 aujourd&#8217;hui disparu. Elles repr\u00e9sentent 181 plantes et arbres communs de France et sont accompagn\u00e9es d&#8217;indications sur les principaux lieux o\u00f9 trouver la plante, l&#8217;\u00e9poque de floraison ou de fructification&#8230;, r\u00e9dig\u00e9es par un sp\u00e9cialiste de son temps, R Si\u00e9lain. [&hellip;]","og_url":"http:\/\/lechappeeclose.it\/it\/boutique\/livres\/arts\/design\/atlas-de-poche-des-plantes-des-champs-des-prairies-et-des-bois\/","og_site_name":"l&#039;\u00e9chapp\u00e9e close","og_image":[{"width":704,"height":1000,"url":"http:\/\/lechappeeclose.it\/wp-content\/uploads\/2025\/10\/Atlas-de-poche-des-plantes-des-champs-des-prairies-et-des-bois.jpeg","type":"image\/jpeg"}],"twitter_card":"summary_large_image","twitter_misc":{"Tempo di lettura stimato":"1 minuto"},"schema":{"@context":"https:\/\/schema.org","@graph":[{"@type":"WebPage","@id":"http:\/\/lechappeeclose.it\/boutique\/livres\/arts\/design\/atlas-de-poche-des-plantes-des-champs-des-prairies-et-des-bois\/","url":"http:\/\/lechappeeclose.it\/boutique\/livres\/arts\/design\/atlas-de-poche-des-plantes-des-champs-des-prairies-et-des-bois\/","name":"Atlas de poche des plantes des champs, des prairies et des bois - l&#039;\u00e9chapp\u00e9e close","isPartOf":{"@id":"http:\/\/lechappeeclose.it\/#website"},"primaryImageOfPage":{"@id":"http:\/\/lechappeeclose.it\/boutique\/livres\/arts\/design\/atlas-de-poche-des-plantes-des-champs-des-prairies-et-des-bois\/#primaryimage"},"image":{"@id":"http:\/\/lechappeeclose.it\/boutique\/livres\/arts\/design\/atlas-de-poche-des-plantes-des-champs-des-prairies-et-des-bois\/#primaryimage"},"thumbnailUrl":"http:\/\/lechappeeclose.it\/wp-content\/uploads\/2025\/10\/Atlas-de-poche-des-plantes-des-champs-des-prairies-et-des-bois.jpeg","datePublished":"2025-10-15T12:45:46+00:00","breadcrumb":{"@id":"http:\/\/lechappeeclose.it\/boutique\/livres\/arts\/design\/atlas-de-poche-des-plantes-des-champs-des-prairies-et-des-bois\/#breadcrumb"},"inLanguage":"it-IT","potentialAction":[{"@type":"ReadAction","target":["http:\/\/lechappeeclose.it\/boutique\/livres\/arts\/design\/atlas-de-poche-des-plantes-des-champs-des-prairies-et-des-bois\/"]}]},{"@type":"ImageObject","inLanguage":"it-IT","@id":"http:\/\/lechappeeclose.it\/boutique\/livres\/arts\/design\/atlas-de-poche-des-plantes-des-champs-des-prairies-et-des-bois\/#primaryimage","url":"http:\/\/lechappeeclose.it\/wp-content\/uploads\/2025\/10\/Atlas-de-poche-des-plantes-des-champs-des-prairies-et-des-bois.jpeg","contentUrl":"http:\/\/lechappeeclose.it\/wp-content\/uploads\/2025\/10\/Atlas-de-poche-des-plantes-des-champs-des-prairies-et-des-bois.jpeg","width":704,"height":1000},{"@type":"BreadcrumbList","@id":"http:\/\/lechappeeclose.it\/boutique\/livres\/arts\/design\/atlas-de-poche-des-plantes-des-champs-des-prairies-et-des-bois\/#breadcrumb","itemListElement":[{"@type":"ListItem","position":1,"name":"Accueil","item":"http:\/\/lechappeeclose.it\/"},{"@type":"ListItem","position":2,"name":"Boutique","item":"http:\/\/lechappeeclose.it\/it\/boutique\/"},{"@type":"ListItem","position":3,"name":"Atlas de poche des plantes des champs, des prairies et des bois"}]},{"@type":"WebSite","@id":"http:\/\/lechappeeclose.it\/#website","url":"http:\/\/lechappeeclose.it\/","name":"l&#039;\u00e9chapp\u00e9e close","description":"La libreria francese di Milano","publisher":{"@id":"http:\/\/lechappeeclose.it\/#organization"},"alternateName":"La librairie fran\u00e7aise de Milan","potentialAction":[{"@type":"SearchAction","target":{"@type":"EntryPoint","urlTemplate":"http:\/\/lechappeeclose.it\/?s={search_term_string}"},"query-input":{"@type":"PropertyValueSpecification","valueRequired":true,"valueName":"search_term_string"}}],"inLanguage":"it-IT"},{"@type":"Organization","@id":"http:\/\/lechappeeclose.it\/#organization","name":"l&#039;\u00e9chapp\u00e9e close","url":"http:\/\/lechappeeclose.it\/","logo":{"@type":"ImageObject","inLanguage":"it-IT","@id":"http:\/\/lechappeeclose.it\/#\/schema\/logo\/image\/","url":"http:\/\/lechappeeclose.it\/wp-content\/uploads\/2025\/02\/cropped-logo-rond.png","contentUrl":"http:\/\/lechappeeclose.it\/wp-content\/uploads\/2025\/02\/cropped-logo-rond.png","width":1080,"height":1080,"caption":"l&#039;\u00e9chapp\u00e9e close"},"image":{"@id":"http:\/\/lechappeeclose.it\/#\/schema\/logo\/image\/"},"sameAs":["https:\/\/www.instagram.com\/lechappeeclose\/"]}]}},"_links":{"self":[{"href":"http:\/\/lechappeeclose.it\/it\/wp-json\/wp\/v2\/product\/12324","targetHints":{"allow":["GET"]}}],"collection":[{"href":"http:\/\/lechappeeclose.it\/it\/wp-json\/wp\/v2\/product"}],"about":[{"href":"http:\/\/lechappeeclose.it\/it\/wp-json\/wp\/v2\/types\/product"}],"replies":[{"embeddable":true,"href":"http:\/\/lechappeeclose.it\/it\/wp-json\/wp\/v2\/comments?post=12324"}],"wp:featuredmedia":[{"embeddable":true,"href":"http:\/\/lechappeeclose.it\/it\/wp-json\/wp\/v2\/media\/12323"}],"wp:attachment":[{"href":"http:\/\/lechappeeclose.it\/it\/wp-json\/wp\/v2\/media?parent=12324"}],"wp:term":[{"taxonomy":"product_brand","embeddable":true,"href":"http:\/\/lechappeeclose.it\/it\/wp-json\/wp\/v2\/product_brand?post=12324"},{"taxonomy":"product_cat","embeddable":true,"href":"http:\/\/lechappeeclose.it\/it\/wp-json\/wp\/v2\/product_cat?post=12324"},{"taxonomy":"product_tag","embeddable":true,"href":"http:\/\/lechappeeclose.it\/it\/wp-json\/wp\/v2\/product_tag?post=12324"}],"curies":[{"name":"wp","href":"https:\/\/api.w.org\/{rel}","templated":true}]}}