{"id":12322,"date":"2025-10-15T14:43:50","date_gmt":"2025-10-15T12:43:50","guid":{"rendered":"https:\/\/lechappeeclose.it\/boutique\/non class\u00e9\/atlas-de-poche-des-coquilles-des-cotes-de-france\/"},"modified":"2025-10-15T14:43:50","modified_gmt":"2025-10-15T12:43:50","slug":"atlas-de-poche-des-coquilles-des-cotes-de-france","status":"publish","type":"product","link":"http:\/\/lechappeeclose.it\/it\/boutique\/livres\/arts\/design\/atlas-de-poche-des-coquilles-des-cotes-de-france\/","title":{"rendered":"Atlas de poche des coquilles des c\u00f4tes de France"},"content":{"rendered":"<p>Cet ouvrage de 1913 ici r\u00e9imprim\u00e9 en fac-simil\u00e9 invite \u00e0 admirer 64 superbes planches colori\u00e9es repr\u00e9sentant 235 esp\u00e8ces de coquillages, accompagn\u00e9es d&#8217;une \u00e9tude d&#8217;ensemble sur les mollusques et de conseils sur leur r\u00e9colte et collection r\u00e9dig\u00e9s par le sp\u00e9cialiste Ph Dautzenberg. Les passionn\u00e9s de conchyliologie comme les collectionneurs plongeront avec enthousiasme dans ce volume rare et plein de charme.<\/p>","protected":false},"excerpt":{"rendered":"<p>Cet ouvrage de 1913 ici r\u00e9imprim\u00e9 en fac-simil\u00e9 invite \u00e0 admirer 64 superbes planches colori\u00e9es repr\u00e9sentant 235 esp\u00e8ces de coquillages, accompagn\u00e9es d&#8217;une \u00e9tude d&#8217;ensemble sur les mollusques et de conseils sur leur r\u00e9colte et collection r\u00e9dig\u00e9s par le sp\u00e9cialiste Ph Dautzenberg. Les passionn\u00e9s de conchyliologie comme les collectionneurs plongeront avec enthousiasme dans ce volume rare [&hellip;]<\/p>","protected":false},"featured_media":12321,"comment_status":"open","ping_status":"closed","template":"","meta":[],"product_brand":[],"product_cat":[38],"product_tag":[],"class_list":{"0":"post-12322","1":"product","2":"type-product","3":"status-publish","4":"has-post-thumbnail","6":"product_cat-design","8":"first","9":"instock","10":"taxable","11":"shipping-taxable","12":"purchasable","13":"product-type-simple"},"yoast_head":"<!-- This site is optimized with the Yoast SEO plugin v27.4 - https:\/\/yoast.com\/product\/yoast-seo-wordpress\/ -->\n<title>Atlas de poche des coquilles des c\u00f4tes de France - l&#039;\u00e9chapp\u00e9e close<\/title>\n<meta name=\"robots\" content=\"index, follow, max-snippet:-1, max-image-preview:large, max-video-preview:-1\" \/>\n<link rel=\"canonical\" href=\"http:\/\/lechappeeclose.it\/it\/boutique\/livres\/arts\/design\/atlas-de-poche-des-coquilles-des-cotes-de-france\/\" \/>\n<meta property=\"og:locale\" content=\"it_IT\" \/>\n<meta property=\"og:type\" content=\"article\" \/>\n<meta property=\"og:title\" content=\"Atlas de poche des coquilles des c\u00f4tes de France - l&#039;\u00e9chapp\u00e9e close\" \/>\n<meta property=\"og:description\" content=\"Cet ouvrage de 1913 ici r\u00e9imprim\u00e9 en fac-simil\u00e9 invite \u00e0 admirer 64 superbes planches colori\u00e9es repr\u00e9sentant 235 esp\u00e8ces de coquillages, accompagn\u00e9es d&#8217;une \u00e9tude d&#8217;ensemble sur les mollusques et de conseils sur leur r\u00e9colte et collection r\u00e9dig\u00e9s par le sp\u00e9cialiste Ph Dautzenberg. Les passionn\u00e9s de conchyliologie comme les collectionneurs plongeront avec enthousiasme dans ce volume rare [&hellip;]\" \/>\n<meta property=\"og:url\" content=\"http:\/\/lechappeeclose.it\/it\/boutique\/livres\/arts\/design\/atlas-de-poche-des-coquilles-des-cotes-de-france\/\" \/>\n<meta property=\"og:site_name\" content=\"l&#039;\u00e9chapp\u00e9e close\" \/>\n<meta property=\"og:image\" content=\"http:\/\/lechappeeclose.it\/wp-content\/uploads\/2025\/10\/Atlas-de-poche-des-coquilles-des-cotes-de-France.jpeg\" \/>\n\t<meta property=\"og:image:width\" content=\"600\" \/>\n\t<meta property=\"og:image:height\" content=\"834\" \/>\n\t<meta property=\"og:image:type\" content=\"image\/jpeg\" \/>\n<meta name=\"twitter:card\" content=\"summary_large_image\" \/>\n<script type=\"application\/ld+json\" class=\"yoast-schema-graph\">{\"@context\":\"https:\\\/\\\/schema.org\",\"@graph\":[{\"@type\":\"WebPage\",\"@id\":\"http:\\\/\\\/lechappeeclose.it\\\/boutique\\\/livres\\\/arts\\\/design\\\/atlas-de-poche-des-coquilles-des-cotes-de-france\\\/\",\"url\":\"http:\\\/\\\/lechappeeclose.it\\\/boutique\\\/livres\\\/arts\\\/design\\\/atlas-de-poche-des-coquilles-des-cotes-de-france\\\/\",\"name\":\"Atlas de poche des coquilles des c\u00f4tes de France - l&#039;\u00e9chapp\u00e9e close\",\"isPartOf\":{\"@id\":\"http:\\\/\\\/lechappeeclose.it\\\/#website\"},\"primaryImageOfPage\":{\"@id\":\"http:\\\/\\\/lechappeeclose.it\\\/boutique\\\/livres\\\/arts\\\/design\\\/atlas-de-poche-des-coquilles-des-cotes-de-france\\\/#primaryimage\"},\"image\":{\"@id\":\"http:\\\/\\\/lechappeeclose.it\\\/boutique\\\/livres\\\/arts\\\/design\\\/atlas-de-poche-des-coquilles-des-cotes-de-france\\\/#primaryimage\"},\"thumbnailUrl\":\"http:\\\/\\\/lechappeeclose.it\\\/wp-content\\\/uploads\\\/2025\\\/10\\\/Atlas-de-poche-des-coquilles-des-cotes-de-France.jpeg\",\"datePublished\":\"2025-10-15T12:43:50+00:00\",\"breadcrumb\":{\"@id\":\"http:\\\/\\\/lechappeeclose.it\\\/boutique\\\/livres\\\/arts\\\/design\\\/atlas-de-poche-des-coquilles-des-cotes-de-france\\\/#breadcrumb\"},\"inLanguage\":\"it-IT\",\"potentialAction\":[{\"@type\":\"ReadAction\",\"target\":[\"http:\\\/\\\/lechappeeclose.it\\\/boutique\\\/livres\\\/arts\\\/design\\\/atlas-de-poche-des-coquilles-des-cotes-de-france\\\/\"]}]},{\"@type\":\"ImageObject\",\"inLanguage\":\"it-IT\",\"@id\":\"http:\\\/\\\/lechappeeclose.it\\\/boutique\\\/livres\\\/arts\\\/design\\\/atlas-de-poche-des-coquilles-des-cotes-de-france\\\/#primaryimage\",\"url\":\"http:\\\/\\\/lechappeeclose.it\\\/wp-content\\\/uploads\\\/2025\\\/10\\\/Atlas-de-poche-des-coquilles-des-cotes-de-France.jpeg\",\"contentUrl\":\"http:\\\/\\\/lechappeeclose.it\\\/wp-content\\\/uploads\\\/2025\\\/10\\\/Atlas-de-poche-des-coquilles-des-cotes-de-France.jpeg\",\"width\":600,\"height\":834},{\"@type\":\"BreadcrumbList\",\"@id\":\"http:\\\/\\\/lechappeeclose.it\\\/boutique\\\/livres\\\/arts\\\/design\\\/atlas-de-poche-des-coquilles-des-cotes-de-france\\\/#breadcrumb\",\"itemListElement\":[{\"@type\":\"ListItem\",\"position\":1,\"name\":\"Accueil\",\"item\":\"http:\\\/\\\/lechappeeclose.it\\\/\"},{\"@type\":\"ListItem\",\"position\":2,\"name\":\"Boutique\",\"item\":\"http:\\\/\\\/lechappeeclose.it\\\/it\\\/boutique\\\/\"},{\"@type\":\"ListItem\",\"position\":3,\"name\":\"Atlas de poche des coquilles des c\u00f4tes de France\"}]},{\"@type\":\"WebSite\",\"@id\":\"http:\\\/\\\/lechappeeclose.it\\\/#website\",\"url\":\"http:\\\/\\\/lechappeeclose.it\\\/\",\"name\":\"l&#039;\u00e9chapp\u00e9e close\",\"description\":\"la librairie fran\u00e7aise de Milan\",\"publisher\":{\"@id\":\"http:\\\/\\\/lechappeeclose.it\\\/#organization\"},\"alternateName\":\"La librairie fran\u00e7aise de Milan\",\"potentialAction\":[{\"@type\":\"SearchAction\",\"target\":{\"@type\":\"EntryPoint\",\"urlTemplate\":\"http:\\\/\\\/lechappeeclose.it\\\/?s={search_term_string}\"},\"query-input\":{\"@type\":\"PropertyValueSpecification\",\"valueRequired\":true,\"valueName\":\"search_term_string\"}}],\"inLanguage\":\"it-IT\"},{\"@type\":\"Organization\",\"@id\":\"http:\\\/\\\/lechappeeclose.it\\\/#organization\",\"name\":\"l&#039;\u00e9chapp\u00e9e close\",\"url\":\"http:\\\/\\\/lechappeeclose.it\\\/\",\"logo\":{\"@type\":\"ImageObject\",\"inLanguage\":\"it-IT\",\"@id\":\"http:\\\/\\\/lechappeeclose.it\\\/#\\\/schema\\\/logo\\\/image\\\/\",\"url\":\"http:\\\/\\\/lechappeeclose.it\\\/wp-content\\\/uploads\\\/2025\\\/02\\\/cropped-logo-rond.png\",\"contentUrl\":\"http:\\\/\\\/lechappeeclose.it\\\/wp-content\\\/uploads\\\/2025\\\/02\\\/cropped-logo-rond.png\",\"width\":1080,\"height\":1080,\"caption\":\"l&#039;\u00e9chapp\u00e9e close\"},\"image\":{\"@id\":\"http:\\\/\\\/lechappeeclose.it\\\/#\\\/schema\\\/logo\\\/image\\\/\"},\"sameAs\":[\"https:\\\/\\\/www.instagram.com\\\/lechappeeclose\\\/\"]}]}<\/script>\n<!-- \/ Yoast SEO plugin. -->","yoast_head_json":{"title":"Atlas de poche des coquilles des c\u00f4tes de France - l&#039;\u00e9chapp\u00e9e close","robots":{"index":"index","follow":"follow","max-snippet":"max-snippet:-1","max-image-preview":"max-image-preview:large","max-video-preview":"max-video-preview:-1"},"canonical":"http:\/\/lechappeeclose.it\/it\/boutique\/livres\/arts\/design\/atlas-de-poche-des-coquilles-des-cotes-de-france\/","og_locale":"it_IT","og_type":"article","og_title":"Atlas de poche des coquilles des c\u00f4tes de France - l&#039;\u00e9chapp\u00e9e close","og_description":"Cet ouvrage de 1913 ici r\u00e9imprim\u00e9 en fac-simil\u00e9 invite \u00e0 admirer 64 superbes planches colori\u00e9es repr\u00e9sentant 235 esp\u00e8ces de coquillages, accompagn\u00e9es d&#8217;une \u00e9tude d&#8217;ensemble sur les mollusques et de conseils sur leur r\u00e9colte et collection r\u00e9dig\u00e9s par le sp\u00e9cialiste Ph Dautzenberg. Les passionn\u00e9s de conchyliologie comme les collectionneurs plongeront avec enthousiasme dans ce volume rare [&hellip;]","og_url":"http:\/\/lechappeeclose.it\/it\/boutique\/livres\/arts\/design\/atlas-de-poche-des-coquilles-des-cotes-de-france\/","og_site_name":"l&#039;\u00e9chapp\u00e9e close","og_image":[{"width":600,"height":834,"url":"http:\/\/lechappeeclose.it\/wp-content\/uploads\/2025\/10\/Atlas-de-poche-des-coquilles-des-cotes-de-France.jpeg","type":"image\/jpeg"}],"twitter_card":"summary_large_image","schema":{"@context":"https:\/\/schema.org","@graph":[{"@type":"WebPage","@id":"http:\/\/lechappeeclose.it\/boutique\/livres\/arts\/design\/atlas-de-poche-des-coquilles-des-cotes-de-france\/","url":"http:\/\/lechappeeclose.it\/boutique\/livres\/arts\/design\/atlas-de-poche-des-coquilles-des-cotes-de-france\/","name":"Atlas de poche des coquilles des c\u00f4tes de France - l&#039;\u00e9chapp\u00e9e close","isPartOf":{"@id":"http:\/\/lechappeeclose.it\/#website"},"primaryImageOfPage":{"@id":"http:\/\/lechappeeclose.it\/boutique\/livres\/arts\/design\/atlas-de-poche-des-coquilles-des-cotes-de-france\/#primaryimage"},"image":{"@id":"http:\/\/lechappeeclose.it\/boutique\/livres\/arts\/design\/atlas-de-poche-des-coquilles-des-cotes-de-france\/#primaryimage"},"thumbnailUrl":"http:\/\/lechappeeclose.it\/wp-content\/uploads\/2025\/10\/Atlas-de-poche-des-coquilles-des-cotes-de-France.jpeg","datePublished":"2025-10-15T12:43:50+00:00","breadcrumb":{"@id":"http:\/\/lechappeeclose.it\/boutique\/livres\/arts\/design\/atlas-de-poche-des-coquilles-des-cotes-de-france\/#breadcrumb"},"inLanguage":"it-IT","potentialAction":[{"@type":"ReadAction","target":["http:\/\/lechappeeclose.it\/boutique\/livres\/arts\/design\/atlas-de-poche-des-coquilles-des-cotes-de-france\/"]}]},{"@type":"ImageObject","inLanguage":"it-IT","@id":"http:\/\/lechappeeclose.it\/boutique\/livres\/arts\/design\/atlas-de-poche-des-coquilles-des-cotes-de-france\/#primaryimage","url":"http:\/\/lechappeeclose.it\/wp-content\/uploads\/2025\/10\/Atlas-de-poche-des-coquilles-des-cotes-de-France.jpeg","contentUrl":"http:\/\/lechappeeclose.it\/wp-content\/uploads\/2025\/10\/Atlas-de-poche-des-coquilles-des-cotes-de-France.jpeg","width":600,"height":834},{"@type":"BreadcrumbList","@id":"http:\/\/lechappeeclose.it\/boutique\/livres\/arts\/design\/atlas-de-poche-des-coquilles-des-cotes-de-france\/#breadcrumb","itemListElement":[{"@type":"ListItem","position":1,"name":"Accueil","item":"http:\/\/lechappeeclose.it\/"},{"@type":"ListItem","position":2,"name":"Boutique","item":"http:\/\/lechappeeclose.it\/it\/boutique\/"},{"@type":"ListItem","position":3,"name":"Atlas de poche des coquilles des c\u00f4tes de France"}]},{"@type":"WebSite","@id":"http:\/\/lechappeeclose.it\/#website","url":"http:\/\/lechappeeclose.it\/","name":"l&#039;\u00e9chapp\u00e9e close","description":"La libreria francese di Milano","publisher":{"@id":"http:\/\/lechappeeclose.it\/#organization"},"alternateName":"La librairie fran\u00e7aise de Milan","potentialAction":[{"@type":"SearchAction","target":{"@type":"EntryPoint","urlTemplate":"http:\/\/lechappeeclose.it\/?s={search_term_string}"},"query-input":{"@type":"PropertyValueSpecification","valueRequired":true,"valueName":"search_term_string"}}],"inLanguage":"it-IT"},{"@type":"Organization","@id":"http:\/\/lechappeeclose.it\/#organization","name":"l&#039;\u00e9chapp\u00e9e close","url":"http:\/\/lechappeeclose.it\/","logo":{"@type":"ImageObject","inLanguage":"it-IT","@id":"http:\/\/lechappeeclose.it\/#\/schema\/logo\/image\/","url":"http:\/\/lechappeeclose.it\/wp-content\/uploads\/2025\/02\/cropped-logo-rond.png","contentUrl":"http:\/\/lechappeeclose.it\/wp-content\/uploads\/2025\/02\/cropped-logo-rond.png","width":1080,"height":1080,"caption":"l&#039;\u00e9chapp\u00e9e close"},"image":{"@id":"http:\/\/lechappeeclose.it\/#\/schema\/logo\/image\/"},"sameAs":["https:\/\/www.instagram.com\/lechappeeclose\/"]}]}},"_links":{"self":[{"href":"http:\/\/lechappeeclose.it\/it\/wp-json\/wp\/v2\/product\/12322","targetHints":{"allow":["GET"]}}],"collection":[{"href":"http:\/\/lechappeeclose.it\/it\/wp-json\/wp\/v2\/product"}],"about":[{"href":"http:\/\/lechappeeclose.it\/it\/wp-json\/wp\/v2\/types\/product"}],"replies":[{"embeddable":true,"href":"http:\/\/lechappeeclose.it\/it\/wp-json\/wp\/v2\/comments?post=12322"}],"wp:featuredmedia":[{"embeddable":true,"href":"http:\/\/lechappeeclose.it\/it\/wp-json\/wp\/v2\/media\/12321"}],"wp:attachment":[{"href":"http:\/\/lechappeeclose.it\/it\/wp-json\/wp\/v2\/media?parent=12322"}],"wp:term":[{"taxonomy":"product_brand","embeddable":true,"href":"http:\/\/lechappeeclose.it\/it\/wp-json\/wp\/v2\/product_brand?post=12322"},{"taxonomy":"product_cat","embeddable":true,"href":"http:\/\/lechappeeclose.it\/it\/wp-json\/wp\/v2\/product_cat?post=12322"},{"taxonomy":"product_tag","embeddable":true,"href":"http:\/\/lechappeeclose.it\/it\/wp-json\/wp\/v2\/product_tag?post=12322"}],"curies":[{"name":"wp","href":"https:\/\/api.w.org\/{rel}","templated":true}]}}