{"id":12316,"date":"2025-10-15T14:34:27","date_gmt":"2025-10-15T12:34:27","guid":{"rendered":"https:\/\/lechappeeclose.it\/boutique\/non class\u00e9\/lhomme-qui-lisait-des-livres\/"},"modified":"2026-04-08T16:34:40","modified_gmt":"2026-04-08T14:34:40","slug":"lhomme-qui-lisait-des-livres","status":"publish","type":"product","link":"http:\/\/lechappeeclose.it\/it\/boutique\/livres\/litterature\/romans\/lhomme-qui-lisait-des-livres\/","title":{"rendered":"L&#8217;homme qui lisait des livres"},"content":{"rendered":"<p>Entre les ruines fumantes de Gaza et les pages jaunies des livres, un vieil homme attend. Il attend quoi ? Peut-\u00eatre que quelqu&#8217;un s&#8217;arr\u00eate enfin pour \u00e9couter. Car les livres qu&#8217;il tient entre ses mains ne sont pas que des objets &#8211; ils sont les fragments d&#8217;une vie, les \u00e9clats d&#8217;une m\u00e9moire, les cicatrices d&#8217;un peuple.<br \/>\nQuand un jeune photographe fran\u00e7ais pointe son objectif vers ce vieillard entour\u00e9 de livres, il ignore qu&#8217;il s&#8217;appr\u00eate \u00e0 traverser le miroir. &#8221; N&#8217;y a-t-il pas derri\u00e8re tout regard une histoire ? Celle d&#8217;une vie. Celle de tout un peuple, parfois &#8220;, murmure le libraire. Commence alors l&#8217;odyss\u00e9e palestinienne d&#8217;un homme qui a choisi les mots comme refuge, r\u00e9sistance et patrie.<br \/>\nDe l&#8217;exode \u00e0 la prison, des engagements \u00e0 la d\u00e9sillusion politique, du th\u00e9\u00e2tre aux amours, des enfants qu&#8217;on voit grandir et vivre, aux drames qui vous arrachent ceux que vous aimez, sa voix nous guide \u00e0 travers les labyrinthes de l&#8217;Histoire et de l&#8217;intime. Dans un monde o\u00f9 les bombes tentent d&#8217;avoir le dernier mot, il nous rappelle que les livres sont notre plus grande chance de survie &#8211; non pour fuir le r\u00e9el, mais pour l&#8217;habiter pleinement. Comme si, au milieu du chaos, un homme qui lit \u00e9tait la plus radicale des r\u00e9volutions.<\/p>","protected":false},"excerpt":{"rendered":"<p>Entre les ruines fumantes de Gaza et les pages jaunies des livres, un vieil homme attend. Il attend quoi ? Peut-\u00eatre que quelqu&#8217;un s&#8217;arr\u00eate enfin pour \u00e9couter. Car les livres qu&#8217;il tient entre ses mains ne sont pas que des objets &#8211; ils sont les fragments d&#8217;une vie, les \u00e9clats d&#8217;une m\u00e9moire, les cicatrices d&#8217;un [&hellip;]<\/p>","protected":false},"featured_media":12315,"comment_status":"open","ping_status":"closed","template":"","meta":[],"product_brand":[],"product_cat":[46],"product_tag":[],"class_list":{"0":"post-12316","1":"product","2":"type-product","3":"status-publish","4":"has-post-thumbnail","6":"product_cat-romans","8":"first","9":"instock","10":"taxable","11":"shipping-taxable","12":"purchasable","13":"product-type-simple"},"yoast_head":"<!-- This site is optimized with the Yoast SEO plugin v27.5 - https:\/\/yoast.com\/product\/yoast-seo-wordpress\/ -->\n<title>L&#039;homme qui lisait des livres - l&#039;\u00e9chapp\u00e9e close<\/title>\n<meta name=\"robots\" content=\"index, follow, max-snippet:-1, max-image-preview:large, max-video-preview:-1\" \/>\n<link rel=\"canonical\" href=\"http:\/\/lechappeeclose.it\/it\/boutique\/livres\/litterature\/romans\/lhomme-qui-lisait-des-livres\/\" \/>\n<meta property=\"og:locale\" content=\"it_IT\" \/>\n<meta property=\"og:type\" content=\"article\" \/>\n<meta property=\"og:title\" content=\"L&#039;homme qui lisait des livres - l&#039;\u00e9chapp\u00e9e close\" \/>\n<meta property=\"og:description\" content=\"Entre les ruines fumantes de Gaza et les pages jaunies des livres, un vieil homme attend. Il attend quoi ? Peut-\u00eatre que quelqu&#8217;un s&#8217;arr\u00eate enfin pour \u00e9couter. Car les livres qu&#8217;il tient entre ses mains ne sont pas que des objets &#8211; ils sont les fragments d&#8217;une vie, les \u00e9clats d&#8217;une m\u00e9moire, les cicatrices d&#8217;un [&hellip;]\" \/>\n<meta property=\"og:url\" content=\"http:\/\/lechappeeclose.it\/it\/boutique\/livres\/litterature\/romans\/lhomme-qui-lisait-des-livres\/\" \/>\n<meta property=\"og:site_name\" content=\"l&#039;\u00e9chapp\u00e9e close\" \/>\n<meta property=\"article:modified_time\" content=\"2026-04-08T14:34:40+00:00\" \/>\n<meta property=\"og:image\" content=\"http:\/\/lechappeeclose.it\/wp-content\/uploads\/2025\/10\/Lhomme-qui-lisait-des-livres.jpeg\" \/>\n\t<meta property=\"og:image:width\" content=\"450\" \/>\n\t<meta property=\"og:image:height\" content=\"450\" \/>\n\t<meta property=\"og:image:type\" content=\"image\/jpeg\" \/>\n<meta name=\"twitter:card\" content=\"summary_large_image\" \/>\n<meta name=\"twitter:label1\" content=\"Tempo di lettura stimato\" \/>\n\t<meta name=\"twitter:data1\" content=\"1 minuto\" \/>\n<script type=\"application\/ld+json\" class=\"yoast-schema-graph\">{\"@context\":\"https:\\\/\\\/schema.org\",\"@graph\":[{\"@type\":\"WebPage\",\"@id\":\"http:\\\/\\\/lechappeeclose.it\\\/boutique\\\/livres\\\/litterature\\\/romans\\\/lhomme-qui-lisait-des-livres\\\/\",\"url\":\"http:\\\/\\\/lechappeeclose.it\\\/boutique\\\/livres\\\/litterature\\\/romans\\\/lhomme-qui-lisait-des-livres\\\/\",\"name\":\"L'homme qui lisait des livres - l&#039;\u00e9chapp\u00e9e close\",\"isPartOf\":{\"@id\":\"http:\\\/\\\/lechappeeclose.it\\\/it\\\/#website\"},\"primaryImageOfPage\":{\"@id\":\"http:\\\/\\\/lechappeeclose.it\\\/boutique\\\/livres\\\/litterature\\\/romans\\\/lhomme-qui-lisait-des-livres\\\/#primaryimage\"},\"image\":{\"@id\":\"http:\\\/\\\/lechappeeclose.it\\\/boutique\\\/livres\\\/litterature\\\/romans\\\/lhomme-qui-lisait-des-livres\\\/#primaryimage\"},\"thumbnailUrl\":\"http:\\\/\\\/lechappeeclose.it\\\/wp-content\\\/uploads\\\/2025\\\/10\\\/Lhomme-qui-lisait-des-livres.jpeg\",\"datePublished\":\"2025-10-15T12:34:27+00:00\",\"dateModified\":\"2026-04-08T14:34:40+00:00\",\"breadcrumb\":{\"@id\":\"http:\\\/\\\/lechappeeclose.it\\\/boutique\\\/livres\\\/litterature\\\/romans\\\/lhomme-qui-lisait-des-livres\\\/#breadcrumb\"},\"inLanguage\":\"it-IT\",\"potentialAction\":[{\"@type\":\"ReadAction\",\"target\":[\"http:\\\/\\\/lechappeeclose.it\\\/boutique\\\/livres\\\/litterature\\\/romans\\\/lhomme-qui-lisait-des-livres\\\/\"]}]},{\"@type\":\"ImageObject\",\"inLanguage\":\"it-IT\",\"@id\":\"http:\\\/\\\/lechappeeclose.it\\\/boutique\\\/livres\\\/litterature\\\/romans\\\/lhomme-qui-lisait-des-livres\\\/#primaryimage\",\"url\":\"http:\\\/\\\/lechappeeclose.it\\\/wp-content\\\/uploads\\\/2025\\\/10\\\/Lhomme-qui-lisait-des-livres.jpeg\",\"contentUrl\":\"http:\\\/\\\/lechappeeclose.it\\\/wp-content\\\/uploads\\\/2025\\\/10\\\/Lhomme-qui-lisait-des-livres.jpeg\",\"width\":450,\"height\":450},{\"@type\":\"BreadcrumbList\",\"@id\":\"http:\\\/\\\/lechappeeclose.it\\\/boutique\\\/livres\\\/litterature\\\/romans\\\/lhomme-qui-lisait-des-livres\\\/#breadcrumb\",\"itemListElement\":[{\"@type\":\"ListItem\",\"position\":1,\"name\":\"Accueil\",\"item\":\"http:\\\/\\\/lechappeeclose.it\\\/it\\\/\"},{\"@type\":\"ListItem\",\"position\":2,\"name\":\"Boutique\",\"item\":\"http:\\\/\\\/lechappeeclose.it\\\/it\\\/boutique\\\/\"},{\"@type\":\"ListItem\",\"position\":3,\"name\":\"L&#8217;homme qui lisait des livres\"}]},{\"@type\":\"WebSite\",\"@id\":\"http:\\\/\\\/lechappeeclose.it\\\/it\\\/#website\",\"url\":\"http:\\\/\\\/lechappeeclose.it\\\/it\\\/\",\"name\":\"l&#039;\u00e9chapp\u00e9e close\",\"description\":\"la librairie fran\u00e7aise de Milan\",\"publisher\":{\"@id\":\"http:\\\/\\\/lechappeeclose.it\\\/it\\\/#organization\"},\"alternateName\":\"La librairie fran\u00e7aise de Milan\",\"potentialAction\":[{\"@type\":\"SearchAction\",\"target\":{\"@type\":\"EntryPoint\",\"urlTemplate\":\"http:\\\/\\\/lechappeeclose.it\\\/it\\\/?s={search_term_string}\"},\"query-input\":{\"@type\":\"PropertyValueSpecification\",\"valueRequired\":true,\"valueName\":\"search_term_string\"}}],\"inLanguage\":\"it-IT\"},{\"@type\":\"Organization\",\"@id\":\"http:\\\/\\\/lechappeeclose.it\\\/it\\\/#organization\",\"name\":\"l&#039;\u00e9chapp\u00e9e close\",\"url\":\"http:\\\/\\\/lechappeeclose.it\\\/it\\\/\",\"logo\":{\"@type\":\"ImageObject\",\"inLanguage\":\"it-IT\",\"@id\":\"http:\\\/\\\/lechappeeclose.it\\\/it\\\/#\\\/schema\\\/logo\\\/image\\\/\",\"url\":\"http:\\\/\\\/lechappeeclose.it\\\/wp-content\\\/uploads\\\/2025\\\/02\\\/cropped-logo-rond.png\",\"contentUrl\":\"http:\\\/\\\/lechappeeclose.it\\\/wp-content\\\/uploads\\\/2025\\\/02\\\/cropped-logo-rond.png\",\"width\":1080,\"height\":1080,\"caption\":\"l&#039;\u00e9chapp\u00e9e close\"},\"image\":{\"@id\":\"http:\\\/\\\/lechappeeclose.it\\\/it\\\/#\\\/schema\\\/logo\\\/image\\\/\"},\"sameAs\":[\"https:\\\/\\\/www.instagram.com\\\/lechappeeclose\\\/\"]}]}<\/script>\n<!-- \/ Yoast SEO plugin. -->","yoast_head_json":{"title":"L'homme qui lisait des livres - l&#039;\u00e9chapp\u00e9e close","robots":{"index":"index","follow":"follow","max-snippet":"max-snippet:-1","max-image-preview":"max-image-preview:large","max-video-preview":"max-video-preview:-1"},"canonical":"http:\/\/lechappeeclose.it\/it\/boutique\/livres\/litterature\/romans\/lhomme-qui-lisait-des-livres\/","og_locale":"it_IT","og_type":"article","og_title":"L'homme qui lisait des livres - l&#039;\u00e9chapp\u00e9e close","og_description":"Entre les ruines fumantes de Gaza et les pages jaunies des livres, un vieil homme attend. Il attend quoi ? Peut-\u00eatre que quelqu&#8217;un s&#8217;arr\u00eate enfin pour \u00e9couter. Car les livres qu&#8217;il tient entre ses mains ne sont pas que des objets &#8211; ils sont les fragments d&#8217;une vie, les \u00e9clats d&#8217;une m\u00e9moire, les cicatrices d&#8217;un [&hellip;]","og_url":"http:\/\/lechappeeclose.it\/it\/boutique\/livres\/litterature\/romans\/lhomme-qui-lisait-des-livres\/","og_site_name":"l&#039;\u00e9chapp\u00e9e close","article_modified_time":"2026-04-08T14:34:40+00:00","og_image":[{"width":450,"height":450,"url":"http:\/\/lechappeeclose.it\/wp-content\/uploads\/2025\/10\/Lhomme-qui-lisait-des-livres.jpeg","type":"image\/jpeg"}],"twitter_card":"summary_large_image","twitter_misc":{"Tempo di lettura stimato":"1 minuto"},"schema":{"@context":"https:\/\/schema.org","@graph":[{"@type":"WebPage","@id":"http:\/\/lechappeeclose.it\/boutique\/livres\/litterature\/romans\/lhomme-qui-lisait-des-livres\/","url":"http:\/\/lechappeeclose.it\/boutique\/livres\/litterature\/romans\/lhomme-qui-lisait-des-livres\/","name":"L'homme qui lisait des livres - l&#039;\u00e9chapp\u00e9e close","isPartOf":{"@id":"http:\/\/lechappeeclose.it\/it\/#website"},"primaryImageOfPage":{"@id":"http:\/\/lechappeeclose.it\/boutique\/livres\/litterature\/romans\/lhomme-qui-lisait-des-livres\/#primaryimage"},"image":{"@id":"http:\/\/lechappeeclose.it\/boutique\/livres\/litterature\/romans\/lhomme-qui-lisait-des-livres\/#primaryimage"},"thumbnailUrl":"http:\/\/lechappeeclose.it\/wp-content\/uploads\/2025\/10\/Lhomme-qui-lisait-des-livres.jpeg","datePublished":"2025-10-15T12:34:27+00:00","dateModified":"2026-04-08T14:34:40+00:00","breadcrumb":{"@id":"http:\/\/lechappeeclose.it\/boutique\/livres\/litterature\/romans\/lhomme-qui-lisait-des-livres\/#breadcrumb"},"inLanguage":"it-IT","potentialAction":[{"@type":"ReadAction","target":["http:\/\/lechappeeclose.it\/boutique\/livres\/litterature\/romans\/lhomme-qui-lisait-des-livres\/"]}]},{"@type":"ImageObject","inLanguage":"it-IT","@id":"http:\/\/lechappeeclose.it\/boutique\/livres\/litterature\/romans\/lhomme-qui-lisait-des-livres\/#primaryimage","url":"http:\/\/lechappeeclose.it\/wp-content\/uploads\/2025\/10\/Lhomme-qui-lisait-des-livres.jpeg","contentUrl":"http:\/\/lechappeeclose.it\/wp-content\/uploads\/2025\/10\/Lhomme-qui-lisait-des-livres.jpeg","width":450,"height":450},{"@type":"BreadcrumbList","@id":"http:\/\/lechappeeclose.it\/boutique\/livres\/litterature\/romans\/lhomme-qui-lisait-des-livres\/#breadcrumb","itemListElement":[{"@type":"ListItem","position":1,"name":"Accueil","item":"http:\/\/lechappeeclose.it\/it\/"},{"@type":"ListItem","position":2,"name":"Boutique","item":"http:\/\/lechappeeclose.it\/it\/boutique\/"},{"@type":"ListItem","position":3,"name":"L&#8217;homme qui lisait des livres"}]},{"@type":"WebSite","@id":"http:\/\/lechappeeclose.it\/it\/#website","url":"http:\/\/lechappeeclose.it\/it\/","name":"l&#039;\u00e9chapp\u00e9e close","description":"La libreria francese di Milano","publisher":{"@id":"http:\/\/lechappeeclose.it\/it\/#organization"},"alternateName":"La librairie fran\u00e7aise de Milan","potentialAction":[{"@type":"SearchAction","target":{"@type":"EntryPoint","urlTemplate":"http:\/\/lechappeeclose.it\/it\/?s={search_term_string}"},"query-input":{"@type":"PropertyValueSpecification","valueRequired":true,"valueName":"search_term_string"}}],"inLanguage":"it-IT"},{"@type":"Organization","@id":"http:\/\/lechappeeclose.it\/it\/#organization","name":"l&#039;\u00e9chapp\u00e9e close","url":"http:\/\/lechappeeclose.it\/it\/","logo":{"@type":"ImageObject","inLanguage":"it-IT","@id":"http:\/\/lechappeeclose.it\/it\/#\/schema\/logo\/image\/","url":"http:\/\/lechappeeclose.it\/wp-content\/uploads\/2025\/02\/cropped-logo-rond.png","contentUrl":"http:\/\/lechappeeclose.it\/wp-content\/uploads\/2025\/02\/cropped-logo-rond.png","width":1080,"height":1080,"caption":"l&#039;\u00e9chapp\u00e9e close"},"image":{"@id":"http:\/\/lechappeeclose.it\/it\/#\/schema\/logo\/image\/"},"sameAs":["https:\/\/www.instagram.com\/lechappeeclose\/"]}]}},"_links":{"self":[{"href":"http:\/\/lechappeeclose.it\/it\/wp-json\/wp\/v2\/product\/12316","targetHints":{"allow":["GET"]}}],"collection":[{"href":"http:\/\/lechappeeclose.it\/it\/wp-json\/wp\/v2\/product"}],"about":[{"href":"http:\/\/lechappeeclose.it\/it\/wp-json\/wp\/v2\/types\/product"}],"replies":[{"embeddable":true,"href":"http:\/\/lechappeeclose.it\/it\/wp-json\/wp\/v2\/comments?post=12316"}],"wp:featuredmedia":[{"embeddable":true,"href":"http:\/\/lechappeeclose.it\/it\/wp-json\/wp\/v2\/media\/12315"}],"wp:attachment":[{"href":"http:\/\/lechappeeclose.it\/it\/wp-json\/wp\/v2\/media?parent=12316"}],"wp:term":[{"taxonomy":"product_brand","embeddable":true,"href":"http:\/\/lechappeeclose.it\/it\/wp-json\/wp\/v2\/product_brand?post=12316"},{"taxonomy":"product_cat","embeddable":true,"href":"http:\/\/lechappeeclose.it\/it\/wp-json\/wp\/v2\/product_cat?post=12316"},{"taxonomy":"product_tag","embeddable":true,"href":"http:\/\/lechappeeclose.it\/it\/wp-json\/wp\/v2\/product_tag?post=12316"}],"curies":[{"name":"wp","href":"https:\/\/api.w.org\/{rel}","templated":true}]}}