{"id":12230,"date":"2025-10-01T13:13:15","date_gmt":"2025-10-01T11:13:15","guid":{"rendered":"https:\/\/lechappeeclose.it\/boutique\/non%20class\u00e9\/feux-sacres\/"},"modified":"2026-03-06T15:07:07","modified_gmt":"2026-03-06T14:07:07","slug":"feux-sacres","status":"publish","type":"product","link":"http:\/\/lechappeeclose.it\/it\/boutique\/livres\/litterature\/romans\/feux-sacres\/","title":{"rendered":"Feux sacr\u00e9s"},"content":{"rendered":"<p>\u00c0 20 ans, C\u00e9cile Guilbert est une jeune \u00e9tudiante d\u00e9brid\u00e9e qui ne jure que par la po\u00e9sie, la litt\u00e9rature et la philosophie. \u00c0 ses oncle et tante qui lui parlent de yoga, de gourou et de spiritualit\u00e9 hindoue, elle r\u00e9plique que ses ma\u00eetres se nomment Nietzsche, Baudelaire, Lautr\u00e9amont, et qu&#8217;elle ne comprend rien \u00e0 leurs histoires de Shiva et de vedas. Trente-cinq ans plus tard, c&#8217;est dans l&#8217;appartement d&#8217;un ma\u00eetre yogi qu&#8217;elle r\u00e9apprend \u00e0 respirer pour survivre \u00e0 un choc traumatique. Comment la rationaliste sceptique s&#8217;est-elle transform\u00e9e en disciple appliqu\u00e9e  ? Par quelles rencontres de chair et de papier  ?<br \/>\nDans ce r\u00e9cit initiatique intime dont la langue claire et l&#8217;implacable franchise m\u00ealent ironie, intelligence et ardeur, C\u00e9cile Guilbert traverse sa vie vitesse grand V pour raconter les \u00e9preuves et les joies qui ont rendu possible cette m\u00e9tamorphose. Car pour s&#8217;ouvrir \u00e0 cette Vita Nova, il lui faudra affronter plusieurs fois le scandale de la mort : celle de son cousin ador\u00e9, suicid\u00e9  ; de sa grand-m\u00e8re veill\u00e9e dans son agonie  ; de son oncle \u00e0 qui elle ira dire adieu dans un ashram du Kerala  ;  de son petit fr\u00e8re dont le cadavre est d\u00e9couvert dans des circonstances dramatiques. Il lui faudra d\u00e9couvrir l&#8217;amour vrai avec Nicolas, la lumi\u00e8re dans le regard des sages, les b\u00fbchers de B\u00e9nar\u00e8s, se croire bris\u00e9e chaque hiver pour finalement rena\u00eetre \u00e0 elle-m\u00eame.<br \/>\n\u00c0 mille lieux de nos rep\u00e8res et nos id\u00e9es, elle nous emporte dans un grand voyage qui fait briller les feux sacr\u00e9s de sa constellation personnelle  : l&#8217;amour, les morts, l&#8217;Inde et les livres. Faisant aussi la part belle \u00e0 la magie po\u00e9tique des signes par lesquels chacun peut donner sens \u00e0 son existence, Feux sacr\u00e9s pourrait aussi se r\u00e9sumer ainsi  : Savoir mourir, s&#8217;\u00e9veiller, apprendre \u00e0 rena\u00eetre pour mieux vivre. <\/p>","protected":false},"excerpt":{"rendered":"<p>\u00c0 20 ans, C\u00e9cile Guilbert est une jeune \u00e9tudiante d\u00e9brid\u00e9e qui ne jure que par la po\u00e9sie, la litt\u00e9rature et la philosophie. \u00c0 ses oncle et tante qui lui parlent de yoga, de gourou et de spiritualit\u00e9 hindoue, elle r\u00e9plique que ses ma\u00eetres se nomment Nietzsche, Baudelaire, Lautr\u00e9amont, et qu&#8217;elle ne comprend rien \u00e0 leurs [&hellip;]<\/p>","protected":false},"featured_media":12229,"comment_status":"open","ping_status":"closed","template":"","meta":[],"product_brand":[],"product_cat":[46],"product_tag":[],"class_list":{"0":"post-12230","1":"product","2":"type-product","3":"status-publish","4":"has-post-thumbnail","6":"product_cat-romans","8":"first","9":"instock","10":"taxable","11":"shipping-taxable","12":"purchasable","13":"product-type-simple"},"yoast_head":"<!-- This site is optimized with the Yoast SEO plugin v27.3 - https:\/\/yoast.com\/product\/yoast-seo-wordpress\/ -->\n<title>Feux sacr\u00e9s - l&#039;\u00e9chapp\u00e9e close<\/title>\n<meta name=\"robots\" content=\"index, follow, max-snippet:-1, max-image-preview:large, max-video-preview:-1\" \/>\n<link rel=\"canonical\" href=\"http:\/\/lechappeeclose.it\/it\/boutique\/livres\/litterature\/romans\/feux-sacres\/\" \/>\n<meta property=\"og:locale\" content=\"it_IT\" \/>\n<meta property=\"og:type\" content=\"article\" \/>\n<meta property=\"og:title\" content=\"Feux sacr\u00e9s - l&#039;\u00e9chapp\u00e9e close\" \/>\n<meta property=\"og:description\" content=\"\u00c0 20 ans, C\u00e9cile Guilbert est une jeune \u00e9tudiante d\u00e9brid\u00e9e qui ne jure que par la po\u00e9sie, la litt\u00e9rature et la philosophie. \u00c0 ses oncle et tante qui lui parlent de yoga, de gourou et de spiritualit\u00e9 hindoue, elle r\u00e9plique que ses ma\u00eetres se nomment Nietzsche, Baudelaire, Lautr\u00e9amont, et qu&#8217;elle ne comprend rien \u00e0 leurs [&hellip;]\" \/>\n<meta property=\"og:url\" content=\"http:\/\/lechappeeclose.it\/it\/boutique\/livres\/litterature\/romans\/feux-sacres\/\" \/>\n<meta property=\"og:site_name\" content=\"l&#039;\u00e9chapp\u00e9e close\" \/>\n<meta property=\"article:modified_time\" content=\"2026-03-06T14:07:07+00:00\" \/>\n<meta property=\"og:image\" content=\"http:\/\/lechappeeclose.it\/wp-content\/uploads\/2025\/10\/Feux-sacres.webp\" \/>\n\t<meta property=\"og:image:width\" content=\"1400\" \/>\n\t<meta property=\"og:image:height\" content=\"2049\" \/>\n\t<meta property=\"og:image:type\" content=\"image\/webp\" \/>\n<meta name=\"twitter:card\" content=\"summary_large_image\" \/>\n<meta name=\"twitter:label1\" content=\"Tempo di lettura stimato\" \/>\n\t<meta name=\"twitter:data1\" content=\"2 minuti\" \/>\n<script type=\"application\/ld+json\" class=\"yoast-schema-graph\">{\"@context\":\"https:\\\/\\\/schema.org\",\"@graph\":[{\"@type\":\"WebPage\",\"@id\":\"http:\\\/\\\/lechappeeclose.it\\\/boutique\\\/livres\\\/litterature\\\/romans\\\/feux-sacres\\\/\",\"url\":\"http:\\\/\\\/lechappeeclose.it\\\/boutique\\\/livres\\\/litterature\\\/romans\\\/feux-sacres\\\/\",\"name\":\"Feux sacr\u00e9s - l&#039;\u00e9chapp\u00e9e close\",\"isPartOf\":{\"@id\":\"https:\\\/\\\/lechappeeclose.it\\\/it\\\/#website\"},\"primaryImageOfPage\":{\"@id\":\"http:\\\/\\\/lechappeeclose.it\\\/boutique\\\/livres\\\/litterature\\\/romans\\\/feux-sacres\\\/#primaryimage\"},\"image\":{\"@id\":\"http:\\\/\\\/lechappeeclose.it\\\/boutique\\\/livres\\\/litterature\\\/romans\\\/feux-sacres\\\/#primaryimage\"},\"thumbnailUrl\":\"http:\\\/\\\/lechappeeclose.it\\\/wp-content\\\/uploads\\\/2025\\\/10\\\/Feux-sacres.webp\",\"datePublished\":\"2025-10-01T11:13:15+00:00\",\"dateModified\":\"2026-03-06T14:07:07+00:00\",\"breadcrumb\":{\"@id\":\"http:\\\/\\\/lechappeeclose.it\\\/boutique\\\/livres\\\/litterature\\\/romans\\\/feux-sacres\\\/#breadcrumb\"},\"inLanguage\":\"it-IT\",\"potentialAction\":[{\"@type\":\"ReadAction\",\"target\":[\"http:\\\/\\\/lechappeeclose.it\\\/boutique\\\/livres\\\/litterature\\\/romans\\\/feux-sacres\\\/\"]}]},{\"@type\":\"ImageObject\",\"inLanguage\":\"it-IT\",\"@id\":\"http:\\\/\\\/lechappeeclose.it\\\/boutique\\\/livres\\\/litterature\\\/romans\\\/feux-sacres\\\/#primaryimage\",\"url\":\"http:\\\/\\\/lechappeeclose.it\\\/wp-content\\\/uploads\\\/2025\\\/10\\\/Feux-sacres.webp\",\"contentUrl\":\"http:\\\/\\\/lechappeeclose.it\\\/wp-content\\\/uploads\\\/2025\\\/10\\\/Feux-sacres.webp\",\"width\":1400,\"height\":2049},{\"@type\":\"BreadcrumbList\",\"@id\":\"http:\\\/\\\/lechappeeclose.it\\\/boutique\\\/livres\\\/litterature\\\/romans\\\/feux-sacres\\\/#breadcrumb\",\"itemListElement\":[{\"@type\":\"ListItem\",\"position\":1,\"name\":\"Accueil\",\"item\":\"https:\\\/\\\/lechappeeclose.it\\\/it\\\/\"},{\"@type\":\"ListItem\",\"position\":2,\"name\":\"Boutique\",\"item\":\"https:\\\/\\\/lechappeeclose.it\\\/it\\\/boutique\\\/\"},{\"@type\":\"ListItem\",\"position\":3,\"name\":\"Feux sacr\u00e9s\"}]},{\"@type\":\"WebSite\",\"@id\":\"https:\\\/\\\/lechappeeclose.it\\\/it\\\/#website\",\"url\":\"https:\\\/\\\/lechappeeclose.it\\\/it\\\/\",\"name\":\"l&#039;\u00e9chapp\u00e9e close\",\"description\":\"la librairie fran\u00e7aise de Milan\",\"publisher\":{\"@id\":\"https:\\\/\\\/lechappeeclose.it\\\/it\\\/#organization\"},\"alternateName\":\"La librairie fran\u00e7aise de Milan\",\"potentialAction\":[{\"@type\":\"SearchAction\",\"target\":{\"@type\":\"EntryPoint\",\"urlTemplate\":\"https:\\\/\\\/lechappeeclose.it\\\/it\\\/?s={search_term_string}\"},\"query-input\":{\"@type\":\"PropertyValueSpecification\",\"valueRequired\":true,\"valueName\":\"search_term_string\"}}],\"inLanguage\":\"it-IT\"},{\"@type\":\"Organization\",\"@id\":\"https:\\\/\\\/lechappeeclose.it\\\/it\\\/#organization\",\"name\":\"l&#039;\u00e9chapp\u00e9e close\",\"url\":\"https:\\\/\\\/lechappeeclose.it\\\/it\\\/\",\"logo\":{\"@type\":\"ImageObject\",\"inLanguage\":\"it-IT\",\"@id\":\"https:\\\/\\\/lechappeeclose.it\\\/it\\\/#\\\/schema\\\/logo\\\/image\\\/\",\"url\":\"http:\\\/\\\/lechappeeclose.it\\\/wp-content\\\/uploads\\\/2025\\\/02\\\/cropped-logo-rond.png\",\"contentUrl\":\"http:\\\/\\\/lechappeeclose.it\\\/wp-content\\\/uploads\\\/2025\\\/02\\\/cropped-logo-rond.png\",\"width\":1080,\"height\":1080,\"caption\":\"l&#039;\u00e9chapp\u00e9e close\"},\"image\":{\"@id\":\"https:\\\/\\\/lechappeeclose.it\\\/it\\\/#\\\/schema\\\/logo\\\/image\\\/\"},\"sameAs\":[\"https:\\\/\\\/www.instagram.com\\\/lechappeeclose\\\/\"]}]}<\/script>\n<!-- \/ Yoast SEO plugin. -->","yoast_head_json":{"title":"Feux sacr\u00e9s - l&#039;\u00e9chapp\u00e9e close","robots":{"index":"index","follow":"follow","max-snippet":"max-snippet:-1","max-image-preview":"max-image-preview:large","max-video-preview":"max-video-preview:-1"},"canonical":"http:\/\/lechappeeclose.it\/it\/boutique\/livres\/litterature\/romans\/feux-sacres\/","og_locale":"it_IT","og_type":"article","og_title":"Feux sacr\u00e9s - l&#039;\u00e9chapp\u00e9e close","og_description":"\u00c0 20 ans, C\u00e9cile Guilbert est une jeune \u00e9tudiante d\u00e9brid\u00e9e qui ne jure que par la po\u00e9sie, la litt\u00e9rature et la philosophie. \u00c0 ses oncle et tante qui lui parlent de yoga, de gourou et de spiritualit\u00e9 hindoue, elle r\u00e9plique que ses ma\u00eetres se nomment Nietzsche, Baudelaire, Lautr\u00e9amont, et qu&#8217;elle ne comprend rien \u00e0 leurs [&hellip;]","og_url":"http:\/\/lechappeeclose.it\/it\/boutique\/livres\/litterature\/romans\/feux-sacres\/","og_site_name":"l&#039;\u00e9chapp\u00e9e close","article_modified_time":"2026-03-06T14:07:07+00:00","og_image":[{"width":1400,"height":2049,"url":"http:\/\/lechappeeclose.it\/wp-content\/uploads\/2025\/10\/Feux-sacres.webp","type":"image\/webp"}],"twitter_card":"summary_large_image","twitter_misc":{"Tempo di lettura stimato":"2 minuti"},"schema":{"@context":"https:\/\/schema.org","@graph":[{"@type":"WebPage","@id":"http:\/\/lechappeeclose.it\/boutique\/livres\/litterature\/romans\/feux-sacres\/","url":"http:\/\/lechappeeclose.it\/boutique\/livres\/litterature\/romans\/feux-sacres\/","name":"Feux sacr\u00e9s - l&#039;\u00e9chapp\u00e9e close","isPartOf":{"@id":"https:\/\/lechappeeclose.it\/it\/#website"},"primaryImageOfPage":{"@id":"http:\/\/lechappeeclose.it\/boutique\/livres\/litterature\/romans\/feux-sacres\/#primaryimage"},"image":{"@id":"http:\/\/lechappeeclose.it\/boutique\/livres\/litterature\/romans\/feux-sacres\/#primaryimage"},"thumbnailUrl":"http:\/\/lechappeeclose.it\/wp-content\/uploads\/2025\/10\/Feux-sacres.webp","datePublished":"2025-10-01T11:13:15+00:00","dateModified":"2026-03-06T14:07:07+00:00","breadcrumb":{"@id":"http:\/\/lechappeeclose.it\/boutique\/livres\/litterature\/romans\/feux-sacres\/#breadcrumb"},"inLanguage":"it-IT","potentialAction":[{"@type":"ReadAction","target":["http:\/\/lechappeeclose.it\/boutique\/livres\/litterature\/romans\/feux-sacres\/"]}]},{"@type":"ImageObject","inLanguage":"it-IT","@id":"http:\/\/lechappeeclose.it\/boutique\/livres\/litterature\/romans\/feux-sacres\/#primaryimage","url":"http:\/\/lechappeeclose.it\/wp-content\/uploads\/2025\/10\/Feux-sacres.webp","contentUrl":"http:\/\/lechappeeclose.it\/wp-content\/uploads\/2025\/10\/Feux-sacres.webp","width":1400,"height":2049},{"@type":"BreadcrumbList","@id":"http:\/\/lechappeeclose.it\/boutique\/livres\/litterature\/romans\/feux-sacres\/#breadcrumb","itemListElement":[{"@type":"ListItem","position":1,"name":"Accueil","item":"https:\/\/lechappeeclose.it\/it\/"},{"@type":"ListItem","position":2,"name":"Boutique","item":"https:\/\/lechappeeclose.it\/it\/boutique\/"},{"@type":"ListItem","position":3,"name":"Feux sacr\u00e9s"}]},{"@type":"WebSite","@id":"https:\/\/lechappeeclose.it\/it\/#website","url":"https:\/\/lechappeeclose.it\/it\/","name":"l&#039;\u00e9chapp\u00e9e close","description":"La libreria francese di Milano","publisher":{"@id":"https:\/\/lechappeeclose.it\/it\/#organization"},"alternateName":"La librairie fran\u00e7aise de Milan","potentialAction":[{"@type":"SearchAction","target":{"@type":"EntryPoint","urlTemplate":"https:\/\/lechappeeclose.it\/it\/?s={search_term_string}"},"query-input":{"@type":"PropertyValueSpecification","valueRequired":true,"valueName":"search_term_string"}}],"inLanguage":"it-IT"},{"@type":"Organization","@id":"https:\/\/lechappeeclose.it\/it\/#organization","name":"l&#039;\u00e9chapp\u00e9e close","url":"https:\/\/lechappeeclose.it\/it\/","logo":{"@type":"ImageObject","inLanguage":"it-IT","@id":"https:\/\/lechappeeclose.it\/it\/#\/schema\/logo\/image\/","url":"http:\/\/lechappeeclose.it\/wp-content\/uploads\/2025\/02\/cropped-logo-rond.png","contentUrl":"http:\/\/lechappeeclose.it\/wp-content\/uploads\/2025\/02\/cropped-logo-rond.png","width":1080,"height":1080,"caption":"l&#039;\u00e9chapp\u00e9e close"},"image":{"@id":"https:\/\/lechappeeclose.it\/it\/#\/schema\/logo\/image\/"},"sameAs":["https:\/\/www.instagram.com\/lechappeeclose\/"]}]}},"_links":{"self":[{"href":"http:\/\/lechappeeclose.it\/it\/wp-json\/wp\/v2\/product\/12230","targetHints":{"allow":["GET"]}}],"collection":[{"href":"http:\/\/lechappeeclose.it\/it\/wp-json\/wp\/v2\/product"}],"about":[{"href":"http:\/\/lechappeeclose.it\/it\/wp-json\/wp\/v2\/types\/product"}],"replies":[{"embeddable":true,"href":"http:\/\/lechappeeclose.it\/it\/wp-json\/wp\/v2\/comments?post=12230"}],"wp:featuredmedia":[{"embeddable":true,"href":"http:\/\/lechappeeclose.it\/it\/wp-json\/wp\/v2\/media\/12229"}],"wp:attachment":[{"href":"http:\/\/lechappeeclose.it\/it\/wp-json\/wp\/v2\/media?parent=12230"}],"wp:term":[{"taxonomy":"product_brand","embeddable":true,"href":"http:\/\/lechappeeclose.it\/it\/wp-json\/wp\/v2\/product_brand?post=12230"},{"taxonomy":"product_cat","embeddable":true,"href":"http:\/\/lechappeeclose.it\/it\/wp-json\/wp\/v2\/product_cat?post=12230"},{"taxonomy":"product_tag","embeddable":true,"href":"http:\/\/lechappeeclose.it\/it\/wp-json\/wp\/v2\/product_tag?post=12230"}],"curies":[{"name":"wp","href":"https:\/\/api.w.org\/{rel}","templated":true}]}}