{"id":12228,"date":"2025-10-01T13:11:48","date_gmt":"2025-10-01T11:11:48","guid":{"rendered":"https:\/\/lechappeeclose.it\/boutique\/non%20class\u00e9\/jacky\/"},"modified":"2026-03-06T15:07:14","modified_gmt":"2026-03-06T14:07:14","slug":"jacky","status":"publish","type":"product","link":"http:\/\/lechappeeclose.it\/it\/boutique\/livres\/litterature\/romans\/jacky\/","title":{"rendered":"Jacky"},"content":{"rendered":"<p> \u00ab  Mon p\u00e8re a disparu en l&#8217;espace de trois consoles de jeux  \u00bb<br \/>\n  Au tournant des ann\u00e9es 1980 et 1990, Anthony et son fr\u00e8re jumeau grandissent entour\u00e9s d&#8217;une famille paternelle soud\u00e9e, dans une vall\u00e9e enclav\u00e9e de l&#8217;arri\u00e8re-pays ni\u00e7ois. Entre des grands-parents aimants, une cousine atteinte d&#8217;une maladie myst\u00e9rieuse et un jeune oncle plein d&#8217;entrain, ils tuent l&#8217;ennui gr\u00e2ce aux jeux vid\u00e9o &#8211; une passion nouvelle, transmise par leur p\u00e8re  : Jacky.  De Space Invaders \u00e0 Zelda, de Nintendo \u00e0 Sega, la conscience du monde dans lequel le narrateur et son fr\u00e8re \u00e9voluent s&#8217;aiguise avec les capacit\u00e9s techniques de ces \u00e9tranges machines. Elles vont peu \u00e0 peu s&#8217;imposer comme un refuge face aux injonctions qui p\u00e8sent sur eux,  \u00e0 l&#8217;ennui d&#8217;un quotidien sans horizon et aux drames qui frapperont bient\u00f4t leurs proches. Jusqu&#8217;au d\u00e9part brutal de leur p\u00e8re.  Anthony Passeron plonge le lecteur dans une \u00e9poque r\u00e9volue : l&#8217;insouciance de la fin du XX\u00e8me si\u00e8cle, avec son horizon de prosp\u00e9rit\u00e9 et d&#8217;innovations technologiques. M\u00ealant son histoire personnelle \u00e0 celle des grands inventeurs de jeux vid\u00e9o, il lance un cri d&#8217;amour au p\u00e8re, malgr\u00e9 la blessure ingu\u00e9rissable de l&#8217;abandon.<br \/>\nCe roman d&#8217;apprentissage en trois consoles, de la tendresse de l&#8217;enfance aux d\u00e9sillusions de l&#8217;adolescence, a le charme et la puissance d&#8217;une chronique sociale douce-am\u00e8re : \u00ab J&#8217;aurais voulu qu&#8217;on se demande enfin quelle mal\u00e9diction, quelle pluie de m\u00e9pris, de b\u00eatise et de brutalit\u00e9 tombait depuis des d\u00e9cennies, des si\u00e8cles peut-\u00eatre, dans cette vall\u00e9e que certains n&#8217;avaient d&#8217;autre choix que de fuir. \u00bb<\/p>","protected":false},"excerpt":{"rendered":"<p>\u00ab Mon p\u00e8re a disparu en l&#8217;espace de trois consoles de jeux \u00bb Au tournant des ann\u00e9es 1980 et 1990, Anthony et son fr\u00e8re jumeau grandissent entour\u00e9s d&#8217;une famille paternelle soud\u00e9e, dans une vall\u00e9e enclav\u00e9e de l&#8217;arri\u00e8re-pays ni\u00e7ois. Entre des grands-parents aimants, une cousine atteinte d&#8217;une maladie myst\u00e9rieuse et un jeune oncle plein d&#8217;entrain, ils [&hellip;]<\/p>","protected":false},"featured_media":12227,"comment_status":"open","ping_status":"closed","template":"","meta":[],"product_brand":[],"product_cat":[46],"product_tag":[],"class_list":{"0":"post-12228","1":"product","2":"type-product","3":"status-publish","4":"has-post-thumbnail","6":"product_cat-romans","8":"first","9":"instock","10":"taxable","11":"shipping-taxable","12":"purchasable","13":"product-type-simple"},"yoast_head":"<!-- This site is optimized with the Yoast SEO plugin v27.3 - https:\/\/yoast.com\/product\/yoast-seo-wordpress\/ -->\n<title>Jacky - l&#039;\u00e9chapp\u00e9e close<\/title>\n<meta name=\"robots\" content=\"index, follow, max-snippet:-1, max-image-preview:large, max-video-preview:-1\" \/>\n<link rel=\"canonical\" href=\"http:\/\/lechappeeclose.it\/it\/boutique\/livres\/litterature\/romans\/jacky\/\" \/>\n<meta property=\"og:locale\" content=\"it_IT\" \/>\n<meta property=\"og:type\" content=\"article\" \/>\n<meta property=\"og:title\" content=\"Jacky - l&#039;\u00e9chapp\u00e9e close\" \/>\n<meta property=\"og:description\" content=\"\u00ab Mon p\u00e8re a disparu en l&#8217;espace de trois consoles de jeux \u00bb Au tournant des ann\u00e9es 1980 et 1990, Anthony et son fr\u00e8re jumeau grandissent entour\u00e9s d&#8217;une famille paternelle soud\u00e9e, dans une vall\u00e9e enclav\u00e9e de l&#8217;arri\u00e8re-pays ni\u00e7ois. Entre des grands-parents aimants, une cousine atteinte d&#8217;une maladie myst\u00e9rieuse et un jeune oncle plein d&#8217;entrain, ils [&hellip;]\" \/>\n<meta property=\"og:url\" content=\"http:\/\/lechappeeclose.it\/it\/boutique\/livres\/litterature\/romans\/jacky\/\" \/>\n<meta property=\"og:site_name\" content=\"l&#039;\u00e9chapp\u00e9e close\" \/>\n<meta property=\"article:modified_time\" content=\"2026-03-06T14:07:14+00:00\" \/>\n<meta property=\"og:image\" content=\"http:\/\/lechappeeclose.it\/wp-content\/uploads\/2025\/10\/Jacky.png\" \/>\n\t<meta property=\"og:image:width\" content=\"179\" \/>\n\t<meta property=\"og:image:height\" content=\"282\" \/>\n\t<meta property=\"og:image:type\" content=\"image\/png\" \/>\n<meta name=\"twitter:card\" content=\"summary_large_image\" \/>\n<meta name=\"twitter:label1\" content=\"Tempo di lettura stimato\" \/>\n\t<meta name=\"twitter:data1\" content=\"1 minuto\" \/>\n<script type=\"application\/ld+json\" class=\"yoast-schema-graph\">{\"@context\":\"https:\\\/\\\/schema.org\",\"@graph\":[{\"@type\":\"WebPage\",\"@id\":\"http:\\\/\\\/lechappeeclose.it\\\/it\\\/boutique\\\/livres\\\/litterature\\\/romans\\\/jacky\\\/\",\"url\":\"http:\\\/\\\/lechappeeclose.it\\\/it\\\/boutique\\\/livres\\\/litterature\\\/romans\\\/jacky\\\/\",\"name\":\"Jacky - l&#039;\u00e9chapp\u00e9e close\",\"isPartOf\":{\"@id\":\"http:\\\/\\\/lechappeeclose.it\\\/it\\\/#website\"},\"primaryImageOfPage\":{\"@id\":\"http:\\\/\\\/lechappeeclose.it\\\/it\\\/boutique\\\/livres\\\/litterature\\\/romans\\\/jacky\\\/#primaryimage\"},\"image\":{\"@id\":\"http:\\\/\\\/lechappeeclose.it\\\/it\\\/boutique\\\/livres\\\/litterature\\\/romans\\\/jacky\\\/#primaryimage\"},\"thumbnailUrl\":\"http:\\\/\\\/lechappeeclose.it\\\/wp-content\\\/uploads\\\/2025\\\/10\\\/Jacky.png\",\"datePublished\":\"2025-10-01T11:11:48+00:00\",\"dateModified\":\"2026-03-06T14:07:14+00:00\",\"breadcrumb\":{\"@id\":\"http:\\\/\\\/lechappeeclose.it\\\/it\\\/boutique\\\/livres\\\/litterature\\\/romans\\\/jacky\\\/#breadcrumb\"},\"inLanguage\":\"it-IT\",\"potentialAction\":[{\"@type\":\"ReadAction\",\"target\":[\"http:\\\/\\\/lechappeeclose.it\\\/it\\\/boutique\\\/livres\\\/litterature\\\/romans\\\/jacky\\\/\"]}]},{\"@type\":\"ImageObject\",\"inLanguage\":\"it-IT\",\"@id\":\"http:\\\/\\\/lechappeeclose.it\\\/it\\\/boutique\\\/livres\\\/litterature\\\/romans\\\/jacky\\\/#primaryimage\",\"url\":\"http:\\\/\\\/lechappeeclose.it\\\/wp-content\\\/uploads\\\/2025\\\/10\\\/Jacky.png\",\"contentUrl\":\"http:\\\/\\\/lechappeeclose.it\\\/wp-content\\\/uploads\\\/2025\\\/10\\\/Jacky.png\",\"width\":179,\"height\":282},{\"@type\":\"BreadcrumbList\",\"@id\":\"http:\\\/\\\/lechappeeclose.it\\\/it\\\/boutique\\\/livres\\\/litterature\\\/romans\\\/jacky\\\/#breadcrumb\",\"itemListElement\":[{\"@type\":\"ListItem\",\"position\":1,\"name\":\"Accueil\",\"item\":\"http:\\\/\\\/lechappeeclose.it\\\/it\\\/\"},{\"@type\":\"ListItem\",\"position\":2,\"name\":\"Boutique\",\"item\":\"http:\\\/\\\/lechappeeclose.it\\\/it\\\/boutique\\\/\"},{\"@type\":\"ListItem\",\"position\":3,\"name\":\"Jacky\"}]},{\"@type\":\"WebSite\",\"@id\":\"http:\\\/\\\/lechappeeclose.it\\\/it\\\/#website\",\"url\":\"http:\\\/\\\/lechappeeclose.it\\\/it\\\/\",\"name\":\"l&#039;\u00e9chapp\u00e9e close\",\"description\":\"la librairie fran\u00e7aise de Milan\",\"publisher\":{\"@id\":\"http:\\\/\\\/lechappeeclose.it\\\/it\\\/#organization\"},\"alternateName\":\"La librairie fran\u00e7aise de Milan\",\"potentialAction\":[{\"@type\":\"SearchAction\",\"target\":{\"@type\":\"EntryPoint\",\"urlTemplate\":\"http:\\\/\\\/lechappeeclose.it\\\/it\\\/?s={search_term_string}\"},\"query-input\":{\"@type\":\"PropertyValueSpecification\",\"valueRequired\":true,\"valueName\":\"search_term_string\"}}],\"inLanguage\":\"it-IT\"},{\"@type\":\"Organization\",\"@id\":\"http:\\\/\\\/lechappeeclose.it\\\/it\\\/#organization\",\"name\":\"l&#039;\u00e9chapp\u00e9e close\",\"url\":\"http:\\\/\\\/lechappeeclose.it\\\/it\\\/\",\"logo\":{\"@type\":\"ImageObject\",\"inLanguage\":\"it-IT\",\"@id\":\"http:\\\/\\\/lechappeeclose.it\\\/it\\\/#\\\/schema\\\/logo\\\/image\\\/\",\"url\":\"http:\\\/\\\/lechappeeclose.it\\\/wp-content\\\/uploads\\\/2025\\\/02\\\/cropped-logo-rond.png\",\"contentUrl\":\"http:\\\/\\\/lechappeeclose.it\\\/wp-content\\\/uploads\\\/2025\\\/02\\\/cropped-logo-rond.png\",\"width\":1080,\"height\":1080,\"caption\":\"l&#039;\u00e9chapp\u00e9e close\"},\"image\":{\"@id\":\"http:\\\/\\\/lechappeeclose.it\\\/it\\\/#\\\/schema\\\/logo\\\/image\\\/\"},\"sameAs\":[\"https:\\\/\\\/www.instagram.com\\\/lechappeeclose\\\/\"]}]}<\/script>\n<!-- \/ Yoast SEO plugin. -->","yoast_head_json":{"title":"Jacky - l&#039;\u00e9chapp\u00e9e close","robots":{"index":"index","follow":"follow","max-snippet":"max-snippet:-1","max-image-preview":"max-image-preview:large","max-video-preview":"max-video-preview:-1"},"canonical":"http:\/\/lechappeeclose.it\/it\/boutique\/livres\/litterature\/romans\/jacky\/","og_locale":"it_IT","og_type":"article","og_title":"Jacky - l&#039;\u00e9chapp\u00e9e close","og_description":"\u00ab Mon p\u00e8re a disparu en l&#8217;espace de trois consoles de jeux \u00bb Au tournant des ann\u00e9es 1980 et 1990, Anthony et son fr\u00e8re jumeau grandissent entour\u00e9s d&#8217;une famille paternelle soud\u00e9e, dans une vall\u00e9e enclav\u00e9e de l&#8217;arri\u00e8re-pays ni\u00e7ois. Entre des grands-parents aimants, une cousine atteinte d&#8217;une maladie myst\u00e9rieuse et un jeune oncle plein d&#8217;entrain, ils [&hellip;]","og_url":"http:\/\/lechappeeclose.it\/it\/boutique\/livres\/litterature\/romans\/jacky\/","og_site_name":"l&#039;\u00e9chapp\u00e9e close","article_modified_time":"2026-03-06T14:07:14+00:00","og_image":[{"width":179,"height":282,"url":"http:\/\/lechappeeclose.it\/wp-content\/uploads\/2025\/10\/Jacky.png","type":"image\/png"}],"twitter_card":"summary_large_image","twitter_misc":{"Tempo di lettura stimato":"1 minuto"},"schema":{"@context":"https:\/\/schema.org","@graph":[{"@type":"WebPage","@id":"http:\/\/lechappeeclose.it\/it\/boutique\/livres\/litterature\/romans\/jacky\/","url":"http:\/\/lechappeeclose.it\/it\/boutique\/livres\/litterature\/romans\/jacky\/","name":"Jacky - l&#039;\u00e9chapp\u00e9e close","isPartOf":{"@id":"http:\/\/lechappeeclose.it\/it\/#website"},"primaryImageOfPage":{"@id":"http:\/\/lechappeeclose.it\/it\/boutique\/livres\/litterature\/romans\/jacky\/#primaryimage"},"image":{"@id":"http:\/\/lechappeeclose.it\/it\/boutique\/livres\/litterature\/romans\/jacky\/#primaryimage"},"thumbnailUrl":"http:\/\/lechappeeclose.it\/wp-content\/uploads\/2025\/10\/Jacky.png","datePublished":"2025-10-01T11:11:48+00:00","dateModified":"2026-03-06T14:07:14+00:00","breadcrumb":{"@id":"http:\/\/lechappeeclose.it\/it\/boutique\/livres\/litterature\/romans\/jacky\/#breadcrumb"},"inLanguage":"it-IT","potentialAction":[{"@type":"ReadAction","target":["http:\/\/lechappeeclose.it\/it\/boutique\/livres\/litterature\/romans\/jacky\/"]}]},{"@type":"ImageObject","inLanguage":"it-IT","@id":"http:\/\/lechappeeclose.it\/it\/boutique\/livres\/litterature\/romans\/jacky\/#primaryimage","url":"http:\/\/lechappeeclose.it\/wp-content\/uploads\/2025\/10\/Jacky.png","contentUrl":"http:\/\/lechappeeclose.it\/wp-content\/uploads\/2025\/10\/Jacky.png","width":179,"height":282},{"@type":"BreadcrumbList","@id":"http:\/\/lechappeeclose.it\/it\/boutique\/livres\/litterature\/romans\/jacky\/#breadcrumb","itemListElement":[{"@type":"ListItem","position":1,"name":"Accueil","item":"http:\/\/lechappeeclose.it\/it\/"},{"@type":"ListItem","position":2,"name":"Boutique","item":"http:\/\/lechappeeclose.it\/it\/boutique\/"},{"@type":"ListItem","position":3,"name":"Jacky"}]},{"@type":"WebSite","@id":"http:\/\/lechappeeclose.it\/it\/#website","url":"http:\/\/lechappeeclose.it\/it\/","name":"l&#039;\u00e9chapp\u00e9e close","description":"La libreria francese di Milano","publisher":{"@id":"http:\/\/lechappeeclose.it\/it\/#organization"},"alternateName":"La librairie fran\u00e7aise de Milan","potentialAction":[{"@type":"SearchAction","target":{"@type":"EntryPoint","urlTemplate":"http:\/\/lechappeeclose.it\/it\/?s={search_term_string}"},"query-input":{"@type":"PropertyValueSpecification","valueRequired":true,"valueName":"search_term_string"}}],"inLanguage":"it-IT"},{"@type":"Organization","@id":"http:\/\/lechappeeclose.it\/it\/#organization","name":"l&#039;\u00e9chapp\u00e9e close","url":"http:\/\/lechappeeclose.it\/it\/","logo":{"@type":"ImageObject","inLanguage":"it-IT","@id":"http:\/\/lechappeeclose.it\/it\/#\/schema\/logo\/image\/","url":"http:\/\/lechappeeclose.it\/wp-content\/uploads\/2025\/02\/cropped-logo-rond.png","contentUrl":"http:\/\/lechappeeclose.it\/wp-content\/uploads\/2025\/02\/cropped-logo-rond.png","width":1080,"height":1080,"caption":"l&#039;\u00e9chapp\u00e9e close"},"image":{"@id":"http:\/\/lechappeeclose.it\/it\/#\/schema\/logo\/image\/"},"sameAs":["https:\/\/www.instagram.com\/lechappeeclose\/"]}]}},"_links":{"self":[{"href":"http:\/\/lechappeeclose.it\/it\/wp-json\/wp\/v2\/product\/12228","targetHints":{"allow":["GET"]}}],"collection":[{"href":"http:\/\/lechappeeclose.it\/it\/wp-json\/wp\/v2\/product"}],"about":[{"href":"http:\/\/lechappeeclose.it\/it\/wp-json\/wp\/v2\/types\/product"}],"replies":[{"embeddable":true,"href":"http:\/\/lechappeeclose.it\/it\/wp-json\/wp\/v2\/comments?post=12228"}],"wp:featuredmedia":[{"embeddable":true,"href":"http:\/\/lechappeeclose.it\/it\/wp-json\/wp\/v2\/media\/12227"}],"wp:attachment":[{"href":"http:\/\/lechappeeclose.it\/it\/wp-json\/wp\/v2\/media?parent=12228"}],"wp:term":[{"taxonomy":"product_brand","embeddable":true,"href":"http:\/\/lechappeeclose.it\/it\/wp-json\/wp\/v2\/product_brand?post=12228"},{"taxonomy":"product_cat","embeddable":true,"href":"http:\/\/lechappeeclose.it\/it\/wp-json\/wp\/v2\/product_cat?post=12228"},{"taxonomy":"product_tag","embeddable":true,"href":"http:\/\/lechappeeclose.it\/it\/wp-json\/wp\/v2\/product_tag?post=12228"}],"curies":[{"name":"wp","href":"https:\/\/api.w.org\/{rel}","templated":true}]}}