{"id":12167,"date":"2025-09-24T16:09:23","date_gmt":"2025-09-24T14:09:23","guid":{"rendered":"https:\/\/lechappeeclose.it\/boutique\/non%20class\u00e9\/officier-radio\/"},"modified":"2026-03-06T15:08:00","modified_gmt":"2026-03-06T14:08:00","slug":"officier-radio","status":"publish","type":"product","link":"http:\/\/lechappeeclose.it\/it\/boutique\/livres\/litterature\/romans\/officier-radio\/","title":{"rendered":"Officier radio"},"content":{"rendered":"<p>\u00ab Comment ne pas oublier ? \u00bb, dit le p\u00e8re de Marie, \u00e9voquant la disparition d\u00e9j\u00e0 ancienne de son fr\u00e8re marin. Parce qu&#8217;elle r\u00e9v\u00e8le l&#8217;inverse de ce qu&#8217;elle croit dire \u2013 la perte inoubliable \u2013, la question \u00e9veille le trouble et la curiosit\u00e9 de la narratrice. \u00c0 propos du naufrage et de la mort de cet oncle Charlot qu&#8217;elle n&#8217;a pas connu, elle a toujours entendu : \u00ab On ne saura jamais. \u00bb C&#8217;est que le myst\u00e8re reste entier sur les circonstances de l&#8217;accident de l&#8217;Emmanuel Delmas en 1979 au large des c\u00f4tes italiennes : la brume, une collision avec un autre navire, tr\u00e8s peu de survivants, plusieurs versions divergentes. L&#8217;\u00e9nigme et le drame, l&#8217;\u00e9motion de son cousin Lo\u00efc dans la lumi\u00e8re dor\u00e9e d&#8217;un soir d&#8217;ao\u00fbt, il n&#8217;en faut pas davantage \u00e0 Marie pour partir sur les traces de Charles Richeux, officier radio du navire. Compilant les articles parus \u00e0 l&#8217;\u00e9poque, lisant avec avidit\u00e9 les dossiers d&#8217;archives, les correspondances, les t\u00e9l\u00e9grammes diplomatiques, conversant avec d&#8217;anciens capitaines et des veuves de marins, elle nous entra\u00eene dans une passionnante reconstitution de la trag\u00e9die. comme questionnement. Interpr\u00e9tation humaine<\/p>","protected":false},"excerpt":{"rendered":"<p>\u00ab Comment ne pas oublier ? \u00bb, dit le p\u00e8re de Marie, \u00e9voquant la disparition d\u00e9j\u00e0 ancienne de son fr\u00e8re marin. Parce qu&#8217;elle r\u00e9v\u00e8le l&#8217;inverse de ce qu&#8217;elle croit dire \u2013 la perte inoubliable \u2013, la question \u00e9veille le trouble et la curiosit\u00e9 de la narratrice. \u00c0 propos du naufrage et de la mort de [&hellip;]<\/p>","protected":false},"featured_media":12166,"comment_status":"open","ping_status":"closed","template":"","meta":[],"product_brand":[],"product_cat":[46],"product_tag":[],"class_list":{"0":"post-12167","1":"product","2":"type-product","3":"status-publish","4":"has-post-thumbnail","6":"product_cat-romans","8":"first","9":"instock","10":"taxable","11":"shipping-taxable","12":"purchasable","13":"product-type-simple"},"yoast_head":"<!-- This site is optimized with the Yoast SEO plugin v27.3 - https:\/\/yoast.com\/product\/yoast-seo-wordpress\/ -->\n<title>Officier radio - l&#039;\u00e9chapp\u00e9e close<\/title>\n<meta name=\"robots\" content=\"index, follow, max-snippet:-1, max-image-preview:large, max-video-preview:-1\" \/>\n<link rel=\"canonical\" href=\"http:\/\/lechappeeclose.it\/it\/boutique\/livres\/litterature\/romans\/officier-radio\/\" \/>\n<meta property=\"og:locale\" content=\"it_IT\" \/>\n<meta property=\"og:type\" content=\"article\" \/>\n<meta property=\"og:title\" content=\"Officier radio - l&#039;\u00e9chapp\u00e9e close\" \/>\n<meta property=\"og:description\" content=\"\u00ab Comment ne pas oublier ? \u00bb, dit le p\u00e8re de Marie, \u00e9voquant la disparition d\u00e9j\u00e0 ancienne de son fr\u00e8re marin. Parce qu&#8217;elle r\u00e9v\u00e8le l&#8217;inverse de ce qu&#8217;elle croit dire \u2013 la perte inoubliable \u2013, la question \u00e9veille le trouble et la curiosit\u00e9 de la narratrice. \u00c0 propos du naufrage et de la mort de [&hellip;]\" \/>\n<meta property=\"og:url\" content=\"http:\/\/lechappeeclose.it\/it\/boutique\/livres\/litterature\/romans\/officier-radio\/\" \/>\n<meta property=\"og:site_name\" content=\"l&#039;\u00e9chapp\u00e9e close\" \/>\n<meta property=\"article:modified_time\" content=\"2026-03-06T14:08:00+00:00\" \/>\n<meta property=\"og:image\" content=\"http:\/\/lechappeeclose.it\/wp-content\/uploads\/2025\/09\/Officier-radio.jpeg\" \/>\n\t<meta property=\"og:image:width\" content=\"383\" \/>\n\t<meta property=\"og:image:height\" content=\"500\" \/>\n\t<meta property=\"og:image:type\" content=\"image\/jpeg\" \/>\n<meta name=\"twitter:card\" content=\"summary_large_image\" \/>\n<meta name=\"twitter:label1\" content=\"Tempo di lettura stimato\" \/>\n\t<meta name=\"twitter:data1\" content=\"1 minuto\" \/>\n<script type=\"application\/ld+json\" class=\"yoast-schema-graph\">{\"@context\":\"https:\\\/\\\/schema.org\",\"@graph\":[{\"@type\":\"WebPage\",\"@id\":\"http:\\\/\\\/lechappeeclose.it\\\/boutique\\\/livres\\\/litterature\\\/romans\\\/officier-radio\\\/\",\"url\":\"http:\\\/\\\/lechappeeclose.it\\\/boutique\\\/livres\\\/litterature\\\/romans\\\/officier-radio\\\/\",\"name\":\"Officier radio - l&#039;\u00e9chapp\u00e9e close\",\"isPartOf\":{\"@id\":\"https:\\\/\\\/lechappeeclose.it\\\/it\\\/#website\"},\"primaryImageOfPage\":{\"@id\":\"http:\\\/\\\/lechappeeclose.it\\\/boutique\\\/livres\\\/litterature\\\/romans\\\/officier-radio\\\/#primaryimage\"},\"image\":{\"@id\":\"http:\\\/\\\/lechappeeclose.it\\\/boutique\\\/livres\\\/litterature\\\/romans\\\/officier-radio\\\/#primaryimage\"},\"thumbnailUrl\":\"http:\\\/\\\/lechappeeclose.it\\\/wp-content\\\/uploads\\\/2025\\\/09\\\/Officier-radio.jpeg\",\"datePublished\":\"2025-09-24T14:09:23+00:00\",\"dateModified\":\"2026-03-06T14:08:00+00:00\",\"breadcrumb\":{\"@id\":\"http:\\\/\\\/lechappeeclose.it\\\/boutique\\\/livres\\\/litterature\\\/romans\\\/officier-radio\\\/#breadcrumb\"},\"inLanguage\":\"it-IT\",\"potentialAction\":[{\"@type\":\"ReadAction\",\"target\":[\"http:\\\/\\\/lechappeeclose.it\\\/boutique\\\/livres\\\/litterature\\\/romans\\\/officier-radio\\\/\"]}]},{\"@type\":\"ImageObject\",\"inLanguage\":\"it-IT\",\"@id\":\"http:\\\/\\\/lechappeeclose.it\\\/boutique\\\/livres\\\/litterature\\\/romans\\\/officier-radio\\\/#primaryimage\",\"url\":\"http:\\\/\\\/lechappeeclose.it\\\/wp-content\\\/uploads\\\/2025\\\/09\\\/Officier-radio.jpeg\",\"contentUrl\":\"http:\\\/\\\/lechappeeclose.it\\\/wp-content\\\/uploads\\\/2025\\\/09\\\/Officier-radio.jpeg\",\"width\":383,\"height\":500},{\"@type\":\"BreadcrumbList\",\"@id\":\"http:\\\/\\\/lechappeeclose.it\\\/boutique\\\/livres\\\/litterature\\\/romans\\\/officier-radio\\\/#breadcrumb\",\"itemListElement\":[{\"@type\":\"ListItem\",\"position\":1,\"name\":\"Accueil\",\"item\":\"https:\\\/\\\/lechappeeclose.it\\\/it\\\/\"},{\"@type\":\"ListItem\",\"position\":2,\"name\":\"Boutique\",\"item\":\"https:\\\/\\\/lechappeeclose.it\\\/it\\\/boutique\\\/\"},{\"@type\":\"ListItem\",\"position\":3,\"name\":\"Officier radio\"}]},{\"@type\":\"WebSite\",\"@id\":\"https:\\\/\\\/lechappeeclose.it\\\/it\\\/#website\",\"url\":\"https:\\\/\\\/lechappeeclose.it\\\/it\\\/\",\"name\":\"l&#039;\u00e9chapp\u00e9e close\",\"description\":\"la librairie fran\u00e7aise de Milan\",\"publisher\":{\"@id\":\"https:\\\/\\\/lechappeeclose.it\\\/it\\\/#organization\"},\"alternateName\":\"La librairie fran\u00e7aise de Milan\",\"potentialAction\":[{\"@type\":\"SearchAction\",\"target\":{\"@type\":\"EntryPoint\",\"urlTemplate\":\"https:\\\/\\\/lechappeeclose.it\\\/it\\\/?s={search_term_string}\"},\"query-input\":{\"@type\":\"PropertyValueSpecification\",\"valueRequired\":true,\"valueName\":\"search_term_string\"}}],\"inLanguage\":\"it-IT\"},{\"@type\":\"Organization\",\"@id\":\"https:\\\/\\\/lechappeeclose.it\\\/it\\\/#organization\",\"name\":\"l&#039;\u00e9chapp\u00e9e close\",\"url\":\"https:\\\/\\\/lechappeeclose.it\\\/it\\\/\",\"logo\":{\"@type\":\"ImageObject\",\"inLanguage\":\"it-IT\",\"@id\":\"https:\\\/\\\/lechappeeclose.it\\\/it\\\/#\\\/schema\\\/logo\\\/image\\\/\",\"url\":\"http:\\\/\\\/lechappeeclose.it\\\/wp-content\\\/uploads\\\/2025\\\/02\\\/cropped-logo-rond.png\",\"contentUrl\":\"http:\\\/\\\/lechappeeclose.it\\\/wp-content\\\/uploads\\\/2025\\\/02\\\/cropped-logo-rond.png\",\"width\":1080,\"height\":1080,\"caption\":\"l&#039;\u00e9chapp\u00e9e close\"},\"image\":{\"@id\":\"https:\\\/\\\/lechappeeclose.it\\\/it\\\/#\\\/schema\\\/logo\\\/image\\\/\"},\"sameAs\":[\"https:\\\/\\\/www.instagram.com\\\/lechappeeclose\\\/\"]}]}<\/script>\n<!-- \/ Yoast SEO plugin. -->","yoast_head_json":{"title":"Officier radio - l&#039;\u00e9chapp\u00e9e close","robots":{"index":"index","follow":"follow","max-snippet":"max-snippet:-1","max-image-preview":"max-image-preview:large","max-video-preview":"max-video-preview:-1"},"canonical":"http:\/\/lechappeeclose.it\/it\/boutique\/livres\/litterature\/romans\/officier-radio\/","og_locale":"it_IT","og_type":"article","og_title":"Officier radio - l&#039;\u00e9chapp\u00e9e close","og_description":"\u00ab Comment ne pas oublier ? \u00bb, dit le p\u00e8re de Marie, \u00e9voquant la disparition d\u00e9j\u00e0 ancienne de son fr\u00e8re marin. Parce qu&#8217;elle r\u00e9v\u00e8le l&#8217;inverse de ce qu&#8217;elle croit dire \u2013 la perte inoubliable \u2013, la question \u00e9veille le trouble et la curiosit\u00e9 de la narratrice. \u00c0 propos du naufrage et de la mort de [&hellip;]","og_url":"http:\/\/lechappeeclose.it\/it\/boutique\/livres\/litterature\/romans\/officier-radio\/","og_site_name":"l&#039;\u00e9chapp\u00e9e close","article_modified_time":"2026-03-06T14:08:00+00:00","og_image":[{"width":383,"height":500,"url":"http:\/\/lechappeeclose.it\/wp-content\/uploads\/2025\/09\/Officier-radio.jpeg","type":"image\/jpeg"}],"twitter_card":"summary_large_image","twitter_misc":{"Tempo di lettura stimato":"1 minuto"},"schema":{"@context":"https:\/\/schema.org","@graph":[{"@type":"WebPage","@id":"http:\/\/lechappeeclose.it\/boutique\/livres\/litterature\/romans\/officier-radio\/","url":"http:\/\/lechappeeclose.it\/boutique\/livres\/litterature\/romans\/officier-radio\/","name":"Officier radio - l&#039;\u00e9chapp\u00e9e close","isPartOf":{"@id":"https:\/\/lechappeeclose.it\/it\/#website"},"primaryImageOfPage":{"@id":"http:\/\/lechappeeclose.it\/boutique\/livres\/litterature\/romans\/officier-radio\/#primaryimage"},"image":{"@id":"http:\/\/lechappeeclose.it\/boutique\/livres\/litterature\/romans\/officier-radio\/#primaryimage"},"thumbnailUrl":"http:\/\/lechappeeclose.it\/wp-content\/uploads\/2025\/09\/Officier-radio.jpeg","datePublished":"2025-09-24T14:09:23+00:00","dateModified":"2026-03-06T14:08:00+00:00","breadcrumb":{"@id":"http:\/\/lechappeeclose.it\/boutique\/livres\/litterature\/romans\/officier-radio\/#breadcrumb"},"inLanguage":"it-IT","potentialAction":[{"@type":"ReadAction","target":["http:\/\/lechappeeclose.it\/boutique\/livres\/litterature\/romans\/officier-radio\/"]}]},{"@type":"ImageObject","inLanguage":"it-IT","@id":"http:\/\/lechappeeclose.it\/boutique\/livres\/litterature\/romans\/officier-radio\/#primaryimage","url":"http:\/\/lechappeeclose.it\/wp-content\/uploads\/2025\/09\/Officier-radio.jpeg","contentUrl":"http:\/\/lechappeeclose.it\/wp-content\/uploads\/2025\/09\/Officier-radio.jpeg","width":383,"height":500},{"@type":"BreadcrumbList","@id":"http:\/\/lechappeeclose.it\/boutique\/livres\/litterature\/romans\/officier-radio\/#breadcrumb","itemListElement":[{"@type":"ListItem","position":1,"name":"Accueil","item":"https:\/\/lechappeeclose.it\/it\/"},{"@type":"ListItem","position":2,"name":"Boutique","item":"https:\/\/lechappeeclose.it\/it\/boutique\/"},{"@type":"ListItem","position":3,"name":"Officier radio"}]},{"@type":"WebSite","@id":"https:\/\/lechappeeclose.it\/it\/#website","url":"https:\/\/lechappeeclose.it\/it\/","name":"l&#039;\u00e9chapp\u00e9e close","description":"La libreria francese di Milano","publisher":{"@id":"https:\/\/lechappeeclose.it\/it\/#organization"},"alternateName":"La librairie fran\u00e7aise de Milan","potentialAction":[{"@type":"SearchAction","target":{"@type":"EntryPoint","urlTemplate":"https:\/\/lechappeeclose.it\/it\/?s={search_term_string}"},"query-input":{"@type":"PropertyValueSpecification","valueRequired":true,"valueName":"search_term_string"}}],"inLanguage":"it-IT"},{"@type":"Organization","@id":"https:\/\/lechappeeclose.it\/it\/#organization","name":"l&#039;\u00e9chapp\u00e9e close","url":"https:\/\/lechappeeclose.it\/it\/","logo":{"@type":"ImageObject","inLanguage":"it-IT","@id":"https:\/\/lechappeeclose.it\/it\/#\/schema\/logo\/image\/","url":"http:\/\/lechappeeclose.it\/wp-content\/uploads\/2025\/02\/cropped-logo-rond.png","contentUrl":"http:\/\/lechappeeclose.it\/wp-content\/uploads\/2025\/02\/cropped-logo-rond.png","width":1080,"height":1080,"caption":"l&#039;\u00e9chapp\u00e9e close"},"image":{"@id":"https:\/\/lechappeeclose.it\/it\/#\/schema\/logo\/image\/"},"sameAs":["https:\/\/www.instagram.com\/lechappeeclose\/"]}]}},"_links":{"self":[{"href":"http:\/\/lechappeeclose.it\/it\/wp-json\/wp\/v2\/product\/12167","targetHints":{"allow":["GET"]}}],"collection":[{"href":"http:\/\/lechappeeclose.it\/it\/wp-json\/wp\/v2\/product"}],"about":[{"href":"http:\/\/lechappeeclose.it\/it\/wp-json\/wp\/v2\/types\/product"}],"replies":[{"embeddable":true,"href":"http:\/\/lechappeeclose.it\/it\/wp-json\/wp\/v2\/comments?post=12167"}],"wp:featuredmedia":[{"embeddable":true,"href":"http:\/\/lechappeeclose.it\/it\/wp-json\/wp\/v2\/media\/12166"}],"wp:attachment":[{"href":"http:\/\/lechappeeclose.it\/it\/wp-json\/wp\/v2\/media?parent=12167"}],"wp:term":[{"taxonomy":"product_brand","embeddable":true,"href":"http:\/\/lechappeeclose.it\/it\/wp-json\/wp\/v2\/product_brand?post=12167"},{"taxonomy":"product_cat","embeddable":true,"href":"http:\/\/lechappeeclose.it\/it\/wp-json\/wp\/v2\/product_cat?post=12167"},{"taxonomy":"product_tag","embeddable":true,"href":"http:\/\/lechappeeclose.it\/it\/wp-json\/wp\/v2\/product_tag?post=12167"}],"curies":[{"name":"wp","href":"https:\/\/api.w.org\/{rel}","templated":true}]}}