{"id":12144,"date":"2025-09-19T19:13:12","date_gmt":"2025-09-19T17:13:12","guid":{"rendered":"https:\/\/lechappeeclose.it\/boutique\/non%20class\u00e9\/ou-sadosse-le-ciel\/"},"modified":"2026-03-06T15:08:19","modified_gmt":"2026-03-06T14:08:19","slug":"ou-sadosse-le-ciel","status":"publish","type":"product","link":"http:\/\/lechappeeclose.it\/it\/boutique\/livres\/litterature\/romans\/ou-sadosse-le-ciel\/","title":{"rendered":"O\u00f9 s&#8217;adosse le ciel"},"content":{"rendered":"<p>&#8220;\u00c0 la fin du XIXe si\u00e8cle, Bilal Seck ach\u00e8ve un p\u00e8lerinage \u00e0 La Mecque et s&#8217;appr\u00eate \u00e0 rentrer \u00e0 Saint-Louis du S\u00e9n\u00e9gal. Une \u00e9pid\u00e9mie de chol\u00e9ra d\u00e9cime alors la r\u00e9gion, mais Bilal en r\u00e9chappe, sous le regard incr\u00e9dule d&#8217;un m\u00e9decin fran\u00e7ais qui cherche \u00e0 percer les secrets de son immunit\u00e9. En pure perte. D\u00e9j\u00e0, Bilal est ailleurs, port\u00e9 par une autre histoire, celle qu&#8217;il ne cesse de psalmodier, un mythe immense, demeur\u00e9 intact en lui, transmis par la grande cha\u00eene de la parole qui le relie \u00e0 ses anc\u00eatres. Une odyss\u00e9e qui fut celle du peuple \u00e9gyptien, alors sous le joug des Ptol\u00e9m\u00e9es, conduite par Ounifer, grand pr\u00eatre d&#8217;Osiris qui caressait le r\u00eave de rendre leur libert\u00e9 aux siens, les menant vers l&#8217;ouest \u00e0 travers les d\u00e9serts, jusqu&#8217;\u00e0 une terre promise, un bel horizon, l\u00e0 o\u00f9 s&#8217;adosse le ciel&#8230; Ce chemin, Bilal l&#8217;emprunte \u00e0 son tour, vers son pays natal, en passant par Djenn\u00e9, la cit\u00e9 rouge, o\u00f9 vint buter un temps le voyage d&#8217;Ounifer et de son peuple. De l&#8217;\u00c9gypte ancienne au S\u00e9n\u00e9gal, David Diop signe un roman magistral sur un homme parti \u00e0 la reconqu\u00eate de ses origines et des sources imm\u00e9moriales de sa parole.<\/p>","protected":false},"excerpt":{"rendered":"<p>&#8220;\u00c0 la fin du XIXe si\u00e8cle, Bilal Seck ach\u00e8ve un p\u00e8lerinage \u00e0 La Mecque et s&#8217;appr\u00eate \u00e0 rentrer \u00e0 Saint-Louis du S\u00e9n\u00e9gal. Une \u00e9pid\u00e9mie de chol\u00e9ra d\u00e9cime alors la r\u00e9gion, mais Bilal en r\u00e9chappe, sous le regard incr\u00e9dule d&#8217;un m\u00e9decin fran\u00e7ais qui cherche \u00e0 percer les secrets de son immunit\u00e9. En pure perte. D\u00e9j\u00e0, Bilal [&hellip;]<\/p>","protected":false},"featured_media":12143,"comment_status":"open","ping_status":"closed","template":"","meta":[],"product_brand":[],"product_cat":[46],"product_tag":[],"class_list":{"0":"post-12144","1":"product","2":"type-product","3":"status-publish","4":"has-post-thumbnail","6":"product_cat-romans","8":"first","9":"instock","10":"taxable","11":"shipping-taxable","12":"purchasable","13":"product-type-simple"},"yoast_head":"<!-- This site is optimized with the Yoast SEO plugin v27.3 - https:\/\/yoast.com\/product\/yoast-seo-wordpress\/ -->\n<title>O\u00f9 s&#039;adosse le ciel - l&#039;\u00e9chapp\u00e9e close<\/title>\n<meta name=\"robots\" content=\"index, follow, max-snippet:-1, max-image-preview:large, max-video-preview:-1\" \/>\n<link rel=\"canonical\" href=\"http:\/\/lechappeeclose.it\/it\/boutique\/livres\/litterature\/romans\/ou-sadosse-le-ciel\/\" \/>\n<meta property=\"og:locale\" content=\"it_IT\" \/>\n<meta property=\"og:type\" content=\"article\" \/>\n<meta property=\"og:title\" content=\"O\u00f9 s&#039;adosse le ciel - l&#039;\u00e9chapp\u00e9e close\" \/>\n<meta property=\"og:description\" content=\"&#8220;\u00c0 la fin du XIXe si\u00e8cle, Bilal Seck ach\u00e8ve un p\u00e8lerinage \u00e0 La Mecque et s&#8217;appr\u00eate \u00e0 rentrer \u00e0 Saint-Louis du S\u00e9n\u00e9gal. Une \u00e9pid\u00e9mie de chol\u00e9ra d\u00e9cime alors la r\u00e9gion, mais Bilal en r\u00e9chappe, sous le regard incr\u00e9dule d&#8217;un m\u00e9decin fran\u00e7ais qui cherche \u00e0 percer les secrets de son immunit\u00e9. En pure perte. D\u00e9j\u00e0, Bilal [&hellip;]\" \/>\n<meta property=\"og:url\" content=\"http:\/\/lechappeeclose.it\/it\/boutique\/livres\/litterature\/romans\/ou-sadosse-le-ciel\/\" \/>\n<meta property=\"og:site_name\" content=\"l&#039;\u00e9chapp\u00e9e close\" \/>\n<meta property=\"article:modified_time\" content=\"2026-03-06T14:08:19+00:00\" \/>\n<meta property=\"og:image\" content=\"http:\/\/lechappeeclose.it\/wp-content\/uploads\/2025\/09\/Ou-sadosse-le-ciel.jpeg\" \/>\n\t<meta property=\"og:image:width\" content=\"400\" \/>\n\t<meta property=\"og:image:height\" content=\"586\" \/>\n\t<meta property=\"og:image:type\" content=\"image\/jpeg\" \/>\n<meta name=\"twitter:card\" content=\"summary_large_image\" \/>\n<meta name=\"twitter:label1\" content=\"Tempo di lettura stimato\" \/>\n\t<meta name=\"twitter:data1\" content=\"1 minuto\" \/>\n<script type=\"application\/ld+json\" class=\"yoast-schema-graph\">{\"@context\":\"https:\\\/\\\/schema.org\",\"@graph\":[{\"@type\":\"WebPage\",\"@id\":\"http:\\\/\\\/lechappeeclose.it\\\/it\\\/boutique\\\/livres\\\/litterature\\\/romans\\\/ou-sadosse-le-ciel\\\/\",\"url\":\"http:\\\/\\\/lechappeeclose.it\\\/it\\\/boutique\\\/livres\\\/litterature\\\/romans\\\/ou-sadosse-le-ciel\\\/\",\"name\":\"O\u00f9 s'adosse le ciel - l&#039;\u00e9chapp\u00e9e close\",\"isPartOf\":{\"@id\":\"https:\\\/\\\/lechappeeclose.it\\\/it\\\/#website\"},\"primaryImageOfPage\":{\"@id\":\"http:\\\/\\\/lechappeeclose.it\\\/it\\\/boutique\\\/livres\\\/litterature\\\/romans\\\/ou-sadosse-le-ciel\\\/#primaryimage\"},\"image\":{\"@id\":\"http:\\\/\\\/lechappeeclose.it\\\/it\\\/boutique\\\/livres\\\/litterature\\\/romans\\\/ou-sadosse-le-ciel\\\/#primaryimage\"},\"thumbnailUrl\":\"http:\\\/\\\/lechappeeclose.it\\\/wp-content\\\/uploads\\\/2025\\\/09\\\/Ou-sadosse-le-ciel.jpeg\",\"datePublished\":\"2025-09-19T17:13:12+00:00\",\"dateModified\":\"2026-03-06T14:08:19+00:00\",\"breadcrumb\":{\"@id\":\"http:\\\/\\\/lechappeeclose.it\\\/it\\\/boutique\\\/livres\\\/litterature\\\/romans\\\/ou-sadosse-le-ciel\\\/#breadcrumb\"},\"inLanguage\":\"it-IT\",\"potentialAction\":[{\"@type\":\"ReadAction\",\"target\":[\"http:\\\/\\\/lechappeeclose.it\\\/it\\\/boutique\\\/livres\\\/litterature\\\/romans\\\/ou-sadosse-le-ciel\\\/\"]}]},{\"@type\":\"ImageObject\",\"inLanguage\":\"it-IT\",\"@id\":\"http:\\\/\\\/lechappeeclose.it\\\/it\\\/boutique\\\/livres\\\/litterature\\\/romans\\\/ou-sadosse-le-ciel\\\/#primaryimage\",\"url\":\"http:\\\/\\\/lechappeeclose.it\\\/wp-content\\\/uploads\\\/2025\\\/09\\\/Ou-sadosse-le-ciel.jpeg\",\"contentUrl\":\"http:\\\/\\\/lechappeeclose.it\\\/wp-content\\\/uploads\\\/2025\\\/09\\\/Ou-sadosse-le-ciel.jpeg\",\"width\":400,\"height\":586},{\"@type\":\"BreadcrumbList\",\"@id\":\"http:\\\/\\\/lechappeeclose.it\\\/it\\\/boutique\\\/livres\\\/litterature\\\/romans\\\/ou-sadosse-le-ciel\\\/#breadcrumb\",\"itemListElement\":[{\"@type\":\"ListItem\",\"position\":1,\"name\":\"Accueil\",\"item\":\"https:\\\/\\\/lechappeeclose.it\\\/it\\\/\"},{\"@type\":\"ListItem\",\"position\":2,\"name\":\"Boutique\",\"item\":\"https:\\\/\\\/lechappeeclose.it\\\/it\\\/boutique\\\/\"},{\"@type\":\"ListItem\",\"position\":3,\"name\":\"O\u00f9 s&#8217;adosse le ciel\"}]},{\"@type\":\"WebSite\",\"@id\":\"https:\\\/\\\/lechappeeclose.it\\\/it\\\/#website\",\"url\":\"https:\\\/\\\/lechappeeclose.it\\\/it\\\/\",\"name\":\"l&#039;\u00e9chapp\u00e9e close\",\"description\":\"la librairie fran\u00e7aise de Milan\",\"publisher\":{\"@id\":\"https:\\\/\\\/lechappeeclose.it\\\/it\\\/#organization\"},\"alternateName\":\"La librairie fran\u00e7aise de Milan\",\"potentialAction\":[{\"@type\":\"SearchAction\",\"target\":{\"@type\":\"EntryPoint\",\"urlTemplate\":\"https:\\\/\\\/lechappeeclose.it\\\/it\\\/?s={search_term_string}\"},\"query-input\":{\"@type\":\"PropertyValueSpecification\",\"valueRequired\":true,\"valueName\":\"search_term_string\"}}],\"inLanguage\":\"it-IT\"},{\"@type\":\"Organization\",\"@id\":\"https:\\\/\\\/lechappeeclose.it\\\/it\\\/#organization\",\"name\":\"l&#039;\u00e9chapp\u00e9e close\",\"url\":\"https:\\\/\\\/lechappeeclose.it\\\/it\\\/\",\"logo\":{\"@type\":\"ImageObject\",\"inLanguage\":\"it-IT\",\"@id\":\"https:\\\/\\\/lechappeeclose.it\\\/it\\\/#\\\/schema\\\/logo\\\/image\\\/\",\"url\":\"http:\\\/\\\/lechappeeclose.it\\\/wp-content\\\/uploads\\\/2025\\\/02\\\/cropped-logo-rond.png\",\"contentUrl\":\"http:\\\/\\\/lechappeeclose.it\\\/wp-content\\\/uploads\\\/2025\\\/02\\\/cropped-logo-rond.png\",\"width\":1080,\"height\":1080,\"caption\":\"l&#039;\u00e9chapp\u00e9e close\"},\"image\":{\"@id\":\"https:\\\/\\\/lechappeeclose.it\\\/it\\\/#\\\/schema\\\/logo\\\/image\\\/\"},\"sameAs\":[\"https:\\\/\\\/www.instagram.com\\\/lechappeeclose\\\/\"]}]}<\/script>\n<!-- \/ Yoast SEO plugin. -->","yoast_head_json":{"title":"O\u00f9 s'adosse le ciel - l&#039;\u00e9chapp\u00e9e close","robots":{"index":"index","follow":"follow","max-snippet":"max-snippet:-1","max-image-preview":"max-image-preview:large","max-video-preview":"max-video-preview:-1"},"canonical":"http:\/\/lechappeeclose.it\/it\/boutique\/livres\/litterature\/romans\/ou-sadosse-le-ciel\/","og_locale":"it_IT","og_type":"article","og_title":"O\u00f9 s'adosse le ciel - l&#039;\u00e9chapp\u00e9e close","og_description":"&#8220;\u00c0 la fin du XIXe si\u00e8cle, Bilal Seck ach\u00e8ve un p\u00e8lerinage \u00e0 La Mecque et s&#8217;appr\u00eate \u00e0 rentrer \u00e0 Saint-Louis du S\u00e9n\u00e9gal. Une \u00e9pid\u00e9mie de chol\u00e9ra d\u00e9cime alors la r\u00e9gion, mais Bilal en r\u00e9chappe, sous le regard incr\u00e9dule d&#8217;un m\u00e9decin fran\u00e7ais qui cherche \u00e0 percer les secrets de son immunit\u00e9. En pure perte. D\u00e9j\u00e0, Bilal [&hellip;]","og_url":"http:\/\/lechappeeclose.it\/it\/boutique\/livres\/litterature\/romans\/ou-sadosse-le-ciel\/","og_site_name":"l&#039;\u00e9chapp\u00e9e close","article_modified_time":"2026-03-06T14:08:19+00:00","og_image":[{"width":400,"height":586,"url":"http:\/\/lechappeeclose.it\/wp-content\/uploads\/2025\/09\/Ou-sadosse-le-ciel.jpeg","type":"image\/jpeg"}],"twitter_card":"summary_large_image","twitter_misc":{"Tempo di lettura stimato":"1 minuto"},"schema":{"@context":"https:\/\/schema.org","@graph":[{"@type":"WebPage","@id":"http:\/\/lechappeeclose.it\/it\/boutique\/livres\/litterature\/romans\/ou-sadosse-le-ciel\/","url":"http:\/\/lechappeeclose.it\/it\/boutique\/livres\/litterature\/romans\/ou-sadosse-le-ciel\/","name":"O\u00f9 s'adosse le ciel - l&#039;\u00e9chapp\u00e9e close","isPartOf":{"@id":"https:\/\/lechappeeclose.it\/it\/#website"},"primaryImageOfPage":{"@id":"http:\/\/lechappeeclose.it\/it\/boutique\/livres\/litterature\/romans\/ou-sadosse-le-ciel\/#primaryimage"},"image":{"@id":"http:\/\/lechappeeclose.it\/it\/boutique\/livres\/litterature\/romans\/ou-sadosse-le-ciel\/#primaryimage"},"thumbnailUrl":"http:\/\/lechappeeclose.it\/wp-content\/uploads\/2025\/09\/Ou-sadosse-le-ciel.jpeg","datePublished":"2025-09-19T17:13:12+00:00","dateModified":"2026-03-06T14:08:19+00:00","breadcrumb":{"@id":"http:\/\/lechappeeclose.it\/it\/boutique\/livres\/litterature\/romans\/ou-sadosse-le-ciel\/#breadcrumb"},"inLanguage":"it-IT","potentialAction":[{"@type":"ReadAction","target":["http:\/\/lechappeeclose.it\/it\/boutique\/livres\/litterature\/romans\/ou-sadosse-le-ciel\/"]}]},{"@type":"ImageObject","inLanguage":"it-IT","@id":"http:\/\/lechappeeclose.it\/it\/boutique\/livres\/litterature\/romans\/ou-sadosse-le-ciel\/#primaryimage","url":"http:\/\/lechappeeclose.it\/wp-content\/uploads\/2025\/09\/Ou-sadosse-le-ciel.jpeg","contentUrl":"http:\/\/lechappeeclose.it\/wp-content\/uploads\/2025\/09\/Ou-sadosse-le-ciel.jpeg","width":400,"height":586},{"@type":"BreadcrumbList","@id":"http:\/\/lechappeeclose.it\/it\/boutique\/livres\/litterature\/romans\/ou-sadosse-le-ciel\/#breadcrumb","itemListElement":[{"@type":"ListItem","position":1,"name":"Accueil","item":"https:\/\/lechappeeclose.it\/it\/"},{"@type":"ListItem","position":2,"name":"Boutique","item":"https:\/\/lechappeeclose.it\/it\/boutique\/"},{"@type":"ListItem","position":3,"name":"O\u00f9 s&#8217;adosse le ciel"}]},{"@type":"WebSite","@id":"https:\/\/lechappeeclose.it\/it\/#website","url":"https:\/\/lechappeeclose.it\/it\/","name":"l&#039;\u00e9chapp\u00e9e close","description":"La libreria francese di Milano","publisher":{"@id":"https:\/\/lechappeeclose.it\/it\/#organization"},"alternateName":"La librairie fran\u00e7aise de Milan","potentialAction":[{"@type":"SearchAction","target":{"@type":"EntryPoint","urlTemplate":"https:\/\/lechappeeclose.it\/it\/?s={search_term_string}"},"query-input":{"@type":"PropertyValueSpecification","valueRequired":true,"valueName":"search_term_string"}}],"inLanguage":"it-IT"},{"@type":"Organization","@id":"https:\/\/lechappeeclose.it\/it\/#organization","name":"l&#039;\u00e9chapp\u00e9e close","url":"https:\/\/lechappeeclose.it\/it\/","logo":{"@type":"ImageObject","inLanguage":"it-IT","@id":"https:\/\/lechappeeclose.it\/it\/#\/schema\/logo\/image\/","url":"http:\/\/lechappeeclose.it\/wp-content\/uploads\/2025\/02\/cropped-logo-rond.png","contentUrl":"http:\/\/lechappeeclose.it\/wp-content\/uploads\/2025\/02\/cropped-logo-rond.png","width":1080,"height":1080,"caption":"l&#039;\u00e9chapp\u00e9e close"},"image":{"@id":"https:\/\/lechappeeclose.it\/it\/#\/schema\/logo\/image\/"},"sameAs":["https:\/\/www.instagram.com\/lechappeeclose\/"]}]}},"_links":{"self":[{"href":"http:\/\/lechappeeclose.it\/it\/wp-json\/wp\/v2\/product\/12144","targetHints":{"allow":["GET"]}}],"collection":[{"href":"http:\/\/lechappeeclose.it\/it\/wp-json\/wp\/v2\/product"}],"about":[{"href":"http:\/\/lechappeeclose.it\/it\/wp-json\/wp\/v2\/types\/product"}],"replies":[{"embeddable":true,"href":"http:\/\/lechappeeclose.it\/it\/wp-json\/wp\/v2\/comments?post=12144"}],"wp:featuredmedia":[{"embeddable":true,"href":"http:\/\/lechappeeclose.it\/it\/wp-json\/wp\/v2\/media\/12143"}],"wp:attachment":[{"href":"http:\/\/lechappeeclose.it\/it\/wp-json\/wp\/v2\/media?parent=12144"}],"wp:term":[{"taxonomy":"product_brand","embeddable":true,"href":"http:\/\/lechappeeclose.it\/it\/wp-json\/wp\/v2\/product_brand?post=12144"},{"taxonomy":"product_cat","embeddable":true,"href":"http:\/\/lechappeeclose.it\/it\/wp-json\/wp\/v2\/product_cat?post=12144"},{"taxonomy":"product_tag","embeddable":true,"href":"http:\/\/lechappeeclose.it\/it\/wp-json\/wp\/v2\/product_tag?post=12144"}],"curies":[{"name":"wp","href":"https:\/\/api.w.org\/{rel}","templated":true}]}}