{"id":12127,"date":"2025-09-18T14:03:06","date_gmt":"2025-09-18T12:03:06","guid":{"rendered":"https:\/\/lechappeeclose.it\/?post_type=product&#038;p=12127"},"modified":"2025-09-18T14:03:49","modified_gmt":"2025-09-18T12:03:49","slug":"syrah-rose-scene-n-8","status":"publish","type":"product","link":"http:\/\/lechappeeclose.it\/it\/boutique\/vins\/occitanie\/syrah-rose-scene-n-8\/","title":{"rendered":"Syrah ros\u00e9 sc\u00e8ne n.8"},"content":{"rendered":"<p>Vin biodynamique. Ce vin ros\u00e9 est l&#8217;accompagnement parfait pour l&#8217;ap\u00e9ritif. Sa vivacit\u00e9 et sa fra\u00eecheur en font un choix id\u00e9al pour accompagner des sushis, un taboul\u00e9 rafra\u00eechissant ou des c\u00f4telettes d&#8217;agneau grill\u00e9es.<\/p>","protected":false},"excerpt":{"rendered":"<p>Vin biodynamique. Ce vin ros\u00e9 est l&#8217;accompagnement parfait pour l&#8217;ap\u00e9ritif. Sa vivacit\u00e9 et sa fra\u00eecheur en font un choix id\u00e9al pour accompagner des sushis, un taboul\u00e9 rafra\u00eechissant ou des c\u00f4telettes d&#8217;agneau grill\u00e9es.<\/p>","protected":false},"featured_media":12128,"comment_status":"closed","ping_status":"closed","template":"","meta":[],"product_brand":[],"product_cat":[762,727],"product_tag":[766],"class_list":{"0":"post-12127","1":"product","2":"type-product","3":"status-publish","4":"has-post-thumbnail","6":"product_cat-occitanie","7":"product_cat-vins","8":"product_tag-v_rose","10":"first","11":"instock","12":"taxable","13":"shipping-taxable","14":"product-type-simple"},"yoast_head":"<!-- This site is optimized with the Yoast SEO plugin v27.3 - https:\/\/yoast.com\/product\/yoast-seo-wordpress\/ -->\n<title>Syrah ros\u00e9 sc\u00e8ne n.8 - l&#039;\u00e9chapp\u00e9e close<\/title>\n<meta name=\"robots\" content=\"index, follow, max-snippet:-1, max-image-preview:large, max-video-preview:-1\" \/>\n<link rel=\"canonical\" href=\"https:\/\/lechappeeclose.it\/it\/boutique\/vins\/occitanie\/syrah-rose-scene-n-8\/\" \/>\n<meta property=\"og:locale\" content=\"it_IT\" \/>\n<meta property=\"og:type\" content=\"article\" \/>\n<meta property=\"og:title\" content=\"Syrah ros\u00e9 sc\u00e8ne n.8 - l&#039;\u00e9chapp\u00e9e close\" \/>\n<meta property=\"og:description\" content=\"Vin biodynamique. Ce vin ros\u00e9 est l&#8217;accompagnement parfait pour l&#8217;ap\u00e9ritif. Sa vivacit\u00e9 et sa fra\u00eecheur en font un choix id\u00e9al pour accompagner des sushis, un taboul\u00e9 rafra\u00eechissant ou des c\u00f4telettes d&#8217;agneau grill\u00e9es.\" \/>\n<meta property=\"og:url\" content=\"https:\/\/lechappeeclose.it\/it\/boutique\/vins\/occitanie\/syrah-rose-scene-n-8\/\" \/>\n<meta property=\"og:site_name\" content=\"l&#039;\u00e9chapp\u00e9e close\" \/>\n<meta property=\"article:modified_time\" content=\"2025-09-18T12:03:49+00:00\" \/>\n<meta property=\"og:image\" content=\"https:\/\/lechappeeclose.it\/wp-content\/uploads\/2025\/09\/scene-8.jpg\" \/>\n\t<meta property=\"og:image:width\" content=\"600\" \/>\n\t<meta property=\"og:image:height\" content=\"800\" \/>\n\t<meta property=\"og:image:type\" content=\"image\/jpeg\" \/>\n<meta name=\"twitter:card\" content=\"summary_large_image\" \/>\n<meta name=\"twitter:label1\" content=\"Tempo di lettura stimato\" \/>\n\t<meta name=\"twitter:data1\" content=\"1 minuto\" \/>\n<script type=\"application\/ld+json\" class=\"yoast-schema-graph\">{\"@context\":\"https:\\\/\\\/schema.org\",\"@graph\":[{\"@type\":\"WebPage\",\"@id\":\"https:\\\/\\\/lechappeeclose.it\\\/boutique\\\/vins\\\/occitanie\\\/syrah-rose-scene-n-8\\\/\",\"url\":\"https:\\\/\\\/lechappeeclose.it\\\/boutique\\\/vins\\\/occitanie\\\/syrah-rose-scene-n-8\\\/\",\"name\":\"Syrah ros\u00e9 sc\u00e8ne n.8 - l&#039;\u00e9chapp\u00e9e close\",\"isPartOf\":{\"@id\":\"http:\\\/\\\/lechappeeclose.it\\\/#website\"},\"primaryImageOfPage\":{\"@id\":\"https:\\\/\\\/lechappeeclose.it\\\/boutique\\\/vins\\\/occitanie\\\/syrah-rose-scene-n-8\\\/#primaryimage\"},\"image\":{\"@id\":\"https:\\\/\\\/lechappeeclose.it\\\/boutique\\\/vins\\\/occitanie\\\/syrah-rose-scene-n-8\\\/#primaryimage\"},\"thumbnailUrl\":\"http:\\\/\\\/lechappeeclose.it\\\/wp-content\\\/uploads\\\/2025\\\/09\\\/scene-8.jpg\",\"datePublished\":\"2025-09-18T12:03:06+00:00\",\"dateModified\":\"2025-09-18T12:03:49+00:00\",\"breadcrumb\":{\"@id\":\"https:\\\/\\\/lechappeeclose.it\\\/boutique\\\/vins\\\/occitanie\\\/syrah-rose-scene-n-8\\\/#breadcrumb\"},\"inLanguage\":\"it-IT\",\"potentialAction\":[{\"@type\":\"ReadAction\",\"target\":[\"https:\\\/\\\/lechappeeclose.it\\\/boutique\\\/vins\\\/occitanie\\\/syrah-rose-scene-n-8\\\/\"]}]},{\"@type\":\"ImageObject\",\"inLanguage\":\"it-IT\",\"@id\":\"https:\\\/\\\/lechappeeclose.it\\\/boutique\\\/vins\\\/occitanie\\\/syrah-rose-scene-n-8\\\/#primaryimage\",\"url\":\"http:\\\/\\\/lechappeeclose.it\\\/wp-content\\\/uploads\\\/2025\\\/09\\\/scene-8.jpg\",\"contentUrl\":\"http:\\\/\\\/lechappeeclose.it\\\/wp-content\\\/uploads\\\/2025\\\/09\\\/scene-8.jpg\",\"width\":600,\"height\":800},{\"@type\":\"BreadcrumbList\",\"@id\":\"https:\\\/\\\/lechappeeclose.it\\\/boutique\\\/vins\\\/occitanie\\\/syrah-rose-scene-n-8\\\/#breadcrumb\",\"itemListElement\":[{\"@type\":\"ListItem\",\"position\":1,\"name\":\"Accueil\",\"item\":\"http:\\\/\\\/lechappeeclose.it\\\/\"},{\"@type\":\"ListItem\",\"position\":2,\"name\":\"Boutique\",\"item\":\"http:\\\/\\\/lechappeeclose.it\\\/boutique\\\/\"},{\"@type\":\"ListItem\",\"position\":3,\"name\":\"Syrah ros\u00e9 sc\u00e8ne n.8\"}]},{\"@type\":\"WebSite\",\"@id\":\"http:\\\/\\\/lechappeeclose.it\\\/#website\",\"url\":\"http:\\\/\\\/lechappeeclose.it\\\/\",\"name\":\"l&#039;\u00e9chapp\u00e9e close\",\"description\":\"la librairie fran\u00e7aise de Milan\",\"publisher\":{\"@id\":\"http:\\\/\\\/lechappeeclose.it\\\/#organization\"},\"alternateName\":\"La librairie fran\u00e7aise de Milan\",\"potentialAction\":[{\"@type\":\"SearchAction\",\"target\":{\"@type\":\"EntryPoint\",\"urlTemplate\":\"http:\\\/\\\/lechappeeclose.it\\\/?s={search_term_string}\"},\"query-input\":{\"@type\":\"PropertyValueSpecification\",\"valueRequired\":true,\"valueName\":\"search_term_string\"}}],\"inLanguage\":\"it-IT\"},{\"@type\":\"Organization\",\"@id\":\"http:\\\/\\\/lechappeeclose.it\\\/#organization\",\"name\":\"l&#039;\u00e9chapp\u00e9e close\",\"url\":\"http:\\\/\\\/lechappeeclose.it\\\/\",\"logo\":{\"@type\":\"ImageObject\",\"inLanguage\":\"it-IT\",\"@id\":\"http:\\\/\\\/lechappeeclose.it\\\/#\\\/schema\\\/logo\\\/image\\\/\",\"url\":\"http:\\\/\\\/lechappeeclose.it\\\/wp-content\\\/uploads\\\/2025\\\/02\\\/cropped-logo-rond.png\",\"contentUrl\":\"http:\\\/\\\/lechappeeclose.it\\\/wp-content\\\/uploads\\\/2025\\\/02\\\/cropped-logo-rond.png\",\"width\":1080,\"height\":1080,\"caption\":\"l&#039;\u00e9chapp\u00e9e close\"},\"image\":{\"@id\":\"http:\\\/\\\/lechappeeclose.it\\\/#\\\/schema\\\/logo\\\/image\\\/\"},\"sameAs\":[\"https:\\\/\\\/www.instagram.com\\\/lechappeeclose\\\/\"]}]}<\/script>\n<!-- \/ Yoast SEO plugin. -->","yoast_head_json":{"title":"Syrah ros\u00e9 sc\u00e8ne n.8 - l&#039;\u00e9chapp\u00e9e close","robots":{"index":"index","follow":"follow","max-snippet":"max-snippet:-1","max-image-preview":"max-image-preview:large","max-video-preview":"max-video-preview:-1"},"canonical":"https:\/\/lechappeeclose.it\/it\/boutique\/vins\/occitanie\/syrah-rose-scene-n-8\/","og_locale":"it_IT","og_type":"article","og_title":"Syrah ros\u00e9 sc\u00e8ne n.8 - l&#039;\u00e9chapp\u00e9e close","og_description":"Vin biodynamique. Ce vin ros\u00e9 est l&#8217;accompagnement parfait pour l&#8217;ap\u00e9ritif. Sa vivacit\u00e9 et sa fra\u00eecheur en font un choix id\u00e9al pour accompagner des sushis, un taboul\u00e9 rafra\u00eechissant ou des c\u00f4telettes d&#8217;agneau grill\u00e9es.","og_url":"https:\/\/lechappeeclose.it\/it\/boutique\/vins\/occitanie\/syrah-rose-scene-n-8\/","og_site_name":"l&#039;\u00e9chapp\u00e9e close","article_modified_time":"2025-09-18T12:03:49+00:00","og_image":[{"width":600,"height":800,"url":"https:\/\/lechappeeclose.it\/wp-content\/uploads\/2025\/09\/scene-8.jpg","type":"image\/jpeg"}],"twitter_card":"summary_large_image","twitter_misc":{"Tempo di lettura stimato":"1 minuto"},"schema":{"@context":"https:\/\/schema.org","@graph":[{"@type":"WebPage","@id":"https:\/\/lechappeeclose.it\/boutique\/vins\/occitanie\/syrah-rose-scene-n-8\/","url":"https:\/\/lechappeeclose.it\/boutique\/vins\/occitanie\/syrah-rose-scene-n-8\/","name":"Syrah ros\u00e9 sc\u00e8ne n.8 - l&#039;\u00e9chapp\u00e9e close","isPartOf":{"@id":"http:\/\/lechappeeclose.it\/#website"},"primaryImageOfPage":{"@id":"https:\/\/lechappeeclose.it\/boutique\/vins\/occitanie\/syrah-rose-scene-n-8\/#primaryimage"},"image":{"@id":"https:\/\/lechappeeclose.it\/boutique\/vins\/occitanie\/syrah-rose-scene-n-8\/#primaryimage"},"thumbnailUrl":"http:\/\/lechappeeclose.it\/wp-content\/uploads\/2025\/09\/scene-8.jpg","datePublished":"2025-09-18T12:03:06+00:00","dateModified":"2025-09-18T12:03:49+00:00","breadcrumb":{"@id":"https:\/\/lechappeeclose.it\/boutique\/vins\/occitanie\/syrah-rose-scene-n-8\/#breadcrumb"},"inLanguage":"it-IT","potentialAction":[{"@type":"ReadAction","target":["https:\/\/lechappeeclose.it\/boutique\/vins\/occitanie\/syrah-rose-scene-n-8\/"]}]},{"@type":"ImageObject","inLanguage":"it-IT","@id":"https:\/\/lechappeeclose.it\/boutique\/vins\/occitanie\/syrah-rose-scene-n-8\/#primaryimage","url":"http:\/\/lechappeeclose.it\/wp-content\/uploads\/2025\/09\/scene-8.jpg","contentUrl":"http:\/\/lechappeeclose.it\/wp-content\/uploads\/2025\/09\/scene-8.jpg","width":600,"height":800},{"@type":"BreadcrumbList","@id":"https:\/\/lechappeeclose.it\/boutique\/vins\/occitanie\/syrah-rose-scene-n-8\/#breadcrumb","itemListElement":[{"@type":"ListItem","position":1,"name":"Accueil","item":"http:\/\/lechappeeclose.it\/"},{"@type":"ListItem","position":2,"name":"Boutique","item":"http:\/\/lechappeeclose.it\/boutique\/"},{"@type":"ListItem","position":3,"name":"Syrah ros\u00e9 sc\u00e8ne n.8"}]},{"@type":"WebSite","@id":"http:\/\/lechappeeclose.it\/#website","url":"http:\/\/lechappeeclose.it\/","name":"l&#039;\u00e9chapp\u00e9e close","description":"La libreria francese di Milano","publisher":{"@id":"http:\/\/lechappeeclose.it\/#organization"},"alternateName":"La librairie fran\u00e7aise de Milan","potentialAction":[{"@type":"SearchAction","target":{"@type":"EntryPoint","urlTemplate":"http:\/\/lechappeeclose.it\/?s={search_term_string}"},"query-input":{"@type":"PropertyValueSpecification","valueRequired":true,"valueName":"search_term_string"}}],"inLanguage":"it-IT"},{"@type":"Organization","@id":"http:\/\/lechappeeclose.it\/#organization","name":"l&#039;\u00e9chapp\u00e9e close","url":"http:\/\/lechappeeclose.it\/","logo":{"@type":"ImageObject","inLanguage":"it-IT","@id":"http:\/\/lechappeeclose.it\/#\/schema\/logo\/image\/","url":"http:\/\/lechappeeclose.it\/wp-content\/uploads\/2025\/02\/cropped-logo-rond.png","contentUrl":"http:\/\/lechappeeclose.it\/wp-content\/uploads\/2025\/02\/cropped-logo-rond.png","width":1080,"height":1080,"caption":"l&#039;\u00e9chapp\u00e9e close"},"image":{"@id":"http:\/\/lechappeeclose.it\/#\/schema\/logo\/image\/"},"sameAs":["https:\/\/www.instagram.com\/lechappeeclose\/"]}]}},"_links":{"self":[{"href":"http:\/\/lechappeeclose.it\/it\/wp-json\/wp\/v2\/product\/12127","targetHints":{"allow":["GET"]}}],"collection":[{"href":"http:\/\/lechappeeclose.it\/it\/wp-json\/wp\/v2\/product"}],"about":[{"href":"http:\/\/lechappeeclose.it\/it\/wp-json\/wp\/v2\/types\/product"}],"replies":[{"embeddable":true,"href":"http:\/\/lechappeeclose.it\/it\/wp-json\/wp\/v2\/comments?post=12127"}],"wp:featuredmedia":[{"embeddable":true,"href":"http:\/\/lechappeeclose.it\/it\/wp-json\/wp\/v2\/media\/12128"}],"wp:attachment":[{"href":"http:\/\/lechappeeclose.it\/it\/wp-json\/wp\/v2\/media?parent=12127"}],"wp:term":[{"taxonomy":"product_brand","embeddable":true,"href":"http:\/\/lechappeeclose.it\/it\/wp-json\/wp\/v2\/product_brand?post=12127"},{"taxonomy":"product_cat","embeddable":true,"href":"http:\/\/lechappeeclose.it\/it\/wp-json\/wp\/v2\/product_cat?post=12127"},{"taxonomy":"product_tag","embeddable":true,"href":"http:\/\/lechappeeclose.it\/it\/wp-json\/wp\/v2\/product_tag?post=12127"}],"curies":[{"name":"wp","href":"https:\/\/api.w.org\/{rel}","templated":true}]}}