{"id":12049,"date":"2025-09-10T15:16:31","date_gmt":"2025-09-10T13:16:31","guid":{"rendered":"https:\/\/lechappeeclose.it\/boutique\/non%20class\u00e9\/trois-femmes-disparaissent\/"},"modified":"2025-09-26T11:32:11","modified_gmt":"2025-09-26T09:32:11","slug":"trois-femmes-disparaissent","status":"publish","type":"product","link":"http:\/\/lechappeeclose.it\/it\/boutique\/livres\/litterature\/romans\/trois-femmes-disparaissent\/","title":{"rendered":"Trois femmes disparaissent"},"content":{"rendered":"<p>Quand le cin\u00e9ma et la vie s&#8217;allient pour fabriquer du romanesque f\u00e9roce, l&#8217;oeil de l&#8217;\u00e9crivaine s&#8217;allume. Qu&#8217;ont en commun &#8220;Les Oiseaux&#8221;, &#8220;Marnie&#8221;, &#8220;Body Double&#8221;, &#8220;Working Girl&#8221;, &#8220;Le B\u00fbcher des vanit\u00e9s&#8221; et &#8220;Cinquante nuances de Grey&#8221; ? Autrement dit, deux ind\u00e9boulonnables classiques d&#8217;Alfred Hitchcock, la bande image des ann\u00e9es 1980 et le plus grand ph\u00e9nom\u00e8ne de porno-soft de notre \u00e9poque ? Leurs h\u00e9ro\u00efnes : Tippi Hedren, Melanie Griffith, Dakota Johnson, trois femmes activement disparues de m\u00e8re en fille&#8230;Sur le mode d&#8217;une narrative non-fiction r\u00e9invent\u00e9e, H\u00e9l\u00e8ne Frappat signe une enqu\u00eate arachn\u00e9enne sur le r\u00e9el proprement surr\u00e9aliste d&#8217;une lign\u00e9e de stars hollywoodiennes maudites. Et nous fait *voir* comme jamais ce que nous avions pourtant sous les yeux *depuis le d\u00e9but*.<\/p>","protected":false},"excerpt":{"rendered":"<p>Quand le cin\u00e9ma et la vie s&#8217;allient pour fabriquer du romanesque f\u00e9roce, l&#8217;oeil de l&#8217;\u00e9crivaine s&#8217;allume. Qu&#8217;ont en commun &#8220;Les Oiseaux&#8221;, &#8220;Marnie&#8221;, &#8220;Body Double&#8221;, &#8220;Working Girl&#8221;, &#8220;Le B\u00fbcher des vanit\u00e9s&#8221; et &#8220;Cinquante nuances de Grey&#8221; ? Autrement dit, deux ind\u00e9boulonnables classiques d&#8217;Alfred Hitchcock, la bande image des ann\u00e9es 1980 et le plus grand ph\u00e9nom\u00e8ne de [&hellip;]<\/p>","protected":false},"featured_media":12207,"comment_status":"open","ping_status":"closed","template":"","meta":[],"product_brand":[],"product_cat":[46],"product_tag":[],"class_list":{"0":"post-12049","1":"product","2":"type-product","3":"status-publish","4":"has-post-thumbnail","6":"product_cat-romans","8":"first","9":"instock","10":"taxable","11":"shipping-taxable","12":"purchasable","13":"product-type-simple"},"yoast_head":"<!-- This site is optimized with the Yoast SEO plugin v27.4 - https:\/\/yoast.com\/product\/yoast-seo-wordpress\/ -->\n<title>Trois femmes disparaissent - l&#039;\u00e9chapp\u00e9e close<\/title>\n<meta name=\"robots\" content=\"index, follow, max-snippet:-1, max-image-preview:large, max-video-preview:-1\" \/>\n<link rel=\"canonical\" href=\"http:\/\/lechappeeclose.it\/it\/boutique\/livres\/litterature\/romans\/trois-femmes-disparaissent\/\" \/>\n<meta property=\"og:locale\" content=\"it_IT\" \/>\n<meta property=\"og:type\" content=\"article\" \/>\n<meta property=\"og:title\" content=\"Trois femmes disparaissent - l&#039;\u00e9chapp\u00e9e close\" \/>\n<meta property=\"og:description\" content=\"Quand le cin\u00e9ma et la vie s&#8217;allient pour fabriquer du romanesque f\u00e9roce, l&#8217;oeil de l&#8217;\u00e9crivaine s&#8217;allume. Qu&#8217;ont en commun &#8220;Les Oiseaux&#8221;, &#8220;Marnie&#8221;, &#8220;Body Double&#8221;, &#8220;Working Girl&#8221;, &#8220;Le B\u00fbcher des vanit\u00e9s&#8221; et &#8220;Cinquante nuances de Grey&#8221; ? Autrement dit, deux ind\u00e9boulonnables classiques d&#8217;Alfred Hitchcock, la bande image des ann\u00e9es 1980 et le plus grand ph\u00e9nom\u00e8ne de [&hellip;]\" \/>\n<meta property=\"og:url\" content=\"http:\/\/lechappeeclose.it\/it\/boutique\/livres\/litterature\/romans\/trois-femmes-disparaissent\/\" \/>\n<meta property=\"og:site_name\" content=\"l&#039;\u00e9chapp\u00e9e close\" \/>\n<meta property=\"article:modified_time\" content=\"2025-09-26T09:32:11+00:00\" \/>\n<meta property=\"og:image\" content=\"http:\/\/lechappeeclose.it\/wp-content\/uploads\/2025\/09\/Trois-femmes-disparaient.jpg\" \/>\n\t<meta property=\"og:image:width\" content=\"340\" \/>\n\t<meta property=\"og:image:height\" content=\"340\" \/>\n\t<meta property=\"og:image:type\" content=\"image\/jpeg\" \/>\n<meta name=\"twitter:card\" content=\"summary_large_image\" \/>\n<meta name=\"twitter:label1\" content=\"Tempo di lettura stimato\" \/>\n\t<meta name=\"twitter:data1\" content=\"1 minuto\" \/>\n<script type=\"application\/ld+json\" class=\"yoast-schema-graph\">{\"@context\":\"https:\\\/\\\/schema.org\",\"@graph\":[{\"@type\":\"WebPage\",\"@id\":\"http:\\\/\\\/lechappeeclose.it\\\/boutique\\\/livres\\\/litterature\\\/romans\\\/trois-femmes-disparaissent\\\/\",\"url\":\"http:\\\/\\\/lechappeeclose.it\\\/boutique\\\/livres\\\/litterature\\\/romans\\\/trois-femmes-disparaissent\\\/\",\"name\":\"Trois femmes disparaissent - l&#039;\u00e9chapp\u00e9e close\",\"isPartOf\":{\"@id\":\"http:\\\/\\\/lechappeeclose.it\\\/#website\"},\"primaryImageOfPage\":{\"@id\":\"http:\\\/\\\/lechappeeclose.it\\\/boutique\\\/livres\\\/litterature\\\/romans\\\/trois-femmes-disparaissent\\\/#primaryimage\"},\"image\":{\"@id\":\"http:\\\/\\\/lechappeeclose.it\\\/boutique\\\/livres\\\/litterature\\\/romans\\\/trois-femmes-disparaissent\\\/#primaryimage\"},\"thumbnailUrl\":\"http:\\\/\\\/lechappeeclose.it\\\/wp-content\\\/uploads\\\/2025\\\/09\\\/Trois-femmes-disparaient.jpg\",\"datePublished\":\"2025-09-10T13:16:31+00:00\",\"dateModified\":\"2025-09-26T09:32:11+00:00\",\"breadcrumb\":{\"@id\":\"http:\\\/\\\/lechappeeclose.it\\\/boutique\\\/livres\\\/litterature\\\/romans\\\/trois-femmes-disparaissent\\\/#breadcrumb\"},\"inLanguage\":\"it-IT\",\"potentialAction\":[{\"@type\":\"ReadAction\",\"target\":[\"http:\\\/\\\/lechappeeclose.it\\\/boutique\\\/livres\\\/litterature\\\/romans\\\/trois-femmes-disparaissent\\\/\"]}]},{\"@type\":\"ImageObject\",\"inLanguage\":\"it-IT\",\"@id\":\"http:\\\/\\\/lechappeeclose.it\\\/boutique\\\/livres\\\/litterature\\\/romans\\\/trois-femmes-disparaissent\\\/#primaryimage\",\"url\":\"http:\\\/\\\/lechappeeclose.it\\\/wp-content\\\/uploads\\\/2025\\\/09\\\/Trois-femmes-disparaient.jpg\",\"contentUrl\":\"http:\\\/\\\/lechappeeclose.it\\\/wp-content\\\/uploads\\\/2025\\\/09\\\/Trois-femmes-disparaient.jpg\",\"width\":340,\"height\":340},{\"@type\":\"BreadcrumbList\",\"@id\":\"http:\\\/\\\/lechappeeclose.it\\\/boutique\\\/livres\\\/litterature\\\/romans\\\/trois-femmes-disparaissent\\\/#breadcrumb\",\"itemListElement\":[{\"@type\":\"ListItem\",\"position\":1,\"name\":\"Accueil\",\"item\":\"http:\\\/\\\/lechappeeclose.it\\\/\"},{\"@type\":\"ListItem\",\"position\":2,\"name\":\"Boutique\",\"item\":\"http:\\\/\\\/lechappeeclose.it\\\/boutique\\\/\"},{\"@type\":\"ListItem\",\"position\":3,\"name\":\"Trois femmes disparaissent\"}]},{\"@type\":\"WebSite\",\"@id\":\"http:\\\/\\\/lechappeeclose.it\\\/#website\",\"url\":\"http:\\\/\\\/lechappeeclose.it\\\/\",\"name\":\"l&#039;\u00e9chapp\u00e9e close\",\"description\":\"la librairie fran\u00e7aise de Milan\",\"publisher\":{\"@id\":\"http:\\\/\\\/lechappeeclose.it\\\/#organization\"},\"alternateName\":\"La librairie fran\u00e7aise de Milan\",\"potentialAction\":[{\"@type\":\"SearchAction\",\"target\":{\"@type\":\"EntryPoint\",\"urlTemplate\":\"http:\\\/\\\/lechappeeclose.it\\\/?s={search_term_string}\"},\"query-input\":{\"@type\":\"PropertyValueSpecification\",\"valueRequired\":true,\"valueName\":\"search_term_string\"}}],\"inLanguage\":\"it-IT\"},{\"@type\":\"Organization\",\"@id\":\"http:\\\/\\\/lechappeeclose.it\\\/#organization\",\"name\":\"l&#039;\u00e9chapp\u00e9e close\",\"url\":\"http:\\\/\\\/lechappeeclose.it\\\/\",\"logo\":{\"@type\":\"ImageObject\",\"inLanguage\":\"it-IT\",\"@id\":\"http:\\\/\\\/lechappeeclose.it\\\/#\\\/schema\\\/logo\\\/image\\\/\",\"url\":\"http:\\\/\\\/lechappeeclose.it\\\/wp-content\\\/uploads\\\/2025\\\/02\\\/cropped-logo-rond.png\",\"contentUrl\":\"http:\\\/\\\/lechappeeclose.it\\\/wp-content\\\/uploads\\\/2025\\\/02\\\/cropped-logo-rond.png\",\"width\":1080,\"height\":1080,\"caption\":\"l&#039;\u00e9chapp\u00e9e close\"},\"image\":{\"@id\":\"http:\\\/\\\/lechappeeclose.it\\\/#\\\/schema\\\/logo\\\/image\\\/\"},\"sameAs\":[\"https:\\\/\\\/www.instagram.com\\\/lechappeeclose\\\/\"]}]}<\/script>\n<!-- \/ Yoast SEO plugin. -->","yoast_head_json":{"title":"Trois femmes disparaissent - l&#039;\u00e9chapp\u00e9e close","robots":{"index":"index","follow":"follow","max-snippet":"max-snippet:-1","max-image-preview":"max-image-preview:large","max-video-preview":"max-video-preview:-1"},"canonical":"http:\/\/lechappeeclose.it\/it\/boutique\/livres\/litterature\/romans\/trois-femmes-disparaissent\/","og_locale":"it_IT","og_type":"article","og_title":"Trois femmes disparaissent - l&#039;\u00e9chapp\u00e9e close","og_description":"Quand le cin\u00e9ma et la vie s&#8217;allient pour fabriquer du romanesque f\u00e9roce, l&#8217;oeil de l&#8217;\u00e9crivaine s&#8217;allume. Qu&#8217;ont en commun &#8220;Les Oiseaux&#8221;, &#8220;Marnie&#8221;, &#8220;Body Double&#8221;, &#8220;Working Girl&#8221;, &#8220;Le B\u00fbcher des vanit\u00e9s&#8221; et &#8220;Cinquante nuances de Grey&#8221; ? Autrement dit, deux ind\u00e9boulonnables classiques d&#8217;Alfred Hitchcock, la bande image des ann\u00e9es 1980 et le plus grand ph\u00e9nom\u00e8ne de [&hellip;]","og_url":"http:\/\/lechappeeclose.it\/it\/boutique\/livres\/litterature\/romans\/trois-femmes-disparaissent\/","og_site_name":"l&#039;\u00e9chapp\u00e9e close","article_modified_time":"2025-09-26T09:32:11+00:00","og_image":[{"width":340,"height":340,"url":"http:\/\/lechappeeclose.it\/wp-content\/uploads\/2025\/09\/Trois-femmes-disparaient.jpg","type":"image\/jpeg"}],"twitter_card":"summary_large_image","twitter_misc":{"Tempo di lettura stimato":"1 minuto"},"schema":{"@context":"https:\/\/schema.org","@graph":[{"@type":"WebPage","@id":"http:\/\/lechappeeclose.it\/boutique\/livres\/litterature\/romans\/trois-femmes-disparaissent\/","url":"http:\/\/lechappeeclose.it\/boutique\/livres\/litterature\/romans\/trois-femmes-disparaissent\/","name":"Trois femmes disparaissent - l&#039;\u00e9chapp\u00e9e close","isPartOf":{"@id":"http:\/\/lechappeeclose.it\/#website"},"primaryImageOfPage":{"@id":"http:\/\/lechappeeclose.it\/boutique\/livres\/litterature\/romans\/trois-femmes-disparaissent\/#primaryimage"},"image":{"@id":"http:\/\/lechappeeclose.it\/boutique\/livres\/litterature\/romans\/trois-femmes-disparaissent\/#primaryimage"},"thumbnailUrl":"http:\/\/lechappeeclose.it\/wp-content\/uploads\/2025\/09\/Trois-femmes-disparaient.jpg","datePublished":"2025-09-10T13:16:31+00:00","dateModified":"2025-09-26T09:32:11+00:00","breadcrumb":{"@id":"http:\/\/lechappeeclose.it\/boutique\/livres\/litterature\/romans\/trois-femmes-disparaissent\/#breadcrumb"},"inLanguage":"it-IT","potentialAction":[{"@type":"ReadAction","target":["http:\/\/lechappeeclose.it\/boutique\/livres\/litterature\/romans\/trois-femmes-disparaissent\/"]}]},{"@type":"ImageObject","inLanguage":"it-IT","@id":"http:\/\/lechappeeclose.it\/boutique\/livres\/litterature\/romans\/trois-femmes-disparaissent\/#primaryimage","url":"http:\/\/lechappeeclose.it\/wp-content\/uploads\/2025\/09\/Trois-femmes-disparaient.jpg","contentUrl":"http:\/\/lechappeeclose.it\/wp-content\/uploads\/2025\/09\/Trois-femmes-disparaient.jpg","width":340,"height":340},{"@type":"BreadcrumbList","@id":"http:\/\/lechappeeclose.it\/boutique\/livres\/litterature\/romans\/trois-femmes-disparaissent\/#breadcrumb","itemListElement":[{"@type":"ListItem","position":1,"name":"Accueil","item":"http:\/\/lechappeeclose.it\/"},{"@type":"ListItem","position":2,"name":"Boutique","item":"http:\/\/lechappeeclose.it\/boutique\/"},{"@type":"ListItem","position":3,"name":"Trois femmes disparaissent"}]},{"@type":"WebSite","@id":"http:\/\/lechappeeclose.it\/#website","url":"http:\/\/lechappeeclose.it\/","name":"l&#039;\u00e9chapp\u00e9e close","description":"La libreria francese di Milano","publisher":{"@id":"http:\/\/lechappeeclose.it\/#organization"},"alternateName":"La librairie fran\u00e7aise de Milan","potentialAction":[{"@type":"SearchAction","target":{"@type":"EntryPoint","urlTemplate":"http:\/\/lechappeeclose.it\/?s={search_term_string}"},"query-input":{"@type":"PropertyValueSpecification","valueRequired":true,"valueName":"search_term_string"}}],"inLanguage":"it-IT"},{"@type":"Organization","@id":"http:\/\/lechappeeclose.it\/#organization","name":"l&#039;\u00e9chapp\u00e9e close","url":"http:\/\/lechappeeclose.it\/","logo":{"@type":"ImageObject","inLanguage":"it-IT","@id":"http:\/\/lechappeeclose.it\/#\/schema\/logo\/image\/","url":"http:\/\/lechappeeclose.it\/wp-content\/uploads\/2025\/02\/cropped-logo-rond.png","contentUrl":"http:\/\/lechappeeclose.it\/wp-content\/uploads\/2025\/02\/cropped-logo-rond.png","width":1080,"height":1080,"caption":"l&#039;\u00e9chapp\u00e9e close"},"image":{"@id":"http:\/\/lechappeeclose.it\/#\/schema\/logo\/image\/"},"sameAs":["https:\/\/www.instagram.com\/lechappeeclose\/"]}]}},"_links":{"self":[{"href":"http:\/\/lechappeeclose.it\/it\/wp-json\/wp\/v2\/product\/12049","targetHints":{"allow":["GET"]}}],"collection":[{"href":"http:\/\/lechappeeclose.it\/it\/wp-json\/wp\/v2\/product"}],"about":[{"href":"http:\/\/lechappeeclose.it\/it\/wp-json\/wp\/v2\/types\/product"}],"replies":[{"embeddable":true,"href":"http:\/\/lechappeeclose.it\/it\/wp-json\/wp\/v2\/comments?post=12049"}],"wp:featuredmedia":[{"embeddable":true,"href":"http:\/\/lechappeeclose.it\/it\/wp-json\/wp\/v2\/media\/12207"}],"wp:attachment":[{"href":"http:\/\/lechappeeclose.it\/it\/wp-json\/wp\/v2\/media?parent=12049"}],"wp:term":[{"taxonomy":"product_brand","embeddable":true,"href":"http:\/\/lechappeeclose.it\/it\/wp-json\/wp\/v2\/product_brand?post=12049"},{"taxonomy":"product_cat","embeddable":true,"href":"http:\/\/lechappeeclose.it\/it\/wp-json\/wp\/v2\/product_cat?post=12049"},{"taxonomy":"product_tag","embeddable":true,"href":"http:\/\/lechappeeclose.it\/it\/wp-json\/wp\/v2\/product_tag?post=12049"}],"curies":[{"name":"wp","href":"https:\/\/api.w.org\/{rel}","templated":true}]}}