{"id":11314,"date":"2025-04-10T18:10:30","date_gmt":"2025-04-10T16:10:30","guid":{"rendered":"https:\/\/lechappeeclose.it\/boutique\/non%20class\u00e9\/mon-vrai-nom-est-elisabeth\/"},"modified":"2025-10-15T14:30:08","modified_gmt":"2025-10-15T12:30:08","slug":"mon-vrai-nom-est-elisabeth","status":"publish","type":"product","link":"http:\/\/lechappeeclose.it\/it\/boutique\/livres\/litterature\/romans\/mon-vrai-nom-est-elisabeth\/","title":{"rendered":"Mon vrai nom est Elisabeth"},"content":{"rendered":"<p>Une chercheuse craignant de devenir folle m\u00e8ne une enqu\u00eate pour tenter de rompre le silence qui entoure la maladie de son arri\u00e8re-grand-m\u00e8re Elisabeth, dite Betsy, diagnostiqu\u00e9e schizophr\u00e8ne dans les ann\u00e9es 1950. La narratrice ne dispose, sur cette femme morte avant sa naissance, que de quelques l\u00e9gendes familiales dont les r\u00e9cits fluctuent. Une vieille dame coquette qui aimait nager, bonnet de bain en caoutchouc et saut fa\u00e7on grenouille, dans la piscine de la propri\u00e9t\u00e9 de vacances. Une grand-m\u00e8re avec une cavit\u00e9 de chaque c\u00f4t\u00e9 du front qui accusait son petit-fils de la regarder nue \u00e0 travers les murs. Une maison qui prend feu. Des grossesses non d\u00e9sir\u00e9es. C&#8217;est \u00e0 peu pr\u00e8s tout. Les enfants d&#8217;Elisabeth ne parlent jamais de leur m\u00e8re entre eux et ils n&#8217;en parlent pas \u00e0 leurs enfants qui n&#8217;en parlent pas \u00e0 leurs petits-enfants. &#8220;C&#8217;\u00e9tait un nom qu&#8217;on ne pronon\u00e7ait pas. Maman, c&#8217;\u00e9tait un non-sujet. Tu peux enregistrer \u00e7a. Maman, c&#8217;\u00e9tait un non-sujet.&#8217;<\/p>","protected":false},"excerpt":{"rendered":"<p>Une chercheuse craignant de devenir folle m\u00e8ne une enqu\u00eate pour tenter de rompre le silence qui entoure la maladie de son arri\u00e8re-grand-m\u00e8re Elisabeth, dite Betsy, diagnostiqu\u00e9e schizophr\u00e8ne dans les ann\u00e9es 1950. La narratrice ne dispose, sur cette femme morte avant sa naissance, que de quelques l\u00e9gendes familiales dont les r\u00e9cits fluctuent. Une vieille dame coquette [&hellip;]<\/p>","protected":false},"featured_media":11313,"comment_status":"open","ping_status":"closed","template":"","meta":[],"product_brand":[],"product_cat":[46],"product_tag":[],"class_list":{"0":"post-11314","1":"product","2":"type-product","3":"status-publish","4":"has-post-thumbnail","6":"product_cat-romans","8":"first","9":"instock","10":"taxable","11":"shipping-taxable","12":"purchasable","13":"product-type-simple"},"yoast_head":"<!-- This site is optimized with the Yoast SEO plugin v27.4 - https:\/\/yoast.com\/product\/yoast-seo-wordpress\/ -->\n<title>Mon vrai nom est Elisabeth - l&#039;\u00e9chapp\u00e9e close<\/title>\n<meta name=\"robots\" content=\"index, follow, max-snippet:-1, max-image-preview:large, max-video-preview:-1\" \/>\n<link rel=\"canonical\" href=\"http:\/\/lechappeeclose.it\/it\/boutique\/livres\/litterature\/romans\/mon-vrai-nom-est-elisabeth\/\" \/>\n<meta property=\"og:locale\" content=\"it_IT\" \/>\n<meta property=\"og:type\" content=\"article\" \/>\n<meta property=\"og:title\" content=\"Mon vrai nom est Elisabeth - l&#039;\u00e9chapp\u00e9e close\" \/>\n<meta property=\"og:description\" content=\"Une chercheuse craignant de devenir folle m\u00e8ne une enqu\u00eate pour tenter de rompre le silence qui entoure la maladie de son arri\u00e8re-grand-m\u00e8re Elisabeth, dite Betsy, diagnostiqu\u00e9e schizophr\u00e8ne dans les ann\u00e9es 1950. La narratrice ne dispose, sur cette femme morte avant sa naissance, que de quelques l\u00e9gendes familiales dont les r\u00e9cits fluctuent. Une vieille dame coquette [&hellip;]\" \/>\n<meta property=\"og:url\" content=\"http:\/\/lechappeeclose.it\/it\/boutique\/livres\/litterature\/romans\/mon-vrai-nom-est-elisabeth\/\" \/>\n<meta property=\"og:site_name\" content=\"l&#039;\u00e9chapp\u00e9e close\" \/>\n<meta property=\"article:modified_time\" content=\"2025-10-15T12:30:08+00:00\" \/>\n<meta property=\"og:image\" content=\"http:\/\/lechappeeclose.it\/wp-content\/uploads\/2025\/04\/Mon-vrai-nom-est-Elisabeth.jpeg\" \/>\n\t<meta property=\"og:image:width\" content=\"317\" \/>\n\t<meta property=\"og:image:height\" content=\"466\" \/>\n\t<meta property=\"og:image:type\" content=\"image\/jpeg\" \/>\n<meta name=\"twitter:card\" content=\"summary_large_image\" \/>\n<meta name=\"twitter:label1\" content=\"Tempo di lettura stimato\" \/>\n\t<meta name=\"twitter:data1\" content=\"1 minuto\" \/>\n<script type=\"application\/ld+json\" class=\"yoast-schema-graph\">{\"@context\":\"https:\\\/\\\/schema.org\",\"@graph\":[{\"@type\":\"WebPage\",\"@id\":\"http:\\\/\\\/lechappeeclose.it\\\/boutique\\\/livres\\\/litterature\\\/romans\\\/mon-vrai-nom-est-elisabeth\\\/\",\"url\":\"http:\\\/\\\/lechappeeclose.it\\\/boutique\\\/livres\\\/litterature\\\/romans\\\/mon-vrai-nom-est-elisabeth\\\/\",\"name\":\"Mon vrai nom est Elisabeth - l&#039;\u00e9chapp\u00e9e close\",\"isPartOf\":{\"@id\":\"http:\\\/\\\/lechappeeclose.it\\\/#website\"},\"primaryImageOfPage\":{\"@id\":\"http:\\\/\\\/lechappeeclose.it\\\/boutique\\\/livres\\\/litterature\\\/romans\\\/mon-vrai-nom-est-elisabeth\\\/#primaryimage\"},\"image\":{\"@id\":\"http:\\\/\\\/lechappeeclose.it\\\/boutique\\\/livres\\\/litterature\\\/romans\\\/mon-vrai-nom-est-elisabeth\\\/#primaryimage\"},\"thumbnailUrl\":\"http:\\\/\\\/lechappeeclose.it\\\/wp-content\\\/uploads\\\/2025\\\/04\\\/Mon-vrai-nom-est-Elisabeth.jpeg\",\"datePublished\":\"2025-04-10T16:10:30+00:00\",\"dateModified\":\"2025-10-15T12:30:08+00:00\",\"breadcrumb\":{\"@id\":\"http:\\\/\\\/lechappeeclose.it\\\/boutique\\\/livres\\\/litterature\\\/romans\\\/mon-vrai-nom-est-elisabeth\\\/#breadcrumb\"},\"inLanguage\":\"it-IT\",\"potentialAction\":[{\"@type\":\"ReadAction\",\"target\":[\"http:\\\/\\\/lechappeeclose.it\\\/boutique\\\/livres\\\/litterature\\\/romans\\\/mon-vrai-nom-est-elisabeth\\\/\"]}]},{\"@type\":\"ImageObject\",\"inLanguage\":\"it-IT\",\"@id\":\"http:\\\/\\\/lechappeeclose.it\\\/boutique\\\/livres\\\/litterature\\\/romans\\\/mon-vrai-nom-est-elisabeth\\\/#primaryimage\",\"url\":\"http:\\\/\\\/lechappeeclose.it\\\/wp-content\\\/uploads\\\/2025\\\/04\\\/Mon-vrai-nom-est-Elisabeth.jpeg\",\"contentUrl\":\"http:\\\/\\\/lechappeeclose.it\\\/wp-content\\\/uploads\\\/2025\\\/04\\\/Mon-vrai-nom-est-Elisabeth.jpeg\",\"width\":317,\"height\":466},{\"@type\":\"BreadcrumbList\",\"@id\":\"http:\\\/\\\/lechappeeclose.it\\\/boutique\\\/livres\\\/litterature\\\/romans\\\/mon-vrai-nom-est-elisabeth\\\/#breadcrumb\",\"itemListElement\":[{\"@type\":\"ListItem\",\"position\":1,\"name\":\"Accueil\",\"item\":\"http:\\\/\\\/lechappeeclose.it\\\/\"},{\"@type\":\"ListItem\",\"position\":2,\"name\":\"Boutique\",\"item\":\"http:\\\/\\\/lechappeeclose.it\\\/boutique\\\/\"},{\"@type\":\"ListItem\",\"position\":3,\"name\":\"Mon vrai nom est Elisabeth\"}]},{\"@type\":\"WebSite\",\"@id\":\"http:\\\/\\\/lechappeeclose.it\\\/#website\",\"url\":\"http:\\\/\\\/lechappeeclose.it\\\/\",\"name\":\"l&#039;\u00e9chapp\u00e9e close\",\"description\":\"la librairie fran\u00e7aise de Milan\",\"publisher\":{\"@id\":\"http:\\\/\\\/lechappeeclose.it\\\/#organization\"},\"alternateName\":\"La librairie fran\u00e7aise de Milan\",\"potentialAction\":[{\"@type\":\"SearchAction\",\"target\":{\"@type\":\"EntryPoint\",\"urlTemplate\":\"http:\\\/\\\/lechappeeclose.it\\\/?s={search_term_string}\"},\"query-input\":{\"@type\":\"PropertyValueSpecification\",\"valueRequired\":true,\"valueName\":\"search_term_string\"}}],\"inLanguage\":\"it-IT\"},{\"@type\":\"Organization\",\"@id\":\"http:\\\/\\\/lechappeeclose.it\\\/#organization\",\"name\":\"l&#039;\u00e9chapp\u00e9e close\",\"url\":\"http:\\\/\\\/lechappeeclose.it\\\/\",\"logo\":{\"@type\":\"ImageObject\",\"inLanguage\":\"it-IT\",\"@id\":\"http:\\\/\\\/lechappeeclose.it\\\/#\\\/schema\\\/logo\\\/image\\\/\",\"url\":\"http:\\\/\\\/lechappeeclose.it\\\/wp-content\\\/uploads\\\/2025\\\/02\\\/cropped-logo-rond.png\",\"contentUrl\":\"http:\\\/\\\/lechappeeclose.it\\\/wp-content\\\/uploads\\\/2025\\\/02\\\/cropped-logo-rond.png\",\"width\":1080,\"height\":1080,\"caption\":\"l&#039;\u00e9chapp\u00e9e close\"},\"image\":{\"@id\":\"http:\\\/\\\/lechappeeclose.it\\\/#\\\/schema\\\/logo\\\/image\\\/\"},\"sameAs\":[\"https:\\\/\\\/www.instagram.com\\\/lechappeeclose\\\/\"]}]}<\/script>\n<!-- \/ Yoast SEO plugin. -->","yoast_head_json":{"title":"Mon vrai nom est Elisabeth - l&#039;\u00e9chapp\u00e9e close","robots":{"index":"index","follow":"follow","max-snippet":"max-snippet:-1","max-image-preview":"max-image-preview:large","max-video-preview":"max-video-preview:-1"},"canonical":"http:\/\/lechappeeclose.it\/it\/boutique\/livres\/litterature\/romans\/mon-vrai-nom-est-elisabeth\/","og_locale":"it_IT","og_type":"article","og_title":"Mon vrai nom est Elisabeth - l&#039;\u00e9chapp\u00e9e close","og_description":"Une chercheuse craignant de devenir folle m\u00e8ne une enqu\u00eate pour tenter de rompre le silence qui entoure la maladie de son arri\u00e8re-grand-m\u00e8re Elisabeth, dite Betsy, diagnostiqu\u00e9e schizophr\u00e8ne dans les ann\u00e9es 1950. La narratrice ne dispose, sur cette femme morte avant sa naissance, que de quelques l\u00e9gendes familiales dont les r\u00e9cits fluctuent. Une vieille dame coquette [&hellip;]","og_url":"http:\/\/lechappeeclose.it\/it\/boutique\/livres\/litterature\/romans\/mon-vrai-nom-est-elisabeth\/","og_site_name":"l&#039;\u00e9chapp\u00e9e close","article_modified_time":"2025-10-15T12:30:08+00:00","og_image":[{"width":317,"height":466,"url":"http:\/\/lechappeeclose.it\/wp-content\/uploads\/2025\/04\/Mon-vrai-nom-est-Elisabeth.jpeg","type":"image\/jpeg"}],"twitter_card":"summary_large_image","twitter_misc":{"Tempo di lettura stimato":"1 minuto"},"schema":{"@context":"https:\/\/schema.org","@graph":[{"@type":"WebPage","@id":"http:\/\/lechappeeclose.it\/boutique\/livres\/litterature\/romans\/mon-vrai-nom-est-elisabeth\/","url":"http:\/\/lechappeeclose.it\/boutique\/livres\/litterature\/romans\/mon-vrai-nom-est-elisabeth\/","name":"Mon vrai nom est Elisabeth - l&#039;\u00e9chapp\u00e9e close","isPartOf":{"@id":"http:\/\/lechappeeclose.it\/#website"},"primaryImageOfPage":{"@id":"http:\/\/lechappeeclose.it\/boutique\/livres\/litterature\/romans\/mon-vrai-nom-est-elisabeth\/#primaryimage"},"image":{"@id":"http:\/\/lechappeeclose.it\/boutique\/livres\/litterature\/romans\/mon-vrai-nom-est-elisabeth\/#primaryimage"},"thumbnailUrl":"http:\/\/lechappeeclose.it\/wp-content\/uploads\/2025\/04\/Mon-vrai-nom-est-Elisabeth.jpeg","datePublished":"2025-04-10T16:10:30+00:00","dateModified":"2025-10-15T12:30:08+00:00","breadcrumb":{"@id":"http:\/\/lechappeeclose.it\/boutique\/livres\/litterature\/romans\/mon-vrai-nom-est-elisabeth\/#breadcrumb"},"inLanguage":"it-IT","potentialAction":[{"@type":"ReadAction","target":["http:\/\/lechappeeclose.it\/boutique\/livres\/litterature\/romans\/mon-vrai-nom-est-elisabeth\/"]}]},{"@type":"ImageObject","inLanguage":"it-IT","@id":"http:\/\/lechappeeclose.it\/boutique\/livres\/litterature\/romans\/mon-vrai-nom-est-elisabeth\/#primaryimage","url":"http:\/\/lechappeeclose.it\/wp-content\/uploads\/2025\/04\/Mon-vrai-nom-est-Elisabeth.jpeg","contentUrl":"http:\/\/lechappeeclose.it\/wp-content\/uploads\/2025\/04\/Mon-vrai-nom-est-Elisabeth.jpeg","width":317,"height":466},{"@type":"BreadcrumbList","@id":"http:\/\/lechappeeclose.it\/boutique\/livres\/litterature\/romans\/mon-vrai-nom-est-elisabeth\/#breadcrumb","itemListElement":[{"@type":"ListItem","position":1,"name":"Accueil","item":"http:\/\/lechappeeclose.it\/"},{"@type":"ListItem","position":2,"name":"Boutique","item":"http:\/\/lechappeeclose.it\/boutique\/"},{"@type":"ListItem","position":3,"name":"Mon vrai nom est Elisabeth"}]},{"@type":"WebSite","@id":"http:\/\/lechappeeclose.it\/#website","url":"http:\/\/lechappeeclose.it\/","name":"l&#039;\u00e9chapp\u00e9e close","description":"La libreria francese di Milano","publisher":{"@id":"http:\/\/lechappeeclose.it\/#organization"},"alternateName":"La librairie fran\u00e7aise de Milan","potentialAction":[{"@type":"SearchAction","target":{"@type":"EntryPoint","urlTemplate":"http:\/\/lechappeeclose.it\/?s={search_term_string}"},"query-input":{"@type":"PropertyValueSpecification","valueRequired":true,"valueName":"search_term_string"}}],"inLanguage":"it-IT"},{"@type":"Organization","@id":"http:\/\/lechappeeclose.it\/#organization","name":"l&#039;\u00e9chapp\u00e9e close","url":"http:\/\/lechappeeclose.it\/","logo":{"@type":"ImageObject","inLanguage":"it-IT","@id":"http:\/\/lechappeeclose.it\/#\/schema\/logo\/image\/","url":"http:\/\/lechappeeclose.it\/wp-content\/uploads\/2025\/02\/cropped-logo-rond.png","contentUrl":"http:\/\/lechappeeclose.it\/wp-content\/uploads\/2025\/02\/cropped-logo-rond.png","width":1080,"height":1080,"caption":"l&#039;\u00e9chapp\u00e9e close"},"image":{"@id":"http:\/\/lechappeeclose.it\/#\/schema\/logo\/image\/"},"sameAs":["https:\/\/www.instagram.com\/lechappeeclose\/"]}]}},"_links":{"self":[{"href":"http:\/\/lechappeeclose.it\/it\/wp-json\/wp\/v2\/product\/11314","targetHints":{"allow":["GET"]}}],"collection":[{"href":"http:\/\/lechappeeclose.it\/it\/wp-json\/wp\/v2\/product"}],"about":[{"href":"http:\/\/lechappeeclose.it\/it\/wp-json\/wp\/v2\/types\/product"}],"replies":[{"embeddable":true,"href":"http:\/\/lechappeeclose.it\/it\/wp-json\/wp\/v2\/comments?post=11314"}],"wp:featuredmedia":[{"embeddable":true,"href":"http:\/\/lechappeeclose.it\/it\/wp-json\/wp\/v2\/media\/11313"}],"wp:attachment":[{"href":"http:\/\/lechappeeclose.it\/it\/wp-json\/wp\/v2\/media?parent=11314"}],"wp:term":[{"taxonomy":"product_brand","embeddable":true,"href":"http:\/\/lechappeeclose.it\/it\/wp-json\/wp\/v2\/product_brand?post=11314"},{"taxonomy":"product_cat","embeddable":true,"href":"http:\/\/lechappeeclose.it\/it\/wp-json\/wp\/v2\/product_cat?post=11314"},{"taxonomy":"product_tag","embeddable":true,"href":"http:\/\/lechappeeclose.it\/it\/wp-json\/wp\/v2\/product_tag?post=11314"}],"curies":[{"name":"wp","href":"https:\/\/api.w.org\/{rel}","templated":true}]}}