{"id":11305,"date":"2025-04-09T15:48:43","date_gmt":"2025-04-09T13:48:43","guid":{"rendered":"https:\/\/lechappeeclose.it\/boutique\/non%20class\u00e9\/sibylline-chroniques-dune-escort-girl\/"},"modified":"2025-06-06T18:45:40","modified_gmt":"2025-06-06T16:45:40","slug":"sibylline-chroniques-dune-escort-girl","status":"publish","type":"product","link":"http:\/\/lechappeeclose.it\/it\/boutique\/livres\/roman-graphique-bd\/roman-graphique\/sibylline-chroniques-dune-escort-girl\/","title":{"rendered":"Sibylline, chroniques d&#8217;une escort girl"},"content":{"rendered":"<p>\u00c0 tout juste 19 ans, Rapha\u00eblle ressemble \u00e0 toutes les jeunes filles de son \u00e2ge. Fra\u00eechement d\u00e9barqu\u00e9e \u00e0 Paris pour ses \u00e9tudes d\u2019archi, elle encha\u00eene \u00e0 un rythme effr\u00e9n\u00e9 les cours, les nuits blanches \u00e0 travailler sur ses maquettes, les soir\u00e9es \u00e0 servir des bi\u00e8res ou \u00e0 refaire le monde avec sa nouvelle meilleure amie. Mais ce que ses camarades d\u2019amphi ne savent pas c\u2019est que certains soirs Rapha\u00eblle se glisse dans les draps d\u2019h\u00f4tels parisiens et r\u00e9colte quelques billets verts.Avec son tout premier roman graphique, Sixtine Dano cr\u00e9e la surprise. Avec l&#8217;\u00e9l\u00e9gance de l&#8217;encre et du fusain elle d\u00e9peint les questions existentielles du passage de l\u2019enfance \u00e0 l\u2019\u00e2ge adulte, l\u2019exploration de la f\u00e9minit\u00e9 et des rapports de pouvoir dans une soci\u00e9t\u00e9 marqu\u00e9e par le patriarcat et le capitalisme. Au sc\u00e9nario et au dessin la jeune artiste signe un r\u00e9cit terriblement moderne, \u00e0 la fois intime et politique : une p\u00e9pite graphique r\u00e9ussie \u00e0 ne pas manquer.En lire moins<\/p>","protected":false},"excerpt":{"rendered":"<p>\u00c0 tout juste 19 ans, Rapha\u00eblle ressemble \u00e0 toutes les jeunes filles de son \u00e2ge. Fra\u00eechement d\u00e9barqu\u00e9e \u00e0 Paris pour ses \u00e9tudes d\u2019archi, elle encha\u00eene \u00e0 un rythme effr\u00e9n\u00e9 les cours, les nuits blanches \u00e0 travailler sur ses maquettes, les soir\u00e9es \u00e0 servir des bi\u00e8res ou \u00e0 refaire le monde avec sa nouvelle meilleure amie. [&hellip;]<\/p>","protected":false},"featured_media":11304,"comment_status":"open","ping_status":"closed","template":"","meta":[],"product_brand":[],"product_cat":[61],"product_tag":[],"class_list":{"0":"post-11305","1":"product","2":"type-product","3":"status-publish","4":"has-post-thumbnail","6":"product_cat-roman-graphique","8":"first","9":"instock","10":"taxable","11":"shipping-taxable","12":"purchasable","13":"product-type-simple"},"yoast_head":"<!-- This site is optimized with the Yoast SEO plugin v27.4 - https:\/\/yoast.com\/product\/yoast-seo-wordpress\/ -->\n<title>Sibylline, chroniques d&#039;une escort girl - l&#039;\u00e9chapp\u00e9e close<\/title>\n<meta name=\"robots\" content=\"index, follow, max-snippet:-1, max-image-preview:large, max-video-preview:-1\" \/>\n<link rel=\"canonical\" href=\"http:\/\/lechappeeclose.it\/it\/boutique\/livres\/roman-graphique-bd\/roman-graphique\/sibylline-chroniques-dune-escort-girl\/\" \/>\n<meta property=\"og:locale\" content=\"it_IT\" \/>\n<meta property=\"og:type\" content=\"article\" \/>\n<meta property=\"og:title\" content=\"Sibylline, chroniques d&#039;une escort girl - l&#039;\u00e9chapp\u00e9e close\" \/>\n<meta property=\"og:description\" content=\"\u00c0 tout juste 19 ans, Rapha\u00eblle ressemble \u00e0 toutes les jeunes filles de son \u00e2ge. Fra\u00eechement d\u00e9barqu\u00e9e \u00e0 Paris pour ses \u00e9tudes d\u2019archi, elle encha\u00eene \u00e0 un rythme effr\u00e9n\u00e9 les cours, les nuits blanches \u00e0 travailler sur ses maquettes, les soir\u00e9es \u00e0 servir des bi\u00e8res ou \u00e0 refaire le monde avec sa nouvelle meilleure amie. [&hellip;]\" \/>\n<meta property=\"og:url\" content=\"http:\/\/lechappeeclose.it\/it\/boutique\/livres\/roman-graphique-bd\/roman-graphique\/sibylline-chroniques-dune-escort-girl\/\" \/>\n<meta property=\"og:site_name\" content=\"l&#039;\u00e9chapp\u00e9e close\" \/>\n<meta property=\"article:modified_time\" content=\"2025-06-06T16:45:40+00:00\" \/>\n<meta property=\"og:image\" content=\"http:\/\/lechappeeclose.it\/wp-content\/uploads\/2025\/04\/Sibylline-chroniques-dune-escort-girl.jpeg\" \/>\n\t<meta property=\"og:image:width\" content=\"367\" \/>\n\t<meta property=\"og:image:height\" content=\"500\" \/>\n\t<meta property=\"og:image:type\" content=\"image\/jpeg\" \/>\n<meta name=\"twitter:card\" content=\"summary_large_image\" \/>\n<meta name=\"twitter:label1\" content=\"Tempo di lettura stimato\" \/>\n\t<meta name=\"twitter:data1\" content=\"1 minuto\" \/>\n<script type=\"application\/ld+json\" class=\"yoast-schema-graph\">{\"@context\":\"https:\\\/\\\/schema.org\",\"@graph\":[{\"@type\":\"WebPage\",\"@id\":\"http:\\\/\\\/lechappeeclose.it\\\/boutique\\\/livres\\\/roman-graphique-bd\\\/roman-graphique\\\/sibylline-chroniques-dune-escort-girl\\\/\",\"url\":\"http:\\\/\\\/lechappeeclose.it\\\/boutique\\\/livres\\\/roman-graphique-bd\\\/roman-graphique\\\/sibylline-chroniques-dune-escort-girl\\\/\",\"name\":\"Sibylline, chroniques d'une escort girl - l&#039;\u00e9chapp\u00e9e close\",\"isPartOf\":{\"@id\":\"http:\\\/\\\/lechappeeclose.it\\\/#website\"},\"primaryImageOfPage\":{\"@id\":\"http:\\\/\\\/lechappeeclose.it\\\/boutique\\\/livres\\\/roman-graphique-bd\\\/roman-graphique\\\/sibylline-chroniques-dune-escort-girl\\\/#primaryimage\"},\"image\":{\"@id\":\"http:\\\/\\\/lechappeeclose.it\\\/boutique\\\/livres\\\/roman-graphique-bd\\\/roman-graphique\\\/sibylline-chroniques-dune-escort-girl\\\/#primaryimage\"},\"thumbnailUrl\":\"http:\\\/\\\/lechappeeclose.it\\\/wp-content\\\/uploads\\\/2025\\\/04\\\/Sibylline-chroniques-dune-escort-girl.jpeg\",\"datePublished\":\"2025-04-09T13:48:43+00:00\",\"dateModified\":\"2025-06-06T16:45:40+00:00\",\"breadcrumb\":{\"@id\":\"http:\\\/\\\/lechappeeclose.it\\\/boutique\\\/livres\\\/roman-graphique-bd\\\/roman-graphique\\\/sibylline-chroniques-dune-escort-girl\\\/#breadcrumb\"},\"inLanguage\":\"it-IT\",\"potentialAction\":[{\"@type\":\"ReadAction\",\"target\":[\"http:\\\/\\\/lechappeeclose.it\\\/boutique\\\/livres\\\/roman-graphique-bd\\\/roman-graphique\\\/sibylline-chroniques-dune-escort-girl\\\/\"]}]},{\"@type\":\"ImageObject\",\"inLanguage\":\"it-IT\",\"@id\":\"http:\\\/\\\/lechappeeclose.it\\\/boutique\\\/livres\\\/roman-graphique-bd\\\/roman-graphique\\\/sibylline-chroniques-dune-escort-girl\\\/#primaryimage\",\"url\":\"http:\\\/\\\/lechappeeclose.it\\\/wp-content\\\/uploads\\\/2025\\\/04\\\/Sibylline-chroniques-dune-escort-girl.jpeg\",\"contentUrl\":\"http:\\\/\\\/lechappeeclose.it\\\/wp-content\\\/uploads\\\/2025\\\/04\\\/Sibylline-chroniques-dune-escort-girl.jpeg\",\"width\":367,\"height\":500},{\"@type\":\"BreadcrumbList\",\"@id\":\"http:\\\/\\\/lechappeeclose.it\\\/boutique\\\/livres\\\/roman-graphique-bd\\\/roman-graphique\\\/sibylline-chroniques-dune-escort-girl\\\/#breadcrumb\",\"itemListElement\":[{\"@type\":\"ListItem\",\"position\":1,\"name\":\"Accueil\",\"item\":\"http:\\\/\\\/lechappeeclose.it\\\/\"},{\"@type\":\"ListItem\",\"position\":2,\"name\":\"Boutique\",\"item\":\"http:\\\/\\\/lechappeeclose.it\\\/it\\\/boutique\\\/\"},{\"@type\":\"ListItem\",\"position\":3,\"name\":\"Sibylline, chroniques d&#8217;une escort girl\"}]},{\"@type\":\"WebSite\",\"@id\":\"http:\\\/\\\/lechappeeclose.it\\\/#website\",\"url\":\"http:\\\/\\\/lechappeeclose.it\\\/\",\"name\":\"l&#039;\u00e9chapp\u00e9e close\",\"description\":\"la librairie fran\u00e7aise de Milan\",\"publisher\":{\"@id\":\"http:\\\/\\\/lechappeeclose.it\\\/#organization\"},\"alternateName\":\"La librairie fran\u00e7aise de Milan\",\"potentialAction\":[{\"@type\":\"SearchAction\",\"target\":{\"@type\":\"EntryPoint\",\"urlTemplate\":\"http:\\\/\\\/lechappeeclose.it\\\/?s={search_term_string}\"},\"query-input\":{\"@type\":\"PropertyValueSpecification\",\"valueRequired\":true,\"valueName\":\"search_term_string\"}}],\"inLanguage\":\"it-IT\"},{\"@type\":\"Organization\",\"@id\":\"http:\\\/\\\/lechappeeclose.it\\\/#organization\",\"name\":\"l&#039;\u00e9chapp\u00e9e close\",\"url\":\"http:\\\/\\\/lechappeeclose.it\\\/\",\"logo\":{\"@type\":\"ImageObject\",\"inLanguage\":\"it-IT\",\"@id\":\"http:\\\/\\\/lechappeeclose.it\\\/#\\\/schema\\\/logo\\\/image\\\/\",\"url\":\"http:\\\/\\\/lechappeeclose.it\\\/wp-content\\\/uploads\\\/2025\\\/02\\\/cropped-logo-rond.png\",\"contentUrl\":\"http:\\\/\\\/lechappeeclose.it\\\/wp-content\\\/uploads\\\/2025\\\/02\\\/cropped-logo-rond.png\",\"width\":1080,\"height\":1080,\"caption\":\"l&#039;\u00e9chapp\u00e9e close\"},\"image\":{\"@id\":\"http:\\\/\\\/lechappeeclose.it\\\/#\\\/schema\\\/logo\\\/image\\\/\"},\"sameAs\":[\"https:\\\/\\\/www.instagram.com\\\/lechappeeclose\\\/\"]}]}<\/script>\n<!-- \/ Yoast SEO plugin. -->","yoast_head_json":{"title":"Sibylline, chroniques d'une escort girl - l&#039;\u00e9chapp\u00e9e close","robots":{"index":"index","follow":"follow","max-snippet":"max-snippet:-1","max-image-preview":"max-image-preview:large","max-video-preview":"max-video-preview:-1"},"canonical":"http:\/\/lechappeeclose.it\/it\/boutique\/livres\/roman-graphique-bd\/roman-graphique\/sibylline-chroniques-dune-escort-girl\/","og_locale":"it_IT","og_type":"article","og_title":"Sibylline, chroniques d'une escort girl - l&#039;\u00e9chapp\u00e9e close","og_description":"\u00c0 tout juste 19 ans, Rapha\u00eblle ressemble \u00e0 toutes les jeunes filles de son \u00e2ge. Fra\u00eechement d\u00e9barqu\u00e9e \u00e0 Paris pour ses \u00e9tudes d\u2019archi, elle encha\u00eene \u00e0 un rythme effr\u00e9n\u00e9 les cours, les nuits blanches \u00e0 travailler sur ses maquettes, les soir\u00e9es \u00e0 servir des bi\u00e8res ou \u00e0 refaire le monde avec sa nouvelle meilleure amie. [&hellip;]","og_url":"http:\/\/lechappeeclose.it\/it\/boutique\/livres\/roman-graphique-bd\/roman-graphique\/sibylline-chroniques-dune-escort-girl\/","og_site_name":"l&#039;\u00e9chapp\u00e9e close","article_modified_time":"2025-06-06T16:45:40+00:00","og_image":[{"width":367,"height":500,"url":"http:\/\/lechappeeclose.it\/wp-content\/uploads\/2025\/04\/Sibylline-chroniques-dune-escort-girl.jpeg","type":"image\/jpeg"}],"twitter_card":"summary_large_image","twitter_misc":{"Tempo di lettura stimato":"1 minuto"},"schema":{"@context":"https:\/\/schema.org","@graph":[{"@type":"WebPage","@id":"http:\/\/lechappeeclose.it\/boutique\/livres\/roman-graphique-bd\/roman-graphique\/sibylline-chroniques-dune-escort-girl\/","url":"http:\/\/lechappeeclose.it\/boutique\/livres\/roman-graphique-bd\/roman-graphique\/sibylline-chroniques-dune-escort-girl\/","name":"Sibylline, chroniques d'une escort girl - l&#039;\u00e9chapp\u00e9e close","isPartOf":{"@id":"http:\/\/lechappeeclose.it\/#website"},"primaryImageOfPage":{"@id":"http:\/\/lechappeeclose.it\/boutique\/livres\/roman-graphique-bd\/roman-graphique\/sibylline-chroniques-dune-escort-girl\/#primaryimage"},"image":{"@id":"http:\/\/lechappeeclose.it\/boutique\/livres\/roman-graphique-bd\/roman-graphique\/sibylline-chroniques-dune-escort-girl\/#primaryimage"},"thumbnailUrl":"http:\/\/lechappeeclose.it\/wp-content\/uploads\/2025\/04\/Sibylline-chroniques-dune-escort-girl.jpeg","datePublished":"2025-04-09T13:48:43+00:00","dateModified":"2025-06-06T16:45:40+00:00","breadcrumb":{"@id":"http:\/\/lechappeeclose.it\/boutique\/livres\/roman-graphique-bd\/roman-graphique\/sibylline-chroniques-dune-escort-girl\/#breadcrumb"},"inLanguage":"it-IT","potentialAction":[{"@type":"ReadAction","target":["http:\/\/lechappeeclose.it\/boutique\/livres\/roman-graphique-bd\/roman-graphique\/sibylline-chroniques-dune-escort-girl\/"]}]},{"@type":"ImageObject","inLanguage":"it-IT","@id":"http:\/\/lechappeeclose.it\/boutique\/livres\/roman-graphique-bd\/roman-graphique\/sibylline-chroniques-dune-escort-girl\/#primaryimage","url":"http:\/\/lechappeeclose.it\/wp-content\/uploads\/2025\/04\/Sibylline-chroniques-dune-escort-girl.jpeg","contentUrl":"http:\/\/lechappeeclose.it\/wp-content\/uploads\/2025\/04\/Sibylline-chroniques-dune-escort-girl.jpeg","width":367,"height":500},{"@type":"BreadcrumbList","@id":"http:\/\/lechappeeclose.it\/boutique\/livres\/roman-graphique-bd\/roman-graphique\/sibylline-chroniques-dune-escort-girl\/#breadcrumb","itemListElement":[{"@type":"ListItem","position":1,"name":"Accueil","item":"http:\/\/lechappeeclose.it\/"},{"@type":"ListItem","position":2,"name":"Boutique","item":"http:\/\/lechappeeclose.it\/it\/boutique\/"},{"@type":"ListItem","position":3,"name":"Sibylline, chroniques d&#8217;une escort girl"}]},{"@type":"WebSite","@id":"http:\/\/lechappeeclose.it\/#website","url":"http:\/\/lechappeeclose.it\/","name":"l&#039;\u00e9chapp\u00e9e close","description":"La libreria francese di Milano","publisher":{"@id":"http:\/\/lechappeeclose.it\/#organization"},"alternateName":"La librairie fran\u00e7aise de Milan","potentialAction":[{"@type":"SearchAction","target":{"@type":"EntryPoint","urlTemplate":"http:\/\/lechappeeclose.it\/?s={search_term_string}"},"query-input":{"@type":"PropertyValueSpecification","valueRequired":true,"valueName":"search_term_string"}}],"inLanguage":"it-IT"},{"@type":"Organization","@id":"http:\/\/lechappeeclose.it\/#organization","name":"l&#039;\u00e9chapp\u00e9e close","url":"http:\/\/lechappeeclose.it\/","logo":{"@type":"ImageObject","inLanguage":"it-IT","@id":"http:\/\/lechappeeclose.it\/#\/schema\/logo\/image\/","url":"http:\/\/lechappeeclose.it\/wp-content\/uploads\/2025\/02\/cropped-logo-rond.png","contentUrl":"http:\/\/lechappeeclose.it\/wp-content\/uploads\/2025\/02\/cropped-logo-rond.png","width":1080,"height":1080,"caption":"l&#039;\u00e9chapp\u00e9e close"},"image":{"@id":"http:\/\/lechappeeclose.it\/#\/schema\/logo\/image\/"},"sameAs":["https:\/\/www.instagram.com\/lechappeeclose\/"]}]}},"_links":{"self":[{"href":"http:\/\/lechappeeclose.it\/it\/wp-json\/wp\/v2\/product\/11305","targetHints":{"allow":["GET"]}}],"collection":[{"href":"http:\/\/lechappeeclose.it\/it\/wp-json\/wp\/v2\/product"}],"about":[{"href":"http:\/\/lechappeeclose.it\/it\/wp-json\/wp\/v2\/types\/product"}],"replies":[{"embeddable":true,"href":"http:\/\/lechappeeclose.it\/it\/wp-json\/wp\/v2\/comments?post=11305"}],"wp:featuredmedia":[{"embeddable":true,"href":"http:\/\/lechappeeclose.it\/it\/wp-json\/wp\/v2\/media\/11304"}],"wp:attachment":[{"href":"http:\/\/lechappeeclose.it\/it\/wp-json\/wp\/v2\/media?parent=11305"}],"wp:term":[{"taxonomy":"product_brand","embeddable":true,"href":"http:\/\/lechappeeclose.it\/it\/wp-json\/wp\/v2\/product_brand?post=11305"},{"taxonomy":"product_cat","embeddable":true,"href":"http:\/\/lechappeeclose.it\/it\/wp-json\/wp\/v2\/product_cat?post=11305"},{"taxonomy":"product_tag","embeddable":true,"href":"http:\/\/lechappeeclose.it\/it\/wp-json\/wp\/v2\/product_tag?post=11305"}],"curies":[{"name":"wp","href":"https:\/\/api.w.org\/{rel}","templated":true}]}}