{"id":11245,"date":"2025-03-20T15:17:26","date_gmt":"2025-03-20T14:17:26","guid":{"rendered":"https:\/\/lechappeeclose.it\/boutique\/non class\u00e9\/lange-pasolini\/"},"modified":"2026-01-10T17:21:42","modified_gmt":"2026-01-10T16:21:42","slug":"lange-pasolini","status":"publish","type":"product","link":"http:\/\/lechappeeclose.it\/it\/boutique\/livres\/roman-graphique-bd\/biographies\/lange-pasolini\/","title":{"rendered":"L&#8217;Ange Pasolini"},"content":{"rendered":"<p>Novembre 1975. Attir\u00e9 dans un guet-apens sur une plage d&#8217;Ostie, Pier Paolo Pasolini, 53 ans, est molest\u00e9 et assassin\u00e9 par une bande de gar\u00e7ons masqu\u00e9s. Agonisant dans ce no man&#8217;s land, le plus pieux de tous les blasph\u00e9mateurs voit para\u00eetre son ange. Le dialogue s&#8217;engage&#8230; \u00c0 l&#8217;occasion du cinquanti\u00e8me anniversaire de sa disparition, un portrait introspectif, lyrique et cisel\u00e9 du scandaleux po\u00e8te, pol\u00e9miste et cin\u00e9aste italien, auteur de Th\u00e9or\u00e8me, Porcherie, Sal\u00f2 et autres chefs-d&#8217;oeuvre du 7\u00e8me art.<\/p>","protected":false},"excerpt":{"rendered":"<p>Novembre 1975. Attir\u00e9 dans un guet-apens sur une plage d&#8217;Ostie, Pier Paolo Pasolini, 53 ans, est molest\u00e9 et assassin\u00e9 par une bande de gar\u00e7ons masqu\u00e9s. Agonisant dans ce no man&#8217;s land, le plus pieux de tous les blasph\u00e9mateurs voit para\u00eetre son ange. Le dialogue s&#8217;engage&#8230; \u00c0 l&#8217;occasion du cinquanti\u00e8me anniversaire de sa disparition, un portrait [&hellip;]<\/p>","protected":false},"featured_media":11244,"comment_status":"open","ping_status":"closed","template":"","meta":[],"product_brand":[],"product_cat":[55],"product_tag":[],"class_list":{"0":"post-11245","1":"product","2":"type-product","3":"status-publish","4":"has-post-thumbnail","6":"product_cat-biographies","8":"first","9":"instock","10":"taxable","11":"shipping-taxable","12":"purchasable","13":"product-type-simple"},"yoast_head":"<!-- This site is optimized with the Yoast SEO plugin v27.4 - https:\/\/yoast.com\/product\/yoast-seo-wordpress\/ -->\n<title>L&#039;Ange Pasolini - l&#039;\u00e9chapp\u00e9e close<\/title>\n<meta name=\"robots\" content=\"index, follow, max-snippet:-1, max-image-preview:large, max-video-preview:-1\" \/>\n<link rel=\"canonical\" href=\"http:\/\/lechappeeclose.it\/it\/boutique\/livres\/roman-graphique-bd\/biographies\/lange-pasolini\/\" \/>\n<meta property=\"og:locale\" content=\"it_IT\" \/>\n<meta property=\"og:type\" content=\"article\" \/>\n<meta property=\"og:title\" content=\"L&#039;Ange Pasolini - l&#039;\u00e9chapp\u00e9e close\" \/>\n<meta property=\"og:description\" content=\"Novembre 1975. Attir\u00e9 dans un guet-apens sur une plage d&#8217;Ostie, Pier Paolo Pasolini, 53 ans, est molest\u00e9 et assassin\u00e9 par une bande de gar\u00e7ons masqu\u00e9s. Agonisant dans ce no man&#8217;s land, le plus pieux de tous les blasph\u00e9mateurs voit para\u00eetre son ange. Le dialogue s&#8217;engage&#8230; \u00c0 l&#8217;occasion du cinquanti\u00e8me anniversaire de sa disparition, un portrait [&hellip;]\" \/>\n<meta property=\"og:url\" content=\"http:\/\/lechappeeclose.it\/it\/boutique\/livres\/roman-graphique-bd\/biographies\/lange-pasolini\/\" \/>\n<meta property=\"og:site_name\" content=\"l&#039;\u00e9chapp\u00e9e close\" \/>\n<meta property=\"article:modified_time\" content=\"2026-01-10T16:21:42+00:00\" \/>\n<meta property=\"og:image\" content=\"http:\/\/lechappeeclose.it\/wp-content\/uploads\/2025\/03\/LAnge-Pasolini.jpeg\" \/>\n\t<meta property=\"og:image:width\" content=\"399\" \/>\n\t<meta property=\"og:image:height\" content=\"500\" \/>\n\t<meta property=\"og:image:type\" content=\"image\/jpeg\" \/>\n<meta name=\"twitter:card\" content=\"summary_large_image\" \/>\n<script type=\"application\/ld+json\" class=\"yoast-schema-graph\">{\"@context\":\"https:\\\/\\\/schema.org\",\"@graph\":[{\"@type\":\"WebPage\",\"@id\":\"http:\\\/\\\/lechappeeclose.it\\\/it\\\/boutique\\\/livres\\\/roman-graphique-bd\\\/biographies\\\/lange-pasolini\\\/\",\"url\":\"http:\\\/\\\/lechappeeclose.it\\\/it\\\/boutique\\\/livres\\\/roman-graphique-bd\\\/biographies\\\/lange-pasolini\\\/\",\"name\":\"L'Ange Pasolini - l&#039;\u00e9chapp\u00e9e close\",\"isPartOf\":{\"@id\":\"http:\\\/\\\/lechappeeclose.it\\\/#website\"},\"primaryImageOfPage\":{\"@id\":\"http:\\\/\\\/lechappeeclose.it\\\/it\\\/boutique\\\/livres\\\/roman-graphique-bd\\\/biographies\\\/lange-pasolini\\\/#primaryimage\"},\"image\":{\"@id\":\"http:\\\/\\\/lechappeeclose.it\\\/it\\\/boutique\\\/livres\\\/roman-graphique-bd\\\/biographies\\\/lange-pasolini\\\/#primaryimage\"},\"thumbnailUrl\":\"http:\\\/\\\/lechappeeclose.it\\\/wp-content\\\/uploads\\\/2025\\\/03\\\/LAnge-Pasolini.jpeg\",\"datePublished\":\"2025-03-20T14:17:26+00:00\",\"dateModified\":\"2026-01-10T16:21:42+00:00\",\"breadcrumb\":{\"@id\":\"http:\\\/\\\/lechappeeclose.it\\\/it\\\/boutique\\\/livres\\\/roman-graphique-bd\\\/biographies\\\/lange-pasolini\\\/#breadcrumb\"},\"inLanguage\":\"it-IT\",\"potentialAction\":[{\"@type\":\"ReadAction\",\"target\":[\"http:\\\/\\\/lechappeeclose.it\\\/it\\\/boutique\\\/livres\\\/roman-graphique-bd\\\/biographies\\\/lange-pasolini\\\/\"]}]},{\"@type\":\"ImageObject\",\"inLanguage\":\"it-IT\",\"@id\":\"http:\\\/\\\/lechappeeclose.it\\\/it\\\/boutique\\\/livres\\\/roman-graphique-bd\\\/biographies\\\/lange-pasolini\\\/#primaryimage\",\"url\":\"http:\\\/\\\/lechappeeclose.it\\\/wp-content\\\/uploads\\\/2025\\\/03\\\/LAnge-Pasolini.jpeg\",\"contentUrl\":\"http:\\\/\\\/lechappeeclose.it\\\/wp-content\\\/uploads\\\/2025\\\/03\\\/LAnge-Pasolini.jpeg\",\"width\":399,\"height\":500},{\"@type\":\"BreadcrumbList\",\"@id\":\"http:\\\/\\\/lechappeeclose.it\\\/it\\\/boutique\\\/livres\\\/roman-graphique-bd\\\/biographies\\\/lange-pasolini\\\/#breadcrumb\",\"itemListElement\":[{\"@type\":\"ListItem\",\"position\":1,\"name\":\"Accueil\",\"item\":\"http:\\\/\\\/lechappeeclose.it\\\/\"},{\"@type\":\"ListItem\",\"position\":2,\"name\":\"Boutique\",\"item\":\"http:\\\/\\\/lechappeeclose.it\\\/it\\\/boutique\\\/\"},{\"@type\":\"ListItem\",\"position\":3,\"name\":\"L&#8217;Ange Pasolini\"}]},{\"@type\":\"WebSite\",\"@id\":\"http:\\\/\\\/lechappeeclose.it\\\/#website\",\"url\":\"http:\\\/\\\/lechappeeclose.it\\\/\",\"name\":\"l&#039;\u00e9chapp\u00e9e close\",\"description\":\"la librairie fran\u00e7aise de Milan\",\"publisher\":{\"@id\":\"http:\\\/\\\/lechappeeclose.it\\\/#organization\"},\"alternateName\":\"La librairie fran\u00e7aise de Milan\",\"potentialAction\":[{\"@type\":\"SearchAction\",\"target\":{\"@type\":\"EntryPoint\",\"urlTemplate\":\"http:\\\/\\\/lechappeeclose.it\\\/?s={search_term_string}\"},\"query-input\":{\"@type\":\"PropertyValueSpecification\",\"valueRequired\":true,\"valueName\":\"search_term_string\"}}],\"inLanguage\":\"it-IT\"},{\"@type\":\"Organization\",\"@id\":\"http:\\\/\\\/lechappeeclose.it\\\/#organization\",\"name\":\"l&#039;\u00e9chapp\u00e9e close\",\"url\":\"http:\\\/\\\/lechappeeclose.it\\\/\",\"logo\":{\"@type\":\"ImageObject\",\"inLanguage\":\"it-IT\",\"@id\":\"http:\\\/\\\/lechappeeclose.it\\\/#\\\/schema\\\/logo\\\/image\\\/\",\"url\":\"http:\\\/\\\/lechappeeclose.it\\\/wp-content\\\/uploads\\\/2025\\\/02\\\/cropped-logo-rond.png\",\"contentUrl\":\"http:\\\/\\\/lechappeeclose.it\\\/wp-content\\\/uploads\\\/2025\\\/02\\\/cropped-logo-rond.png\",\"width\":1080,\"height\":1080,\"caption\":\"l&#039;\u00e9chapp\u00e9e close\"},\"image\":{\"@id\":\"http:\\\/\\\/lechappeeclose.it\\\/#\\\/schema\\\/logo\\\/image\\\/\"},\"sameAs\":[\"https:\\\/\\\/www.instagram.com\\\/lechappeeclose\\\/\"]}]}<\/script>\n<!-- \/ Yoast SEO plugin. -->","yoast_head_json":{"title":"L'Ange Pasolini - l&#039;\u00e9chapp\u00e9e close","robots":{"index":"index","follow":"follow","max-snippet":"max-snippet:-1","max-image-preview":"max-image-preview:large","max-video-preview":"max-video-preview:-1"},"canonical":"http:\/\/lechappeeclose.it\/it\/boutique\/livres\/roman-graphique-bd\/biographies\/lange-pasolini\/","og_locale":"it_IT","og_type":"article","og_title":"L'Ange Pasolini - l&#039;\u00e9chapp\u00e9e close","og_description":"Novembre 1975. Attir\u00e9 dans un guet-apens sur une plage d&#8217;Ostie, Pier Paolo Pasolini, 53 ans, est molest\u00e9 et assassin\u00e9 par une bande de gar\u00e7ons masqu\u00e9s. Agonisant dans ce no man&#8217;s land, le plus pieux de tous les blasph\u00e9mateurs voit para\u00eetre son ange. Le dialogue s&#8217;engage&#8230; \u00c0 l&#8217;occasion du cinquanti\u00e8me anniversaire de sa disparition, un portrait [&hellip;]","og_url":"http:\/\/lechappeeclose.it\/it\/boutique\/livres\/roman-graphique-bd\/biographies\/lange-pasolini\/","og_site_name":"l&#039;\u00e9chapp\u00e9e close","article_modified_time":"2026-01-10T16:21:42+00:00","og_image":[{"width":399,"height":500,"url":"http:\/\/lechappeeclose.it\/wp-content\/uploads\/2025\/03\/LAnge-Pasolini.jpeg","type":"image\/jpeg"}],"twitter_card":"summary_large_image","schema":{"@context":"https:\/\/schema.org","@graph":[{"@type":"WebPage","@id":"http:\/\/lechappeeclose.it\/it\/boutique\/livres\/roman-graphique-bd\/biographies\/lange-pasolini\/","url":"http:\/\/lechappeeclose.it\/it\/boutique\/livres\/roman-graphique-bd\/biographies\/lange-pasolini\/","name":"L'Ange Pasolini - l&#039;\u00e9chapp\u00e9e close","isPartOf":{"@id":"http:\/\/lechappeeclose.it\/#website"},"primaryImageOfPage":{"@id":"http:\/\/lechappeeclose.it\/it\/boutique\/livres\/roman-graphique-bd\/biographies\/lange-pasolini\/#primaryimage"},"image":{"@id":"http:\/\/lechappeeclose.it\/it\/boutique\/livres\/roman-graphique-bd\/biographies\/lange-pasolini\/#primaryimage"},"thumbnailUrl":"http:\/\/lechappeeclose.it\/wp-content\/uploads\/2025\/03\/LAnge-Pasolini.jpeg","datePublished":"2025-03-20T14:17:26+00:00","dateModified":"2026-01-10T16:21:42+00:00","breadcrumb":{"@id":"http:\/\/lechappeeclose.it\/it\/boutique\/livres\/roman-graphique-bd\/biographies\/lange-pasolini\/#breadcrumb"},"inLanguage":"it-IT","potentialAction":[{"@type":"ReadAction","target":["http:\/\/lechappeeclose.it\/it\/boutique\/livres\/roman-graphique-bd\/biographies\/lange-pasolini\/"]}]},{"@type":"ImageObject","inLanguage":"it-IT","@id":"http:\/\/lechappeeclose.it\/it\/boutique\/livres\/roman-graphique-bd\/biographies\/lange-pasolini\/#primaryimage","url":"http:\/\/lechappeeclose.it\/wp-content\/uploads\/2025\/03\/LAnge-Pasolini.jpeg","contentUrl":"http:\/\/lechappeeclose.it\/wp-content\/uploads\/2025\/03\/LAnge-Pasolini.jpeg","width":399,"height":500},{"@type":"BreadcrumbList","@id":"http:\/\/lechappeeclose.it\/it\/boutique\/livres\/roman-graphique-bd\/biographies\/lange-pasolini\/#breadcrumb","itemListElement":[{"@type":"ListItem","position":1,"name":"Accueil","item":"http:\/\/lechappeeclose.it\/"},{"@type":"ListItem","position":2,"name":"Boutique","item":"http:\/\/lechappeeclose.it\/it\/boutique\/"},{"@type":"ListItem","position":3,"name":"L&#8217;Ange Pasolini"}]},{"@type":"WebSite","@id":"http:\/\/lechappeeclose.it\/#website","url":"http:\/\/lechappeeclose.it\/","name":"l&#039;\u00e9chapp\u00e9e close","description":"La libreria francese di Milano","publisher":{"@id":"http:\/\/lechappeeclose.it\/#organization"},"alternateName":"La librairie fran\u00e7aise de Milan","potentialAction":[{"@type":"SearchAction","target":{"@type":"EntryPoint","urlTemplate":"http:\/\/lechappeeclose.it\/?s={search_term_string}"},"query-input":{"@type":"PropertyValueSpecification","valueRequired":true,"valueName":"search_term_string"}}],"inLanguage":"it-IT"},{"@type":"Organization","@id":"http:\/\/lechappeeclose.it\/#organization","name":"l&#039;\u00e9chapp\u00e9e close","url":"http:\/\/lechappeeclose.it\/","logo":{"@type":"ImageObject","inLanguage":"it-IT","@id":"http:\/\/lechappeeclose.it\/#\/schema\/logo\/image\/","url":"http:\/\/lechappeeclose.it\/wp-content\/uploads\/2025\/02\/cropped-logo-rond.png","contentUrl":"http:\/\/lechappeeclose.it\/wp-content\/uploads\/2025\/02\/cropped-logo-rond.png","width":1080,"height":1080,"caption":"l&#039;\u00e9chapp\u00e9e close"},"image":{"@id":"http:\/\/lechappeeclose.it\/#\/schema\/logo\/image\/"},"sameAs":["https:\/\/www.instagram.com\/lechappeeclose\/"]}]}},"_links":{"self":[{"href":"http:\/\/lechappeeclose.it\/it\/wp-json\/wp\/v2\/product\/11245","targetHints":{"allow":["GET"]}}],"collection":[{"href":"http:\/\/lechappeeclose.it\/it\/wp-json\/wp\/v2\/product"}],"about":[{"href":"http:\/\/lechappeeclose.it\/it\/wp-json\/wp\/v2\/types\/product"}],"replies":[{"embeddable":true,"href":"http:\/\/lechappeeclose.it\/it\/wp-json\/wp\/v2\/comments?post=11245"}],"wp:featuredmedia":[{"embeddable":true,"href":"http:\/\/lechappeeclose.it\/it\/wp-json\/wp\/v2\/media\/11244"}],"wp:attachment":[{"href":"http:\/\/lechappeeclose.it\/it\/wp-json\/wp\/v2\/media?parent=11245"}],"wp:term":[{"taxonomy":"product_brand","embeddable":true,"href":"http:\/\/lechappeeclose.it\/it\/wp-json\/wp\/v2\/product_brand?post=11245"},{"taxonomy":"product_cat","embeddable":true,"href":"http:\/\/lechappeeclose.it\/it\/wp-json\/wp\/v2\/product_cat?post=11245"},{"taxonomy":"product_tag","embeddable":true,"href":"http:\/\/lechappeeclose.it\/it\/wp-json\/wp\/v2\/product_tag?post=11245"}],"curies":[{"name":"wp","href":"https:\/\/api.w.org\/{rel}","templated":true}]}}