{"id":11235,"date":"2025-03-20T12:31:58","date_gmt":"2025-03-20T11:31:58","guid":{"rendered":"https:\/\/lechappeeclose.it\/boutique\/non%20class\u00e9\/la-tres-catastrophique-visite-du-zoo\/"},"modified":"2025-05-31T17:23:45","modified_gmt":"2025-05-31T15:23:45","slug":"la-tres-catastrophique-visite-du-zoo","status":"publish","type":"product","link":"http:\/\/lechappeeclose.it\/it\/boutique\/livres\/litterature\/polars\/la-tres-catastrophique-visite-du-zoo\/","title":{"rendered":"La tr\u00e8s catastrophique visite du zoo"},"content":{"rendered":"<p>&#8220;Pendant des ann\u00e9es, dans la petite ville o\u00f9 j&#8217;ai grandi, les esprits rest\u00e8rent marqu\u00e9s par les \u00e9v\u00e8nements qui se produisirent au zoo local un vendredi de d\u00e9cembre, \u00e0 quelques jours de No\u00ebl.Et pendant toutes ces ann\u00e9es, personne ne sut la v\u00e9rit\u00e9 sur ce qui s&#8217;\u00e9tait r\u00e9ellement pass\u00e9 l\u00e0-bas. Jusqu&#8217;\u00e0 ce livre.&#8221;\u00c0 la veille de No\u00ebl, une visite scolaire dans un zoo tourne \u00e0 la catastrophe.Que s&#8217;est-il pass\u00e9 exactement ? Les parents de Jos\u00e9phine, qui participait \u00e0 cette sortie et qui semble \u00eatre l&#8217;une des protagonistes de cette affaire, sont bien d\u00e9termin\u00e9s \u00e0 le d\u00e9couvrir.Dans cette qu\u00eate de v\u00e9rit\u00e9, on comprend peu \u00e0 peu qu&#8217;une catastrophe n&#8217;arrive jamais seule. Les apparences sont trompeuses et le r\u00e9cit des \u00e9v\u00e8nements va prendre une tournure que personne n&#8217;\u00e9tait pr\u00e8s d&#8217;imaginer.La Tr\u00e8s Catastrophique Visite du Zoo est une enqu\u00eate qui nous tient en haleine jusqu&#8217;au bout, mais aussi un roman dr\u00f4le et touchant, parsem\u00e9 de clins d&#8217;\u0153il sur nos modes soci\u00e9tales (d\u00e9mocratie, \u00e9ducation inclusive, rapports parents-enseignants). Et c&#8217;est justement le tour de force de ce livre, m\u00ealant plusieurs niveaux de compr\u00e9hension, qui \u00e9merveillera lecteurs de tous \u00e2ges et tous horizons. Un livre pour lire et faire lire. \u00c0 mettre entre toutes les mains !<\/p>","protected":false},"excerpt":{"rendered":"<p>&#8220;Pendant des ann\u00e9es, dans la petite ville o\u00f9 j&#8217;ai grandi, les esprits rest\u00e8rent marqu\u00e9s par les \u00e9v\u00e8nements qui se produisirent au zoo local un vendredi de d\u00e9cembre, \u00e0 quelques jours de No\u00ebl.Et pendant toutes ces ann\u00e9es, personne ne sut la v\u00e9rit\u00e9 sur ce qui s&#8217;\u00e9tait r\u00e9ellement pass\u00e9 l\u00e0-bas. Jusqu&#8217;\u00e0 ce livre.&#8221;\u00c0 la veille de No\u00ebl, [&hellip;]<\/p>","protected":false},"featured_media":11234,"comment_status":"open","ping_status":"closed","template":"","meta":[],"product_brand":[],"product_cat":[47],"product_tag":[],"class_list":{"0":"post-11235","1":"product","2":"type-product","3":"status-publish","4":"has-post-thumbnail","6":"product_cat-polars","8":"first","9":"instock","10":"taxable","11":"shipping-taxable","12":"purchasable","13":"product-type-simple"},"yoast_head":"<!-- This site is optimized with the Yoast SEO plugin v27.4 - https:\/\/yoast.com\/product\/yoast-seo-wordpress\/ -->\n<title>La tr\u00e8s catastrophique visite du zoo - l&#039;\u00e9chapp\u00e9e close<\/title>\n<meta name=\"robots\" content=\"index, follow, max-snippet:-1, max-image-preview:large, max-video-preview:-1\" \/>\n<link rel=\"canonical\" href=\"https:\/\/lechappeeclose.it\/it\/boutique\/livres\/litterature\/polars\/la-tres-catastrophique-visite-du-zoo\/\" \/>\n<meta property=\"og:locale\" content=\"it_IT\" \/>\n<meta property=\"og:type\" content=\"article\" \/>\n<meta property=\"og:title\" content=\"La tr\u00e8s catastrophique visite du zoo - l&#039;\u00e9chapp\u00e9e close\" \/>\n<meta property=\"og:description\" content=\"&#8220;Pendant des ann\u00e9es, dans la petite ville o\u00f9 j&#8217;ai grandi, les esprits rest\u00e8rent marqu\u00e9s par les \u00e9v\u00e8nements qui se produisirent au zoo local un vendredi de d\u00e9cembre, \u00e0 quelques jours de No\u00ebl.Et pendant toutes ces ann\u00e9es, personne ne sut la v\u00e9rit\u00e9 sur ce qui s&#8217;\u00e9tait r\u00e9ellement pass\u00e9 l\u00e0-bas. Jusqu&#8217;\u00e0 ce livre.&#8221;\u00c0 la veille de No\u00ebl, [&hellip;]\" \/>\n<meta property=\"og:url\" content=\"https:\/\/lechappeeclose.it\/it\/boutique\/livres\/litterature\/polars\/la-tres-catastrophique-visite-du-zoo\/\" \/>\n<meta property=\"og:site_name\" content=\"l&#039;\u00e9chapp\u00e9e close\" \/>\n<meta property=\"article:modified_time\" content=\"2025-05-31T15:23:45+00:00\" \/>\n<meta property=\"og:image\" content=\"https:\/\/lechappeeclose.it\/wp-content\/uploads\/2025\/03\/La-tres-catastrophique-visite-du-zoo.jpeg\" \/>\n\t<meta property=\"og:image:width\" content=\"345\" \/>\n\t<meta property=\"og:image:height\" content=\"500\" \/>\n\t<meta property=\"og:image:type\" content=\"image\/jpeg\" \/>\n<meta name=\"twitter:card\" content=\"summary_large_image\" \/>\n<meta name=\"twitter:label1\" content=\"Tempo di lettura stimato\" \/>\n\t<meta name=\"twitter:data1\" content=\"2 minuti\" \/>\n<script type=\"application\/ld+json\" class=\"yoast-schema-graph\">{\"@context\":\"https:\\\/\\\/schema.org\",\"@graph\":[{\"@type\":\"WebPage\",\"@id\":\"https:\\\/\\\/lechappeeclose.it\\\/boutique\\\/livres\\\/litterature\\\/polars\\\/la-tres-catastrophique-visite-du-zoo\\\/\",\"url\":\"https:\\\/\\\/lechappeeclose.it\\\/boutique\\\/livres\\\/litterature\\\/polars\\\/la-tres-catastrophique-visite-du-zoo\\\/\",\"name\":\"La tr\u00e8s catastrophique visite du zoo - l&#039;\u00e9chapp\u00e9e close\",\"isPartOf\":{\"@id\":\"http:\\\/\\\/lechappeeclose.it\\\/#website\"},\"primaryImageOfPage\":{\"@id\":\"https:\\\/\\\/lechappeeclose.it\\\/boutique\\\/livres\\\/litterature\\\/polars\\\/la-tres-catastrophique-visite-du-zoo\\\/#primaryimage\"},\"image\":{\"@id\":\"https:\\\/\\\/lechappeeclose.it\\\/boutique\\\/livres\\\/litterature\\\/polars\\\/la-tres-catastrophique-visite-du-zoo\\\/#primaryimage\"},\"thumbnailUrl\":\"http:\\\/\\\/lechappeeclose.it\\\/wp-content\\\/uploads\\\/2025\\\/03\\\/La-tres-catastrophique-visite-du-zoo.jpeg\",\"datePublished\":\"2025-03-20T11:31:58+00:00\",\"dateModified\":\"2025-05-31T15:23:45+00:00\",\"breadcrumb\":{\"@id\":\"https:\\\/\\\/lechappeeclose.it\\\/boutique\\\/livres\\\/litterature\\\/polars\\\/la-tres-catastrophique-visite-du-zoo\\\/#breadcrumb\"},\"inLanguage\":\"it-IT\",\"potentialAction\":[{\"@type\":\"ReadAction\",\"target\":[\"https:\\\/\\\/lechappeeclose.it\\\/boutique\\\/livres\\\/litterature\\\/polars\\\/la-tres-catastrophique-visite-du-zoo\\\/\"]}]},{\"@type\":\"ImageObject\",\"inLanguage\":\"it-IT\",\"@id\":\"https:\\\/\\\/lechappeeclose.it\\\/boutique\\\/livres\\\/litterature\\\/polars\\\/la-tres-catastrophique-visite-du-zoo\\\/#primaryimage\",\"url\":\"http:\\\/\\\/lechappeeclose.it\\\/wp-content\\\/uploads\\\/2025\\\/03\\\/La-tres-catastrophique-visite-du-zoo.jpeg\",\"contentUrl\":\"http:\\\/\\\/lechappeeclose.it\\\/wp-content\\\/uploads\\\/2025\\\/03\\\/La-tres-catastrophique-visite-du-zoo.jpeg\",\"width\":345,\"height\":500},{\"@type\":\"BreadcrumbList\",\"@id\":\"https:\\\/\\\/lechappeeclose.it\\\/boutique\\\/livres\\\/litterature\\\/polars\\\/la-tres-catastrophique-visite-du-zoo\\\/#breadcrumb\",\"itemListElement\":[{\"@type\":\"ListItem\",\"position\":1,\"name\":\"Accueil\",\"item\":\"http:\\\/\\\/lechappeeclose.it\\\/\"},{\"@type\":\"ListItem\",\"position\":2,\"name\":\"Boutique\",\"item\":\"http:\\\/\\\/lechappeeclose.it\\\/boutique\\\/\"},{\"@type\":\"ListItem\",\"position\":3,\"name\":\"La tr\u00e8s catastrophique visite du zoo\"}]},{\"@type\":\"WebSite\",\"@id\":\"http:\\\/\\\/lechappeeclose.it\\\/#website\",\"url\":\"http:\\\/\\\/lechappeeclose.it\\\/\",\"name\":\"l&#039;\u00e9chapp\u00e9e close\",\"description\":\"la librairie fran\u00e7aise de Milan\",\"publisher\":{\"@id\":\"http:\\\/\\\/lechappeeclose.it\\\/#organization\"},\"alternateName\":\"La librairie fran\u00e7aise de Milan\",\"potentialAction\":[{\"@type\":\"SearchAction\",\"target\":{\"@type\":\"EntryPoint\",\"urlTemplate\":\"http:\\\/\\\/lechappeeclose.it\\\/?s={search_term_string}\"},\"query-input\":{\"@type\":\"PropertyValueSpecification\",\"valueRequired\":true,\"valueName\":\"search_term_string\"}}],\"inLanguage\":\"it-IT\"},{\"@type\":\"Organization\",\"@id\":\"http:\\\/\\\/lechappeeclose.it\\\/#organization\",\"name\":\"l&#039;\u00e9chapp\u00e9e close\",\"url\":\"http:\\\/\\\/lechappeeclose.it\\\/\",\"logo\":{\"@type\":\"ImageObject\",\"inLanguage\":\"it-IT\",\"@id\":\"http:\\\/\\\/lechappeeclose.it\\\/#\\\/schema\\\/logo\\\/image\\\/\",\"url\":\"http:\\\/\\\/lechappeeclose.it\\\/wp-content\\\/uploads\\\/2025\\\/02\\\/cropped-logo-rond.png\",\"contentUrl\":\"http:\\\/\\\/lechappeeclose.it\\\/wp-content\\\/uploads\\\/2025\\\/02\\\/cropped-logo-rond.png\",\"width\":1080,\"height\":1080,\"caption\":\"l&#039;\u00e9chapp\u00e9e close\"},\"image\":{\"@id\":\"http:\\\/\\\/lechappeeclose.it\\\/#\\\/schema\\\/logo\\\/image\\\/\"},\"sameAs\":[\"https:\\\/\\\/www.instagram.com\\\/lechappeeclose\\\/\"]}]}<\/script>\n<!-- \/ Yoast SEO plugin. -->","yoast_head_json":{"title":"La tr\u00e8s catastrophique visite du zoo - l&#039;\u00e9chapp\u00e9e close","robots":{"index":"index","follow":"follow","max-snippet":"max-snippet:-1","max-image-preview":"max-image-preview:large","max-video-preview":"max-video-preview:-1"},"canonical":"https:\/\/lechappeeclose.it\/it\/boutique\/livres\/litterature\/polars\/la-tres-catastrophique-visite-du-zoo\/","og_locale":"it_IT","og_type":"article","og_title":"La tr\u00e8s catastrophique visite du zoo - l&#039;\u00e9chapp\u00e9e close","og_description":"&#8220;Pendant des ann\u00e9es, dans la petite ville o\u00f9 j&#8217;ai grandi, les esprits rest\u00e8rent marqu\u00e9s par les \u00e9v\u00e8nements qui se produisirent au zoo local un vendredi de d\u00e9cembre, \u00e0 quelques jours de No\u00ebl.Et pendant toutes ces ann\u00e9es, personne ne sut la v\u00e9rit\u00e9 sur ce qui s&#8217;\u00e9tait r\u00e9ellement pass\u00e9 l\u00e0-bas. Jusqu&#8217;\u00e0 ce livre.&#8221;\u00c0 la veille de No\u00ebl, [&hellip;]","og_url":"https:\/\/lechappeeclose.it\/it\/boutique\/livres\/litterature\/polars\/la-tres-catastrophique-visite-du-zoo\/","og_site_name":"l&#039;\u00e9chapp\u00e9e close","article_modified_time":"2025-05-31T15:23:45+00:00","og_image":[{"width":345,"height":500,"url":"https:\/\/lechappeeclose.it\/wp-content\/uploads\/2025\/03\/La-tres-catastrophique-visite-du-zoo.jpeg","type":"image\/jpeg"}],"twitter_card":"summary_large_image","twitter_misc":{"Tempo di lettura stimato":"2 minuti"},"schema":{"@context":"https:\/\/schema.org","@graph":[{"@type":"WebPage","@id":"https:\/\/lechappeeclose.it\/boutique\/livres\/litterature\/polars\/la-tres-catastrophique-visite-du-zoo\/","url":"https:\/\/lechappeeclose.it\/boutique\/livres\/litterature\/polars\/la-tres-catastrophique-visite-du-zoo\/","name":"La tr\u00e8s catastrophique visite du zoo - l&#039;\u00e9chapp\u00e9e close","isPartOf":{"@id":"http:\/\/lechappeeclose.it\/#website"},"primaryImageOfPage":{"@id":"https:\/\/lechappeeclose.it\/boutique\/livres\/litterature\/polars\/la-tres-catastrophique-visite-du-zoo\/#primaryimage"},"image":{"@id":"https:\/\/lechappeeclose.it\/boutique\/livres\/litterature\/polars\/la-tres-catastrophique-visite-du-zoo\/#primaryimage"},"thumbnailUrl":"http:\/\/lechappeeclose.it\/wp-content\/uploads\/2025\/03\/La-tres-catastrophique-visite-du-zoo.jpeg","datePublished":"2025-03-20T11:31:58+00:00","dateModified":"2025-05-31T15:23:45+00:00","breadcrumb":{"@id":"https:\/\/lechappeeclose.it\/boutique\/livres\/litterature\/polars\/la-tres-catastrophique-visite-du-zoo\/#breadcrumb"},"inLanguage":"it-IT","potentialAction":[{"@type":"ReadAction","target":["https:\/\/lechappeeclose.it\/boutique\/livres\/litterature\/polars\/la-tres-catastrophique-visite-du-zoo\/"]}]},{"@type":"ImageObject","inLanguage":"it-IT","@id":"https:\/\/lechappeeclose.it\/boutique\/livres\/litterature\/polars\/la-tres-catastrophique-visite-du-zoo\/#primaryimage","url":"http:\/\/lechappeeclose.it\/wp-content\/uploads\/2025\/03\/La-tres-catastrophique-visite-du-zoo.jpeg","contentUrl":"http:\/\/lechappeeclose.it\/wp-content\/uploads\/2025\/03\/La-tres-catastrophique-visite-du-zoo.jpeg","width":345,"height":500},{"@type":"BreadcrumbList","@id":"https:\/\/lechappeeclose.it\/boutique\/livres\/litterature\/polars\/la-tres-catastrophique-visite-du-zoo\/#breadcrumb","itemListElement":[{"@type":"ListItem","position":1,"name":"Accueil","item":"http:\/\/lechappeeclose.it\/"},{"@type":"ListItem","position":2,"name":"Boutique","item":"http:\/\/lechappeeclose.it\/boutique\/"},{"@type":"ListItem","position":3,"name":"La tr\u00e8s catastrophique visite du zoo"}]},{"@type":"WebSite","@id":"http:\/\/lechappeeclose.it\/#website","url":"http:\/\/lechappeeclose.it\/","name":"l&#039;\u00e9chapp\u00e9e close","description":"La libreria francese di Milano","publisher":{"@id":"http:\/\/lechappeeclose.it\/#organization"},"alternateName":"La librairie fran\u00e7aise de Milan","potentialAction":[{"@type":"SearchAction","target":{"@type":"EntryPoint","urlTemplate":"http:\/\/lechappeeclose.it\/?s={search_term_string}"},"query-input":{"@type":"PropertyValueSpecification","valueRequired":true,"valueName":"search_term_string"}}],"inLanguage":"it-IT"},{"@type":"Organization","@id":"http:\/\/lechappeeclose.it\/#organization","name":"l&#039;\u00e9chapp\u00e9e close","url":"http:\/\/lechappeeclose.it\/","logo":{"@type":"ImageObject","inLanguage":"it-IT","@id":"http:\/\/lechappeeclose.it\/#\/schema\/logo\/image\/","url":"http:\/\/lechappeeclose.it\/wp-content\/uploads\/2025\/02\/cropped-logo-rond.png","contentUrl":"http:\/\/lechappeeclose.it\/wp-content\/uploads\/2025\/02\/cropped-logo-rond.png","width":1080,"height":1080,"caption":"l&#039;\u00e9chapp\u00e9e close"},"image":{"@id":"http:\/\/lechappeeclose.it\/#\/schema\/logo\/image\/"},"sameAs":["https:\/\/www.instagram.com\/lechappeeclose\/"]}]}},"_links":{"self":[{"href":"http:\/\/lechappeeclose.it\/it\/wp-json\/wp\/v2\/product\/11235","targetHints":{"allow":["GET"]}}],"collection":[{"href":"http:\/\/lechappeeclose.it\/it\/wp-json\/wp\/v2\/product"}],"about":[{"href":"http:\/\/lechappeeclose.it\/it\/wp-json\/wp\/v2\/types\/product"}],"replies":[{"embeddable":true,"href":"http:\/\/lechappeeclose.it\/it\/wp-json\/wp\/v2\/comments?post=11235"}],"wp:featuredmedia":[{"embeddable":true,"href":"http:\/\/lechappeeclose.it\/it\/wp-json\/wp\/v2\/media\/11234"}],"wp:attachment":[{"href":"http:\/\/lechappeeclose.it\/it\/wp-json\/wp\/v2\/media?parent=11235"}],"wp:term":[{"taxonomy":"product_brand","embeddable":true,"href":"http:\/\/lechappeeclose.it\/it\/wp-json\/wp\/v2\/product_brand?post=11235"},{"taxonomy":"product_cat","embeddable":true,"href":"http:\/\/lechappeeclose.it\/it\/wp-json\/wp\/v2\/product_cat?post=11235"},{"taxonomy":"product_tag","embeddable":true,"href":"http:\/\/lechappeeclose.it\/it\/wp-json\/wp\/v2\/product_tag?post=11235"}],"curies":[{"name":"wp","href":"https:\/\/api.w.org\/{rel}","templated":true}]}}