{"id":11099,"date":"2025-03-11T17:38:28","date_gmt":"2025-03-11T16:38:28","guid":{"rendered":"https:\/\/lechappeeclose.it\/produit\/%product_cat_slug%\/maison-en-bord-de-mer-house-by-the-sea\/"},"modified":"2025-06-27T15:06:47","modified_gmt":"2025-06-27T13:06:47","slug":"maison-en-bord-de-mer-house-by-the-sea","status":"publish","type":"product","link":"http:\/\/lechappeeclose.it\/it\/boutique\/livres\/arts\/architecture\/maison-en-bord-de-mer-house-by-the-sea\/","title":{"rendered":"Maison en bord de mer, House by the sea"},"content":{"rendered":"<p>Cette r\u00e9\u00e9dition du num\u00e9ro sp\u00e9cial de la revue fran\u00e7aise d&#8217;avant-garde L&#8217;Architecture Vivante, est augment\u00e9e de trois articles introductifs qui permettent de comprendre :- les conditions de la red\u00e9couverte de cette ic\u00f4ne dans les ann\u00e9es 1970 ;-\u00a0le contexte de sa conception et les motivations de Le Corbusier lorsqu&#8217;il appose ses peintures murales ;-\u00a0les choix techniques qui d\u00e9rivent des contraintes du chantier.Attentive \u00e0 pr\u00e9server une dimension po\u00e9tique et une \u00e9thique humaniste dans la conduite de son travail, Eileen Gray nous livre avec E.1027 un t\u00e9moignage rare et pr\u00e9cieux du r\u00eave moderne de l&#8217;oeuvre d&#8217;art totale.Ouvrage bilingue anglais\/fran\u00e7ais<\/p>","protected":false},"excerpt":{"rendered":"<p>Cette r\u00e9\u00e9dition du num\u00e9ro sp\u00e9cial de la revue fran\u00e7aise d&#8217;avant-garde L&#8217;Architecture Vivante, est augment\u00e9e de trois articles introductifs qui permettent de comprendre :- les conditions de la red\u00e9couverte de cette ic\u00f4ne dans les ann\u00e9es 1970 ;-\u00a0le contexte de sa conception et les motivations de Le Corbusier lorsqu&#8217;il appose ses peintures murales ;-\u00a0les choix techniques qui [&hellip;]<\/p>","protected":false},"featured_media":11098,"comment_status":"open","ping_status":"closed","template":"","meta":[],"product_brand":[],"product_cat":[37],"product_tag":[],"class_list":{"0":"post-11099","1":"product","2":"type-product","3":"status-publish","4":"has-post-thumbnail","6":"product_cat-architecture","8":"first","9":"instock","10":"taxable","11":"shipping-taxable","12":"purchasable","13":"product-type-simple"},"yoast_head":"<!-- This site is optimized with the Yoast SEO plugin v27.4 - https:\/\/yoast.com\/product\/yoast-seo-wordpress\/ -->\n<title>Maison en bord de mer, House by the sea - l&#039;\u00e9chapp\u00e9e close<\/title>\n<meta name=\"robots\" content=\"index, follow, max-snippet:-1, max-image-preview:large, max-video-preview:-1\" \/>\n<link rel=\"canonical\" href=\"http:\/\/lechappeeclose.it\/it\/boutique\/livres\/arts\/architecture\/maison-en-bord-de-mer-house-by-the-sea\/\" \/>\n<meta property=\"og:locale\" content=\"it_IT\" \/>\n<meta property=\"og:type\" content=\"article\" \/>\n<meta property=\"og:title\" content=\"Maison en bord de mer, House by the sea - l&#039;\u00e9chapp\u00e9e close\" \/>\n<meta property=\"og:description\" content=\"Cette r\u00e9\u00e9dition du num\u00e9ro sp\u00e9cial de la revue fran\u00e7aise d&#8217;avant-garde L&#8217;Architecture Vivante, est augment\u00e9e de trois articles introductifs qui permettent de comprendre :- les conditions de la red\u00e9couverte de cette ic\u00f4ne dans les ann\u00e9es 1970 ;-\u00a0le contexte de sa conception et les motivations de Le Corbusier lorsqu&#8217;il appose ses peintures murales ;-\u00a0les choix techniques qui [&hellip;]\" \/>\n<meta property=\"og:url\" content=\"http:\/\/lechappeeclose.it\/it\/boutique\/livres\/arts\/architecture\/maison-en-bord-de-mer-house-by-the-sea\/\" \/>\n<meta property=\"og:site_name\" content=\"l&#039;\u00e9chapp\u00e9e close\" \/>\n<meta property=\"article:modified_time\" content=\"2025-06-27T13:06:47+00:00\" \/>\n<meta property=\"og:image\" content=\"http:\/\/lechappeeclose.it\/wp-content\/uploads\/2025\/03\/Maison-en-bord-de-mer-House-by-the-sea.jpeg\" \/>\n\t<meta property=\"og:image:width\" content=\"453\" \/>\n\t<meta property=\"og:image:height\" content=\"500\" \/>\n\t<meta property=\"og:image:type\" content=\"image\/jpeg\" \/>\n<meta name=\"twitter:card\" content=\"summary_large_image\" \/>\n<meta name=\"twitter:label1\" content=\"Tempo di lettura stimato\" \/>\n\t<meta name=\"twitter:data1\" content=\"1 minuto\" \/>\n<script type=\"application\/ld+json\" class=\"yoast-schema-graph\">{\"@context\":\"https:\\\/\\\/schema.org\",\"@graph\":[{\"@type\":\"WebPage\",\"@id\":\"http:\\\/\\\/lechappeeclose.it\\\/it\\\/boutique\\\/livres\\\/arts\\\/architecture\\\/maison-en-bord-de-mer-house-by-the-sea\\\/\",\"url\":\"http:\\\/\\\/lechappeeclose.it\\\/it\\\/boutique\\\/livres\\\/arts\\\/architecture\\\/maison-en-bord-de-mer-house-by-the-sea\\\/\",\"name\":\"Maison en bord de mer, House by the sea - l&#039;\u00e9chapp\u00e9e close\",\"isPartOf\":{\"@id\":\"http:\\\/\\\/lechappeeclose.it\\\/#website\"},\"primaryImageOfPage\":{\"@id\":\"http:\\\/\\\/lechappeeclose.it\\\/it\\\/boutique\\\/livres\\\/arts\\\/architecture\\\/maison-en-bord-de-mer-house-by-the-sea\\\/#primaryimage\"},\"image\":{\"@id\":\"http:\\\/\\\/lechappeeclose.it\\\/it\\\/boutique\\\/livres\\\/arts\\\/architecture\\\/maison-en-bord-de-mer-house-by-the-sea\\\/#primaryimage\"},\"thumbnailUrl\":\"http:\\\/\\\/lechappeeclose.it\\\/wp-content\\\/uploads\\\/2025\\\/03\\\/Maison-en-bord-de-mer-House-by-the-sea.jpeg\",\"datePublished\":\"2025-03-11T16:38:28+00:00\",\"dateModified\":\"2025-06-27T13:06:47+00:00\",\"breadcrumb\":{\"@id\":\"http:\\\/\\\/lechappeeclose.it\\\/it\\\/boutique\\\/livres\\\/arts\\\/architecture\\\/maison-en-bord-de-mer-house-by-the-sea\\\/#breadcrumb\"},\"inLanguage\":\"it-IT\",\"potentialAction\":[{\"@type\":\"ReadAction\",\"target\":[\"http:\\\/\\\/lechappeeclose.it\\\/it\\\/boutique\\\/livres\\\/arts\\\/architecture\\\/maison-en-bord-de-mer-house-by-the-sea\\\/\"]}]},{\"@type\":\"ImageObject\",\"inLanguage\":\"it-IT\",\"@id\":\"http:\\\/\\\/lechappeeclose.it\\\/it\\\/boutique\\\/livres\\\/arts\\\/architecture\\\/maison-en-bord-de-mer-house-by-the-sea\\\/#primaryimage\",\"url\":\"http:\\\/\\\/lechappeeclose.it\\\/wp-content\\\/uploads\\\/2025\\\/03\\\/Maison-en-bord-de-mer-House-by-the-sea.jpeg\",\"contentUrl\":\"http:\\\/\\\/lechappeeclose.it\\\/wp-content\\\/uploads\\\/2025\\\/03\\\/Maison-en-bord-de-mer-House-by-the-sea.jpeg\",\"width\":453,\"height\":500},{\"@type\":\"BreadcrumbList\",\"@id\":\"http:\\\/\\\/lechappeeclose.it\\\/it\\\/boutique\\\/livres\\\/arts\\\/architecture\\\/maison-en-bord-de-mer-house-by-the-sea\\\/#breadcrumb\",\"itemListElement\":[{\"@type\":\"ListItem\",\"position\":1,\"name\":\"Accueil\",\"item\":\"http:\\\/\\\/lechappeeclose.it\\\/\"},{\"@type\":\"ListItem\",\"position\":2,\"name\":\"Boutique\",\"item\":\"http:\\\/\\\/lechappeeclose.it\\\/it\\\/boutique\\\/\"},{\"@type\":\"ListItem\",\"position\":3,\"name\":\"Maison en bord de mer, House by the sea\"}]},{\"@type\":\"WebSite\",\"@id\":\"http:\\\/\\\/lechappeeclose.it\\\/#website\",\"url\":\"http:\\\/\\\/lechappeeclose.it\\\/\",\"name\":\"l&#039;\u00e9chapp\u00e9e close\",\"description\":\"la librairie fran\u00e7aise de Milan\",\"publisher\":{\"@id\":\"http:\\\/\\\/lechappeeclose.it\\\/#organization\"},\"alternateName\":\"La librairie fran\u00e7aise de Milan\",\"potentialAction\":[{\"@type\":\"SearchAction\",\"target\":{\"@type\":\"EntryPoint\",\"urlTemplate\":\"http:\\\/\\\/lechappeeclose.it\\\/?s={search_term_string}\"},\"query-input\":{\"@type\":\"PropertyValueSpecification\",\"valueRequired\":true,\"valueName\":\"search_term_string\"}}],\"inLanguage\":\"it-IT\"},{\"@type\":\"Organization\",\"@id\":\"http:\\\/\\\/lechappeeclose.it\\\/#organization\",\"name\":\"l&#039;\u00e9chapp\u00e9e close\",\"url\":\"http:\\\/\\\/lechappeeclose.it\\\/\",\"logo\":{\"@type\":\"ImageObject\",\"inLanguage\":\"it-IT\",\"@id\":\"http:\\\/\\\/lechappeeclose.it\\\/#\\\/schema\\\/logo\\\/image\\\/\",\"url\":\"http:\\\/\\\/lechappeeclose.it\\\/wp-content\\\/uploads\\\/2025\\\/02\\\/cropped-logo-rond.png\",\"contentUrl\":\"http:\\\/\\\/lechappeeclose.it\\\/wp-content\\\/uploads\\\/2025\\\/02\\\/cropped-logo-rond.png\",\"width\":1080,\"height\":1080,\"caption\":\"l&#039;\u00e9chapp\u00e9e close\"},\"image\":{\"@id\":\"http:\\\/\\\/lechappeeclose.it\\\/#\\\/schema\\\/logo\\\/image\\\/\"},\"sameAs\":[\"https:\\\/\\\/www.instagram.com\\\/lechappeeclose\\\/\"]}]}<\/script>\n<!-- \/ Yoast SEO plugin. -->","yoast_head_json":{"title":"Maison en bord de mer, House by the sea - l&#039;\u00e9chapp\u00e9e close","robots":{"index":"index","follow":"follow","max-snippet":"max-snippet:-1","max-image-preview":"max-image-preview:large","max-video-preview":"max-video-preview:-1"},"canonical":"http:\/\/lechappeeclose.it\/it\/boutique\/livres\/arts\/architecture\/maison-en-bord-de-mer-house-by-the-sea\/","og_locale":"it_IT","og_type":"article","og_title":"Maison en bord de mer, House by the sea - l&#039;\u00e9chapp\u00e9e close","og_description":"Cette r\u00e9\u00e9dition du num\u00e9ro sp\u00e9cial de la revue fran\u00e7aise d&#8217;avant-garde L&#8217;Architecture Vivante, est augment\u00e9e de trois articles introductifs qui permettent de comprendre :- les conditions de la red\u00e9couverte de cette ic\u00f4ne dans les ann\u00e9es 1970 ;-\u00a0le contexte de sa conception et les motivations de Le Corbusier lorsqu&#8217;il appose ses peintures murales ;-\u00a0les choix techniques qui [&hellip;]","og_url":"http:\/\/lechappeeclose.it\/it\/boutique\/livres\/arts\/architecture\/maison-en-bord-de-mer-house-by-the-sea\/","og_site_name":"l&#039;\u00e9chapp\u00e9e close","article_modified_time":"2025-06-27T13:06:47+00:00","og_image":[{"width":453,"height":500,"url":"http:\/\/lechappeeclose.it\/wp-content\/uploads\/2025\/03\/Maison-en-bord-de-mer-House-by-the-sea.jpeg","type":"image\/jpeg"}],"twitter_card":"summary_large_image","twitter_misc":{"Tempo di lettura stimato":"1 minuto"},"schema":{"@context":"https:\/\/schema.org","@graph":[{"@type":"WebPage","@id":"http:\/\/lechappeeclose.it\/it\/boutique\/livres\/arts\/architecture\/maison-en-bord-de-mer-house-by-the-sea\/","url":"http:\/\/lechappeeclose.it\/it\/boutique\/livres\/arts\/architecture\/maison-en-bord-de-mer-house-by-the-sea\/","name":"Maison en bord de mer, House by the sea - l&#039;\u00e9chapp\u00e9e close","isPartOf":{"@id":"http:\/\/lechappeeclose.it\/#website"},"primaryImageOfPage":{"@id":"http:\/\/lechappeeclose.it\/it\/boutique\/livres\/arts\/architecture\/maison-en-bord-de-mer-house-by-the-sea\/#primaryimage"},"image":{"@id":"http:\/\/lechappeeclose.it\/it\/boutique\/livres\/arts\/architecture\/maison-en-bord-de-mer-house-by-the-sea\/#primaryimage"},"thumbnailUrl":"http:\/\/lechappeeclose.it\/wp-content\/uploads\/2025\/03\/Maison-en-bord-de-mer-House-by-the-sea.jpeg","datePublished":"2025-03-11T16:38:28+00:00","dateModified":"2025-06-27T13:06:47+00:00","breadcrumb":{"@id":"http:\/\/lechappeeclose.it\/it\/boutique\/livres\/arts\/architecture\/maison-en-bord-de-mer-house-by-the-sea\/#breadcrumb"},"inLanguage":"it-IT","potentialAction":[{"@type":"ReadAction","target":["http:\/\/lechappeeclose.it\/it\/boutique\/livres\/arts\/architecture\/maison-en-bord-de-mer-house-by-the-sea\/"]}]},{"@type":"ImageObject","inLanguage":"it-IT","@id":"http:\/\/lechappeeclose.it\/it\/boutique\/livres\/arts\/architecture\/maison-en-bord-de-mer-house-by-the-sea\/#primaryimage","url":"http:\/\/lechappeeclose.it\/wp-content\/uploads\/2025\/03\/Maison-en-bord-de-mer-House-by-the-sea.jpeg","contentUrl":"http:\/\/lechappeeclose.it\/wp-content\/uploads\/2025\/03\/Maison-en-bord-de-mer-House-by-the-sea.jpeg","width":453,"height":500},{"@type":"BreadcrumbList","@id":"http:\/\/lechappeeclose.it\/it\/boutique\/livres\/arts\/architecture\/maison-en-bord-de-mer-house-by-the-sea\/#breadcrumb","itemListElement":[{"@type":"ListItem","position":1,"name":"Accueil","item":"http:\/\/lechappeeclose.it\/"},{"@type":"ListItem","position":2,"name":"Boutique","item":"http:\/\/lechappeeclose.it\/it\/boutique\/"},{"@type":"ListItem","position":3,"name":"Maison en bord de mer, House by the sea"}]},{"@type":"WebSite","@id":"http:\/\/lechappeeclose.it\/#website","url":"http:\/\/lechappeeclose.it\/","name":"l&#039;\u00e9chapp\u00e9e close","description":"La libreria francese di Milano","publisher":{"@id":"http:\/\/lechappeeclose.it\/#organization"},"alternateName":"La librairie fran\u00e7aise de Milan","potentialAction":[{"@type":"SearchAction","target":{"@type":"EntryPoint","urlTemplate":"http:\/\/lechappeeclose.it\/?s={search_term_string}"},"query-input":{"@type":"PropertyValueSpecification","valueRequired":true,"valueName":"search_term_string"}}],"inLanguage":"it-IT"},{"@type":"Organization","@id":"http:\/\/lechappeeclose.it\/#organization","name":"l&#039;\u00e9chapp\u00e9e close","url":"http:\/\/lechappeeclose.it\/","logo":{"@type":"ImageObject","inLanguage":"it-IT","@id":"http:\/\/lechappeeclose.it\/#\/schema\/logo\/image\/","url":"http:\/\/lechappeeclose.it\/wp-content\/uploads\/2025\/02\/cropped-logo-rond.png","contentUrl":"http:\/\/lechappeeclose.it\/wp-content\/uploads\/2025\/02\/cropped-logo-rond.png","width":1080,"height":1080,"caption":"l&#039;\u00e9chapp\u00e9e close"},"image":{"@id":"http:\/\/lechappeeclose.it\/#\/schema\/logo\/image\/"},"sameAs":["https:\/\/www.instagram.com\/lechappeeclose\/"]}]}},"_links":{"self":[{"href":"http:\/\/lechappeeclose.it\/it\/wp-json\/wp\/v2\/product\/11099","targetHints":{"allow":["GET"]}}],"collection":[{"href":"http:\/\/lechappeeclose.it\/it\/wp-json\/wp\/v2\/product"}],"about":[{"href":"http:\/\/lechappeeclose.it\/it\/wp-json\/wp\/v2\/types\/product"}],"replies":[{"embeddable":true,"href":"http:\/\/lechappeeclose.it\/it\/wp-json\/wp\/v2\/comments?post=11099"}],"wp:featuredmedia":[{"embeddable":true,"href":"http:\/\/lechappeeclose.it\/it\/wp-json\/wp\/v2\/media\/11098"}],"wp:attachment":[{"href":"http:\/\/lechappeeclose.it\/it\/wp-json\/wp\/v2\/media?parent=11099"}],"wp:term":[{"taxonomy":"product_brand","embeddable":true,"href":"http:\/\/lechappeeclose.it\/it\/wp-json\/wp\/v2\/product_brand?post=11099"},{"taxonomy":"product_cat","embeddable":true,"href":"http:\/\/lechappeeclose.it\/it\/wp-json\/wp\/v2\/product_cat?post=11099"},{"taxonomy":"product_tag","embeddable":true,"href":"http:\/\/lechappeeclose.it\/it\/wp-json\/wp\/v2\/product_tag?post=11099"}],"curies":[{"name":"wp","href":"https:\/\/api.w.org\/{rel}","templated":true}]}}