{"id":11076,"date":"2025-03-11T16:53:16","date_gmt":"2025-03-11T15:53:16","guid":{"rendered":"https:\/\/lechappeeclose.it\/produit\/%product_cat_slug%\/flore-des-friches-urbaines-du-nord-de-la-france-et-des-regions-voisines\/"},"modified":"2025-03-11T16:53:16","modified_gmt":"2025-03-11T15:53:16","slug":"flore-des-friches-urbaines-du-nord-de-la-france-et-des-regions-voisines","status":"publish","type":"product","link":"http:\/\/lechappeeclose.it\/it\/boutique\/livres\/arts\/design\/flore-des-friches-urbaines-du-nord-de-la-france-et-des-regions-voisines\/","title":{"rendered":"Flore des friches urbaines du nord de la France et des r\u00e9gions voisines"},"content":{"rendered":"<p>Cette flore expose la biodiversit\u00e9 des friches urbaines. Elle documente les paysages et les v\u00e9g\u00e9tations ; elle invite \u00e0 reconna\u00eetre et nommer les 299 plantes les plus communes qu&#8217;elles abritent ; elle peut agir comme un jeu ; elle m\u00e8ne vers un nouvel univers de sens et de savoirs. Les friches sont un monde, un refuge. Elles donnent asile \u00e0 une prodigieuse diversit\u00e9 d&#8217;esp\u00e8ces v\u00e9g\u00e9tales et animales en milieu urbain. Les zones postindustrielles d\u00e9saffect\u00e9es, les vergers \u00e0 l&#8217;abandon, les terrains d\u00e9laiss\u00e9s le long des voies ferr\u00e9es ou des cours d&#8217;eau sont des espaces d&#8217;exp\u00e9riences sensorielles d&#8217;une intensit\u00e9 ignor\u00e9e. Sautant les barri\u00e8res qui les en s\u00e9parent, le fl\u00e2neur, le lecteur plongent alors dans une nature g\u00e9n\u00e9reuse, exub\u00e9rante, f\u00e9brile. La ville n&#8217;y est plus que rumeur, un bruit de fond. Ce livre s&#8217;adresse \u00e0 tous ceux qui, assis dans le train, font flotter le regard sur les plantes accroch\u00e9es aux vieux ballasts. A ceux aussi qui, cal\u00e9s sur la banquette arri\u00e8re de la voiture, remarquent du coin de l&#8217;oeil la verdure des terrains vagues. [&#8230; ] Due \u00e0 la botaniste Audrey Muratet, au photographe Myr Muratet et \u00e0 la dessinatrice Marie Pellaton, cette compilation explique les m\u00e9canismes de survie, et m\u00eame de prosp\u00e9rit\u00e9 des plantes, dans ces milieux qu&#8217;on croit inhospitaliers.<\/p>","protected":false},"excerpt":{"rendered":"<p>Cette flore expose la biodiversit\u00e9 des friches urbaines. Elle documente les paysages et les v\u00e9g\u00e9tations ; elle invite \u00e0 reconna\u00eetre et nommer les 299 plantes les plus communes qu&#8217;elles abritent ; elle peut agir comme un jeu ; elle m\u00e8ne vers un nouvel univers de sens et de savoirs. Les friches sont un monde, un [&hellip;]<\/p>","protected":false},"featured_media":11075,"comment_status":"open","ping_status":"closed","template":"","meta":[],"product_brand":[],"product_cat":[38,39],"product_tag":[],"class_list":{"0":"post-11076","1":"product","2":"type-product","3":"status-publish","4":"has-post-thumbnail","6":"product_cat-design","7":"product_cat-photographie","9":"first","10":"instock","11":"taxable","12":"shipping-taxable","13":"purchasable","14":"product-type-simple"},"yoast_head":"<!-- This site is optimized with the Yoast SEO plugin v27.4 - https:\/\/yoast.com\/product\/yoast-seo-wordpress\/ -->\n<title>Flore des friches urbaines du nord de la France et des r\u00e9gions voisines - l&#039;\u00e9chapp\u00e9e close<\/title>\n<meta name=\"robots\" content=\"index, follow, max-snippet:-1, max-image-preview:large, max-video-preview:-1\" \/>\n<link rel=\"canonical\" href=\"http:\/\/lechappeeclose.it\/it\/boutique\/livres\/arts\/design\/flore-des-friches-urbaines-du-nord-de-la-france-et-des-regions-voisines\/\" \/>\n<meta property=\"og:locale\" content=\"it_IT\" \/>\n<meta property=\"og:type\" content=\"article\" \/>\n<meta property=\"og:title\" content=\"Flore des friches urbaines du nord de la France et des r\u00e9gions voisines - l&#039;\u00e9chapp\u00e9e close\" \/>\n<meta property=\"og:description\" content=\"Cette flore expose la biodiversit\u00e9 des friches urbaines. Elle documente les paysages et les v\u00e9g\u00e9tations ; elle invite \u00e0 reconna\u00eetre et nommer les 299 plantes les plus communes qu&#8217;elles abritent ; elle peut agir comme un jeu ; elle m\u00e8ne vers un nouvel univers de sens et de savoirs. Les friches sont un monde, un [&hellip;]\" \/>\n<meta property=\"og:url\" content=\"http:\/\/lechappeeclose.it\/it\/boutique\/livres\/arts\/design\/flore-des-friches-urbaines-du-nord-de-la-france-et-des-regions-voisines\/\" \/>\n<meta property=\"og:site_name\" content=\"l&#039;\u00e9chapp\u00e9e close\" \/>\n<meta property=\"og:image\" content=\"http:\/\/lechappeeclose.it\/wp-content\/uploads\/2025\/03\/Flore-des-friches-urbaines-du-nord-de-la-France-et-des-regions-voisines.jpeg\" \/>\n\t<meta property=\"og:image:width\" content=\"315\" \/>\n\t<meta property=\"og:image:height\" content=\"500\" \/>\n\t<meta property=\"og:image:type\" content=\"image\/jpeg\" \/>\n<meta name=\"twitter:card\" content=\"summary_large_image\" \/>\n<meta name=\"twitter:label1\" content=\"Tempo di lettura stimato\" \/>\n\t<meta name=\"twitter:data1\" content=\"1 minuto\" \/>\n<script type=\"application\/ld+json\" class=\"yoast-schema-graph\">{\"@context\":\"https:\\\/\\\/schema.org\",\"@graph\":[{\"@type\":\"WebPage\",\"@id\":\"http:\\\/\\\/lechappeeclose.it\\\/boutique\\\/livres\\\/arts\\\/design\\\/flore-des-friches-urbaines-du-nord-de-la-france-et-des-regions-voisines\\\/\",\"url\":\"http:\\\/\\\/lechappeeclose.it\\\/boutique\\\/livres\\\/arts\\\/design\\\/flore-des-friches-urbaines-du-nord-de-la-france-et-des-regions-voisines\\\/\",\"name\":\"Flore des friches urbaines du nord de la France et des r\u00e9gions voisines - l&#039;\u00e9chapp\u00e9e close\",\"isPartOf\":{\"@id\":\"http:\\\/\\\/lechappeeclose.it\\\/#website\"},\"primaryImageOfPage\":{\"@id\":\"http:\\\/\\\/lechappeeclose.it\\\/boutique\\\/livres\\\/arts\\\/design\\\/flore-des-friches-urbaines-du-nord-de-la-france-et-des-regions-voisines\\\/#primaryimage\"},\"image\":{\"@id\":\"http:\\\/\\\/lechappeeclose.it\\\/boutique\\\/livres\\\/arts\\\/design\\\/flore-des-friches-urbaines-du-nord-de-la-france-et-des-regions-voisines\\\/#primaryimage\"},\"thumbnailUrl\":\"http:\\\/\\\/lechappeeclose.it\\\/wp-content\\\/uploads\\\/2025\\\/03\\\/Flore-des-friches-urbaines-du-nord-de-la-France-et-des-regions-voisines.jpeg\",\"datePublished\":\"2025-03-11T15:53:16+00:00\",\"breadcrumb\":{\"@id\":\"http:\\\/\\\/lechappeeclose.it\\\/boutique\\\/livres\\\/arts\\\/design\\\/flore-des-friches-urbaines-du-nord-de-la-france-et-des-regions-voisines\\\/#breadcrumb\"},\"inLanguage\":\"it-IT\",\"potentialAction\":[{\"@type\":\"ReadAction\",\"target\":[\"http:\\\/\\\/lechappeeclose.it\\\/boutique\\\/livres\\\/arts\\\/design\\\/flore-des-friches-urbaines-du-nord-de-la-france-et-des-regions-voisines\\\/\"]}]},{\"@type\":\"ImageObject\",\"inLanguage\":\"it-IT\",\"@id\":\"http:\\\/\\\/lechappeeclose.it\\\/boutique\\\/livres\\\/arts\\\/design\\\/flore-des-friches-urbaines-du-nord-de-la-france-et-des-regions-voisines\\\/#primaryimage\",\"url\":\"http:\\\/\\\/lechappeeclose.it\\\/wp-content\\\/uploads\\\/2025\\\/03\\\/Flore-des-friches-urbaines-du-nord-de-la-France-et-des-regions-voisines.jpeg\",\"contentUrl\":\"http:\\\/\\\/lechappeeclose.it\\\/wp-content\\\/uploads\\\/2025\\\/03\\\/Flore-des-friches-urbaines-du-nord-de-la-France-et-des-regions-voisines.jpeg\",\"width\":315,\"height\":500},{\"@type\":\"BreadcrumbList\",\"@id\":\"http:\\\/\\\/lechappeeclose.it\\\/boutique\\\/livres\\\/arts\\\/design\\\/flore-des-friches-urbaines-du-nord-de-la-france-et-des-regions-voisines\\\/#breadcrumb\",\"itemListElement\":[{\"@type\":\"ListItem\",\"position\":1,\"name\":\"Accueil\",\"item\":\"http:\\\/\\\/lechappeeclose.it\\\/\"},{\"@type\":\"ListItem\",\"position\":2,\"name\":\"Boutique\",\"item\":\"http:\\\/\\\/lechappeeclose.it\\\/boutique\\\/\"},{\"@type\":\"ListItem\",\"position\":3,\"name\":\"Flore des friches urbaines du nord de la France et des r\u00e9gions voisines\"}]},{\"@type\":\"WebSite\",\"@id\":\"http:\\\/\\\/lechappeeclose.it\\\/#website\",\"url\":\"http:\\\/\\\/lechappeeclose.it\\\/\",\"name\":\"l&#039;\u00e9chapp\u00e9e close\",\"description\":\"la librairie fran\u00e7aise de Milan\",\"publisher\":{\"@id\":\"http:\\\/\\\/lechappeeclose.it\\\/#organization\"},\"alternateName\":\"La librairie fran\u00e7aise de Milan\",\"potentialAction\":[{\"@type\":\"SearchAction\",\"target\":{\"@type\":\"EntryPoint\",\"urlTemplate\":\"http:\\\/\\\/lechappeeclose.it\\\/?s={search_term_string}\"},\"query-input\":{\"@type\":\"PropertyValueSpecification\",\"valueRequired\":true,\"valueName\":\"search_term_string\"}}],\"inLanguage\":\"it-IT\"},{\"@type\":\"Organization\",\"@id\":\"http:\\\/\\\/lechappeeclose.it\\\/#organization\",\"name\":\"l&#039;\u00e9chapp\u00e9e close\",\"url\":\"http:\\\/\\\/lechappeeclose.it\\\/\",\"logo\":{\"@type\":\"ImageObject\",\"inLanguage\":\"it-IT\",\"@id\":\"http:\\\/\\\/lechappeeclose.it\\\/#\\\/schema\\\/logo\\\/image\\\/\",\"url\":\"http:\\\/\\\/lechappeeclose.it\\\/wp-content\\\/uploads\\\/2025\\\/02\\\/cropped-logo-rond.png\",\"contentUrl\":\"http:\\\/\\\/lechappeeclose.it\\\/wp-content\\\/uploads\\\/2025\\\/02\\\/cropped-logo-rond.png\",\"width\":1080,\"height\":1080,\"caption\":\"l&#039;\u00e9chapp\u00e9e close\"},\"image\":{\"@id\":\"http:\\\/\\\/lechappeeclose.it\\\/#\\\/schema\\\/logo\\\/image\\\/\"},\"sameAs\":[\"https:\\\/\\\/www.instagram.com\\\/lechappeeclose\\\/\"]}]}<\/script>\n<!-- \/ Yoast SEO plugin. -->","yoast_head_json":{"title":"Flore des friches urbaines du nord de la France et des r\u00e9gions voisines - l&#039;\u00e9chapp\u00e9e close","robots":{"index":"index","follow":"follow","max-snippet":"max-snippet:-1","max-image-preview":"max-image-preview:large","max-video-preview":"max-video-preview:-1"},"canonical":"http:\/\/lechappeeclose.it\/it\/boutique\/livres\/arts\/design\/flore-des-friches-urbaines-du-nord-de-la-france-et-des-regions-voisines\/","og_locale":"it_IT","og_type":"article","og_title":"Flore des friches urbaines du nord de la France et des r\u00e9gions voisines - l&#039;\u00e9chapp\u00e9e close","og_description":"Cette flore expose la biodiversit\u00e9 des friches urbaines. Elle documente les paysages et les v\u00e9g\u00e9tations ; elle invite \u00e0 reconna\u00eetre et nommer les 299 plantes les plus communes qu&#8217;elles abritent ; elle peut agir comme un jeu ; elle m\u00e8ne vers un nouvel univers de sens et de savoirs. Les friches sont un monde, un [&hellip;]","og_url":"http:\/\/lechappeeclose.it\/it\/boutique\/livres\/arts\/design\/flore-des-friches-urbaines-du-nord-de-la-france-et-des-regions-voisines\/","og_site_name":"l&#039;\u00e9chapp\u00e9e close","og_image":[{"width":315,"height":500,"url":"http:\/\/lechappeeclose.it\/wp-content\/uploads\/2025\/03\/Flore-des-friches-urbaines-du-nord-de-la-France-et-des-regions-voisines.jpeg","type":"image\/jpeg"}],"twitter_card":"summary_large_image","twitter_misc":{"Tempo di lettura stimato":"1 minuto"},"schema":{"@context":"https:\/\/schema.org","@graph":[{"@type":"WebPage","@id":"http:\/\/lechappeeclose.it\/boutique\/livres\/arts\/design\/flore-des-friches-urbaines-du-nord-de-la-france-et-des-regions-voisines\/","url":"http:\/\/lechappeeclose.it\/boutique\/livres\/arts\/design\/flore-des-friches-urbaines-du-nord-de-la-france-et-des-regions-voisines\/","name":"Flore des friches urbaines du nord de la France et des r\u00e9gions voisines - l&#039;\u00e9chapp\u00e9e close","isPartOf":{"@id":"http:\/\/lechappeeclose.it\/#website"},"primaryImageOfPage":{"@id":"http:\/\/lechappeeclose.it\/boutique\/livres\/arts\/design\/flore-des-friches-urbaines-du-nord-de-la-france-et-des-regions-voisines\/#primaryimage"},"image":{"@id":"http:\/\/lechappeeclose.it\/boutique\/livres\/arts\/design\/flore-des-friches-urbaines-du-nord-de-la-france-et-des-regions-voisines\/#primaryimage"},"thumbnailUrl":"http:\/\/lechappeeclose.it\/wp-content\/uploads\/2025\/03\/Flore-des-friches-urbaines-du-nord-de-la-France-et-des-regions-voisines.jpeg","datePublished":"2025-03-11T15:53:16+00:00","breadcrumb":{"@id":"http:\/\/lechappeeclose.it\/boutique\/livres\/arts\/design\/flore-des-friches-urbaines-du-nord-de-la-france-et-des-regions-voisines\/#breadcrumb"},"inLanguage":"it-IT","potentialAction":[{"@type":"ReadAction","target":["http:\/\/lechappeeclose.it\/boutique\/livres\/arts\/design\/flore-des-friches-urbaines-du-nord-de-la-france-et-des-regions-voisines\/"]}]},{"@type":"ImageObject","inLanguage":"it-IT","@id":"http:\/\/lechappeeclose.it\/boutique\/livres\/arts\/design\/flore-des-friches-urbaines-du-nord-de-la-france-et-des-regions-voisines\/#primaryimage","url":"http:\/\/lechappeeclose.it\/wp-content\/uploads\/2025\/03\/Flore-des-friches-urbaines-du-nord-de-la-France-et-des-regions-voisines.jpeg","contentUrl":"http:\/\/lechappeeclose.it\/wp-content\/uploads\/2025\/03\/Flore-des-friches-urbaines-du-nord-de-la-France-et-des-regions-voisines.jpeg","width":315,"height":500},{"@type":"BreadcrumbList","@id":"http:\/\/lechappeeclose.it\/boutique\/livres\/arts\/design\/flore-des-friches-urbaines-du-nord-de-la-france-et-des-regions-voisines\/#breadcrumb","itemListElement":[{"@type":"ListItem","position":1,"name":"Accueil","item":"http:\/\/lechappeeclose.it\/"},{"@type":"ListItem","position":2,"name":"Boutique","item":"http:\/\/lechappeeclose.it\/boutique\/"},{"@type":"ListItem","position":3,"name":"Flore des friches urbaines du nord de la France et des r\u00e9gions voisines"}]},{"@type":"WebSite","@id":"http:\/\/lechappeeclose.it\/#website","url":"http:\/\/lechappeeclose.it\/","name":"l&#039;\u00e9chapp\u00e9e close","description":"La libreria francese di Milano","publisher":{"@id":"http:\/\/lechappeeclose.it\/#organization"},"alternateName":"La librairie fran\u00e7aise de Milan","potentialAction":[{"@type":"SearchAction","target":{"@type":"EntryPoint","urlTemplate":"http:\/\/lechappeeclose.it\/?s={search_term_string}"},"query-input":{"@type":"PropertyValueSpecification","valueRequired":true,"valueName":"search_term_string"}}],"inLanguage":"it-IT"},{"@type":"Organization","@id":"http:\/\/lechappeeclose.it\/#organization","name":"l&#039;\u00e9chapp\u00e9e close","url":"http:\/\/lechappeeclose.it\/","logo":{"@type":"ImageObject","inLanguage":"it-IT","@id":"http:\/\/lechappeeclose.it\/#\/schema\/logo\/image\/","url":"http:\/\/lechappeeclose.it\/wp-content\/uploads\/2025\/02\/cropped-logo-rond.png","contentUrl":"http:\/\/lechappeeclose.it\/wp-content\/uploads\/2025\/02\/cropped-logo-rond.png","width":1080,"height":1080,"caption":"l&#039;\u00e9chapp\u00e9e close"},"image":{"@id":"http:\/\/lechappeeclose.it\/#\/schema\/logo\/image\/"},"sameAs":["https:\/\/www.instagram.com\/lechappeeclose\/"]}]}},"_links":{"self":[{"href":"http:\/\/lechappeeclose.it\/it\/wp-json\/wp\/v2\/product\/11076","targetHints":{"allow":["GET"]}}],"collection":[{"href":"http:\/\/lechappeeclose.it\/it\/wp-json\/wp\/v2\/product"}],"about":[{"href":"http:\/\/lechappeeclose.it\/it\/wp-json\/wp\/v2\/types\/product"}],"replies":[{"embeddable":true,"href":"http:\/\/lechappeeclose.it\/it\/wp-json\/wp\/v2\/comments?post=11076"}],"wp:featuredmedia":[{"embeddable":true,"href":"http:\/\/lechappeeclose.it\/it\/wp-json\/wp\/v2\/media\/11075"}],"wp:attachment":[{"href":"http:\/\/lechappeeclose.it\/it\/wp-json\/wp\/v2\/media?parent=11076"}],"wp:term":[{"taxonomy":"product_brand","embeddable":true,"href":"http:\/\/lechappeeclose.it\/it\/wp-json\/wp\/v2\/product_brand?post=11076"},{"taxonomy":"product_cat","embeddable":true,"href":"http:\/\/lechappeeclose.it\/it\/wp-json\/wp\/v2\/product_cat?post=11076"},{"taxonomy":"product_tag","embeddable":true,"href":"http:\/\/lechappeeclose.it\/it\/wp-json\/wp\/v2\/product_tag?post=11076"}],"curies":[{"name":"wp","href":"https:\/\/api.w.org\/{rel}","templated":true}]}}