{"id":11030,"date":"2025-03-06T16:25:01","date_gmt":"2025-03-06T15:25:01","guid":{"rendered":"https:\/\/lechappeeclose.it\/produit\/nouvelles-orientales\/"},"modified":"2025-03-06T16:25:01","modified_gmt":"2025-03-06T15:25:01","slug":"nouvelles-orientales","status":"publish","type":"product","link":"http:\/\/lechappeeclose.it\/it\/boutique\/livres\/litterature\/romans\/nouvelles-orientales\/","title":{"rendered":"Nouvelles orientales"},"content":{"rendered":"<p>Orientales, toutes les cr\u00e9atures de Marguerite Yourcenar le sont \u00e0 leur mani\u00e8re, subtilement. L&#8217;Hadrien des M\u00e9moires se veut le plus grec des empereurs, comme Z\u00e9non, dans la qu\u00eate de son \u0152uvre au Noir, para\u00eet souvent instruit d&#8217;autres sagesses que celles de l&#8217;Occident. L&#8217;auteur elle-m\u00eame, cheminant \u00e0 travers Le Labyrinthe du Monde, poursuit une grande m\u00e9ditation sur le devenir des hommes qui rejoint la pens\u00e9e bouddhiste.Avec ces Nouvelles, \u00e9crites au cours des dix annees qui ont pr\u00e9c\u00e9d\u00e9 la guerre, la tentation de l&#8217;Orient est clairement avou\u00e9e dans le d\u00e9cor, dans le style, dans l&#8217;esprit des textes. De la Chine a la Gr\u00e8ce, des Balkans au Japon, ces contes accompagnent le voyageur comme autant de cl\u00e9s pour une seule musique, venue d&#8217;ailleurs. Les surprenants sortil\u00e8ges du peintre Wang-F\u00f4, \u00ab qui aimait l&#8217;image des choses et non les choses elles-m\u00eames \u00bb, font \u00e9cho \u00e0 l&#8217;amertume du vieux Cornelius Berg, \u00ab touchant les objets qu&#8217;il ne peignait plus \u00bb. Marko Kralievitch, le Serbe sans peur qui sait tromper les Turcs et la mort aussi bien que les femmes, est fr\u00e8re du prince Genghi, sorti d&#8217;un roman japonais du XIe si\u00e8cle, par l&#8217;\u00e9goisme du s\u00e9ducteur aveugle \u00e0 la passion vraie, comme l&#8217;amour sublime de Vania l&#8217;Albanaise ou le deuil sacril\u00e8ge de la veuve Aphrodissia r\u00e9pondent au sacrifice de la d\u00e9esse K\u00e2li, \u00ab n\u00e9nuphar de la perfection \u00bb, \u00e0 qui ses malheurs apprendront enfin \u00ab l&#8217;inanit\u00e9 du d\u00e9sir&#8230; \u00bb<\/p>","protected":false},"excerpt":{"rendered":"<p>Orientales, toutes les cr\u00e9atures de Marguerite Yourcenar le sont \u00e0 leur mani\u00e8re, subtilement. L&#8217;Hadrien des M\u00e9moires se veut le plus grec des empereurs, comme Z\u00e9non, dans la qu\u00eate de son \u0152uvre au Noir, para\u00eet souvent instruit d&#8217;autres sagesses que celles de l&#8217;Occident. L&#8217;auteur elle-m\u00eame, cheminant \u00e0 travers Le Labyrinthe du Monde, poursuit une grande m\u00e9ditation [&hellip;]<\/p>","protected":false},"featured_media":11029,"comment_status":"open","ping_status":"closed","template":"","meta":[],"product_brand":[],"product_cat":[46],"product_tag":[],"class_list":{"0":"post-11030","1":"product","2":"type-product","3":"status-publish","4":"has-post-thumbnail","6":"product_cat-romans","8":"first","9":"instock","10":"taxable","11":"shipping-taxable","12":"purchasable","13":"product-type-simple"},"yoast_head":"<!-- This site is optimized with the Yoast SEO plugin v27.4 - https:\/\/yoast.com\/product\/yoast-seo-wordpress\/ -->\n<title>Nouvelles orientales - l&#039;\u00e9chapp\u00e9e close<\/title>\n<meta name=\"robots\" content=\"index, follow, max-snippet:-1, max-image-preview:large, max-video-preview:-1\" \/>\n<link rel=\"canonical\" href=\"http:\/\/lechappeeclose.it\/it\/boutique\/livres\/litterature\/romans\/nouvelles-orientales\/\" \/>\n<meta property=\"og:locale\" content=\"it_IT\" \/>\n<meta property=\"og:type\" content=\"article\" \/>\n<meta property=\"og:title\" content=\"Nouvelles orientales - l&#039;\u00e9chapp\u00e9e close\" \/>\n<meta property=\"og:description\" content=\"Orientales, toutes les cr\u00e9atures de Marguerite Yourcenar le sont \u00e0 leur mani\u00e8re, subtilement. L&#8217;Hadrien des M\u00e9moires se veut le plus grec des empereurs, comme Z\u00e9non, dans la qu\u00eate de son \u0152uvre au Noir, para\u00eet souvent instruit d&#8217;autres sagesses que celles de l&#8217;Occident. L&#8217;auteur elle-m\u00eame, cheminant \u00e0 travers Le Labyrinthe du Monde, poursuit une grande m\u00e9ditation [&hellip;]\" \/>\n<meta property=\"og:url\" content=\"http:\/\/lechappeeclose.it\/it\/boutique\/livres\/litterature\/romans\/nouvelles-orientales\/\" \/>\n<meta property=\"og:site_name\" content=\"l&#039;\u00e9chapp\u00e9e close\" \/>\n<meta property=\"og:image\" content=\"http:\/\/lechappeeclose.it\/wp-content\/uploads\/2025\/03\/Nouvelles-orientales.jpeg\" \/>\n\t<meta property=\"og:image:width\" content=\"658\" \/>\n\t<meta property=\"og:image:height\" content=\"1000\" \/>\n\t<meta property=\"og:image:type\" content=\"image\/jpeg\" \/>\n<meta name=\"twitter:card\" content=\"summary_large_image\" \/>\n<meta name=\"twitter:label1\" content=\"Tempo di lettura stimato\" \/>\n\t<meta name=\"twitter:data1\" content=\"1 minuto\" \/>\n<script type=\"application\/ld+json\" class=\"yoast-schema-graph\">{\"@context\":\"https:\\\/\\\/schema.org\",\"@graph\":[{\"@type\":\"WebPage\",\"@id\":\"http:\\\/\\\/lechappeeclose.it\\\/it\\\/boutique\\\/livres\\\/litterature\\\/romans\\\/nouvelles-orientales\\\/\",\"url\":\"http:\\\/\\\/lechappeeclose.it\\\/it\\\/boutique\\\/livres\\\/litterature\\\/romans\\\/nouvelles-orientales\\\/\",\"name\":\"Nouvelles orientales - l&#039;\u00e9chapp\u00e9e close\",\"isPartOf\":{\"@id\":\"http:\\\/\\\/lechappeeclose.it\\\/#website\"},\"primaryImageOfPage\":{\"@id\":\"http:\\\/\\\/lechappeeclose.it\\\/it\\\/boutique\\\/livres\\\/litterature\\\/romans\\\/nouvelles-orientales\\\/#primaryimage\"},\"image\":{\"@id\":\"http:\\\/\\\/lechappeeclose.it\\\/it\\\/boutique\\\/livres\\\/litterature\\\/romans\\\/nouvelles-orientales\\\/#primaryimage\"},\"thumbnailUrl\":\"http:\\\/\\\/lechappeeclose.it\\\/wp-content\\\/uploads\\\/2025\\\/03\\\/Nouvelles-orientales.jpeg\",\"datePublished\":\"2025-03-06T15:25:01+00:00\",\"breadcrumb\":{\"@id\":\"http:\\\/\\\/lechappeeclose.it\\\/it\\\/boutique\\\/livres\\\/litterature\\\/romans\\\/nouvelles-orientales\\\/#breadcrumb\"},\"inLanguage\":\"it-IT\",\"potentialAction\":[{\"@type\":\"ReadAction\",\"target\":[\"http:\\\/\\\/lechappeeclose.it\\\/it\\\/boutique\\\/livres\\\/litterature\\\/romans\\\/nouvelles-orientales\\\/\"]}]},{\"@type\":\"ImageObject\",\"inLanguage\":\"it-IT\",\"@id\":\"http:\\\/\\\/lechappeeclose.it\\\/it\\\/boutique\\\/livres\\\/litterature\\\/romans\\\/nouvelles-orientales\\\/#primaryimage\",\"url\":\"http:\\\/\\\/lechappeeclose.it\\\/wp-content\\\/uploads\\\/2025\\\/03\\\/Nouvelles-orientales.jpeg\",\"contentUrl\":\"http:\\\/\\\/lechappeeclose.it\\\/wp-content\\\/uploads\\\/2025\\\/03\\\/Nouvelles-orientales.jpeg\",\"width\":658,\"height\":1000},{\"@type\":\"BreadcrumbList\",\"@id\":\"http:\\\/\\\/lechappeeclose.it\\\/it\\\/boutique\\\/livres\\\/litterature\\\/romans\\\/nouvelles-orientales\\\/#breadcrumb\",\"itemListElement\":[{\"@type\":\"ListItem\",\"position\":1,\"name\":\"Accueil\",\"item\":\"http:\\\/\\\/lechappeeclose.it\\\/\"},{\"@type\":\"ListItem\",\"position\":2,\"name\":\"Boutique\",\"item\":\"http:\\\/\\\/lechappeeclose.it\\\/it\\\/boutique\\\/\"},{\"@type\":\"ListItem\",\"position\":3,\"name\":\"Nouvelles orientales\"}]},{\"@type\":\"WebSite\",\"@id\":\"http:\\\/\\\/lechappeeclose.it\\\/#website\",\"url\":\"http:\\\/\\\/lechappeeclose.it\\\/\",\"name\":\"l&#039;\u00e9chapp\u00e9e close\",\"description\":\"la librairie fran\u00e7aise de Milan\",\"publisher\":{\"@id\":\"http:\\\/\\\/lechappeeclose.it\\\/#organization\"},\"alternateName\":\"La librairie fran\u00e7aise de Milan\",\"potentialAction\":[{\"@type\":\"SearchAction\",\"target\":{\"@type\":\"EntryPoint\",\"urlTemplate\":\"http:\\\/\\\/lechappeeclose.it\\\/?s={search_term_string}\"},\"query-input\":{\"@type\":\"PropertyValueSpecification\",\"valueRequired\":true,\"valueName\":\"search_term_string\"}}],\"inLanguage\":\"it-IT\"},{\"@type\":\"Organization\",\"@id\":\"http:\\\/\\\/lechappeeclose.it\\\/#organization\",\"name\":\"l&#039;\u00e9chapp\u00e9e close\",\"url\":\"http:\\\/\\\/lechappeeclose.it\\\/\",\"logo\":{\"@type\":\"ImageObject\",\"inLanguage\":\"it-IT\",\"@id\":\"http:\\\/\\\/lechappeeclose.it\\\/#\\\/schema\\\/logo\\\/image\\\/\",\"url\":\"http:\\\/\\\/lechappeeclose.it\\\/wp-content\\\/uploads\\\/2025\\\/02\\\/cropped-logo-rond.png\",\"contentUrl\":\"http:\\\/\\\/lechappeeclose.it\\\/wp-content\\\/uploads\\\/2025\\\/02\\\/cropped-logo-rond.png\",\"width\":1080,\"height\":1080,\"caption\":\"l&#039;\u00e9chapp\u00e9e close\"},\"image\":{\"@id\":\"http:\\\/\\\/lechappeeclose.it\\\/#\\\/schema\\\/logo\\\/image\\\/\"},\"sameAs\":[\"https:\\\/\\\/www.instagram.com\\\/lechappeeclose\\\/\"]}]}<\/script>\n<!-- \/ Yoast SEO plugin. -->","yoast_head_json":{"title":"Nouvelles orientales - l&#039;\u00e9chapp\u00e9e close","robots":{"index":"index","follow":"follow","max-snippet":"max-snippet:-1","max-image-preview":"max-image-preview:large","max-video-preview":"max-video-preview:-1"},"canonical":"http:\/\/lechappeeclose.it\/it\/boutique\/livres\/litterature\/romans\/nouvelles-orientales\/","og_locale":"it_IT","og_type":"article","og_title":"Nouvelles orientales - l&#039;\u00e9chapp\u00e9e close","og_description":"Orientales, toutes les cr\u00e9atures de Marguerite Yourcenar le sont \u00e0 leur mani\u00e8re, subtilement. L&#8217;Hadrien des M\u00e9moires se veut le plus grec des empereurs, comme Z\u00e9non, dans la qu\u00eate de son \u0152uvre au Noir, para\u00eet souvent instruit d&#8217;autres sagesses que celles de l&#8217;Occident. L&#8217;auteur elle-m\u00eame, cheminant \u00e0 travers Le Labyrinthe du Monde, poursuit une grande m\u00e9ditation [&hellip;]","og_url":"http:\/\/lechappeeclose.it\/it\/boutique\/livres\/litterature\/romans\/nouvelles-orientales\/","og_site_name":"l&#039;\u00e9chapp\u00e9e close","og_image":[{"width":658,"height":1000,"url":"http:\/\/lechappeeclose.it\/wp-content\/uploads\/2025\/03\/Nouvelles-orientales.jpeg","type":"image\/jpeg"}],"twitter_card":"summary_large_image","twitter_misc":{"Tempo di lettura stimato":"1 minuto"},"schema":{"@context":"https:\/\/schema.org","@graph":[{"@type":"WebPage","@id":"http:\/\/lechappeeclose.it\/it\/boutique\/livres\/litterature\/romans\/nouvelles-orientales\/","url":"http:\/\/lechappeeclose.it\/it\/boutique\/livres\/litterature\/romans\/nouvelles-orientales\/","name":"Nouvelles orientales - l&#039;\u00e9chapp\u00e9e close","isPartOf":{"@id":"http:\/\/lechappeeclose.it\/#website"},"primaryImageOfPage":{"@id":"http:\/\/lechappeeclose.it\/it\/boutique\/livres\/litterature\/romans\/nouvelles-orientales\/#primaryimage"},"image":{"@id":"http:\/\/lechappeeclose.it\/it\/boutique\/livres\/litterature\/romans\/nouvelles-orientales\/#primaryimage"},"thumbnailUrl":"http:\/\/lechappeeclose.it\/wp-content\/uploads\/2025\/03\/Nouvelles-orientales.jpeg","datePublished":"2025-03-06T15:25:01+00:00","breadcrumb":{"@id":"http:\/\/lechappeeclose.it\/it\/boutique\/livres\/litterature\/romans\/nouvelles-orientales\/#breadcrumb"},"inLanguage":"it-IT","potentialAction":[{"@type":"ReadAction","target":["http:\/\/lechappeeclose.it\/it\/boutique\/livres\/litterature\/romans\/nouvelles-orientales\/"]}]},{"@type":"ImageObject","inLanguage":"it-IT","@id":"http:\/\/lechappeeclose.it\/it\/boutique\/livres\/litterature\/romans\/nouvelles-orientales\/#primaryimage","url":"http:\/\/lechappeeclose.it\/wp-content\/uploads\/2025\/03\/Nouvelles-orientales.jpeg","contentUrl":"http:\/\/lechappeeclose.it\/wp-content\/uploads\/2025\/03\/Nouvelles-orientales.jpeg","width":658,"height":1000},{"@type":"BreadcrumbList","@id":"http:\/\/lechappeeclose.it\/it\/boutique\/livres\/litterature\/romans\/nouvelles-orientales\/#breadcrumb","itemListElement":[{"@type":"ListItem","position":1,"name":"Accueil","item":"http:\/\/lechappeeclose.it\/"},{"@type":"ListItem","position":2,"name":"Boutique","item":"http:\/\/lechappeeclose.it\/it\/boutique\/"},{"@type":"ListItem","position":3,"name":"Nouvelles orientales"}]},{"@type":"WebSite","@id":"http:\/\/lechappeeclose.it\/#website","url":"http:\/\/lechappeeclose.it\/","name":"l&#039;\u00e9chapp\u00e9e close","description":"La libreria francese di Milano","publisher":{"@id":"http:\/\/lechappeeclose.it\/#organization"},"alternateName":"La librairie fran\u00e7aise de Milan","potentialAction":[{"@type":"SearchAction","target":{"@type":"EntryPoint","urlTemplate":"http:\/\/lechappeeclose.it\/?s={search_term_string}"},"query-input":{"@type":"PropertyValueSpecification","valueRequired":true,"valueName":"search_term_string"}}],"inLanguage":"it-IT"},{"@type":"Organization","@id":"http:\/\/lechappeeclose.it\/#organization","name":"l&#039;\u00e9chapp\u00e9e close","url":"http:\/\/lechappeeclose.it\/","logo":{"@type":"ImageObject","inLanguage":"it-IT","@id":"http:\/\/lechappeeclose.it\/#\/schema\/logo\/image\/","url":"http:\/\/lechappeeclose.it\/wp-content\/uploads\/2025\/02\/cropped-logo-rond.png","contentUrl":"http:\/\/lechappeeclose.it\/wp-content\/uploads\/2025\/02\/cropped-logo-rond.png","width":1080,"height":1080,"caption":"l&#039;\u00e9chapp\u00e9e close"},"image":{"@id":"http:\/\/lechappeeclose.it\/#\/schema\/logo\/image\/"},"sameAs":["https:\/\/www.instagram.com\/lechappeeclose\/"]}]}},"_links":{"self":[{"href":"http:\/\/lechappeeclose.it\/it\/wp-json\/wp\/v2\/product\/11030","targetHints":{"allow":["GET"]}}],"collection":[{"href":"http:\/\/lechappeeclose.it\/it\/wp-json\/wp\/v2\/product"}],"about":[{"href":"http:\/\/lechappeeclose.it\/it\/wp-json\/wp\/v2\/types\/product"}],"replies":[{"embeddable":true,"href":"http:\/\/lechappeeclose.it\/it\/wp-json\/wp\/v2\/comments?post=11030"}],"wp:featuredmedia":[{"embeddable":true,"href":"http:\/\/lechappeeclose.it\/it\/wp-json\/wp\/v2\/media\/11029"}],"wp:attachment":[{"href":"http:\/\/lechappeeclose.it\/it\/wp-json\/wp\/v2\/media?parent=11030"}],"wp:term":[{"taxonomy":"product_brand","embeddable":true,"href":"http:\/\/lechappeeclose.it\/it\/wp-json\/wp\/v2\/product_brand?post=11030"},{"taxonomy":"product_cat","embeddable":true,"href":"http:\/\/lechappeeclose.it\/it\/wp-json\/wp\/v2\/product_cat?post=11030"},{"taxonomy":"product_tag","embeddable":true,"href":"http:\/\/lechappeeclose.it\/it\/wp-json\/wp\/v2\/product_tag?post=11030"}],"curies":[{"name":"wp","href":"https:\/\/api.w.org\/{rel}","templated":true}]}}