{"id":10942,"date":"2025-02-26T18:31:20","date_gmt":"2025-02-26T17:31:20","guid":{"rendered":"https:\/\/lechappeeclose.it\/produit\/en-verite-alice\/"},"modified":"2025-07-17T12:17:27","modified_gmt":"2025-07-17T10:17:27","slug":"en-verite-alice","status":"publish","type":"product","link":"http:\/\/lechappeeclose.it\/it\/boutique\/livres\/litterature\/romans\/en-verite-alice\/","title":{"rendered":"En v\u00e9rit\u00e9, Alice"},"content":{"rendered":"<p>Sa m\u00e8re, ses amis, la m\u00e9decin qu\u2019elle consulte, personne ne la comprend : depuis cinq ans, Alice est enferm\u00e9e dans la conviction qu\u2019elle sauvera son compagnon de lui-m\u00eame gr\u00e2ce \u00e0 leur amour immense. Tout est dit d\u00e8s le d\u00e9but de ce roman magistral : Alice vit sous emprise.Men\u00e9 tambour battant, ponctu\u00e9 de trou\u00e9es de lumi\u00e8re, m\u00eame dans les sc\u00e8nes les plus sombres, ce livre nous conduit sur des chemins absolument inattendus : somm\u00e9e de trouver du travail, Alice, qu\u2019entrave une timidit\u00e9 maladive depuis son arriv\u00e9e \u00e0 Paris \u00e0 dix ans, apr\u00e8s une enfance radieuse au Guatemala, et dont le CV est inexistant, n\u2019essuie que des refus. Elle r\u00e9pond pourtant \u00e0 une ultime petite annonce : \u00ab L\u2019association dioc\u00e9saine de Paris recrute un(e) assistant(e) pour le promotorat des causes des saints. \u00bb \u00c0 sa grande surprise, l\u2019\u00e9v\u00eaque responsable l\u2019embauche, trop heureux d\u2019avoir enfin trouv\u00e9 quelqu\u2019un pour remettre de l\u2019ordre dans les dossiers en attente.La voil\u00e0 embarqu\u00e9e, et nous avec elle, dans un univers dont elle ignore tout : il s\u2019agit, comprend-t-elle, d\u2019instruire des candidatures \u00e0 la canonisation, premi\u00e8re \u00e9tape d\u2019une proc\u00e9dure qui doit s\u2019achever \u00e0 Rome, si elle n\u2019est pas interrompue avant, tant les conditions suspensives sont nombreuses et complexes. Aid\u00e9e par des coll\u00e8gues d\u2019une bienveillance sans limites, elle d\u00e9couvre alors l\u2019audace et la folie des vies de ces \u00ab serviteurs de Dieu \u00bb, \u00ab v\u00e9n\u00e9rables \u00bb ou \u00ab bienheureux \u00bb qu\u2019il s\u2019agit d\u2019\u00e9valuer et dont Tiffany Tavernier ponctue son r\u00e9cit, illuminant dans le m\u00eame mouvement son texte et le quotidien de sa protagoniste.\u00c0 la faveur d\u2019extraordinaires rebondissements, la puissante romanci\u00e8re invite le monde ext\u00e9rieur dans la bulle de d\u00e9ni o\u00f9 s\u2019est r\u00e9fugi\u00e9e Alice, l\u2019autorisant \u00e0 se frayer un chemin vers sa propre v\u00e9rit\u00e9. Ce n\u2019est pas l\u00e0 la moindre surprise du formidable portrait de femme qu\u2019elle nous offre, elle qui ne cesse d\u2019interroger l\u2019infinie capacit\u00e9 de l\u2019\u00eatre humain \u00e0 rena\u00eetre \u00e0 soi et aux autres.<\/p>","protected":false},"excerpt":{"rendered":"<p>Sa m\u00e8re, ses amis, la m\u00e9decin qu\u2019elle consulte, personne ne la comprend : depuis cinq ans, Alice est enferm\u00e9e dans la conviction qu\u2019elle sauvera son compagnon de lui-m\u00eame gr\u00e2ce \u00e0 leur amour immense. Tout est dit d\u00e8s le d\u00e9but de ce roman magistral : Alice vit sous emprise.Men\u00e9 tambour battant, ponctu\u00e9 de trou\u00e9es de lumi\u00e8re, [&hellip;]<\/p>","protected":false},"featured_media":11903,"comment_status":"open","ping_status":"closed","template":"","meta":[],"product_brand":[],"product_cat":[46],"product_tag":[],"class_list":{"0":"post-10942","1":"product","2":"type-product","3":"status-publish","4":"has-post-thumbnail","6":"product_cat-romans","8":"first","9":"instock","10":"taxable","11":"shipping-taxable","12":"purchasable","13":"product-type-simple"},"yoast_head":"<!-- This site is optimized with the Yoast SEO plugin v27.4 - https:\/\/yoast.com\/product\/yoast-seo-wordpress\/ -->\n<title>En v\u00e9rit\u00e9, Alice - l&#039;\u00e9chapp\u00e9e close<\/title>\n<meta name=\"robots\" content=\"index, follow, max-snippet:-1, max-image-preview:large, max-video-preview:-1\" \/>\n<link rel=\"canonical\" href=\"http:\/\/lechappeeclose.it\/it\/boutique\/livres\/litterature\/romans\/en-verite-alice\/\" \/>\n<meta property=\"og:locale\" content=\"it_IT\" \/>\n<meta property=\"og:type\" content=\"article\" \/>\n<meta property=\"og:title\" content=\"En v\u00e9rit\u00e9, Alice - l&#039;\u00e9chapp\u00e9e close\" \/>\n<meta property=\"og:description\" content=\"Sa m\u00e8re, ses amis, la m\u00e9decin qu\u2019elle consulte, personne ne la comprend : depuis cinq ans, Alice est enferm\u00e9e dans la conviction qu\u2019elle sauvera son compagnon de lui-m\u00eame gr\u00e2ce \u00e0 leur amour immense. Tout est dit d\u00e8s le d\u00e9but de ce roman magistral : Alice vit sous emprise.Men\u00e9 tambour battant, ponctu\u00e9 de trou\u00e9es de lumi\u00e8re, [&hellip;]\" \/>\n<meta property=\"og:url\" content=\"http:\/\/lechappeeclose.it\/it\/boutique\/livres\/litterature\/romans\/en-verite-alice\/\" \/>\n<meta property=\"og:site_name\" content=\"l&#039;\u00e9chapp\u00e9e close\" \/>\n<meta property=\"article:modified_time\" content=\"2025-07-17T10:17:27+00:00\" \/>\n<meta property=\"og:image\" content=\"http:\/\/lechappeeclose.it\/wp-content\/uploads\/2025\/02\/enveritealice.webp\" \/>\n\t<meta property=\"og:image:width\" content=\"303\" \/>\n\t<meta property=\"og:image:height\" content=\"500\" \/>\n\t<meta property=\"og:image:type\" content=\"image\/webp\" \/>\n<meta name=\"twitter:card\" content=\"summary_large_image\" \/>\n<meta name=\"twitter:label1\" content=\"Tempo di lettura stimato\" \/>\n\t<meta name=\"twitter:data1\" content=\"2 minuti\" \/>\n<script type=\"application\/ld+json\" class=\"yoast-schema-graph\">{\"@context\":\"https:\\\/\\\/schema.org\",\"@graph\":[{\"@type\":\"WebPage\",\"@id\":\"http:\\\/\\\/lechappeeclose.it\\\/boutique\\\/livres\\\/litterature\\\/romans\\\/en-verite-alice\\\/\",\"url\":\"http:\\\/\\\/lechappeeclose.it\\\/boutique\\\/livres\\\/litterature\\\/romans\\\/en-verite-alice\\\/\",\"name\":\"En v\u00e9rit\u00e9, Alice - l&#039;\u00e9chapp\u00e9e close\",\"isPartOf\":{\"@id\":\"http:\\\/\\\/lechappeeclose.it\\\/#website\"},\"primaryImageOfPage\":{\"@id\":\"http:\\\/\\\/lechappeeclose.it\\\/boutique\\\/livres\\\/litterature\\\/romans\\\/en-verite-alice\\\/#primaryimage\"},\"image\":{\"@id\":\"http:\\\/\\\/lechappeeclose.it\\\/boutique\\\/livres\\\/litterature\\\/romans\\\/en-verite-alice\\\/#primaryimage\"},\"thumbnailUrl\":\"http:\\\/\\\/lechappeeclose.it\\\/wp-content\\\/uploads\\\/2025\\\/02\\\/enveritealice.webp\",\"datePublished\":\"2025-02-26T17:31:20+00:00\",\"dateModified\":\"2025-07-17T10:17:27+00:00\",\"breadcrumb\":{\"@id\":\"http:\\\/\\\/lechappeeclose.it\\\/boutique\\\/livres\\\/litterature\\\/romans\\\/en-verite-alice\\\/#breadcrumb\"},\"inLanguage\":\"it-IT\",\"potentialAction\":[{\"@type\":\"ReadAction\",\"target\":[\"http:\\\/\\\/lechappeeclose.it\\\/boutique\\\/livres\\\/litterature\\\/romans\\\/en-verite-alice\\\/\"]}]},{\"@type\":\"ImageObject\",\"inLanguage\":\"it-IT\",\"@id\":\"http:\\\/\\\/lechappeeclose.it\\\/boutique\\\/livres\\\/litterature\\\/romans\\\/en-verite-alice\\\/#primaryimage\",\"url\":\"http:\\\/\\\/lechappeeclose.it\\\/wp-content\\\/uploads\\\/2025\\\/02\\\/enveritealice.webp\",\"contentUrl\":\"http:\\\/\\\/lechappeeclose.it\\\/wp-content\\\/uploads\\\/2025\\\/02\\\/enveritealice.webp\",\"width\":303,\"height\":500},{\"@type\":\"BreadcrumbList\",\"@id\":\"http:\\\/\\\/lechappeeclose.it\\\/boutique\\\/livres\\\/litterature\\\/romans\\\/en-verite-alice\\\/#breadcrumb\",\"itemListElement\":[{\"@type\":\"ListItem\",\"position\":1,\"name\":\"Accueil\",\"item\":\"http:\\\/\\\/lechappeeclose.it\\\/\"},{\"@type\":\"ListItem\",\"position\":2,\"name\":\"Boutique\",\"item\":\"http:\\\/\\\/lechappeeclose.it\\\/it\\\/boutique\\\/\"},{\"@type\":\"ListItem\",\"position\":3,\"name\":\"En v\u00e9rit\u00e9, Alice\"}]},{\"@type\":\"WebSite\",\"@id\":\"http:\\\/\\\/lechappeeclose.it\\\/#website\",\"url\":\"http:\\\/\\\/lechappeeclose.it\\\/\",\"name\":\"l&#039;\u00e9chapp\u00e9e close\",\"description\":\"la librairie fran\u00e7aise de Milan\",\"publisher\":{\"@id\":\"http:\\\/\\\/lechappeeclose.it\\\/#organization\"},\"alternateName\":\"La librairie fran\u00e7aise de Milan\",\"potentialAction\":[{\"@type\":\"SearchAction\",\"target\":{\"@type\":\"EntryPoint\",\"urlTemplate\":\"http:\\\/\\\/lechappeeclose.it\\\/?s={search_term_string}\"},\"query-input\":{\"@type\":\"PropertyValueSpecification\",\"valueRequired\":true,\"valueName\":\"search_term_string\"}}],\"inLanguage\":\"it-IT\"},{\"@type\":\"Organization\",\"@id\":\"http:\\\/\\\/lechappeeclose.it\\\/#organization\",\"name\":\"l&#039;\u00e9chapp\u00e9e close\",\"url\":\"http:\\\/\\\/lechappeeclose.it\\\/\",\"logo\":{\"@type\":\"ImageObject\",\"inLanguage\":\"it-IT\",\"@id\":\"http:\\\/\\\/lechappeeclose.it\\\/#\\\/schema\\\/logo\\\/image\\\/\",\"url\":\"http:\\\/\\\/lechappeeclose.it\\\/wp-content\\\/uploads\\\/2025\\\/02\\\/cropped-logo-rond.png\",\"contentUrl\":\"http:\\\/\\\/lechappeeclose.it\\\/wp-content\\\/uploads\\\/2025\\\/02\\\/cropped-logo-rond.png\",\"width\":1080,\"height\":1080,\"caption\":\"l&#039;\u00e9chapp\u00e9e close\"},\"image\":{\"@id\":\"http:\\\/\\\/lechappeeclose.it\\\/#\\\/schema\\\/logo\\\/image\\\/\"},\"sameAs\":[\"https:\\\/\\\/www.instagram.com\\\/lechappeeclose\\\/\"]}]}<\/script>\n<!-- \/ Yoast SEO plugin. -->","yoast_head_json":{"title":"En v\u00e9rit\u00e9, Alice - l&#039;\u00e9chapp\u00e9e close","robots":{"index":"index","follow":"follow","max-snippet":"max-snippet:-1","max-image-preview":"max-image-preview:large","max-video-preview":"max-video-preview:-1"},"canonical":"http:\/\/lechappeeclose.it\/it\/boutique\/livres\/litterature\/romans\/en-verite-alice\/","og_locale":"it_IT","og_type":"article","og_title":"En v\u00e9rit\u00e9, Alice - l&#039;\u00e9chapp\u00e9e close","og_description":"Sa m\u00e8re, ses amis, la m\u00e9decin qu\u2019elle consulte, personne ne la comprend : depuis cinq ans, Alice est enferm\u00e9e dans la conviction qu\u2019elle sauvera son compagnon de lui-m\u00eame gr\u00e2ce \u00e0 leur amour immense. Tout est dit d\u00e8s le d\u00e9but de ce roman magistral : Alice vit sous emprise.Men\u00e9 tambour battant, ponctu\u00e9 de trou\u00e9es de lumi\u00e8re, [&hellip;]","og_url":"http:\/\/lechappeeclose.it\/it\/boutique\/livres\/litterature\/romans\/en-verite-alice\/","og_site_name":"l&#039;\u00e9chapp\u00e9e close","article_modified_time":"2025-07-17T10:17:27+00:00","og_image":[{"width":303,"height":500,"url":"http:\/\/lechappeeclose.it\/wp-content\/uploads\/2025\/02\/enveritealice.webp","type":"image\/webp"}],"twitter_card":"summary_large_image","twitter_misc":{"Tempo di lettura stimato":"2 minuti"},"schema":{"@context":"https:\/\/schema.org","@graph":[{"@type":"WebPage","@id":"http:\/\/lechappeeclose.it\/boutique\/livres\/litterature\/romans\/en-verite-alice\/","url":"http:\/\/lechappeeclose.it\/boutique\/livres\/litterature\/romans\/en-verite-alice\/","name":"En v\u00e9rit\u00e9, Alice - l&#039;\u00e9chapp\u00e9e close","isPartOf":{"@id":"http:\/\/lechappeeclose.it\/#website"},"primaryImageOfPage":{"@id":"http:\/\/lechappeeclose.it\/boutique\/livres\/litterature\/romans\/en-verite-alice\/#primaryimage"},"image":{"@id":"http:\/\/lechappeeclose.it\/boutique\/livres\/litterature\/romans\/en-verite-alice\/#primaryimage"},"thumbnailUrl":"http:\/\/lechappeeclose.it\/wp-content\/uploads\/2025\/02\/enveritealice.webp","datePublished":"2025-02-26T17:31:20+00:00","dateModified":"2025-07-17T10:17:27+00:00","breadcrumb":{"@id":"http:\/\/lechappeeclose.it\/boutique\/livres\/litterature\/romans\/en-verite-alice\/#breadcrumb"},"inLanguage":"it-IT","potentialAction":[{"@type":"ReadAction","target":["http:\/\/lechappeeclose.it\/boutique\/livres\/litterature\/romans\/en-verite-alice\/"]}]},{"@type":"ImageObject","inLanguage":"it-IT","@id":"http:\/\/lechappeeclose.it\/boutique\/livres\/litterature\/romans\/en-verite-alice\/#primaryimage","url":"http:\/\/lechappeeclose.it\/wp-content\/uploads\/2025\/02\/enveritealice.webp","contentUrl":"http:\/\/lechappeeclose.it\/wp-content\/uploads\/2025\/02\/enveritealice.webp","width":303,"height":500},{"@type":"BreadcrumbList","@id":"http:\/\/lechappeeclose.it\/boutique\/livres\/litterature\/romans\/en-verite-alice\/#breadcrumb","itemListElement":[{"@type":"ListItem","position":1,"name":"Accueil","item":"http:\/\/lechappeeclose.it\/"},{"@type":"ListItem","position":2,"name":"Boutique","item":"http:\/\/lechappeeclose.it\/it\/boutique\/"},{"@type":"ListItem","position":3,"name":"En v\u00e9rit\u00e9, Alice"}]},{"@type":"WebSite","@id":"http:\/\/lechappeeclose.it\/#website","url":"http:\/\/lechappeeclose.it\/","name":"l&#039;\u00e9chapp\u00e9e close","description":"La libreria francese di Milano","publisher":{"@id":"http:\/\/lechappeeclose.it\/#organization"},"alternateName":"La librairie fran\u00e7aise de Milan","potentialAction":[{"@type":"SearchAction","target":{"@type":"EntryPoint","urlTemplate":"http:\/\/lechappeeclose.it\/?s={search_term_string}"},"query-input":{"@type":"PropertyValueSpecification","valueRequired":true,"valueName":"search_term_string"}}],"inLanguage":"it-IT"},{"@type":"Organization","@id":"http:\/\/lechappeeclose.it\/#organization","name":"l&#039;\u00e9chapp\u00e9e close","url":"http:\/\/lechappeeclose.it\/","logo":{"@type":"ImageObject","inLanguage":"it-IT","@id":"http:\/\/lechappeeclose.it\/#\/schema\/logo\/image\/","url":"http:\/\/lechappeeclose.it\/wp-content\/uploads\/2025\/02\/cropped-logo-rond.png","contentUrl":"http:\/\/lechappeeclose.it\/wp-content\/uploads\/2025\/02\/cropped-logo-rond.png","width":1080,"height":1080,"caption":"l&#039;\u00e9chapp\u00e9e close"},"image":{"@id":"http:\/\/lechappeeclose.it\/#\/schema\/logo\/image\/"},"sameAs":["https:\/\/www.instagram.com\/lechappeeclose\/"]}]}},"_links":{"self":[{"href":"http:\/\/lechappeeclose.it\/it\/wp-json\/wp\/v2\/product\/10942","targetHints":{"allow":["GET"]}}],"collection":[{"href":"http:\/\/lechappeeclose.it\/it\/wp-json\/wp\/v2\/product"}],"about":[{"href":"http:\/\/lechappeeclose.it\/it\/wp-json\/wp\/v2\/types\/product"}],"replies":[{"embeddable":true,"href":"http:\/\/lechappeeclose.it\/it\/wp-json\/wp\/v2\/comments?post=10942"}],"wp:featuredmedia":[{"embeddable":true,"href":"http:\/\/lechappeeclose.it\/it\/wp-json\/wp\/v2\/media\/11903"}],"wp:attachment":[{"href":"http:\/\/lechappeeclose.it\/it\/wp-json\/wp\/v2\/media?parent=10942"}],"wp:term":[{"taxonomy":"product_brand","embeddable":true,"href":"http:\/\/lechappeeclose.it\/it\/wp-json\/wp\/v2\/product_brand?post=10942"},{"taxonomy":"product_cat","embeddable":true,"href":"http:\/\/lechappeeclose.it\/it\/wp-json\/wp\/v2\/product_cat?post=10942"},{"taxonomy":"product_tag","embeddable":true,"href":"http:\/\/lechappeeclose.it\/it\/wp-json\/wp\/v2\/product_tag?post=10942"}],"curies":[{"name":"wp","href":"https:\/\/api.w.org\/{rel}","templated":true}]}}