{"id":10928,"date":"2025-02-26T17:16:48","date_gmt":"2025-02-26T16:16:48","guid":{"rendered":"https:\/\/lechappeeclose.it\/produit\/les-canons-du-18-mars-lespoir-assassine-les-heures-sanglantes-le\/"},"modified":"2026-02-27T16:12:40","modified_gmt":"2026-02-27T15:12:40","slug":"les-canons-du-18-mars-lespoir-assassine-les-heures-sanglantes-le","status":"publish","type":"product","link":"http:\/\/lechappeeclose.it\/it\/boutique\/livres\/roman-graphique-bd\/adaptation-litteraire\/les-canons-du-18-mars-lespoir-assassine-les-heures-sanglantes-le\/","title":{"rendered":"Le Cri du Peuple"},"content":{"rendered":"<p>7 mars 1871, il neige sur Paris. Dans la Seine, on recueille le cadavre d\u2019une femme. Dans sa main, \u00e9nigmatique, un \u0153il de verre portant le num\u00e9ro 13. Le commissaire du quartier lance l\u2019enqu\u00eate. Pourtant, ce n\u2019est pas l\u2019affaire de la noy\u00e9e du Pont de l\u2019Alma qui l\u2019inqui\u00e8te le plus, mais plut\u00f4t le vent de r\u00e9volte qu\u2019on sent gronder dans les quartiers populaires\u2026Adapt\u00e9 du c\u00e9l\u00e8bre roman de Jean Vautrin, Le Cri de peuple est, au-del\u00e0 de l\u2019enqu\u00eate polici\u00e8re et de la formidable gouaille de ses multiples personnages, une spectaculaire et poignante chronique de La Commune de Paris. Quelques semaines d\u2019insurrection et de libert\u00e9 totale au cours desquelles le peuple parisien a entrepris de vivre l\u2019utopie sans attendre.<\/p>","protected":false},"excerpt":{"rendered":"<p>7 mars 1871, il neige sur Paris. Dans la Seine, on recueille le cadavre d\u2019une femme. Dans sa main, \u00e9nigmatique, un \u0153il de verre portant le num\u00e9ro 13. Le commissaire du quartier lance l\u2019enqu\u00eate. Pourtant, ce n\u2019est pas l\u2019affaire de la noy\u00e9e du Pont de l\u2019Alma qui l\u2019inqui\u00e8te le plus, mais plut\u00f4t le vent de [&hellip;]<\/p>","protected":false},"featured_media":10927,"comment_status":"open","ping_status":"closed","template":"","meta":[],"product_brand":[],"product_cat":[56],"product_tag":[],"class_list":{"0":"post-10928","1":"product","2":"type-product","3":"status-publish","4":"has-post-thumbnail","6":"product_cat-adaptation-litteraire","8":"first","9":"instock","10":"taxable","11":"shipping-taxable","12":"purchasable","13":"product-type-simple"},"yoast_head":"<!-- This site is optimized with the Yoast SEO plugin v27.4 - https:\/\/yoast.com\/product\/yoast-seo-wordpress\/ -->\n<title>Le Cri du Peuple - l&#039;\u00e9chapp\u00e9e close<\/title>\n<meta name=\"robots\" content=\"index, follow, max-snippet:-1, max-image-preview:large, max-video-preview:-1\" \/>\n<link rel=\"canonical\" href=\"http:\/\/lechappeeclose.it\/it\/boutique\/livres\/roman-graphique-bd\/adaptation-litteraire\/les-canons-du-18-mars-lespoir-assassine-les-heures-sanglantes-le\/\" \/>\n<meta property=\"og:locale\" content=\"it_IT\" \/>\n<meta property=\"og:type\" content=\"article\" \/>\n<meta property=\"og:title\" content=\"Le Cri du Peuple - l&#039;\u00e9chapp\u00e9e close\" \/>\n<meta property=\"og:description\" content=\"7 mars 1871, il neige sur Paris. Dans la Seine, on recueille le cadavre d\u2019une femme. Dans sa main, \u00e9nigmatique, un \u0153il de verre portant le num\u00e9ro 13. Le commissaire du quartier lance l\u2019enqu\u00eate. Pourtant, ce n\u2019est pas l\u2019affaire de la noy\u00e9e du Pont de l\u2019Alma qui l\u2019inqui\u00e8te le plus, mais plut\u00f4t le vent de [&hellip;]\" \/>\n<meta property=\"og:url\" content=\"http:\/\/lechappeeclose.it\/it\/boutique\/livres\/roman-graphique-bd\/adaptation-litteraire\/les-canons-du-18-mars-lespoir-assassine-les-heures-sanglantes-le\/\" \/>\n<meta property=\"og:site_name\" content=\"l&#039;\u00e9chapp\u00e9e close\" \/>\n<meta property=\"article:modified_time\" content=\"2026-02-27T15:12:40+00:00\" \/>\n<meta property=\"og:image\" content=\"http:\/\/lechappeeclose.it\/wp-content\/uploads\/2025\/02\/Les-canons-du-18-mars-Lespoir-assassine-Les-heures-sanglantes-Le.jpeg\" \/>\n\t<meta property=\"og:image:width\" content=\"346\" \/>\n\t<meta property=\"og:image:height\" content=\"407\" \/>\n\t<meta property=\"og:image:type\" content=\"image\/jpeg\" \/>\n<meta name=\"twitter:card\" content=\"summary_large_image\" \/>\n<meta name=\"twitter:label1\" content=\"Tempo di lettura stimato\" \/>\n\t<meta name=\"twitter:data1\" content=\"1 minuto\" \/>\n<script type=\"application\/ld+json\" class=\"yoast-schema-graph\">{\"@context\":\"https:\\\/\\\/schema.org\",\"@graph\":[{\"@type\":\"WebPage\",\"@id\":\"http:\\\/\\\/lechappeeclose.it\\\/boutique\\\/livres\\\/roman-graphique-bd\\\/adaptation-litteraire\\\/les-canons-du-18-mars-lespoir-assassine-les-heures-sanglantes-le\\\/\",\"url\":\"http:\\\/\\\/lechappeeclose.it\\\/boutique\\\/livres\\\/roman-graphique-bd\\\/adaptation-litteraire\\\/les-canons-du-18-mars-lespoir-assassine-les-heures-sanglantes-le\\\/\",\"name\":\"Le Cri du Peuple - l&#039;\u00e9chapp\u00e9e close\",\"isPartOf\":{\"@id\":\"http:\\\/\\\/lechappeeclose.it\\\/#website\"},\"primaryImageOfPage\":{\"@id\":\"http:\\\/\\\/lechappeeclose.it\\\/boutique\\\/livres\\\/roman-graphique-bd\\\/adaptation-litteraire\\\/les-canons-du-18-mars-lespoir-assassine-les-heures-sanglantes-le\\\/#primaryimage\"},\"image\":{\"@id\":\"http:\\\/\\\/lechappeeclose.it\\\/boutique\\\/livres\\\/roman-graphique-bd\\\/adaptation-litteraire\\\/les-canons-du-18-mars-lespoir-assassine-les-heures-sanglantes-le\\\/#primaryimage\"},\"thumbnailUrl\":\"http:\\\/\\\/lechappeeclose.it\\\/wp-content\\\/uploads\\\/2025\\\/02\\\/Les-canons-du-18-mars-Lespoir-assassine-Les-heures-sanglantes-Le.jpeg\",\"datePublished\":\"2025-02-26T16:16:48+00:00\",\"dateModified\":\"2026-02-27T15:12:40+00:00\",\"breadcrumb\":{\"@id\":\"http:\\\/\\\/lechappeeclose.it\\\/boutique\\\/livres\\\/roman-graphique-bd\\\/adaptation-litteraire\\\/les-canons-du-18-mars-lespoir-assassine-les-heures-sanglantes-le\\\/#breadcrumb\"},\"inLanguage\":\"it-IT\",\"potentialAction\":[{\"@type\":\"ReadAction\",\"target\":[\"http:\\\/\\\/lechappeeclose.it\\\/boutique\\\/livres\\\/roman-graphique-bd\\\/adaptation-litteraire\\\/les-canons-du-18-mars-lespoir-assassine-les-heures-sanglantes-le\\\/\"]}]},{\"@type\":\"ImageObject\",\"inLanguage\":\"it-IT\",\"@id\":\"http:\\\/\\\/lechappeeclose.it\\\/boutique\\\/livres\\\/roman-graphique-bd\\\/adaptation-litteraire\\\/les-canons-du-18-mars-lespoir-assassine-les-heures-sanglantes-le\\\/#primaryimage\",\"url\":\"http:\\\/\\\/lechappeeclose.it\\\/wp-content\\\/uploads\\\/2025\\\/02\\\/Les-canons-du-18-mars-Lespoir-assassine-Les-heures-sanglantes-Le.jpeg\",\"contentUrl\":\"http:\\\/\\\/lechappeeclose.it\\\/wp-content\\\/uploads\\\/2025\\\/02\\\/Les-canons-du-18-mars-Lespoir-assassine-Les-heures-sanglantes-Le.jpeg\",\"width\":346,\"height\":407},{\"@type\":\"BreadcrumbList\",\"@id\":\"http:\\\/\\\/lechappeeclose.it\\\/boutique\\\/livres\\\/roman-graphique-bd\\\/adaptation-litteraire\\\/les-canons-du-18-mars-lespoir-assassine-les-heures-sanglantes-le\\\/#breadcrumb\",\"itemListElement\":[{\"@type\":\"ListItem\",\"position\":1,\"name\":\"Accueil\",\"item\":\"http:\\\/\\\/lechappeeclose.it\\\/\"},{\"@type\":\"ListItem\",\"position\":2,\"name\":\"Boutique\",\"item\":\"http:\\\/\\\/lechappeeclose.it\\\/it\\\/boutique\\\/\"},{\"@type\":\"ListItem\",\"position\":3,\"name\":\"Le Cri du Peuple\"}]},{\"@type\":\"WebSite\",\"@id\":\"http:\\\/\\\/lechappeeclose.it\\\/#website\",\"url\":\"http:\\\/\\\/lechappeeclose.it\\\/\",\"name\":\"l&#039;\u00e9chapp\u00e9e close\",\"description\":\"la librairie fran\u00e7aise de Milan\",\"publisher\":{\"@id\":\"http:\\\/\\\/lechappeeclose.it\\\/#organization\"},\"alternateName\":\"La librairie fran\u00e7aise de Milan\",\"potentialAction\":[{\"@type\":\"SearchAction\",\"target\":{\"@type\":\"EntryPoint\",\"urlTemplate\":\"http:\\\/\\\/lechappeeclose.it\\\/?s={search_term_string}\"},\"query-input\":{\"@type\":\"PropertyValueSpecification\",\"valueRequired\":true,\"valueName\":\"search_term_string\"}}],\"inLanguage\":\"it-IT\"},{\"@type\":\"Organization\",\"@id\":\"http:\\\/\\\/lechappeeclose.it\\\/#organization\",\"name\":\"l&#039;\u00e9chapp\u00e9e close\",\"url\":\"http:\\\/\\\/lechappeeclose.it\\\/\",\"logo\":{\"@type\":\"ImageObject\",\"inLanguage\":\"it-IT\",\"@id\":\"http:\\\/\\\/lechappeeclose.it\\\/#\\\/schema\\\/logo\\\/image\\\/\",\"url\":\"http:\\\/\\\/lechappeeclose.it\\\/wp-content\\\/uploads\\\/2025\\\/02\\\/cropped-logo-rond.png\",\"contentUrl\":\"http:\\\/\\\/lechappeeclose.it\\\/wp-content\\\/uploads\\\/2025\\\/02\\\/cropped-logo-rond.png\",\"width\":1080,\"height\":1080,\"caption\":\"l&#039;\u00e9chapp\u00e9e close\"},\"image\":{\"@id\":\"http:\\\/\\\/lechappeeclose.it\\\/#\\\/schema\\\/logo\\\/image\\\/\"},\"sameAs\":[\"https:\\\/\\\/www.instagram.com\\\/lechappeeclose\\\/\"]}]}<\/script>\n<!-- \/ Yoast SEO plugin. -->","yoast_head_json":{"title":"Le Cri du Peuple - l&#039;\u00e9chapp\u00e9e close","robots":{"index":"index","follow":"follow","max-snippet":"max-snippet:-1","max-image-preview":"max-image-preview:large","max-video-preview":"max-video-preview:-1"},"canonical":"http:\/\/lechappeeclose.it\/it\/boutique\/livres\/roman-graphique-bd\/adaptation-litteraire\/les-canons-du-18-mars-lespoir-assassine-les-heures-sanglantes-le\/","og_locale":"it_IT","og_type":"article","og_title":"Le Cri du Peuple - l&#039;\u00e9chapp\u00e9e close","og_description":"7 mars 1871, il neige sur Paris. Dans la Seine, on recueille le cadavre d\u2019une femme. Dans sa main, \u00e9nigmatique, un \u0153il de verre portant le num\u00e9ro 13. Le commissaire du quartier lance l\u2019enqu\u00eate. Pourtant, ce n\u2019est pas l\u2019affaire de la noy\u00e9e du Pont de l\u2019Alma qui l\u2019inqui\u00e8te le plus, mais plut\u00f4t le vent de [&hellip;]","og_url":"http:\/\/lechappeeclose.it\/it\/boutique\/livres\/roman-graphique-bd\/adaptation-litteraire\/les-canons-du-18-mars-lespoir-assassine-les-heures-sanglantes-le\/","og_site_name":"l&#039;\u00e9chapp\u00e9e close","article_modified_time":"2026-02-27T15:12:40+00:00","og_image":[{"width":346,"height":407,"url":"http:\/\/lechappeeclose.it\/wp-content\/uploads\/2025\/02\/Les-canons-du-18-mars-Lespoir-assassine-Les-heures-sanglantes-Le.jpeg","type":"image\/jpeg"}],"twitter_card":"summary_large_image","twitter_misc":{"Tempo di lettura stimato":"1 minuto"},"schema":{"@context":"https:\/\/schema.org","@graph":[{"@type":"WebPage","@id":"http:\/\/lechappeeclose.it\/boutique\/livres\/roman-graphique-bd\/adaptation-litteraire\/les-canons-du-18-mars-lespoir-assassine-les-heures-sanglantes-le\/","url":"http:\/\/lechappeeclose.it\/boutique\/livres\/roman-graphique-bd\/adaptation-litteraire\/les-canons-du-18-mars-lespoir-assassine-les-heures-sanglantes-le\/","name":"Le Cri du Peuple - l&#039;\u00e9chapp\u00e9e close","isPartOf":{"@id":"http:\/\/lechappeeclose.it\/#website"},"primaryImageOfPage":{"@id":"http:\/\/lechappeeclose.it\/boutique\/livres\/roman-graphique-bd\/adaptation-litteraire\/les-canons-du-18-mars-lespoir-assassine-les-heures-sanglantes-le\/#primaryimage"},"image":{"@id":"http:\/\/lechappeeclose.it\/boutique\/livres\/roman-graphique-bd\/adaptation-litteraire\/les-canons-du-18-mars-lespoir-assassine-les-heures-sanglantes-le\/#primaryimage"},"thumbnailUrl":"http:\/\/lechappeeclose.it\/wp-content\/uploads\/2025\/02\/Les-canons-du-18-mars-Lespoir-assassine-Les-heures-sanglantes-Le.jpeg","datePublished":"2025-02-26T16:16:48+00:00","dateModified":"2026-02-27T15:12:40+00:00","breadcrumb":{"@id":"http:\/\/lechappeeclose.it\/boutique\/livres\/roman-graphique-bd\/adaptation-litteraire\/les-canons-du-18-mars-lespoir-assassine-les-heures-sanglantes-le\/#breadcrumb"},"inLanguage":"it-IT","potentialAction":[{"@type":"ReadAction","target":["http:\/\/lechappeeclose.it\/boutique\/livres\/roman-graphique-bd\/adaptation-litteraire\/les-canons-du-18-mars-lespoir-assassine-les-heures-sanglantes-le\/"]}]},{"@type":"ImageObject","inLanguage":"it-IT","@id":"http:\/\/lechappeeclose.it\/boutique\/livres\/roman-graphique-bd\/adaptation-litteraire\/les-canons-du-18-mars-lespoir-assassine-les-heures-sanglantes-le\/#primaryimage","url":"http:\/\/lechappeeclose.it\/wp-content\/uploads\/2025\/02\/Les-canons-du-18-mars-Lespoir-assassine-Les-heures-sanglantes-Le.jpeg","contentUrl":"http:\/\/lechappeeclose.it\/wp-content\/uploads\/2025\/02\/Les-canons-du-18-mars-Lespoir-assassine-Les-heures-sanglantes-Le.jpeg","width":346,"height":407},{"@type":"BreadcrumbList","@id":"http:\/\/lechappeeclose.it\/boutique\/livres\/roman-graphique-bd\/adaptation-litteraire\/les-canons-du-18-mars-lespoir-assassine-les-heures-sanglantes-le\/#breadcrumb","itemListElement":[{"@type":"ListItem","position":1,"name":"Accueil","item":"http:\/\/lechappeeclose.it\/"},{"@type":"ListItem","position":2,"name":"Boutique","item":"http:\/\/lechappeeclose.it\/it\/boutique\/"},{"@type":"ListItem","position":3,"name":"Le Cri du Peuple"}]},{"@type":"WebSite","@id":"http:\/\/lechappeeclose.it\/#website","url":"http:\/\/lechappeeclose.it\/","name":"l&#039;\u00e9chapp\u00e9e close","description":"La libreria francese di Milano","publisher":{"@id":"http:\/\/lechappeeclose.it\/#organization"},"alternateName":"La librairie fran\u00e7aise de Milan","potentialAction":[{"@type":"SearchAction","target":{"@type":"EntryPoint","urlTemplate":"http:\/\/lechappeeclose.it\/?s={search_term_string}"},"query-input":{"@type":"PropertyValueSpecification","valueRequired":true,"valueName":"search_term_string"}}],"inLanguage":"it-IT"},{"@type":"Organization","@id":"http:\/\/lechappeeclose.it\/#organization","name":"l&#039;\u00e9chapp\u00e9e close","url":"http:\/\/lechappeeclose.it\/","logo":{"@type":"ImageObject","inLanguage":"it-IT","@id":"http:\/\/lechappeeclose.it\/#\/schema\/logo\/image\/","url":"http:\/\/lechappeeclose.it\/wp-content\/uploads\/2025\/02\/cropped-logo-rond.png","contentUrl":"http:\/\/lechappeeclose.it\/wp-content\/uploads\/2025\/02\/cropped-logo-rond.png","width":1080,"height":1080,"caption":"l&#039;\u00e9chapp\u00e9e close"},"image":{"@id":"http:\/\/lechappeeclose.it\/#\/schema\/logo\/image\/"},"sameAs":["https:\/\/www.instagram.com\/lechappeeclose\/"]}]}},"_links":{"self":[{"href":"http:\/\/lechappeeclose.it\/it\/wp-json\/wp\/v2\/product\/10928","targetHints":{"allow":["GET"]}}],"collection":[{"href":"http:\/\/lechappeeclose.it\/it\/wp-json\/wp\/v2\/product"}],"about":[{"href":"http:\/\/lechappeeclose.it\/it\/wp-json\/wp\/v2\/types\/product"}],"replies":[{"embeddable":true,"href":"http:\/\/lechappeeclose.it\/it\/wp-json\/wp\/v2\/comments?post=10928"}],"wp:featuredmedia":[{"embeddable":true,"href":"http:\/\/lechappeeclose.it\/it\/wp-json\/wp\/v2\/media\/10927"}],"wp:attachment":[{"href":"http:\/\/lechappeeclose.it\/it\/wp-json\/wp\/v2\/media?parent=10928"}],"wp:term":[{"taxonomy":"product_brand","embeddable":true,"href":"http:\/\/lechappeeclose.it\/it\/wp-json\/wp\/v2\/product_brand?post=10928"},{"taxonomy":"product_cat","embeddable":true,"href":"http:\/\/lechappeeclose.it\/it\/wp-json\/wp\/v2\/product_cat?post=10928"},{"taxonomy":"product_tag","embeddable":true,"href":"http:\/\/lechappeeclose.it\/it\/wp-json\/wp\/v2\/product_tag?post=10928"}],"curies":[{"name":"wp","href":"https:\/\/api.w.org\/{rel}","templated":true}]}}