{"id":10926,"date":"2025-02-26T17:13:54","date_gmt":"2025-02-26T16:13:54","guid":{"rendered":"https:\/\/lechappeeclose.it\/produit\/rimbaud-lindesirable\/"},"modified":"2025-02-26T17:13:54","modified_gmt":"2025-02-26T16:13:54","slug":"rimbaud-lindesirable","status":"publish","type":"product","link":"http:\/\/lechappeeclose.it\/it\/boutique\/livres\/roman-graphique-bd\/biographies\/rimbaud-lindesirable\/","title":{"rendered":"Rimbaud, l&#8217;ind\u00e9sirable"},"content":{"rendered":"<p>Il a la m\u00e9canique des vers comme personne, seulement ses oeuvres sont absolument inintelligibles et repoussantes. (Rapport de police, 1873) Bien qu&#8217;il soit aujourd&#8217;hui reconnnu comme l&#8217;un des plus grands po\u00e8tes, Arthur Rimbaud n&#8217;a pas eu de succ\u00e8s de son vivant, et son histoire reste un myst\u00e8re \u00e0 bien des \u00e9gards. Avec ce livre publi\u00e9 en 2013, et dont il a largement revu la mise en couleur, Xavier Coste choisit de raconter les deux Rimbaud : le jeune po\u00e8te attir\u00e9 comme un aimant par la vie parisienne et sa sulfureuse relation avec Paul Verlaine, puis le trentenaire fatigu\u00e9 qui va se perdre en Afrique et meurt en 1891, \u00e0 tout juste 37 ans. Manipulateur et orgueilleux, le temp\u00e9tueux Rimbaud imagin\u00e9 par Coste est souvent loin de l&#8217;image lisse que nous gardons du jeune po\u00e8te&#8230;<\/p>","protected":false},"excerpt":{"rendered":"<p>Il a la m\u00e9canique des vers comme personne, seulement ses oeuvres sont absolument inintelligibles et repoussantes. (Rapport de police, 1873) Bien qu&#8217;il soit aujourd&#8217;hui reconnnu comme l&#8217;un des plus grands po\u00e8tes, Arthur Rimbaud n&#8217;a pas eu de succ\u00e8s de son vivant, et son histoire reste un myst\u00e8re \u00e0 bien des \u00e9gards. Avec ce livre publi\u00e9 [&hellip;]<\/p>","protected":false},"featured_media":10925,"comment_status":"open","ping_status":"closed","template":"","meta":[],"product_brand":[],"product_cat":[55],"product_tag":[],"class_list":{"0":"post-10926","1":"product","2":"type-product","3":"status-publish","4":"has-post-thumbnail","6":"product_cat-biographies","8":"first","9":"instock","10":"taxable","11":"shipping-taxable","12":"purchasable","13":"product-type-simple"},"yoast_head":"<!-- This site is optimized with the Yoast SEO plugin v27.4 - https:\/\/yoast.com\/product\/yoast-seo-wordpress\/ -->\n<title>Rimbaud, l&#039;ind\u00e9sirable - l&#039;\u00e9chapp\u00e9e close<\/title>\n<meta name=\"robots\" content=\"index, follow, max-snippet:-1, max-image-preview:large, max-video-preview:-1\" \/>\n<link rel=\"canonical\" href=\"https:\/\/lechappeeclose.it\/it\/boutique\/livres\/roman-graphique-bd\/biographies\/rimbaud-lindesirable\/\" \/>\n<meta property=\"og:locale\" content=\"it_IT\" \/>\n<meta property=\"og:type\" content=\"article\" \/>\n<meta property=\"og:title\" content=\"Rimbaud, l&#039;ind\u00e9sirable - l&#039;\u00e9chapp\u00e9e close\" \/>\n<meta property=\"og:description\" content=\"Il a la m\u00e9canique des vers comme personne, seulement ses oeuvres sont absolument inintelligibles et repoussantes. (Rapport de police, 1873) Bien qu&#8217;il soit aujourd&#8217;hui reconnnu comme l&#8217;un des plus grands po\u00e8tes, Arthur Rimbaud n&#8217;a pas eu de succ\u00e8s de son vivant, et son histoire reste un myst\u00e8re \u00e0 bien des \u00e9gards. Avec ce livre publi\u00e9 [&hellip;]\" \/>\n<meta property=\"og:url\" content=\"https:\/\/lechappeeclose.it\/it\/boutique\/livres\/roman-graphique-bd\/biographies\/rimbaud-lindesirable\/\" \/>\n<meta property=\"og:site_name\" content=\"l&#039;\u00e9chapp\u00e9e close\" \/>\n<meta property=\"og:image\" content=\"http:\/\/lechappeeclose.it\/wp-content\/uploads\/2025\/02\/Rimbaud-lindesirable.jpeg\" \/>\n\t<meta property=\"og:image:width\" content=\"1405\" \/>\n\t<meta property=\"og:image:height\" content=\"1889\" \/>\n\t<meta property=\"og:image:type\" content=\"image\/jpeg\" \/>\n<meta name=\"twitter:card\" content=\"summary_large_image\" \/>\n<meta name=\"twitter:label1\" content=\"Tempo di lettura stimato\" \/>\n\t<meta name=\"twitter:data1\" content=\"1 minuto\" \/>\n<script type=\"application\/ld+json\" class=\"yoast-schema-graph\">{\"@context\":\"https:\\\/\\\/schema.org\",\"@graph\":[{\"@type\":\"WebPage\",\"@id\":\"https:\\\/\\\/lechappeeclose.it\\\/boutique\\\/livres\\\/roman-graphique-bd\\\/biographies\\\/rimbaud-lindesirable\\\/\",\"url\":\"https:\\\/\\\/lechappeeclose.it\\\/boutique\\\/livres\\\/roman-graphique-bd\\\/biographies\\\/rimbaud-lindesirable\\\/\",\"name\":\"Rimbaud, l'ind\u00e9sirable - l&#039;\u00e9chapp\u00e9e close\",\"isPartOf\":{\"@id\":\"http:\\\/\\\/lechappeeclose.it\\\/#website\"},\"primaryImageOfPage\":{\"@id\":\"https:\\\/\\\/lechappeeclose.it\\\/boutique\\\/livres\\\/roman-graphique-bd\\\/biographies\\\/rimbaud-lindesirable\\\/#primaryimage\"},\"image\":{\"@id\":\"https:\\\/\\\/lechappeeclose.it\\\/boutique\\\/livres\\\/roman-graphique-bd\\\/biographies\\\/rimbaud-lindesirable\\\/#primaryimage\"},\"thumbnailUrl\":\"http:\\\/\\\/lechappeeclose.it\\\/wp-content\\\/uploads\\\/2025\\\/02\\\/Rimbaud-lindesirable.jpeg\",\"datePublished\":\"2025-02-26T16:13:54+00:00\",\"breadcrumb\":{\"@id\":\"https:\\\/\\\/lechappeeclose.it\\\/boutique\\\/livres\\\/roman-graphique-bd\\\/biographies\\\/rimbaud-lindesirable\\\/#breadcrumb\"},\"inLanguage\":\"it-IT\",\"potentialAction\":[{\"@type\":\"ReadAction\",\"target\":[\"https:\\\/\\\/lechappeeclose.it\\\/boutique\\\/livres\\\/roman-graphique-bd\\\/biographies\\\/rimbaud-lindesirable\\\/\"]}]},{\"@type\":\"ImageObject\",\"inLanguage\":\"it-IT\",\"@id\":\"https:\\\/\\\/lechappeeclose.it\\\/boutique\\\/livres\\\/roman-graphique-bd\\\/biographies\\\/rimbaud-lindesirable\\\/#primaryimage\",\"url\":\"http:\\\/\\\/lechappeeclose.it\\\/wp-content\\\/uploads\\\/2025\\\/02\\\/Rimbaud-lindesirable.jpeg\",\"contentUrl\":\"http:\\\/\\\/lechappeeclose.it\\\/wp-content\\\/uploads\\\/2025\\\/02\\\/Rimbaud-lindesirable.jpeg\",\"width\":1405,\"height\":1889},{\"@type\":\"BreadcrumbList\",\"@id\":\"https:\\\/\\\/lechappeeclose.it\\\/boutique\\\/livres\\\/roman-graphique-bd\\\/biographies\\\/rimbaud-lindesirable\\\/#breadcrumb\",\"itemListElement\":[{\"@type\":\"ListItem\",\"position\":1,\"name\":\"Accueil\",\"item\":\"http:\\\/\\\/lechappeeclose.it\\\/\"},{\"@type\":\"ListItem\",\"position\":2,\"name\":\"Boutique\",\"item\":\"http:\\\/\\\/lechappeeclose.it\\\/it\\\/boutique\\\/\"},{\"@type\":\"ListItem\",\"position\":3,\"name\":\"Rimbaud, l&#8217;ind\u00e9sirable\"}]},{\"@type\":\"WebSite\",\"@id\":\"http:\\\/\\\/lechappeeclose.it\\\/#website\",\"url\":\"http:\\\/\\\/lechappeeclose.it\\\/\",\"name\":\"l&#039;\u00e9chapp\u00e9e close\",\"description\":\"la librairie fran\u00e7aise de Milan\",\"publisher\":{\"@id\":\"http:\\\/\\\/lechappeeclose.it\\\/#organization\"},\"alternateName\":\"La librairie fran\u00e7aise de Milan\",\"potentialAction\":[{\"@type\":\"SearchAction\",\"target\":{\"@type\":\"EntryPoint\",\"urlTemplate\":\"http:\\\/\\\/lechappeeclose.it\\\/?s={search_term_string}\"},\"query-input\":{\"@type\":\"PropertyValueSpecification\",\"valueRequired\":true,\"valueName\":\"search_term_string\"}}],\"inLanguage\":\"it-IT\"},{\"@type\":\"Organization\",\"@id\":\"http:\\\/\\\/lechappeeclose.it\\\/#organization\",\"name\":\"l&#039;\u00e9chapp\u00e9e close\",\"url\":\"http:\\\/\\\/lechappeeclose.it\\\/\",\"logo\":{\"@type\":\"ImageObject\",\"inLanguage\":\"it-IT\",\"@id\":\"http:\\\/\\\/lechappeeclose.it\\\/#\\\/schema\\\/logo\\\/image\\\/\",\"url\":\"http:\\\/\\\/lechappeeclose.it\\\/wp-content\\\/uploads\\\/2025\\\/02\\\/cropped-logo-rond.png\",\"contentUrl\":\"http:\\\/\\\/lechappeeclose.it\\\/wp-content\\\/uploads\\\/2025\\\/02\\\/cropped-logo-rond.png\",\"width\":1080,\"height\":1080,\"caption\":\"l&#039;\u00e9chapp\u00e9e close\"},\"image\":{\"@id\":\"http:\\\/\\\/lechappeeclose.it\\\/#\\\/schema\\\/logo\\\/image\\\/\"},\"sameAs\":[\"https:\\\/\\\/www.instagram.com\\\/lechappeeclose\\\/\"]}]}<\/script>\n<!-- \/ Yoast SEO plugin. -->","yoast_head_json":{"title":"Rimbaud, l'ind\u00e9sirable - l&#039;\u00e9chapp\u00e9e close","robots":{"index":"index","follow":"follow","max-snippet":"max-snippet:-1","max-image-preview":"max-image-preview:large","max-video-preview":"max-video-preview:-1"},"canonical":"https:\/\/lechappeeclose.it\/it\/boutique\/livres\/roman-graphique-bd\/biographies\/rimbaud-lindesirable\/","og_locale":"it_IT","og_type":"article","og_title":"Rimbaud, l'ind\u00e9sirable - l&#039;\u00e9chapp\u00e9e close","og_description":"Il a la m\u00e9canique des vers comme personne, seulement ses oeuvres sont absolument inintelligibles et repoussantes. (Rapport de police, 1873) Bien qu&#8217;il soit aujourd&#8217;hui reconnnu comme l&#8217;un des plus grands po\u00e8tes, Arthur Rimbaud n&#8217;a pas eu de succ\u00e8s de son vivant, et son histoire reste un myst\u00e8re \u00e0 bien des \u00e9gards. Avec ce livre publi\u00e9 [&hellip;]","og_url":"https:\/\/lechappeeclose.it\/it\/boutique\/livres\/roman-graphique-bd\/biographies\/rimbaud-lindesirable\/","og_site_name":"l&#039;\u00e9chapp\u00e9e close","og_image":[{"width":1405,"height":1889,"url":"http:\/\/lechappeeclose.it\/wp-content\/uploads\/2025\/02\/Rimbaud-lindesirable.jpeg","type":"image\/jpeg"}],"twitter_card":"summary_large_image","twitter_misc":{"Tempo di lettura stimato":"1 minuto"},"schema":{"@context":"https:\/\/schema.org","@graph":[{"@type":"WebPage","@id":"https:\/\/lechappeeclose.it\/boutique\/livres\/roman-graphique-bd\/biographies\/rimbaud-lindesirable\/","url":"https:\/\/lechappeeclose.it\/boutique\/livres\/roman-graphique-bd\/biographies\/rimbaud-lindesirable\/","name":"Rimbaud, l'ind\u00e9sirable - l&#039;\u00e9chapp\u00e9e close","isPartOf":{"@id":"http:\/\/lechappeeclose.it\/#website"},"primaryImageOfPage":{"@id":"https:\/\/lechappeeclose.it\/boutique\/livres\/roman-graphique-bd\/biographies\/rimbaud-lindesirable\/#primaryimage"},"image":{"@id":"https:\/\/lechappeeclose.it\/boutique\/livres\/roman-graphique-bd\/biographies\/rimbaud-lindesirable\/#primaryimage"},"thumbnailUrl":"http:\/\/lechappeeclose.it\/wp-content\/uploads\/2025\/02\/Rimbaud-lindesirable.jpeg","datePublished":"2025-02-26T16:13:54+00:00","breadcrumb":{"@id":"https:\/\/lechappeeclose.it\/boutique\/livres\/roman-graphique-bd\/biographies\/rimbaud-lindesirable\/#breadcrumb"},"inLanguage":"it-IT","potentialAction":[{"@type":"ReadAction","target":["https:\/\/lechappeeclose.it\/boutique\/livres\/roman-graphique-bd\/biographies\/rimbaud-lindesirable\/"]}]},{"@type":"ImageObject","inLanguage":"it-IT","@id":"https:\/\/lechappeeclose.it\/boutique\/livres\/roman-graphique-bd\/biographies\/rimbaud-lindesirable\/#primaryimage","url":"http:\/\/lechappeeclose.it\/wp-content\/uploads\/2025\/02\/Rimbaud-lindesirable.jpeg","contentUrl":"http:\/\/lechappeeclose.it\/wp-content\/uploads\/2025\/02\/Rimbaud-lindesirable.jpeg","width":1405,"height":1889},{"@type":"BreadcrumbList","@id":"https:\/\/lechappeeclose.it\/boutique\/livres\/roman-graphique-bd\/biographies\/rimbaud-lindesirable\/#breadcrumb","itemListElement":[{"@type":"ListItem","position":1,"name":"Accueil","item":"http:\/\/lechappeeclose.it\/"},{"@type":"ListItem","position":2,"name":"Boutique","item":"http:\/\/lechappeeclose.it\/it\/boutique\/"},{"@type":"ListItem","position":3,"name":"Rimbaud, l&#8217;ind\u00e9sirable"}]},{"@type":"WebSite","@id":"http:\/\/lechappeeclose.it\/#website","url":"http:\/\/lechappeeclose.it\/","name":"l&#039;\u00e9chapp\u00e9e close","description":"La libreria francese di Milano","publisher":{"@id":"http:\/\/lechappeeclose.it\/#organization"},"alternateName":"La librairie fran\u00e7aise de Milan","potentialAction":[{"@type":"SearchAction","target":{"@type":"EntryPoint","urlTemplate":"http:\/\/lechappeeclose.it\/?s={search_term_string}"},"query-input":{"@type":"PropertyValueSpecification","valueRequired":true,"valueName":"search_term_string"}}],"inLanguage":"it-IT"},{"@type":"Organization","@id":"http:\/\/lechappeeclose.it\/#organization","name":"l&#039;\u00e9chapp\u00e9e close","url":"http:\/\/lechappeeclose.it\/","logo":{"@type":"ImageObject","inLanguage":"it-IT","@id":"http:\/\/lechappeeclose.it\/#\/schema\/logo\/image\/","url":"http:\/\/lechappeeclose.it\/wp-content\/uploads\/2025\/02\/cropped-logo-rond.png","contentUrl":"http:\/\/lechappeeclose.it\/wp-content\/uploads\/2025\/02\/cropped-logo-rond.png","width":1080,"height":1080,"caption":"l&#039;\u00e9chapp\u00e9e close"},"image":{"@id":"http:\/\/lechappeeclose.it\/#\/schema\/logo\/image\/"},"sameAs":["https:\/\/www.instagram.com\/lechappeeclose\/"]}]}},"_links":{"self":[{"href":"http:\/\/lechappeeclose.it\/it\/wp-json\/wp\/v2\/product\/10926","targetHints":{"allow":["GET"]}}],"collection":[{"href":"http:\/\/lechappeeclose.it\/it\/wp-json\/wp\/v2\/product"}],"about":[{"href":"http:\/\/lechappeeclose.it\/it\/wp-json\/wp\/v2\/types\/product"}],"replies":[{"embeddable":true,"href":"http:\/\/lechappeeclose.it\/it\/wp-json\/wp\/v2\/comments?post=10926"}],"wp:featuredmedia":[{"embeddable":true,"href":"http:\/\/lechappeeclose.it\/it\/wp-json\/wp\/v2\/media\/10925"}],"wp:attachment":[{"href":"http:\/\/lechappeeclose.it\/it\/wp-json\/wp\/v2\/media?parent=10926"}],"wp:term":[{"taxonomy":"product_brand","embeddable":true,"href":"http:\/\/lechappeeclose.it\/it\/wp-json\/wp\/v2\/product_brand?post=10926"},{"taxonomy":"product_cat","embeddable":true,"href":"http:\/\/lechappeeclose.it\/it\/wp-json\/wp\/v2\/product_cat?post=10926"},{"taxonomy":"product_tag","embeddable":true,"href":"http:\/\/lechappeeclose.it\/it\/wp-json\/wp\/v2\/product_tag?post=10926"}],"curies":[{"name":"wp","href":"https:\/\/api.w.org\/{rel}","templated":true}]}}