{"id":10908,"date":"2025-02-26T16:12:54","date_gmt":"2025-02-26T15:12:54","guid":{"rendered":"https:\/\/lechappeeclose.it\/produit\/les-architectes-de-leau-en-provence\/"},"modified":"2025-02-26T16:12:54","modified_gmt":"2025-02-26T15:12:54","slug":"les-architectes-de-leau-en-provence","status":"publish","type":"product","link":"http:\/\/lechappeeclose.it\/it\/boutique\/livres\/arts\/architecture\/les-architectes-de-leau-en-provence\/","title":{"rendered":"Les architectes de l&#8217;eau en Provence"},"content":{"rendered":"<p>Alors que, sur la plupart du territoire fran\u00e7ais, l\u2019\u00e9t\u00e9 est souvent associ\u00e9 \u00e0 une p\u00e9nurie d\u2019eau et \u00e0 des restrictions drastiques, rien de tel en basse Provence, terre de soleil : un simple rappel \u00e0 un usage raisonnable de l\u2019eau. Comment expliquer ce \u201cparadoxe proven\u00e7al\u201d souvent \u00e9voqu\u00e9 en mati\u00e8re de gestion de l\u2019eau ? La r\u00e9ponse se trouve dans l\u2019histoire car, depuis tr\u00e8s longtemps, les hommes ont r\u00e9alis\u00e9 des travaux, souvent complexes, pour amener vers les basses terres proven\u00e7ales l\u2019eau de la Durance et du Verdon, bien aliment\u00e9s par la fonte des neiges. Les plus anciens ouvrages de grande envergure remontent aux Romains, qui ont laiss\u00e9 des monuments t\u00e9moins de leur g\u00e9nie de b\u00e2tisseurs. Puis, apr\u00e8s une relative \u00e9clipse au Moyen Age, une p\u00e9riode de grands am\u00e9nagements hydrauliques s\u2019est ouverte \u00e0 la fin de la Renaissance, avec le canal de Craponne, et s\u2019est poursuivie r\u00e9guli\u00e8rement jusqu\u2019\u00e0 nos jours avec l\u2019am\u00e9nagement agro-industriel du bassin de la Durance et du Verdon. C\u2019est ce qui explique le paradoxe apparent d\u2019une facile disposition de l\u2019eau. Le propos de cet ouvrage n\u2019est pas de d\u00e9crire tous les am\u00e9nagements r\u00e9alis\u00e9s, mais d\u2019analyser les plus importants par l\u2019ampleur du territoire ou des populations concern\u00e9s ou par les probl\u00e8mes techniques ou \u00e9conomiques qu\u2019ils ont r\u00e9solus. <\/p>","protected":false},"excerpt":{"rendered":"<p>Alors que, sur la plupart du territoire fran\u00e7ais, l\u2019\u00e9t\u00e9 est souvent associ\u00e9 \u00e0 une p\u00e9nurie d\u2019eau et \u00e0 des restrictions drastiques, rien de tel en basse Provence, terre de soleil : un simple rappel \u00e0 un usage raisonnable de l\u2019eau. Comment expliquer ce \u201cparadoxe proven\u00e7al\u201d souvent \u00e9voqu\u00e9 en mati\u00e8re de gestion de l\u2019eau ? La [&hellip;]<\/p>","protected":false},"featured_media":10907,"comment_status":"open","ping_status":"closed","template":"","meta":[],"product_brand":[],"product_cat":[37],"product_tag":[],"class_list":{"0":"post-10908","1":"product","2":"type-product","3":"status-publish","4":"has-post-thumbnail","6":"product_cat-architecture","8":"first","9":"instock","10":"taxable","11":"shipping-taxable","12":"purchasable","13":"product-type-simple"},"yoast_head":"<!-- This site is optimized with the Yoast SEO plugin v27.4 - https:\/\/yoast.com\/product\/yoast-seo-wordpress\/ -->\n<title>Les architectes de l&#039;eau en Provence - l&#039;\u00e9chapp\u00e9e close<\/title>\n<meta name=\"robots\" content=\"index, follow, max-snippet:-1, max-image-preview:large, max-video-preview:-1\" \/>\n<link rel=\"canonical\" href=\"http:\/\/lechappeeclose.it\/it\/boutique\/livres\/arts\/architecture\/les-architectes-de-leau-en-provence\/\" \/>\n<meta property=\"og:locale\" content=\"it_IT\" \/>\n<meta property=\"og:type\" content=\"article\" \/>\n<meta property=\"og:title\" content=\"Les architectes de l&#039;eau en Provence - l&#039;\u00e9chapp\u00e9e close\" \/>\n<meta property=\"og:description\" content=\"Alors que, sur la plupart du territoire fran\u00e7ais, l\u2019\u00e9t\u00e9 est souvent associ\u00e9 \u00e0 une p\u00e9nurie d\u2019eau et \u00e0 des restrictions drastiques, rien de tel en basse Provence, terre de soleil : un simple rappel \u00e0 un usage raisonnable de l\u2019eau. Comment expliquer ce \u201cparadoxe proven\u00e7al\u201d souvent \u00e9voqu\u00e9 en mati\u00e8re de gestion de l\u2019eau ? La [&hellip;]\" \/>\n<meta property=\"og:url\" content=\"http:\/\/lechappeeclose.it\/it\/boutique\/livres\/arts\/architecture\/les-architectes-de-leau-en-provence\/\" \/>\n<meta property=\"og:site_name\" content=\"l&#039;\u00e9chapp\u00e9e close\" \/>\n<meta property=\"og:image\" content=\"http:\/\/lechappeeclose.it\/wp-content\/uploads\/2025\/02\/Les-architectes-de-leau-en-Provence.jpeg\" \/>\n\t<meta property=\"og:image:width\" content=\"270\" \/>\n\t<meta property=\"og:image:height\" content=\"500\" \/>\n\t<meta property=\"og:image:type\" content=\"image\/jpeg\" \/>\n<meta name=\"twitter:card\" content=\"summary_large_image\" \/>\n<meta name=\"twitter:label1\" content=\"Tempo di lettura stimato\" \/>\n\t<meta name=\"twitter:data1\" content=\"1 minuto\" \/>\n<script type=\"application\/ld+json\" class=\"yoast-schema-graph\">{\"@context\":\"https:\\\/\\\/schema.org\",\"@graph\":[{\"@type\":\"WebPage\",\"@id\":\"http:\\\/\\\/lechappeeclose.it\\\/it\\\/boutique\\\/livres\\\/arts\\\/architecture\\\/les-architectes-de-leau-en-provence\\\/\",\"url\":\"http:\\\/\\\/lechappeeclose.it\\\/it\\\/boutique\\\/livres\\\/arts\\\/architecture\\\/les-architectes-de-leau-en-provence\\\/\",\"name\":\"Les architectes de l'eau en Provence - l&#039;\u00e9chapp\u00e9e close\",\"isPartOf\":{\"@id\":\"http:\\\/\\\/lechappeeclose.it\\\/#website\"},\"primaryImageOfPage\":{\"@id\":\"http:\\\/\\\/lechappeeclose.it\\\/it\\\/boutique\\\/livres\\\/arts\\\/architecture\\\/les-architectes-de-leau-en-provence\\\/#primaryimage\"},\"image\":{\"@id\":\"http:\\\/\\\/lechappeeclose.it\\\/it\\\/boutique\\\/livres\\\/arts\\\/architecture\\\/les-architectes-de-leau-en-provence\\\/#primaryimage\"},\"thumbnailUrl\":\"http:\\\/\\\/lechappeeclose.it\\\/wp-content\\\/uploads\\\/2025\\\/02\\\/Les-architectes-de-leau-en-Provence.jpeg\",\"datePublished\":\"2025-02-26T15:12:54+00:00\",\"breadcrumb\":{\"@id\":\"http:\\\/\\\/lechappeeclose.it\\\/it\\\/boutique\\\/livres\\\/arts\\\/architecture\\\/les-architectes-de-leau-en-provence\\\/#breadcrumb\"},\"inLanguage\":\"it-IT\",\"potentialAction\":[{\"@type\":\"ReadAction\",\"target\":[\"http:\\\/\\\/lechappeeclose.it\\\/it\\\/boutique\\\/livres\\\/arts\\\/architecture\\\/les-architectes-de-leau-en-provence\\\/\"]}]},{\"@type\":\"ImageObject\",\"inLanguage\":\"it-IT\",\"@id\":\"http:\\\/\\\/lechappeeclose.it\\\/it\\\/boutique\\\/livres\\\/arts\\\/architecture\\\/les-architectes-de-leau-en-provence\\\/#primaryimage\",\"url\":\"http:\\\/\\\/lechappeeclose.it\\\/wp-content\\\/uploads\\\/2025\\\/02\\\/Les-architectes-de-leau-en-Provence.jpeg\",\"contentUrl\":\"http:\\\/\\\/lechappeeclose.it\\\/wp-content\\\/uploads\\\/2025\\\/02\\\/Les-architectes-de-leau-en-Provence.jpeg\",\"width\":270,\"height\":500},{\"@type\":\"BreadcrumbList\",\"@id\":\"http:\\\/\\\/lechappeeclose.it\\\/it\\\/boutique\\\/livres\\\/arts\\\/architecture\\\/les-architectes-de-leau-en-provence\\\/#breadcrumb\",\"itemListElement\":[{\"@type\":\"ListItem\",\"position\":1,\"name\":\"Accueil\",\"item\":\"http:\\\/\\\/lechappeeclose.it\\\/\"},{\"@type\":\"ListItem\",\"position\":2,\"name\":\"Boutique\",\"item\":\"http:\\\/\\\/lechappeeclose.it\\\/it\\\/boutique\\\/\"},{\"@type\":\"ListItem\",\"position\":3,\"name\":\"Les architectes de l&#8217;eau en Provence\"}]},{\"@type\":\"WebSite\",\"@id\":\"http:\\\/\\\/lechappeeclose.it\\\/#website\",\"url\":\"http:\\\/\\\/lechappeeclose.it\\\/\",\"name\":\"l&#039;\u00e9chapp\u00e9e close\",\"description\":\"la librairie fran\u00e7aise de Milan\",\"publisher\":{\"@id\":\"http:\\\/\\\/lechappeeclose.it\\\/#organization\"},\"alternateName\":\"La librairie fran\u00e7aise de Milan\",\"potentialAction\":[{\"@type\":\"SearchAction\",\"target\":{\"@type\":\"EntryPoint\",\"urlTemplate\":\"http:\\\/\\\/lechappeeclose.it\\\/?s={search_term_string}\"},\"query-input\":{\"@type\":\"PropertyValueSpecification\",\"valueRequired\":true,\"valueName\":\"search_term_string\"}}],\"inLanguage\":\"it-IT\"},{\"@type\":\"Organization\",\"@id\":\"http:\\\/\\\/lechappeeclose.it\\\/#organization\",\"name\":\"l&#039;\u00e9chapp\u00e9e close\",\"url\":\"http:\\\/\\\/lechappeeclose.it\\\/\",\"logo\":{\"@type\":\"ImageObject\",\"inLanguage\":\"it-IT\",\"@id\":\"http:\\\/\\\/lechappeeclose.it\\\/#\\\/schema\\\/logo\\\/image\\\/\",\"url\":\"http:\\\/\\\/lechappeeclose.it\\\/wp-content\\\/uploads\\\/2025\\\/02\\\/cropped-logo-rond.png\",\"contentUrl\":\"http:\\\/\\\/lechappeeclose.it\\\/wp-content\\\/uploads\\\/2025\\\/02\\\/cropped-logo-rond.png\",\"width\":1080,\"height\":1080,\"caption\":\"l&#039;\u00e9chapp\u00e9e close\"},\"image\":{\"@id\":\"http:\\\/\\\/lechappeeclose.it\\\/#\\\/schema\\\/logo\\\/image\\\/\"},\"sameAs\":[\"https:\\\/\\\/www.instagram.com\\\/lechappeeclose\\\/\"]}]}<\/script>\n<!-- \/ Yoast SEO plugin. -->","yoast_head_json":{"title":"Les architectes de l'eau en Provence - l&#039;\u00e9chapp\u00e9e close","robots":{"index":"index","follow":"follow","max-snippet":"max-snippet:-1","max-image-preview":"max-image-preview:large","max-video-preview":"max-video-preview:-1"},"canonical":"http:\/\/lechappeeclose.it\/it\/boutique\/livres\/arts\/architecture\/les-architectes-de-leau-en-provence\/","og_locale":"it_IT","og_type":"article","og_title":"Les architectes de l'eau en Provence - l&#039;\u00e9chapp\u00e9e close","og_description":"Alors que, sur la plupart du territoire fran\u00e7ais, l\u2019\u00e9t\u00e9 est souvent associ\u00e9 \u00e0 une p\u00e9nurie d\u2019eau et \u00e0 des restrictions drastiques, rien de tel en basse Provence, terre de soleil : un simple rappel \u00e0 un usage raisonnable de l\u2019eau. Comment expliquer ce \u201cparadoxe proven\u00e7al\u201d souvent \u00e9voqu\u00e9 en mati\u00e8re de gestion de l\u2019eau ? La [&hellip;]","og_url":"http:\/\/lechappeeclose.it\/it\/boutique\/livres\/arts\/architecture\/les-architectes-de-leau-en-provence\/","og_site_name":"l&#039;\u00e9chapp\u00e9e close","og_image":[{"width":270,"height":500,"url":"http:\/\/lechappeeclose.it\/wp-content\/uploads\/2025\/02\/Les-architectes-de-leau-en-Provence.jpeg","type":"image\/jpeg"}],"twitter_card":"summary_large_image","twitter_misc":{"Tempo di lettura stimato":"1 minuto"},"schema":{"@context":"https:\/\/schema.org","@graph":[{"@type":"WebPage","@id":"http:\/\/lechappeeclose.it\/it\/boutique\/livres\/arts\/architecture\/les-architectes-de-leau-en-provence\/","url":"http:\/\/lechappeeclose.it\/it\/boutique\/livres\/arts\/architecture\/les-architectes-de-leau-en-provence\/","name":"Les architectes de l'eau en Provence - l&#039;\u00e9chapp\u00e9e close","isPartOf":{"@id":"http:\/\/lechappeeclose.it\/#website"},"primaryImageOfPage":{"@id":"http:\/\/lechappeeclose.it\/it\/boutique\/livres\/arts\/architecture\/les-architectes-de-leau-en-provence\/#primaryimage"},"image":{"@id":"http:\/\/lechappeeclose.it\/it\/boutique\/livres\/arts\/architecture\/les-architectes-de-leau-en-provence\/#primaryimage"},"thumbnailUrl":"http:\/\/lechappeeclose.it\/wp-content\/uploads\/2025\/02\/Les-architectes-de-leau-en-Provence.jpeg","datePublished":"2025-02-26T15:12:54+00:00","breadcrumb":{"@id":"http:\/\/lechappeeclose.it\/it\/boutique\/livres\/arts\/architecture\/les-architectes-de-leau-en-provence\/#breadcrumb"},"inLanguage":"it-IT","potentialAction":[{"@type":"ReadAction","target":["http:\/\/lechappeeclose.it\/it\/boutique\/livres\/arts\/architecture\/les-architectes-de-leau-en-provence\/"]}]},{"@type":"ImageObject","inLanguage":"it-IT","@id":"http:\/\/lechappeeclose.it\/it\/boutique\/livres\/arts\/architecture\/les-architectes-de-leau-en-provence\/#primaryimage","url":"http:\/\/lechappeeclose.it\/wp-content\/uploads\/2025\/02\/Les-architectes-de-leau-en-Provence.jpeg","contentUrl":"http:\/\/lechappeeclose.it\/wp-content\/uploads\/2025\/02\/Les-architectes-de-leau-en-Provence.jpeg","width":270,"height":500},{"@type":"BreadcrumbList","@id":"http:\/\/lechappeeclose.it\/it\/boutique\/livres\/arts\/architecture\/les-architectes-de-leau-en-provence\/#breadcrumb","itemListElement":[{"@type":"ListItem","position":1,"name":"Accueil","item":"http:\/\/lechappeeclose.it\/"},{"@type":"ListItem","position":2,"name":"Boutique","item":"http:\/\/lechappeeclose.it\/it\/boutique\/"},{"@type":"ListItem","position":3,"name":"Les architectes de l&#8217;eau en Provence"}]},{"@type":"WebSite","@id":"http:\/\/lechappeeclose.it\/#website","url":"http:\/\/lechappeeclose.it\/","name":"l&#039;\u00e9chapp\u00e9e close","description":"La libreria francese di Milano","publisher":{"@id":"http:\/\/lechappeeclose.it\/#organization"},"alternateName":"La librairie fran\u00e7aise de Milan","potentialAction":[{"@type":"SearchAction","target":{"@type":"EntryPoint","urlTemplate":"http:\/\/lechappeeclose.it\/?s={search_term_string}"},"query-input":{"@type":"PropertyValueSpecification","valueRequired":true,"valueName":"search_term_string"}}],"inLanguage":"it-IT"},{"@type":"Organization","@id":"http:\/\/lechappeeclose.it\/#organization","name":"l&#039;\u00e9chapp\u00e9e close","url":"http:\/\/lechappeeclose.it\/","logo":{"@type":"ImageObject","inLanguage":"it-IT","@id":"http:\/\/lechappeeclose.it\/#\/schema\/logo\/image\/","url":"http:\/\/lechappeeclose.it\/wp-content\/uploads\/2025\/02\/cropped-logo-rond.png","contentUrl":"http:\/\/lechappeeclose.it\/wp-content\/uploads\/2025\/02\/cropped-logo-rond.png","width":1080,"height":1080,"caption":"l&#039;\u00e9chapp\u00e9e close"},"image":{"@id":"http:\/\/lechappeeclose.it\/#\/schema\/logo\/image\/"},"sameAs":["https:\/\/www.instagram.com\/lechappeeclose\/"]}]}},"_links":{"self":[{"href":"http:\/\/lechappeeclose.it\/it\/wp-json\/wp\/v2\/product\/10908","targetHints":{"allow":["GET"]}}],"collection":[{"href":"http:\/\/lechappeeclose.it\/it\/wp-json\/wp\/v2\/product"}],"about":[{"href":"http:\/\/lechappeeclose.it\/it\/wp-json\/wp\/v2\/types\/product"}],"replies":[{"embeddable":true,"href":"http:\/\/lechappeeclose.it\/it\/wp-json\/wp\/v2\/comments?post=10908"}],"wp:featuredmedia":[{"embeddable":true,"href":"http:\/\/lechappeeclose.it\/it\/wp-json\/wp\/v2\/media\/10907"}],"wp:attachment":[{"href":"http:\/\/lechappeeclose.it\/it\/wp-json\/wp\/v2\/media?parent=10908"}],"wp:term":[{"taxonomy":"product_brand","embeddable":true,"href":"http:\/\/lechappeeclose.it\/it\/wp-json\/wp\/v2\/product_brand?post=10908"},{"taxonomy":"product_cat","embeddable":true,"href":"http:\/\/lechappeeclose.it\/it\/wp-json\/wp\/v2\/product_cat?post=10908"},{"taxonomy":"product_tag","embeddable":true,"href":"http:\/\/lechappeeclose.it\/it\/wp-json\/wp\/v2\/product_tag?post=10908"}],"curies":[{"name":"wp","href":"https:\/\/api.w.org\/{rel}","templated":true}]}}