{"id":10906,"date":"2025-02-26T16:11:01","date_gmt":"2025-02-26T15:11:01","guid":{"rendered":"https:\/\/lechappeeclose.it\/produit\/la-guillotine-et-limaginaire-de-la-terreur\/"},"modified":"2025-07-17T12:27:29","modified_gmt":"2025-07-17T10:27:29","slug":"la-guillotine-et-limaginaire-de-la-terreur","status":"publish","type":"product","link":"http:\/\/lechappeeclose.it\/it\/boutique\/livres\/arts\/essais\/la-guillotine-et-limaginaire-de-la-terreur\/","title":{"rendered":"La guillotine et l&#8217;imaginaire de la Terreur"},"content":{"rendered":"<p>Pourquoi la guillotine est-elle abominable ? Et de quoi au juste a-t-on horreur ? Pour r\u00e9pondre, Daniel Arasse interroge cette peur \u00e0 sa source, au moment o\u00f9, \u00e0 peine n\u00e9e, la machine est plant\u00e9e au coeur d&#8217;une exploitation spectaculaire de ses pouvoirs d&#8217;\u00e9pouvante : la Terreur. Les surprises se multiplient au fur et \u00e0 mesure de l&#8217;enqu\u00eate : Guillotin n&#8217;est pas pour grand-chose dans l&#8217;invention de la guillotine ; \u00e0 l&#8217;exception de la France, l&#8217;Europe l&#8217;utilisait, presque identique, bien avant la R\u00e9volution ; la t\u00eate coup\u00e9e semble vivre encore, d\u00e9fiant v\u00e9ritablement la m\u00e9decine&#8230; Machine politique, la guillotine fonde la d\u00e9mocratie : &#8221; Tout condamn\u00e9 \u00e0 mort aura la t\u00eate tranch\u00e9e. &#8221; De la m\u00e9decine \u00e0 la politique et \u00e0 la m\u00e9taphysique, la machine \u00e0 d\u00e9capiter se r\u00e9v\u00e8le \u00e0 la fois un &#8221; objet de civilisation &#8221; et une image de la R\u00e9volution dans sa phase la plus radicale, en exhibant aux yeux du peuple, dans un fascinant th\u00e9\u00e2tre macabre, l&#8217;\u00e9galitarisme le plus absolu. Ce livre ne cherche pas \u00e0 r\u00e9habiliter la guillotine jacobine, il s&#8217;agit plut\u00f4t de briser le silence qui entoure l&#8217;emploi r\u00e9volutionnaire de cette &#8221; simple m\u00e9canique &#8221; \u00e0 &#8221; faire voler les t\u00eates &#8220;, pour mettre au jour, dans leur origine conjointe, la r\u00e9pulsion qu&#8217;inspire la machine et la r\u00e9putation qu&#8217;elle s&#8217;est gagn\u00e9e : son abject prestige.<\/p>","protected":false},"excerpt":{"rendered":"<p>Pourquoi la guillotine est-elle abominable ? Et de quoi au juste a-t-on horreur ? Pour r\u00e9pondre, Daniel Arasse interroge cette peur \u00e0 sa source, au moment o\u00f9, \u00e0 peine n\u00e9e, la machine est plant\u00e9e au coeur d&#8217;une exploitation spectaculaire de ses pouvoirs d&#8217;\u00e9pouvante : la Terreur. Les surprises se multiplient au fur et \u00e0 mesure [&hellip;]<\/p>","protected":false},"featured_media":11908,"comment_status":"open","ping_status":"closed","template":"","meta":[],"product_brand":[],"product_cat":[208],"product_tag":[],"class_list":{"0":"post-10906","1":"product","2":"type-product","3":"status-publish","4":"has-post-thumbnail","6":"product_cat-essais","8":"first","9":"instock","10":"taxable","11":"shipping-taxable","12":"purchasable","13":"product-type-simple"},"yoast_head":"<!-- This site is optimized with the Yoast SEO plugin v27.4 - https:\/\/yoast.com\/product\/yoast-seo-wordpress\/ -->\n<title>La guillotine et l&#039;imaginaire de la Terreur - l&#039;\u00e9chapp\u00e9e close<\/title>\n<meta name=\"robots\" content=\"index, follow, max-snippet:-1, max-image-preview:large, max-video-preview:-1\" \/>\n<link rel=\"canonical\" href=\"http:\/\/lechappeeclose.it\/it\/boutique\/livres\/arts\/essais\/la-guillotine-et-limaginaire-de-la-terreur\/\" \/>\n<meta property=\"og:locale\" content=\"it_IT\" \/>\n<meta property=\"og:type\" content=\"article\" \/>\n<meta property=\"og:title\" content=\"La guillotine et l&#039;imaginaire de la Terreur - l&#039;\u00e9chapp\u00e9e close\" \/>\n<meta property=\"og:description\" content=\"Pourquoi la guillotine est-elle abominable ? Et de quoi au juste a-t-on horreur ? Pour r\u00e9pondre, Daniel Arasse interroge cette peur \u00e0 sa source, au moment o\u00f9, \u00e0 peine n\u00e9e, la machine est plant\u00e9e au coeur d&#8217;une exploitation spectaculaire de ses pouvoirs d&#8217;\u00e9pouvante : la Terreur. Les surprises se multiplient au fur et \u00e0 mesure [&hellip;]\" \/>\n<meta property=\"og:url\" content=\"http:\/\/lechappeeclose.it\/it\/boutique\/livres\/arts\/essais\/la-guillotine-et-limaginaire-de-la-terreur\/\" \/>\n<meta property=\"og:site_name\" content=\"l&#039;\u00e9chapp\u00e9e close\" \/>\n<meta property=\"article:modified_time\" content=\"2025-07-17T10:27:29+00:00\" \/>\n<meta property=\"og:image\" content=\"http:\/\/lechappeeclose.it\/wp-content\/uploads\/2025\/02\/guillotinearras.jpg\" \/>\n\t<meta property=\"og:image:width\" content=\"277\" \/>\n\t<meta property=\"og:image:height\" content=\"456\" \/>\n\t<meta property=\"og:image:type\" content=\"image\/jpeg\" \/>\n<meta name=\"twitter:card\" content=\"summary_large_image\" \/>\n<meta name=\"twitter:label1\" content=\"Tempo di lettura stimato\" \/>\n\t<meta name=\"twitter:data1\" content=\"2 minuti\" \/>\n<script type=\"application\/ld+json\" class=\"yoast-schema-graph\">{\"@context\":\"https:\\\/\\\/schema.org\",\"@graph\":[{\"@type\":\"WebPage\",\"@id\":\"http:\\\/\\\/lechappeeclose.it\\\/boutique\\\/livres\\\/arts\\\/essais\\\/la-guillotine-et-limaginaire-de-la-terreur\\\/\",\"url\":\"http:\\\/\\\/lechappeeclose.it\\\/boutique\\\/livres\\\/arts\\\/essais\\\/la-guillotine-et-limaginaire-de-la-terreur\\\/\",\"name\":\"La guillotine et l'imaginaire de la Terreur - l&#039;\u00e9chapp\u00e9e close\",\"isPartOf\":{\"@id\":\"http:\\\/\\\/lechappeeclose.it\\\/#website\"},\"primaryImageOfPage\":{\"@id\":\"http:\\\/\\\/lechappeeclose.it\\\/boutique\\\/livres\\\/arts\\\/essais\\\/la-guillotine-et-limaginaire-de-la-terreur\\\/#primaryimage\"},\"image\":{\"@id\":\"http:\\\/\\\/lechappeeclose.it\\\/boutique\\\/livres\\\/arts\\\/essais\\\/la-guillotine-et-limaginaire-de-la-terreur\\\/#primaryimage\"},\"thumbnailUrl\":\"http:\\\/\\\/lechappeeclose.it\\\/wp-content\\\/uploads\\\/2025\\\/02\\\/guillotinearras.jpg\",\"datePublished\":\"2025-02-26T15:11:01+00:00\",\"dateModified\":\"2025-07-17T10:27:29+00:00\",\"breadcrumb\":{\"@id\":\"http:\\\/\\\/lechappeeclose.it\\\/boutique\\\/livres\\\/arts\\\/essais\\\/la-guillotine-et-limaginaire-de-la-terreur\\\/#breadcrumb\"},\"inLanguage\":\"it-IT\",\"potentialAction\":[{\"@type\":\"ReadAction\",\"target\":[\"http:\\\/\\\/lechappeeclose.it\\\/boutique\\\/livres\\\/arts\\\/essais\\\/la-guillotine-et-limaginaire-de-la-terreur\\\/\"]}]},{\"@type\":\"ImageObject\",\"inLanguage\":\"it-IT\",\"@id\":\"http:\\\/\\\/lechappeeclose.it\\\/boutique\\\/livres\\\/arts\\\/essais\\\/la-guillotine-et-limaginaire-de-la-terreur\\\/#primaryimage\",\"url\":\"http:\\\/\\\/lechappeeclose.it\\\/wp-content\\\/uploads\\\/2025\\\/02\\\/guillotinearras.jpg\",\"contentUrl\":\"http:\\\/\\\/lechappeeclose.it\\\/wp-content\\\/uploads\\\/2025\\\/02\\\/guillotinearras.jpg\",\"width\":277,\"height\":456},{\"@type\":\"BreadcrumbList\",\"@id\":\"http:\\\/\\\/lechappeeclose.it\\\/boutique\\\/livres\\\/arts\\\/essais\\\/la-guillotine-et-limaginaire-de-la-terreur\\\/#breadcrumb\",\"itemListElement\":[{\"@type\":\"ListItem\",\"position\":1,\"name\":\"Accueil\",\"item\":\"http:\\\/\\\/lechappeeclose.it\\\/\"},{\"@type\":\"ListItem\",\"position\":2,\"name\":\"Boutique\",\"item\":\"http:\\\/\\\/lechappeeclose.it\\\/boutique\\\/\"},{\"@type\":\"ListItem\",\"position\":3,\"name\":\"La guillotine et l&#8217;imaginaire de la Terreur\"}]},{\"@type\":\"WebSite\",\"@id\":\"http:\\\/\\\/lechappeeclose.it\\\/#website\",\"url\":\"http:\\\/\\\/lechappeeclose.it\\\/\",\"name\":\"l&#039;\u00e9chapp\u00e9e close\",\"description\":\"la librairie fran\u00e7aise de Milan\",\"publisher\":{\"@id\":\"http:\\\/\\\/lechappeeclose.it\\\/#organization\"},\"alternateName\":\"La librairie fran\u00e7aise de Milan\",\"potentialAction\":[{\"@type\":\"SearchAction\",\"target\":{\"@type\":\"EntryPoint\",\"urlTemplate\":\"http:\\\/\\\/lechappeeclose.it\\\/?s={search_term_string}\"},\"query-input\":{\"@type\":\"PropertyValueSpecification\",\"valueRequired\":true,\"valueName\":\"search_term_string\"}}],\"inLanguage\":\"it-IT\"},{\"@type\":\"Organization\",\"@id\":\"http:\\\/\\\/lechappeeclose.it\\\/#organization\",\"name\":\"l&#039;\u00e9chapp\u00e9e close\",\"url\":\"http:\\\/\\\/lechappeeclose.it\\\/\",\"logo\":{\"@type\":\"ImageObject\",\"inLanguage\":\"it-IT\",\"@id\":\"http:\\\/\\\/lechappeeclose.it\\\/#\\\/schema\\\/logo\\\/image\\\/\",\"url\":\"http:\\\/\\\/lechappeeclose.it\\\/wp-content\\\/uploads\\\/2025\\\/02\\\/cropped-logo-rond.png\",\"contentUrl\":\"http:\\\/\\\/lechappeeclose.it\\\/wp-content\\\/uploads\\\/2025\\\/02\\\/cropped-logo-rond.png\",\"width\":1080,\"height\":1080,\"caption\":\"l&#039;\u00e9chapp\u00e9e close\"},\"image\":{\"@id\":\"http:\\\/\\\/lechappeeclose.it\\\/#\\\/schema\\\/logo\\\/image\\\/\"},\"sameAs\":[\"https:\\\/\\\/www.instagram.com\\\/lechappeeclose\\\/\"]}]}<\/script>\n<!-- \/ Yoast SEO plugin. -->","yoast_head_json":{"title":"La guillotine et l'imaginaire de la Terreur - l&#039;\u00e9chapp\u00e9e close","robots":{"index":"index","follow":"follow","max-snippet":"max-snippet:-1","max-image-preview":"max-image-preview:large","max-video-preview":"max-video-preview:-1"},"canonical":"http:\/\/lechappeeclose.it\/it\/boutique\/livres\/arts\/essais\/la-guillotine-et-limaginaire-de-la-terreur\/","og_locale":"it_IT","og_type":"article","og_title":"La guillotine et l'imaginaire de la Terreur - l&#039;\u00e9chapp\u00e9e close","og_description":"Pourquoi la guillotine est-elle abominable ? Et de quoi au juste a-t-on horreur ? Pour r\u00e9pondre, Daniel Arasse interroge cette peur \u00e0 sa source, au moment o\u00f9, \u00e0 peine n\u00e9e, la machine est plant\u00e9e au coeur d&#8217;une exploitation spectaculaire de ses pouvoirs d&#8217;\u00e9pouvante : la Terreur. Les surprises se multiplient au fur et \u00e0 mesure [&hellip;]","og_url":"http:\/\/lechappeeclose.it\/it\/boutique\/livres\/arts\/essais\/la-guillotine-et-limaginaire-de-la-terreur\/","og_site_name":"l&#039;\u00e9chapp\u00e9e close","article_modified_time":"2025-07-17T10:27:29+00:00","og_image":[{"width":277,"height":456,"url":"http:\/\/lechappeeclose.it\/wp-content\/uploads\/2025\/02\/guillotinearras.jpg","type":"image\/jpeg"}],"twitter_card":"summary_large_image","twitter_misc":{"Tempo di lettura stimato":"2 minuti"},"schema":{"@context":"https:\/\/schema.org","@graph":[{"@type":"WebPage","@id":"http:\/\/lechappeeclose.it\/boutique\/livres\/arts\/essais\/la-guillotine-et-limaginaire-de-la-terreur\/","url":"http:\/\/lechappeeclose.it\/boutique\/livres\/arts\/essais\/la-guillotine-et-limaginaire-de-la-terreur\/","name":"La guillotine et l'imaginaire de la Terreur - l&#039;\u00e9chapp\u00e9e close","isPartOf":{"@id":"http:\/\/lechappeeclose.it\/#website"},"primaryImageOfPage":{"@id":"http:\/\/lechappeeclose.it\/boutique\/livres\/arts\/essais\/la-guillotine-et-limaginaire-de-la-terreur\/#primaryimage"},"image":{"@id":"http:\/\/lechappeeclose.it\/boutique\/livres\/arts\/essais\/la-guillotine-et-limaginaire-de-la-terreur\/#primaryimage"},"thumbnailUrl":"http:\/\/lechappeeclose.it\/wp-content\/uploads\/2025\/02\/guillotinearras.jpg","datePublished":"2025-02-26T15:11:01+00:00","dateModified":"2025-07-17T10:27:29+00:00","breadcrumb":{"@id":"http:\/\/lechappeeclose.it\/boutique\/livres\/arts\/essais\/la-guillotine-et-limaginaire-de-la-terreur\/#breadcrumb"},"inLanguage":"it-IT","potentialAction":[{"@type":"ReadAction","target":["http:\/\/lechappeeclose.it\/boutique\/livres\/arts\/essais\/la-guillotine-et-limaginaire-de-la-terreur\/"]}]},{"@type":"ImageObject","inLanguage":"it-IT","@id":"http:\/\/lechappeeclose.it\/boutique\/livres\/arts\/essais\/la-guillotine-et-limaginaire-de-la-terreur\/#primaryimage","url":"http:\/\/lechappeeclose.it\/wp-content\/uploads\/2025\/02\/guillotinearras.jpg","contentUrl":"http:\/\/lechappeeclose.it\/wp-content\/uploads\/2025\/02\/guillotinearras.jpg","width":277,"height":456},{"@type":"BreadcrumbList","@id":"http:\/\/lechappeeclose.it\/boutique\/livres\/arts\/essais\/la-guillotine-et-limaginaire-de-la-terreur\/#breadcrumb","itemListElement":[{"@type":"ListItem","position":1,"name":"Accueil","item":"http:\/\/lechappeeclose.it\/"},{"@type":"ListItem","position":2,"name":"Boutique","item":"http:\/\/lechappeeclose.it\/boutique\/"},{"@type":"ListItem","position":3,"name":"La guillotine et l&#8217;imaginaire de la Terreur"}]},{"@type":"WebSite","@id":"http:\/\/lechappeeclose.it\/#website","url":"http:\/\/lechappeeclose.it\/","name":"l&#039;\u00e9chapp\u00e9e close","description":"La libreria francese di Milano","publisher":{"@id":"http:\/\/lechappeeclose.it\/#organization"},"alternateName":"La librairie fran\u00e7aise de Milan","potentialAction":[{"@type":"SearchAction","target":{"@type":"EntryPoint","urlTemplate":"http:\/\/lechappeeclose.it\/?s={search_term_string}"},"query-input":{"@type":"PropertyValueSpecification","valueRequired":true,"valueName":"search_term_string"}}],"inLanguage":"it-IT"},{"@type":"Organization","@id":"http:\/\/lechappeeclose.it\/#organization","name":"l&#039;\u00e9chapp\u00e9e close","url":"http:\/\/lechappeeclose.it\/","logo":{"@type":"ImageObject","inLanguage":"it-IT","@id":"http:\/\/lechappeeclose.it\/#\/schema\/logo\/image\/","url":"http:\/\/lechappeeclose.it\/wp-content\/uploads\/2025\/02\/cropped-logo-rond.png","contentUrl":"http:\/\/lechappeeclose.it\/wp-content\/uploads\/2025\/02\/cropped-logo-rond.png","width":1080,"height":1080,"caption":"l&#039;\u00e9chapp\u00e9e close"},"image":{"@id":"http:\/\/lechappeeclose.it\/#\/schema\/logo\/image\/"},"sameAs":["https:\/\/www.instagram.com\/lechappeeclose\/"]}]}},"_links":{"self":[{"href":"http:\/\/lechappeeclose.it\/it\/wp-json\/wp\/v2\/product\/10906","targetHints":{"allow":["GET"]}}],"collection":[{"href":"http:\/\/lechappeeclose.it\/it\/wp-json\/wp\/v2\/product"}],"about":[{"href":"http:\/\/lechappeeclose.it\/it\/wp-json\/wp\/v2\/types\/product"}],"replies":[{"embeddable":true,"href":"http:\/\/lechappeeclose.it\/it\/wp-json\/wp\/v2\/comments?post=10906"}],"wp:featuredmedia":[{"embeddable":true,"href":"http:\/\/lechappeeclose.it\/it\/wp-json\/wp\/v2\/media\/11908"}],"wp:attachment":[{"href":"http:\/\/lechappeeclose.it\/it\/wp-json\/wp\/v2\/media?parent=10906"}],"wp:term":[{"taxonomy":"product_brand","embeddable":true,"href":"http:\/\/lechappeeclose.it\/it\/wp-json\/wp\/v2\/product_brand?post=10906"},{"taxonomy":"product_cat","embeddable":true,"href":"http:\/\/lechappeeclose.it\/it\/wp-json\/wp\/v2\/product_cat?post=10906"},{"taxonomy":"product_tag","embeddable":true,"href":"http:\/\/lechappeeclose.it\/it\/wp-json\/wp\/v2\/product_tag?post=10906"}],"curies":[{"name":"wp","href":"https:\/\/api.w.org\/{rel}","templated":true}]}}