{"id":10727,"date":"2025-02-20T12:53:33","date_gmt":"2025-02-20T11:53:33","guid":{"rendered":"https:\/\/lechappeeclose.it\/produit\/simone-veil-2\/"},"modified":"2025-02-20T12:54:48","modified_gmt":"2025-02-20T11:54:48","slug":"simone-veil-2","status":"publish","type":"product","link":"http:\/\/lechappeeclose.it\/it\/boutique\/livres\/jeunesse\/elementaire\/simone-veil-2\/","title":{"rendered":"Simone Veil"},"content":{"rendered":"<p>Comment Simone Veil est-elle devenue un symbole de la lutte pour la libert\u00e9 ? Simone a 15 ans quand sa vie bascule. Arret\u00e9e puis d\u00e9port\u00e9e dans un camp de concentration, elle est marqu\u00e9e \u00e0 tout jamais. Tout au long de sa carri\u00e8re excepionnelle, Simone saura imposer son style et ses id\u00e9es avec \u00e9l\u00e9gance et autorit\u00e9 pour donner voix aux cat\u00e9gories d\u00e9laiss\u00e9es de la soci\u00e9t\u00e9 : les femmes, les malades, les d\u00e9tenus&#8230;<\/p>","protected":false},"excerpt":{"rendered":"<p>Comment Simone Veil est-elle devenue un symbole de la lutte pour la libert\u00e9 ? Simone a 15 ans quand sa vie bascule. Arret\u00e9e puis d\u00e9port\u00e9e dans un camp de concentration, elle est marqu\u00e9e \u00e0 tout jamais. Tout au long de sa carri\u00e8re excepionnelle, Simone saura imposer son style et ses id\u00e9es avec \u00e9l\u00e9gance et autorit\u00e9 [&hellip;]<\/p>","protected":false},"featured_media":10726,"comment_status":"open","ping_status":"closed","template":"","meta":[],"product_brand":[],"product_cat":[53],"product_tag":[210],"class_list":{"0":"post-10727","1":"product","2":"type-product","3":"status-publish","4":"has-post-thumbnail","6":"product_cat-elementaire","7":"product_tag-feminisme","9":"first","10":"instock","11":"taxable","12":"shipping-taxable","13":"purchasable","14":"product-type-simple"},"yoast_head":"<!-- This site is optimized with the Yoast SEO plugin v27.3 - https:\/\/yoast.com\/product\/yoast-seo-wordpress\/ -->\n<title>Simone Veil - l&#039;\u00e9chapp\u00e9e close<\/title>\n<meta name=\"robots\" content=\"index, follow, max-snippet:-1, max-image-preview:large, max-video-preview:-1\" \/>\n<link rel=\"canonical\" href=\"https:\/\/lechappeeclose.it\/it\/boutique\/livres\/jeunesse\/elementaire\/simone-veil-2\/\" \/>\n<meta property=\"og:locale\" content=\"it_IT\" \/>\n<meta property=\"og:type\" content=\"article\" \/>\n<meta property=\"og:title\" content=\"Simone Veil - l&#039;\u00e9chapp\u00e9e close\" \/>\n<meta property=\"og:description\" content=\"Comment Simone Veil est-elle devenue un symbole de la lutte pour la libert\u00e9 ? Simone a 15 ans quand sa vie bascule. Arret\u00e9e puis d\u00e9port\u00e9e dans un camp de concentration, elle est marqu\u00e9e \u00e0 tout jamais. Tout au long de sa carri\u00e8re excepionnelle, Simone saura imposer son style et ses id\u00e9es avec \u00e9l\u00e9gance et autorit\u00e9 [&hellip;]\" \/>\n<meta property=\"og:url\" content=\"https:\/\/lechappeeclose.it\/it\/boutique\/livres\/jeunesse\/elementaire\/simone-veil-2\/\" \/>\n<meta property=\"og:site_name\" content=\"l&#039;\u00e9chapp\u00e9e close\" \/>\n<meta property=\"article:modified_time\" content=\"2025-02-20T11:54:48+00:00\" \/>\n<meta property=\"og:image\" content=\"https:\/\/lechappeeclose.it\/wp-content\/uploads\/2025\/02\/Simone-Veil.jpeg\" \/>\n\t<meta property=\"og:image:width\" content=\"1466\" \/>\n\t<meta property=\"og:image:height\" content=\"1863\" \/>\n\t<meta property=\"og:image:type\" content=\"image\/jpeg\" \/>\n<meta name=\"twitter:card\" content=\"summary_large_image\" \/>\n<script type=\"application\/ld+json\" class=\"yoast-schema-graph\">{\"@context\":\"https:\\\/\\\/schema.org\",\"@graph\":[{\"@type\":\"WebPage\",\"@id\":\"https:\\\/\\\/lechappeeclose.it\\\/it\\\/boutique\\\/livres\\\/jeunesse\\\/elementaire\\\/simone-veil-2\\\/\",\"url\":\"https:\\\/\\\/lechappeeclose.it\\\/it\\\/boutique\\\/livres\\\/jeunesse\\\/elementaire\\\/simone-veil-2\\\/\",\"name\":\"Simone Veil - l&#039;\u00e9chapp\u00e9e close\",\"isPartOf\":{\"@id\":\"https:\\\/\\\/lechappeeclose.it\\\/it\\\/#website\"},\"primaryImageOfPage\":{\"@id\":\"https:\\\/\\\/lechappeeclose.it\\\/it\\\/boutique\\\/livres\\\/jeunesse\\\/elementaire\\\/simone-veil-2\\\/#primaryimage\"},\"image\":{\"@id\":\"https:\\\/\\\/lechappeeclose.it\\\/it\\\/boutique\\\/livres\\\/jeunesse\\\/elementaire\\\/simone-veil-2\\\/#primaryimage\"},\"thumbnailUrl\":\"http:\\\/\\\/lechappeeclose.it\\\/wp-content\\\/uploads\\\/2025\\\/02\\\/Simone-Veil.jpeg\",\"datePublished\":\"2025-02-20T11:53:33+00:00\",\"dateModified\":\"2025-02-20T11:54:48+00:00\",\"breadcrumb\":{\"@id\":\"https:\\\/\\\/lechappeeclose.it\\\/it\\\/boutique\\\/livres\\\/jeunesse\\\/elementaire\\\/simone-veil-2\\\/#breadcrumb\"},\"inLanguage\":\"it-IT\",\"potentialAction\":[{\"@type\":\"ReadAction\",\"target\":[\"https:\\\/\\\/lechappeeclose.it\\\/it\\\/boutique\\\/livres\\\/jeunesse\\\/elementaire\\\/simone-veil-2\\\/\"]}]},{\"@type\":\"ImageObject\",\"inLanguage\":\"it-IT\",\"@id\":\"https:\\\/\\\/lechappeeclose.it\\\/it\\\/boutique\\\/livres\\\/jeunesse\\\/elementaire\\\/simone-veil-2\\\/#primaryimage\",\"url\":\"http:\\\/\\\/lechappeeclose.it\\\/wp-content\\\/uploads\\\/2025\\\/02\\\/Simone-Veil.jpeg\",\"contentUrl\":\"http:\\\/\\\/lechappeeclose.it\\\/wp-content\\\/uploads\\\/2025\\\/02\\\/Simone-Veil.jpeg\",\"width\":1466,\"height\":1863},{\"@type\":\"BreadcrumbList\",\"@id\":\"https:\\\/\\\/lechappeeclose.it\\\/it\\\/boutique\\\/livres\\\/jeunesse\\\/elementaire\\\/simone-veil-2\\\/#breadcrumb\",\"itemListElement\":[{\"@type\":\"ListItem\",\"position\":1,\"name\":\"Accueil\",\"item\":\"https:\\\/\\\/lechappeeclose.it\\\/it\\\/\"},{\"@type\":\"ListItem\",\"position\":2,\"name\":\"Boutique\",\"item\":\"https:\\\/\\\/lechappeeclose.it\\\/it\\\/boutique\\\/\"},{\"@type\":\"ListItem\",\"position\":3,\"name\":\"Simone Veil\"}]},{\"@type\":\"WebSite\",\"@id\":\"https:\\\/\\\/lechappeeclose.it\\\/it\\\/#website\",\"url\":\"https:\\\/\\\/lechappeeclose.it\\\/it\\\/\",\"name\":\"l&#039;\u00e9chapp\u00e9e close\",\"description\":\"la librairie fran\u00e7aise de Milan\",\"publisher\":{\"@id\":\"https:\\\/\\\/lechappeeclose.it\\\/it\\\/#organization\"},\"alternateName\":\"La librairie fran\u00e7aise de Milan\",\"potentialAction\":[{\"@type\":\"SearchAction\",\"target\":{\"@type\":\"EntryPoint\",\"urlTemplate\":\"https:\\\/\\\/lechappeeclose.it\\\/it\\\/?s={search_term_string}\"},\"query-input\":{\"@type\":\"PropertyValueSpecification\",\"valueRequired\":true,\"valueName\":\"search_term_string\"}}],\"inLanguage\":\"it-IT\"},{\"@type\":\"Organization\",\"@id\":\"https:\\\/\\\/lechappeeclose.it\\\/it\\\/#organization\",\"name\":\"l&#039;\u00e9chapp\u00e9e close\",\"url\":\"https:\\\/\\\/lechappeeclose.it\\\/it\\\/\",\"logo\":{\"@type\":\"ImageObject\",\"inLanguage\":\"it-IT\",\"@id\":\"https:\\\/\\\/lechappeeclose.it\\\/it\\\/#\\\/schema\\\/logo\\\/image\\\/\",\"url\":\"http:\\\/\\\/lechappeeclose.it\\\/wp-content\\\/uploads\\\/2025\\\/02\\\/cropped-logo-rond.png\",\"contentUrl\":\"http:\\\/\\\/lechappeeclose.it\\\/wp-content\\\/uploads\\\/2025\\\/02\\\/cropped-logo-rond.png\",\"width\":1080,\"height\":1080,\"caption\":\"l&#039;\u00e9chapp\u00e9e close\"},\"image\":{\"@id\":\"https:\\\/\\\/lechappeeclose.it\\\/it\\\/#\\\/schema\\\/logo\\\/image\\\/\"},\"sameAs\":[\"https:\\\/\\\/www.instagram.com\\\/lechappeeclose\\\/\"]}]}<\/script>\n<!-- \/ Yoast SEO plugin. -->","yoast_head_json":{"title":"Simone Veil - l&#039;\u00e9chapp\u00e9e close","robots":{"index":"index","follow":"follow","max-snippet":"max-snippet:-1","max-image-preview":"max-image-preview:large","max-video-preview":"max-video-preview:-1"},"canonical":"https:\/\/lechappeeclose.it\/it\/boutique\/livres\/jeunesse\/elementaire\/simone-veil-2\/","og_locale":"it_IT","og_type":"article","og_title":"Simone Veil - l&#039;\u00e9chapp\u00e9e close","og_description":"Comment Simone Veil est-elle devenue un symbole de la lutte pour la libert\u00e9 ? Simone a 15 ans quand sa vie bascule. Arret\u00e9e puis d\u00e9port\u00e9e dans un camp de concentration, elle est marqu\u00e9e \u00e0 tout jamais. Tout au long de sa carri\u00e8re excepionnelle, Simone saura imposer son style et ses id\u00e9es avec \u00e9l\u00e9gance et autorit\u00e9 [&hellip;]","og_url":"https:\/\/lechappeeclose.it\/it\/boutique\/livres\/jeunesse\/elementaire\/simone-veil-2\/","og_site_name":"l&#039;\u00e9chapp\u00e9e close","article_modified_time":"2025-02-20T11:54:48+00:00","og_image":[{"width":1466,"height":1863,"url":"https:\/\/lechappeeclose.it\/wp-content\/uploads\/2025\/02\/Simone-Veil.jpeg","type":"image\/jpeg"}],"twitter_card":"summary_large_image","schema":{"@context":"https:\/\/schema.org","@graph":[{"@type":"WebPage","@id":"https:\/\/lechappeeclose.it\/it\/boutique\/livres\/jeunesse\/elementaire\/simone-veil-2\/","url":"https:\/\/lechappeeclose.it\/it\/boutique\/livres\/jeunesse\/elementaire\/simone-veil-2\/","name":"Simone Veil - l&#039;\u00e9chapp\u00e9e close","isPartOf":{"@id":"https:\/\/lechappeeclose.it\/it\/#website"},"primaryImageOfPage":{"@id":"https:\/\/lechappeeclose.it\/it\/boutique\/livres\/jeunesse\/elementaire\/simone-veil-2\/#primaryimage"},"image":{"@id":"https:\/\/lechappeeclose.it\/it\/boutique\/livres\/jeunesse\/elementaire\/simone-veil-2\/#primaryimage"},"thumbnailUrl":"http:\/\/lechappeeclose.it\/wp-content\/uploads\/2025\/02\/Simone-Veil.jpeg","datePublished":"2025-02-20T11:53:33+00:00","dateModified":"2025-02-20T11:54:48+00:00","breadcrumb":{"@id":"https:\/\/lechappeeclose.it\/it\/boutique\/livres\/jeunesse\/elementaire\/simone-veil-2\/#breadcrumb"},"inLanguage":"it-IT","potentialAction":[{"@type":"ReadAction","target":["https:\/\/lechappeeclose.it\/it\/boutique\/livres\/jeunesse\/elementaire\/simone-veil-2\/"]}]},{"@type":"ImageObject","inLanguage":"it-IT","@id":"https:\/\/lechappeeclose.it\/it\/boutique\/livres\/jeunesse\/elementaire\/simone-veil-2\/#primaryimage","url":"http:\/\/lechappeeclose.it\/wp-content\/uploads\/2025\/02\/Simone-Veil.jpeg","contentUrl":"http:\/\/lechappeeclose.it\/wp-content\/uploads\/2025\/02\/Simone-Veil.jpeg","width":1466,"height":1863},{"@type":"BreadcrumbList","@id":"https:\/\/lechappeeclose.it\/it\/boutique\/livres\/jeunesse\/elementaire\/simone-veil-2\/#breadcrumb","itemListElement":[{"@type":"ListItem","position":1,"name":"Accueil","item":"https:\/\/lechappeeclose.it\/it\/"},{"@type":"ListItem","position":2,"name":"Boutique","item":"https:\/\/lechappeeclose.it\/it\/boutique\/"},{"@type":"ListItem","position":3,"name":"Simone Veil"}]},{"@type":"WebSite","@id":"https:\/\/lechappeeclose.it\/it\/#website","url":"https:\/\/lechappeeclose.it\/it\/","name":"l&#039;\u00e9chapp\u00e9e close","description":"La libreria francese di Milano","publisher":{"@id":"https:\/\/lechappeeclose.it\/it\/#organization"},"alternateName":"La librairie fran\u00e7aise de Milan","potentialAction":[{"@type":"SearchAction","target":{"@type":"EntryPoint","urlTemplate":"https:\/\/lechappeeclose.it\/it\/?s={search_term_string}"},"query-input":{"@type":"PropertyValueSpecification","valueRequired":true,"valueName":"search_term_string"}}],"inLanguage":"it-IT"},{"@type":"Organization","@id":"https:\/\/lechappeeclose.it\/it\/#organization","name":"l&#039;\u00e9chapp\u00e9e close","url":"https:\/\/lechappeeclose.it\/it\/","logo":{"@type":"ImageObject","inLanguage":"it-IT","@id":"https:\/\/lechappeeclose.it\/it\/#\/schema\/logo\/image\/","url":"http:\/\/lechappeeclose.it\/wp-content\/uploads\/2025\/02\/cropped-logo-rond.png","contentUrl":"http:\/\/lechappeeclose.it\/wp-content\/uploads\/2025\/02\/cropped-logo-rond.png","width":1080,"height":1080,"caption":"l&#039;\u00e9chapp\u00e9e close"},"image":{"@id":"https:\/\/lechappeeclose.it\/it\/#\/schema\/logo\/image\/"},"sameAs":["https:\/\/www.instagram.com\/lechappeeclose\/"]}]}},"_links":{"self":[{"href":"http:\/\/lechappeeclose.it\/it\/wp-json\/wp\/v2\/product\/10727","targetHints":{"allow":["GET"]}}],"collection":[{"href":"http:\/\/lechappeeclose.it\/it\/wp-json\/wp\/v2\/product"}],"about":[{"href":"http:\/\/lechappeeclose.it\/it\/wp-json\/wp\/v2\/types\/product"}],"replies":[{"embeddable":true,"href":"http:\/\/lechappeeclose.it\/it\/wp-json\/wp\/v2\/comments?post=10727"}],"wp:featuredmedia":[{"embeddable":true,"href":"http:\/\/lechappeeclose.it\/it\/wp-json\/wp\/v2\/media\/10726"}],"wp:attachment":[{"href":"http:\/\/lechappeeclose.it\/it\/wp-json\/wp\/v2\/media?parent=10727"}],"wp:term":[{"taxonomy":"product_brand","embeddable":true,"href":"http:\/\/lechappeeclose.it\/it\/wp-json\/wp\/v2\/product_brand?post=10727"},{"taxonomy":"product_cat","embeddable":true,"href":"http:\/\/lechappeeclose.it\/it\/wp-json\/wp\/v2\/product_cat?post=10727"},{"taxonomy":"product_tag","embeddable":true,"href":"http:\/\/lechappeeclose.it\/it\/wp-json\/wp\/v2\/product_tag?post=10727"}],"curies":[{"name":"wp","href":"https:\/\/api.w.org\/{rel}","templated":true}]}}