{"id":10718,"date":"2025-02-20T12:47:08","date_gmt":"2025-02-20T11:47:08","guid":{"rendered":"https:\/\/lechappeeclose.it\/produit\/magazine-georges-n54-moyen-age\/"},"modified":"2025-02-20T12:47:08","modified_gmt":"2025-02-20T11:47:08","slug":"magazine-georges-n54-moyen-age","status":"publish","type":"product","link":"http:\/\/lechappeeclose.it\/it\/boutique\/livres\/jeunesse\/elementaire\/magazine-georges-n54-moyen-age\/","title":{"rendered":"Magazine Georges n\u00b054 &#8211; Moyen-\u00c2ge"},"content":{"rendered":"<p>Oyez, oyez, Damoiselles et Damoiseaux, voici le num\u00e9ro Moyen \u00c2ge! Et pour commencer ce voyage dans le temps, l\u2019auteure et illustratrice Juliette Mancini, vous catapultera dans une dr\u00f4le d\u2019HISTOIRE de ch\u00e2teau!\u00a0C\u2019est ensuite Panpi et Gorri que nous suivrons dans ce num\u00e9ro m\u00e9di\u00e9val, avant de d\u00e9couvrir l\u2019incroyable histoire vraie d\u2019Ali\u00e9nor d\u2019Aquitaine, reine de France, puis d\u2019Angleterre, et m\u00e8re de 10 enfants. Le tout en BD bien s\u00fbr!\u00a0Ensuite, la partie JEUX permettra aux lectrices et lecteurs de Georges de situer le Moyen \u00c2ge dans le temps, de l\u00e9gender un ch\u00e2teau fort, d\u2019en savoir plus sur les dragons et autres cr\u00e9atures fantastiques, mais aussi de d\u00e9couvrir le quotidien et la soci\u00e9t\u00e9 pendant cette longue p\u00e9riode qui a dur\u00e9 plus de 1000 ans!\u00a0Enfin, avec les quatre fiches ACTIVIT\u00c9S, les enfants pourront discuter dans la LANGUE d\u2019o\u00efl, cr\u00e9er leur propre blason dans la rubrique GRAPHISME, cuisiner une RECETTE du Moyen \u00c2ge ou encore fabriquer un casque de chevalier en suivant la rubrique BRICOLAGE.\u00a0Sans oublier le PAPER-TOY, les chroniques de livres et de films, et le quiz final.\u00a0Voici qui valait la peine d\u2019inventer l\u2019imprimerie!<\/p>","protected":false},"excerpt":{"rendered":"<p>Oyez, oyez, Damoiselles et Damoiseaux, voici le num\u00e9ro Moyen \u00c2ge! Et pour commencer ce voyage dans le temps, l\u2019auteure et illustratrice Juliette Mancini, vous catapultera dans une dr\u00f4le d\u2019HISTOIRE de ch\u00e2teau!\u00a0C\u2019est ensuite Panpi et Gorri que nous suivrons dans ce num\u00e9ro m\u00e9di\u00e9val, avant de d\u00e9couvrir l\u2019incroyable histoire vraie d\u2019Ali\u00e9nor d\u2019Aquitaine, reine de France, puis d\u2019Angleterre, [&hellip;]<\/p>","protected":false},"featured_media":10717,"comment_status":"open","ping_status":"closed","template":"","meta":[],"product_brand":[],"product_cat":[53],"product_tag":[],"class_list":{"0":"post-10718","1":"product","2":"type-product","3":"status-publish","4":"has-post-thumbnail","6":"product_cat-elementaire","8":"first","9":"instock","10":"taxable","11":"shipping-taxable","12":"purchasable","13":"product-type-simple"},"yoast_head":"<!-- This site is optimized with the Yoast SEO plugin v27.3 - https:\/\/yoast.com\/product\/yoast-seo-wordpress\/ -->\n<title>Magazine Georges n\u00b054 - Moyen-\u00c2ge - l&#039;\u00e9chapp\u00e9e close<\/title>\n<meta name=\"robots\" content=\"index, follow, max-snippet:-1, max-image-preview:large, max-video-preview:-1\" \/>\n<link rel=\"canonical\" href=\"http:\/\/lechappeeclose.it\/it\/boutique\/livres\/jeunesse\/elementaire\/magazine-georges-n54-moyen-age\/\" \/>\n<meta property=\"og:locale\" content=\"it_IT\" \/>\n<meta property=\"og:type\" content=\"article\" \/>\n<meta property=\"og:title\" content=\"Magazine Georges n\u00b054 - Moyen-\u00c2ge - l&#039;\u00e9chapp\u00e9e close\" \/>\n<meta property=\"og:description\" content=\"Oyez, oyez, Damoiselles et Damoiseaux, voici le num\u00e9ro Moyen \u00c2ge! Et pour commencer ce voyage dans le temps, l\u2019auteure et illustratrice Juliette Mancini, vous catapultera dans une dr\u00f4le d\u2019HISTOIRE de ch\u00e2teau!\u00a0C\u2019est ensuite Panpi et Gorri que nous suivrons dans ce num\u00e9ro m\u00e9di\u00e9val, avant de d\u00e9couvrir l\u2019incroyable histoire vraie d\u2019Ali\u00e9nor d\u2019Aquitaine, reine de France, puis d\u2019Angleterre, [&hellip;]\" \/>\n<meta property=\"og:url\" content=\"http:\/\/lechappeeclose.it\/it\/boutique\/livres\/jeunesse\/elementaire\/magazine-georges-n54-moyen-age\/\" \/>\n<meta property=\"og:site_name\" content=\"l&#039;\u00e9chapp\u00e9e close\" \/>\n<meta property=\"og:image\" content=\"http:\/\/lechappeeclose.it\/wp-content\/uploads\/2025\/02\/Magazine-Georges-n\u00b054-Moyen-Age.jpeg\" \/>\n\t<meta property=\"og:image:width\" content=\"385\" \/>\n\t<meta property=\"og:image:height\" content=\"500\" \/>\n\t<meta property=\"og:image:type\" content=\"image\/jpeg\" \/>\n<meta name=\"twitter:card\" content=\"summary_large_image\" \/>\n<meta name=\"twitter:label1\" content=\"Tempo di lettura stimato\" \/>\n\t<meta name=\"twitter:data1\" content=\"1 minuto\" \/>\n<script type=\"application\/ld+json\" class=\"yoast-schema-graph\">{\"@context\":\"https:\\\/\\\/schema.org\",\"@graph\":[{\"@type\":\"WebPage\",\"@id\":\"http:\\\/\\\/lechappeeclose.it\\\/boutique\\\/livres\\\/jeunesse\\\/elementaire\\\/magazine-georges-n54-moyen-age\\\/\",\"url\":\"http:\\\/\\\/lechappeeclose.it\\\/boutique\\\/livres\\\/jeunesse\\\/elementaire\\\/magazine-georges-n54-moyen-age\\\/\",\"name\":\"Magazine Georges n\u00b054 - Moyen-\u00c2ge - l&#039;\u00e9chapp\u00e9e close\",\"isPartOf\":{\"@id\":\"http:\\\/\\\/lechappeeclose.it\\\/#website\"},\"primaryImageOfPage\":{\"@id\":\"http:\\\/\\\/lechappeeclose.it\\\/boutique\\\/livres\\\/jeunesse\\\/elementaire\\\/magazine-georges-n54-moyen-age\\\/#primaryimage\"},\"image\":{\"@id\":\"http:\\\/\\\/lechappeeclose.it\\\/boutique\\\/livres\\\/jeunesse\\\/elementaire\\\/magazine-georges-n54-moyen-age\\\/#primaryimage\"},\"thumbnailUrl\":\"http:\\\/\\\/lechappeeclose.it\\\/wp-content\\\/uploads\\\/2025\\\/02\\\/Magazine-Georges-n\u00b054-Moyen-Age.jpeg\",\"datePublished\":\"2025-02-20T11:47:08+00:00\",\"breadcrumb\":{\"@id\":\"http:\\\/\\\/lechappeeclose.it\\\/boutique\\\/livres\\\/jeunesse\\\/elementaire\\\/magazine-georges-n54-moyen-age\\\/#breadcrumb\"},\"inLanguage\":\"it-IT\",\"potentialAction\":[{\"@type\":\"ReadAction\",\"target\":[\"http:\\\/\\\/lechappeeclose.it\\\/boutique\\\/livres\\\/jeunesse\\\/elementaire\\\/magazine-georges-n54-moyen-age\\\/\"]}]},{\"@type\":\"ImageObject\",\"inLanguage\":\"it-IT\",\"@id\":\"http:\\\/\\\/lechappeeclose.it\\\/boutique\\\/livres\\\/jeunesse\\\/elementaire\\\/magazine-georges-n54-moyen-age\\\/#primaryimage\",\"url\":\"http:\\\/\\\/lechappeeclose.it\\\/wp-content\\\/uploads\\\/2025\\\/02\\\/Magazine-Georges-n\u00b054-Moyen-Age.jpeg\",\"contentUrl\":\"http:\\\/\\\/lechappeeclose.it\\\/wp-content\\\/uploads\\\/2025\\\/02\\\/Magazine-Georges-n\u00b054-Moyen-Age.jpeg\",\"width\":385,\"height\":500},{\"@type\":\"BreadcrumbList\",\"@id\":\"http:\\\/\\\/lechappeeclose.it\\\/boutique\\\/livres\\\/jeunesse\\\/elementaire\\\/magazine-georges-n54-moyen-age\\\/#breadcrumb\",\"itemListElement\":[{\"@type\":\"ListItem\",\"position\":1,\"name\":\"Accueil\",\"item\":\"http:\\\/\\\/lechappeeclose.it\\\/\"},{\"@type\":\"ListItem\",\"position\":2,\"name\":\"Boutique\",\"item\":\"https:\\\/\\\/lechappeeclose.it\\\/boutique\\\/\"},{\"@type\":\"ListItem\",\"position\":3,\"name\":\"Magazine Georges n\u00b054 &#8211; Moyen-\u00c2ge\"}]},{\"@type\":\"WebSite\",\"@id\":\"http:\\\/\\\/lechappeeclose.it\\\/#website\",\"url\":\"http:\\\/\\\/lechappeeclose.it\\\/\",\"name\":\"l&#039;\u00e9chapp\u00e9e close\",\"description\":\"la librairie fran\u00e7aise de Milan\",\"publisher\":{\"@id\":\"http:\\\/\\\/lechappeeclose.it\\\/#organization\"},\"alternateName\":\"La librairie fran\u00e7aise de Milan\",\"potentialAction\":[{\"@type\":\"SearchAction\",\"target\":{\"@type\":\"EntryPoint\",\"urlTemplate\":\"http:\\\/\\\/lechappeeclose.it\\\/?s={search_term_string}\"},\"query-input\":{\"@type\":\"PropertyValueSpecification\",\"valueRequired\":true,\"valueName\":\"search_term_string\"}}],\"inLanguage\":\"it-IT\"},{\"@type\":\"Organization\",\"@id\":\"http:\\\/\\\/lechappeeclose.it\\\/#organization\",\"name\":\"l&#039;\u00e9chapp\u00e9e close\",\"url\":\"http:\\\/\\\/lechappeeclose.it\\\/\",\"logo\":{\"@type\":\"ImageObject\",\"inLanguage\":\"it-IT\",\"@id\":\"http:\\\/\\\/lechappeeclose.it\\\/#\\\/schema\\\/logo\\\/image\\\/\",\"url\":\"http:\\\/\\\/lechappeeclose.it\\\/wp-content\\\/uploads\\\/2025\\\/02\\\/cropped-logo-rond.png\",\"contentUrl\":\"http:\\\/\\\/lechappeeclose.it\\\/wp-content\\\/uploads\\\/2025\\\/02\\\/cropped-logo-rond.png\",\"width\":1080,\"height\":1080,\"caption\":\"l&#039;\u00e9chapp\u00e9e close\"},\"image\":{\"@id\":\"http:\\\/\\\/lechappeeclose.it\\\/#\\\/schema\\\/logo\\\/image\\\/\"},\"sameAs\":[\"https:\\\/\\\/www.instagram.com\\\/lechappeeclose\\\/\"]}]}<\/script>\n<!-- \/ Yoast SEO plugin. -->","yoast_head_json":{"title":"Magazine Georges n\u00b054 - Moyen-\u00c2ge - l&#039;\u00e9chapp\u00e9e close","robots":{"index":"index","follow":"follow","max-snippet":"max-snippet:-1","max-image-preview":"max-image-preview:large","max-video-preview":"max-video-preview:-1"},"canonical":"http:\/\/lechappeeclose.it\/it\/boutique\/livres\/jeunesse\/elementaire\/magazine-georges-n54-moyen-age\/","og_locale":"it_IT","og_type":"article","og_title":"Magazine Georges n\u00b054 - Moyen-\u00c2ge - l&#039;\u00e9chapp\u00e9e close","og_description":"Oyez, oyez, Damoiselles et Damoiseaux, voici le num\u00e9ro Moyen \u00c2ge! Et pour commencer ce voyage dans le temps, l\u2019auteure et illustratrice Juliette Mancini, vous catapultera dans une dr\u00f4le d\u2019HISTOIRE de ch\u00e2teau!\u00a0C\u2019est ensuite Panpi et Gorri que nous suivrons dans ce num\u00e9ro m\u00e9di\u00e9val, avant de d\u00e9couvrir l\u2019incroyable histoire vraie d\u2019Ali\u00e9nor d\u2019Aquitaine, reine de France, puis d\u2019Angleterre, [&hellip;]","og_url":"http:\/\/lechappeeclose.it\/it\/boutique\/livres\/jeunesse\/elementaire\/magazine-georges-n54-moyen-age\/","og_site_name":"l&#039;\u00e9chapp\u00e9e close","og_image":[{"width":385,"height":500,"url":"http:\/\/lechappeeclose.it\/wp-content\/uploads\/2025\/02\/Magazine-Georges-n\u00b054-Moyen-Age.jpeg","type":"image\/jpeg"}],"twitter_card":"summary_large_image","twitter_misc":{"Tempo di lettura stimato":"1 minuto"},"schema":{"@context":"https:\/\/schema.org","@graph":[{"@type":"WebPage","@id":"http:\/\/lechappeeclose.it\/boutique\/livres\/jeunesse\/elementaire\/magazine-georges-n54-moyen-age\/","url":"http:\/\/lechappeeclose.it\/boutique\/livres\/jeunesse\/elementaire\/magazine-georges-n54-moyen-age\/","name":"Magazine Georges n\u00b054 - Moyen-\u00c2ge - l&#039;\u00e9chapp\u00e9e close","isPartOf":{"@id":"http:\/\/lechappeeclose.it\/#website"},"primaryImageOfPage":{"@id":"http:\/\/lechappeeclose.it\/boutique\/livres\/jeunesse\/elementaire\/magazine-georges-n54-moyen-age\/#primaryimage"},"image":{"@id":"http:\/\/lechappeeclose.it\/boutique\/livres\/jeunesse\/elementaire\/magazine-georges-n54-moyen-age\/#primaryimage"},"thumbnailUrl":"http:\/\/lechappeeclose.it\/wp-content\/uploads\/2025\/02\/Magazine-Georges-n\u00b054-Moyen-Age.jpeg","datePublished":"2025-02-20T11:47:08+00:00","breadcrumb":{"@id":"http:\/\/lechappeeclose.it\/boutique\/livres\/jeunesse\/elementaire\/magazine-georges-n54-moyen-age\/#breadcrumb"},"inLanguage":"it-IT","potentialAction":[{"@type":"ReadAction","target":["http:\/\/lechappeeclose.it\/boutique\/livres\/jeunesse\/elementaire\/magazine-georges-n54-moyen-age\/"]}]},{"@type":"ImageObject","inLanguage":"it-IT","@id":"http:\/\/lechappeeclose.it\/boutique\/livres\/jeunesse\/elementaire\/magazine-georges-n54-moyen-age\/#primaryimage","url":"http:\/\/lechappeeclose.it\/wp-content\/uploads\/2025\/02\/Magazine-Georges-n\u00b054-Moyen-Age.jpeg","contentUrl":"http:\/\/lechappeeclose.it\/wp-content\/uploads\/2025\/02\/Magazine-Georges-n\u00b054-Moyen-Age.jpeg","width":385,"height":500},{"@type":"BreadcrumbList","@id":"http:\/\/lechappeeclose.it\/boutique\/livres\/jeunesse\/elementaire\/magazine-georges-n54-moyen-age\/#breadcrumb","itemListElement":[{"@type":"ListItem","position":1,"name":"Accueil","item":"http:\/\/lechappeeclose.it\/"},{"@type":"ListItem","position":2,"name":"Boutique","item":"https:\/\/lechappeeclose.it\/boutique\/"},{"@type":"ListItem","position":3,"name":"Magazine Georges n\u00b054 &#8211; Moyen-\u00c2ge"}]},{"@type":"WebSite","@id":"http:\/\/lechappeeclose.it\/#website","url":"http:\/\/lechappeeclose.it\/","name":"l&#039;\u00e9chapp\u00e9e close","description":"La libreria francese di Milano","publisher":{"@id":"http:\/\/lechappeeclose.it\/#organization"},"alternateName":"La librairie fran\u00e7aise de Milan","potentialAction":[{"@type":"SearchAction","target":{"@type":"EntryPoint","urlTemplate":"http:\/\/lechappeeclose.it\/?s={search_term_string}"},"query-input":{"@type":"PropertyValueSpecification","valueRequired":true,"valueName":"search_term_string"}}],"inLanguage":"it-IT"},{"@type":"Organization","@id":"http:\/\/lechappeeclose.it\/#organization","name":"l&#039;\u00e9chapp\u00e9e close","url":"http:\/\/lechappeeclose.it\/","logo":{"@type":"ImageObject","inLanguage":"it-IT","@id":"http:\/\/lechappeeclose.it\/#\/schema\/logo\/image\/","url":"http:\/\/lechappeeclose.it\/wp-content\/uploads\/2025\/02\/cropped-logo-rond.png","contentUrl":"http:\/\/lechappeeclose.it\/wp-content\/uploads\/2025\/02\/cropped-logo-rond.png","width":1080,"height":1080,"caption":"l&#039;\u00e9chapp\u00e9e close"},"image":{"@id":"http:\/\/lechappeeclose.it\/#\/schema\/logo\/image\/"},"sameAs":["https:\/\/www.instagram.com\/lechappeeclose\/"]}]}},"_links":{"self":[{"href":"http:\/\/lechappeeclose.it\/it\/wp-json\/wp\/v2\/product\/10718","targetHints":{"allow":["GET"]}}],"collection":[{"href":"http:\/\/lechappeeclose.it\/it\/wp-json\/wp\/v2\/product"}],"about":[{"href":"http:\/\/lechappeeclose.it\/it\/wp-json\/wp\/v2\/types\/product"}],"replies":[{"embeddable":true,"href":"http:\/\/lechappeeclose.it\/it\/wp-json\/wp\/v2\/comments?post=10718"}],"wp:featuredmedia":[{"embeddable":true,"href":"http:\/\/lechappeeclose.it\/it\/wp-json\/wp\/v2\/media\/10717"}],"wp:attachment":[{"href":"http:\/\/lechappeeclose.it\/it\/wp-json\/wp\/v2\/media?parent=10718"}],"wp:term":[{"taxonomy":"product_brand","embeddable":true,"href":"http:\/\/lechappeeclose.it\/it\/wp-json\/wp\/v2\/product_brand?post=10718"},{"taxonomy":"product_cat","embeddable":true,"href":"http:\/\/lechappeeclose.it\/it\/wp-json\/wp\/v2\/product_cat?post=10718"},{"taxonomy":"product_tag","embeddable":true,"href":"http:\/\/lechappeeclose.it\/it\/wp-json\/wp\/v2\/product_tag?post=10718"}],"curies":[{"name":"wp","href":"https:\/\/api.w.org\/{rel}","templated":true}]}}