{"id":10550,"date":"2025-02-20T11:52:40","date_gmt":"2025-02-20T10:52:40","guid":{"rendered":"https:\/\/lechappeeclose.it\/produit\/les-enquetes-de-mirette-bavure-sur-la-cote-dazur\/"},"modified":"2025-02-20T11:52:40","modified_gmt":"2025-02-20T10:52:40","slug":"les-enquetes-de-mirette-bavure-sur-la-cote-dazur","status":"publish","type":"product","link":"http:\/\/lechappeeclose.it\/it\/boutique\/livres\/jeunesse\/elementaire\/les-enquetes-de-mirette-bavure-sur-la-cote-dazur\/","title":{"rendered":"Les enqu\u00eates de Mirette &#8211; Bavure sur la C\u00f4te d&#8217;Azur"},"content":{"rendered":"<p>Voici Mirette et son chassistant Jean-Pat en TGWE (Tr\u00e8s Grand Week-End) sur la C\u00f4te d&#8217;Azur, avec la d\u00e9licieuse tante Dorothy (voir Big Frousse \u00e0 Londres). Somptueux palais, balade des Anglais, route de la Corniche, Saint Paul de Vence, Saint Trop&#8217;, la Croisette, Porquerolles : pas un haut lieu de la Riviera ne manque \u00e0 l&#8217;appel. Mais voil\u00e0 qu&#8217;on a vol\u00e9 les bijoux de Gloria Strass, la vedette de L&#8217;Amour en Feu : impossible de monter les marches \u00e0 Cannes, ainsi d\u00e9pouill\u00e9e ! Une s\u00e9rie \u00e0 succ\u00e8s : + de 50 000 ex vendus ! Adaptation t\u00e9l\u00e9vis\u00e9e grand public en cours, avec TF1. Une enqu\u00eate tr\u00e9pidante sur une C\u00f4te mondialement connue !<\/p>","protected":false},"excerpt":{"rendered":"<p>Voici Mirette et son chassistant Jean-Pat en TGWE (Tr\u00e8s Grand Week-End) sur la C\u00f4te d&#8217;Azur, avec la d\u00e9licieuse tante Dorothy (voir Big Frousse \u00e0 Londres). Somptueux palais, balade des Anglais, route de la Corniche, Saint Paul de Vence, Saint Trop&#8217;, la Croisette, Porquerolles : pas un haut lieu de la Riviera ne manque \u00e0 l&#8217;appel. [&hellip;]<\/p>","protected":false},"featured_media":10549,"comment_status":"open","ping_status":"closed","template":"","meta":[],"product_brand":[],"product_cat":[53],"product_tag":[],"class_list":{"0":"post-10550","1":"product","2":"type-product","3":"status-publish","4":"has-post-thumbnail","6":"product_cat-elementaire","8":"first","9":"instock","10":"taxable","11":"shipping-taxable","12":"purchasable","13":"product-type-simple"},"yoast_head":"<!-- This site is optimized with the Yoast SEO plugin v27.4 - https:\/\/yoast.com\/product\/yoast-seo-wordpress\/ -->\n<title>Les enqu\u00eates de Mirette - Bavure sur la C\u00f4te d&#039;Azur - l&#039;\u00e9chapp\u00e9e close<\/title>\n<meta name=\"robots\" content=\"index, follow, max-snippet:-1, max-image-preview:large, max-video-preview:-1\" \/>\n<link rel=\"canonical\" href=\"http:\/\/lechappeeclose.it\/it\/boutique\/livres\/jeunesse\/elementaire\/les-enquetes-de-mirette-bavure-sur-la-cote-dazur\/\" \/>\n<meta property=\"og:locale\" content=\"it_IT\" \/>\n<meta property=\"og:type\" content=\"article\" \/>\n<meta property=\"og:title\" content=\"Les enqu\u00eates de Mirette - Bavure sur la C\u00f4te d&#039;Azur - l&#039;\u00e9chapp\u00e9e close\" \/>\n<meta property=\"og:description\" content=\"Voici Mirette et son chassistant Jean-Pat en TGWE (Tr\u00e8s Grand Week-End) sur la C\u00f4te d&#8217;Azur, avec la d\u00e9licieuse tante Dorothy (voir Big Frousse \u00e0 Londres). Somptueux palais, balade des Anglais, route de la Corniche, Saint Paul de Vence, Saint Trop&#8217;, la Croisette, Porquerolles : pas un haut lieu de la Riviera ne manque \u00e0 l&#8217;appel. [&hellip;]\" \/>\n<meta property=\"og:url\" content=\"http:\/\/lechappeeclose.it\/it\/boutique\/livres\/jeunesse\/elementaire\/les-enquetes-de-mirette-bavure-sur-la-cote-dazur\/\" \/>\n<meta property=\"og:site_name\" content=\"l&#039;\u00e9chapp\u00e9e close\" \/>\n<meta property=\"og:image\" content=\"http:\/\/lechappeeclose.it\/wp-content\/uploads\/2025\/02\/Les-enquetes-de-Mirette-Bavure-sur-la-Cote-dAzur.jpeg\" \/>\n\t<meta property=\"og:image:width\" content=\"500\" \/>\n\t<meta property=\"og:image:height\" content=\"481\" \/>\n\t<meta property=\"og:image:type\" content=\"image\/jpeg\" \/>\n<meta name=\"twitter:card\" content=\"summary_large_image\" \/>\n<meta name=\"twitter:label1\" content=\"Tempo di lettura stimato\" \/>\n\t<meta name=\"twitter:data1\" content=\"1 minuto\" \/>\n<script type=\"application\/ld+json\" class=\"yoast-schema-graph\">{\"@context\":\"https:\\\/\\\/schema.org\",\"@graph\":[{\"@type\":\"WebPage\",\"@id\":\"http:\\\/\\\/lechappeeclose.it\\\/boutique\\\/livres\\\/jeunesse\\\/elementaire\\\/les-enquetes-de-mirette-bavure-sur-la-cote-dazur\\\/\",\"url\":\"http:\\\/\\\/lechappeeclose.it\\\/boutique\\\/livres\\\/jeunesse\\\/elementaire\\\/les-enquetes-de-mirette-bavure-sur-la-cote-dazur\\\/\",\"name\":\"Les enqu\u00eates de Mirette - Bavure sur la C\u00f4te d'Azur - l&#039;\u00e9chapp\u00e9e close\",\"isPartOf\":{\"@id\":\"http:\\\/\\\/lechappeeclose.it\\\/#website\"},\"primaryImageOfPage\":{\"@id\":\"http:\\\/\\\/lechappeeclose.it\\\/boutique\\\/livres\\\/jeunesse\\\/elementaire\\\/les-enquetes-de-mirette-bavure-sur-la-cote-dazur\\\/#primaryimage\"},\"image\":{\"@id\":\"http:\\\/\\\/lechappeeclose.it\\\/boutique\\\/livres\\\/jeunesse\\\/elementaire\\\/les-enquetes-de-mirette-bavure-sur-la-cote-dazur\\\/#primaryimage\"},\"thumbnailUrl\":\"http:\\\/\\\/lechappeeclose.it\\\/wp-content\\\/uploads\\\/2025\\\/02\\\/Les-enquetes-de-Mirette-Bavure-sur-la-Cote-dAzur.jpeg\",\"datePublished\":\"2025-02-20T10:52:40+00:00\",\"breadcrumb\":{\"@id\":\"http:\\\/\\\/lechappeeclose.it\\\/boutique\\\/livres\\\/jeunesse\\\/elementaire\\\/les-enquetes-de-mirette-bavure-sur-la-cote-dazur\\\/#breadcrumb\"},\"inLanguage\":\"it-IT\",\"potentialAction\":[{\"@type\":\"ReadAction\",\"target\":[\"http:\\\/\\\/lechappeeclose.it\\\/boutique\\\/livres\\\/jeunesse\\\/elementaire\\\/les-enquetes-de-mirette-bavure-sur-la-cote-dazur\\\/\"]}]},{\"@type\":\"ImageObject\",\"inLanguage\":\"it-IT\",\"@id\":\"http:\\\/\\\/lechappeeclose.it\\\/boutique\\\/livres\\\/jeunesse\\\/elementaire\\\/les-enquetes-de-mirette-bavure-sur-la-cote-dazur\\\/#primaryimage\",\"url\":\"http:\\\/\\\/lechappeeclose.it\\\/wp-content\\\/uploads\\\/2025\\\/02\\\/Les-enquetes-de-Mirette-Bavure-sur-la-Cote-dAzur.jpeg\",\"contentUrl\":\"http:\\\/\\\/lechappeeclose.it\\\/wp-content\\\/uploads\\\/2025\\\/02\\\/Les-enquetes-de-Mirette-Bavure-sur-la-Cote-dAzur.jpeg\",\"width\":500,\"height\":481},{\"@type\":\"BreadcrumbList\",\"@id\":\"http:\\\/\\\/lechappeeclose.it\\\/boutique\\\/livres\\\/jeunesse\\\/elementaire\\\/les-enquetes-de-mirette-bavure-sur-la-cote-dazur\\\/#breadcrumb\",\"itemListElement\":[{\"@type\":\"ListItem\",\"position\":1,\"name\":\"Accueil\",\"item\":\"http:\\\/\\\/lechappeeclose.it\\\/\"},{\"@type\":\"ListItem\",\"position\":2,\"name\":\"Boutique\",\"item\":\"http:\\\/\\\/lechappeeclose.it\\\/it\\\/boutique\\\/\"},{\"@type\":\"ListItem\",\"position\":3,\"name\":\"Les enqu\u00eates de Mirette &#8211; Bavure sur la C\u00f4te d&#8217;Azur\"}]},{\"@type\":\"WebSite\",\"@id\":\"http:\\\/\\\/lechappeeclose.it\\\/#website\",\"url\":\"http:\\\/\\\/lechappeeclose.it\\\/\",\"name\":\"l&#039;\u00e9chapp\u00e9e close\",\"description\":\"la librairie fran\u00e7aise de Milan\",\"publisher\":{\"@id\":\"http:\\\/\\\/lechappeeclose.it\\\/#organization\"},\"alternateName\":\"La librairie fran\u00e7aise de Milan\",\"potentialAction\":[{\"@type\":\"SearchAction\",\"target\":{\"@type\":\"EntryPoint\",\"urlTemplate\":\"http:\\\/\\\/lechappeeclose.it\\\/?s={search_term_string}\"},\"query-input\":{\"@type\":\"PropertyValueSpecification\",\"valueRequired\":true,\"valueName\":\"search_term_string\"}}],\"inLanguage\":\"it-IT\"},{\"@type\":\"Organization\",\"@id\":\"http:\\\/\\\/lechappeeclose.it\\\/#organization\",\"name\":\"l&#039;\u00e9chapp\u00e9e close\",\"url\":\"http:\\\/\\\/lechappeeclose.it\\\/\",\"logo\":{\"@type\":\"ImageObject\",\"inLanguage\":\"it-IT\",\"@id\":\"http:\\\/\\\/lechappeeclose.it\\\/#\\\/schema\\\/logo\\\/image\\\/\",\"url\":\"http:\\\/\\\/lechappeeclose.it\\\/wp-content\\\/uploads\\\/2025\\\/02\\\/cropped-logo-rond.png\",\"contentUrl\":\"http:\\\/\\\/lechappeeclose.it\\\/wp-content\\\/uploads\\\/2025\\\/02\\\/cropped-logo-rond.png\",\"width\":1080,\"height\":1080,\"caption\":\"l&#039;\u00e9chapp\u00e9e close\"},\"image\":{\"@id\":\"http:\\\/\\\/lechappeeclose.it\\\/#\\\/schema\\\/logo\\\/image\\\/\"},\"sameAs\":[\"https:\\\/\\\/www.instagram.com\\\/lechappeeclose\\\/\"]}]}<\/script>\n<!-- \/ Yoast SEO plugin. -->","yoast_head_json":{"title":"Les enqu\u00eates de Mirette - Bavure sur la C\u00f4te d'Azur - l&#039;\u00e9chapp\u00e9e close","robots":{"index":"index","follow":"follow","max-snippet":"max-snippet:-1","max-image-preview":"max-image-preview:large","max-video-preview":"max-video-preview:-1"},"canonical":"http:\/\/lechappeeclose.it\/it\/boutique\/livres\/jeunesse\/elementaire\/les-enquetes-de-mirette-bavure-sur-la-cote-dazur\/","og_locale":"it_IT","og_type":"article","og_title":"Les enqu\u00eates de Mirette - Bavure sur la C\u00f4te d'Azur - l&#039;\u00e9chapp\u00e9e close","og_description":"Voici Mirette et son chassistant Jean-Pat en TGWE (Tr\u00e8s Grand Week-End) sur la C\u00f4te d&#8217;Azur, avec la d\u00e9licieuse tante Dorothy (voir Big Frousse \u00e0 Londres). Somptueux palais, balade des Anglais, route de la Corniche, Saint Paul de Vence, Saint Trop&#8217;, la Croisette, Porquerolles : pas un haut lieu de la Riviera ne manque \u00e0 l&#8217;appel. [&hellip;]","og_url":"http:\/\/lechappeeclose.it\/it\/boutique\/livres\/jeunesse\/elementaire\/les-enquetes-de-mirette-bavure-sur-la-cote-dazur\/","og_site_name":"l&#039;\u00e9chapp\u00e9e close","og_image":[{"width":500,"height":481,"url":"http:\/\/lechappeeclose.it\/wp-content\/uploads\/2025\/02\/Les-enquetes-de-Mirette-Bavure-sur-la-Cote-dAzur.jpeg","type":"image\/jpeg"}],"twitter_card":"summary_large_image","twitter_misc":{"Tempo di lettura stimato":"1 minuto"},"schema":{"@context":"https:\/\/schema.org","@graph":[{"@type":"WebPage","@id":"http:\/\/lechappeeclose.it\/boutique\/livres\/jeunesse\/elementaire\/les-enquetes-de-mirette-bavure-sur-la-cote-dazur\/","url":"http:\/\/lechappeeclose.it\/boutique\/livres\/jeunesse\/elementaire\/les-enquetes-de-mirette-bavure-sur-la-cote-dazur\/","name":"Les enqu\u00eates de Mirette - Bavure sur la C\u00f4te d'Azur - l&#039;\u00e9chapp\u00e9e close","isPartOf":{"@id":"http:\/\/lechappeeclose.it\/#website"},"primaryImageOfPage":{"@id":"http:\/\/lechappeeclose.it\/boutique\/livres\/jeunesse\/elementaire\/les-enquetes-de-mirette-bavure-sur-la-cote-dazur\/#primaryimage"},"image":{"@id":"http:\/\/lechappeeclose.it\/boutique\/livres\/jeunesse\/elementaire\/les-enquetes-de-mirette-bavure-sur-la-cote-dazur\/#primaryimage"},"thumbnailUrl":"http:\/\/lechappeeclose.it\/wp-content\/uploads\/2025\/02\/Les-enquetes-de-Mirette-Bavure-sur-la-Cote-dAzur.jpeg","datePublished":"2025-02-20T10:52:40+00:00","breadcrumb":{"@id":"http:\/\/lechappeeclose.it\/boutique\/livres\/jeunesse\/elementaire\/les-enquetes-de-mirette-bavure-sur-la-cote-dazur\/#breadcrumb"},"inLanguage":"it-IT","potentialAction":[{"@type":"ReadAction","target":["http:\/\/lechappeeclose.it\/boutique\/livres\/jeunesse\/elementaire\/les-enquetes-de-mirette-bavure-sur-la-cote-dazur\/"]}]},{"@type":"ImageObject","inLanguage":"it-IT","@id":"http:\/\/lechappeeclose.it\/boutique\/livres\/jeunesse\/elementaire\/les-enquetes-de-mirette-bavure-sur-la-cote-dazur\/#primaryimage","url":"http:\/\/lechappeeclose.it\/wp-content\/uploads\/2025\/02\/Les-enquetes-de-Mirette-Bavure-sur-la-Cote-dAzur.jpeg","contentUrl":"http:\/\/lechappeeclose.it\/wp-content\/uploads\/2025\/02\/Les-enquetes-de-Mirette-Bavure-sur-la-Cote-dAzur.jpeg","width":500,"height":481},{"@type":"BreadcrumbList","@id":"http:\/\/lechappeeclose.it\/boutique\/livres\/jeunesse\/elementaire\/les-enquetes-de-mirette-bavure-sur-la-cote-dazur\/#breadcrumb","itemListElement":[{"@type":"ListItem","position":1,"name":"Accueil","item":"http:\/\/lechappeeclose.it\/"},{"@type":"ListItem","position":2,"name":"Boutique","item":"http:\/\/lechappeeclose.it\/it\/boutique\/"},{"@type":"ListItem","position":3,"name":"Les enqu\u00eates de Mirette &#8211; Bavure sur la C\u00f4te d&#8217;Azur"}]},{"@type":"WebSite","@id":"http:\/\/lechappeeclose.it\/#website","url":"http:\/\/lechappeeclose.it\/","name":"l&#039;\u00e9chapp\u00e9e close","description":"La libreria francese di Milano","publisher":{"@id":"http:\/\/lechappeeclose.it\/#organization"},"alternateName":"La librairie fran\u00e7aise de Milan","potentialAction":[{"@type":"SearchAction","target":{"@type":"EntryPoint","urlTemplate":"http:\/\/lechappeeclose.it\/?s={search_term_string}"},"query-input":{"@type":"PropertyValueSpecification","valueRequired":true,"valueName":"search_term_string"}}],"inLanguage":"it-IT"},{"@type":"Organization","@id":"http:\/\/lechappeeclose.it\/#organization","name":"l&#039;\u00e9chapp\u00e9e close","url":"http:\/\/lechappeeclose.it\/","logo":{"@type":"ImageObject","inLanguage":"it-IT","@id":"http:\/\/lechappeeclose.it\/#\/schema\/logo\/image\/","url":"http:\/\/lechappeeclose.it\/wp-content\/uploads\/2025\/02\/cropped-logo-rond.png","contentUrl":"http:\/\/lechappeeclose.it\/wp-content\/uploads\/2025\/02\/cropped-logo-rond.png","width":1080,"height":1080,"caption":"l&#039;\u00e9chapp\u00e9e close"},"image":{"@id":"http:\/\/lechappeeclose.it\/#\/schema\/logo\/image\/"},"sameAs":["https:\/\/www.instagram.com\/lechappeeclose\/"]}]}},"_links":{"self":[{"href":"http:\/\/lechappeeclose.it\/it\/wp-json\/wp\/v2\/product\/10550","targetHints":{"allow":["GET"]}}],"collection":[{"href":"http:\/\/lechappeeclose.it\/it\/wp-json\/wp\/v2\/product"}],"about":[{"href":"http:\/\/lechappeeclose.it\/it\/wp-json\/wp\/v2\/types\/product"}],"replies":[{"embeddable":true,"href":"http:\/\/lechappeeclose.it\/it\/wp-json\/wp\/v2\/comments?post=10550"}],"wp:featuredmedia":[{"embeddable":true,"href":"http:\/\/lechappeeclose.it\/it\/wp-json\/wp\/v2\/media\/10549"}],"wp:attachment":[{"href":"http:\/\/lechappeeclose.it\/it\/wp-json\/wp\/v2\/media?parent=10550"}],"wp:term":[{"taxonomy":"product_brand","embeddable":true,"href":"http:\/\/lechappeeclose.it\/it\/wp-json\/wp\/v2\/product_brand?post=10550"},{"taxonomy":"product_cat","embeddable":true,"href":"http:\/\/lechappeeclose.it\/it\/wp-json\/wp\/v2\/product_cat?post=10550"},{"taxonomy":"product_tag","embeddable":true,"href":"http:\/\/lechappeeclose.it\/it\/wp-json\/wp\/v2\/product_tag?post=10550"}],"curies":[{"name":"wp","href":"https:\/\/api.w.org\/{rel}","templated":true}]}}