{"id":10524,"date":"2025-02-19T18:19:53","date_gmt":"2025-02-19T17:19:53","guid":{"rendered":"https:\/\/lechappeeclose.it\/produit\/mon-grand-cahier-dartiste-special-crayons-feutres-et-stylos\/"},"modified":"2026-02-13T16:39:46","modified_gmt":"2026-02-13T15:39:46","slug":"mon-grand-cahier-dartiste-special-crayons-feutres-et-stylos","status":"publish","type":"product","link":"http:\/\/lechappeeclose.it\/it\/boutique\/livres\/jeunesse\/elementaire\/mon-grand-cahier-dartiste-special-crayons-feutres-et-stylos\/","title":{"rendered":"Mon grand cahier d&#8217;artiste: Sp\u00e9cial : Crayons, feutres et stylos"},"content":{"rendered":"<p>Voici le nouveau titre de l\u2019auteure \u00e0 succ\u00e8s, Ma\u00eft\u00e9 Balart, qui reprend la collection cr\u00e9ative \u00ab\u2005Mon petit atelier d\u2019artiste\u2005\u00bb. Ce cahier propose des astuces accessibles aux enfants afin qu\u2019ils puissent cr\u00e9er leurs propres \u0153uvres \u00e0 leur mani\u00e8re, ou en imitant des grands artistes ! \u00c0 son tour de cr\u00e9er de jolis dessins en s\u2019aidant des mod\u00e8les et cette fois-ci, il pourra dessiner dans son cahier !\u00a0<\/p>","protected":false},"excerpt":{"rendered":"<p>Voici le nouveau titre de l\u2019auteure \u00e0 succ\u00e8s, Ma\u00eft\u00e9 Balart, qui reprend la collection cr\u00e9ative \u00ab\u2005Mon petit atelier d\u2019artiste\u2005\u00bb. Ce cahier propose des astuces accessibles aux enfants afin qu\u2019ils puissent cr\u00e9er leurs propres \u0153uvres \u00e0 leur mani\u00e8re, ou en imitant des grands artistes ! \u00c0 son tour de cr\u00e9er de jolis dessins en s\u2019aidant des [&hellip;]<\/p>","protected":false},"featured_media":10523,"comment_status":"open","ping_status":"closed","template":"","meta":[],"product_brand":[],"product_cat":[53],"product_tag":[],"class_list":{"0":"post-10524","1":"product","2":"type-product","3":"status-publish","4":"has-post-thumbnail","6":"product_cat-elementaire","8":"first","9":"onbackorder","10":"taxable","11":"shipping-taxable","12":"purchasable","13":"product-type-simple"},"yoast_head":"<!-- This site is optimized with the Yoast SEO plugin v27.3 - https:\/\/yoast.com\/product\/yoast-seo-wordpress\/ -->\n<title>Mon grand cahier d&#039;artiste: Sp\u00e9cial : Crayons, feutres et stylos - l&#039;\u00e9chapp\u00e9e close<\/title>\n<meta name=\"robots\" content=\"index, follow, max-snippet:-1, max-image-preview:large, max-video-preview:-1\" \/>\n<link rel=\"canonical\" href=\"http:\/\/lechappeeclose.it\/it\/boutique\/livres\/jeunesse\/elementaire\/mon-grand-cahier-dartiste-special-crayons-feutres-et-stylos\/\" \/>\n<meta property=\"og:locale\" content=\"it_IT\" \/>\n<meta property=\"og:type\" content=\"article\" \/>\n<meta property=\"og:title\" content=\"Mon grand cahier d&#039;artiste: Sp\u00e9cial : Crayons, feutres et stylos - l&#039;\u00e9chapp\u00e9e close\" \/>\n<meta property=\"og:description\" content=\"Voici le nouveau titre de l\u2019auteure \u00e0 succ\u00e8s, Ma\u00eft\u00e9 Balart, qui reprend la collection cr\u00e9ative \u00ab\u2005Mon petit atelier d\u2019artiste\u2005\u00bb. Ce cahier propose des astuces accessibles aux enfants afin qu\u2019ils puissent cr\u00e9er leurs propres \u0153uvres \u00e0 leur mani\u00e8re, ou en imitant des grands artistes ! \u00c0 son tour de cr\u00e9er de jolis dessins en s\u2019aidant des [&hellip;]\" \/>\n<meta property=\"og:url\" content=\"http:\/\/lechappeeclose.it\/it\/boutique\/livres\/jeunesse\/elementaire\/mon-grand-cahier-dartiste-special-crayons-feutres-et-stylos\/\" \/>\n<meta property=\"og:site_name\" content=\"l&#039;\u00e9chapp\u00e9e close\" \/>\n<meta property=\"article:modified_time\" content=\"2026-02-13T15:39:46+00:00\" \/>\n<meta property=\"og:image\" content=\"http:\/\/lechappeeclose.it\/wp-content\/uploads\/2025\/02\/Mon-grand-cahier-dartiste-Special-Crayons-feutres-et-stylos.jpeg\" \/>\n\t<meta property=\"og:image:width\" content=\"500\" \/>\n\t<meta property=\"og:image:height\" content=\"384\" \/>\n\t<meta property=\"og:image:type\" content=\"image\/jpeg\" \/>\n<meta name=\"twitter:card\" content=\"summary_large_image\" \/>\n<script type=\"application\/ld+json\" class=\"yoast-schema-graph\">{\"@context\":\"https:\\\/\\\/schema.org\",\"@graph\":[{\"@type\":\"WebPage\",\"@id\":\"http:\\\/\\\/lechappeeclose.it\\\/it\\\/boutique\\\/livres\\\/jeunesse\\\/elementaire\\\/mon-grand-cahier-dartiste-special-crayons-feutres-et-stylos\\\/\",\"url\":\"http:\\\/\\\/lechappeeclose.it\\\/it\\\/boutique\\\/livres\\\/jeunesse\\\/elementaire\\\/mon-grand-cahier-dartiste-special-crayons-feutres-et-stylos\\\/\",\"name\":\"Mon grand cahier d'artiste: Sp\u00e9cial : Crayons, feutres et stylos - l&#039;\u00e9chapp\u00e9e close\",\"isPartOf\":{\"@id\":\"https:\\\/\\\/lechappeeclose.it\\\/#website\"},\"primaryImageOfPage\":{\"@id\":\"http:\\\/\\\/lechappeeclose.it\\\/it\\\/boutique\\\/livres\\\/jeunesse\\\/elementaire\\\/mon-grand-cahier-dartiste-special-crayons-feutres-et-stylos\\\/#primaryimage\"},\"image\":{\"@id\":\"http:\\\/\\\/lechappeeclose.it\\\/it\\\/boutique\\\/livres\\\/jeunesse\\\/elementaire\\\/mon-grand-cahier-dartiste-special-crayons-feutres-et-stylos\\\/#primaryimage\"},\"thumbnailUrl\":\"http:\\\/\\\/lechappeeclose.it\\\/wp-content\\\/uploads\\\/2025\\\/02\\\/Mon-grand-cahier-dartiste-Special-Crayons-feutres-et-stylos.jpeg\",\"datePublished\":\"2025-02-19T17:19:53+00:00\",\"dateModified\":\"2026-02-13T15:39:46+00:00\",\"breadcrumb\":{\"@id\":\"http:\\\/\\\/lechappeeclose.it\\\/it\\\/boutique\\\/livres\\\/jeunesse\\\/elementaire\\\/mon-grand-cahier-dartiste-special-crayons-feutres-et-stylos\\\/#breadcrumb\"},\"inLanguage\":\"it-IT\",\"potentialAction\":[{\"@type\":\"ReadAction\",\"target\":[\"http:\\\/\\\/lechappeeclose.it\\\/it\\\/boutique\\\/livres\\\/jeunesse\\\/elementaire\\\/mon-grand-cahier-dartiste-special-crayons-feutres-et-stylos\\\/\"]}]},{\"@type\":\"ImageObject\",\"inLanguage\":\"it-IT\",\"@id\":\"http:\\\/\\\/lechappeeclose.it\\\/it\\\/boutique\\\/livres\\\/jeunesse\\\/elementaire\\\/mon-grand-cahier-dartiste-special-crayons-feutres-et-stylos\\\/#primaryimage\",\"url\":\"http:\\\/\\\/lechappeeclose.it\\\/wp-content\\\/uploads\\\/2025\\\/02\\\/Mon-grand-cahier-dartiste-Special-Crayons-feutres-et-stylos.jpeg\",\"contentUrl\":\"http:\\\/\\\/lechappeeclose.it\\\/wp-content\\\/uploads\\\/2025\\\/02\\\/Mon-grand-cahier-dartiste-Special-Crayons-feutres-et-stylos.jpeg\",\"width\":500,\"height\":384},{\"@type\":\"BreadcrumbList\",\"@id\":\"http:\\\/\\\/lechappeeclose.it\\\/it\\\/boutique\\\/livres\\\/jeunesse\\\/elementaire\\\/mon-grand-cahier-dartiste-special-crayons-feutres-et-stylos\\\/#breadcrumb\",\"itemListElement\":[{\"@type\":\"ListItem\",\"position\":1,\"name\":\"Accueil\",\"item\":\"https:\\\/\\\/lechappeeclose.it\\\/\"},{\"@type\":\"ListItem\",\"position\":2,\"name\":\"Boutique\",\"item\":\"https:\\\/\\\/lechappeeclose.it\\\/boutique\\\/\"},{\"@type\":\"ListItem\",\"position\":3,\"name\":\"Mon grand cahier d&#8217;artiste: Sp\u00e9cial : Crayons, feutres et stylos\"}]},{\"@type\":\"WebSite\",\"@id\":\"https:\\\/\\\/lechappeeclose.it\\\/#website\",\"url\":\"https:\\\/\\\/lechappeeclose.it\\\/\",\"name\":\"l&#039;\u00e9chapp\u00e9e close\",\"description\":\"la librairie fran\u00e7aise de Milan\",\"publisher\":{\"@id\":\"https:\\\/\\\/lechappeeclose.it\\\/#organization\"},\"alternateName\":\"La librairie fran\u00e7aise de Milan\",\"potentialAction\":[{\"@type\":\"SearchAction\",\"target\":{\"@type\":\"EntryPoint\",\"urlTemplate\":\"https:\\\/\\\/lechappeeclose.it\\\/?s={search_term_string}\"},\"query-input\":{\"@type\":\"PropertyValueSpecification\",\"valueRequired\":true,\"valueName\":\"search_term_string\"}}],\"inLanguage\":\"it-IT\"},{\"@type\":\"Organization\",\"@id\":\"https:\\\/\\\/lechappeeclose.it\\\/#organization\",\"name\":\"l&#039;\u00e9chapp\u00e9e close\",\"url\":\"https:\\\/\\\/lechappeeclose.it\\\/\",\"logo\":{\"@type\":\"ImageObject\",\"inLanguage\":\"it-IT\",\"@id\":\"https:\\\/\\\/lechappeeclose.it\\\/#\\\/schema\\\/logo\\\/image\\\/\",\"url\":\"http:\\\/\\\/lechappeeclose.it\\\/wp-content\\\/uploads\\\/2025\\\/02\\\/cropped-logo-rond.png\",\"contentUrl\":\"http:\\\/\\\/lechappeeclose.it\\\/wp-content\\\/uploads\\\/2025\\\/02\\\/cropped-logo-rond.png\",\"width\":1080,\"height\":1080,\"caption\":\"l&#039;\u00e9chapp\u00e9e close\"},\"image\":{\"@id\":\"https:\\\/\\\/lechappeeclose.it\\\/#\\\/schema\\\/logo\\\/image\\\/\"},\"sameAs\":[\"https:\\\/\\\/www.instagram.com\\\/lechappeeclose\\\/\"]}]}<\/script>\n<!-- \/ Yoast SEO plugin. -->","yoast_head_json":{"title":"Mon grand cahier d'artiste: Sp\u00e9cial : Crayons, feutres et stylos - l&#039;\u00e9chapp\u00e9e close","robots":{"index":"index","follow":"follow","max-snippet":"max-snippet:-1","max-image-preview":"max-image-preview:large","max-video-preview":"max-video-preview:-1"},"canonical":"http:\/\/lechappeeclose.it\/it\/boutique\/livres\/jeunesse\/elementaire\/mon-grand-cahier-dartiste-special-crayons-feutres-et-stylos\/","og_locale":"it_IT","og_type":"article","og_title":"Mon grand cahier d'artiste: Sp\u00e9cial : Crayons, feutres et stylos - l&#039;\u00e9chapp\u00e9e close","og_description":"Voici le nouveau titre de l\u2019auteure \u00e0 succ\u00e8s, Ma\u00eft\u00e9 Balart, qui reprend la collection cr\u00e9ative \u00ab\u2005Mon petit atelier d\u2019artiste\u2005\u00bb. Ce cahier propose des astuces accessibles aux enfants afin qu\u2019ils puissent cr\u00e9er leurs propres \u0153uvres \u00e0 leur mani\u00e8re, ou en imitant des grands artistes ! \u00c0 son tour de cr\u00e9er de jolis dessins en s\u2019aidant des [&hellip;]","og_url":"http:\/\/lechappeeclose.it\/it\/boutique\/livres\/jeunesse\/elementaire\/mon-grand-cahier-dartiste-special-crayons-feutres-et-stylos\/","og_site_name":"l&#039;\u00e9chapp\u00e9e close","article_modified_time":"2026-02-13T15:39:46+00:00","og_image":[{"width":500,"height":384,"url":"http:\/\/lechappeeclose.it\/wp-content\/uploads\/2025\/02\/Mon-grand-cahier-dartiste-Special-Crayons-feutres-et-stylos.jpeg","type":"image\/jpeg"}],"twitter_card":"summary_large_image","schema":{"@context":"https:\/\/schema.org","@graph":[{"@type":"WebPage","@id":"http:\/\/lechappeeclose.it\/it\/boutique\/livres\/jeunesse\/elementaire\/mon-grand-cahier-dartiste-special-crayons-feutres-et-stylos\/","url":"http:\/\/lechappeeclose.it\/it\/boutique\/livres\/jeunesse\/elementaire\/mon-grand-cahier-dartiste-special-crayons-feutres-et-stylos\/","name":"Mon grand cahier d'artiste: Sp\u00e9cial : Crayons, feutres et stylos - l&#039;\u00e9chapp\u00e9e close","isPartOf":{"@id":"https:\/\/lechappeeclose.it\/#website"},"primaryImageOfPage":{"@id":"http:\/\/lechappeeclose.it\/it\/boutique\/livres\/jeunesse\/elementaire\/mon-grand-cahier-dartiste-special-crayons-feutres-et-stylos\/#primaryimage"},"image":{"@id":"http:\/\/lechappeeclose.it\/it\/boutique\/livres\/jeunesse\/elementaire\/mon-grand-cahier-dartiste-special-crayons-feutres-et-stylos\/#primaryimage"},"thumbnailUrl":"http:\/\/lechappeeclose.it\/wp-content\/uploads\/2025\/02\/Mon-grand-cahier-dartiste-Special-Crayons-feutres-et-stylos.jpeg","datePublished":"2025-02-19T17:19:53+00:00","dateModified":"2026-02-13T15:39:46+00:00","breadcrumb":{"@id":"http:\/\/lechappeeclose.it\/it\/boutique\/livres\/jeunesse\/elementaire\/mon-grand-cahier-dartiste-special-crayons-feutres-et-stylos\/#breadcrumb"},"inLanguage":"it-IT","potentialAction":[{"@type":"ReadAction","target":["http:\/\/lechappeeclose.it\/it\/boutique\/livres\/jeunesse\/elementaire\/mon-grand-cahier-dartiste-special-crayons-feutres-et-stylos\/"]}]},{"@type":"ImageObject","inLanguage":"it-IT","@id":"http:\/\/lechappeeclose.it\/it\/boutique\/livres\/jeunesse\/elementaire\/mon-grand-cahier-dartiste-special-crayons-feutres-et-stylos\/#primaryimage","url":"http:\/\/lechappeeclose.it\/wp-content\/uploads\/2025\/02\/Mon-grand-cahier-dartiste-Special-Crayons-feutres-et-stylos.jpeg","contentUrl":"http:\/\/lechappeeclose.it\/wp-content\/uploads\/2025\/02\/Mon-grand-cahier-dartiste-Special-Crayons-feutres-et-stylos.jpeg","width":500,"height":384},{"@type":"BreadcrumbList","@id":"http:\/\/lechappeeclose.it\/it\/boutique\/livres\/jeunesse\/elementaire\/mon-grand-cahier-dartiste-special-crayons-feutres-et-stylos\/#breadcrumb","itemListElement":[{"@type":"ListItem","position":1,"name":"Accueil","item":"https:\/\/lechappeeclose.it\/"},{"@type":"ListItem","position":2,"name":"Boutique","item":"https:\/\/lechappeeclose.it\/boutique\/"},{"@type":"ListItem","position":3,"name":"Mon grand cahier d&#8217;artiste: Sp\u00e9cial : Crayons, feutres et stylos"}]},{"@type":"WebSite","@id":"https:\/\/lechappeeclose.it\/#website","url":"https:\/\/lechappeeclose.it\/","name":"l&#039;\u00e9chapp\u00e9e close","description":"La libreria francese di Milano","publisher":{"@id":"https:\/\/lechappeeclose.it\/#organization"},"alternateName":"La librairie fran\u00e7aise de Milan","potentialAction":[{"@type":"SearchAction","target":{"@type":"EntryPoint","urlTemplate":"https:\/\/lechappeeclose.it\/?s={search_term_string}"},"query-input":{"@type":"PropertyValueSpecification","valueRequired":true,"valueName":"search_term_string"}}],"inLanguage":"it-IT"},{"@type":"Organization","@id":"https:\/\/lechappeeclose.it\/#organization","name":"l&#039;\u00e9chapp\u00e9e close","url":"https:\/\/lechappeeclose.it\/","logo":{"@type":"ImageObject","inLanguage":"it-IT","@id":"https:\/\/lechappeeclose.it\/#\/schema\/logo\/image\/","url":"http:\/\/lechappeeclose.it\/wp-content\/uploads\/2025\/02\/cropped-logo-rond.png","contentUrl":"http:\/\/lechappeeclose.it\/wp-content\/uploads\/2025\/02\/cropped-logo-rond.png","width":1080,"height":1080,"caption":"l&#039;\u00e9chapp\u00e9e close"},"image":{"@id":"https:\/\/lechappeeclose.it\/#\/schema\/logo\/image\/"},"sameAs":["https:\/\/www.instagram.com\/lechappeeclose\/"]}]}},"_links":{"self":[{"href":"http:\/\/lechappeeclose.it\/it\/wp-json\/wp\/v2\/product\/10524","targetHints":{"allow":["GET"]}}],"collection":[{"href":"http:\/\/lechappeeclose.it\/it\/wp-json\/wp\/v2\/product"}],"about":[{"href":"http:\/\/lechappeeclose.it\/it\/wp-json\/wp\/v2\/types\/product"}],"replies":[{"embeddable":true,"href":"http:\/\/lechappeeclose.it\/it\/wp-json\/wp\/v2\/comments?post=10524"}],"wp:featuredmedia":[{"embeddable":true,"href":"http:\/\/lechappeeclose.it\/it\/wp-json\/wp\/v2\/media\/10523"}],"wp:attachment":[{"href":"http:\/\/lechappeeclose.it\/it\/wp-json\/wp\/v2\/media?parent=10524"}],"wp:term":[{"taxonomy":"product_brand","embeddable":true,"href":"http:\/\/lechappeeclose.it\/it\/wp-json\/wp\/v2\/product_brand?post=10524"},{"taxonomy":"product_cat","embeddable":true,"href":"http:\/\/lechappeeclose.it\/it\/wp-json\/wp\/v2\/product_cat?post=10524"},{"taxonomy":"product_tag","embeddable":true,"href":"http:\/\/lechappeeclose.it\/it\/wp-json\/wp\/v2\/product_tag?post=10524"}],"curies":[{"name":"wp","href":"https:\/\/api.w.org\/{rel}","templated":true}]}}