{"id":10436,"date":"2025-02-19T17:15:32","date_gmt":"2025-02-19T16:15:32","guid":{"rendered":"https:\/\/lechappeeclose.it\/produit\/le-musee-de-lart-pour-les-enfants\/"},"modified":"2026-02-13T17:05:33","modified_gmt":"2026-02-13T16:05:33","slug":"le-musee-de-lart-pour-les-enfants","status":"publish","type":"product","link":"http:\/\/lechappeeclose.it\/it\/boutique\/livres\/jeunesse\/elementaire\/le-musee-de-lart-pour-les-enfants\/","title":{"rendered":"Le mus\u00e9e de l&#8217;art pour les enfants"},"content":{"rendered":"<p>Un d\u00e9guisement peut-il \u00eatre une \u0153uvre d&#8217;art ? Comment peindre les sentiments ? Pourquoi Giuseppe Arcimboldo s&#8217;est-il inspir\u00e9 d&#8217;un marchand de fruits et l\u00e9gumes ? Comment Alberto Giacometti fabriquait-il ses silhouettes ? Peut-on peindre un bruit ? Pourquoi Jeff Koons a-t-il fait une sculpture g\u00e9ante \u00e0 l&#8217;aide de soixante-dix mille plantes ? Ce livre pr\u00e9sente les mani\u00e8res de voir et de faire de trente artistes tr\u00e8s diff\u00e9rents. Il \u00e9veille la cr\u00e9ativit\u00e9 et l&#8217;imagination des enfants en les invitant \u00e0 se demander pourquoi les artistes font ceci ou cela. Il examine les diverses id\u00e9es, significations et fonctions de l&#8217;art \u00e0 travers la peinture, la sculpture, la photographie et la gravure, et aide les enfants \u00e0 mieux comprendre le r\u00f4le des couleurs, des formes, des textures et des motifs. Simple, clair et amusant, c&#8217;est un outil id\u00e9al pour les enseignants et les parents, et une parfaite introduction au monde de l&#8217;art pour tous ceux qui l&#8217;abordent pour la premi\u00e8re fois. Ce livre s&#8217;inscrit dans la lign\u00e9e du Mus\u00e9e de l&#8217;art, ouvrage original qui est devenu l&#8217;un des plus grands succ\u00e8s de l&#8217;\u00e9dition d&#8217;art.<\/p>","protected":false},"excerpt":{"rendered":"<p>Un d\u00e9guisement peut-il \u00eatre une \u0153uvre d&#8217;art ? Comment peindre les sentiments ? Pourquoi Giuseppe Arcimboldo s&#8217;est-il inspir\u00e9 d&#8217;un marchand de fruits et l\u00e9gumes ? Comment Alberto Giacometti fabriquait-il ses silhouettes ? Peut-on peindre un bruit ? Pourquoi Jeff Koons a-t-il fait une sculpture g\u00e9ante \u00e0 l&#8217;aide de soixante-dix mille plantes ? Ce livre pr\u00e9sente [&hellip;]<\/p>","protected":false},"featured_media":10435,"comment_status":"open","ping_status":"closed","template":"","meta":[],"product_brand":[],"product_cat":[53],"product_tag":[],"class_list":{"0":"post-10436","1":"product","2":"type-product","3":"status-publish","4":"has-post-thumbnail","6":"product_cat-elementaire","8":"first","9":"onbackorder","10":"taxable","11":"shipping-taxable","12":"purchasable","13":"product-type-simple"},"yoast_head":"<!-- This site is optimized with the Yoast SEO plugin v27.4 - https:\/\/yoast.com\/product\/yoast-seo-wordpress\/ -->\n<title>Le mus\u00e9e de l&#039;art pour les enfants - l&#039;\u00e9chapp\u00e9e close<\/title>\n<meta name=\"robots\" content=\"index, follow, max-snippet:-1, max-image-preview:large, max-video-preview:-1\" \/>\n<link rel=\"canonical\" href=\"http:\/\/lechappeeclose.it\/it\/boutique\/livres\/jeunesse\/elementaire\/le-musee-de-lart-pour-les-enfants\/\" \/>\n<meta property=\"og:locale\" content=\"it_IT\" \/>\n<meta property=\"og:type\" content=\"article\" \/>\n<meta property=\"og:title\" content=\"Le mus\u00e9e de l&#039;art pour les enfants - l&#039;\u00e9chapp\u00e9e close\" \/>\n<meta property=\"og:description\" content=\"Un d\u00e9guisement peut-il \u00eatre une \u0153uvre d&#8217;art ? Comment peindre les sentiments ? Pourquoi Giuseppe Arcimboldo s&#8217;est-il inspir\u00e9 d&#8217;un marchand de fruits et l\u00e9gumes ? Comment Alberto Giacometti fabriquait-il ses silhouettes ? Peut-on peindre un bruit ? Pourquoi Jeff Koons a-t-il fait une sculpture g\u00e9ante \u00e0 l&#8217;aide de soixante-dix mille plantes ? Ce livre pr\u00e9sente [&hellip;]\" \/>\n<meta property=\"og:url\" content=\"http:\/\/lechappeeclose.it\/it\/boutique\/livres\/jeunesse\/elementaire\/le-musee-de-lart-pour-les-enfants\/\" \/>\n<meta property=\"og:site_name\" content=\"l&#039;\u00e9chapp\u00e9e close\" \/>\n<meta property=\"article:modified_time\" content=\"2026-02-13T16:05:33+00:00\" \/>\n<meta property=\"og:image\" content=\"http:\/\/lechappeeclose.it\/wp-content\/uploads\/2025\/02\/Le-musee-de-lart-pour-les-enfants.jpeg\" \/>\n\t<meta property=\"og:image:width\" content=\"1759\" \/>\n\t<meta property=\"og:image:height\" content=\"2480\" \/>\n\t<meta property=\"og:image:type\" content=\"image\/jpeg\" \/>\n<meta name=\"twitter:card\" content=\"summary_large_image\" \/>\n<meta name=\"twitter:label1\" content=\"Tempo di lettura stimato\" \/>\n\t<meta name=\"twitter:data1\" content=\"1 minuto\" \/>\n<script type=\"application\/ld+json\" class=\"yoast-schema-graph\">{\"@context\":\"https:\\\/\\\/schema.org\",\"@graph\":[{\"@type\":\"WebPage\",\"@id\":\"http:\\\/\\\/lechappeeclose.it\\\/boutique\\\/livres\\\/jeunesse\\\/elementaire\\\/le-musee-de-lart-pour-les-enfants\\\/\",\"url\":\"http:\\\/\\\/lechappeeclose.it\\\/boutique\\\/livres\\\/jeunesse\\\/elementaire\\\/le-musee-de-lart-pour-les-enfants\\\/\",\"name\":\"Le mus\u00e9e de l'art pour les enfants - l&#039;\u00e9chapp\u00e9e close\",\"isPartOf\":{\"@id\":\"http:\\\/\\\/lechappeeclose.it\\\/#website\"},\"primaryImageOfPage\":{\"@id\":\"http:\\\/\\\/lechappeeclose.it\\\/boutique\\\/livres\\\/jeunesse\\\/elementaire\\\/le-musee-de-lart-pour-les-enfants\\\/#primaryimage\"},\"image\":{\"@id\":\"http:\\\/\\\/lechappeeclose.it\\\/boutique\\\/livres\\\/jeunesse\\\/elementaire\\\/le-musee-de-lart-pour-les-enfants\\\/#primaryimage\"},\"thumbnailUrl\":\"http:\\\/\\\/lechappeeclose.it\\\/wp-content\\\/uploads\\\/2025\\\/02\\\/Le-musee-de-lart-pour-les-enfants.jpeg\",\"datePublished\":\"2025-02-19T16:15:32+00:00\",\"dateModified\":\"2026-02-13T16:05:33+00:00\",\"breadcrumb\":{\"@id\":\"http:\\\/\\\/lechappeeclose.it\\\/boutique\\\/livres\\\/jeunesse\\\/elementaire\\\/le-musee-de-lart-pour-les-enfants\\\/#breadcrumb\"},\"inLanguage\":\"it-IT\",\"potentialAction\":[{\"@type\":\"ReadAction\",\"target\":[\"http:\\\/\\\/lechappeeclose.it\\\/boutique\\\/livres\\\/jeunesse\\\/elementaire\\\/le-musee-de-lart-pour-les-enfants\\\/\"]}]},{\"@type\":\"ImageObject\",\"inLanguage\":\"it-IT\",\"@id\":\"http:\\\/\\\/lechappeeclose.it\\\/boutique\\\/livres\\\/jeunesse\\\/elementaire\\\/le-musee-de-lart-pour-les-enfants\\\/#primaryimage\",\"url\":\"http:\\\/\\\/lechappeeclose.it\\\/wp-content\\\/uploads\\\/2025\\\/02\\\/Le-musee-de-lart-pour-les-enfants.jpeg\",\"contentUrl\":\"http:\\\/\\\/lechappeeclose.it\\\/wp-content\\\/uploads\\\/2025\\\/02\\\/Le-musee-de-lart-pour-les-enfants.jpeg\",\"width\":1759,\"height\":2480},{\"@type\":\"BreadcrumbList\",\"@id\":\"http:\\\/\\\/lechappeeclose.it\\\/boutique\\\/livres\\\/jeunesse\\\/elementaire\\\/le-musee-de-lart-pour-les-enfants\\\/#breadcrumb\",\"itemListElement\":[{\"@type\":\"ListItem\",\"position\":1,\"name\":\"Accueil\",\"item\":\"http:\\\/\\\/lechappeeclose.it\\\/\"},{\"@type\":\"ListItem\",\"position\":2,\"name\":\"Boutique\",\"item\":\"http:\\\/\\\/lechappeeclose.it\\\/it\\\/boutique\\\/\"},{\"@type\":\"ListItem\",\"position\":3,\"name\":\"Le mus\u00e9e de l&#8217;art pour les enfants\"}]},{\"@type\":\"WebSite\",\"@id\":\"http:\\\/\\\/lechappeeclose.it\\\/#website\",\"url\":\"http:\\\/\\\/lechappeeclose.it\\\/\",\"name\":\"l&#039;\u00e9chapp\u00e9e close\",\"description\":\"la librairie fran\u00e7aise de Milan\",\"publisher\":{\"@id\":\"http:\\\/\\\/lechappeeclose.it\\\/#organization\"},\"alternateName\":\"La librairie fran\u00e7aise de Milan\",\"potentialAction\":[{\"@type\":\"SearchAction\",\"target\":{\"@type\":\"EntryPoint\",\"urlTemplate\":\"http:\\\/\\\/lechappeeclose.it\\\/?s={search_term_string}\"},\"query-input\":{\"@type\":\"PropertyValueSpecification\",\"valueRequired\":true,\"valueName\":\"search_term_string\"}}],\"inLanguage\":\"it-IT\"},{\"@type\":\"Organization\",\"@id\":\"http:\\\/\\\/lechappeeclose.it\\\/#organization\",\"name\":\"l&#039;\u00e9chapp\u00e9e close\",\"url\":\"http:\\\/\\\/lechappeeclose.it\\\/\",\"logo\":{\"@type\":\"ImageObject\",\"inLanguage\":\"it-IT\",\"@id\":\"http:\\\/\\\/lechappeeclose.it\\\/#\\\/schema\\\/logo\\\/image\\\/\",\"url\":\"http:\\\/\\\/lechappeeclose.it\\\/wp-content\\\/uploads\\\/2025\\\/02\\\/cropped-logo-rond.png\",\"contentUrl\":\"http:\\\/\\\/lechappeeclose.it\\\/wp-content\\\/uploads\\\/2025\\\/02\\\/cropped-logo-rond.png\",\"width\":1080,\"height\":1080,\"caption\":\"l&#039;\u00e9chapp\u00e9e close\"},\"image\":{\"@id\":\"http:\\\/\\\/lechappeeclose.it\\\/#\\\/schema\\\/logo\\\/image\\\/\"},\"sameAs\":[\"https:\\\/\\\/www.instagram.com\\\/lechappeeclose\\\/\"]}]}<\/script>\n<!-- \/ Yoast SEO plugin. -->","yoast_head_json":{"title":"Le mus\u00e9e de l'art pour les enfants - l&#039;\u00e9chapp\u00e9e close","robots":{"index":"index","follow":"follow","max-snippet":"max-snippet:-1","max-image-preview":"max-image-preview:large","max-video-preview":"max-video-preview:-1"},"canonical":"http:\/\/lechappeeclose.it\/it\/boutique\/livres\/jeunesse\/elementaire\/le-musee-de-lart-pour-les-enfants\/","og_locale":"it_IT","og_type":"article","og_title":"Le mus\u00e9e de l'art pour les enfants - l&#039;\u00e9chapp\u00e9e close","og_description":"Un d\u00e9guisement peut-il \u00eatre une \u0153uvre d&#8217;art ? Comment peindre les sentiments ? Pourquoi Giuseppe Arcimboldo s&#8217;est-il inspir\u00e9 d&#8217;un marchand de fruits et l\u00e9gumes ? Comment Alberto Giacometti fabriquait-il ses silhouettes ? Peut-on peindre un bruit ? Pourquoi Jeff Koons a-t-il fait une sculpture g\u00e9ante \u00e0 l&#8217;aide de soixante-dix mille plantes ? Ce livre pr\u00e9sente [&hellip;]","og_url":"http:\/\/lechappeeclose.it\/it\/boutique\/livres\/jeunesse\/elementaire\/le-musee-de-lart-pour-les-enfants\/","og_site_name":"l&#039;\u00e9chapp\u00e9e close","article_modified_time":"2026-02-13T16:05:33+00:00","og_image":[{"width":1759,"height":2480,"url":"http:\/\/lechappeeclose.it\/wp-content\/uploads\/2025\/02\/Le-musee-de-lart-pour-les-enfants.jpeg","type":"image\/jpeg"}],"twitter_card":"summary_large_image","twitter_misc":{"Tempo di lettura stimato":"1 minuto"},"schema":{"@context":"https:\/\/schema.org","@graph":[{"@type":"WebPage","@id":"http:\/\/lechappeeclose.it\/boutique\/livres\/jeunesse\/elementaire\/le-musee-de-lart-pour-les-enfants\/","url":"http:\/\/lechappeeclose.it\/boutique\/livres\/jeunesse\/elementaire\/le-musee-de-lart-pour-les-enfants\/","name":"Le mus\u00e9e de l'art pour les enfants - l&#039;\u00e9chapp\u00e9e close","isPartOf":{"@id":"http:\/\/lechappeeclose.it\/#website"},"primaryImageOfPage":{"@id":"http:\/\/lechappeeclose.it\/boutique\/livres\/jeunesse\/elementaire\/le-musee-de-lart-pour-les-enfants\/#primaryimage"},"image":{"@id":"http:\/\/lechappeeclose.it\/boutique\/livres\/jeunesse\/elementaire\/le-musee-de-lart-pour-les-enfants\/#primaryimage"},"thumbnailUrl":"http:\/\/lechappeeclose.it\/wp-content\/uploads\/2025\/02\/Le-musee-de-lart-pour-les-enfants.jpeg","datePublished":"2025-02-19T16:15:32+00:00","dateModified":"2026-02-13T16:05:33+00:00","breadcrumb":{"@id":"http:\/\/lechappeeclose.it\/boutique\/livres\/jeunesse\/elementaire\/le-musee-de-lart-pour-les-enfants\/#breadcrumb"},"inLanguage":"it-IT","potentialAction":[{"@type":"ReadAction","target":["http:\/\/lechappeeclose.it\/boutique\/livres\/jeunesse\/elementaire\/le-musee-de-lart-pour-les-enfants\/"]}]},{"@type":"ImageObject","inLanguage":"it-IT","@id":"http:\/\/lechappeeclose.it\/boutique\/livres\/jeunesse\/elementaire\/le-musee-de-lart-pour-les-enfants\/#primaryimage","url":"http:\/\/lechappeeclose.it\/wp-content\/uploads\/2025\/02\/Le-musee-de-lart-pour-les-enfants.jpeg","contentUrl":"http:\/\/lechappeeclose.it\/wp-content\/uploads\/2025\/02\/Le-musee-de-lart-pour-les-enfants.jpeg","width":1759,"height":2480},{"@type":"BreadcrumbList","@id":"http:\/\/lechappeeclose.it\/boutique\/livres\/jeunesse\/elementaire\/le-musee-de-lart-pour-les-enfants\/#breadcrumb","itemListElement":[{"@type":"ListItem","position":1,"name":"Accueil","item":"http:\/\/lechappeeclose.it\/"},{"@type":"ListItem","position":2,"name":"Boutique","item":"http:\/\/lechappeeclose.it\/it\/boutique\/"},{"@type":"ListItem","position":3,"name":"Le mus\u00e9e de l&#8217;art pour les enfants"}]},{"@type":"WebSite","@id":"http:\/\/lechappeeclose.it\/#website","url":"http:\/\/lechappeeclose.it\/","name":"l&#039;\u00e9chapp\u00e9e close","description":"La libreria francese di Milano","publisher":{"@id":"http:\/\/lechappeeclose.it\/#organization"},"alternateName":"La librairie fran\u00e7aise de Milan","potentialAction":[{"@type":"SearchAction","target":{"@type":"EntryPoint","urlTemplate":"http:\/\/lechappeeclose.it\/?s={search_term_string}"},"query-input":{"@type":"PropertyValueSpecification","valueRequired":true,"valueName":"search_term_string"}}],"inLanguage":"it-IT"},{"@type":"Organization","@id":"http:\/\/lechappeeclose.it\/#organization","name":"l&#039;\u00e9chapp\u00e9e close","url":"http:\/\/lechappeeclose.it\/","logo":{"@type":"ImageObject","inLanguage":"it-IT","@id":"http:\/\/lechappeeclose.it\/#\/schema\/logo\/image\/","url":"http:\/\/lechappeeclose.it\/wp-content\/uploads\/2025\/02\/cropped-logo-rond.png","contentUrl":"http:\/\/lechappeeclose.it\/wp-content\/uploads\/2025\/02\/cropped-logo-rond.png","width":1080,"height":1080,"caption":"l&#039;\u00e9chapp\u00e9e close"},"image":{"@id":"http:\/\/lechappeeclose.it\/#\/schema\/logo\/image\/"},"sameAs":["https:\/\/www.instagram.com\/lechappeeclose\/"]}]}},"_links":{"self":[{"href":"http:\/\/lechappeeclose.it\/it\/wp-json\/wp\/v2\/product\/10436","targetHints":{"allow":["GET"]}}],"collection":[{"href":"http:\/\/lechappeeclose.it\/it\/wp-json\/wp\/v2\/product"}],"about":[{"href":"http:\/\/lechappeeclose.it\/it\/wp-json\/wp\/v2\/types\/product"}],"replies":[{"embeddable":true,"href":"http:\/\/lechappeeclose.it\/it\/wp-json\/wp\/v2\/comments?post=10436"}],"wp:featuredmedia":[{"embeddable":true,"href":"http:\/\/lechappeeclose.it\/it\/wp-json\/wp\/v2\/media\/10435"}],"wp:attachment":[{"href":"http:\/\/lechappeeclose.it\/it\/wp-json\/wp\/v2\/media?parent=10436"}],"wp:term":[{"taxonomy":"product_brand","embeddable":true,"href":"http:\/\/lechappeeclose.it\/it\/wp-json\/wp\/v2\/product_brand?post=10436"},{"taxonomy":"product_cat","embeddable":true,"href":"http:\/\/lechappeeclose.it\/it\/wp-json\/wp\/v2\/product_cat?post=10436"},{"taxonomy":"product_tag","embeddable":true,"href":"http:\/\/lechappeeclose.it\/it\/wp-json\/wp\/v2\/product_tag?post=10436"}],"curies":[{"name":"wp","href":"https:\/\/api.w.org\/{rel}","templated":true}]}}