{"id":10183,"date":"2025-02-19T14:35:38","date_gmt":"2025-02-19T13:35:38","guid":{"rendered":"https:\/\/lechappeeclose.it\/produit\/paris-ci-paris-la-et-autres-poemes\/"},"modified":"2025-02-19T14:35:38","modified_gmt":"2025-02-19T13:35:38","slug":"paris-ci-paris-la-et-autres-poemes","status":"publish","type":"product","link":"http:\/\/lechappeeclose.it\/it\/boutique\/livres\/jeunesse\/elementaire\/paris-ci-paris-la-et-autres-poemes\/","title":{"rendered":"Paris-ci, Paris-l\u00e0 et autres po\u00e8mes"},"content":{"rendered":"<p>Les textes choisis pour cet ouvrage sont extraits des recueils Courir les rues, Battre la campagne et Les Ziaux. L&#8217;auteur dit : &#8220;Courir les rues n&#8217;est pas un recueil de po\u00e8mes, mais le r\u00e9cit d&#8217;all\u00e9es et venues dans un Paris qui n&#8217;est ni le &#8220;Paris myst\u00e9rieux&#8221; ni le &#8220;Paris inconnu des sp\u00e9cialistes&#8221;. Il n&#8217;y est question que de petits faits quotidiens, des pigeons, du nom des rues, de touristes \u00e9gar\u00e9s&#8230;&#8221;. Battre la campagne &#8220;fait suite \u00e0 Courir les rues, explique-t-il. Les rues, si on les suit jusqu&#8217;au bout, m\u00e8nent aux champs ou dans les bois. On y rencontre des paysans, des plantes, des animaux, mais la ville avance le long des routes nationales&#8230;&#8221;. Dans Les Ziaux (eaux &#8211; yeux &#8211; ziaux), les mots et les sons jouent entre eux. Queneau s&#8217;amuse, il &#8220;\u00e9cricomiparle&#8221;.<\/p>","protected":false},"excerpt":{"rendered":"<p>Les textes choisis pour cet ouvrage sont extraits des recueils Courir les rues, Battre la campagne et Les Ziaux. L&#8217;auteur dit : &#8220;Courir les rues n&#8217;est pas un recueil de po\u00e8mes, mais le r\u00e9cit d&#8217;all\u00e9es et venues dans un Paris qui n&#8217;est ni le &#8220;Paris myst\u00e9rieux&#8221; ni le &#8220;Paris inconnu des sp\u00e9cialistes&#8221;. Il n&#8217;y est [&hellip;]<\/p>","protected":false},"featured_media":10182,"comment_status":"open","ping_status":"closed","template":"","meta":[],"product_brand":[],"product_cat":[53],"product_tag":[],"class_list":{"0":"post-10183","1":"product","2":"type-product","3":"status-publish","4":"has-post-thumbnail","6":"product_cat-elementaire","8":"first","9":"instock","10":"taxable","11":"shipping-taxable","12":"purchasable","13":"product-type-simple"},"yoast_head":"<!-- This site is optimized with the Yoast SEO plugin v27.3 - https:\/\/yoast.com\/product\/yoast-seo-wordpress\/ -->\n<title>Paris-ci, Paris-l\u00e0 et autres po\u00e8mes - l&#039;\u00e9chapp\u00e9e close<\/title>\n<meta name=\"robots\" content=\"index, follow, max-snippet:-1, max-image-preview:large, max-video-preview:-1\" \/>\n<link rel=\"canonical\" href=\"http:\/\/lechappeeclose.it\/it\/boutique\/livres\/jeunesse\/elementaire\/paris-ci-paris-la-et-autres-poemes\/\" \/>\n<meta property=\"og:locale\" content=\"it_IT\" \/>\n<meta property=\"og:type\" content=\"article\" \/>\n<meta property=\"og:title\" content=\"Paris-ci, Paris-l\u00e0 et autres po\u00e8mes - l&#039;\u00e9chapp\u00e9e close\" \/>\n<meta property=\"og:description\" content=\"Les textes choisis pour cet ouvrage sont extraits des recueils Courir les rues, Battre la campagne et Les Ziaux. L&#8217;auteur dit : &#8220;Courir les rues n&#8217;est pas un recueil de po\u00e8mes, mais le r\u00e9cit d&#8217;all\u00e9es et venues dans un Paris qui n&#8217;est ni le &#8220;Paris myst\u00e9rieux&#8221; ni le &#8220;Paris inconnu des sp\u00e9cialistes&#8221;. Il n&#8217;y est [&hellip;]\" \/>\n<meta property=\"og:url\" content=\"http:\/\/lechappeeclose.it\/it\/boutique\/livres\/jeunesse\/elementaire\/paris-ci-paris-la-et-autres-poemes\/\" \/>\n<meta property=\"og:site_name\" content=\"l&#039;\u00e9chapp\u00e9e close\" \/>\n<meta property=\"og:image\" content=\"http:\/\/lechappeeclose.it\/wp-content\/uploads\/2025\/02\/Paris-ci-Paris-la-et-autres-poemes.jpeg\" \/>\n\t<meta property=\"og:image:width\" content=\"445\" \/>\n\t<meta property=\"og:image:height\" content=\"500\" \/>\n\t<meta property=\"og:image:type\" content=\"image\/jpeg\" \/>\n<meta name=\"twitter:card\" content=\"summary_large_image\" \/>\n<meta name=\"twitter:label1\" content=\"Tempo di lettura stimato\" \/>\n\t<meta name=\"twitter:data1\" content=\"1 minuto\" \/>\n<script type=\"application\/ld+json\" class=\"yoast-schema-graph\">{\"@context\":\"https:\\\/\\\/schema.org\",\"@graph\":[{\"@type\":\"WebPage\",\"@id\":\"http:\\\/\\\/lechappeeclose.it\\\/it\\\/boutique\\\/livres\\\/jeunesse\\\/elementaire\\\/paris-ci-paris-la-et-autres-poemes\\\/\",\"url\":\"http:\\\/\\\/lechappeeclose.it\\\/it\\\/boutique\\\/livres\\\/jeunesse\\\/elementaire\\\/paris-ci-paris-la-et-autres-poemes\\\/\",\"name\":\"Paris-ci, Paris-l\u00e0 et autres po\u00e8mes - l&#039;\u00e9chapp\u00e9e close\",\"isPartOf\":{\"@id\":\"https:\\\/\\\/lechappeeclose.it\\\/#website\"},\"primaryImageOfPage\":{\"@id\":\"http:\\\/\\\/lechappeeclose.it\\\/it\\\/boutique\\\/livres\\\/jeunesse\\\/elementaire\\\/paris-ci-paris-la-et-autres-poemes\\\/#primaryimage\"},\"image\":{\"@id\":\"http:\\\/\\\/lechappeeclose.it\\\/it\\\/boutique\\\/livres\\\/jeunesse\\\/elementaire\\\/paris-ci-paris-la-et-autres-poemes\\\/#primaryimage\"},\"thumbnailUrl\":\"http:\\\/\\\/lechappeeclose.it\\\/wp-content\\\/uploads\\\/2025\\\/02\\\/Paris-ci-Paris-la-et-autres-poemes.jpeg\",\"datePublished\":\"2025-02-19T13:35:38+00:00\",\"breadcrumb\":{\"@id\":\"http:\\\/\\\/lechappeeclose.it\\\/it\\\/boutique\\\/livres\\\/jeunesse\\\/elementaire\\\/paris-ci-paris-la-et-autres-poemes\\\/#breadcrumb\"},\"inLanguage\":\"it-IT\",\"potentialAction\":[{\"@type\":\"ReadAction\",\"target\":[\"http:\\\/\\\/lechappeeclose.it\\\/it\\\/boutique\\\/livres\\\/jeunesse\\\/elementaire\\\/paris-ci-paris-la-et-autres-poemes\\\/\"]}]},{\"@type\":\"ImageObject\",\"inLanguage\":\"it-IT\",\"@id\":\"http:\\\/\\\/lechappeeclose.it\\\/it\\\/boutique\\\/livres\\\/jeunesse\\\/elementaire\\\/paris-ci-paris-la-et-autres-poemes\\\/#primaryimage\",\"url\":\"http:\\\/\\\/lechappeeclose.it\\\/wp-content\\\/uploads\\\/2025\\\/02\\\/Paris-ci-Paris-la-et-autres-poemes.jpeg\",\"contentUrl\":\"http:\\\/\\\/lechappeeclose.it\\\/wp-content\\\/uploads\\\/2025\\\/02\\\/Paris-ci-Paris-la-et-autres-poemes.jpeg\",\"width\":445,\"height\":500},{\"@type\":\"BreadcrumbList\",\"@id\":\"http:\\\/\\\/lechappeeclose.it\\\/it\\\/boutique\\\/livres\\\/jeunesse\\\/elementaire\\\/paris-ci-paris-la-et-autres-poemes\\\/#breadcrumb\",\"itemListElement\":[{\"@type\":\"ListItem\",\"position\":1,\"name\":\"Accueil\",\"item\":\"https:\\\/\\\/lechappeeclose.it\\\/\"},{\"@type\":\"ListItem\",\"position\":2,\"name\":\"Boutique\",\"item\":\"https:\\\/\\\/lechappeeclose.it\\\/boutique\\\/\"},{\"@type\":\"ListItem\",\"position\":3,\"name\":\"Paris-ci, Paris-l\u00e0 et autres po\u00e8mes\"}]},{\"@type\":\"WebSite\",\"@id\":\"https:\\\/\\\/lechappeeclose.it\\\/#website\",\"url\":\"https:\\\/\\\/lechappeeclose.it\\\/\",\"name\":\"l&#039;\u00e9chapp\u00e9e close\",\"description\":\"la librairie fran\u00e7aise de Milan\",\"publisher\":{\"@id\":\"https:\\\/\\\/lechappeeclose.it\\\/#organization\"},\"alternateName\":\"La librairie fran\u00e7aise de Milan\",\"potentialAction\":[{\"@type\":\"SearchAction\",\"target\":{\"@type\":\"EntryPoint\",\"urlTemplate\":\"https:\\\/\\\/lechappeeclose.it\\\/?s={search_term_string}\"},\"query-input\":{\"@type\":\"PropertyValueSpecification\",\"valueRequired\":true,\"valueName\":\"search_term_string\"}}],\"inLanguage\":\"it-IT\"},{\"@type\":\"Organization\",\"@id\":\"https:\\\/\\\/lechappeeclose.it\\\/#organization\",\"name\":\"l&#039;\u00e9chapp\u00e9e close\",\"url\":\"https:\\\/\\\/lechappeeclose.it\\\/\",\"logo\":{\"@type\":\"ImageObject\",\"inLanguage\":\"it-IT\",\"@id\":\"https:\\\/\\\/lechappeeclose.it\\\/#\\\/schema\\\/logo\\\/image\\\/\",\"url\":\"http:\\\/\\\/lechappeeclose.it\\\/wp-content\\\/uploads\\\/2025\\\/02\\\/cropped-logo-rond.png\",\"contentUrl\":\"http:\\\/\\\/lechappeeclose.it\\\/wp-content\\\/uploads\\\/2025\\\/02\\\/cropped-logo-rond.png\",\"width\":1080,\"height\":1080,\"caption\":\"l&#039;\u00e9chapp\u00e9e close\"},\"image\":{\"@id\":\"https:\\\/\\\/lechappeeclose.it\\\/#\\\/schema\\\/logo\\\/image\\\/\"},\"sameAs\":[\"https:\\\/\\\/www.instagram.com\\\/lechappeeclose\\\/\"]}]}<\/script>\n<!-- \/ Yoast SEO plugin. -->","yoast_head_json":{"title":"Paris-ci, Paris-l\u00e0 et autres po\u00e8mes - l&#039;\u00e9chapp\u00e9e close","robots":{"index":"index","follow":"follow","max-snippet":"max-snippet:-1","max-image-preview":"max-image-preview:large","max-video-preview":"max-video-preview:-1"},"canonical":"http:\/\/lechappeeclose.it\/it\/boutique\/livres\/jeunesse\/elementaire\/paris-ci-paris-la-et-autres-poemes\/","og_locale":"it_IT","og_type":"article","og_title":"Paris-ci, Paris-l\u00e0 et autres po\u00e8mes - l&#039;\u00e9chapp\u00e9e close","og_description":"Les textes choisis pour cet ouvrage sont extraits des recueils Courir les rues, Battre la campagne et Les Ziaux. L&#8217;auteur dit : &#8220;Courir les rues n&#8217;est pas un recueil de po\u00e8mes, mais le r\u00e9cit d&#8217;all\u00e9es et venues dans un Paris qui n&#8217;est ni le &#8220;Paris myst\u00e9rieux&#8221; ni le &#8220;Paris inconnu des sp\u00e9cialistes&#8221;. Il n&#8217;y est [&hellip;]","og_url":"http:\/\/lechappeeclose.it\/it\/boutique\/livres\/jeunesse\/elementaire\/paris-ci-paris-la-et-autres-poemes\/","og_site_name":"l&#039;\u00e9chapp\u00e9e close","og_image":[{"width":445,"height":500,"url":"http:\/\/lechappeeclose.it\/wp-content\/uploads\/2025\/02\/Paris-ci-Paris-la-et-autres-poemes.jpeg","type":"image\/jpeg"}],"twitter_card":"summary_large_image","twitter_misc":{"Tempo di lettura stimato":"1 minuto"},"schema":{"@context":"https:\/\/schema.org","@graph":[{"@type":"WebPage","@id":"http:\/\/lechappeeclose.it\/it\/boutique\/livres\/jeunesse\/elementaire\/paris-ci-paris-la-et-autres-poemes\/","url":"http:\/\/lechappeeclose.it\/it\/boutique\/livres\/jeunesse\/elementaire\/paris-ci-paris-la-et-autres-poemes\/","name":"Paris-ci, Paris-l\u00e0 et autres po\u00e8mes - l&#039;\u00e9chapp\u00e9e close","isPartOf":{"@id":"https:\/\/lechappeeclose.it\/#website"},"primaryImageOfPage":{"@id":"http:\/\/lechappeeclose.it\/it\/boutique\/livres\/jeunesse\/elementaire\/paris-ci-paris-la-et-autres-poemes\/#primaryimage"},"image":{"@id":"http:\/\/lechappeeclose.it\/it\/boutique\/livres\/jeunesse\/elementaire\/paris-ci-paris-la-et-autres-poemes\/#primaryimage"},"thumbnailUrl":"http:\/\/lechappeeclose.it\/wp-content\/uploads\/2025\/02\/Paris-ci-Paris-la-et-autres-poemes.jpeg","datePublished":"2025-02-19T13:35:38+00:00","breadcrumb":{"@id":"http:\/\/lechappeeclose.it\/it\/boutique\/livres\/jeunesse\/elementaire\/paris-ci-paris-la-et-autres-poemes\/#breadcrumb"},"inLanguage":"it-IT","potentialAction":[{"@type":"ReadAction","target":["http:\/\/lechappeeclose.it\/it\/boutique\/livres\/jeunesse\/elementaire\/paris-ci-paris-la-et-autres-poemes\/"]}]},{"@type":"ImageObject","inLanguage":"it-IT","@id":"http:\/\/lechappeeclose.it\/it\/boutique\/livres\/jeunesse\/elementaire\/paris-ci-paris-la-et-autres-poemes\/#primaryimage","url":"http:\/\/lechappeeclose.it\/wp-content\/uploads\/2025\/02\/Paris-ci-Paris-la-et-autres-poemes.jpeg","contentUrl":"http:\/\/lechappeeclose.it\/wp-content\/uploads\/2025\/02\/Paris-ci-Paris-la-et-autres-poemes.jpeg","width":445,"height":500},{"@type":"BreadcrumbList","@id":"http:\/\/lechappeeclose.it\/it\/boutique\/livres\/jeunesse\/elementaire\/paris-ci-paris-la-et-autres-poemes\/#breadcrumb","itemListElement":[{"@type":"ListItem","position":1,"name":"Accueil","item":"https:\/\/lechappeeclose.it\/"},{"@type":"ListItem","position":2,"name":"Boutique","item":"https:\/\/lechappeeclose.it\/boutique\/"},{"@type":"ListItem","position":3,"name":"Paris-ci, Paris-l\u00e0 et autres po\u00e8mes"}]},{"@type":"WebSite","@id":"https:\/\/lechappeeclose.it\/#website","url":"https:\/\/lechappeeclose.it\/","name":"l&#039;\u00e9chapp\u00e9e close","description":"La libreria francese di Milano","publisher":{"@id":"https:\/\/lechappeeclose.it\/#organization"},"alternateName":"La librairie fran\u00e7aise de Milan","potentialAction":[{"@type":"SearchAction","target":{"@type":"EntryPoint","urlTemplate":"https:\/\/lechappeeclose.it\/?s={search_term_string}"},"query-input":{"@type":"PropertyValueSpecification","valueRequired":true,"valueName":"search_term_string"}}],"inLanguage":"it-IT"},{"@type":"Organization","@id":"https:\/\/lechappeeclose.it\/#organization","name":"l&#039;\u00e9chapp\u00e9e close","url":"https:\/\/lechappeeclose.it\/","logo":{"@type":"ImageObject","inLanguage":"it-IT","@id":"https:\/\/lechappeeclose.it\/#\/schema\/logo\/image\/","url":"http:\/\/lechappeeclose.it\/wp-content\/uploads\/2025\/02\/cropped-logo-rond.png","contentUrl":"http:\/\/lechappeeclose.it\/wp-content\/uploads\/2025\/02\/cropped-logo-rond.png","width":1080,"height":1080,"caption":"l&#039;\u00e9chapp\u00e9e close"},"image":{"@id":"https:\/\/lechappeeclose.it\/#\/schema\/logo\/image\/"},"sameAs":["https:\/\/www.instagram.com\/lechappeeclose\/"]}]}},"_links":{"self":[{"href":"http:\/\/lechappeeclose.it\/it\/wp-json\/wp\/v2\/product\/10183","targetHints":{"allow":["GET"]}}],"collection":[{"href":"http:\/\/lechappeeclose.it\/it\/wp-json\/wp\/v2\/product"}],"about":[{"href":"http:\/\/lechappeeclose.it\/it\/wp-json\/wp\/v2\/types\/product"}],"replies":[{"embeddable":true,"href":"http:\/\/lechappeeclose.it\/it\/wp-json\/wp\/v2\/comments?post=10183"}],"wp:featuredmedia":[{"embeddable":true,"href":"http:\/\/lechappeeclose.it\/it\/wp-json\/wp\/v2\/media\/10182"}],"wp:attachment":[{"href":"http:\/\/lechappeeclose.it\/it\/wp-json\/wp\/v2\/media?parent=10183"}],"wp:term":[{"taxonomy":"product_brand","embeddable":true,"href":"http:\/\/lechappeeclose.it\/it\/wp-json\/wp\/v2\/product_brand?post=10183"},{"taxonomy":"product_cat","embeddable":true,"href":"http:\/\/lechappeeclose.it\/it\/wp-json\/wp\/v2\/product_cat?post=10183"},{"taxonomy":"product_tag","embeddable":true,"href":"http:\/\/lechappeeclose.it\/it\/wp-json\/wp\/v2\/product_tag?post=10183"}],"curies":[{"name":"wp","href":"https:\/\/api.w.org\/{rel}","templated":true}]}}