{"id":6328,"date":"2025-01-24T00:00:45","date_gmt":"2025-01-23T23:00:45","guid":{"rendered":"https:\/\/lechappeeclose.it\/?page_id=6328"},"modified":"2025-07-02T12:56:05","modified_gmt":"2025-07-02T10:56:05","slug":"vins","status":"publish","type":"page","link":"http:\/\/lechappeeclose.it\/it\/vins\/","title":{"rendered":"VINS"},"content":{"rendered":"<p><\/p>\n\n\n\n<p><\/p>\n\n\n\n<p><em>Tous nos vins sont le fruit du travail de vignerons fran\u00e7ais ind\u00e9pendants labellis\u00e9s biologiques.<\/em><\/p>\n\n\n\n<p><em>Nous organisons r\u00e9guli\u00e8rement des d\u00e9gustations pour vous pr\u00e9senter notre s\u00e9lection qui varie au fil du temps. S\u00e9lection rigoureusement fran\u00e7aise&nbsp;!<\/em><\/p>\n\n\n\n<p><\/p>\n\n\n\n<blockquote class=\"wp-block-quote is-layout-flow wp-block-quote-is-layout-flow\">\n<p><strong>\u00ab\u00a0Lire, c\u2019est boire et manger ; l\u2019esprit qui ne lit pas maigrit comme le corps qui ne mange pas\u00a0\u00bb Victor Hugo<\/strong><\/p>\n\n\n\n<p><\/p>\n<\/blockquote>\n\n\n         <div class=\"grid\">\n            <div class=\"grid-sizer\"><\/div>\n            <div class=\"grid-item\">    <a href=\"http:\/\/lechappeeclose.it\/it\/boutique\/vins\/occitanie\/delice\/\" class=\"book-container\">\n        <img loading=\"lazy\" decoding=\"async\" width=\"240\" height=\"800\" src=\"http:\/\/lechappeeclose.it\/wp-content\/uploads\/2025\/09\/delice.jpg\" class=\"attachment-woocommerce_thumbnail size-woocommerce_thumbnail\" alt=\"D\u00e9lice\" srcset=\"http:\/\/lechappeeclose.it\/wp-content\/uploads\/2025\/09\/delice.jpg 240w, http:\/\/lechappeeclose.it\/wp-content\/uploads\/2025\/09\/delice-90x300.jpg 90w, http:\/\/lechappeeclose.it\/wp-content\/uploads\/2025\/09\/delice-4x12.jpg 4w\" sizes=\"auto, (max-width: 240px) 100vw, 240px\" \/>        <!-- <div class=\"bubble \">0.00 \u20ac<\/div> -->\n        <div class=\"label\">\n            <div class=\"title\">\n                <p><b>D\u00e9lice<\/b><\/p>\n            <\/div>\n        <\/div>\n    <\/a> \n\n<\/div><div class=\"grid-item\">    <a href=\"http:\/\/lechappeeclose.it\/it\/boutique\/vins\/occitanie\/cabernet-sauvignon-scene-n-1\/\" class=\"book-container\">\n        <img loading=\"lazy\" decoding=\"async\" width=\"324\" height=\"432\" src=\"http:\/\/lechappeeclose.it\/wp-content\/uploads\/2025\/09\/scene-1-324x432.jpg\" class=\"attachment-woocommerce_thumbnail size-woocommerce_thumbnail\" alt=\"Cabernet Sauvignon Sc\u00e8ne n.1\" srcset=\"http:\/\/lechappeeclose.it\/wp-content\/uploads\/2025\/09\/scene-1-324x432.jpg 324w, http:\/\/lechappeeclose.it\/wp-content\/uploads\/2025\/09\/scene-1-225x300.jpg 225w, http:\/\/lechappeeclose.it\/wp-content\/uploads\/2025\/09\/scene-1-9x12.jpg 9w, http:\/\/lechappeeclose.it\/wp-content\/uploads\/2025\/09\/scene-1-416x555.jpg 416w, http:\/\/lechappeeclose.it\/wp-content\/uploads\/2025\/09\/scene-1.jpg 600w\" sizes=\"auto, (max-width: 324px) 100vw, 324px\" \/>        <!-- <div class=\"bubble \">0.00 \u20ac<\/div> -->\n        <div class=\"label\">\n            <div class=\"title\">\n                <p><b>Cabernet Sauvignon Sc\u00e8ne n.1<\/b><\/p>\n            <\/div>\n        <\/div>\n    <\/a> \n\n<\/div><div class=\"grid-item\">    <a href=\"http:\/\/lechappeeclose.it\/it\/boutique\/vins\/occitanie\/syrah-scene-n-7\/\" class=\"book-container\">\n        <img loading=\"lazy\" decoding=\"async\" width=\"324\" height=\"432\" src=\"http:\/\/lechappeeclose.it\/wp-content\/uploads\/2025\/09\/scene-7-324x432.jpg\" class=\"attachment-woocommerce_thumbnail size-woocommerce_thumbnail\" alt=\"Syrah Sc\u00e8ne n.7\" srcset=\"http:\/\/lechappeeclose.it\/wp-content\/uploads\/2025\/09\/scene-7-324x432.jpg 324w, http:\/\/lechappeeclose.it\/wp-content\/uploads\/2025\/09\/scene-7-225x300.jpg 225w, http:\/\/lechappeeclose.it\/wp-content\/uploads\/2025\/09\/scene-7-9x12.jpg 9w, http:\/\/lechappeeclose.it\/wp-content\/uploads\/2025\/09\/scene-7-416x555.jpg 416w, http:\/\/lechappeeclose.it\/wp-content\/uploads\/2025\/09\/scene-7.jpg 600w\" sizes=\"auto, (max-width: 324px) 100vw, 324px\" \/>        <!-- <div class=\"bubble \">0.00 \u20ac<\/div> -->\n        <div class=\"label\">\n            <div class=\"title\">\n                <p><b>Syrah Sc\u00e8ne n.7<\/b><\/p>\n            <\/div>\n        <\/div>\n    <\/a> \n\n<\/div><div class=\"grid-item\">    <a href=\"http:\/\/lechappeeclose.it\/it\/boutique\/vins\/occitanie\/syrah-rose-scene-n-8\/\" class=\"book-container\">\n        <img loading=\"lazy\" decoding=\"async\" width=\"324\" height=\"432\" src=\"http:\/\/lechappeeclose.it\/wp-content\/uploads\/2025\/09\/scene-8-324x432.jpg\" class=\"attachment-woocommerce_thumbnail size-woocommerce_thumbnail\" alt=\"Syrah ros\u00e9 sc\u00e8ne n.8\" srcset=\"http:\/\/lechappeeclose.it\/wp-content\/uploads\/2025\/09\/scene-8-324x432.jpg 324w, http:\/\/lechappeeclose.it\/wp-content\/uploads\/2025\/09\/scene-8-225x300.jpg 225w, http:\/\/lechappeeclose.it\/wp-content\/uploads\/2025\/09\/scene-8-9x12.jpg 9w, http:\/\/lechappeeclose.it\/wp-content\/uploads\/2025\/09\/scene-8-416x555.jpg 416w, http:\/\/lechappeeclose.it\/wp-content\/uploads\/2025\/09\/scene-8.jpg 600w\" sizes=\"auto, (max-width: 324px) 100vw, 324px\" \/>        <!-- <div class=\"bubble \">0.00 \u20ac<\/div> -->\n        <div class=\"label\">\n            <div class=\"title\">\n                <p><b>Syrah ros\u00e9 sc\u00e8ne n.8<\/b><\/p>\n            <\/div>\n        <\/div>\n    <\/a> \n\n<\/div><div class=\"grid-item\">    <a href=\"http:\/\/lechappeeclose.it\/it\/boutique\/vins\/occitanie\/chardonnay-scene-n-9\/\" class=\"book-container\">\n        <img loading=\"lazy\" decoding=\"async\" width=\"324\" height=\"432\" src=\"http:\/\/lechappeeclose.it\/wp-content\/uploads\/2025\/09\/scene-9-324x432.jpg\" class=\"attachment-woocommerce_thumbnail size-woocommerce_thumbnail\" alt=\"Chardonnay Sc\u00e8ne n.9\" srcset=\"http:\/\/lechappeeclose.it\/wp-content\/uploads\/2025\/09\/scene-9-324x432.jpg 324w, http:\/\/lechappeeclose.it\/wp-content\/uploads\/2025\/09\/scene-9-225x300.jpg 225w, http:\/\/lechappeeclose.it\/wp-content\/uploads\/2025\/09\/scene-9-9x12.jpg 9w, http:\/\/lechappeeclose.it\/wp-content\/uploads\/2025\/09\/scene-9-416x555.jpg 416w, http:\/\/lechappeeclose.it\/wp-content\/uploads\/2025\/09\/scene-9.jpg 600w\" sizes=\"auto, (max-width: 324px) 100vw, 324px\" \/>        <!-- <div class=\"bubble \">0.00 \u20ac<\/div> -->\n        <div class=\"label\">\n            <div class=\"title\">\n                <p><b>Chardonnay Sc\u00e8ne n.9<\/b><\/p>\n            <\/div>\n        <\/div>\n    <\/a> \n\n<\/div><div class=\"grid-item\">    <a href=\"http:\/\/lechappeeclose.it\/it\/boutique\/vins\/occitanie\/emotion\/\" class=\"book-container\">\n        <img loading=\"lazy\" decoding=\"async\" width=\"324\" height=\"432\" src=\"http:\/\/lechappeeclose.it\/wp-content\/uploads\/2025\/09\/emotion-324x432.jpg\" class=\"attachment-woocommerce_thumbnail size-woocommerce_thumbnail\" alt=\"Emotion\" srcset=\"http:\/\/lechappeeclose.it\/wp-content\/uploads\/2025\/09\/emotion-324x432.jpg 324w, http:\/\/lechappeeclose.it\/wp-content\/uploads\/2025\/09\/emotion-225x300.jpg 225w, http:\/\/lechappeeclose.it\/wp-content\/uploads\/2025\/09\/emotion-9x12.jpg 9w, http:\/\/lechappeeclose.it\/wp-content\/uploads\/2025\/09\/emotion-416x555.jpg 416w, http:\/\/lechappeeclose.it\/wp-content\/uploads\/2025\/09\/emotion.jpg 600w\" sizes=\"auto, (max-width: 324px) 100vw, 324px\" \/>        <!-- <div class=\"bubble \">0.00 \u20ac<\/div> -->\n        <div class=\"label\">\n            <div class=\"title\">\n                <p><b>Emotion<\/b><\/p>\n            <\/div>\n        <\/div>\n    <\/a> \n\n<\/div><div class=\"grid-item\">    <a href=\"http:\/\/lechappeeclose.it\/it\/boutique\/vins\/occitanie\/oc-rouge\/\" class=\"book-container\">\n        <img loading=\"lazy\" decoding=\"async\" width=\"324\" height=\"432\" src=\"http:\/\/lechappeeclose.it\/wp-content\/uploads\/2025\/09\/oc-rouge-324x432.jpg\" class=\"attachment-woocommerce_thumbnail size-woocommerce_thumbnail\" alt=\"Oc rouge\" srcset=\"http:\/\/lechappeeclose.it\/wp-content\/uploads\/2025\/09\/oc-rouge-324x432.jpg 324w, http:\/\/lechappeeclose.it\/wp-content\/uploads\/2025\/09\/oc-rouge-225x300.jpg 225w, http:\/\/lechappeeclose.it\/wp-content\/uploads\/2025\/09\/oc-rouge-9x12.jpg 9w, http:\/\/lechappeeclose.it\/wp-content\/uploads\/2025\/09\/oc-rouge-416x555.jpg 416w, http:\/\/lechappeeclose.it\/wp-content\/uploads\/2025\/09\/oc-rouge.jpg 600w\" sizes=\"auto, (max-width: 324px) 100vw, 324px\" \/>        <!-- <div class=\"bubble \">0.00 \u20ac<\/div> -->\n        <div class=\"label\">\n            <div class=\"title\">\n                <p><b>Oc rouge<\/b><\/p>\n            <\/div>\n        <\/div>\n    <\/a> \n\n<\/div><div class=\"grid-item\">    <a href=\"http:\/\/lechappeeclose.it\/it\/boutique\/vins\/bordeaux\/amoureux\/\" class=\"book-container\">\n        <img loading=\"lazy\" decoding=\"async\" width=\"150\" height=\"300\" src=\"http:\/\/lechappeeclose.it\/wp-content\/uploads\/2025\/09\/amoureux.jpeg\" class=\"attachment-woocommerce_thumbnail size-woocommerce_thumbnail\" alt=\"Amoureux\" srcset=\"http:\/\/lechappeeclose.it\/wp-content\/uploads\/2025\/09\/amoureux.jpeg 150w, http:\/\/lechappeeclose.it\/wp-content\/uploads\/2025\/09\/amoureux-6x12.jpeg 6w\" sizes=\"auto, (max-width: 150px) 100vw, 150px\" \/>        <!-- <div class=\"bubble \">0.00 \u20ac<\/div> -->\n        <div class=\"label\">\n            <div class=\"title\">\n                <p><b>Amoureux<\/b><\/p>\n            <\/div>\n        <\/div>\n    <\/a> \n\n<\/div><div class=\"grid-item\">     <a href=\"http:\/\/lechappeeclose.it\/it\/boutique\/vins\/orange\/\" class=\"book-container\">\n        <img loading=\"lazy\" decoding=\"async\" width=\"160\" height=\"600\" src=\"http:\/\/lechappeeclose.it\/wp-content\/uploads\/2025\/09\/orange.png\" class=\"attachment-woocommerce_thumbnail size-woocommerce_thumbnail\" alt=\"Orange\" srcset=\"http:\/\/lechappeeclose.it\/wp-content\/uploads\/2025\/09\/orange.png 160w, http:\/\/lechappeeclose.it\/wp-content\/uploads\/2025\/09\/orange-80x300.png 80w, http:\/\/lechappeeclose.it\/wp-content\/uploads\/2025\/09\/orange-3x12.png 3w\" sizes=\"auto, (max-width: 160px) 100vw, 160px\" \/>        <div class=\"bubble\">0.00 \u20ac<\/div>\n        <div class=\"label\">\n            <div class=\"title\">\n                <p><b>Orange<\/b><\/p>\n                <p><i><\/i><\/p>\n            <\/div>\n            <div class=\"add-product-book-button\" data-id=\" 12117\" data-quantity=\"0\">\n            <\/div>\n        <\/div>\n    <\/a> \n\n<\/div><div class=\"grid-item\">    <a href=\"http:\/\/lechappeeclose.it\/it\/boutique\/vins\/bordeaux\/garder-lequilibre\/\" class=\"book-container\">\n        <img loading=\"lazy\" decoding=\"async\" width=\"324\" height=\"324\" src=\"http:\/\/lechappeeclose.it\/wp-content\/uploads\/2025\/09\/garder-equilibre-324x324.jpg\" class=\"attachment-woocommerce_thumbnail size-woocommerce_thumbnail\" alt=\"Garder l&#039;\u00e9quilibre !\" srcset=\"http:\/\/lechappeeclose.it\/wp-content\/uploads\/2025\/09\/garder-equilibre-324x324.jpg 324w, http:\/\/lechappeeclose.it\/wp-content\/uploads\/2025\/09\/garder-equilibre-300x300.jpg 300w, http:\/\/lechappeeclose.it\/wp-content\/uploads\/2025\/09\/garder-equilibre-150x150.jpg 150w, http:\/\/lechappeeclose.it\/wp-content\/uploads\/2025\/09\/garder-equilibre-12x12.jpg 12w, http:\/\/lechappeeclose.it\/wp-content\/uploads\/2025\/09\/garder-equilibre-416x416.jpg 416w, http:\/\/lechappeeclose.it\/wp-content\/uploads\/2025\/09\/garder-equilibre-100x100.jpg 100w, http:\/\/lechappeeclose.it\/wp-content\/uploads\/2025\/09\/garder-equilibre.jpg 600w\" sizes=\"auto, (max-width: 324px) 100vw, 324px\" \/>        <!-- <div class=\"bubble \">0.00 \u20ac<\/div> -->\n        <div class=\"label\">\n            <div class=\"title\">\n                <p><b>Garder l&#8217;\u00e9quilibre !<\/b><\/p>\n            <\/div>\n        <\/div>\n    <\/a> \n\n<\/div>        <\/div>\n        <p id=\"load-product\" style=\"text-align:center;\">Chargement en cours<\/p>\n    <script src=\"https:\/\/unpkg.com\/masonry-layout@4\/dist\/masonry.pkgd.min.js\"><\/script>\n    <script src=\"https:\/\/unpkg.com\/imagesloaded@5\/imagesloaded.pkgd.js\"><\/script>\n    <script>\n        let state = {\n            category: \"vins\",\n            tag: \"\",\n            page: 2\n        }\n        let grid = document.querySelector(\".grid\")\n        let msnry = new Masonry( grid, {\n            percentPosition: true,\n            columnWidth: '.grid-sizer',\n            itemSelector: '.grid-item',\n            gutter: 10,\n            resize: true\n        });\n\n        imagesLoaded( grid ).on( 'progress', function(instance, image) {\n            msnry.layout();\n            image.img.className += \" animate\"\n        });\n\n        \n        let load_product = document.getElementById(\"load-product\");\n\n        let observer = new IntersectionObserver((entries) => {\n            entries.forEach(entry => {\n                if (entry.isIntersecting) {\n                    getProducts(); \n                }\n            });\n        }, { threshold: 0.5 }); \/\/ 50% de l'\u00e9l\u00e9ment doit \u00eatre visible\n\n        observer.observe(load_product);\n\n        let loading = false\n        function getProducts() {\n            if(loading) {\n                return;\n            }\n            loading = true;\n            let data = new FormData();\n            data.append('action', 'load_more_products');\n            data.append('paged', state.page++);\n            data.append('category', state.category);\n            data.append('tag', state.tag);\n            fetch(\"http:\/\/lechappeeclose.it\/wp-admin\/admin-ajax.php\", {\n                method: 'POST',\n                body: data\n            })\n            .then(e => e.text())\n            .then((html) => {\n                let data = html.trim()\n                if(data == 0 || data == '') {\n                    load_product.remove();\n                    return\n                }\n                let tempDiv = document.createElement(\"div\");\n                tempDiv.innerHTML = data;\n                const items = [...tempDiv.children]\n                items.forEach(e => {\n                    grid.appendChild(e)\n                })\n                msnry.appended(items)\n                loading = false;\n            })\n        }\n\n    <\/script>\n\n     <style>\n        .grid-sizer,\n        .grid-item { \n            width: 48%;\n            padding: 0 0 .5rem;\n            overflow: hidden;\n         }\n         @media (min-width: 500px) {\n            .grid-sizer,\n            .grid-item { \n                max-width: 150px; \n                padding: 0 1rem 1rem;\n            }\n        }\n         \n        .grid-item {\n            float: left;\n            transform-style: preserve-3d;\n        }\n        .grid-item > * {\n            width: 100%!important;\n        }\n        .grid-item img  {\n            max-width: 100%;\n            max-height: 100%;\n            width: 100%;\n        }\n        .grid {\n            perspective: 1300px;\n        }\n\n        .grid-item .animate {\n            transform: translateZ(400px) translateY(300px) rotateX(-90deg);\n            animation: fallPerspective .8s ease-in-out forwards;\n        }\n        @keyframes fallPerspective {\n            100% { transform: translateZ(0px) translateY(0px) rotateX(0deg); opacity: 1; }\n        }\n    <\/style>","protected":false},"excerpt":{"rendered":"<p>Tous nos vins sont le fruit du travail de vignerons fran\u00e7ais ind\u00e9pendants labellis\u00e9s biologiques. Nous organisons r\u00e9guli\u00e8rement des d\u00e9gustations pour vous pr\u00e9senter notre s\u00e9lection qui varie au fil du temps. S\u00e9lection rigoureusement fran\u00e7aise&nbsp;! \u00ab\u00a0Lire, c\u2019est boire et manger ; l\u2019esprit qui ne lit pas maigrit comme le corps qui ne mange pas\u00a0\u00bb Victor Hugo<\/p>","protected":false},"author":2,"featured_media":0,"parent":0,"menu_order":0,"comment_status":"closed","ping_status":"closed","template":"","meta":{"footnotes":""},"class_list":["post-6328","page","type-page","status-publish","hentry"],"yoast_head":"<!-- This site is optimized with the Yoast SEO plugin v27.3 - https:\/\/yoast.com\/product\/yoast-seo-wordpress\/ -->\n<title>VINS - l&#039;\u00e9chapp\u00e9e close<\/title>\n<meta name=\"robots\" content=\"index, follow, max-snippet:-1, max-image-preview:large, max-video-preview:-1\" \/>\n<link rel=\"canonical\" href=\"http:\/\/lechappeeclose.it\/it\/vins\/\" \/>\n<meta property=\"og:locale\" content=\"it_IT\" \/>\n<meta property=\"og:type\" content=\"article\" \/>\n<meta property=\"og:title\" content=\"VINS - l&#039;\u00e9chapp\u00e9e close\" \/>\n<meta property=\"og:description\" content=\"Tous nos vins sont le fruit du travail de vignerons fran\u00e7ais ind\u00e9pendants labellis\u00e9s biologiques. Nous organisons r\u00e9guli\u00e8rement des d\u00e9gustations pour vous pr\u00e9senter notre s\u00e9lection qui varie au fil du temps. S\u00e9lection rigoureusement fran\u00e7aise&nbsp;! \u00ab\u00a0Lire, c\u2019est boire et manger ; l\u2019esprit qui ne lit pas maigrit comme le corps qui ne mange pas\u00a0\u00bb Victor Hugo\" \/>\n<meta property=\"og:url\" content=\"http:\/\/lechappeeclose.it\/it\/vins\/\" \/>\n<meta property=\"og:site_name\" content=\"l&#039;\u00e9chapp\u00e9e close\" \/>\n<meta property=\"article:modified_time\" content=\"2025-07-02T10:56:05+00:00\" \/>\n<meta property=\"og:image\" content=\"http:\/\/lechappeeclose.it\/wp-content\/uploads\/2023\/02\/Les-romans-de-lechappee-close-scaled.jpg\" \/>\n\t<meta property=\"og:image:width\" content=\"2560\" \/>\n\t<meta property=\"og:image:height\" content=\"1440\" \/>\n\t<meta property=\"og:image:type\" content=\"image\/jpeg\" \/>\n<meta name=\"twitter:card\" content=\"summary_large_image\" \/>\n<meta name=\"twitter:label1\" content=\"Tempo di lettura stimato\" \/>\n\t<meta name=\"twitter:data1\" content=\"1 minuto\" \/>\n<script type=\"application\/ld+json\" class=\"yoast-schema-graph\">{\"@context\":\"https:\\\/\\\/schema.org\",\"@graph\":[{\"@type\":\"WebPage\",\"@id\":\"http:\\\/\\\/lechappeeclose.it\\\/it\\\/vins\\\/\",\"url\":\"http:\\\/\\\/lechappeeclose.it\\\/it\\\/vins\\\/\",\"name\":\"VINS - l&#039;\u00e9chapp\u00e9e close\",\"isPartOf\":{\"@id\":\"http:\\\/\\\/lechappeeclose.it\\\/#website\"},\"datePublished\":\"2025-01-23T23:00:45+00:00\",\"dateModified\":\"2025-07-02T10:56:05+00:00\",\"breadcrumb\":{\"@id\":\"http:\\\/\\\/lechappeeclose.it\\\/it\\\/vins\\\/#breadcrumb\"},\"inLanguage\":\"it-IT\",\"potentialAction\":[{\"@type\":\"ReadAction\",\"target\":[\"http:\\\/\\\/lechappeeclose.it\\\/it\\\/vins\\\/\"]}]},{\"@type\":\"BreadcrumbList\",\"@id\":\"http:\\\/\\\/lechappeeclose.it\\\/it\\\/vins\\\/#breadcrumb\",\"itemListElement\":[{\"@type\":\"ListItem\",\"position\":1,\"name\":\"Accueil\",\"item\":\"http:\\\/\\\/lechappeeclose.it\\\/\"},{\"@type\":\"ListItem\",\"position\":2,\"name\":\"VINS\"}]},{\"@type\":\"WebSite\",\"@id\":\"http:\\\/\\\/lechappeeclose.it\\\/#website\",\"url\":\"http:\\\/\\\/lechappeeclose.it\\\/\",\"name\":\"l&#039;\u00e9chapp\u00e9e close\",\"description\":\"la librairie fran\u00e7aise de Milan\",\"publisher\":{\"@id\":\"http:\\\/\\\/lechappeeclose.it\\\/#organization\"},\"alternateName\":\"La librairie fran\u00e7aise de Milan\",\"potentialAction\":[{\"@type\":\"SearchAction\",\"target\":{\"@type\":\"EntryPoint\",\"urlTemplate\":\"http:\\\/\\\/lechappeeclose.it\\\/?s={search_term_string}\"},\"query-input\":{\"@type\":\"PropertyValueSpecification\",\"valueRequired\":true,\"valueName\":\"search_term_string\"}}],\"inLanguage\":\"it-IT\"},{\"@type\":\"Organization\",\"@id\":\"http:\\\/\\\/lechappeeclose.it\\\/#organization\",\"name\":\"l&#039;\u00e9chapp\u00e9e close\",\"url\":\"http:\\\/\\\/lechappeeclose.it\\\/\",\"logo\":{\"@type\":\"ImageObject\",\"inLanguage\":\"it-IT\",\"@id\":\"http:\\\/\\\/lechappeeclose.it\\\/#\\\/schema\\\/logo\\\/image\\\/\",\"url\":\"http:\\\/\\\/lechappeeclose.it\\\/wp-content\\\/uploads\\\/2025\\\/02\\\/cropped-logo-rond.png\",\"contentUrl\":\"http:\\\/\\\/lechappeeclose.it\\\/wp-content\\\/uploads\\\/2025\\\/02\\\/cropped-logo-rond.png\",\"width\":1080,\"height\":1080,\"caption\":\"l&#039;\u00e9chapp\u00e9e close\"},\"image\":{\"@id\":\"http:\\\/\\\/lechappeeclose.it\\\/#\\\/schema\\\/logo\\\/image\\\/\"},\"sameAs\":[\"https:\\\/\\\/www.instagram.com\\\/lechappeeclose\\\/\"]}]}<\/script>\n<!-- \/ Yoast SEO plugin. -->","yoast_head_json":{"title":"VINS - l&#039;\u00e9chapp\u00e9e close","robots":{"index":"index","follow":"follow","max-snippet":"max-snippet:-1","max-image-preview":"max-image-preview:large","max-video-preview":"max-video-preview:-1"},"canonical":"http:\/\/lechappeeclose.it\/it\/vins\/","og_locale":"it_IT","og_type":"article","og_title":"VINS - l&#039;\u00e9chapp\u00e9e close","og_description":"Tous nos vins sont le fruit du travail de vignerons fran\u00e7ais ind\u00e9pendants labellis\u00e9s biologiques. Nous organisons r\u00e9guli\u00e8rement des d\u00e9gustations pour vous pr\u00e9senter notre s\u00e9lection qui varie au fil du temps. S\u00e9lection rigoureusement fran\u00e7aise&nbsp;! \u00ab\u00a0Lire, c\u2019est boire et manger ; l\u2019esprit qui ne lit pas maigrit comme le corps qui ne mange pas\u00a0\u00bb Victor Hugo","og_url":"http:\/\/lechappeeclose.it\/it\/vins\/","og_site_name":"l&#039;\u00e9chapp\u00e9e close","article_modified_time":"2025-07-02T10:56:05+00:00","og_image":[{"width":2560,"height":1440,"url":"http:\/\/lechappeeclose.it\/wp-content\/uploads\/2023\/02\/Les-romans-de-lechappee-close-scaled.jpg","type":"image\/jpeg"}],"twitter_card":"summary_large_image","twitter_misc":{"Tempo di lettura stimato":"1 minuto"},"schema":{"@context":"https:\/\/schema.org","@graph":[{"@type":"WebPage","@id":"http:\/\/lechappeeclose.it\/it\/vins\/","url":"http:\/\/lechappeeclose.it\/it\/vins\/","name":"VINS - l&#039;\u00e9chapp\u00e9e close","isPartOf":{"@id":"http:\/\/lechappeeclose.it\/#website"},"datePublished":"2025-01-23T23:00:45+00:00","dateModified":"2025-07-02T10:56:05+00:00","breadcrumb":{"@id":"http:\/\/lechappeeclose.it\/it\/vins\/#breadcrumb"},"inLanguage":"it-IT","potentialAction":[{"@type":"ReadAction","target":["http:\/\/lechappeeclose.it\/it\/vins\/"]}]},{"@type":"BreadcrumbList","@id":"http:\/\/lechappeeclose.it\/it\/vins\/#breadcrumb","itemListElement":[{"@type":"ListItem","position":1,"name":"Accueil","item":"http:\/\/lechappeeclose.it\/"},{"@type":"ListItem","position":2,"name":"VINS"}]},{"@type":"WebSite","@id":"http:\/\/lechappeeclose.it\/#website","url":"http:\/\/lechappeeclose.it\/","name":"l&#039;\u00e9chapp\u00e9e close","description":"La libreria francese di Milano","publisher":{"@id":"http:\/\/lechappeeclose.it\/#organization"},"alternateName":"La librairie fran\u00e7aise de Milan","potentialAction":[{"@type":"SearchAction","target":{"@type":"EntryPoint","urlTemplate":"http:\/\/lechappeeclose.it\/?s={search_term_string}"},"query-input":{"@type":"PropertyValueSpecification","valueRequired":true,"valueName":"search_term_string"}}],"inLanguage":"it-IT"},{"@type":"Organization","@id":"http:\/\/lechappeeclose.it\/#organization","name":"l&#039;\u00e9chapp\u00e9e close","url":"http:\/\/lechappeeclose.it\/","logo":{"@type":"ImageObject","inLanguage":"it-IT","@id":"http:\/\/lechappeeclose.it\/#\/schema\/logo\/image\/","url":"http:\/\/lechappeeclose.it\/wp-content\/uploads\/2025\/02\/cropped-logo-rond.png","contentUrl":"http:\/\/lechappeeclose.it\/wp-content\/uploads\/2025\/02\/cropped-logo-rond.png","width":1080,"height":1080,"caption":"l&#039;\u00e9chapp\u00e9e close"},"image":{"@id":"http:\/\/lechappeeclose.it\/#\/schema\/logo\/image\/"},"sameAs":["https:\/\/www.instagram.com\/lechappeeclose\/"]}]}},"_links":{"self":[{"href":"http:\/\/lechappeeclose.it\/it\/wp-json\/wp\/v2\/pages\/6328","targetHints":{"allow":["GET"]}}],"collection":[{"href":"http:\/\/lechappeeclose.it\/it\/wp-json\/wp\/v2\/pages"}],"about":[{"href":"http:\/\/lechappeeclose.it\/it\/wp-json\/wp\/v2\/types\/page"}],"author":[{"embeddable":true,"href":"http:\/\/lechappeeclose.it\/it\/wp-json\/wp\/v2\/users\/2"}],"replies":[{"embeddable":true,"href":"http:\/\/lechappeeclose.it\/it\/wp-json\/wp\/v2\/comments?post=6328"}],"version-history":[{"count":0,"href":"http:\/\/lechappeeclose.it\/it\/wp-json\/wp\/v2\/pages\/6328\/revisions"}],"wp:attachment":[{"href":"http:\/\/lechappeeclose.it\/it\/wp-json\/wp\/v2\/media?parent=6328"}],"curies":[{"name":"wp","href":"https:\/\/api.w.org\/{rel}","templated":true}]}}