{"id":4495,"date":"2025-01-31T22:51:24","date_gmt":"2025-01-31T21:51:24","guid":{"rendered":"https:\/\/lechappeeclose.it\/evenements\/"},"modified":"2025-12-23T18:48:29","modified_gmt":"2025-12-23T17:48:29","slug":"evenements","status":"publish","type":"page","link":"http:\/\/lechappeeclose.it\/it\/evenements\/","title":{"rendered":"Eventi"},"content":{"rendered":"<div class=\"carousel\">\n        <div class=\"carousel-container\">\n            <img decoding=\"async\" src=\"http:\/\/lechappeeclose.it\/wp-content\/themes\/storefront-child\/assets\/images\/chevron-left.svg\" class=\"arrow\" alt=\"Arrow left\" onclick=\"prev(this)\">\n            <div class=\"carousel-images\">\n                <div>\n                    <a class=\"carousel-small-item\" href=\"http:\/\/lechappeeclose.it\/it\/events\/%f0%9f%93%9a-printemps-des-poetes-in-libreria\/\"><img loading=\"lazy\" decoding=\"async\" width=\"2048\" height=\"2560\" src=\"http:\/\/lechappeeclose.it\/wp-content\/uploads\/2026\/03\/poesiacambio2-scaled.png\" class=\"attachment-full size-full wp-post-image\" alt=\"\" srcset=\"http:\/\/lechappeeclose.it\/wp-content\/uploads\/2026\/03\/poesiacambio2-scaled.png 2048w, http:\/\/lechappeeclose.it\/wp-content\/uploads\/2026\/03\/poesiacambio2-240x300.png 240w, http:\/\/lechappeeclose.it\/wp-content\/uploads\/2026\/03\/poesiacambio2-819x1024.png 819w, http:\/\/lechappeeclose.it\/wp-content\/uploads\/2026\/03\/poesiacambio2-768x960.png 768w, http:\/\/lechappeeclose.it\/wp-content\/uploads\/2026\/03\/poesiacambio2-1229x1536.png 1229w, http:\/\/lechappeeclose.it\/wp-content\/uploads\/2026\/03\/poesiacambio2-1638x2048.png 1638w, http:\/\/lechappeeclose.it\/wp-content\/uploads\/2026\/03\/poesiacambio2-10x12.png 10w, http:\/\/lechappeeclose.it\/wp-content\/uploads\/2026\/03\/poesiacambio2-324x405.png 324w, http:\/\/lechappeeclose.it\/wp-content\/uploads\/2026\/03\/poesiacambio2-416x520.png 416w\" sizes=\"auto, (max-width: 2048px) 100vw, 2048px\" \/><\/a><a class=\"carousel-small-item\" href=\"http:\/\/lechappeeclose.it\/it\/events\/%f0%9f%93%96-lettura-per-bambini-attivita-sui-colori\/\"><img loading=\"lazy\" decoding=\"async\" width=\"2025\" height=\"2531\" src=\"http:\/\/lechappeeclose.it\/wp-content\/uploads\/2026\/03\/boblartiste.png\" class=\"attachment-full size-full wp-post-image\" alt=\"\" srcset=\"http:\/\/lechappeeclose.it\/wp-content\/uploads\/2026\/03\/boblartiste.png 2025w, http:\/\/lechappeeclose.it\/wp-content\/uploads\/2026\/03\/boblartiste-240x300.png 240w, http:\/\/lechappeeclose.it\/wp-content\/uploads\/2026\/03\/boblartiste-819x1024.png 819w, http:\/\/lechappeeclose.it\/wp-content\/uploads\/2026\/03\/boblartiste-768x960.png 768w, http:\/\/lechappeeclose.it\/wp-content\/uploads\/2026\/03\/boblartiste-1229x1536.png 1229w, http:\/\/lechappeeclose.it\/wp-content\/uploads\/2026\/03\/boblartiste-1639x2048.png 1639w, http:\/\/lechappeeclose.it\/wp-content\/uploads\/2026\/03\/boblartiste-10x12.png 10w, http:\/\/lechappeeclose.it\/wp-content\/uploads\/2026\/03\/boblartiste-324x405.png 324w, http:\/\/lechappeeclose.it\/wp-content\/uploads\/2026\/03\/boblartiste-416x520.png 416w\" sizes=\"auto, (max-width: 2025px) 100vw, 2025px\" \/><\/a><a class=\"carousel-small-item\" href=\"http:\/\/lechappeeclose.it\/it\/events\/%f0%9f%8d%b7%f0%9f%87%ab%f0%9f%87%b7-aperitivo-in-libreria\/\"><img loading=\"lazy\" decoding=\"async\" width=\"2048\" height=\"2560\" src=\"http:\/\/lechappeeclose.it\/wp-content\/uploads\/2026\/03\/aperitivomarzo-scaled.png\" class=\"attachment-full size-full wp-post-image\" alt=\"\" srcset=\"http:\/\/lechappeeclose.it\/wp-content\/uploads\/2026\/03\/aperitivomarzo-scaled.png 2048w, http:\/\/lechappeeclose.it\/wp-content\/uploads\/2026\/03\/aperitivomarzo-240x300.png 240w, http:\/\/lechappeeclose.it\/wp-content\/uploads\/2026\/03\/aperitivomarzo-819x1024.png 819w, http:\/\/lechappeeclose.it\/wp-content\/uploads\/2026\/03\/aperitivomarzo-768x960.png 768w, http:\/\/lechappeeclose.it\/wp-content\/uploads\/2026\/03\/aperitivomarzo-1229x1536.png 1229w, http:\/\/lechappeeclose.it\/wp-content\/uploads\/2026\/03\/aperitivomarzo-1638x2048.png 1638w, http:\/\/lechappeeclose.it\/wp-content\/uploads\/2026\/03\/aperitivomarzo-10x12.png 10w, http:\/\/lechappeeclose.it\/wp-content\/uploads\/2026\/03\/aperitivomarzo-324x405.png 324w, http:\/\/lechappeeclose.it\/wp-content\/uploads\/2026\/03\/aperitivomarzo-416x520.png 416w\" sizes=\"auto, (max-width: 2048px) 100vw, 2048px\" \/><\/a><a class=\"carousel-small-item\" href=\"http:\/\/lechappeeclose.it\/it\/events\/%f0%9f%93%96-lettura-per-bambini\/\"><img loading=\"lazy\" decoding=\"async\" width=\"2048\" height=\"2560\" src=\"http:\/\/lechappeeclose.it\/wp-content\/uploads\/2026\/02\/LIBRERIA2-4-scaled.png\" class=\"attachment-full size-full wp-post-image\" alt=\"\" srcset=\"http:\/\/lechappeeclose.it\/wp-content\/uploads\/2026\/02\/LIBRERIA2-4-scaled.png 2048w, http:\/\/lechappeeclose.it\/wp-content\/uploads\/2026\/02\/LIBRERIA2-4-240x300.png 240w, http:\/\/lechappeeclose.it\/wp-content\/uploads\/2026\/02\/LIBRERIA2-4-819x1024.png 819w, http:\/\/lechappeeclose.it\/wp-content\/uploads\/2026\/02\/LIBRERIA2-4-768x960.png 768w, http:\/\/lechappeeclose.it\/wp-content\/uploads\/2026\/02\/LIBRERIA2-4-1229x1536.png 1229w, http:\/\/lechappeeclose.it\/wp-content\/uploads\/2026\/02\/LIBRERIA2-4-1638x2048.png 1638w, http:\/\/lechappeeclose.it\/wp-content\/uploads\/2026\/02\/LIBRERIA2-4-10x12.png 10w, http:\/\/lechappeeclose.it\/wp-content\/uploads\/2026\/02\/LIBRERIA2-4-324x405.png 324w, http:\/\/lechappeeclose.it\/wp-content\/uploads\/2026\/02\/LIBRERIA2-4-416x520.png 416w\" sizes=\"auto, (max-width: 2048px) 100vw, 2048px\" \/><\/a><a class=\"carousel-small-item\" href=\"http:\/\/lechappeeclose.it\/it\/events\/%f0%9f%8d%b7-aperitivo-in-libreria\/\"><img loading=\"lazy\" decoding=\"async\" width=\"2048\" height=\"2560\" src=\"http:\/\/lechappeeclose.it\/wp-content\/uploads\/2026\/02\/LIBRERIA2-3-scaled.png\" class=\"attachment-full size-full wp-post-image\" alt=\"\" srcset=\"http:\/\/lechappeeclose.it\/wp-content\/uploads\/2026\/02\/LIBRERIA2-3-scaled.png 2048w, http:\/\/lechappeeclose.it\/wp-content\/uploads\/2026\/02\/LIBRERIA2-3-240x300.png 240w, http:\/\/lechappeeclose.it\/wp-content\/uploads\/2026\/02\/LIBRERIA2-3-819x1024.png 819w, http:\/\/lechappeeclose.it\/wp-content\/uploads\/2026\/02\/LIBRERIA2-3-768x960.png 768w, http:\/\/lechappeeclose.it\/wp-content\/uploads\/2026\/02\/LIBRERIA2-3-1229x1536.png 1229w, http:\/\/lechappeeclose.it\/wp-content\/uploads\/2026\/02\/LIBRERIA2-3-1638x2048.png 1638w, http:\/\/lechappeeclose.it\/wp-content\/uploads\/2026\/02\/LIBRERIA2-3-10x12.png 10w, http:\/\/lechappeeclose.it\/wp-content\/uploads\/2026\/02\/LIBRERIA2-3-324x405.png 324w, http:\/\/lechappeeclose.it\/wp-content\/uploads\/2026\/02\/LIBRERIA2-3-416x520.png 416w\" sizes=\"auto, (max-width: 2048px) 100vw, 2048px\" \/><\/a><a class=\"carousel-small-item\" href=\"http:\/\/lechappeeclose.it\/it\/events\/lettura-per-bambini-atelier-creativo\/\"><img loading=\"lazy\" decoding=\"async\" width=\"2048\" height=\"2560\" src=\"http:\/\/lechappeeclose.it\/wp-content\/uploads\/2026\/01\/lecture-enfant1-scaled.png\" class=\"attachment-full size-full wp-post-image\" alt=\"\" srcset=\"http:\/\/lechappeeclose.it\/wp-content\/uploads\/2026\/01\/lecture-enfant1-scaled.png 2048w, http:\/\/lechappeeclose.it\/wp-content\/uploads\/2026\/01\/lecture-enfant1-240x300.png 240w, http:\/\/lechappeeclose.it\/wp-content\/uploads\/2026\/01\/lecture-enfant1-819x1024.png 819w, http:\/\/lechappeeclose.it\/wp-content\/uploads\/2026\/01\/lecture-enfant1-768x960.png 768w, http:\/\/lechappeeclose.it\/wp-content\/uploads\/2026\/01\/lecture-enfant1-1229x1536.png 1229w, http:\/\/lechappeeclose.it\/wp-content\/uploads\/2026\/01\/lecture-enfant1-1638x2048.png 1638w, http:\/\/lechappeeclose.it\/wp-content\/uploads\/2026\/01\/lecture-enfant1-10x12.png 10w, http:\/\/lechappeeclose.it\/wp-content\/uploads\/2026\/01\/lecture-enfant1-324x405.png 324w, http:\/\/lechappeeclose.it\/wp-content\/uploads\/2026\/01\/lecture-enfant1-416x520.png 416w\" sizes=\"auto, (max-width: 2048px) 100vw, 2048px\" \/><\/a><a class=\"carousel-small-item\" href=\"http:\/\/lechappeeclose.it\/it\/events\/%f0%9f%8d%b7-aperitivo-in-libreria-%f0%9f%93%9a-6\/\"><img loading=\"lazy\" decoding=\"async\" width=\"2048\" height=\"2560\" src=\"http:\/\/lechappeeclose.it\/wp-content\/uploads\/2026\/01\/LIBRERIA2-6-scaled.png\" class=\"attachment-full size-full wp-post-image\" alt=\"\" srcset=\"http:\/\/lechappeeclose.it\/wp-content\/uploads\/2026\/01\/LIBRERIA2-6-scaled.png 2048w, http:\/\/lechappeeclose.it\/wp-content\/uploads\/2026\/01\/LIBRERIA2-6-240x300.png 240w, http:\/\/lechappeeclose.it\/wp-content\/uploads\/2026\/01\/LIBRERIA2-6-819x1024.png 819w, http:\/\/lechappeeclose.it\/wp-content\/uploads\/2026\/01\/LIBRERIA2-6-768x960.png 768w, http:\/\/lechappeeclose.it\/wp-content\/uploads\/2026\/01\/LIBRERIA2-6-1229x1536.png 1229w, http:\/\/lechappeeclose.it\/wp-content\/uploads\/2026\/01\/LIBRERIA2-6-1638x2048.png 1638w, http:\/\/lechappeeclose.it\/wp-content\/uploads\/2026\/01\/LIBRERIA2-6-10x12.png 10w, http:\/\/lechappeeclose.it\/wp-content\/uploads\/2026\/01\/LIBRERIA2-6-324x405.png 324w, http:\/\/lechappeeclose.it\/wp-content\/uploads\/2026\/01\/LIBRERIA2-6-416x520.png 416w\" sizes=\"auto, (max-width: 2048px) 100vw, 2048px\" \/><\/a>            <\/div>\n        <\/div>\n        <img decoding=\"async\" src=\"http:\/\/lechappeeclose.it\/wp-content\/themes\/storefront-child\/assets\/images\/chevron-right.svg\" class=\"arrow\" alt=\"Arrow left\" onclick=\"next(this)\">\n    <\/div>\n    <div class=\"carousel-indicators\" data-max=\"-1\"><\/div>\n    <\/div>","protected":false},"excerpt":{"rendered":"<p>CONTENTS<\/p>","protected":false},"author":1,"featured_media":12563,"parent":0,"menu_order":0,"comment_status":"closed","ping_status":"closed","template":"","meta":{"footnotes":""},"class_list":["post-4495","page","type-page","status-publish","has-post-thumbnail","hentry"],"yoast_head":"<!-- This site is optimized with the Yoast SEO plugin v27.3 - https:\/\/yoast.com\/product\/yoast-seo-wordpress\/ -->\n<title>\u00c9v\u00e8nements - l&#039;\u00e9chapp\u00e9e close<\/title>\n<meta name=\"robots\" content=\"index, follow, max-snippet:-1, max-image-preview:large, max-video-preview:-1\" \/>\n<link rel=\"canonical\" href=\"http:\/\/lechappeeclose.it\/it\/evenements\/\" \/>\n<meta property=\"og:locale\" content=\"it_IT\" \/>\n<meta property=\"og:type\" content=\"article\" \/>\n<meta property=\"og:title\" content=\"\u00c9v\u00e8nements - l&#039;\u00e9chapp\u00e9e close\" \/>\n<meta property=\"og:description\" content=\"CONTENTS\" \/>\n<meta property=\"og:url\" content=\"http:\/\/lechappeeclose.it\/it\/evenements\/\" \/>\n<meta property=\"og:site_name\" content=\"l&#039;\u00e9chapp\u00e9e close\" \/>\n<meta property=\"article:modified_time\" content=\"2025-12-23T17:48:29+00:00\" \/>\n<meta property=\"og:image\" content=\"http:\/\/lechappeeclose.it\/wp-content\/uploads\/2025\/12\/Laura-1.png\" \/>\n\t<meta property=\"og:image:width\" content=\"1080\" \/>\n\t<meta property=\"og:image:height\" content=\"1080\" \/>\n\t<meta property=\"og:image:type\" content=\"image\/png\" \/>\n<meta name=\"twitter:card\" content=\"summary_large_image\" \/>\n<meta name=\"twitter:label1\" content=\"Tempo di lettura stimato\" \/>\n\t<meta name=\"twitter:data1\" content=\"1 minuto\" \/>\n<script type=\"application\/ld+json\" class=\"yoast-schema-graph\">{\"@context\":\"https:\\\/\\\/schema.org\",\"@graph\":[{\"@type\":\"WebPage\",\"@id\":\"http:\\\/\\\/lechappeeclose.it\\\/evenements\\\/\",\"url\":\"http:\\\/\\\/lechappeeclose.it\\\/evenements\\\/\",\"name\":\"\u00c9v\u00e8nements - l&#039;\u00e9chapp\u00e9e close\",\"isPartOf\":{\"@id\":\"https:\\\/\\\/lechappeeclose.it\\\/it\\\/#website\"},\"primaryImageOfPage\":{\"@id\":\"http:\\\/\\\/lechappeeclose.it\\\/evenements\\\/#primaryimage\"},\"image\":{\"@id\":\"http:\\\/\\\/lechappeeclose.it\\\/evenements\\\/#primaryimage\"},\"thumbnailUrl\":\"http:\\\/\\\/lechappeeclose.it\\\/wp-content\\\/uploads\\\/2025\\\/12\\\/Laura-1.png\",\"datePublished\":\"2025-01-31T21:51:24+00:00\",\"dateModified\":\"2025-12-23T17:48:29+00:00\",\"breadcrumb\":{\"@id\":\"http:\\\/\\\/lechappeeclose.it\\\/evenements\\\/#breadcrumb\"},\"inLanguage\":\"it-IT\",\"potentialAction\":[{\"@type\":\"ReadAction\",\"target\":[\"http:\\\/\\\/lechappeeclose.it\\\/evenements\\\/\"]}]},{\"@type\":\"ImageObject\",\"inLanguage\":\"it-IT\",\"@id\":\"http:\\\/\\\/lechappeeclose.it\\\/evenements\\\/#primaryimage\",\"url\":\"http:\\\/\\\/lechappeeclose.it\\\/wp-content\\\/uploads\\\/2025\\\/12\\\/Laura-1.png\",\"contentUrl\":\"http:\\\/\\\/lechappeeclose.it\\\/wp-content\\\/uploads\\\/2025\\\/12\\\/Laura-1.png\",\"width\":1080,\"height\":1080},{\"@type\":\"BreadcrumbList\",\"@id\":\"http:\\\/\\\/lechappeeclose.it\\\/evenements\\\/#breadcrumb\",\"itemListElement\":[{\"@type\":\"ListItem\",\"position\":1,\"name\":\"Accueil\",\"item\":\"https:\\\/\\\/lechappeeclose.it\\\/it\\\/\"},{\"@type\":\"ListItem\",\"position\":2,\"name\":\"\u00c9v\u00e8nements\"}]},{\"@type\":\"WebSite\",\"@id\":\"https:\\\/\\\/lechappeeclose.it\\\/it\\\/#website\",\"url\":\"https:\\\/\\\/lechappeeclose.it\\\/it\\\/\",\"name\":\"l&#039;\u00e9chapp\u00e9e close\",\"description\":\"la librairie fran\u00e7aise de Milan\",\"publisher\":{\"@id\":\"https:\\\/\\\/lechappeeclose.it\\\/it\\\/#organization\"},\"alternateName\":\"La librairie fran\u00e7aise de Milan\",\"potentialAction\":[{\"@type\":\"SearchAction\",\"target\":{\"@type\":\"EntryPoint\",\"urlTemplate\":\"https:\\\/\\\/lechappeeclose.it\\\/it\\\/?s={search_term_string}\"},\"query-input\":{\"@type\":\"PropertyValueSpecification\",\"valueRequired\":true,\"valueName\":\"search_term_string\"}}],\"inLanguage\":\"it-IT\"},{\"@type\":\"Organization\",\"@id\":\"https:\\\/\\\/lechappeeclose.it\\\/it\\\/#organization\",\"name\":\"l&#039;\u00e9chapp\u00e9e close\",\"url\":\"https:\\\/\\\/lechappeeclose.it\\\/it\\\/\",\"logo\":{\"@type\":\"ImageObject\",\"inLanguage\":\"it-IT\",\"@id\":\"https:\\\/\\\/lechappeeclose.it\\\/it\\\/#\\\/schema\\\/logo\\\/image\\\/\",\"url\":\"http:\\\/\\\/lechappeeclose.it\\\/wp-content\\\/uploads\\\/2025\\\/02\\\/cropped-logo-rond.png\",\"contentUrl\":\"http:\\\/\\\/lechappeeclose.it\\\/wp-content\\\/uploads\\\/2025\\\/02\\\/cropped-logo-rond.png\",\"width\":1080,\"height\":1080,\"caption\":\"l&#039;\u00e9chapp\u00e9e close\"},\"image\":{\"@id\":\"https:\\\/\\\/lechappeeclose.it\\\/it\\\/#\\\/schema\\\/logo\\\/image\\\/\"},\"sameAs\":[\"https:\\\/\\\/www.instagram.com\\\/lechappeeclose\\\/\"]}]}<\/script>\n<!-- \/ Yoast SEO plugin. -->","yoast_head_json":{"title":"\u00c9v\u00e8nements - l&#039;\u00e9chapp\u00e9e close","robots":{"index":"index","follow":"follow","max-snippet":"max-snippet:-1","max-image-preview":"max-image-preview:large","max-video-preview":"max-video-preview:-1"},"canonical":"http:\/\/lechappeeclose.it\/it\/evenements\/","og_locale":"it_IT","og_type":"article","og_title":"\u00c9v\u00e8nements - l&#039;\u00e9chapp\u00e9e close","og_description":"CONTENTS","og_url":"http:\/\/lechappeeclose.it\/it\/evenements\/","og_site_name":"l&#039;\u00e9chapp\u00e9e close","article_modified_time":"2025-12-23T17:48:29+00:00","og_image":[{"width":1080,"height":1080,"url":"http:\/\/lechappeeclose.it\/wp-content\/uploads\/2025\/12\/Laura-1.png","type":"image\/png"}],"twitter_card":"summary_large_image","twitter_misc":{"Tempo di lettura stimato":"1 minuto"},"schema":{"@context":"https:\/\/schema.org","@graph":[{"@type":"WebPage","@id":"http:\/\/lechappeeclose.it\/evenements\/","url":"http:\/\/lechappeeclose.it\/evenements\/","name":"\u00c9v\u00e8nements - l&#039;\u00e9chapp\u00e9e close","isPartOf":{"@id":"https:\/\/lechappeeclose.it\/it\/#website"},"primaryImageOfPage":{"@id":"http:\/\/lechappeeclose.it\/evenements\/#primaryimage"},"image":{"@id":"http:\/\/lechappeeclose.it\/evenements\/#primaryimage"},"thumbnailUrl":"http:\/\/lechappeeclose.it\/wp-content\/uploads\/2025\/12\/Laura-1.png","datePublished":"2025-01-31T21:51:24+00:00","dateModified":"2025-12-23T17:48:29+00:00","breadcrumb":{"@id":"http:\/\/lechappeeclose.it\/evenements\/#breadcrumb"},"inLanguage":"it-IT","potentialAction":[{"@type":"ReadAction","target":["http:\/\/lechappeeclose.it\/evenements\/"]}]},{"@type":"ImageObject","inLanguage":"it-IT","@id":"http:\/\/lechappeeclose.it\/evenements\/#primaryimage","url":"http:\/\/lechappeeclose.it\/wp-content\/uploads\/2025\/12\/Laura-1.png","contentUrl":"http:\/\/lechappeeclose.it\/wp-content\/uploads\/2025\/12\/Laura-1.png","width":1080,"height":1080},{"@type":"BreadcrumbList","@id":"http:\/\/lechappeeclose.it\/evenements\/#breadcrumb","itemListElement":[{"@type":"ListItem","position":1,"name":"Accueil","item":"https:\/\/lechappeeclose.it\/it\/"},{"@type":"ListItem","position":2,"name":"\u00c9v\u00e8nements"}]},{"@type":"WebSite","@id":"https:\/\/lechappeeclose.it\/it\/#website","url":"https:\/\/lechappeeclose.it\/it\/","name":"l&#039;\u00e9chapp\u00e9e close","description":"La libreria francese di Milano","publisher":{"@id":"https:\/\/lechappeeclose.it\/it\/#organization"},"alternateName":"La librairie fran\u00e7aise de Milan","potentialAction":[{"@type":"SearchAction","target":{"@type":"EntryPoint","urlTemplate":"https:\/\/lechappeeclose.it\/it\/?s={search_term_string}"},"query-input":{"@type":"PropertyValueSpecification","valueRequired":true,"valueName":"search_term_string"}}],"inLanguage":"it-IT"},{"@type":"Organization","@id":"https:\/\/lechappeeclose.it\/it\/#organization","name":"l&#039;\u00e9chapp\u00e9e close","url":"https:\/\/lechappeeclose.it\/it\/","logo":{"@type":"ImageObject","inLanguage":"it-IT","@id":"https:\/\/lechappeeclose.it\/it\/#\/schema\/logo\/image\/","url":"http:\/\/lechappeeclose.it\/wp-content\/uploads\/2025\/02\/cropped-logo-rond.png","contentUrl":"http:\/\/lechappeeclose.it\/wp-content\/uploads\/2025\/02\/cropped-logo-rond.png","width":1080,"height":1080,"caption":"l&#039;\u00e9chapp\u00e9e close"},"image":{"@id":"https:\/\/lechappeeclose.it\/it\/#\/schema\/logo\/image\/"},"sameAs":["https:\/\/www.instagram.com\/lechappeeclose\/"]}]}},"_links":{"self":[{"href":"http:\/\/lechappeeclose.it\/it\/wp-json\/wp\/v2\/pages\/4495","targetHints":{"allow":["GET"]}}],"collection":[{"href":"http:\/\/lechappeeclose.it\/it\/wp-json\/wp\/v2\/pages"}],"about":[{"href":"http:\/\/lechappeeclose.it\/it\/wp-json\/wp\/v2\/types\/page"}],"author":[{"embeddable":true,"href":"http:\/\/lechappeeclose.it\/it\/wp-json\/wp\/v2\/users\/1"}],"replies":[{"embeddable":true,"href":"http:\/\/lechappeeclose.it\/it\/wp-json\/wp\/v2\/comments?post=4495"}],"version-history":[{"count":0,"href":"http:\/\/lechappeeclose.it\/it\/wp-json\/wp\/v2\/pages\/4495\/revisions"}],"wp:featuredmedia":[{"embeddable":true,"href":"http:\/\/lechappeeclose.it\/it\/wp-json\/wp\/v2\/media\/12563"}],"wp:attachment":[{"href":"http:\/\/lechappeeclose.it\/it\/wp-json\/wp\/v2\/media?parent=4495"}],"curies":[{"name":"wp","href":"https:\/\/api.w.org\/{rel}","templated":true}]}}