{"id":1394,"date":"2022-09-19T16:22:21","date_gmt":"2022-09-19T14:22:21","guid":{"rendered":"https:\/\/lechappeeclose.it\/?page_id=1394"},"modified":"2025-02-19T18:17:06","modified_gmt":"2025-02-19T17:17:06","slug":"lalibrairie","status":"publish","type":"page","link":"http:\/\/lechappeeclose.it\/it\/lalibrairie\/","title":{"rendered":"la librairie"},"content":{"rendered":"<div class=\"wp-block-columns is-layout-flex wp-container-core-columns-is-layout-28f84493 wp-block-columns-is-layout-flex\">\n<div class=\"wp-block-column is-layout-flow wp-block-column-is-layout-flow\">\n<figure class=\"wp-block-image size-large\"><img loading=\"lazy\" decoding=\"async\" width=\"1024\" height=\"576\" src=\"http:\/\/lechappeeclose.it\/wp-content\/uploads\/2023\/07\/Acceuil-2-1024x576.jpg\" alt=\"\" class=\"wp-image-2292\" style=\"aspect-ratio:3\/2;object-fit:cover\" srcset=\"http:\/\/lechappeeclose.it\/wp-content\/uploads\/2023\/07\/Acceuil-2-1024x576.jpg 1024w, http:\/\/lechappeeclose.it\/wp-content\/uploads\/2023\/07\/Acceuil-2-scaled-324x182.jpg 324w, http:\/\/lechappeeclose.it\/wp-content\/uploads\/2023\/07\/Acceuil-2-scaled-416x234.jpg 416w, http:\/\/lechappeeclose.it\/wp-content\/uploads\/2023\/07\/Acceuil-2-300x169.jpg 300w, http:\/\/lechappeeclose.it\/wp-content\/uploads\/2023\/07\/Acceuil-2-768x432.jpg 768w, http:\/\/lechappeeclose.it\/wp-content\/uploads\/2023\/07\/Acceuil-2-1536x864.jpg 1536w, http:\/\/lechappeeclose.it\/wp-content\/uploads\/2023\/07\/Acceuil-2-2048x1152.jpg 2048w, http:\/\/lechappeeclose.it\/wp-content\/uploads\/2023\/07\/Acceuil-2-800x450.jpg 800w\" sizes=\"auto, (max-width: 1024px) 100vw, 1024px\" \/><\/figure>\n<\/div>\n\n\n\n<div class=\"wp-block-column is-layout-flow wp-block-column-is-layout-flow\">\n<figure class=\"wp-block-image size-large\"><img loading=\"lazy\" decoding=\"async\" width=\"1024\" height=\"768\" src=\"http:\/\/lechappeeclose.it\/wp-content\/uploads\/2023\/07\/Acceuil-1-1024x768.jpg\" alt=\"\" class=\"wp-image-2293\" style=\"aspect-ratio:3\/2;object-fit:cover\" srcset=\"http:\/\/lechappeeclose.it\/wp-content\/uploads\/2023\/07\/Acceuil-1-1024x768.jpg 1024w, http:\/\/lechappeeclose.it\/wp-content\/uploads\/2023\/07\/Acceuil-1-scaled-324x243.jpg 324w, http:\/\/lechappeeclose.it\/wp-content\/uploads\/2023\/07\/Acceuil-1-scaled-416x312.jpg 416w, http:\/\/lechappeeclose.it\/wp-content\/uploads\/2023\/07\/Acceuil-1-300x225.jpg 300w, http:\/\/lechappeeclose.it\/wp-content\/uploads\/2023\/07\/Acceuil-1-768x576.jpg 768w, http:\/\/lechappeeclose.it\/wp-content\/uploads\/2023\/07\/Acceuil-1-1536x1152.jpg 1536w, http:\/\/lechappeeclose.it\/wp-content\/uploads\/2023\/07\/Acceuil-1-2048x1536.jpg 2048w\" sizes=\"auto, (max-width: 1024px) 100vw, 1024px\" \/><\/figure>\n<\/div>\n<\/div>\n\n\n\n<div class=\"wp-block-columns is-layout-flex wp-container-core-columns-is-layout-28f84493 wp-block-columns-is-layout-flex\">\n<div class=\"wp-block-column is-vertically-aligned-center is-layout-flow wp-block-column-is-layout-flow\">\n<figure class=\"wp-block-image size-large\"><img loading=\"lazy\" decoding=\"async\" width=\"1024\" height=\"477\" src=\"http:\/\/lechappeeclose.it\/wp-content\/uploads\/2023\/07\/Litterature-1024x477.jpg\" alt=\"\" class=\"wp-image-2299\" srcset=\"http:\/\/lechappeeclose.it\/wp-content\/uploads\/2023\/07\/Litterature-1024x477.jpg 1024w, http:\/\/lechappeeclose.it\/wp-content\/uploads\/2023\/07\/Litterature-scaled-324x151.jpg 324w, http:\/\/lechappeeclose.it\/wp-content\/uploads\/2023\/07\/Litterature-scaled-416x194.jpg 416w, http:\/\/lechappeeclose.it\/wp-content\/uploads\/2023\/07\/Litterature-300x140.jpg 300w, http:\/\/lechappeeclose.it\/wp-content\/uploads\/2023\/07\/Litterature-768x358.jpg 768w, http:\/\/lechappeeclose.it\/wp-content\/uploads\/2023\/07\/Litterature-1536x716.jpg 1536w, http:\/\/lechappeeclose.it\/wp-content\/uploads\/2023\/07\/Litterature-2048x954.jpg 2048w\" sizes=\"auto, (max-width: 1024px) 100vw, 1024px\" \/><\/figure>\n<\/div>\n\n\n\n<div class=\"wp-block-column is-layout-flow wp-block-column-is-layout-flow\">\n<p>Un choix de livres qui oscille entre grands classiques et auteurs contemporains vainqueurs de prix litt\u00e9raires ou encore inconnus en passant par tous les grands \u00e9crivains du XX<sup>e<\/sup>&nbsp;si\u00e8cle.<\/p>\n\n\n\n<p>Una scelta di libri che oscilla tra i grandi classici e gli autori contemporanei vincitori di premi letterari o ancora sconosciuti dal pubblico.<\/p>\n<\/div>\n<\/div>\n\n\n\n<div class=\"wp-block-columns is-layout-flex wp-container-core-columns-is-layout-28f84493 wp-block-columns-is-layout-flex\">\n<div class=\"wp-block-column is-layout-flow wp-block-column-is-layout-flow\">\n<figure class=\"wp-block-image size-large is-resized\"><img loading=\"lazy\" decoding=\"async\" width=\"1024\" height=\"847\" src=\"http:\/\/lechappeeclose.it\/wp-content\/uploads\/2022\/10\/livres_version_italienne-1024x847.jpeg\" alt=\"\" class=\"wp-image-2119\" style=\"width:250px\" srcset=\"http:\/\/lechappeeclose.it\/wp-content\/uploads\/2022\/10\/livres_version_italienne-1024x847.jpeg 1024w, http:\/\/lechappeeclose.it\/wp-content\/uploads\/2022\/10\/livres_version_italienne-scaled-324x268.jpeg 324w, http:\/\/lechappeeclose.it\/wp-content\/uploads\/2022\/10\/livres_version_italienne-scaled-416x344.jpeg 416w, http:\/\/lechappeeclose.it\/wp-content\/uploads\/2022\/10\/livres_version_italienne-300x248.jpeg 300w, http:\/\/lechappeeclose.it\/wp-content\/uploads\/2022\/10\/livres_version_italienne-768x636.jpeg 768w, http:\/\/lechappeeclose.it\/wp-content\/uploads\/2022\/10\/livres_version_italienne-1536x1271.jpeg 1536w, http:\/\/lechappeeclose.it\/wp-content\/uploads\/2022\/10\/livres_version_italienne-2048x1695.jpeg 2048w\" sizes=\"auto, (max-width: 1024px) 100vw, 1024px\" \/><\/figure>\n<\/div>\n\n\n\n<div class=\"wp-block-column is-vertically-aligned-center is-layout-flow wp-block-column-is-layout-flow\">\n<p>Litt\u00e9rature fran\u00e7aise traduite en italien.<\/p>\n\n\n\n<p>Letteratura francese tradotta in italiano.<\/p>\n<\/div>\n<\/div>\n\n\n\n<div class=\"wp-block-columns is-layout-flex wp-container-core-columns-is-layout-28f84493 wp-block-columns-is-layout-flex\">\n<div class=\"wp-block-column is-layout-flow wp-block-column-is-layout-flow\">\n<figure class=\"wp-block-image size-large\"><img loading=\"lazy\" decoding=\"async\" width=\"1024\" height=\"768\" src=\"http:\/\/lechappeeclose.it\/wp-content\/uploads\/2023\/07\/BD-1024x768.jpg\" alt=\"\" class=\"wp-image-2302\" srcset=\"http:\/\/lechappeeclose.it\/wp-content\/uploads\/2023\/07\/BD-1024x768.jpg 1024w, http:\/\/lechappeeclose.it\/wp-content\/uploads\/2023\/07\/BD-scaled-324x243.jpg 324w, http:\/\/lechappeeclose.it\/wp-content\/uploads\/2023\/07\/BD-scaled-416x312.jpg 416w, http:\/\/lechappeeclose.it\/wp-content\/uploads\/2023\/07\/BD-300x225.jpg 300w, http:\/\/lechappeeclose.it\/wp-content\/uploads\/2023\/07\/BD-768x576.jpg 768w, http:\/\/lechappeeclose.it\/wp-content\/uploads\/2023\/07\/BD-1536x1152.jpg 1536w, http:\/\/lechappeeclose.it\/wp-content\/uploads\/2023\/07\/BD-2048x1536.jpg 2048w\" sizes=\"auto, (max-width: 1024px) 100vw, 1024px\" \/><\/figure>\n<\/div>\n\n\n\n<div class=\"wp-block-column is-vertically-aligned-center is-layout-flow wp-block-column-is-layout-flow\">\n<p>BD et romans graphiques 100% version originale fran\u00e7aise.<\/p>\n\n\n\n<p>Fumetti e graphic novels di autori di lingua francese.<\/p>\n<\/div>\n<\/div>\n\n\n\n<div class=\"wp-block-columns is-layout-flex wp-container-core-columns-is-layout-28f84493 wp-block-columns-is-layout-flex\">\n<div class=\"wp-block-column is-layout-flow wp-block-column-is-layout-flow\">\n<figure class=\"wp-block-image size-full\"><img decoding=\"async\" src=\"http:\/\/lechappeeclose.it\/wp-content\/uploads\/2023\/07\/Ados.jpg\" alt=\"\" class=\"wp-image-2306\"\/><\/figure>\n<\/div>\n\n\n\n<div class=\"wp-block-column is-vertically-aligned-center is-layout-flow wp-block-column-is-layout-flow\">\n<p>Un espace pour les adolescents.<\/p>\n\n\n\n<p>Uno spazio per gli adolescenti.<\/p>\n<\/div>\n<\/div>\n\n\n\n<div class=\"wp-block-columns is-layout-flex wp-container-core-columns-is-layout-28f84493 wp-block-columns-is-layout-flex\">\n<div class=\"wp-block-column is-layout-flow wp-block-column-is-layout-flow\"><div class=\"wp-block-image\">\n<figure class=\"aligncenter size-large\"><img loading=\"lazy\" decoding=\"async\" width=\"1024\" height=\"512\" src=\"http:\/\/lechappeeclose.it\/wp-content\/uploads\/2023\/07\/Jeunesse-1024x512.jpg\" alt=\"\" class=\"wp-image-2300\" srcset=\"http:\/\/lechappeeclose.it\/wp-content\/uploads\/2023\/07\/Jeunesse-1024x512.jpg 1024w, http:\/\/lechappeeclose.it\/wp-content\/uploads\/2023\/07\/Jeunesse-scaled-324x162.jpg 324w, http:\/\/lechappeeclose.it\/wp-content\/uploads\/2023\/07\/Jeunesse-scaled-416x208.jpg 416w, http:\/\/lechappeeclose.it\/wp-content\/uploads\/2023\/07\/Jeunesse-300x150.jpg 300w, http:\/\/lechappeeclose.it\/wp-content\/uploads\/2023\/07\/Jeunesse-768x384.jpg 768w, http:\/\/lechappeeclose.it\/wp-content\/uploads\/2023\/07\/Jeunesse-1536x768.jpg 1536w, http:\/\/lechappeeclose.it\/wp-content\/uploads\/2023\/07\/Jeunesse-2048x1024.jpg 2048w\" sizes=\"auto, (max-width: 1024px) 100vw, 1024px\" \/><\/figure>\n<\/div><\/div>\n\n\n\n<div class=\"wp-block-column is-vertically-aligned-center is-layout-flow wp-block-column-is-layout-flow\">\n<p>Un espace jeunesse ouvert sur le monde francophone.<\/p>\n\n\n\n<p>Uno spazio dedicato alla letteratura per i ragazzi dai pi\u00f9 piccoli ai teenager e aperto sul mondo francofono.<\/p>\n<\/div>\n<\/div>\n\n\n\n<p><\/p>","protected":false},"excerpt":{"rendered":"<p>Un choix de livres qui oscille entre grands classiques et auteurs contemporains vainqueurs de prix litt\u00e9raires ou encore inconnus en passant par tous les grands \u00e9crivains du XXe&nbsp;si\u00e8cle. Una scelta di libri che oscilla tra i grandi classici e gli autori contemporanei vincitori di premi letterari o ancora sconosciuti dal pubblico. Litt\u00e9rature fran\u00e7aise traduite en [&hellip;]<\/p>","protected":false},"author":1,"featured_media":0,"parent":0,"menu_order":0,"comment_status":"closed","ping_status":"closed","template":"elementor_header_footer","meta":{"footnotes":""},"class_list":["post-1394","page","type-page","status-publish","hentry"],"yoast_head":"<!-- This site is optimized with the Yoast SEO plugin v27.5 - https:\/\/yoast.com\/product\/yoast-seo-wordpress\/ -->\n<title>la librairie - l&#039;\u00e9chapp\u00e9e close<\/title>\n<meta name=\"robots\" content=\"index, follow, max-snippet:-1, max-image-preview:large, max-video-preview:-1\" \/>\n<link rel=\"canonical\" href=\"https:\/\/lechappeeclose.it\/it\/lalibrairie\/\" \/>\n<meta property=\"og:locale\" content=\"it_IT\" \/>\n<meta property=\"og:type\" content=\"article\" \/>\n<meta property=\"og:title\" content=\"la librairie - l&#039;\u00e9chapp\u00e9e close\" \/>\n<meta property=\"og:description\" content=\"Un choix de livres qui oscille entre grands classiques et auteurs contemporains vainqueurs de prix litt\u00e9raires ou encore inconnus en passant par tous les grands \u00e9crivains du XXe&nbsp;si\u00e8cle. Una scelta di libri che oscilla tra i grandi classici e gli autori contemporanei vincitori di premi letterari o ancora sconosciuti dal pubblico. Litt\u00e9rature fran\u00e7aise traduite en [&hellip;]\" \/>\n<meta property=\"og:url\" content=\"https:\/\/lechappeeclose.it\/it\/lalibrairie\/\" \/>\n<meta property=\"og:site_name\" content=\"l&#039;\u00e9chapp\u00e9e close\" \/>\n<meta property=\"article:modified_time\" content=\"2025-02-19T17:17:06+00:00\" \/>\n<meta property=\"og:image\" content=\"http:\/\/lechappeeclose.it\/wp-content\/uploads\/2023\/07\/Acceuil-2-1024x576.jpg\" \/>\n<meta name=\"twitter:card\" content=\"summary_large_image\" \/>\n<meta name=\"twitter:label1\" content=\"Tempo di lettura stimato\" \/>\n\t<meta name=\"twitter:data1\" content=\"2 minuti\" \/>\n<script type=\"application\/ld+json\" class=\"yoast-schema-graph\">{\"@context\":\"https:\\\/\\\/schema.org\",\"@graph\":[{\"@type\":\"WebPage\",\"@id\":\"https:\\\/\\\/lechappeeclose.it\\\/lalibrairie\\\/\",\"url\":\"https:\\\/\\\/lechappeeclose.it\\\/lalibrairie\\\/\",\"name\":\"la librairie - l&#039;\u00e9chapp\u00e9e close\",\"isPartOf\":{\"@id\":\"http:\\\/\\\/lechappeeclose.it\\\/it\\\/#website\"},\"primaryImageOfPage\":{\"@id\":\"https:\\\/\\\/lechappeeclose.it\\\/lalibrairie\\\/#primaryimage\"},\"image\":{\"@id\":\"https:\\\/\\\/lechappeeclose.it\\\/lalibrairie\\\/#primaryimage\"},\"thumbnailUrl\":\"http:\\\/\\\/lechappeeclose.it\\\/wp-content\\\/uploads\\\/2023\\\/07\\\/Acceuil-2-1024x576.jpg\",\"datePublished\":\"2022-09-19T14:22:21+00:00\",\"dateModified\":\"2025-02-19T17:17:06+00:00\",\"breadcrumb\":{\"@id\":\"https:\\\/\\\/lechappeeclose.it\\\/lalibrairie\\\/#breadcrumb\"},\"inLanguage\":\"it-IT\",\"potentialAction\":[{\"@type\":\"ReadAction\",\"target\":[\"https:\\\/\\\/lechappeeclose.it\\\/lalibrairie\\\/\"]}]},{\"@type\":\"ImageObject\",\"inLanguage\":\"it-IT\",\"@id\":\"https:\\\/\\\/lechappeeclose.it\\\/lalibrairie\\\/#primaryimage\",\"url\":\"http:\\\/\\\/lechappeeclose.it\\\/wp-content\\\/uploads\\\/2023\\\/07\\\/Acceuil-2-1024x576.jpg\",\"contentUrl\":\"http:\\\/\\\/lechappeeclose.it\\\/wp-content\\\/uploads\\\/2023\\\/07\\\/Acceuil-2-1024x576.jpg\"},{\"@type\":\"BreadcrumbList\",\"@id\":\"https:\\\/\\\/lechappeeclose.it\\\/lalibrairie\\\/#breadcrumb\",\"itemListElement\":[{\"@type\":\"ListItem\",\"position\":1,\"name\":\"Accueil\",\"item\":\"http:\\\/\\\/lechappeeclose.it\\\/it\\\/\"},{\"@type\":\"ListItem\",\"position\":2,\"name\":\"la librairie\"}]},{\"@type\":\"WebSite\",\"@id\":\"http:\\\/\\\/lechappeeclose.it\\\/it\\\/#website\",\"url\":\"http:\\\/\\\/lechappeeclose.it\\\/it\\\/\",\"name\":\"l&#039;\u00e9chapp\u00e9e close\",\"description\":\"la librairie fran\u00e7aise de Milan\",\"publisher\":{\"@id\":\"http:\\\/\\\/lechappeeclose.it\\\/it\\\/#organization\"},\"alternateName\":\"La librairie fran\u00e7aise de Milan\",\"potentialAction\":[{\"@type\":\"SearchAction\",\"target\":{\"@type\":\"EntryPoint\",\"urlTemplate\":\"http:\\\/\\\/lechappeeclose.it\\\/it\\\/?s={search_term_string}\"},\"query-input\":{\"@type\":\"PropertyValueSpecification\",\"valueRequired\":true,\"valueName\":\"search_term_string\"}}],\"inLanguage\":\"it-IT\"},{\"@type\":\"Organization\",\"@id\":\"http:\\\/\\\/lechappeeclose.it\\\/it\\\/#organization\",\"name\":\"l&#039;\u00e9chapp\u00e9e close\",\"url\":\"http:\\\/\\\/lechappeeclose.it\\\/it\\\/\",\"logo\":{\"@type\":\"ImageObject\",\"inLanguage\":\"it-IT\",\"@id\":\"http:\\\/\\\/lechappeeclose.it\\\/it\\\/#\\\/schema\\\/logo\\\/image\\\/\",\"url\":\"http:\\\/\\\/lechappeeclose.it\\\/wp-content\\\/uploads\\\/2025\\\/02\\\/cropped-logo-rond.png\",\"contentUrl\":\"http:\\\/\\\/lechappeeclose.it\\\/wp-content\\\/uploads\\\/2025\\\/02\\\/cropped-logo-rond.png\",\"width\":1080,\"height\":1080,\"caption\":\"l&#039;\u00e9chapp\u00e9e close\"},\"image\":{\"@id\":\"http:\\\/\\\/lechappeeclose.it\\\/it\\\/#\\\/schema\\\/logo\\\/image\\\/\"},\"sameAs\":[\"https:\\\/\\\/www.instagram.com\\\/lechappeeclose\\\/\"]}]}<\/script>\n<!-- \/ Yoast SEO plugin. -->","yoast_head_json":{"title":"la librairie - l&#039;\u00e9chapp\u00e9e close","robots":{"index":"index","follow":"follow","max-snippet":"max-snippet:-1","max-image-preview":"max-image-preview:large","max-video-preview":"max-video-preview:-1"},"canonical":"https:\/\/lechappeeclose.it\/it\/lalibrairie\/","og_locale":"it_IT","og_type":"article","og_title":"la librairie - l&#039;\u00e9chapp\u00e9e close","og_description":"Un choix de livres qui oscille entre grands classiques et auteurs contemporains vainqueurs de prix litt\u00e9raires ou encore inconnus en passant par tous les grands \u00e9crivains du XXe&nbsp;si\u00e8cle. Una scelta di libri che oscilla tra i grandi classici e gli autori contemporanei vincitori di premi letterari o ancora sconosciuti dal pubblico. Litt\u00e9rature fran\u00e7aise traduite en [&hellip;]","og_url":"https:\/\/lechappeeclose.it\/it\/lalibrairie\/","og_site_name":"l&#039;\u00e9chapp\u00e9e close","article_modified_time":"2025-02-19T17:17:06+00:00","og_image":[{"url":"http:\/\/lechappeeclose.it\/wp-content\/uploads\/2023\/07\/Acceuil-2-1024x576.jpg","type":"","width":"","height":""}],"twitter_card":"summary_large_image","twitter_misc":{"Tempo di lettura stimato":"2 minuti"},"schema":{"@context":"https:\/\/schema.org","@graph":[{"@type":"WebPage","@id":"https:\/\/lechappeeclose.it\/lalibrairie\/","url":"https:\/\/lechappeeclose.it\/lalibrairie\/","name":"la librairie - l&#039;\u00e9chapp\u00e9e close","isPartOf":{"@id":"http:\/\/lechappeeclose.it\/it\/#website"},"primaryImageOfPage":{"@id":"https:\/\/lechappeeclose.it\/lalibrairie\/#primaryimage"},"image":{"@id":"https:\/\/lechappeeclose.it\/lalibrairie\/#primaryimage"},"thumbnailUrl":"http:\/\/lechappeeclose.it\/wp-content\/uploads\/2023\/07\/Acceuil-2-1024x576.jpg","datePublished":"2022-09-19T14:22:21+00:00","dateModified":"2025-02-19T17:17:06+00:00","breadcrumb":{"@id":"https:\/\/lechappeeclose.it\/lalibrairie\/#breadcrumb"},"inLanguage":"it-IT","potentialAction":[{"@type":"ReadAction","target":["https:\/\/lechappeeclose.it\/lalibrairie\/"]}]},{"@type":"ImageObject","inLanguage":"it-IT","@id":"https:\/\/lechappeeclose.it\/lalibrairie\/#primaryimage","url":"http:\/\/lechappeeclose.it\/wp-content\/uploads\/2023\/07\/Acceuil-2-1024x576.jpg","contentUrl":"http:\/\/lechappeeclose.it\/wp-content\/uploads\/2023\/07\/Acceuil-2-1024x576.jpg"},{"@type":"BreadcrumbList","@id":"https:\/\/lechappeeclose.it\/lalibrairie\/#breadcrumb","itemListElement":[{"@type":"ListItem","position":1,"name":"Accueil","item":"http:\/\/lechappeeclose.it\/it\/"},{"@type":"ListItem","position":2,"name":"la librairie"}]},{"@type":"WebSite","@id":"http:\/\/lechappeeclose.it\/it\/#website","url":"http:\/\/lechappeeclose.it\/it\/","name":"l&#039;\u00e9chapp\u00e9e close","description":"La libreria francese di Milano","publisher":{"@id":"http:\/\/lechappeeclose.it\/it\/#organization"},"alternateName":"La librairie fran\u00e7aise de Milan","potentialAction":[{"@type":"SearchAction","target":{"@type":"EntryPoint","urlTemplate":"http:\/\/lechappeeclose.it\/it\/?s={search_term_string}"},"query-input":{"@type":"PropertyValueSpecification","valueRequired":true,"valueName":"search_term_string"}}],"inLanguage":"it-IT"},{"@type":"Organization","@id":"http:\/\/lechappeeclose.it\/it\/#organization","name":"l&#039;\u00e9chapp\u00e9e close","url":"http:\/\/lechappeeclose.it\/it\/","logo":{"@type":"ImageObject","inLanguage":"it-IT","@id":"http:\/\/lechappeeclose.it\/it\/#\/schema\/logo\/image\/","url":"http:\/\/lechappeeclose.it\/wp-content\/uploads\/2025\/02\/cropped-logo-rond.png","contentUrl":"http:\/\/lechappeeclose.it\/wp-content\/uploads\/2025\/02\/cropped-logo-rond.png","width":1080,"height":1080,"caption":"l&#039;\u00e9chapp\u00e9e close"},"image":{"@id":"http:\/\/lechappeeclose.it\/it\/#\/schema\/logo\/image\/"},"sameAs":["https:\/\/www.instagram.com\/lechappeeclose\/"]}]}},"_links":{"self":[{"href":"http:\/\/lechappeeclose.it\/it\/wp-json\/wp\/v2\/pages\/1394","targetHints":{"allow":["GET"]}}],"collection":[{"href":"http:\/\/lechappeeclose.it\/it\/wp-json\/wp\/v2\/pages"}],"about":[{"href":"http:\/\/lechappeeclose.it\/it\/wp-json\/wp\/v2\/types\/page"}],"author":[{"embeddable":true,"href":"http:\/\/lechappeeclose.it\/it\/wp-json\/wp\/v2\/users\/1"}],"replies":[{"embeddable":true,"href":"http:\/\/lechappeeclose.it\/it\/wp-json\/wp\/v2\/comments?post=1394"}],"version-history":[{"count":0,"href":"http:\/\/lechappeeclose.it\/it\/wp-json\/wp\/v2\/pages\/1394\/revisions"}],"wp:attachment":[{"href":"http:\/\/lechappeeclose.it\/it\/wp-json\/wp\/v2\/media?parent=1394"}],"curies":[{"name":"wp","href":"https:\/\/api.w.org\/{rel}","templated":true}]}}