{"id":11160,"date":"2025-03-18T00:48:32","date_gmt":"2025-03-17T23:48:32","guid":{"rendered":"https:\/\/lechappeeclose.it\/?page_id=11160"},"modified":"2026-04-01T12:04:14","modified_gmt":"2026-04-01T10:04:14","slug":"bookclub","status":"publish","type":"page","link":"http:\/\/lechappeeclose.it\/it\/bookclub\/","title":{"rendered":"Club del libro"},"content":{"rendered":"<div class=\"wp-block-columns is-layout-flex wp-container-core-columns-is-layout-47c5d72a wp-block-columns-is-layout-flex\" style=\"margin-bottom:var(--wp--preset--spacing--80)\">\n<div class=\"wp-block-column is-layout-flow wp-block-column-is-layout-flow\" style=\"flex-basis:60%\">\n<figure class=\"wp-block-image size-large\"><img loading=\"lazy\" decoding=\"async\" width=\"724\" height=\"1024\" src=\"http:\/\/lechappeeclose.it\/wp-content\/uploads\/2026\/04\/Les-bonnes-feuilles-poster-4-724x1024.png\" alt=\"\" class=\"wp-image-13105\" srcset=\"http:\/\/lechappeeclose.it\/wp-content\/uploads\/2026\/04\/Les-bonnes-feuilles-poster-4-724x1024.png 724w, http:\/\/lechappeeclose.it\/wp-content\/uploads\/2026\/04\/Les-bonnes-feuilles-poster-4-212x300.png 212w, http:\/\/lechappeeclose.it\/wp-content\/uploads\/2026\/04\/Les-bonnes-feuilles-poster-4-768x1086.png 768w, http:\/\/lechappeeclose.it\/wp-content\/uploads\/2026\/04\/Les-bonnes-feuilles-poster-4-1086x1536.png 1086w, http:\/\/lechappeeclose.it\/wp-content\/uploads\/2026\/04\/Les-bonnes-feuilles-poster-4-8x12.png 8w, http:\/\/lechappeeclose.it\/wp-content\/uploads\/2026\/04\/Les-bonnes-feuilles-poster-4-324x458.png 324w, http:\/\/lechappeeclose.it\/wp-content\/uploads\/2026\/04\/Les-bonnes-feuilles-poster-4-416x588.png 416w, http:\/\/lechappeeclose.it\/wp-content\/uploads\/2026\/04\/Les-bonnes-feuilles-poster-4.png 1414w\" sizes=\"auto, (max-width: 724px) 100vw, 724px\" \/><\/figure>\n<\/div>\n\n\n\n<div class=\"wp-block-column is-layout-flow wp-block-column-is-layout-flow\" style=\"flex-basis:66.66%\">\n<div class=\"wp-block-group\"><div class=\"wp-block-group__inner-container is-layout-constrained wp-block-group-is-layout-constrained\">\n<h2 class=\"wp-block-heading has-black-color has-text-color has-link-color wp-elements-ba7537b37fbe857b2f6881bd58cd3397\"><strong>LES BONNES FEUILLES<\/strong><br><strong><em>Le bookclub de l\u2019\u00e9chapp\u00e9e close!<\/em><\/strong><\/h2>\n\n\n\n<p>Une fois par mois, l&#8217;\u00e9chapp\u00e9e close vous propose une rencontre autour d&#8217;un livre.<\/p>\n\n\n\n<p>Le concept est simple, celui du club lecture : vous achetez le livre \u00e0 la librairie, vous le lisez et nous en discutons tous ensemble autour d&#8217;un bon verre de vin!<\/p>\n\n\n\n<p>Pas besoin d&#8217;\u00eatre bilingue, l&#8217;important est de participer!<\/p>\n\n\n\n<p>Un jeudi par mois \u00e0 19h30<\/p>\n\n\n\n<p>Inscription: <a href=\"mailto:info@lechappeeclose.it\">info@lechappeeclose.it<\/a><\/p>\n\n\n\n<p>Entr\u00e9e libre<\/p>\n\n\n\n<p>Les <em>bonnes feuilles<\/em> sont les premi\u00e8res feuilles d&#8217;une impression avant rognage et reliure, aujourd&#8217;hui expression utilis\u00e9e pour \u00e9voquer l&#8217;extrait d&#8217;un ouvrage publi\u00e9 dans la presse avant sa parution. (d\u00e9finition du Larousse)<\/p>\n<\/div><\/div>\n<\/div>\n<\/div>\n\n\n\n<div class=\"wp-block-columns is-layout-flex wp-container-core-columns-is-layout-28f84493 wp-block-columns-is-layout-flex\">\n<div class=\"wp-block-column is-layout-flow wp-block-column-is-layout-flow\" style=\"flex-basis:66.66%\">\n<h2 class=\"wp-block-heading has-black-color has-text-color has-link-color wp-elements-c29796aa64794125d6057657d2436104\"><br><strong><strong>Nos trois prochains rendez-vous<\/strong><\/strong><\/h2>\n\n\n\n<p class=\"has-text-align-center\"><br><strong>Jeudi 30 AVRIL<\/strong><\/p>\n\n\n\n<p><strong>Chanson douce <\/strong>de Le\u00efla Slimani<\/p>\n\n\n\n<p>\u00abLouise ? Quelle chance vous avez d&#8217;\u00eatre tomb\u00e9s sur elle. Elle a \u00e9t\u00e9 comme une seconde m\u00e8re pour mes gar\u00e7ons. \u00c7a a \u00e9t\u00e9 un vrai cr\u00e8ve-coeur quand nous avons d\u00fb nous en s\u00e9parer. Pour tout vous dire, \u00e0 l&#8217;\u00e9poque, j&#8217;ai m\u00eame song\u00e9 \u00e0 faire un troisi\u00e8me enfant pour pouvoir la garder.\u00bb Lorsque Myriam d\u00e9cide malgr\u00e9 les r\u00e9ticences de son mari de reprendre son activit\u00e9 au sein d&#8217;un cabinet d&#8217;avocats, le couple se met \u00e0 la recherche d&#8217;une nounou. Apr\u00e8s un casting s\u00e9v\u00e8re, ils engagent Louise et sont conquis par son aisance avec Mila et Adam, et par le soin bient\u00f4t indispensable qu&#8217;elle apporte \u00e0 leur foyer, laissant progressivement s&#8217;installer le pi\u00e8ge de la d\u00e9pendance mutuelle..<\/p>\n\n\n\n<p class=\"has-text-align-center\"><strong>Jeudi 28 MAI<\/strong><\/p>\n\n\n\n<p><strong>Le bal des folles <\/strong>de Victoria Mas<\/p>\n\n\n\n<p>1885 : comme chaque ann\u00e9e, \u00e0 la Salp\u00eatri\u00e8re, se tient le tr\u00e8s mondain \u00ab bal des folles \u00bb. Le temps d&#8217;une soir\u00e9e, le Tout-Paris s&#8217;encanaille sur des airs de valse et de polka en compagnie de femmes d\u00e9guis\u00e9es en colombines, gitanes, zouaves et autres mousquetaires. Cette sc\u00e8ne joyeuse cache une r\u00e9alit\u00e9 sordide : ce bal \u00ab costum\u00e9 et dansant \u00bb n&#8217;est rien d&#8217;autre qu&#8217;une des derni\u00e8res exp\u00e9rimentations de Charcot, adepte de l&#8217;exposition des fous.<br>Dans ce livre terrible et puissant, Victoria Mas choisit de suivre le destin de ces femmes victimes d&#8217;une soci\u00e9t\u00e9 masculine qui leur interdit toute d\u00e9viance et les emprisonne. Parmi elles, Genevi\u00e8ve, d\u00e9vou\u00e9e corps et \u00e2me au c\u00e9l\u00e8bre neurologue ; Louise, abus\u00e9e par son oncle ; Th\u00e9r\u00e8se, une prostitu\u00e9e au grand coeur qui a eu le tort de pousser son souteneur dans la Seine ; Eug\u00e9nie enfin qui, parce qu&#8217;elle dialogue avec les morts, est envoy\u00e9e par son propre p\u00e8re croupir entre les murs de ce qu&#8217;il faut bien appeler une prison. Un hymne \u00e0 la libert\u00e9 pour toutes les femmes que le XIXe si\u00e8cle a essay\u00e9 de contraindre au silence<\/p>\n\n\n\n<p class=\"has-text-align-center\"><strong>Jeudi 25 JUIN<\/strong><\/p>\n\n\n\n<p><strong>Sarah Bernhardt <\/strong>de Fran\u00e7oise Sagan <\/p>\n\n\n\n<p>Voici une biographie litt\u00e9raire o\u00f9 la voix de l&#8217;autrice, sa musique, son style comptent autant que le personnage auquel elle s&#8217;attache.<br>C&#8217;est aussi la rencontre de deux femmes : l&#8217;une \u00e9crit, l&#8217;autre chante, peint, courtise, pose, compose ou joue.<br>Pour sa premi\u00e8re exp\u00e9rience de biographe, Fran\u00e7oise Sagan p\u00e9tille d&#8217;intelligence, de verve et d&#8217;esprit, et se distingue de tous ceux qui ont encens\u00e9 ou condamn\u00e9 Sarah Bernhardt, en prenant le parti d&#8217;interroger son h\u00e9ro\u00efne dans un portrait-miroir.<br>Elle nous livre une femme plus vivante, plus br\u00fblante, plus dr\u00f4le surtout que celle que nous connaissions jusqu&#8217;ici, surtout dans les plus tragiques moments de son existence. Comme un rire incassable.<\/p>\n\n\n\n<p><\/p>\n\n\n\n<p><\/p>\n\n\n\n<figure class=\"wp-block-gallery has-nested-images columns-default is-cropped wp-block-gallery-1 is-layout-flex wp-block-gallery-is-layout-flex\"><\/figure>\n<\/div>\n\n\n\n<div class=\"wp-block-column is-vertically-aligned-center is-layout-flow wp-block-column-is-layout-flow\" style=\"flex-basis:33.33%\"><\/div>\n<\/div>\n\n\n\n<p><\/p>","protected":false},"excerpt":{"rendered":"<p>LES BONNES FEUILLESLe bookclub de l\u2019\u00e9chapp\u00e9e close! Une fois par mois, l&#8217;\u00e9chapp\u00e9e close vous propose une rencontre autour d&#8217;un livre. Le concept est simple, celui du club lecture : vous achetez le livre \u00e0 la librairie, vous le lisez et nous en discutons tous ensemble autour d&#8217;un bon verre de vin! Pas besoin d&#8217;\u00eatre bilingue, [&hellip;]<\/p>","protected":false},"author":2,"featured_media":0,"parent":0,"menu_order":0,"comment_status":"closed","ping_status":"closed","template":"templates\/looping-page.php","meta":{"footnotes":""},"class_list":["post-11160","page","type-page","status-publish","hentry"],"yoast_head":"<!-- This site is optimized with the Yoast SEO plugin v27.3 - https:\/\/yoast.com\/product\/yoast-seo-wordpress\/ -->\n<title>Bookclub - l&#039;\u00e9chapp\u00e9e close<\/title>\n<meta name=\"robots\" content=\"index, follow, max-snippet:-1, max-image-preview:large, max-video-preview:-1\" \/>\n<link rel=\"canonical\" href=\"https:\/\/lechappeeclose.it\/it\/bookclub\/\" \/>\n<meta property=\"og:locale\" content=\"it_IT\" \/>\n<meta property=\"og:type\" content=\"article\" \/>\n<meta property=\"og:title\" content=\"Bookclub - l&#039;\u00e9chapp\u00e9e close\" \/>\n<meta property=\"og:description\" content=\"LES BONNES FEUILLESLe bookclub de l\u2019\u00e9chapp\u00e9e close! Une fois par mois, l&#8217;\u00e9chapp\u00e9e close vous propose une rencontre autour d&#8217;un livre. Le concept est simple, celui du club lecture : vous achetez le livre \u00e0 la librairie, vous le lisez et nous en discutons tous ensemble autour d&#8217;un bon verre de vin! Pas besoin d&#8217;\u00eatre bilingue, [&hellip;]\" \/>\n<meta property=\"og:url\" content=\"https:\/\/lechappeeclose.it\/it\/bookclub\/\" \/>\n<meta property=\"og:site_name\" content=\"l&#039;\u00e9chapp\u00e9e close\" \/>\n<meta property=\"article:modified_time\" content=\"2026-04-01T10:04:14+00:00\" \/>\n<meta property=\"og:image\" content=\"http:\/\/lechappeeclose.it\/wp-content\/uploads\/2026\/04\/Les-bonnes-feuilles-poster-4-724x1024.png\" \/>\n<meta name=\"twitter:card\" content=\"summary_large_image\" \/>\n<meta name=\"twitter:label1\" content=\"Tempo di lettura stimato\" \/>\n\t<meta name=\"twitter:data1\" content=\"3 minuti\" \/>\n<script type=\"application\/ld+json\" class=\"yoast-schema-graph\">{\"@context\":\"https:\\\/\\\/schema.org\",\"@graph\":[{\"@type\":\"WebPage\",\"@id\":\"https:\\\/\\\/lechappeeclose.it\\\/bookclub\\\/\",\"url\":\"https:\\\/\\\/lechappeeclose.it\\\/bookclub\\\/\",\"name\":\"Bookclub - l&#039;\u00e9chapp\u00e9e close\",\"isPartOf\":{\"@id\":\"https:\\\/\\\/lechappeeclose.it\\\/it\\\/#website\"},\"primaryImageOfPage\":{\"@id\":\"https:\\\/\\\/lechappeeclose.it\\\/bookclub\\\/#primaryimage\"},\"image\":{\"@id\":\"https:\\\/\\\/lechappeeclose.it\\\/bookclub\\\/#primaryimage\"},\"thumbnailUrl\":\"http:\\\/\\\/lechappeeclose.it\\\/wp-content\\\/uploads\\\/2026\\\/04\\\/Les-bonnes-feuilles-poster-4-724x1024.png\",\"datePublished\":\"2025-03-17T23:48:32+00:00\",\"dateModified\":\"2026-04-01T10:04:14+00:00\",\"breadcrumb\":{\"@id\":\"https:\\\/\\\/lechappeeclose.it\\\/bookclub\\\/#breadcrumb\"},\"inLanguage\":\"it-IT\",\"potentialAction\":[{\"@type\":\"ReadAction\",\"target\":[\"https:\\\/\\\/lechappeeclose.it\\\/bookclub\\\/\"]}]},{\"@type\":\"ImageObject\",\"inLanguage\":\"it-IT\",\"@id\":\"https:\\\/\\\/lechappeeclose.it\\\/bookclub\\\/#primaryimage\",\"url\":\"http:\\\/\\\/lechappeeclose.it\\\/wp-content\\\/uploads\\\/2026\\\/04\\\/Les-bonnes-feuilles-poster-4-724x1024.png\",\"contentUrl\":\"http:\\\/\\\/lechappeeclose.it\\\/wp-content\\\/uploads\\\/2026\\\/04\\\/Les-bonnes-feuilles-poster-4-724x1024.png\"},{\"@type\":\"BreadcrumbList\",\"@id\":\"https:\\\/\\\/lechappeeclose.it\\\/bookclub\\\/#breadcrumb\",\"itemListElement\":[{\"@type\":\"ListItem\",\"position\":1,\"name\":\"Accueil\",\"item\":\"https:\\\/\\\/lechappeeclose.it\\\/it\\\/\"},{\"@type\":\"ListItem\",\"position\":2,\"name\":\"Bookclub\"}]},{\"@type\":\"WebSite\",\"@id\":\"https:\\\/\\\/lechappeeclose.it\\\/it\\\/#website\",\"url\":\"https:\\\/\\\/lechappeeclose.it\\\/it\\\/\",\"name\":\"l&#039;\u00e9chapp\u00e9e close\",\"description\":\"la librairie fran\u00e7aise de Milan\",\"publisher\":{\"@id\":\"https:\\\/\\\/lechappeeclose.it\\\/it\\\/#organization\"},\"alternateName\":\"La librairie fran\u00e7aise de Milan\",\"potentialAction\":[{\"@type\":\"SearchAction\",\"target\":{\"@type\":\"EntryPoint\",\"urlTemplate\":\"https:\\\/\\\/lechappeeclose.it\\\/it\\\/?s={search_term_string}\"},\"query-input\":{\"@type\":\"PropertyValueSpecification\",\"valueRequired\":true,\"valueName\":\"search_term_string\"}}],\"inLanguage\":\"it-IT\"},{\"@type\":\"Organization\",\"@id\":\"https:\\\/\\\/lechappeeclose.it\\\/it\\\/#organization\",\"name\":\"l&#039;\u00e9chapp\u00e9e close\",\"url\":\"https:\\\/\\\/lechappeeclose.it\\\/it\\\/\",\"logo\":{\"@type\":\"ImageObject\",\"inLanguage\":\"it-IT\",\"@id\":\"https:\\\/\\\/lechappeeclose.it\\\/it\\\/#\\\/schema\\\/logo\\\/image\\\/\",\"url\":\"http:\\\/\\\/lechappeeclose.it\\\/wp-content\\\/uploads\\\/2025\\\/02\\\/cropped-logo-rond.png\",\"contentUrl\":\"http:\\\/\\\/lechappeeclose.it\\\/wp-content\\\/uploads\\\/2025\\\/02\\\/cropped-logo-rond.png\",\"width\":1080,\"height\":1080,\"caption\":\"l&#039;\u00e9chapp\u00e9e close\"},\"image\":{\"@id\":\"https:\\\/\\\/lechappeeclose.it\\\/it\\\/#\\\/schema\\\/logo\\\/image\\\/\"},\"sameAs\":[\"https:\\\/\\\/www.instagram.com\\\/lechappeeclose\\\/\"]}]}<\/script>\n<!-- \/ Yoast SEO plugin. -->","yoast_head_json":{"title":"Bookclub - l&#039;\u00e9chapp\u00e9e close","robots":{"index":"index","follow":"follow","max-snippet":"max-snippet:-1","max-image-preview":"max-image-preview:large","max-video-preview":"max-video-preview:-1"},"canonical":"https:\/\/lechappeeclose.it\/it\/bookclub\/","og_locale":"it_IT","og_type":"article","og_title":"Bookclub - l&#039;\u00e9chapp\u00e9e close","og_description":"LES BONNES FEUILLESLe bookclub de l\u2019\u00e9chapp\u00e9e close! Une fois par mois, l&#8217;\u00e9chapp\u00e9e close vous propose une rencontre autour d&#8217;un livre. Le concept est simple, celui du club lecture : vous achetez le livre \u00e0 la librairie, vous le lisez et nous en discutons tous ensemble autour d&#8217;un bon verre de vin! Pas besoin d&#8217;\u00eatre bilingue, [&hellip;]","og_url":"https:\/\/lechappeeclose.it\/it\/bookclub\/","og_site_name":"l&#039;\u00e9chapp\u00e9e close","article_modified_time":"2026-04-01T10:04:14+00:00","og_image":[{"url":"http:\/\/lechappeeclose.it\/wp-content\/uploads\/2026\/04\/Les-bonnes-feuilles-poster-4-724x1024.png","type":"","width":"","height":""}],"twitter_card":"summary_large_image","twitter_misc":{"Tempo di lettura stimato":"3 minuti"},"schema":{"@context":"https:\/\/schema.org","@graph":[{"@type":"WebPage","@id":"https:\/\/lechappeeclose.it\/bookclub\/","url":"https:\/\/lechappeeclose.it\/bookclub\/","name":"Bookclub - l&#039;\u00e9chapp\u00e9e close","isPartOf":{"@id":"https:\/\/lechappeeclose.it\/it\/#website"},"primaryImageOfPage":{"@id":"https:\/\/lechappeeclose.it\/bookclub\/#primaryimage"},"image":{"@id":"https:\/\/lechappeeclose.it\/bookclub\/#primaryimage"},"thumbnailUrl":"http:\/\/lechappeeclose.it\/wp-content\/uploads\/2026\/04\/Les-bonnes-feuilles-poster-4-724x1024.png","datePublished":"2025-03-17T23:48:32+00:00","dateModified":"2026-04-01T10:04:14+00:00","breadcrumb":{"@id":"https:\/\/lechappeeclose.it\/bookclub\/#breadcrumb"},"inLanguage":"it-IT","potentialAction":[{"@type":"ReadAction","target":["https:\/\/lechappeeclose.it\/bookclub\/"]}]},{"@type":"ImageObject","inLanguage":"it-IT","@id":"https:\/\/lechappeeclose.it\/bookclub\/#primaryimage","url":"http:\/\/lechappeeclose.it\/wp-content\/uploads\/2026\/04\/Les-bonnes-feuilles-poster-4-724x1024.png","contentUrl":"http:\/\/lechappeeclose.it\/wp-content\/uploads\/2026\/04\/Les-bonnes-feuilles-poster-4-724x1024.png"},{"@type":"BreadcrumbList","@id":"https:\/\/lechappeeclose.it\/bookclub\/#breadcrumb","itemListElement":[{"@type":"ListItem","position":1,"name":"Accueil","item":"https:\/\/lechappeeclose.it\/it\/"},{"@type":"ListItem","position":2,"name":"Bookclub"}]},{"@type":"WebSite","@id":"https:\/\/lechappeeclose.it\/it\/#website","url":"https:\/\/lechappeeclose.it\/it\/","name":"l&#039;\u00e9chapp\u00e9e close","description":"La libreria francese di Milano","publisher":{"@id":"https:\/\/lechappeeclose.it\/it\/#organization"},"alternateName":"La librairie fran\u00e7aise de Milan","potentialAction":[{"@type":"SearchAction","target":{"@type":"EntryPoint","urlTemplate":"https:\/\/lechappeeclose.it\/it\/?s={search_term_string}"},"query-input":{"@type":"PropertyValueSpecification","valueRequired":true,"valueName":"search_term_string"}}],"inLanguage":"it-IT"},{"@type":"Organization","@id":"https:\/\/lechappeeclose.it\/it\/#organization","name":"l&#039;\u00e9chapp\u00e9e close","url":"https:\/\/lechappeeclose.it\/it\/","logo":{"@type":"ImageObject","inLanguage":"it-IT","@id":"https:\/\/lechappeeclose.it\/it\/#\/schema\/logo\/image\/","url":"http:\/\/lechappeeclose.it\/wp-content\/uploads\/2025\/02\/cropped-logo-rond.png","contentUrl":"http:\/\/lechappeeclose.it\/wp-content\/uploads\/2025\/02\/cropped-logo-rond.png","width":1080,"height":1080,"caption":"l&#039;\u00e9chapp\u00e9e close"},"image":{"@id":"https:\/\/lechappeeclose.it\/it\/#\/schema\/logo\/image\/"},"sameAs":["https:\/\/www.instagram.com\/lechappeeclose\/"]}]}},"_links":{"self":[{"href":"http:\/\/lechappeeclose.it\/it\/wp-json\/wp\/v2\/pages\/11160","targetHints":{"allow":["GET"]}}],"collection":[{"href":"http:\/\/lechappeeclose.it\/it\/wp-json\/wp\/v2\/pages"}],"about":[{"href":"http:\/\/lechappeeclose.it\/it\/wp-json\/wp\/v2\/types\/page"}],"author":[{"embeddable":true,"href":"http:\/\/lechappeeclose.it\/it\/wp-json\/wp\/v2\/users\/2"}],"replies":[{"embeddable":true,"href":"http:\/\/lechappeeclose.it\/it\/wp-json\/wp\/v2\/comments?post=11160"}],"version-history":[{"count":0,"href":"http:\/\/lechappeeclose.it\/it\/wp-json\/wp\/v2\/pages\/11160\/revisions"}],"wp:attachment":[{"href":"http:\/\/lechappeeclose.it\/it\/wp-json\/wp\/v2\/media?parent=11160"}],"curies":[{"name":"wp","href":"https:\/\/api.w.org\/{rel}","templated":true}]}}