{"id":10887,"date":"2025-02-21T21:15:38","date_gmt":"2025-02-21T20:15:38","guid":{"rendered":"https:\/\/lechappeeclose.it\/?page_id=10887"},"modified":"2025-06-24T15:23:02","modified_gmt":"2025-06-24T13:23:02","slug":"livres","status":"publish","type":"page","link":"http:\/\/lechappeeclose.it\/it\/livres\/","title":{"rendered":"Libri"},"content":{"rendered":"<p><\/p>\n\n\n\n<p><\/p>\n\n\n\n<p>\u00c0\u00a0 vous de choisir, de piocher, de vous \u00e9garer dans les m\u00e9andres des milliers de titres que nous vous proposons en ligne. Plus de choix et plus de conseils \u00e0 la librairie !<\/p>\n\n\n\n<p>Quasi tutte le opere sono state scritte da autrici e autori di lingua francese che sono il fiore all'occhiello dell'editoria francofona.<\/p>\n\n\n\n<p>Se non trovate quello che cercate, scriveteci a info@lechappeeclose.it, ordineremo con piacere ci\u00f2 che desiderate! <\/p>\n\n\n\n<p><\/p>\n\n\n\n<p><\/p>\n\n\n         <div class=\"grid\">\n            <div class=\"grid-sizer\"><\/div>\n            <div class=\"grid-item\">     <a href=\"http:\/\/lechappeeclose.it\/it\/boutique\/livres\/arts\/photographie\/being-a-photographer-in-africa\/\" class=\"book-container\">\n        <img loading=\"lazy\" decoding=\"async\" width=\"324\" height=\"371\" src=\"http:\/\/lechappeeclose.it\/wp-content\/uploads\/2026\/04\/Being-a-photographer-in-Africa-324x371.jpeg\" class=\"attachment-woocommerce_thumbnail size-woocommerce_thumbnail\" alt=\"Being a photographer in Africa\" srcset=\"http:\/\/lechappeeclose.it\/wp-content\/uploads\/2026\/04\/Being-a-photographer-in-Africa-324x371.jpeg 324w, http:\/\/lechappeeclose.it\/wp-content\/uploads\/2026\/04\/Being-a-photographer-in-Africa-262x300.jpeg 262w, http:\/\/lechappeeclose.it\/wp-content\/uploads\/2026\/04\/Being-a-photographer-in-Africa-10x12.jpeg 10w, http:\/\/lechappeeclose.it\/wp-content\/uploads\/2026\/04\/Being-a-photographer-in-Africa-416x476.jpeg 416w, http:\/\/lechappeeclose.it\/wp-content\/uploads\/2026\/04\/Being-a-photographer-in-Africa.jpeg 437w\" sizes=\"auto, (max-width: 324px) 100vw, 324px\" \/>        <div class=\"bubble\">40.00 \u20ac<\/div>\n        <div class=\"label\">\n            <div class=\"title\">\n                <p><b>Being a photographer in Africa<\/b><\/p>\n                <p><i>Afrique in visu (Association)<\/i><\/p>\n            <\/div>\n            <div class=\"add-product-book-button\" data-id=\" 13211\" data-quantity=\"0\">\n            <\/div>\n        <\/div>\n    <\/a> \n\n<\/div><div class=\"grid-item\">     <a href=\"http:\/\/lechappeeclose.it\/it\/boutique\/livres\/jeunesse\/la-trilogie-de-fleurville\/\" class=\"book-container\">\n        <img loading=\"lazy\" decoding=\"async\" width=\"324\" height=\"441\" src=\"http:\/\/lechappeeclose.it\/wp-content\/uploads\/2026\/04\/La-trilogie-de-Fleurville-324x441.jpeg\" class=\"attachment-woocommerce_thumbnail size-woocommerce_thumbnail\" alt=\"La trilogie de Fleurville\" srcset=\"http:\/\/lechappeeclose.it\/wp-content\/uploads\/2026\/04\/La-trilogie-de-Fleurville-324x441.jpeg 324w, http:\/\/lechappeeclose.it\/wp-content\/uploads\/2026\/04\/La-trilogie-de-Fleurville-220x300.jpeg 220w, http:\/\/lechappeeclose.it\/wp-content\/uploads\/2026\/04\/La-trilogie-de-Fleurville-9x12.jpeg 9w, http:\/\/lechappeeclose.it\/wp-content\/uploads\/2026\/04\/La-trilogie-de-Fleurville-416x566.jpeg 416w, http:\/\/lechappeeclose.it\/wp-content\/uploads\/2026\/04\/La-trilogie-de-Fleurville.jpeg 600w\" sizes=\"auto, (max-width: 324px) 100vw, 324px\" \/>        <div class=\"bubble small\">16.50 \u20ac<\/div>\n        <div class=\"label\">\n            <div class=\"title\">\n                <p><b>La trilogie de Fleurville<\/b><\/p>\n                <p><i><\/i><\/p>\n            <\/div>\n            <div class=\"add-product-book-button\" data-id=\" 13182\" data-quantity=\"0\">\n            <\/div>\n        <\/div>\n    <\/a> \n\n<\/div><div class=\"grid-item\">     <a href=\"http:\/\/lechappeeclose.it\/it\/boutique\/livres\/jeunesse\/comment-ratatiner-les-sorcieres\/\" class=\"book-container\">\n        <img loading=\"lazy\" decoding=\"async\" width=\"324\" height=\"361\" src=\"http:\/\/lechappeeclose.it\/wp-content\/uploads\/2026\/04\/Comment-ratatiner-les-sorcieres-324x361.jpeg\" class=\"attachment-woocommerce_thumbnail size-woocommerce_thumbnail\" alt=\"Comment ratatiner les sorci\u00e8res ?\" srcset=\"http:\/\/lechappeeclose.it\/wp-content\/uploads\/2026\/04\/Comment-ratatiner-les-sorcieres-324x361.jpeg 324w, http:\/\/lechappeeclose.it\/wp-content\/uploads\/2026\/04\/Comment-ratatiner-les-sorcieres-269x300.jpeg 269w, http:\/\/lechappeeclose.it\/wp-content\/uploads\/2026\/04\/Comment-ratatiner-les-sorcieres-11x12.jpeg 11w, http:\/\/lechappeeclose.it\/wp-content\/uploads\/2026\/04\/Comment-ratatiner-les-sorcieres-416x463.jpeg 416w, http:\/\/lechappeeclose.it\/wp-content\/uploads\/2026\/04\/Comment-ratatiner-les-sorcieres.jpeg 449w\" sizes=\"auto, (max-width: 324px) 100vw, 324px\" \/>        <div class=\"bubble\">15.00 \u20ac<\/div>\n        <div class=\"label\">\n            <div class=\"title\">\n                <p><b>Comment ratatiner les sorci\u00e8res ?<\/b><\/p>\n                <p><i><\/i><\/p>\n            <\/div>\n            <div class=\"add-product-book-button\" data-id=\" 13180\" data-quantity=\"0\">\n            <\/div>\n        <\/div>\n    <\/a> \n\n<\/div><div class=\"grid-item\">     <a href=\"http:\/\/lechappeeclose.it\/it\/boutique\/livres\/jeunesse\/comment-ratatiner-les-pirates\/\" class=\"book-container\">\n        <img loading=\"lazy\" decoding=\"async\" width=\"324\" height=\"362\" src=\"http:\/\/lechappeeclose.it\/wp-content\/uploads\/2026\/04\/Comment-ratatiner-les-pirates-324x362.jpeg\" class=\"attachment-woocommerce_thumbnail size-woocommerce_thumbnail\" alt=\"Comment ratatiner les pirates ?\" srcset=\"http:\/\/lechappeeclose.it\/wp-content\/uploads\/2026\/04\/Comment-ratatiner-les-pirates-324x362.jpeg 324w, http:\/\/lechappeeclose.it\/wp-content\/uploads\/2026\/04\/Comment-ratatiner-les-pirates-269x300.jpeg 269w, http:\/\/lechappeeclose.it\/wp-content\/uploads\/2026\/04\/Comment-ratatiner-les-pirates-11x12.jpeg 11w, http:\/\/lechappeeclose.it\/wp-content\/uploads\/2026\/04\/Comment-ratatiner-les-pirates-416x464.jpeg 416w, http:\/\/lechappeeclose.it\/wp-content\/uploads\/2026\/04\/Comment-ratatiner-les-pirates.jpeg 448w\" sizes=\"auto, (max-width: 324px) 100vw, 324px\" \/>        <div class=\"bubble\">15.00 \u20ac<\/div>\n        <div class=\"label\">\n            <div class=\"title\">\n                <p><b>Comment ratatiner les pirates ?<\/b><\/p>\n                <p><i>Catherine Leblanc<\/i><\/p>\n            <\/div>\n            <div class=\"add-product-book-button\" data-id=\" 13178\" data-quantity=\"0\">\n            <\/div>\n        <\/div>\n    <\/a> \n\n<\/div><div class=\"grid-item\">     <a href=\"http:\/\/lechappeeclose.it\/it\/boutique\/livres\/jeunesse\/prescolaire\/archibald-au-lit\/\" class=\"book-container\">\n        <img loading=\"lazy\" decoding=\"async\" width=\"324\" height=\"372\" src=\"http:\/\/lechappeeclose.it\/wp-content\/uploads\/2026\/04\/Archibald-Au-lit-324x372.jpeg\" class=\"attachment-woocommerce_thumbnail size-woocommerce_thumbnail\" alt=\"Archibald - Au lit !\" srcset=\"http:\/\/lechappeeclose.it\/wp-content\/uploads\/2026\/04\/Archibald-Au-lit-324x372.jpeg 324w, http:\/\/lechappeeclose.it\/wp-content\/uploads\/2026\/04\/Archibald-Au-lit-262x300.jpeg 262w, http:\/\/lechappeeclose.it\/wp-content\/uploads\/2026\/04\/Archibald-Au-lit-10x12.jpeg 10w, http:\/\/lechappeeclose.it\/wp-content\/uploads\/2026\/04\/Archibald-Au-lit-416x477.jpeg 416w, http:\/\/lechappeeclose.it\/wp-content\/uploads\/2026\/04\/Archibald-Au-lit.jpeg 436w\" sizes=\"auto, (max-width: 324px) 100vw, 324px\" \/>        <div class=\"bubble small\">11.90 \u20ac<\/div>\n        <div class=\"label\">\n            <div class=\"title\">\n                <p><b>Archibald &#8211; Au lit !<\/b><\/p>\n                <p><i><\/i><\/p>\n            <\/div>\n            <div class=\"add-product-book-button\" data-id=\" 13175\" data-quantity=\"0\">\n            <\/div>\n        <\/div>\n    <\/a> \n\n<\/div><div class=\"grid-item\">     <a href=\"http:\/\/lechappeeclose.it\/it\/boutique\/livres\/jeunesse\/prescolaire\/apres-la-pluie\/\" class=\"book-container\">\n        <img loading=\"lazy\" decoding=\"async\" width=\"324\" height=\"373\" src=\"http:\/\/lechappeeclose.it\/wp-content\/uploads\/2026\/04\/Apres-la-pluie-324x373.jpeg\" class=\"attachment-woocommerce_thumbnail size-woocommerce_thumbnail\" alt=\"Apr\u00e8s la pluie\" srcset=\"http:\/\/lechappeeclose.it\/wp-content\/uploads\/2026\/04\/Apres-la-pluie-324x373.jpeg 324w, http:\/\/lechappeeclose.it\/wp-content\/uploads\/2026\/04\/Apres-la-pluie-261x300.jpeg 261w, http:\/\/lechappeeclose.it\/wp-content\/uploads\/2026\/04\/Apres-la-pluie-889x1024.jpeg 889w, http:\/\/lechappeeclose.it\/wp-content\/uploads\/2026\/04\/Apres-la-pluie-768x884.jpeg 768w, http:\/\/lechappeeclose.it\/wp-content\/uploads\/2026\/04\/Apres-la-pluie-1334x1536.jpeg 1334w, http:\/\/lechappeeclose.it\/wp-content\/uploads\/2026\/04\/Apres-la-pluie-10x12.jpeg 10w, http:\/\/lechappeeclose.it\/wp-content\/uploads\/2026\/04\/Apres-la-pluie-416x479.jpeg 416w, http:\/\/lechappeeclose.it\/wp-content\/uploads\/2026\/04\/Apres-la-pluie.jpeg 1400w\" sizes=\"auto, (max-width: 324px) 100vw, 324px\" \/>        <div class=\"bubble small\">11.90 \u20ac<\/div>\n        <div class=\"label\">\n            <div class=\"title\">\n                <p><b>Apr\u00e8s la pluie<\/b><\/p>\n                <p><i>Astrid Desbordes<\/i><\/p>\n            <\/div>\n            <div class=\"add-product-book-button\" data-id=\" 13173\" data-quantity=\"0\">\n            <\/div>\n        <\/div>\n    <\/a> \n\n<\/div><div class=\"grid-item\">     <a href=\"http:\/\/lechappeeclose.it\/it\/boutique\/livres\/jeunesse\/prescolaire\/au-revoir-mesange\/\" class=\"book-container\">\n        <img loading=\"lazy\" decoding=\"async\" width=\"324\" height=\"372\" src=\"http:\/\/lechappeeclose.it\/wp-content\/uploads\/2026\/04\/Au-revoir-mesange-324x372.jpeg\" class=\"attachment-woocommerce_thumbnail size-woocommerce_thumbnail\" alt=\"Au revoir m\u00e9sange\" srcset=\"http:\/\/lechappeeclose.it\/wp-content\/uploads\/2026\/04\/Au-revoir-mesange-324x372.jpeg 324w, http:\/\/lechappeeclose.it\/wp-content\/uploads\/2026\/04\/Au-revoir-mesange-261x300.jpeg 261w, http:\/\/lechappeeclose.it\/wp-content\/uploads\/2026\/04\/Au-revoir-mesange-10x12.jpeg 10w, http:\/\/lechappeeclose.it\/wp-content\/uploads\/2026\/04\/Au-revoir-mesange-416x478.jpeg 416w, http:\/\/lechappeeclose.it\/wp-content\/uploads\/2026\/04\/Au-revoir-mesange.jpeg 435w\" sizes=\"auto, (max-width: 324px) 100vw, 324px\" \/>        <div class=\"bubble small\">11.90 \u20ac<\/div>\n        <div class=\"label\">\n            <div class=\"title\">\n                <p><b>Au revoir m\u00e9sange<\/b><\/p>\n                <p><i>Astrid Desbordes<\/i><\/p>\n            <\/div>\n            <div class=\"add-product-book-button\" data-id=\" 13171\" data-quantity=\"0\">\n            <\/div>\n        <\/div>\n    <\/a> \n\n<\/div><div class=\"grid-item\">     <a href=\"http:\/\/lechappeeclose.it\/it\/boutique\/livres\/arts\/photographie\/cuba\/\" class=\"book-container\">\n        <img loading=\"lazy\" decoding=\"async\" width=\"324\" height=\"430\" src=\"http:\/\/lechappeeclose.it\/wp-content\/uploads\/2026\/04\/Cuba-324x430.jpeg\" class=\"attachment-woocommerce_thumbnail size-woocommerce_thumbnail\" alt=\"Cuba\" srcset=\"http:\/\/lechappeeclose.it\/wp-content\/uploads\/2026\/04\/Cuba-324x430.jpeg 324w, http:\/\/lechappeeclose.it\/wp-content\/uploads\/2026\/04\/Cuba-226x300.jpeg 226w, http:\/\/lechappeeclose.it\/wp-content\/uploads\/2026\/04\/Cuba-9x12.jpeg 9w, http:\/\/lechappeeclose.it\/wp-content\/uploads\/2026\/04\/Cuba.jpeg 377w\" sizes=\"auto, (max-width: 324px) 100vw, 324px\" \/>        <div class=\"bubble\">20.00 \u20ac<\/div>\n        <div class=\"label\">\n            <div class=\"title\">\n                <p><b>Cuba<\/b><\/p>\n                <p><i>Jean Daniel, Marc Riboud<\/i><\/p>\n            <\/div>\n            <div class=\"add-product-book-button\" data-id=\" 13169\" data-quantity=\"0\">\n            <\/div>\n        <\/div>\n    <\/a> \n\n<\/div><div class=\"grid-item\">     <a href=\"http:\/\/lechappeeclose.it\/it\/boutique\/livres\/litterature\/romans\/lemerveillement\/\" class=\"book-container\">\n        <img loading=\"lazy\" decoding=\"async\" width=\"316\" height=\"500\" src=\"http:\/\/lechappeeclose.it\/wp-content\/uploads\/2026\/04\/LEmerveillement.jpeg\" class=\"attachment-woocommerce_thumbnail size-woocommerce_thumbnail\" alt=\"L&#039;\u00c9merveillement\" srcset=\"http:\/\/lechappeeclose.it\/wp-content\/uploads\/2026\/04\/LEmerveillement.jpeg 316w, http:\/\/lechappeeclose.it\/wp-content\/uploads\/2026\/04\/LEmerveillement-190x300.jpeg 190w, http:\/\/lechappeeclose.it\/wp-content\/uploads\/2026\/04\/LEmerveillement-8x12.jpeg 8w\" sizes=\"auto, (max-width: 316px) 100vw, 316px\" \/>        <div class=\"bubble small\">22.40 \u20ac<\/div>\n        <div class=\"label\">\n            <div class=\"title\">\n                <p><b>L&#8217;\u00c9merveillement<\/b><\/p>\n                <p><i><\/i><\/p>\n            <\/div>\n            <div class=\"add-product-book-button\" data-id=\" 13166\" data-quantity=\"0\">\n            <\/div>\n        <\/div>\n    <\/a> \n\n<\/div><div class=\"grid-item\">     <a href=\"http:\/\/lechappeeclose.it\/it\/boutique\/livres\/litterature\/romans\/une-foret\/\" class=\"book-container\">\n        <img loading=\"lazy\" decoding=\"async\" width=\"324\" height=\"475\" src=\"http:\/\/lechappeeclose.it\/wp-content\/uploads\/2026\/04\/Une-foret-324x475.jpeg\" class=\"attachment-woocommerce_thumbnail size-woocommerce_thumbnail\" alt=\"Une for\u00eat\" srcset=\"http:\/\/lechappeeclose.it\/wp-content\/uploads\/2026\/04\/Une-foret-324x475.jpeg 324w, http:\/\/lechappeeclose.it\/wp-content\/uploads\/2026\/04\/Une-foret-205x300.jpeg 205w, http:\/\/lechappeeclose.it\/wp-content\/uploads\/2026\/04\/Une-foret-8x12.jpeg 8w, http:\/\/lechappeeclose.it\/wp-content\/uploads\/2026\/04\/Une-foret.jpeg 341w\" sizes=\"auto, (max-width: 324px) 100vw, 324px\" \/>        <div class=\"bubble small\">17.90 \u20ac<\/div>\n        <div class=\"label\">\n            <div class=\"title\">\n                <p><b>Une for\u00eat<\/b><\/p>\n                <p><i><\/i><\/p>\n            <\/div>\n            <div class=\"add-product-book-button\" data-id=\" 13164\" data-quantity=\"0\">\n            <\/div>\n        <\/div>\n    <\/a> \n\n<\/div>        <\/div>\n        <p id=\"load-product\" style=\"text-align:center;\">Chargement en cours<\/p>\n    <script src=\"https:\/\/unpkg.com\/masonry-layout@4\/dist\/masonry.pkgd.min.js\"><\/script>\n    <script src=\"https:\/\/unpkg.com\/imagesloaded@5\/imagesloaded.pkgd.js\"><\/script>\n    <script>\n        let state = {\n            category: \"livres\",\n            tag: \"\",\n            page: 2\n        }\n        let grid = document.querySelector(\".grid\")\n        let msnry = new Masonry( grid, {\n            percentPosition: true,\n            columnWidth: '.grid-sizer',\n            itemSelector: '.grid-item',\n            gutter: 10,\n            resize: true\n        });\n\n        imagesLoaded( grid ).on( 'progress', function(instance, image) {\n            msnry.layout();\n            image.img.className += \" animate\"\n        });\n\n        \n        let load_product = document.getElementById(\"load-product\");\n\n        let observer = new IntersectionObserver((entries) => {\n            entries.forEach(entry => {\n                if (entry.isIntersecting) {\n                    getProducts(); \n                }\n            });\n        }, { threshold: 0.5 }); \/\/ 50% de l'\u00e9l\u00e9ment doit \u00eatre visible\n\n        observer.observe(load_product);\n\n        let loading = false\n        function getProducts() {\n            if(loading) {\n                return;\n            }\n            loading = true;\n            let data = new FormData();\n            data.append('action', 'load_more_products');\n            data.append('paged', state.page++);\n            data.append('category', state.category);\n            data.append('tag', state.tag);\n            fetch(\"http:\/\/lechappeeclose.it\/wp-admin\/admin-ajax.php\", {\n                method: 'POST',\n                body: data\n            })\n            .then(e => e.text())\n            .then((html) => {\n                let data = html.trim()\n                if(data == 0 || data == '') {\n                    load_product.remove();\n                    return\n                }\n                let tempDiv = document.createElement(\"div\");\n                tempDiv.innerHTML = data;\n                const items = [...tempDiv.children]\n                items.forEach(e => {\n                    grid.appendChild(e)\n                })\n                msnry.appended(items)\n                loading = false;\n            })\n        }\n\n    <\/script>\n\n     <style>\n        .grid-sizer,\n        .grid-item { \n            width: 48%;\n            padding: 0 0 .5rem;\n            overflow: hidden;\n         }\n         @media (min-width: 500px) {\n            .grid-sizer,\n            .grid-item { \n                max-width: 150px; \n                padding: 0 1rem 1rem;\n            }\n        }\n         \n        .grid-item {\n            float: left;\n            transform-style: preserve-3d;\n        }\n        .grid-item > * {\n            width: 100%!important;\n        }\n        .grid-item img  {\n            max-width: 100%;\n            max-height: 100%;\n            width: 100%;\n        }\n        .grid {\n            perspective: 1300px;\n        }\n\n        .grid-item .animate {\n            transform: translateZ(400px) translateY(300px) rotateX(-90deg);\n            animation: fallPerspective .8s ease-in-out forwards;\n        }\n        @keyframes fallPerspective {\n            100% { transform: translateZ(0px) translateY(0px) rotateX(0deg); opacity: 1; }\n        }\n    <\/style>\n\n        \n\n\n\n<p><\/p>","protected":false},"excerpt":{"rendered":"<p>\u00c0\u00a0 vous de choisir, de piocher, de vous \u00e9garer dans les m\u00e9andres des milliers de titres que nous vous proposons en ligne. Plus de choix et plus de conseils \u00e0 la librairie ! Tous les ouvrages ou presque ont \u00e9t\u00e9 \u00e9crits par des autrices-auteurs de langue fran\u00e7aise qui font le fleuron de l&#8217;\u00e9dition francophone. Si [&hellip;]<\/p>","protected":false},"author":2,"featured_media":0,"parent":0,"menu_order":0,"comment_status":"closed","ping_status":"closed","template":"","meta":{"footnotes":""},"class_list":["post-10887","page","type-page","status-publish","hentry"],"yoast_head":"<!-- This site is optimized with the Yoast SEO plugin v27.4 - https:\/\/yoast.com\/product\/yoast-seo-wordpress\/ -->\n<title>Livres - l&#039;\u00e9chapp\u00e9e close<\/title>\n<meta name=\"robots\" content=\"index, follow, max-snippet:-1, max-image-preview:large, max-video-preview:-1\" \/>\n<link rel=\"canonical\" href=\"https:\/\/lechappeeclose.it\/it\/livres\/\" \/>\n<meta property=\"og:locale\" content=\"it_IT\" \/>\n<meta property=\"og:type\" content=\"article\" \/>\n<meta property=\"og:title\" content=\"Livres - l&#039;\u00e9chapp\u00e9e close\" \/>\n<meta property=\"og:description\" content=\"\u00c0\u00a0 vous de choisir, de piocher, de vous \u00e9garer dans les m\u00e9andres des milliers de titres que nous vous proposons en ligne. Plus de choix et plus de conseils \u00e0 la librairie ! Tous les ouvrages ou presque ont \u00e9t\u00e9 \u00e9crits par des autrices-auteurs de langue fran\u00e7aise qui font le fleuron de l&#8217;\u00e9dition francophone. Si [&hellip;]\" \/>\n<meta property=\"og:url\" content=\"https:\/\/lechappeeclose.it\/it\/livres\/\" \/>\n<meta property=\"og:site_name\" content=\"l&#039;\u00e9chapp\u00e9e close\" \/>\n<meta property=\"article:modified_time\" content=\"2025-06-24T13:23:02+00:00\" \/>\n<meta property=\"og:image\" content=\"http:\/\/lechappeeclose.it\/wp-content\/uploads\/2023\/02\/Les-romans-de-lechappee-close-scaled.jpg\" \/>\n\t<meta property=\"og:image:width\" content=\"2560\" \/>\n\t<meta property=\"og:image:height\" content=\"1440\" \/>\n\t<meta property=\"og:image:type\" content=\"image\/jpeg\" \/>\n<meta name=\"twitter:card\" content=\"summary_large_image\" \/>\n<meta name=\"twitter:label1\" content=\"Tempo di lettura stimato\" \/>\n\t<meta name=\"twitter:data1\" content=\"1 minuto\" \/>\n<script type=\"application\/ld+json\" class=\"yoast-schema-graph\">{\"@context\":\"https:\\\/\\\/schema.org\",\"@graph\":[{\"@type\":\"WebPage\",\"@id\":\"https:\\\/\\\/lechappeeclose.it\\\/livres\\\/\",\"url\":\"https:\\\/\\\/lechappeeclose.it\\\/livres\\\/\",\"name\":\"Livres - l&#039;\u00e9chapp\u00e9e close\",\"isPartOf\":{\"@id\":\"http:\\\/\\\/lechappeeclose.it\\\/#website\"},\"datePublished\":\"2025-02-21T20:15:38+00:00\",\"dateModified\":\"2025-06-24T13:23:02+00:00\",\"breadcrumb\":{\"@id\":\"https:\\\/\\\/lechappeeclose.it\\\/livres\\\/#breadcrumb\"},\"inLanguage\":\"it-IT\",\"potentialAction\":[{\"@type\":\"ReadAction\",\"target\":[\"https:\\\/\\\/lechappeeclose.it\\\/livres\\\/\"]}]},{\"@type\":\"BreadcrumbList\",\"@id\":\"https:\\\/\\\/lechappeeclose.it\\\/livres\\\/#breadcrumb\",\"itemListElement\":[{\"@type\":\"ListItem\",\"position\":1,\"name\":\"Accueil\",\"item\":\"http:\\\/\\\/lechappeeclose.it\\\/\"},{\"@type\":\"ListItem\",\"position\":2,\"name\":\"Livres\"}]},{\"@type\":\"WebSite\",\"@id\":\"http:\\\/\\\/lechappeeclose.it\\\/#website\",\"url\":\"http:\\\/\\\/lechappeeclose.it\\\/\",\"name\":\"l&#039;\u00e9chapp\u00e9e close\",\"description\":\"la librairie fran\u00e7aise de Milan\",\"publisher\":{\"@id\":\"http:\\\/\\\/lechappeeclose.it\\\/#organization\"},\"alternateName\":\"La librairie fran\u00e7aise de Milan\",\"potentialAction\":[{\"@type\":\"SearchAction\",\"target\":{\"@type\":\"EntryPoint\",\"urlTemplate\":\"http:\\\/\\\/lechappeeclose.it\\\/?s={search_term_string}\"},\"query-input\":{\"@type\":\"PropertyValueSpecification\",\"valueRequired\":true,\"valueName\":\"search_term_string\"}}],\"inLanguage\":\"it-IT\"},{\"@type\":\"Organization\",\"@id\":\"http:\\\/\\\/lechappeeclose.it\\\/#organization\",\"name\":\"l&#039;\u00e9chapp\u00e9e close\",\"url\":\"http:\\\/\\\/lechappeeclose.it\\\/\",\"logo\":{\"@type\":\"ImageObject\",\"inLanguage\":\"it-IT\",\"@id\":\"http:\\\/\\\/lechappeeclose.it\\\/#\\\/schema\\\/logo\\\/image\\\/\",\"url\":\"http:\\\/\\\/lechappeeclose.it\\\/wp-content\\\/uploads\\\/2025\\\/02\\\/cropped-logo-rond.png\",\"contentUrl\":\"http:\\\/\\\/lechappeeclose.it\\\/wp-content\\\/uploads\\\/2025\\\/02\\\/cropped-logo-rond.png\",\"width\":1080,\"height\":1080,\"caption\":\"l&#039;\u00e9chapp\u00e9e close\"},\"image\":{\"@id\":\"http:\\\/\\\/lechappeeclose.it\\\/#\\\/schema\\\/logo\\\/image\\\/\"},\"sameAs\":[\"https:\\\/\\\/www.instagram.com\\\/lechappeeclose\\\/\"]}]}<\/script>\n<!-- \/ Yoast SEO plugin. -->","yoast_head_json":{"title":"Livres - l&#039;\u00e9chapp\u00e9e close","robots":{"index":"index","follow":"follow","max-snippet":"max-snippet:-1","max-image-preview":"max-image-preview:large","max-video-preview":"max-video-preview:-1"},"canonical":"https:\/\/lechappeeclose.it\/it\/livres\/","og_locale":"it_IT","og_type":"article","og_title":"Livres - l&#039;\u00e9chapp\u00e9e close","og_description":"\u00c0\u00a0 vous de choisir, de piocher, de vous \u00e9garer dans les m\u00e9andres des milliers de titres que nous vous proposons en ligne. Plus de choix et plus de conseils \u00e0 la librairie ! Tous les ouvrages ou presque ont \u00e9t\u00e9 \u00e9crits par des autrices-auteurs de langue fran\u00e7aise qui font le fleuron de l&#8217;\u00e9dition francophone. Si [&hellip;]","og_url":"https:\/\/lechappeeclose.it\/it\/livres\/","og_site_name":"l&#039;\u00e9chapp\u00e9e close","article_modified_time":"2025-06-24T13:23:02+00:00","og_image":[{"width":2560,"height":1440,"url":"http:\/\/lechappeeclose.it\/wp-content\/uploads\/2023\/02\/Les-romans-de-lechappee-close-scaled.jpg","type":"image\/jpeg"}],"twitter_card":"summary_large_image","twitter_misc":{"Tempo di lettura stimato":"1 minuto"},"schema":{"@context":"https:\/\/schema.org","@graph":[{"@type":"WebPage","@id":"https:\/\/lechappeeclose.it\/livres\/","url":"https:\/\/lechappeeclose.it\/livres\/","name":"Livres - l&#039;\u00e9chapp\u00e9e close","isPartOf":{"@id":"http:\/\/lechappeeclose.it\/#website"},"datePublished":"2025-02-21T20:15:38+00:00","dateModified":"2025-06-24T13:23:02+00:00","breadcrumb":{"@id":"https:\/\/lechappeeclose.it\/livres\/#breadcrumb"},"inLanguage":"it-IT","potentialAction":[{"@type":"ReadAction","target":["https:\/\/lechappeeclose.it\/livres\/"]}]},{"@type":"BreadcrumbList","@id":"https:\/\/lechappeeclose.it\/livres\/#breadcrumb","itemListElement":[{"@type":"ListItem","position":1,"name":"Accueil","item":"http:\/\/lechappeeclose.it\/"},{"@type":"ListItem","position":2,"name":"Livres"}]},{"@type":"WebSite","@id":"http:\/\/lechappeeclose.it\/#website","url":"http:\/\/lechappeeclose.it\/","name":"l&#039;\u00e9chapp\u00e9e close","description":"La libreria francese di Milano","publisher":{"@id":"http:\/\/lechappeeclose.it\/#organization"},"alternateName":"La librairie fran\u00e7aise de Milan","potentialAction":[{"@type":"SearchAction","target":{"@type":"EntryPoint","urlTemplate":"http:\/\/lechappeeclose.it\/?s={search_term_string}"},"query-input":{"@type":"PropertyValueSpecification","valueRequired":true,"valueName":"search_term_string"}}],"inLanguage":"it-IT"},{"@type":"Organization","@id":"http:\/\/lechappeeclose.it\/#organization","name":"l&#039;\u00e9chapp\u00e9e close","url":"http:\/\/lechappeeclose.it\/","logo":{"@type":"ImageObject","inLanguage":"it-IT","@id":"http:\/\/lechappeeclose.it\/#\/schema\/logo\/image\/","url":"http:\/\/lechappeeclose.it\/wp-content\/uploads\/2025\/02\/cropped-logo-rond.png","contentUrl":"http:\/\/lechappeeclose.it\/wp-content\/uploads\/2025\/02\/cropped-logo-rond.png","width":1080,"height":1080,"caption":"l&#039;\u00e9chapp\u00e9e close"},"image":{"@id":"http:\/\/lechappeeclose.it\/#\/schema\/logo\/image\/"},"sameAs":["https:\/\/www.instagram.com\/lechappeeclose\/"]}]}},"_links":{"self":[{"href":"http:\/\/lechappeeclose.it\/it\/wp-json\/wp\/v2\/pages\/10887","targetHints":{"allow":["GET"]}}],"collection":[{"href":"http:\/\/lechappeeclose.it\/it\/wp-json\/wp\/v2\/pages"}],"about":[{"href":"http:\/\/lechappeeclose.it\/it\/wp-json\/wp\/v2\/types\/page"}],"author":[{"embeddable":true,"href":"http:\/\/lechappeeclose.it\/it\/wp-json\/wp\/v2\/users\/2"}],"replies":[{"embeddable":true,"href":"http:\/\/lechappeeclose.it\/it\/wp-json\/wp\/v2\/comments?post=10887"}],"version-history":[{"count":0,"href":"http:\/\/lechappeeclose.it\/it\/wp-json\/wp\/v2\/pages\/10887\/revisions"}],"wp:attachment":[{"href":"http:\/\/lechappeeclose.it\/it\/wp-json\/wp\/v2\/media?parent=10887"}],"curies":[{"name":"wp","href":"https:\/\/api.w.org\/{rel}","templated":true}]}}